{"id":9708,"date":"2022-03-09T17:27:04","date_gmt":"2022-03-09T17:27:04","guid":{"rendered":"https:\/\/www.collegesinstitutes.ca\/?page_id=9708"},"modified":"2022-10-13T06:56:22","modified_gmt":"2022-10-13T06:56:22","slug":"la-federation-mondiale-des-colleges-et-ecoles-polytechniques","status":"publish","type":"page","link":"https:\/\/www.collegesinstitutes.ca\/fr\/la-federation-mondiale-des-colleges-et-ecoles-polytechniques\/","title":{"rendered":"La F\u00e9d\u00e9ration mondiale des coll\u00e8ges et \u00e9coles polytechniques"},"content":{"rendered":"<p class=\"lead\">CICan est l\u2019un des membres fondateurs de la <em>World Federation of Colleges and Polytechnics<\/em> (WFCP \u2013 F\u00e9d\u00e9ration mondiale des coll\u00e8ges et instituts polytechniques) et Denise Amyot, pr\u00e9sidente-directrice g\u00e9n\u00e9rale de CICan, en a assum\u00e9 la pr\u00e9sidence pour deux mandats cons\u00e9cutifs.<\/p>\n<p>La F\u00e9d\u00e9ration, dont les membres sont r\u00e9partis sur toute la plan\u00e8te, a pour r\u00f4le d\u2019influer sur le d\u00e9veloppement strat\u00e9gique dans tous les domaines d\u2019\u00e9ducation appliqu\u00e9e et de promouvoir ce d\u00e9veloppement. Elle repr\u00e9sente un solide r\u00e9seau d\u2019associations, d\u2019\u00e9tablissements d\u2019enseignement et d\u2019individus qui font conna\u00eetre les meilleures pratiques en cours dans le domaine et soutiennent les initiatives de d\u00e9veloppement en partenariat.<\/p>\n<h2 class=\"border-0\">Renforcement de l\u2019\u00e9ducation internationale<\/h2>\n<p>La F\u00e9d\u00e9ration s\u2019applique \u00e0 renforcer l\u2019\u00e9ducation \u00e0 l\u2019\u00e9chelle internationale en \u00e9tablissant de solides partenariats entre ses membres, en plus de maximiser les occasions d\u2019apprentissage communes. En 2014-2015, elle a lanc\u00e9 sept groupes d\u2019affinit\u00e9s donnant \u00e0 ses membres un forum pour leur permettre de r\u00e9seauter avec leurs homologues du monde entier, faire conna\u00eetre leurs pratiques exemplaires et adopter des m\u00e9thodes pour accro\u00eetre l\u2019employabilit\u00e9 de la main-d\u2019\u0153uvre d\u00e9tenant des dipl\u00f4mes d\u2019\u00e9ducation et de formation techniques et professionnelles. Ses membres se rencontrent deux fois par an \u00e0 l\u2019occasion de conf\u00e9rences qui permettent de garantir les possibilit\u00e9s de rencontres et d\u2019apprentissage en personne.<\/p>\n","protected":false},"excerpt":{"rendered":"<p>CICan est l\u2019un des membres fondateurs de la World Federation of Colleges and Polytechnics (WFCP \u2013 F\u00e9d\u00e9ration mondiale des coll\u00e8ges et instituts polytechniques) et Denise Amyot, pr\u00e9sidente-directrice g\u00e9n\u00e9rale de CICan,&#8230;<\/p>\n","protected":false},"author":2,"featured_media":9808,"parent":0,"menu_order":0,"comment_status":"closed","ping_status":"closed","template":"page-nosubmenu.php","meta":{"_acf_changed":false,"footnotes":""},"categories":[],"tags":[],"class_list":["post-9708","page","type-page","status-publish","has-post-thumbnail","hentry"],"acf":[],"yoast_head":"<!-- This site is optimized with the Yoast SEO plugin v27.4 - https:\/\/yoast.com\/product\/yoast-seo-wordpress\/ -->\n<title>La F\u00e9d\u00e9ration mondiale des coll\u00e8ges et \u00e9coles polytechniques - Colleges and Institutes Canada<\/title>\n<meta name=\"robots\" content=\"index, follow, max-snippet:-1, max-image-preview:large, max-video-preview:-1\" \/>\n<link rel=\"canonical\" href=\"https:\/\/www.collegesinstitutes.ca\/fr\/la-federation-mondiale-des-colleges-et-ecoles-polytechniques\/\" \/>\n<meta property=\"og:locale\" content=\"fr_FR\" \/>\n<meta property=\"og:type\" content=\"article\" \/>\n<meta property=\"og:title\" content=\"La F\u00e9d\u00e9ration mondiale des coll\u00e8ges et \u00e9coles polytechniques - Colleges and Institutes Canada\" \/>\n<meta property=\"og:description\" content=\"CICan est l\u2019un des membres fondateurs de la World Federation of Colleges and Polytechnics (WFCP \u2013 F\u00e9d\u00e9ration mondiale des coll\u00e8ges et instituts polytechniques) et Denise Amyot, pr\u00e9sidente-directrice g\u00e9n\u00e9rale de CICan,...\" \/>\n<meta property=\"og:url\" content=\"https:\/\/www.collegesinstitutes.ca\/fr\/la-federation-mondiale-des-colleges-et-ecoles-polytechniques\/\" \/>\n<meta property=\"og:site_name\" content=\"Colleges and Institutes Canada\" \/>\n<meta property=\"article:modified_time\" content=\"2022-10-13T06:56:22+00:00\" \/>\n<meta property=\"og:image\" content=\"https:\/\/www.collegesinstitutes.ca\/wp-content\/uploads\/2022\/10\/header-img-wfcp.jpg\" \/>\n\t<meta property=\"og:image:width\" content=\"1200\" \/>\n\t<meta property=\"og:image:height\" content=\"628\" \/>\n\t<meta property=\"og:image:type\" content=\"image\/jpeg\" \/>\n<meta name=\"twitter:card\" content=\"summary_large_image\" \/>\n<meta name=\"twitter:label1\" content=\"Est. reading time\" \/>\n\t<meta name=\"twitter:data1\" content=\"1 minute\" \/>\n<script type=\"application\/ld+json\" class=\"yoast-schema-graph\">{\"@context\":\"https:\\\/\\\/schema.org\",\"@graph\":[{\"@type\":\"WebPage\",\"@id\":\"https:\\\/\\\/www.collegesinstitutes.ca\\\/fr\\\/la-federation-mondiale-des-colleges-et-ecoles-polytechniques\\\/\",\"url\":\"https:\\\/\\\/www.collegesinstitutes.ca\\\/fr\\\/la-federation-mondiale-des-colleges-et-ecoles-polytechniques\\\/\",\"name\":\"La F\u00e9d\u00e9ration mondiale des coll\u00e8ges et \u00e9coles polytechniques - Colleges and Institutes Canada\",\"isPartOf\":{\"@id\":\"https:\\\/\\\/www.collegesinstitutes.ca\\\/fr\\\/#website\"},\"primaryImageOfPage\":{\"@id\":\"https:\\\/\\\/www.collegesinstitutes.ca\\\/fr\\\/la-federation-mondiale-des-colleges-et-ecoles-polytechniques\\\/#primaryimage\"},\"image\":{\"@id\":\"https:\\\/\\\/www.collegesinstitutes.ca\\\/fr\\\/la-federation-mondiale-des-colleges-et-ecoles-polytechniques\\\/#primaryimage\"},\"thumbnailUrl\":\"https:\\\/\\\/www.collegesinstitutes.ca\\\/wp-content\\\/uploads\\\/2022\\\/10\\\/header-img-wfcp.jpg\",\"datePublished\":\"2022-03-09T17:27:04+00:00\",\"dateModified\":\"2022-10-13T06:56:22+00:00\",\"breadcrumb\":{\"@id\":\"https:\\\/\\\/www.collegesinstitutes.ca\\\/fr\\\/la-federation-mondiale-des-colleges-et-ecoles-polytechniques\\\/#breadcrumb\"},\"inLanguage\":\"fr-FR\",\"potentialAction\":[{\"@type\":\"ReadAction\",\"target\":[\"https:\\\/\\\/www.collegesinstitutes.ca\\\/fr\\\/la-federation-mondiale-des-colleges-et-ecoles-polytechniques\\\/\"]}]},{\"@type\":\"ImageObject\",\"inLanguage\":\"fr-FR\",\"@id\":\"https:\\\/\\\/www.collegesinstitutes.ca\\\/fr\\\/la-federation-mondiale-des-colleges-et-ecoles-polytechniques\\\/#primaryimage\",\"url\":\"https:\\\/\\\/www.collegesinstitutes.ca\\\/wp-content\\\/uploads\\\/2022\\\/10\\\/header-img-wfcp.jpg\",\"contentUrl\":\"https:\\\/\\\/www.collegesinstitutes.ca\\\/wp-content\\\/uploads\\\/2022\\\/10\\\/header-img-wfcp.jpg\",\"width\":1200,\"height\":628},{\"@type\":\"BreadcrumbList\",\"@id\":\"https:\\\/\\\/www.collegesinstitutes.ca\\\/fr\\\/la-federation-mondiale-des-colleges-et-ecoles-polytechniques\\\/#breadcrumb\",\"itemListElement\":[{\"@type\":\"ListItem\",\"position\":1,\"name\":\"Home\",\"item\":\"https:\\\/\\\/www.collegesinstitutes.ca\\\/fr\\\/\"},{\"@type\":\"ListItem\",\"position\":2,\"name\":\"La F\u00e9d\u00e9ration mondiale des coll\u00e8ges et \u00e9coles polytechniques\"}]},{\"@type\":\"WebSite\",\"@id\":\"https:\\\/\\\/www.collegesinstitutes.ca\\\/fr\\\/#website\",\"url\":\"https:\\\/\\\/www.collegesinstitutes.ca\\\/fr\\\/\",\"name\":\"Colleges and Institutes Canada\",\"description\":\"The Voice of Canada&#039;s Colleges &amp; Institutes\",\"publisher\":{\"@id\":\"https:\\\/\\\/www.collegesinstitutes.ca\\\/fr\\\/#organization\"},\"potentialAction\":[{\"@type\":\"SearchAction\",\"target\":{\"@type\":\"EntryPoint\",\"urlTemplate\":\"https:\\\/\\\/www.collegesinstitutes.ca\\\/fr\\\/?s={search_term_string}\"},\"query-input\":{\"@type\":\"PropertyValueSpecification\",\"valueRequired\":true,\"valueName\":\"search_term_string\"}}],\"inLanguage\":\"fr-FR\"},{\"@type\":\"Organization\",\"@id\":\"https:\\\/\\\/www.collegesinstitutes.ca\\\/fr\\\/#organization\",\"name\":\"Colleges and Institutes Canada\",\"url\":\"https:\\\/\\\/www.collegesinstitutes.ca\\\/fr\\\/\",\"logo\":{\"@type\":\"ImageObject\",\"inLanguage\":\"fr-FR\",\"@id\":\"https:\\\/\\\/www.collegesinstitutes.ca\\\/fr\\\/#\\\/schema\\\/logo\\\/image\\\/\",\"url\":\"https:\\\/\\\/www.collegesinstitutes.ca\\\/wp-content\\\/uploads\\\/2025\\\/06\\\/logo-en.png\",\"contentUrl\":\"https:\\\/\\\/www.collegesinstitutes.ca\\\/wp-content\\\/uploads\\\/2025\\\/06\\\/logo-en.png\",\"width\":794,\"height\":280,\"caption\":\"Colleges and Institutes Canada\"},\"image\":{\"@id\":\"https:\\\/\\\/www.collegesinstitutes.ca\\\/fr\\\/#\\\/schema\\\/logo\\\/image\\\/\"}}]}<\/script>\n<!-- \/ Yoast SEO plugin. -->","yoast_head_json":{"title":"La F\u00e9d\u00e9ration mondiale des coll\u00e8ges et \u00e9coles polytechniques - Colleges and Institutes Canada","robots":{"index":"index","follow":"follow","max-snippet":"max-snippet:-1","max-image-preview":"max-image-preview:large","max-video-preview":"max-video-preview:-1"},"canonical":"https:\/\/www.collegesinstitutes.ca\/fr\/la-federation-mondiale-des-colleges-et-ecoles-polytechniques\/","og_locale":"fr_FR","og_type":"article","og_title":"La F\u00e9d\u00e9ration mondiale des coll\u00e8ges et \u00e9coles polytechniques - Colleges and Institutes Canada","og_description":"CICan est l\u2019un des membres fondateurs de la World Federation of Colleges and Polytechnics (WFCP \u2013 F\u00e9d\u00e9ration mondiale des coll\u00e8ges et instituts polytechniques) et Denise Amyot, pr\u00e9sidente-directrice g\u00e9n\u00e9rale de CICan,...","og_url":"https:\/\/www.collegesinstitutes.ca\/fr\/la-federation-mondiale-des-colleges-et-ecoles-polytechniques\/","og_site_name":"Colleges and Institutes Canada","article_modified_time":"2022-10-13T06:56:22+00:00","og_image":[{"width":1200,"height":628,"url":"https:\/\/www.collegesinstitutes.ca\/wp-content\/uploads\/2022\/10\/header-img-wfcp.jpg","type":"image\/jpeg"}],"twitter_card":"summary_large_image","twitter_misc":{"Est. reading time":"1 minute"},"schema":{"@context":"https:\/\/schema.org","@graph":[{"@type":"WebPage","@id":"https:\/\/www.collegesinstitutes.ca\/fr\/la-federation-mondiale-des-colleges-et-ecoles-polytechniques\/","url":"https:\/\/www.collegesinstitutes.ca\/fr\/la-federation-mondiale-des-colleges-et-ecoles-polytechniques\/","name":"La F\u00e9d\u00e9ration mondiale des coll\u00e8ges et \u00e9coles polytechniques - Colleges and Institutes Canada","isPartOf":{"@id":"https:\/\/www.collegesinstitutes.ca\/fr\/#website"},"primaryImageOfPage":{"@id":"https:\/\/www.collegesinstitutes.ca\/fr\/la-federation-mondiale-des-colleges-et-ecoles-polytechniques\/#primaryimage"},"image":{"@id":"https:\/\/www.collegesinstitutes.ca\/fr\/la-federation-mondiale-des-colleges-et-ecoles-polytechniques\/#primaryimage"},"thumbnailUrl":"https:\/\/www.collegesinstitutes.ca\/wp-content\/uploads\/2022\/10\/header-img-wfcp.jpg","datePublished":"2022-03-09T17:27:04+00:00","dateModified":"2022-10-13T06:56:22+00:00","breadcrumb":{"@id":"https:\/\/www.collegesinstitutes.ca\/fr\/la-federation-mondiale-des-colleges-et-ecoles-polytechniques\/#breadcrumb"},"inLanguage":"fr-FR","potentialAction":[{"@type":"ReadAction","target":["https:\/\/www.collegesinstitutes.ca\/fr\/la-federation-mondiale-des-colleges-et-ecoles-polytechniques\/"]}]},{"@type":"ImageObject","inLanguage":"fr-FR","@id":"https:\/\/www.collegesinstitutes.ca\/fr\/la-federation-mondiale-des-colleges-et-ecoles-polytechniques\/#primaryimage","url":"https:\/\/www.collegesinstitutes.ca\/wp-content\/uploads\/2022\/10\/header-img-wfcp.jpg","contentUrl":"https:\/\/www.collegesinstitutes.ca\/wp-content\/uploads\/2022\/10\/header-img-wfcp.jpg","width":1200,"height":628},{"@type":"BreadcrumbList","@id":"https:\/\/www.collegesinstitutes.ca\/fr\/la-federation-mondiale-des-colleges-et-ecoles-polytechniques\/#breadcrumb","itemListElement":[{"@type":"ListItem","position":1,"name":"Home","item":"https:\/\/www.collegesinstitutes.ca\/fr\/"},{"@type":"ListItem","position":2,"name":"La F\u00e9d\u00e9ration mondiale des coll\u00e8ges et \u00e9coles polytechniques"}]},{"@type":"WebSite","@id":"https:\/\/www.collegesinstitutes.ca\/fr\/#website","url":"https:\/\/www.collegesinstitutes.ca\/fr\/","name":"Colleges and Institutes Canada","description":"The Voice of Canada&#039;s Colleges &amp; Institutes","publisher":{"@id":"https:\/\/www.collegesinstitutes.ca\/fr\/#organization"},"potentialAction":[{"@type":"SearchAction","target":{"@type":"EntryPoint","urlTemplate":"https:\/\/www.collegesinstitutes.ca\/fr\/?s={search_term_string}"},"query-input":{"@type":"PropertyValueSpecification","valueRequired":true,"valueName":"search_term_string"}}],"inLanguage":"fr-FR"},{"@type":"Organization","@id":"https:\/\/www.collegesinstitutes.ca\/fr\/#organization","name":"Colleges and Institutes Canada","url":"https:\/\/www.collegesinstitutes.ca\/fr\/","logo":{"@type":"ImageObject","inLanguage":"fr-FR","@id":"https:\/\/www.collegesinstitutes.ca\/fr\/#\/schema\/logo\/image\/","url":"https:\/\/www.collegesinstitutes.ca\/wp-content\/uploads\/2025\/06\/logo-en.png","contentUrl":"https:\/\/www.collegesinstitutes.ca\/wp-content\/uploads\/2025\/06\/logo-en.png","width":794,"height":280,"caption":"Colleges and Institutes Canada"},"image":{"@id":"https:\/\/www.collegesinstitutes.ca\/fr\/#\/schema\/logo\/image\/"}}]}},"_links":{"self":[{"href":"https:\/\/www.collegesinstitutes.ca\/fr\/wp-json\/wp\/v2\/pages\/9708","targetHints":{"allow":["GET"]}}],"collection":[{"href":"https:\/\/www.collegesinstitutes.ca\/fr\/wp-json\/wp\/v2\/pages"}],"about":[{"href":"https:\/\/www.collegesinstitutes.ca\/fr\/wp-json\/wp\/v2\/types\/page"}],"author":[{"embeddable":true,"href":"https:\/\/www.collegesinstitutes.ca\/fr\/wp-json\/wp\/v2\/users\/2"}],"replies":[{"embeddable":true,"href":"https:\/\/www.collegesinstitutes.ca\/fr\/wp-json\/wp\/v2\/comments?post=9708"}],"version-history":[{"count":0,"href":"https:\/\/www.collegesinstitutes.ca\/fr\/wp-json\/wp\/v2\/pages\/9708\/revisions"}],"wp:featuredmedia":[{"embeddable":true,"href":"https:\/\/www.collegesinstitutes.ca\/fr\/wp-json\/wp\/v2\/media\/9808"}],"wp:attachment":[{"href":"https:\/\/www.collegesinstitutes.ca\/fr\/wp-json\/wp\/v2\/media?parent=9708"}],"wp:term":[{"taxonomy":"category","embeddable":true,"href":"https:\/\/www.collegesinstitutes.ca\/fr\/wp-json\/wp\/v2\/categories?post=9708"},{"taxonomy":"post_tag","embeddable":true,"href":"https:\/\/www.collegesinstitutes.ca\/fr\/wp-json\/wp\/v2\/tags?post=9708"}],"curies":[{"name":"wp","href":"https:\/\/api.w.org\/{rel}","templated":true}]}}