{"id":9706,"date":"2022-03-09T17:26:09","date_gmt":"2022-03-09T17:26:09","guid":{"rendered":"https:\/\/www.collegesinstitutes.ca\/?page_id=9706"},"modified":"2022-10-13T06:54:37","modified_gmt":"2022-10-13T06:54:37","slug":"unesco-unevoc","status":"publish","type":"page","link":"https:\/\/www.collegesinstitutes.ca\/fr\/unesco-unevoc\/","title":{"rendered":"UNESCO-UNEVOC"},"content":{"rendered":"<p class=\"lead\">Les centres UNEVOC sont des composantes cl\u00e9s du travail men\u00e9 par l\u2019UNESCO \u00e0 l\u2019\u00e9chelle mondiale en mati\u00e8re d\u2019enseignement technique et de formation professionnelle (<a href=\"http:\/\/www.unevoc.unesco.org\/go.php?q=Qu+est+ce+que+lEFTP\">ETFP<\/a>), favorisant la diffusion des connaissances et la promotion de l\u2019apprentissage pour le monde du travail. Ils aident les \u00c9tats membres de l\u2019UNESCO \u00e0 renforcer et \u00e0 am\u00e9liorer leurs syst\u00e8mes d\u2019EFTP.<\/p>\n<h2 class=\"border-0\">Le R\u00e9seau UNESCO-UNEVOC a trois objectifs pr\u00e9cis\u00a0:<\/h2>\n<ul>\n<li>encourager et promouvoir le d\u00e9veloppement des syst\u00e8mes et politiques d\u2019EFTP en adaptant le savoir-faire acquis \u00e0 l\u2019\u00e9chelle internationale, r\u00e9gionale et nationale aux r\u00e9alit\u00e9s locales, de m\u00eame que les meilleures pratiques en cours et les innovations dans le domaine;<\/li>\n<li>d\u00e9velopper les capacit\u00e9s des centres UNEVOC et des praticiens du secteur de l\u2019EFTP;<\/li>\n<li>g\u00e9n\u00e9rer de l\u2019information, des connaissances, du savoir-faire et des comp\u00e9tences, les diffuser et les mettre \u00e0 profit.<\/li>\n<\/ul>\n<h3>CICan est le centre des savoirs UNEVOC pancanadien et l\u2019organisme qui dirige les divers centres UNEVOC d\u2019Am\u00e9rique du Nord.\u00a0En tant que centre UNEVOC pancanadien, CICan a pour responsabilit\u00e9 :<\/h3>\n<ul>\n<li>d\u2019offrir une nouvelle plate-forme \u00e0 ses membres pour faire conna\u00eetre \u00e0 un public international leurs connaissances et comp\u00e9tences sp\u00e9cialis\u00e9es en mati\u00e8re d\u2019EFTP, diffuser les \u00e9tudes entreprises dans le secteur et les derni\u00e8res nouvelles \u00e0 ce sujet;<\/li>\n<li>de travailler avec les autres groupes et r\u00e9seaux UNEVOC et UNESCO aux activit\u00e9s lanc\u00e9es \u00e0 l\u2019\u00e9chelle nord-am\u00e9ricaine;<\/li>\n<li>d\u2019identifier des sp\u00e9cialistes canadiens et proposer leur participation \u00e0 des rencontres internationales et des initiatives organis\u00e9es par l\u2019UNESCO au sujet de l\u2019EFTP.<\/li>\n<\/ul>\n","protected":false},"excerpt":{"rendered":"<p>Les centres UNEVOC sont des composantes cl\u00e9s du travail men\u00e9 par l\u2019UNESCO \u00e0 l\u2019\u00e9chelle mondiale en mati\u00e8re d\u2019enseignement technique et de formation professionnelle (ETFP), favorisant la diffusion des connaissances et&#8230;<\/p>\n","protected":false},"author":2,"featured_media":9810,"parent":0,"menu_order":0,"comment_status":"closed","ping_status":"closed","template":"page-nosubmenu.php","meta":{"_acf_changed":false,"footnotes":""},"categories":[],"tags":[],"class_list":["post-9706","page","type-page","status-publish","has-post-thumbnail","hentry"],"acf":[],"yoast_head":"<!-- This site is optimized with the Yoast SEO plugin v27.3 - https:\/\/yoast.com\/product\/yoast-seo-wordpress\/ -->\n<title>UNESCO-UNEVOC - Colleges and Institutes Canada<\/title>\n<meta name=\"robots\" content=\"index, follow, max-snippet:-1, max-image-preview:large, max-video-preview:-1\" \/>\n<link rel=\"canonical\" href=\"https:\/\/www.collegesinstitutes.ca\/fr\/unesco-unevoc\/\" \/>\n<meta property=\"og:locale\" content=\"fr_FR\" \/>\n<meta property=\"og:type\" content=\"article\" \/>\n<meta property=\"og:title\" content=\"UNESCO-UNEVOC - Colleges and Institutes Canada\" \/>\n<meta property=\"og:description\" content=\"Les centres UNEVOC sont des composantes cl\u00e9s du travail men\u00e9 par l\u2019UNESCO \u00e0 l\u2019\u00e9chelle mondiale en mati\u00e8re d\u2019enseignement technique et de formation professionnelle (ETFP), favorisant la diffusion des connaissances et...\" \/>\n<meta property=\"og:url\" content=\"https:\/\/www.collegesinstitutes.ca\/fr\/unesco-unevoc\/\" \/>\n<meta property=\"og:site_name\" content=\"Colleges and Institutes Canada\" \/>\n<meta property=\"article:modified_time\" content=\"2022-10-13T06:54:37+00:00\" \/>\n<meta property=\"og:image\" content=\"https:\/\/www.collegesinstitutes.ca\/wp-content\/uploads\/2022\/10\/header-img-unevoc.jpg\" \/>\n\t<meta property=\"og:image:width\" content=\"1200\" \/>\n\t<meta property=\"og:image:height\" content=\"628\" \/>\n\t<meta property=\"og:image:type\" content=\"image\/jpeg\" \/>\n<meta name=\"twitter:card\" content=\"summary_large_image\" \/>\n<meta name=\"twitter:label1\" content=\"Est. reading time\" \/>\n\t<meta name=\"twitter:data1\" content=\"1 minute\" \/>\n<script type=\"application\/ld+json\" class=\"yoast-schema-graph\">{\"@context\":\"https:\\\/\\\/schema.org\",\"@graph\":[{\"@type\":\"WebPage\",\"@id\":\"https:\\\/\\\/www.collegesinstitutes.ca\\\/fr\\\/unesco-unevoc\\\/\",\"url\":\"https:\\\/\\\/www.collegesinstitutes.ca\\\/fr\\\/unesco-unevoc\\\/\",\"name\":\"UNESCO-UNEVOC - Colleges and Institutes Canada\",\"isPartOf\":{\"@id\":\"https:\\\/\\\/www.collegesinstitutes.ca\\\/fr\\\/#website\"},\"primaryImageOfPage\":{\"@id\":\"https:\\\/\\\/www.collegesinstitutes.ca\\\/fr\\\/unesco-unevoc\\\/#primaryimage\"},\"image\":{\"@id\":\"https:\\\/\\\/www.collegesinstitutes.ca\\\/fr\\\/unesco-unevoc\\\/#primaryimage\"},\"thumbnailUrl\":\"https:\\\/\\\/www.collegesinstitutes.ca\\\/wp-content\\\/uploads\\\/2022\\\/10\\\/header-img-unevoc.jpg\",\"datePublished\":\"2022-03-09T17:26:09+00:00\",\"dateModified\":\"2022-10-13T06:54:37+00:00\",\"breadcrumb\":{\"@id\":\"https:\\\/\\\/www.collegesinstitutes.ca\\\/fr\\\/unesco-unevoc\\\/#breadcrumb\"},\"inLanguage\":\"fr-FR\",\"potentialAction\":[{\"@type\":\"ReadAction\",\"target\":[\"https:\\\/\\\/www.collegesinstitutes.ca\\\/fr\\\/unesco-unevoc\\\/\"]}]},{\"@type\":\"ImageObject\",\"inLanguage\":\"fr-FR\",\"@id\":\"https:\\\/\\\/www.collegesinstitutes.ca\\\/fr\\\/unesco-unevoc\\\/#primaryimage\",\"url\":\"https:\\\/\\\/www.collegesinstitutes.ca\\\/wp-content\\\/uploads\\\/2022\\\/10\\\/header-img-unevoc.jpg\",\"contentUrl\":\"https:\\\/\\\/www.collegesinstitutes.ca\\\/wp-content\\\/uploads\\\/2022\\\/10\\\/header-img-unevoc.jpg\",\"width\":1200,\"height\":628},{\"@type\":\"BreadcrumbList\",\"@id\":\"https:\\\/\\\/www.collegesinstitutes.ca\\\/fr\\\/unesco-unevoc\\\/#breadcrumb\",\"itemListElement\":[{\"@type\":\"ListItem\",\"position\":1,\"name\":\"Home\",\"item\":\"https:\\\/\\\/www.collegesinstitutes.ca\\\/fr\\\/\"},{\"@type\":\"ListItem\",\"position\":2,\"name\":\"UNESCO-UNEVOC\"}]},{\"@type\":\"WebSite\",\"@id\":\"https:\\\/\\\/www.collegesinstitutes.ca\\\/fr\\\/#website\",\"url\":\"https:\\\/\\\/www.collegesinstitutes.ca\\\/fr\\\/\",\"name\":\"Colleges and Institutes Canada\",\"description\":\"The Voice of Canada&#039;s Colleges &amp; Institutes\",\"publisher\":{\"@id\":\"https:\\\/\\\/www.collegesinstitutes.ca\\\/fr\\\/#organization\"},\"potentialAction\":[{\"@type\":\"SearchAction\",\"target\":{\"@type\":\"EntryPoint\",\"urlTemplate\":\"https:\\\/\\\/www.collegesinstitutes.ca\\\/fr\\\/?s={search_term_string}\"},\"query-input\":{\"@type\":\"PropertyValueSpecification\",\"valueRequired\":true,\"valueName\":\"search_term_string\"}}],\"inLanguage\":\"fr-FR\"},{\"@type\":\"Organization\",\"@id\":\"https:\\\/\\\/www.collegesinstitutes.ca\\\/fr\\\/#organization\",\"name\":\"Colleges and Institutes Canada\",\"url\":\"https:\\\/\\\/www.collegesinstitutes.ca\\\/fr\\\/\",\"logo\":{\"@type\":\"ImageObject\",\"inLanguage\":\"fr-FR\",\"@id\":\"https:\\\/\\\/www.collegesinstitutes.ca\\\/fr\\\/#\\\/schema\\\/logo\\\/image\\\/\",\"url\":\"https:\\\/\\\/www.collegesinstitutes.ca\\\/wp-content\\\/uploads\\\/2025\\\/06\\\/logo-en.png\",\"contentUrl\":\"https:\\\/\\\/www.collegesinstitutes.ca\\\/wp-content\\\/uploads\\\/2025\\\/06\\\/logo-en.png\",\"width\":794,\"height\":280,\"caption\":\"Colleges and Institutes Canada\"},\"image\":{\"@id\":\"https:\\\/\\\/www.collegesinstitutes.ca\\\/fr\\\/#\\\/schema\\\/logo\\\/image\\\/\"}}]}<\/script>\n<!-- \/ Yoast SEO plugin. -->","yoast_head_json":{"title":"UNESCO-UNEVOC - Colleges and Institutes Canada","robots":{"index":"index","follow":"follow","max-snippet":"max-snippet:-1","max-image-preview":"max-image-preview:large","max-video-preview":"max-video-preview:-1"},"canonical":"https:\/\/www.collegesinstitutes.ca\/fr\/unesco-unevoc\/","og_locale":"fr_FR","og_type":"article","og_title":"UNESCO-UNEVOC - Colleges and Institutes Canada","og_description":"Les centres UNEVOC sont des composantes cl\u00e9s du travail men\u00e9 par l\u2019UNESCO \u00e0 l\u2019\u00e9chelle mondiale en mati\u00e8re d\u2019enseignement technique et de formation professionnelle (ETFP), favorisant la diffusion des connaissances et...","og_url":"https:\/\/www.collegesinstitutes.ca\/fr\/unesco-unevoc\/","og_site_name":"Colleges and Institutes Canada","article_modified_time":"2022-10-13T06:54:37+00:00","og_image":[{"width":1200,"height":628,"url":"https:\/\/www.collegesinstitutes.ca\/wp-content\/uploads\/2022\/10\/header-img-unevoc.jpg","type":"image\/jpeg"}],"twitter_card":"summary_large_image","twitter_misc":{"Est. reading time":"1 minute"},"schema":{"@context":"https:\/\/schema.org","@graph":[{"@type":"WebPage","@id":"https:\/\/www.collegesinstitutes.ca\/fr\/unesco-unevoc\/","url":"https:\/\/www.collegesinstitutes.ca\/fr\/unesco-unevoc\/","name":"UNESCO-UNEVOC - Colleges and Institutes Canada","isPartOf":{"@id":"https:\/\/www.collegesinstitutes.ca\/fr\/#website"},"primaryImageOfPage":{"@id":"https:\/\/www.collegesinstitutes.ca\/fr\/unesco-unevoc\/#primaryimage"},"image":{"@id":"https:\/\/www.collegesinstitutes.ca\/fr\/unesco-unevoc\/#primaryimage"},"thumbnailUrl":"https:\/\/www.collegesinstitutes.ca\/wp-content\/uploads\/2022\/10\/header-img-unevoc.jpg","datePublished":"2022-03-09T17:26:09+00:00","dateModified":"2022-10-13T06:54:37+00:00","breadcrumb":{"@id":"https:\/\/www.collegesinstitutes.ca\/fr\/unesco-unevoc\/#breadcrumb"},"inLanguage":"fr-FR","potentialAction":[{"@type":"ReadAction","target":["https:\/\/www.collegesinstitutes.ca\/fr\/unesco-unevoc\/"]}]},{"@type":"ImageObject","inLanguage":"fr-FR","@id":"https:\/\/www.collegesinstitutes.ca\/fr\/unesco-unevoc\/#primaryimage","url":"https:\/\/www.collegesinstitutes.ca\/wp-content\/uploads\/2022\/10\/header-img-unevoc.jpg","contentUrl":"https:\/\/www.collegesinstitutes.ca\/wp-content\/uploads\/2022\/10\/header-img-unevoc.jpg","width":1200,"height":628},{"@type":"BreadcrumbList","@id":"https:\/\/www.collegesinstitutes.ca\/fr\/unesco-unevoc\/#breadcrumb","itemListElement":[{"@type":"ListItem","position":1,"name":"Home","item":"https:\/\/www.collegesinstitutes.ca\/fr\/"},{"@type":"ListItem","position":2,"name":"UNESCO-UNEVOC"}]},{"@type":"WebSite","@id":"https:\/\/www.collegesinstitutes.ca\/fr\/#website","url":"https:\/\/www.collegesinstitutes.ca\/fr\/","name":"Colleges and Institutes Canada","description":"The Voice of Canada&#039;s Colleges &amp; Institutes","publisher":{"@id":"https:\/\/www.collegesinstitutes.ca\/fr\/#organization"},"potentialAction":[{"@type":"SearchAction","target":{"@type":"EntryPoint","urlTemplate":"https:\/\/www.collegesinstitutes.ca\/fr\/?s={search_term_string}"},"query-input":{"@type":"PropertyValueSpecification","valueRequired":true,"valueName":"search_term_string"}}],"inLanguage":"fr-FR"},{"@type":"Organization","@id":"https:\/\/www.collegesinstitutes.ca\/fr\/#organization","name":"Colleges and Institutes Canada","url":"https:\/\/www.collegesinstitutes.ca\/fr\/","logo":{"@type":"ImageObject","inLanguage":"fr-FR","@id":"https:\/\/www.collegesinstitutes.ca\/fr\/#\/schema\/logo\/image\/","url":"https:\/\/www.collegesinstitutes.ca\/wp-content\/uploads\/2025\/06\/logo-en.png","contentUrl":"https:\/\/www.collegesinstitutes.ca\/wp-content\/uploads\/2025\/06\/logo-en.png","width":794,"height":280,"caption":"Colleges and Institutes Canada"},"image":{"@id":"https:\/\/www.collegesinstitutes.ca\/fr\/#\/schema\/logo\/image\/"}}]}},"_links":{"self":[{"href":"https:\/\/www.collegesinstitutes.ca\/fr\/wp-json\/wp\/v2\/pages\/9706","targetHints":{"allow":["GET"]}}],"collection":[{"href":"https:\/\/www.collegesinstitutes.ca\/fr\/wp-json\/wp\/v2\/pages"}],"about":[{"href":"https:\/\/www.collegesinstitutes.ca\/fr\/wp-json\/wp\/v2\/types\/page"}],"author":[{"embeddable":true,"href":"https:\/\/www.collegesinstitutes.ca\/fr\/wp-json\/wp\/v2\/users\/2"}],"replies":[{"embeddable":true,"href":"https:\/\/www.collegesinstitutes.ca\/fr\/wp-json\/wp\/v2\/comments?post=9706"}],"version-history":[{"count":0,"href":"https:\/\/www.collegesinstitutes.ca\/fr\/wp-json\/wp\/v2\/pages\/9706\/revisions"}],"wp:featuredmedia":[{"embeddable":true,"href":"https:\/\/www.collegesinstitutes.ca\/fr\/wp-json\/wp\/v2\/media\/9810"}],"wp:attachment":[{"href":"https:\/\/www.collegesinstitutes.ca\/fr\/wp-json\/wp\/v2\/media?parent=9706"}],"wp:term":[{"taxonomy":"category","embeddable":true,"href":"https:\/\/www.collegesinstitutes.ca\/fr\/wp-json\/wp\/v2\/categories?post=9706"},{"taxonomy":"post_tag","embeddable":true,"href":"https:\/\/www.collegesinstitutes.ca\/fr\/wp-json\/wp\/v2\/tags?post=9706"}],"curies":[{"name":"wp","href":"https:\/\/api.w.org\/{rel}","templated":true}]}}