{"id":36981,"date":"2026-04-14T08:58:23","date_gmt":"2026-04-14T08:58:23","guid":{"rendered":"https:\/\/www.collegesinstitutes.ca\/?page_id=36981"},"modified":"2026-04-16T13:55:22","modified_gmt":"2026-04-16T13:55:22","slug":"uie","status":"publish","type":"page","link":"https:\/\/www.collegesinstitutes.ca\/fr\/microcertifications\/uie\/","title":{"rendered":"Acc\u00e9l\u00e9rez le cheminement professionnel dans des secteurs \u00e0 forte demande!"},"content":{"rendered":"<p class=\"lead\">Offrez les comp\u00e9tences recherch\u00e9es par les employeurs et favorisez l\u2019avancement de carri\u00e8re dans des secteurs en forte croissance.<\/p>\n<h2 class=\"border-0 mt-5 pt-3\">Points forts<\/h2>\n<ul>\n<li><strong>D\u00e9ployer une cohorte compl\u00e8te sur une p\u00e9riode de 16 semaines<\/strong><\/li>\n<li><strong>Apprentissage pratique et bas\u00e9 sur des projets<\/strong> \u2013 Offrez de l\u2019exp\u00e9rience pratique avec des applications en contexte r\u00e9el.<\/li>\n<li>Des documents p\u00e9dagogiques structur\u00e9s par modules, offerts en anglais et en fran\u00e7ais<\/li>\n<\/ul>\n<p>&nbsp;<\/p>\n<h2 class=\"border-0 border-top mt-5 pt-5\">Programmes disponibles<\/h2>\n<h4><a class=\"microcredential-link\" href=\"https:\/\/www.collegesinstitutes.ca\/fr\/microcertifications\/uie\/industrial-internet-of-things-iiot-microcredential\/\">Fabrication de pointe : Internet industriel des objets (IIdO)<\/a><\/h4>\n<ul>\n<li><strong>C\u2019est pour qui?<\/strong> Personnel de production (op\u00e9rateurs\/op\u00e9ratrices ou technicien\u00b7nes d\u2019assemblage ou de montage) en qu\u00eate d\u2019emplois sp\u00e9cialis\u00e9s en IIdO.<\/li>\n<li><strong>Contenu:<\/strong> Int\u00e9gration de syst\u00e8mes, programmation Python, repr\u00e9sentation de donn\u00e9es et gestion de projets.<\/li>\n<\/ul>\n<p><a class=\"btn btn-dark mt-5\" href=\"https:\/\/collegesinstitutes.sharepoint.com\/:u:\/r\/extcollab\/Shared%20Documents\/Upskilling%20for%20the%20Innovation%20Economy\/UIE%20Wbsite\/Fabrication%20de%20pointe%20-%20IIdO_FR.zip?csf=1&amp;web=1&amp;e=7dAHc1\" target=\"_blank\" rel=\"noopener\">T\u00e9l\u00e9chargez ici la trousse<\/a><\/p>\n<p>&nbsp;<\/p>\n<h4><a class=\"microcredential-link\" href=\"https:\/\/www.collegesinstitutes.ca\/fr\/microcertifications\/uie\/integrated-design-fabrication-and-data-analysis\/\">Fabrication de pointe : conception int\u00e9gr\u00e9e, fabrication et analyse des donn\u00e9es<\/a><\/h4>\n<ul>\n<li><strong>C\u2019est pour qui?<\/strong> Personnel de production (m\u00e9canicien\u00b7nes de chantier, machinistes, technologues\/technicien\u00b7nes, conceptrices ou concepteurs virtuels et analystes de donn\u00e9es) qui cherche \u00e0 am\u00e9liorer ses comp\u00e9tences num\u00e9riques.<\/li>\n<li><strong>Contenu:<\/strong> conception 2D\/3D, trajectoires d\u2019outils et analyse de donn\u00e9es pour optimiser les processus de fabrication.<\/li>\n<\/ul>\n<p><a class=\"btn btn-dark mt-5\" href=\"https:\/\/collegesinstitutes.sharepoint.com\/:u:\/r\/extcollab\/Shared%20Documents\/Upskilling%20for%20the%20Innovation%20Economy\/UIE%20Wbsite\/Fabrication%20de%20pointe%20-%20CIFAD_FR.zip?csf=1&amp;web=1&amp;e=w7eVz8\" target=\"_blank\" rel=\"noopener\">T\u00e9l\u00e9chargez ici la trousse<\/a><\/p>\n<p>&nbsp;<\/p>\n<h4><a class=\"microcredential-link\" href=\"https:\/\/www.collegesinstitutes.ca\/fr\/microcertifications\/uie\/solar-pv-installation\/\">Technologies propres : installation, branchement et entretien de syst\u00e8mes solaires photovolta\u00efques<\/a><\/h4>\n<ul>\n<li><strong>C\u2019est pour qui?<\/strong> \u00c9lectricien\u00b7nes, professionnel\u00b7les de m\u00e9tiers sp\u00e9cialis\u00e9s et autres personnes qui souhaitent se perfectionner en installation et entretien de syst\u00e8mes solaires photovolta\u00efques.<\/li>\n<li><strong>Contenu:<\/strong> installation, entretien et d\u00e9pannage de syst\u00e8mes photovolta\u00efques.<\/li>\n<\/ul>\n<p><a class=\"btn btn-dark mt-5\" href=\"https:\/\/collegesinstitutes.sharepoint.com\/:u:\/r\/extcollab\/Shared%20Documents\/Upskilling%20for%20the%20Innovation%20Economy\/UIE%20Wbsite\/Technologies%20propres_FR.zip?csf=1&amp;web=1&amp;e=gX5IkE\" target=\"_blank\" rel=\"noopener\">T\u00e9l\u00e9chargez ici la trousse<\/a><\/p>\n<p>&nbsp;<\/p>\n<h4><a class=\"microcredential-link\" href=\"https:\/\/www.collegesinstitutes.ca\/fr\/microcertifications\/uie\/greenhouse-practices-and-operational-fundamentals\/\">Technologies agricoles : pratiques et principes de fonctionnement des serres<\/a><\/h4>\n<ul>\n<li><strong>Auditoire cible :<\/strong> toute personne int\u00e9ress\u00e9e par la culture en serre, les syst\u00e8mes alimentaires durables et l\u2019agriculture ax\u00e9e sur la communaut\u00e9.<\/li>\n<li><strong>Contenu:<\/strong> multiplication des v\u00e9g\u00e9taux, lutte antiparasitaire et gestion des nutriments, conception de syst\u00e8mes d\u2019irrigation et prise de d\u00e9cisions commerciales ax\u00e9es sur l\u2019efficacit\u00e9 des op\u00e9rations.<\/li>\n<\/ul>\n<p><a class=\"btn btn-dark mt-5\" href=\"https:\/\/collegesinstitutes.sharepoint.com\/:u:\/r\/extcollab\/Shared%20Documents\/Upskilling%20for%20the%20Innovation%20Economy\/UIE%20Wbsite\/Technologies%20agricoles_FR.zip?csf=1&amp;web=1&amp;e=dnauC6\" target=\"_blank\" rel=\"noopener\">T\u00e9l\u00e9chargez ici la trousse<\/a><\/p>\n<p>&nbsp;<\/p>\n<h2 class=\"border-0 border-top pt-5\">Foire aux questions<\/h2>\n<div id=\"accordionExample\" class=\"accordion mt-5\">\n<div class=\"accordion-item\">\n<h2 class=\"accordion-header\"><button class=\"accordion-button collapsed\" type=\"button\" data-bs-toggle=\"collapse\" data-bs-target=\"#collapse03\" aria-expanded=\"false\" aria-controls=\"collapse03\">Qu\u2019est-ce qu\u2019une microcertification?<\/button><\/h2>\n<div id=\"collapse03\" class=\"accordion-collapse collapse\" data-bs-parent=\"#accordionExample\">\n<div class=\"accordion-body\">\n<p>Une microcertification est un programme de formation court et cibl\u00e9, con\u00e7u pour acqu\u00e9rir rapidement des comp\u00e9tences sp\u00e9cifiques tr\u00e8s recherch\u00e9es par les employeurs. C\u2019est un moyen rapide et abordable d\u2019am\u00e9liorer les qualifications des apprenantes et apprenants, d\u2019accro\u00eetre les perspectives de carri\u00e8re ou d\u2019acc\u00e9der \u00e0 de nouvelles fonctions. Contrairement aux programmes traditionnels, les microcertifications sont tr\u00e8s cibl\u00e9es, ce qui vous permet de vous concentrer sur des comp\u00e9tences pratiques imm\u00e9diatement applicables en milieu de travail.<\/p>\n<p>Les microcertifications sont particuli\u00e8rement utiles dans les secteurs qui \u00e9voluent rapidement, car elles vous aident \u00e0 rester comp\u00e9titifs et \u00e0 s\u2019adapter \u00e0 l\u2019\u00e9volution des besoins du march\u00e9 du travail. Elles sont aussi cumulables, c\u2019est-\u00e0-dire qu\u2019elles peuvent \u00eatre combin\u00e9es \u00e0 d\u2019autres certificats ou types d\u2019\u00e9ducation formelle pour constituer un plus vaste ensemble de comp\u00e9tences au fil du temps.<\/p>\n<\/div>\n<\/div>\n<\/div>\n<div class=\"accordion-item\">\n<h2 class=\"accordion-header\"><button class=\"accordion-button collapsed\" type=\"button\" data-bs-toggle=\"collapse\" data-bs-target=\"#collapse04\" aria-expanded=\"false\" aria-controls=\"collapse04\">Comment ces microcertifications ont-elles \u00e9t\u00e9 mises au point?<\/button><\/h2>\n<div id=\"collapse04\" class=\"accordion-collapse collapse\" data-bs-parent=\"#accordionExample\">\n<div class=\"accordion-body\">Ces microcertifications ont \u00e9t\u00e9 d\u00e9velopp\u00e9es dans le cadre du projet\u202f<span style=\"text-decoration: underline;\">Former pour l\u2019\u00e9conomie de l\u2019innovation<\/span>\u202fde Coll\u00e8ges et instituts Canada. En comblant des lacunes critiques en mati\u00e8re de comp\u00e9tences, elles visent \u00e0 renforcer les petites et moyennes entreprises et \u00e0 fournir des voies rapides vers l\u2019emploi, soutenant ainsi la croissance \u00e9conomique du Canada.<\/div>\n<\/div>\n<\/div>\n<\/div>\n<div class=\"boxit p-5 my-5\">\n<p><b>Vous avez des difficult\u00e9s \u00e0 t\u00e9l\u00e9charger ces fichiers ? \u00c9crivez-nous \u00e0 : <a href=\"mailto:info@collegesinstitutes.ca\">info@collegesinstitutes.ca<\/a><\/b><\/p>\n<\/div>\n","protected":false},"excerpt":{"rendered":"<p>Offrez de nouvelles microcertifications offrant des passerelles rapides vers l\u2019emploi dans les domaines des technologies propres, de la fabrication de pointe et des technologies agricoles.<\/p>\n","protected":false},"author":16,"featured_media":35571,"parent":35570,"menu_order":0,"comment_status":"closed","ping_status":"closed","template":"page-uie.php","meta":{"_acf_changed":false,"footnotes":""},"categories":[],"tags":[],"class_list":["post-36981","page","type-page","status-publish","has-post-thumbnail","hentry"],"acf":[],"yoast_head":"<!-- This site is optimized with the Yoast SEO plugin v27.4 - https:\/\/yoast.com\/product\/yoast-seo-wordpress\/ -->\n<title>Acc\u00e9l\u00e9rez le cheminement professionnel dans des secteurs \u00e0 forte demande! - Colleges and Institutes Canada<\/title>\n<meta name=\"description\" content=\"Suivez de nouvelles microcertifications offrant des passerelles rapides vers l\u2019emploi dans les domaines des technologies propres, de la fabrication de pointe et des technologies agricoles.\u201c\" \/>\n<meta name=\"robots\" content=\"index, follow, max-snippet:-1, max-image-preview:large, max-video-preview:-1\" \/>\n<link rel=\"canonical\" href=\"https:\/\/www.collegesinstitutes.ca\/fr\/microcertifications\/uie\/\" \/>\n<meta property=\"og:locale\" content=\"fr_FR\" \/>\n<meta property=\"og:type\" content=\"article\" \/>\n<meta property=\"og:title\" content=\"Acc\u00e9l\u00e9rez le cheminement professionnel dans des secteurs \u00e0 forte demande! - Colleges and Institutes Canada\" \/>\n<meta property=\"og:description\" content=\"Suivez de nouvelles microcertifications offrant des passerelles rapides vers l\u2019emploi dans les domaines des technologies propres, de la fabrication de pointe et des technologies agricoles.\u201c\" \/>\n<meta property=\"og:url\" content=\"https:\/\/www.collegesinstitutes.ca\/fr\/microcertifications\/uie\/\" \/>\n<meta property=\"og:site_name\" content=\"Colleges and Institutes Canada\" \/>\n<meta property=\"article:modified_time\" content=\"2026-04-16T13:55:22+00:00\" \/>\n<meta property=\"og:image\" content=\"https:\/\/www.collegesinstitutes.ca\/wp-content\/uploads\/2025\/05\/cican_upskilling_palette_skills_email_header_eng_v2_jpg-1.webp\" \/>\n\t<meta property=\"og:image:width\" content=\"966\" \/>\n\t<meta property=\"og:image:height\" content=\"506\" \/>\n\t<meta property=\"og:image:type\" content=\"image\/webp\" \/>\n<meta name=\"twitter:card\" content=\"summary_large_image\" \/>\n<meta name=\"twitter:label1\" content=\"Est. reading time\" \/>\n\t<meta name=\"twitter:data1\" content=\"3 minutes\" \/>\n<script type=\"application\/ld+json\" class=\"yoast-schema-graph\">{\"@context\":\"https:\\\/\\\/schema.org\",\"@graph\":[{\"@type\":\"WebPage\",\"@id\":\"https:\\\/\\\/www.collegesinstitutes.ca\\\/fr\\\/microcertifications\\\/uie\\\/\",\"url\":\"https:\\\/\\\/www.collegesinstitutes.ca\\\/fr\\\/microcertifications\\\/uie\\\/\",\"name\":\"Acc\u00e9l\u00e9rez le cheminement professionnel dans des secteurs \u00e0 forte demande! - Colleges and Institutes Canada\",\"isPartOf\":{\"@id\":\"https:\\\/\\\/www.collegesinstitutes.ca\\\/fr\\\/#website\"},\"primaryImageOfPage\":{\"@id\":\"https:\\\/\\\/www.collegesinstitutes.ca\\\/fr\\\/microcertifications\\\/uie\\\/#primaryimage\"},\"image\":{\"@id\":\"https:\\\/\\\/www.collegesinstitutes.ca\\\/fr\\\/microcertifications\\\/uie\\\/#primaryimage\"},\"thumbnailUrl\":\"https:\\\/\\\/www.collegesinstitutes.ca\\\/wp-content\\\/uploads\\\/2025\\\/05\\\/cican_upskilling_palette_skills_email_header_eng_v2_jpg-1.webp\",\"datePublished\":\"2026-04-14T08:58:23+00:00\",\"dateModified\":\"2026-04-16T13:55:22+00:00\",\"description\":\"Suivez de nouvelles microcertifications offrant des passerelles rapides vers l\u2019emploi dans les domaines des technologies propres, de la fabrication de pointe et des technologies agricoles.\u201c\",\"breadcrumb\":{\"@id\":\"https:\\\/\\\/www.collegesinstitutes.ca\\\/fr\\\/microcertifications\\\/uie\\\/#breadcrumb\"},\"inLanguage\":\"fr-FR\",\"potentialAction\":[{\"@type\":\"ReadAction\",\"target\":[\"https:\\\/\\\/www.collegesinstitutes.ca\\\/fr\\\/microcertifications\\\/uie\\\/\"]}]},{\"@type\":\"ImageObject\",\"inLanguage\":\"fr-FR\",\"@id\":\"https:\\\/\\\/www.collegesinstitutes.ca\\\/fr\\\/microcertifications\\\/uie\\\/#primaryimage\",\"url\":\"https:\\\/\\\/www.collegesinstitutes.ca\\\/wp-content\\\/uploads\\\/2025\\\/05\\\/cican_upskilling_palette_skills_email_header_eng_v2_jpg-1.webp\",\"contentUrl\":\"https:\\\/\\\/www.collegesinstitutes.ca\\\/wp-content\\\/uploads\\\/2025\\\/05\\\/cican_upskilling_palette_skills_email_header_eng_v2_jpg-1.webp\",\"width\":966,\"height\":506},{\"@type\":\"BreadcrumbList\",\"@id\":\"https:\\\/\\\/www.collegesinstitutes.ca\\\/fr\\\/microcertifications\\\/uie\\\/#breadcrumb\",\"itemListElement\":[{\"@type\":\"ListItem\",\"position\":1,\"name\":\"Home\",\"item\":\"https:\\\/\\\/www.collegesinstitutes.ca\\\/fr\\\/\"},{\"@type\":\"ListItem\",\"position\":2,\"name\":\"Microcertifications\",\"item\":\"https:\\\/\\\/www.collegesinstitutes.ca\\\/fr\\\/microcertifications\\\/\"},{\"@type\":\"ListItem\",\"position\":3,\"name\":\"Acc\u00e9l\u00e9rez le cheminement professionnel dans des secteurs \u00e0 forte demande!\"}]},{\"@type\":\"WebSite\",\"@id\":\"https:\\\/\\\/www.collegesinstitutes.ca\\\/fr\\\/#website\",\"url\":\"https:\\\/\\\/www.collegesinstitutes.ca\\\/fr\\\/\",\"name\":\"Colleges and Institutes Canada\",\"description\":\"The Voice of Canada&#039;s Colleges &amp; Institutes\",\"publisher\":{\"@id\":\"https:\\\/\\\/www.collegesinstitutes.ca\\\/fr\\\/#organization\"},\"potentialAction\":[{\"@type\":\"SearchAction\",\"target\":{\"@type\":\"EntryPoint\",\"urlTemplate\":\"https:\\\/\\\/www.collegesinstitutes.ca\\\/fr\\\/?s={search_term_string}\"},\"query-input\":{\"@type\":\"PropertyValueSpecification\",\"valueRequired\":true,\"valueName\":\"search_term_string\"}}],\"inLanguage\":\"fr-FR\"},{\"@type\":\"Organization\",\"@id\":\"https:\\\/\\\/www.collegesinstitutes.ca\\\/fr\\\/#organization\",\"name\":\"Colleges and Institutes Canada\",\"url\":\"https:\\\/\\\/www.collegesinstitutes.ca\\\/fr\\\/\",\"logo\":{\"@type\":\"ImageObject\",\"inLanguage\":\"fr-FR\",\"@id\":\"https:\\\/\\\/www.collegesinstitutes.ca\\\/fr\\\/#\\\/schema\\\/logo\\\/image\\\/\",\"url\":\"https:\\\/\\\/www.collegesinstitutes.ca\\\/wp-content\\\/uploads\\\/2025\\\/06\\\/logo-en.png\",\"contentUrl\":\"https:\\\/\\\/www.collegesinstitutes.ca\\\/wp-content\\\/uploads\\\/2025\\\/06\\\/logo-en.png\",\"width\":794,\"height\":280,\"caption\":\"Colleges and Institutes Canada\"},\"image\":{\"@id\":\"https:\\\/\\\/www.collegesinstitutes.ca\\\/fr\\\/#\\\/schema\\\/logo\\\/image\\\/\"}}]}<\/script>\n<!-- \/ Yoast SEO plugin. -->","yoast_head_json":{"title":"Acc\u00e9l\u00e9rez le cheminement professionnel dans des secteurs \u00e0 forte demande! - Colleges and Institutes Canada","description":"Suivez de nouvelles microcertifications offrant des passerelles rapides vers l\u2019emploi dans les domaines des technologies propres, de la fabrication de pointe et des technologies agricoles.\u201c","robots":{"index":"index","follow":"follow","max-snippet":"max-snippet:-1","max-image-preview":"max-image-preview:large","max-video-preview":"max-video-preview:-1"},"canonical":"https:\/\/www.collegesinstitutes.ca\/fr\/microcertifications\/uie\/","og_locale":"fr_FR","og_type":"article","og_title":"Acc\u00e9l\u00e9rez le cheminement professionnel dans des secteurs \u00e0 forte demande! - Colleges and Institutes Canada","og_description":"Suivez de nouvelles microcertifications offrant des passerelles rapides vers l\u2019emploi dans les domaines des technologies propres, de la fabrication de pointe et des technologies agricoles.\u201c","og_url":"https:\/\/www.collegesinstitutes.ca\/fr\/microcertifications\/uie\/","og_site_name":"Colleges and Institutes Canada","article_modified_time":"2026-04-16T13:55:22+00:00","og_image":[{"width":966,"height":506,"url":"https:\/\/www.collegesinstitutes.ca\/wp-content\/uploads\/2025\/05\/cican_upskilling_palette_skills_email_header_eng_v2_jpg-1.webp","type":"image\/webp"}],"twitter_card":"summary_large_image","twitter_misc":{"Est. reading time":"3 minutes"},"schema":{"@context":"https:\/\/schema.org","@graph":[{"@type":"WebPage","@id":"https:\/\/www.collegesinstitutes.ca\/fr\/microcertifications\/uie\/","url":"https:\/\/www.collegesinstitutes.ca\/fr\/microcertifications\/uie\/","name":"Acc\u00e9l\u00e9rez le cheminement professionnel dans des secteurs \u00e0 forte demande! - Colleges and Institutes Canada","isPartOf":{"@id":"https:\/\/www.collegesinstitutes.ca\/fr\/#website"},"primaryImageOfPage":{"@id":"https:\/\/www.collegesinstitutes.ca\/fr\/microcertifications\/uie\/#primaryimage"},"image":{"@id":"https:\/\/www.collegesinstitutes.ca\/fr\/microcertifications\/uie\/#primaryimage"},"thumbnailUrl":"https:\/\/www.collegesinstitutes.ca\/wp-content\/uploads\/2025\/05\/cican_upskilling_palette_skills_email_header_eng_v2_jpg-1.webp","datePublished":"2026-04-14T08:58:23+00:00","dateModified":"2026-04-16T13:55:22+00:00","description":"Suivez de nouvelles microcertifications offrant des passerelles rapides vers l\u2019emploi dans les domaines des technologies propres, de la fabrication de pointe et des technologies agricoles.\u201c","breadcrumb":{"@id":"https:\/\/www.collegesinstitutes.ca\/fr\/microcertifications\/uie\/#breadcrumb"},"inLanguage":"fr-FR","potentialAction":[{"@type":"ReadAction","target":["https:\/\/www.collegesinstitutes.ca\/fr\/microcertifications\/uie\/"]}]},{"@type":"ImageObject","inLanguage":"fr-FR","@id":"https:\/\/www.collegesinstitutes.ca\/fr\/microcertifications\/uie\/#primaryimage","url":"https:\/\/www.collegesinstitutes.ca\/wp-content\/uploads\/2025\/05\/cican_upskilling_palette_skills_email_header_eng_v2_jpg-1.webp","contentUrl":"https:\/\/www.collegesinstitutes.ca\/wp-content\/uploads\/2025\/05\/cican_upskilling_palette_skills_email_header_eng_v2_jpg-1.webp","width":966,"height":506},{"@type":"BreadcrumbList","@id":"https:\/\/www.collegesinstitutes.ca\/fr\/microcertifications\/uie\/#breadcrumb","itemListElement":[{"@type":"ListItem","position":1,"name":"Home","item":"https:\/\/www.collegesinstitutes.ca\/fr\/"},{"@type":"ListItem","position":2,"name":"Microcertifications","item":"https:\/\/www.collegesinstitutes.ca\/fr\/microcertifications\/"},{"@type":"ListItem","position":3,"name":"Acc\u00e9l\u00e9rez le cheminement professionnel dans des secteurs \u00e0 forte demande!"}]},{"@type":"WebSite","@id":"https:\/\/www.collegesinstitutes.ca\/fr\/#website","url":"https:\/\/www.collegesinstitutes.ca\/fr\/","name":"Colleges and Institutes Canada","description":"The Voice of Canada&#039;s Colleges &amp; Institutes","publisher":{"@id":"https:\/\/www.collegesinstitutes.ca\/fr\/#organization"},"potentialAction":[{"@type":"SearchAction","target":{"@type":"EntryPoint","urlTemplate":"https:\/\/www.collegesinstitutes.ca\/fr\/?s={search_term_string}"},"query-input":{"@type":"PropertyValueSpecification","valueRequired":true,"valueName":"search_term_string"}}],"inLanguage":"fr-FR"},{"@type":"Organization","@id":"https:\/\/www.collegesinstitutes.ca\/fr\/#organization","name":"Colleges and Institutes Canada","url":"https:\/\/www.collegesinstitutes.ca\/fr\/","logo":{"@type":"ImageObject","inLanguage":"fr-FR","@id":"https:\/\/www.collegesinstitutes.ca\/fr\/#\/schema\/logo\/image\/","url":"https:\/\/www.collegesinstitutes.ca\/wp-content\/uploads\/2025\/06\/logo-en.png","contentUrl":"https:\/\/www.collegesinstitutes.ca\/wp-content\/uploads\/2025\/06\/logo-en.png","width":794,"height":280,"caption":"Colleges and Institutes Canada"},"image":{"@id":"https:\/\/www.collegesinstitutes.ca\/fr\/#\/schema\/logo\/image\/"}}]}},"_links":{"self":[{"href":"https:\/\/www.collegesinstitutes.ca\/fr\/wp-json\/wp\/v2\/pages\/36981","targetHints":{"allow":["GET"]}}],"collection":[{"href":"https:\/\/www.collegesinstitutes.ca\/fr\/wp-json\/wp\/v2\/pages"}],"about":[{"href":"https:\/\/www.collegesinstitutes.ca\/fr\/wp-json\/wp\/v2\/types\/page"}],"author":[{"embeddable":true,"href":"https:\/\/www.collegesinstitutes.ca\/fr\/wp-json\/wp\/v2\/users\/16"}],"replies":[{"embeddable":true,"href":"https:\/\/www.collegesinstitutes.ca\/fr\/wp-json\/wp\/v2\/comments?post=36981"}],"version-history":[{"count":0,"href":"https:\/\/www.collegesinstitutes.ca\/fr\/wp-json\/wp\/v2\/pages\/36981\/revisions"}],"up":[{"embeddable":true,"href":"https:\/\/www.collegesinstitutes.ca\/fr\/wp-json\/wp\/v2\/pages\/35570"}],"wp:featuredmedia":[{"embeddable":true,"href":"https:\/\/www.collegesinstitutes.ca\/fr\/wp-json\/wp\/v2\/media\/35571"}],"wp:attachment":[{"href":"https:\/\/www.collegesinstitutes.ca\/fr\/wp-json\/wp\/v2\/media?parent=36981"}],"wp:term":[{"taxonomy":"category","embeddable":true,"href":"https:\/\/www.collegesinstitutes.ca\/fr\/wp-json\/wp\/v2\/categories?post=36981"},{"taxonomy":"post_tag","embeddable":true,"href":"https:\/\/www.collegesinstitutes.ca\/fr\/wp-json\/wp\/v2\/tags?post=36981"}],"curies":[{"name":"wp","href":"https:\/\/api.w.org\/{rel}","templated":true}]}}