{"id":36652,"date":"2026-02-10T18:37:58","date_gmt":"2026-02-10T18:37:58","guid":{"rendered":"https:\/\/www.collegesinstitutes.ca\/?page_id=36652"},"modified":"2026-02-20T16:23:51","modified_gmt":"2026-02-20T16:23:51","slug":"aclc","status":"publish","type":"page","link":"https:\/\/www.collegesinstitutes.ca\/fr\/notre-role\/aclc\/","title":{"rendered":"L\u2019Acad\u00e9mie de CICan pour le leadership coll\u00e9gial"},"content":{"rendered":"<p><strong style=\"font-size: 18px;\">Les Instituts de leadership de CICan \u00e9voluent.<\/strong><\/p>\n<div class=\"boxit2\" style=\"margin: 40px 0px !important; font-size: 18px;\">S\u2019inspirant des Instituts de leadership, l\u2019Acad\u00e9mie de CICan pour le leadership coll\u00e9gial offrira du perfectionnement professionnel renouvel\u00e9, \u00e9lev\u00e9 et \u00e0 fort impact. <em><strong>Plus de d\u00e9tails \u00e0 venir<\/strong>.<\/em><\/div>\n<p style=\"font-size: 20px;\">L\u2019Acad\u00e9mie de CICan pour le leadership coll\u00e9gial (ACLC) est un centre national de formation qui a pour mandat de soutenir le renouvellement et le d\u00e9veloppement des cadres ainsi que la planification de la rel\u00e8ve dans les coll\u00e8ges, instituts, c\u00e9geps, \u00e9tablissements polytechniques et \u00e9tablissements autochtones publics du Canada.<\/p>\n<h2>Qu\u2019est-ce que l\u2019Acad\u00e9mie de CICan pour le leadership coll\u00e9gial ?<\/h2>\n<p><span style=\"font-weight: 400;\">L\u2019ACLC servira de centre de perfectionnement pour les dirigeantes et dirigeants des coll\u00e8ges et instituts du Canada, tout au long de leur carri\u00e8re et dans des secteurs pr\u00e9cis. Gr\u00e2ce \u00e0 ces activit\u00e9s renouvel\u00e9es, am\u00e9lior\u00e9es et plus pertinentes que jamais, ces leaders poss\u00e9deront les comp\u00e9tences requises pour faire face aux changements, relever les plus grands d\u00e9fis du pays et profiter des meilleures occasions qui se pr\u00e9sentent.<\/span><\/p>\n<div class=\"boxit2\" style=\"margin-top: 40px; font-size: 16px;\">\n<h2>\u00c0 quoi s\u2019attendre<\/h2>\n<p><strong>L\u2019Acad\u00e9mie offrira:<\/strong><\/p>\n<ul>\n<li>De la formation au leadership \u00e0 l\u2019\u00e9chelon national ou sectoriel<\/li>\n<li>Des modes d\u2019enseignement inclusifs et flexibles<\/li>\n<li>Des occasions de rencontrer des pairs, des mentors et des formatrices et formateurs<br \/>\nde tout le pays<\/li>\n<li>Un programme adapt\u00e9 aux enjeux de leadership r\u00e9els<\/li>\n<\/ul>\n<\/div>\n<h2>Suivez-nous !<\/h2>\n<p>Cette page sera mise \u00e0 jour \u00e0 mesure que l\u2019Acad\u00e9mie de CICan pour le leadership coll\u00e9gial prendra forme.<\/p>\n<p>Pour ne rien manquer des programmes \u00e0 venir, des offres de participation et des nouveaut\u00e9s de l\u2019Acad\u00e9mie, abonnez-vous \u00e0 notre bulletin d\u2019information, Perspectives.<\/p>\n<p><a class=\"btn btn-dark\" style=\"margin-top: 20px;\" role=\"button\" href=\"https:\/\/analytics.clickdimensions.com\/collegesinstitutesca-aizmt\/pages\/3m5qbxzyeeqoeganoloqew.html?PageId=6d50cedcf27cea11a812000d3a5a1013\" target=\"_blank\" rel=\"noopener\">Je ne veux rien manquer!<\/a><\/p>\n","protected":false},"excerpt":{"rendered":"<p>Les Instituts de leadership de CICan \u00e9voluent. S\u2019inspirant des Instituts de leadership, l\u2019Acad\u00e9mie de CICan pour le leadership coll\u00e9gial offrira du perfectionnement professionnel renouvel\u00e9, \u00e9lev\u00e9 et \u00e0 fort impact. Plus&#8230;<\/p>\n","protected":false},"author":16,"featured_media":9341,"parent":10688,"menu_order":0,"comment_status":"closed","ping_status":"closed","template":"page-leadership.php","meta":{"_acf_changed":false,"footnotes":""},"categories":[],"tags":[],"class_list":["post-36652","page","type-page","status-publish","has-post-thumbnail","hentry"],"acf":[],"yoast_head":"<!-- This site is optimized with the Yoast SEO plugin v27.3 - https:\/\/yoast.com\/product\/yoast-seo-wordpress\/ -->\n<title>L\u2019Acad\u00e9mie de CICan pour le leadership coll\u00e9gial - Colleges and Institutes Canada<\/title>\n<meta name=\"robots\" content=\"index, follow, max-snippet:-1, max-image-preview:large, max-video-preview:-1\" \/>\n<link rel=\"canonical\" href=\"https:\/\/www.collegesinstitutes.ca\/fr\/notre-role\/aclc\/\" \/>\n<meta property=\"og:locale\" content=\"fr_FR\" \/>\n<meta property=\"og:type\" content=\"article\" \/>\n<meta property=\"og:title\" content=\"L\u2019Acad\u00e9mie de CICan pour le leadership coll\u00e9gial - Colleges and Institutes Canada\" \/>\n<meta property=\"og:description\" content=\"Les Instituts de leadership de CICan \u00e9voluent. S\u2019inspirant des Instituts de leadership, l\u2019Acad\u00e9mie de CICan pour le leadership coll\u00e9gial offrira du perfectionnement professionnel renouvel\u00e9, \u00e9lev\u00e9 et \u00e0 fort impact. Plus...\" \/>\n<meta property=\"og:url\" content=\"https:\/\/www.collegesinstitutes.ca\/fr\/notre-role\/aclc\/\" \/>\n<meta property=\"og:site_name\" content=\"Colleges and Institutes Canada\" \/>\n<meta property=\"article:modified_time\" content=\"2026-02-20T16:23:51+00:00\" \/>\n<meta property=\"og:image\" content=\"https:\/\/www.collegesinstitutes.ca\/wp-content\/uploads\/2022\/10\/header-img-leadershipinstitutes.jpg\" \/>\n\t<meta property=\"og:image:width\" content=\"1200\" \/>\n\t<meta property=\"og:image:height\" content=\"628\" \/>\n\t<meta property=\"og:image:type\" content=\"image\/jpeg\" \/>\n<meta name=\"twitter:card\" content=\"summary_large_image\" \/>\n<meta name=\"twitter:label1\" content=\"Est. reading time\" \/>\n\t<meta name=\"twitter:data1\" content=\"2 minutes\" \/>\n<script type=\"application\/ld+json\" class=\"yoast-schema-graph\">{\"@context\":\"https:\\\/\\\/schema.org\",\"@graph\":[{\"@type\":\"WebPage\",\"@id\":\"https:\\\/\\\/www.collegesinstitutes.ca\\\/fr\\\/notre-role\\\/aclc\\\/\",\"url\":\"https:\\\/\\\/www.collegesinstitutes.ca\\\/fr\\\/notre-role\\\/aclc\\\/\",\"name\":\"L\u2019Acad\u00e9mie de CICan pour le leadership coll\u00e9gial - Colleges and Institutes Canada\",\"isPartOf\":{\"@id\":\"https:\\\/\\\/www.collegesinstitutes.ca\\\/fr\\\/#website\"},\"primaryImageOfPage\":{\"@id\":\"https:\\\/\\\/www.collegesinstitutes.ca\\\/fr\\\/notre-role\\\/aclc\\\/#primaryimage\"},\"image\":{\"@id\":\"https:\\\/\\\/www.collegesinstitutes.ca\\\/fr\\\/notre-role\\\/aclc\\\/#primaryimage\"},\"thumbnailUrl\":\"https:\\\/\\\/www.collegesinstitutes.ca\\\/wp-content\\\/uploads\\\/2022\\\/10\\\/header-img-leadershipinstitutes.jpg\",\"datePublished\":\"2026-02-10T18:37:58+00:00\",\"dateModified\":\"2026-02-20T16:23:51+00:00\",\"breadcrumb\":{\"@id\":\"https:\\\/\\\/www.collegesinstitutes.ca\\\/fr\\\/notre-role\\\/aclc\\\/#breadcrumb\"},\"inLanguage\":\"fr-FR\",\"potentialAction\":[{\"@type\":\"ReadAction\",\"target\":[\"https:\\\/\\\/www.collegesinstitutes.ca\\\/fr\\\/notre-role\\\/aclc\\\/\"]}]},{\"@type\":\"ImageObject\",\"inLanguage\":\"fr-FR\",\"@id\":\"https:\\\/\\\/www.collegesinstitutes.ca\\\/fr\\\/notre-role\\\/aclc\\\/#primaryimage\",\"url\":\"https:\\\/\\\/www.collegesinstitutes.ca\\\/wp-content\\\/uploads\\\/2022\\\/10\\\/header-img-leadershipinstitutes.jpg\",\"contentUrl\":\"https:\\\/\\\/www.collegesinstitutes.ca\\\/wp-content\\\/uploads\\\/2022\\\/10\\\/header-img-leadershipinstitutes.jpg\",\"width\":1200,\"height\":628},{\"@type\":\"BreadcrumbList\",\"@id\":\"https:\\\/\\\/www.collegesinstitutes.ca\\\/fr\\\/notre-role\\\/aclc\\\/#breadcrumb\",\"itemListElement\":[{\"@type\":\"ListItem\",\"position\":1,\"name\":\"Home\",\"item\":\"https:\\\/\\\/www.collegesinstitutes.ca\\\/fr\\\/\"},{\"@type\":\"ListItem\",\"position\":2,\"name\":\"Notre r\u00f4le\",\"item\":\"https:\\\/\\\/www.collegesinstitutes.ca\\\/fr\\\/notre-role\\\/\"},{\"@type\":\"ListItem\",\"position\":3,\"name\":\"L\u2019Acad\u00e9mie de CICan pour le leadership coll\u00e9gial\"}]},{\"@type\":\"WebSite\",\"@id\":\"https:\\\/\\\/www.collegesinstitutes.ca\\\/fr\\\/#website\",\"url\":\"https:\\\/\\\/www.collegesinstitutes.ca\\\/fr\\\/\",\"name\":\"Colleges and Institutes Canada\",\"description\":\"The Voice of Canada&#039;s Colleges &amp; Institutes\",\"publisher\":{\"@id\":\"https:\\\/\\\/www.collegesinstitutes.ca\\\/fr\\\/#organization\"},\"potentialAction\":[{\"@type\":\"SearchAction\",\"target\":{\"@type\":\"EntryPoint\",\"urlTemplate\":\"https:\\\/\\\/www.collegesinstitutes.ca\\\/fr\\\/?s={search_term_string}\"},\"query-input\":{\"@type\":\"PropertyValueSpecification\",\"valueRequired\":true,\"valueName\":\"search_term_string\"}}],\"inLanguage\":\"fr-FR\"},{\"@type\":\"Organization\",\"@id\":\"https:\\\/\\\/www.collegesinstitutes.ca\\\/fr\\\/#organization\",\"name\":\"Colleges and Institutes Canada\",\"url\":\"https:\\\/\\\/www.collegesinstitutes.ca\\\/fr\\\/\",\"logo\":{\"@type\":\"ImageObject\",\"inLanguage\":\"fr-FR\",\"@id\":\"https:\\\/\\\/www.collegesinstitutes.ca\\\/fr\\\/#\\\/schema\\\/logo\\\/image\\\/\",\"url\":\"https:\\\/\\\/www.collegesinstitutes.ca\\\/wp-content\\\/uploads\\\/2025\\\/06\\\/logo-en.png\",\"contentUrl\":\"https:\\\/\\\/www.collegesinstitutes.ca\\\/wp-content\\\/uploads\\\/2025\\\/06\\\/logo-en.png\",\"width\":794,\"height\":280,\"caption\":\"Colleges and Institutes Canada\"},\"image\":{\"@id\":\"https:\\\/\\\/www.collegesinstitutes.ca\\\/fr\\\/#\\\/schema\\\/logo\\\/image\\\/\"}}]}<\/script>\n<!-- \/ Yoast SEO plugin. -->","yoast_head_json":{"title":"L\u2019Acad\u00e9mie de CICan pour le leadership coll\u00e9gial - Colleges and Institutes Canada","robots":{"index":"index","follow":"follow","max-snippet":"max-snippet:-1","max-image-preview":"max-image-preview:large","max-video-preview":"max-video-preview:-1"},"canonical":"https:\/\/www.collegesinstitutes.ca\/fr\/notre-role\/aclc\/","og_locale":"fr_FR","og_type":"article","og_title":"L\u2019Acad\u00e9mie de CICan pour le leadership coll\u00e9gial - Colleges and Institutes Canada","og_description":"Les Instituts de leadership de CICan \u00e9voluent. S\u2019inspirant des Instituts de leadership, l\u2019Acad\u00e9mie de CICan pour le leadership coll\u00e9gial offrira du perfectionnement professionnel renouvel\u00e9, \u00e9lev\u00e9 et \u00e0 fort impact. Plus...","og_url":"https:\/\/www.collegesinstitutes.ca\/fr\/notre-role\/aclc\/","og_site_name":"Colleges and Institutes Canada","article_modified_time":"2026-02-20T16:23:51+00:00","og_image":[{"width":1200,"height":628,"url":"https:\/\/www.collegesinstitutes.ca\/wp-content\/uploads\/2022\/10\/header-img-leadershipinstitutes.jpg","type":"image\/jpeg"}],"twitter_card":"summary_large_image","twitter_misc":{"Est. reading time":"2 minutes"},"schema":{"@context":"https:\/\/schema.org","@graph":[{"@type":"WebPage","@id":"https:\/\/www.collegesinstitutes.ca\/fr\/notre-role\/aclc\/","url":"https:\/\/www.collegesinstitutes.ca\/fr\/notre-role\/aclc\/","name":"L\u2019Acad\u00e9mie de CICan pour le leadership coll\u00e9gial - Colleges and Institutes Canada","isPartOf":{"@id":"https:\/\/www.collegesinstitutes.ca\/fr\/#website"},"primaryImageOfPage":{"@id":"https:\/\/www.collegesinstitutes.ca\/fr\/notre-role\/aclc\/#primaryimage"},"image":{"@id":"https:\/\/www.collegesinstitutes.ca\/fr\/notre-role\/aclc\/#primaryimage"},"thumbnailUrl":"https:\/\/www.collegesinstitutes.ca\/wp-content\/uploads\/2022\/10\/header-img-leadershipinstitutes.jpg","datePublished":"2026-02-10T18:37:58+00:00","dateModified":"2026-02-20T16:23:51+00:00","breadcrumb":{"@id":"https:\/\/www.collegesinstitutes.ca\/fr\/notre-role\/aclc\/#breadcrumb"},"inLanguage":"fr-FR","potentialAction":[{"@type":"ReadAction","target":["https:\/\/www.collegesinstitutes.ca\/fr\/notre-role\/aclc\/"]}]},{"@type":"ImageObject","inLanguage":"fr-FR","@id":"https:\/\/www.collegesinstitutes.ca\/fr\/notre-role\/aclc\/#primaryimage","url":"https:\/\/www.collegesinstitutes.ca\/wp-content\/uploads\/2022\/10\/header-img-leadershipinstitutes.jpg","contentUrl":"https:\/\/www.collegesinstitutes.ca\/wp-content\/uploads\/2022\/10\/header-img-leadershipinstitutes.jpg","width":1200,"height":628},{"@type":"BreadcrumbList","@id":"https:\/\/www.collegesinstitutes.ca\/fr\/notre-role\/aclc\/#breadcrumb","itemListElement":[{"@type":"ListItem","position":1,"name":"Home","item":"https:\/\/www.collegesinstitutes.ca\/fr\/"},{"@type":"ListItem","position":2,"name":"Notre r\u00f4le","item":"https:\/\/www.collegesinstitutes.ca\/fr\/notre-role\/"},{"@type":"ListItem","position":3,"name":"L\u2019Acad\u00e9mie de CICan pour le leadership coll\u00e9gial"}]},{"@type":"WebSite","@id":"https:\/\/www.collegesinstitutes.ca\/fr\/#website","url":"https:\/\/www.collegesinstitutes.ca\/fr\/","name":"Colleges and Institutes Canada","description":"The Voice of Canada&#039;s Colleges &amp; Institutes","publisher":{"@id":"https:\/\/www.collegesinstitutes.ca\/fr\/#organization"},"potentialAction":[{"@type":"SearchAction","target":{"@type":"EntryPoint","urlTemplate":"https:\/\/www.collegesinstitutes.ca\/fr\/?s={search_term_string}"},"query-input":{"@type":"PropertyValueSpecification","valueRequired":true,"valueName":"search_term_string"}}],"inLanguage":"fr-FR"},{"@type":"Organization","@id":"https:\/\/www.collegesinstitutes.ca\/fr\/#organization","name":"Colleges and Institutes Canada","url":"https:\/\/www.collegesinstitutes.ca\/fr\/","logo":{"@type":"ImageObject","inLanguage":"fr-FR","@id":"https:\/\/www.collegesinstitutes.ca\/fr\/#\/schema\/logo\/image\/","url":"https:\/\/www.collegesinstitutes.ca\/wp-content\/uploads\/2025\/06\/logo-en.png","contentUrl":"https:\/\/www.collegesinstitutes.ca\/wp-content\/uploads\/2025\/06\/logo-en.png","width":794,"height":280,"caption":"Colleges and Institutes Canada"},"image":{"@id":"https:\/\/www.collegesinstitutes.ca\/fr\/#\/schema\/logo\/image\/"}}]}},"_links":{"self":[{"href":"https:\/\/www.collegesinstitutes.ca\/fr\/wp-json\/wp\/v2\/pages\/36652","targetHints":{"allow":["GET"]}}],"collection":[{"href":"https:\/\/www.collegesinstitutes.ca\/fr\/wp-json\/wp\/v2\/pages"}],"about":[{"href":"https:\/\/www.collegesinstitutes.ca\/fr\/wp-json\/wp\/v2\/types\/page"}],"author":[{"embeddable":true,"href":"https:\/\/www.collegesinstitutes.ca\/fr\/wp-json\/wp\/v2\/users\/16"}],"replies":[{"embeddable":true,"href":"https:\/\/www.collegesinstitutes.ca\/fr\/wp-json\/wp\/v2\/comments?post=36652"}],"version-history":[{"count":0,"href":"https:\/\/www.collegesinstitutes.ca\/fr\/wp-json\/wp\/v2\/pages\/36652\/revisions"}],"up":[{"embeddable":true,"href":"https:\/\/www.collegesinstitutes.ca\/fr\/wp-json\/wp\/v2\/pages\/10688"}],"wp:featuredmedia":[{"embeddable":true,"href":"https:\/\/www.collegesinstitutes.ca\/fr\/wp-json\/wp\/v2\/media\/9341"}],"wp:attachment":[{"href":"https:\/\/www.collegesinstitutes.ca\/fr\/wp-json\/wp\/v2\/media?parent=36652"}],"wp:term":[{"taxonomy":"category","embeddable":true,"href":"https:\/\/www.collegesinstitutes.ca\/fr\/wp-json\/wp\/v2\/categories?post=36652"},{"taxonomy":"post_tag","embeddable":true,"href":"https:\/\/www.collegesinstitutes.ca\/fr\/wp-json\/wp\/v2\/tags?post=36652"}],"curies":[{"name":"wp","href":"https:\/\/api.w.org\/{rel}","templated":true}]}}