{"id":35852,"date":"2025-08-12T04:23:59","date_gmt":"2025-08-12T04:23:59","guid":{"rendered":"https:\/\/www.collegesinstitutes.ca\/?page_id=35852"},"modified":"2025-09-05T14:50:37","modified_gmt":"2025-09-05T14:50:37","slug":"mises-en-candidature","status":"publish","type":"page","link":"https:\/\/www.collegesinstitutes.ca\/fr\/colleges-instituts-communaute\/prix\/les-prix-dexcellence\/mises-en-candidature\/","title":{"rendered":"Mises en candidature"},"content":{"rendered":"<h3>Promouvoir l\u2019excellence au sein de notre r\u00e9seau alimente un puissant r\u00e9cit national.<\/h3>\n<p class=\"lead\">Les membres de CICan sont invit\u00e9s \u00e0 proposer la candidature d\u2019individus, d\u2019\u00e9quipes et de programmes qui contribuent \u00e0 renforcer les collectivit\u00e9s et \u00e0 fa\u00e7onner l\u2019avenir du Canada. Les candidatures vont au-del\u00e0 d\u2019une simple reconnaissance. Elles amplifient l\u2019impact de votre \u00e9tablissement, renforcent vos liens avec les d\u00e9cideurs et mettent en valeur votre leadership dans le cadre d\u2019un r\u00e9cit collectif ax\u00e9 sur l\u2019innovation, l\u2019excellence et l\u2019impact.<\/p>\n<div>\n<h3>Pourquoi proposer une candidature ?<\/h3>\n<ul>\n<li>Rehaussez la r\u00e9putation et la cr\u00e9dibilit\u00e9 de votre \u00e9tablissement \u00e0 l\u2019\u00e9chelle nationale<\/li>\n<li>Inspirez et fid\u00e9lisez vos talents en mettant en valeur votre personnel et vos programmes<\/li>\n<li>Renforcez vos relations avec vos partenaires, vos parties prenantes et vos bailleurs de fonds<\/li>\n<li>Contribuez \u00e0 donner une voix forte et collective au secteur<\/li>\n<\/ul>\n<\/div>\n","protected":false},"excerpt":{"rendered":"<p>Promouvoir l\u2019excellence au sein de notre r\u00e9seau alimente un puissant r\u00e9cit national. Les membres de CICan sont invit\u00e9s \u00e0 proposer la candidature d\u2019individus, d\u2019\u00e9quipes et de programmes qui contribuent \u00e0&#8230;<\/p>\n","protected":false},"author":16,"featured_media":33973,"parent":35848,"menu_order":0,"comment_status":"closed","ping_status":"closed","template":"page-awards.php","meta":{"_acf_changed":false,"footnotes":""},"categories":[],"tags":[],"class_list":["post-35852","page","type-page","status-publish","has-post-thumbnail","hentry"],"acf":[],"yoast_head":"<!-- This site is optimized with the Yoast SEO plugin v27.3 - https:\/\/yoast.com\/product\/yoast-seo-wordpress\/ -->\n<title>Mises en candidature - Colleges and Institutes Canada<\/title>\n<meta name=\"robots\" content=\"index, follow, max-snippet:-1, max-image-preview:large, max-video-preview:-1\" \/>\n<link rel=\"canonical\" href=\"https:\/\/www.collegesinstitutes.ca\/fr\/colleges-instituts-communaute\/prix\/les-prix-dexcellence\/mises-en-candidature\/\" \/>\n<meta property=\"og:locale\" content=\"fr_FR\" \/>\n<meta property=\"og:type\" content=\"article\" \/>\n<meta property=\"og:title\" content=\"Mises en candidature - Colleges and Institutes Canada\" \/>\n<meta property=\"og:description\" content=\"Promouvoir l\u2019excellence au sein de notre r\u00e9seau alimente un puissant r\u00e9cit national. Les membres de CICan sont invit\u00e9s \u00e0 proposer la candidature d\u2019individus, d\u2019\u00e9quipes et de programmes qui contribuent \u00e0...\" \/>\n<meta property=\"og:url\" content=\"https:\/\/www.collegesinstitutes.ca\/fr\/colleges-instituts-communaute\/prix\/les-prix-dexcellence\/mises-en-candidature\/\" \/>\n<meta property=\"og:site_name\" content=\"Colleges and Institutes Canada\" \/>\n<meta property=\"article:modified_time\" content=\"2025-09-05T14:50:37+00:00\" \/>\n<meta property=\"og:image\" content=\"https:\/\/www.collegesinstitutes.ca\/wp-content\/uploads\/2024\/05\/cican-2024-awards-withoutyear.png\" \/>\n\t<meta property=\"og:image:width\" content=\"1200\" \/>\n\t<meta property=\"og:image:height\" content=\"600\" \/>\n\t<meta property=\"og:image:type\" content=\"image\/png\" \/>\n<meta name=\"twitter:card\" content=\"summary_large_image\" \/>\n<meta name=\"twitter:label1\" content=\"Est. reading time\" \/>\n\t<meta name=\"twitter:data1\" content=\"1 minute\" \/>\n<script type=\"application\/ld+json\" class=\"yoast-schema-graph\">{\"@context\":\"https:\\\/\\\/schema.org\",\"@graph\":[{\"@type\":\"WebPage\",\"@id\":\"https:\\\/\\\/www.collegesinstitutes.ca\\\/fr\\\/colleges-instituts-communaute\\\/prix\\\/les-prix-dexcellence\\\/mises-en-candidature\\\/\",\"url\":\"https:\\\/\\\/www.collegesinstitutes.ca\\\/fr\\\/colleges-instituts-communaute\\\/prix\\\/les-prix-dexcellence\\\/mises-en-candidature\\\/\",\"name\":\"Mises en candidature - Colleges and Institutes Canada\",\"isPartOf\":{\"@id\":\"https:\\\/\\\/www.collegesinstitutes.ca\\\/fr\\\/#website\"},\"primaryImageOfPage\":{\"@id\":\"https:\\\/\\\/www.collegesinstitutes.ca\\\/fr\\\/colleges-instituts-communaute\\\/prix\\\/les-prix-dexcellence\\\/mises-en-candidature\\\/#primaryimage\"},\"image\":{\"@id\":\"https:\\\/\\\/www.collegesinstitutes.ca\\\/fr\\\/colleges-instituts-communaute\\\/prix\\\/les-prix-dexcellence\\\/mises-en-candidature\\\/#primaryimage\"},\"thumbnailUrl\":\"https:\\\/\\\/www.collegesinstitutes.ca\\\/wp-content\\\/uploads\\\/2024\\\/05\\\/cican-2024-awards-withoutyear.png\",\"datePublished\":\"2025-08-12T04:23:59+00:00\",\"dateModified\":\"2025-09-05T14:50:37+00:00\",\"breadcrumb\":{\"@id\":\"https:\\\/\\\/www.collegesinstitutes.ca\\\/fr\\\/colleges-instituts-communaute\\\/prix\\\/les-prix-dexcellence\\\/mises-en-candidature\\\/#breadcrumb\"},\"inLanguage\":\"fr-FR\",\"potentialAction\":[{\"@type\":\"ReadAction\",\"target\":[\"https:\\\/\\\/www.collegesinstitutes.ca\\\/fr\\\/colleges-instituts-communaute\\\/prix\\\/les-prix-dexcellence\\\/mises-en-candidature\\\/\"]}]},{\"@type\":\"ImageObject\",\"inLanguage\":\"fr-FR\",\"@id\":\"https:\\\/\\\/www.collegesinstitutes.ca\\\/fr\\\/colleges-instituts-communaute\\\/prix\\\/les-prix-dexcellence\\\/mises-en-candidature\\\/#primaryimage\",\"url\":\"https:\\\/\\\/www.collegesinstitutes.ca\\\/wp-content\\\/uploads\\\/2024\\\/05\\\/cican-2024-awards-withoutyear.png\",\"contentUrl\":\"https:\\\/\\\/www.collegesinstitutes.ca\\\/wp-content\\\/uploads\\\/2024\\\/05\\\/cican-2024-awards-withoutyear.png\",\"width\":1200,\"height\":600},{\"@type\":\"BreadcrumbList\",\"@id\":\"https:\\\/\\\/www.collegesinstitutes.ca\\\/fr\\\/colleges-instituts-communaute\\\/prix\\\/les-prix-dexcellence\\\/mises-en-candidature\\\/#breadcrumb\",\"itemListElement\":[{\"@type\":\"ListItem\",\"position\":1,\"name\":\"Home\",\"item\":\"https:\\\/\\\/www.collegesinstitutes.ca\\\/fr\\\/\"},{\"@type\":\"ListItem\",\"position\":2,\"name\":\"Les coll\u00e8ges et instituts au service de votre communaut\u00e9\",\"item\":\"https:\\\/\\\/www.collegesinstitutes.ca\\\/fr\\\/colleges-instituts-communaute\\\/\"},{\"@type\":\"ListItem\",\"position\":3,\"name\":\"Prix\",\"item\":\"https:\\\/\\\/www.collegesinstitutes.ca\\\/fr\\\/colleges-instituts-communaute\\\/prix\\\/\"},{\"@type\":\"ListItem\",\"position\":4,\"name\":\"Les Prix d\u2019excellence\",\"item\":\"https:\\\/\\\/www.collegesinstitutes.ca\\\/fr\\\/colleges-instituts-communaute\\\/prix\\\/les-prix-dexcellence\\\/\"},{\"@type\":\"ListItem\",\"position\":5,\"name\":\"Mises en candidature\"}]},{\"@type\":\"WebSite\",\"@id\":\"https:\\\/\\\/www.collegesinstitutes.ca\\\/fr\\\/#website\",\"url\":\"https:\\\/\\\/www.collegesinstitutes.ca\\\/fr\\\/\",\"name\":\"Colleges and Institutes Canada\",\"description\":\"The Voice of Canada&#039;s Colleges &amp; Institutes\",\"publisher\":{\"@id\":\"https:\\\/\\\/www.collegesinstitutes.ca\\\/fr\\\/#organization\"},\"potentialAction\":[{\"@type\":\"SearchAction\",\"target\":{\"@type\":\"EntryPoint\",\"urlTemplate\":\"https:\\\/\\\/www.collegesinstitutes.ca\\\/fr\\\/?s={search_term_string}\"},\"query-input\":{\"@type\":\"PropertyValueSpecification\",\"valueRequired\":true,\"valueName\":\"search_term_string\"}}],\"inLanguage\":\"fr-FR\"},{\"@type\":\"Organization\",\"@id\":\"https:\\\/\\\/www.collegesinstitutes.ca\\\/fr\\\/#organization\",\"name\":\"Colleges and Institutes Canada\",\"url\":\"https:\\\/\\\/www.collegesinstitutes.ca\\\/fr\\\/\",\"logo\":{\"@type\":\"ImageObject\",\"inLanguage\":\"fr-FR\",\"@id\":\"https:\\\/\\\/www.collegesinstitutes.ca\\\/fr\\\/#\\\/schema\\\/logo\\\/image\\\/\",\"url\":\"https:\\\/\\\/www.collegesinstitutes.ca\\\/wp-content\\\/uploads\\\/2025\\\/06\\\/logo-en.png\",\"contentUrl\":\"https:\\\/\\\/www.collegesinstitutes.ca\\\/wp-content\\\/uploads\\\/2025\\\/06\\\/logo-en.png\",\"width\":794,\"height\":280,\"caption\":\"Colleges and Institutes Canada\"},\"image\":{\"@id\":\"https:\\\/\\\/www.collegesinstitutes.ca\\\/fr\\\/#\\\/schema\\\/logo\\\/image\\\/\"}}]}<\/script>\n<!-- \/ Yoast SEO plugin. -->","yoast_head_json":{"title":"Mises en candidature - Colleges and Institutes Canada","robots":{"index":"index","follow":"follow","max-snippet":"max-snippet:-1","max-image-preview":"max-image-preview:large","max-video-preview":"max-video-preview:-1"},"canonical":"https:\/\/www.collegesinstitutes.ca\/fr\/colleges-instituts-communaute\/prix\/les-prix-dexcellence\/mises-en-candidature\/","og_locale":"fr_FR","og_type":"article","og_title":"Mises en candidature - Colleges and Institutes Canada","og_description":"Promouvoir l\u2019excellence au sein de notre r\u00e9seau alimente un puissant r\u00e9cit national. Les membres de CICan sont invit\u00e9s \u00e0 proposer la candidature d\u2019individus, d\u2019\u00e9quipes et de programmes qui contribuent \u00e0...","og_url":"https:\/\/www.collegesinstitutes.ca\/fr\/colleges-instituts-communaute\/prix\/les-prix-dexcellence\/mises-en-candidature\/","og_site_name":"Colleges and Institutes Canada","article_modified_time":"2025-09-05T14:50:37+00:00","og_image":[{"width":1200,"height":600,"url":"https:\/\/www.collegesinstitutes.ca\/wp-content\/uploads\/2024\/05\/cican-2024-awards-withoutyear.png","type":"image\/png"}],"twitter_card":"summary_large_image","twitter_misc":{"Est. reading time":"1 minute"},"schema":{"@context":"https:\/\/schema.org","@graph":[{"@type":"WebPage","@id":"https:\/\/www.collegesinstitutes.ca\/fr\/colleges-instituts-communaute\/prix\/les-prix-dexcellence\/mises-en-candidature\/","url":"https:\/\/www.collegesinstitutes.ca\/fr\/colleges-instituts-communaute\/prix\/les-prix-dexcellence\/mises-en-candidature\/","name":"Mises en candidature - Colleges and Institutes Canada","isPartOf":{"@id":"https:\/\/www.collegesinstitutes.ca\/fr\/#website"},"primaryImageOfPage":{"@id":"https:\/\/www.collegesinstitutes.ca\/fr\/colleges-instituts-communaute\/prix\/les-prix-dexcellence\/mises-en-candidature\/#primaryimage"},"image":{"@id":"https:\/\/www.collegesinstitutes.ca\/fr\/colleges-instituts-communaute\/prix\/les-prix-dexcellence\/mises-en-candidature\/#primaryimage"},"thumbnailUrl":"https:\/\/www.collegesinstitutes.ca\/wp-content\/uploads\/2024\/05\/cican-2024-awards-withoutyear.png","datePublished":"2025-08-12T04:23:59+00:00","dateModified":"2025-09-05T14:50:37+00:00","breadcrumb":{"@id":"https:\/\/www.collegesinstitutes.ca\/fr\/colleges-instituts-communaute\/prix\/les-prix-dexcellence\/mises-en-candidature\/#breadcrumb"},"inLanguage":"fr-FR","potentialAction":[{"@type":"ReadAction","target":["https:\/\/www.collegesinstitutes.ca\/fr\/colleges-instituts-communaute\/prix\/les-prix-dexcellence\/mises-en-candidature\/"]}]},{"@type":"ImageObject","inLanguage":"fr-FR","@id":"https:\/\/www.collegesinstitutes.ca\/fr\/colleges-instituts-communaute\/prix\/les-prix-dexcellence\/mises-en-candidature\/#primaryimage","url":"https:\/\/www.collegesinstitutes.ca\/wp-content\/uploads\/2024\/05\/cican-2024-awards-withoutyear.png","contentUrl":"https:\/\/www.collegesinstitutes.ca\/wp-content\/uploads\/2024\/05\/cican-2024-awards-withoutyear.png","width":1200,"height":600},{"@type":"BreadcrumbList","@id":"https:\/\/www.collegesinstitutes.ca\/fr\/colleges-instituts-communaute\/prix\/les-prix-dexcellence\/mises-en-candidature\/#breadcrumb","itemListElement":[{"@type":"ListItem","position":1,"name":"Home","item":"https:\/\/www.collegesinstitutes.ca\/fr\/"},{"@type":"ListItem","position":2,"name":"Les coll\u00e8ges et instituts au service de votre communaut\u00e9","item":"https:\/\/www.collegesinstitutes.ca\/fr\/colleges-instituts-communaute\/"},{"@type":"ListItem","position":3,"name":"Prix","item":"https:\/\/www.collegesinstitutes.ca\/fr\/colleges-instituts-communaute\/prix\/"},{"@type":"ListItem","position":4,"name":"Les Prix d\u2019excellence","item":"https:\/\/www.collegesinstitutes.ca\/fr\/colleges-instituts-communaute\/prix\/les-prix-dexcellence\/"},{"@type":"ListItem","position":5,"name":"Mises en candidature"}]},{"@type":"WebSite","@id":"https:\/\/www.collegesinstitutes.ca\/fr\/#website","url":"https:\/\/www.collegesinstitutes.ca\/fr\/","name":"Colleges and Institutes Canada","description":"The Voice of Canada&#039;s Colleges &amp; Institutes","publisher":{"@id":"https:\/\/www.collegesinstitutes.ca\/fr\/#organization"},"potentialAction":[{"@type":"SearchAction","target":{"@type":"EntryPoint","urlTemplate":"https:\/\/www.collegesinstitutes.ca\/fr\/?s={search_term_string}"},"query-input":{"@type":"PropertyValueSpecification","valueRequired":true,"valueName":"search_term_string"}}],"inLanguage":"fr-FR"},{"@type":"Organization","@id":"https:\/\/www.collegesinstitutes.ca\/fr\/#organization","name":"Colleges and Institutes Canada","url":"https:\/\/www.collegesinstitutes.ca\/fr\/","logo":{"@type":"ImageObject","inLanguage":"fr-FR","@id":"https:\/\/www.collegesinstitutes.ca\/fr\/#\/schema\/logo\/image\/","url":"https:\/\/www.collegesinstitutes.ca\/wp-content\/uploads\/2025\/06\/logo-en.png","contentUrl":"https:\/\/www.collegesinstitutes.ca\/wp-content\/uploads\/2025\/06\/logo-en.png","width":794,"height":280,"caption":"Colleges and Institutes Canada"},"image":{"@id":"https:\/\/www.collegesinstitutes.ca\/fr\/#\/schema\/logo\/image\/"}}]}},"_links":{"self":[{"href":"https:\/\/www.collegesinstitutes.ca\/fr\/wp-json\/wp\/v2\/pages\/35852","targetHints":{"allow":["GET"]}}],"collection":[{"href":"https:\/\/www.collegesinstitutes.ca\/fr\/wp-json\/wp\/v2\/pages"}],"about":[{"href":"https:\/\/www.collegesinstitutes.ca\/fr\/wp-json\/wp\/v2\/types\/page"}],"author":[{"embeddable":true,"href":"https:\/\/www.collegesinstitutes.ca\/fr\/wp-json\/wp\/v2\/users\/16"}],"replies":[{"embeddable":true,"href":"https:\/\/www.collegesinstitutes.ca\/fr\/wp-json\/wp\/v2\/comments?post=35852"}],"version-history":[{"count":0,"href":"https:\/\/www.collegesinstitutes.ca\/fr\/wp-json\/wp\/v2\/pages\/35852\/revisions"}],"up":[{"embeddable":true,"href":"https:\/\/www.collegesinstitutes.ca\/fr\/wp-json\/wp\/v2\/pages\/35848"}],"wp:featuredmedia":[{"embeddable":true,"href":"https:\/\/www.collegesinstitutes.ca\/fr\/wp-json\/wp\/v2\/media\/33973"}],"wp:attachment":[{"href":"https:\/\/www.collegesinstitutes.ca\/fr\/wp-json\/wp\/v2\/media?parent=35852"}],"wp:term":[{"taxonomy":"category","embeddable":true,"href":"https:\/\/www.collegesinstitutes.ca\/fr\/wp-json\/wp\/v2\/categories?post=35852"},{"taxonomy":"post_tag","embeddable":true,"href":"https:\/\/www.collegesinstitutes.ca\/fr\/wp-json\/wp\/v2\/tags?post=35852"}],"curies":[{"name":"wp","href":"https:\/\/api.w.org\/{rel}","templated":true}]}}