{"id":35848,"date":"2025-08-12T04:14:28","date_gmt":"2025-08-12T04:14:28","guid":{"rendered":"https:\/\/www.collegesinstitutes.ca\/?page_id=35848"},"modified":"2025-08-21T13:03:21","modified_gmt":"2025-08-21T13:03:21","slug":"les-prix-dexcellence","status":"publish","type":"page","link":"https:\/\/www.collegesinstitutes.ca\/fr\/colleges-instituts-communaute\/prix\/les-prix-dexcellence\/","title":{"rendered":"Les Prix d\u2019excellence"},"content":{"rendered":"<p class=\"p1 lead\"><b>Le Canada a besoin de mesures audacieuses, et ces prix r\u00e9compensent celles et ceux qui les mettent en \u0153uvre.<\/b><\/p>\n<p class=\"p1\">Les Prix d\u2019excellence de CICan r\u00e9compensent celles et ceux qui se distinguent par leur leadership, leur esprit d\u2019innovation ou leurs programmes porteurs de changements concrets \u00e0 travers le pays. Que ce soit dans les salles de classe ou au sein des collectivit\u00e9s, dans les laboratoires ou en milieu de travail, ils et elles forment la main-d\u2019\u0153uvre, donnent vie aux id\u00e9es et apportent des solutions qui renforcent l\u2019\u00e9conomie du Canada et am\u00e9liorent la vie de toutes les Canadiennes et tous les Canadiens.<\/p>\n<div class=\"row m-0 gap-4\">\n<div class=\"col-md-5 boxit\">\n<h2 class=\"m-0\"><a href=\"https:\/\/www.collegesinstitutes.ca\/fr\/colleges-instituts-communaute\/prix\/les-prix-dexcellence\/laureats\/\">Consultez la liste des anciens laur\u00e9ats<\/a><\/h3>\n<p>D\u00e9couvrez les individus, les \u00e9quipes et les programmes exceptionnels dont l\u2019impact contribue \u00e0 b\u00e2tir un Canada plus fort et plus r\u00e9silient.<\/p>\n<\/div>\n<div class=\"col-md-5 boxit\">\n<h2 class=\"m-0\"><a href=\"https:\/\/www.collegesinstitutes.ca\/fr\/colleges-instituts-communaute\/prix\/les-prix-dexcellence\/mises-en-candidature\/\">Soumettez une candidature<\/a><\/h3>\n<p>Proposez la candidature des individus, des \u00e9quipes et des programmes de votre \u00e9tablissement dont le travail fa\u00e7onne l\u2019avenir du Canada.<\/p>\n<\/div>\n<\/div>\n","protected":false},"excerpt":{"rendered":"<p>Le Canada a besoin de mesures audacieuses, et ces prix r\u00e9compensent celles et ceux qui les mettent en \u0153uvre. Les Prix d\u2019excellence de CICan r\u00e9compensent celles et ceux qui se&#8230;<\/p>\n","protected":false},"author":16,"featured_media":33973,"parent":10687,"menu_order":0,"comment_status":"closed","ping_status":"closed","template":"page-awards.php","meta":{"_acf_changed":false,"footnotes":""},"categories":[],"tags":[],"class_list":["post-35848","page","type-page","status-publish","has-post-thumbnail","hentry"],"acf":[],"yoast_head":"<!-- This site is optimized with the Yoast SEO plugin v27.4 - https:\/\/yoast.com\/product\/yoast-seo-wordpress\/ -->\n<title>Les Prix d\u2019excellence - Colleges and Institutes Canada<\/title>\n<meta name=\"robots\" content=\"index, follow, max-snippet:-1, max-image-preview:large, max-video-preview:-1\" \/>\n<link rel=\"canonical\" href=\"https:\/\/www.collegesinstitutes.ca\/fr\/colleges-instituts-communaute\/prix\/les-prix-dexcellence\/\" \/>\n<meta property=\"og:locale\" content=\"fr_FR\" \/>\n<meta property=\"og:type\" content=\"article\" \/>\n<meta property=\"og:title\" content=\"Les Prix d\u2019excellence - Colleges and Institutes Canada\" \/>\n<meta property=\"og:description\" content=\"Le Canada a besoin de mesures audacieuses, et ces prix r\u00e9compensent celles et ceux qui les mettent en \u0153uvre. Les Prix d\u2019excellence de CICan r\u00e9compensent celles et ceux qui se...\" \/>\n<meta property=\"og:url\" content=\"https:\/\/www.collegesinstitutes.ca\/fr\/colleges-instituts-communaute\/prix\/les-prix-dexcellence\/\" \/>\n<meta property=\"og:site_name\" content=\"Colleges and Institutes Canada\" \/>\n<meta property=\"article:modified_time\" content=\"2025-08-21T13:03:21+00:00\" \/>\n<meta property=\"og:image\" content=\"https:\/\/www.collegesinstitutes.ca\/wp-content\/uploads\/2024\/05\/cican-2024-awards-withoutyear.png\" \/>\n\t<meta property=\"og:image:width\" content=\"1200\" \/>\n\t<meta property=\"og:image:height\" content=\"600\" \/>\n\t<meta property=\"og:image:type\" content=\"image\/png\" \/>\n<meta name=\"twitter:card\" content=\"summary_large_image\" \/>\n<meta name=\"twitter:label1\" content=\"Est. reading time\" \/>\n\t<meta name=\"twitter:data1\" content=\"1 minute\" \/>\n<script type=\"application\/ld+json\" class=\"yoast-schema-graph\">{\"@context\":\"https:\\\/\\\/schema.org\",\"@graph\":[{\"@type\":\"WebPage\",\"@id\":\"https:\\\/\\\/www.collegesinstitutes.ca\\\/fr\\\/colleges-instituts-communaute\\\/prix\\\/les-prix-dexcellence\\\/\",\"url\":\"https:\\\/\\\/www.collegesinstitutes.ca\\\/fr\\\/colleges-instituts-communaute\\\/prix\\\/les-prix-dexcellence\\\/\",\"name\":\"Les Prix d\u2019excellence - Colleges and Institutes Canada\",\"isPartOf\":{\"@id\":\"https:\\\/\\\/www.collegesinstitutes.ca\\\/fr\\\/#website\"},\"primaryImageOfPage\":{\"@id\":\"https:\\\/\\\/www.collegesinstitutes.ca\\\/fr\\\/colleges-instituts-communaute\\\/prix\\\/les-prix-dexcellence\\\/#primaryimage\"},\"image\":{\"@id\":\"https:\\\/\\\/www.collegesinstitutes.ca\\\/fr\\\/colleges-instituts-communaute\\\/prix\\\/les-prix-dexcellence\\\/#primaryimage\"},\"thumbnailUrl\":\"https:\\\/\\\/www.collegesinstitutes.ca\\\/wp-content\\\/uploads\\\/2024\\\/05\\\/cican-2024-awards-withoutyear.png\",\"datePublished\":\"2025-08-12T04:14:28+00:00\",\"dateModified\":\"2025-08-21T13:03:21+00:00\",\"breadcrumb\":{\"@id\":\"https:\\\/\\\/www.collegesinstitutes.ca\\\/fr\\\/colleges-instituts-communaute\\\/prix\\\/les-prix-dexcellence\\\/#breadcrumb\"},\"inLanguage\":\"fr-FR\",\"potentialAction\":[{\"@type\":\"ReadAction\",\"target\":[\"https:\\\/\\\/www.collegesinstitutes.ca\\\/fr\\\/colleges-instituts-communaute\\\/prix\\\/les-prix-dexcellence\\\/\"]}]},{\"@type\":\"ImageObject\",\"inLanguage\":\"fr-FR\",\"@id\":\"https:\\\/\\\/www.collegesinstitutes.ca\\\/fr\\\/colleges-instituts-communaute\\\/prix\\\/les-prix-dexcellence\\\/#primaryimage\",\"url\":\"https:\\\/\\\/www.collegesinstitutes.ca\\\/wp-content\\\/uploads\\\/2024\\\/05\\\/cican-2024-awards-withoutyear.png\",\"contentUrl\":\"https:\\\/\\\/www.collegesinstitutes.ca\\\/wp-content\\\/uploads\\\/2024\\\/05\\\/cican-2024-awards-withoutyear.png\",\"width\":1200,\"height\":600},{\"@type\":\"BreadcrumbList\",\"@id\":\"https:\\\/\\\/www.collegesinstitutes.ca\\\/fr\\\/colleges-instituts-communaute\\\/prix\\\/les-prix-dexcellence\\\/#breadcrumb\",\"itemListElement\":[{\"@type\":\"ListItem\",\"position\":1,\"name\":\"Home\",\"item\":\"https:\\\/\\\/www.collegesinstitutes.ca\\\/fr\\\/\"},{\"@type\":\"ListItem\",\"position\":2,\"name\":\"Les coll\u00e8ges et instituts au service de votre communaut\u00e9\",\"item\":\"https:\\\/\\\/www.collegesinstitutes.ca\\\/fr\\\/colleges-instituts-communaute\\\/\"},{\"@type\":\"ListItem\",\"position\":3,\"name\":\"Prix\",\"item\":\"https:\\\/\\\/www.collegesinstitutes.ca\\\/fr\\\/colleges-instituts-communaute\\\/prix\\\/\"},{\"@type\":\"ListItem\",\"position\":4,\"name\":\"Les Prix d\u2019excellence\"}]},{\"@type\":\"WebSite\",\"@id\":\"https:\\\/\\\/www.collegesinstitutes.ca\\\/fr\\\/#website\",\"url\":\"https:\\\/\\\/www.collegesinstitutes.ca\\\/fr\\\/\",\"name\":\"Colleges and Institutes Canada\",\"description\":\"The Voice of Canada&#039;s Colleges &amp; Institutes\",\"publisher\":{\"@id\":\"https:\\\/\\\/www.collegesinstitutes.ca\\\/fr\\\/#organization\"},\"potentialAction\":[{\"@type\":\"SearchAction\",\"target\":{\"@type\":\"EntryPoint\",\"urlTemplate\":\"https:\\\/\\\/www.collegesinstitutes.ca\\\/fr\\\/?s={search_term_string}\"},\"query-input\":{\"@type\":\"PropertyValueSpecification\",\"valueRequired\":true,\"valueName\":\"search_term_string\"}}],\"inLanguage\":\"fr-FR\"},{\"@type\":\"Organization\",\"@id\":\"https:\\\/\\\/www.collegesinstitutes.ca\\\/fr\\\/#organization\",\"name\":\"Colleges and Institutes Canada\",\"url\":\"https:\\\/\\\/www.collegesinstitutes.ca\\\/fr\\\/\",\"logo\":{\"@type\":\"ImageObject\",\"inLanguage\":\"fr-FR\",\"@id\":\"https:\\\/\\\/www.collegesinstitutes.ca\\\/fr\\\/#\\\/schema\\\/logo\\\/image\\\/\",\"url\":\"https:\\\/\\\/www.collegesinstitutes.ca\\\/wp-content\\\/uploads\\\/2025\\\/06\\\/logo-en.png\",\"contentUrl\":\"https:\\\/\\\/www.collegesinstitutes.ca\\\/wp-content\\\/uploads\\\/2025\\\/06\\\/logo-en.png\",\"width\":794,\"height\":280,\"caption\":\"Colleges and Institutes Canada\"},\"image\":{\"@id\":\"https:\\\/\\\/www.collegesinstitutes.ca\\\/fr\\\/#\\\/schema\\\/logo\\\/image\\\/\"}}]}<\/script>\n<!-- \/ Yoast SEO plugin. -->","yoast_head_json":{"title":"Les Prix d\u2019excellence - Colleges and Institutes Canada","robots":{"index":"index","follow":"follow","max-snippet":"max-snippet:-1","max-image-preview":"max-image-preview:large","max-video-preview":"max-video-preview:-1"},"canonical":"https:\/\/www.collegesinstitutes.ca\/fr\/colleges-instituts-communaute\/prix\/les-prix-dexcellence\/","og_locale":"fr_FR","og_type":"article","og_title":"Les Prix d\u2019excellence - Colleges and Institutes Canada","og_description":"Le Canada a besoin de mesures audacieuses, et ces prix r\u00e9compensent celles et ceux qui les mettent en \u0153uvre. Les Prix d\u2019excellence de CICan r\u00e9compensent celles et ceux qui se...","og_url":"https:\/\/www.collegesinstitutes.ca\/fr\/colleges-instituts-communaute\/prix\/les-prix-dexcellence\/","og_site_name":"Colleges and Institutes Canada","article_modified_time":"2025-08-21T13:03:21+00:00","og_image":[{"width":1200,"height":600,"url":"https:\/\/www.collegesinstitutes.ca\/wp-content\/uploads\/2024\/05\/cican-2024-awards-withoutyear.png","type":"image\/png"}],"twitter_card":"summary_large_image","twitter_misc":{"Est. reading time":"1 minute"},"schema":{"@context":"https:\/\/schema.org","@graph":[{"@type":"WebPage","@id":"https:\/\/www.collegesinstitutes.ca\/fr\/colleges-instituts-communaute\/prix\/les-prix-dexcellence\/","url":"https:\/\/www.collegesinstitutes.ca\/fr\/colleges-instituts-communaute\/prix\/les-prix-dexcellence\/","name":"Les Prix d\u2019excellence - Colleges and Institutes Canada","isPartOf":{"@id":"https:\/\/www.collegesinstitutes.ca\/fr\/#website"},"primaryImageOfPage":{"@id":"https:\/\/www.collegesinstitutes.ca\/fr\/colleges-instituts-communaute\/prix\/les-prix-dexcellence\/#primaryimage"},"image":{"@id":"https:\/\/www.collegesinstitutes.ca\/fr\/colleges-instituts-communaute\/prix\/les-prix-dexcellence\/#primaryimage"},"thumbnailUrl":"https:\/\/www.collegesinstitutes.ca\/wp-content\/uploads\/2024\/05\/cican-2024-awards-withoutyear.png","datePublished":"2025-08-12T04:14:28+00:00","dateModified":"2025-08-21T13:03:21+00:00","breadcrumb":{"@id":"https:\/\/www.collegesinstitutes.ca\/fr\/colleges-instituts-communaute\/prix\/les-prix-dexcellence\/#breadcrumb"},"inLanguage":"fr-FR","potentialAction":[{"@type":"ReadAction","target":["https:\/\/www.collegesinstitutes.ca\/fr\/colleges-instituts-communaute\/prix\/les-prix-dexcellence\/"]}]},{"@type":"ImageObject","inLanguage":"fr-FR","@id":"https:\/\/www.collegesinstitutes.ca\/fr\/colleges-instituts-communaute\/prix\/les-prix-dexcellence\/#primaryimage","url":"https:\/\/www.collegesinstitutes.ca\/wp-content\/uploads\/2024\/05\/cican-2024-awards-withoutyear.png","contentUrl":"https:\/\/www.collegesinstitutes.ca\/wp-content\/uploads\/2024\/05\/cican-2024-awards-withoutyear.png","width":1200,"height":600},{"@type":"BreadcrumbList","@id":"https:\/\/www.collegesinstitutes.ca\/fr\/colleges-instituts-communaute\/prix\/les-prix-dexcellence\/#breadcrumb","itemListElement":[{"@type":"ListItem","position":1,"name":"Home","item":"https:\/\/www.collegesinstitutes.ca\/fr\/"},{"@type":"ListItem","position":2,"name":"Les coll\u00e8ges et instituts au service de votre communaut\u00e9","item":"https:\/\/www.collegesinstitutes.ca\/fr\/colleges-instituts-communaute\/"},{"@type":"ListItem","position":3,"name":"Prix","item":"https:\/\/www.collegesinstitutes.ca\/fr\/colleges-instituts-communaute\/prix\/"},{"@type":"ListItem","position":4,"name":"Les Prix d\u2019excellence"}]},{"@type":"WebSite","@id":"https:\/\/www.collegesinstitutes.ca\/fr\/#website","url":"https:\/\/www.collegesinstitutes.ca\/fr\/","name":"Colleges and Institutes Canada","description":"The Voice of Canada&#039;s Colleges &amp; Institutes","publisher":{"@id":"https:\/\/www.collegesinstitutes.ca\/fr\/#organization"},"potentialAction":[{"@type":"SearchAction","target":{"@type":"EntryPoint","urlTemplate":"https:\/\/www.collegesinstitutes.ca\/fr\/?s={search_term_string}"},"query-input":{"@type":"PropertyValueSpecification","valueRequired":true,"valueName":"search_term_string"}}],"inLanguage":"fr-FR"},{"@type":"Organization","@id":"https:\/\/www.collegesinstitutes.ca\/fr\/#organization","name":"Colleges and Institutes Canada","url":"https:\/\/www.collegesinstitutes.ca\/fr\/","logo":{"@type":"ImageObject","inLanguage":"fr-FR","@id":"https:\/\/www.collegesinstitutes.ca\/fr\/#\/schema\/logo\/image\/","url":"https:\/\/www.collegesinstitutes.ca\/wp-content\/uploads\/2025\/06\/logo-en.png","contentUrl":"https:\/\/www.collegesinstitutes.ca\/wp-content\/uploads\/2025\/06\/logo-en.png","width":794,"height":280,"caption":"Colleges and Institutes Canada"},"image":{"@id":"https:\/\/www.collegesinstitutes.ca\/fr\/#\/schema\/logo\/image\/"}}]}},"_links":{"self":[{"href":"https:\/\/www.collegesinstitutes.ca\/fr\/wp-json\/wp\/v2\/pages\/35848","targetHints":{"allow":["GET"]}}],"collection":[{"href":"https:\/\/www.collegesinstitutes.ca\/fr\/wp-json\/wp\/v2\/pages"}],"about":[{"href":"https:\/\/www.collegesinstitutes.ca\/fr\/wp-json\/wp\/v2\/types\/page"}],"author":[{"embeddable":true,"href":"https:\/\/www.collegesinstitutes.ca\/fr\/wp-json\/wp\/v2\/users\/16"}],"replies":[{"embeddable":true,"href":"https:\/\/www.collegesinstitutes.ca\/fr\/wp-json\/wp\/v2\/comments?post=35848"}],"version-history":[{"count":0,"href":"https:\/\/www.collegesinstitutes.ca\/fr\/wp-json\/wp\/v2\/pages\/35848\/revisions"}],"up":[{"embeddable":true,"href":"https:\/\/www.collegesinstitutes.ca\/fr\/wp-json\/wp\/v2\/pages\/10687"}],"wp:featuredmedia":[{"embeddable":true,"href":"https:\/\/www.collegesinstitutes.ca\/fr\/wp-json\/wp\/v2\/media\/33973"}],"wp:attachment":[{"href":"https:\/\/www.collegesinstitutes.ca\/fr\/wp-json\/wp\/v2\/media?parent=35848"}],"wp:term":[{"taxonomy":"category","embeddable":true,"href":"https:\/\/www.collegesinstitutes.ca\/fr\/wp-json\/wp\/v2\/categories?post=35848"},{"taxonomy":"post_tag","embeddable":true,"href":"https:\/\/www.collegesinstitutes.ca\/fr\/wp-json\/wp\/v2\/tags?post=35848"}],"curies":[{"name":"wp","href":"https:\/\/api.w.org\/{rel}","templated":true}]}}