{"id":35582,"date":"2025-05-30T13:40:09","date_gmt":"2025-05-30T13:40:09","guid":{"rendered":"https:\/\/www.collegesinstitutes.ca\/?page_id=35582"},"modified":"2026-01-14T12:00:56","modified_gmt":"2026-01-14T12:00:56","slug":"greenhouse-practices-and-operational-fundamentals","status":"publish","type":"page","link":"https:\/\/www.collegesinstitutes.ca\/fr\/microcertifications\/uie\/greenhouse-practices-and-operational-fundamentals\/","title":{"rendered":"microcertification sur les pratiques et les principes de fonctionnement des serres"},"content":{"rendered":"","protected":false},"excerpt":{"rendered":"","protected":false},"author":16,"featured_media":35558,"parent":35569,"menu_order":0,"comment_status":"closed","ping_status":"closed","template":"page-hero-content.php","meta":{"_acf_changed":false,"footnotes":""},"categories":[],"tags":[],"class_list":["post-35582","page","type-page","status-publish","has-post-thumbnail","hentry"],"acf":[],"yoast_head":"<!-- This site is optimized with the Yoast SEO plugin v27.3 - https:\/\/yoast.com\/product\/yoast-seo-wordpress\/ -->\n<title>microcertification sur les pratiques et les principes de fonctionnement des serres - Colleges and Institutes Canada<\/title>\n<meta name=\"description\" content=\"Ma\u00eetrisez les principes de base du fonctionnement d\u2019une serre gr\u00e2ce \u00e0 cette microcertification pratique, offerte par des coll\u00e8ges et des instituts de partout au Canada. Familiarisez-vous avec la multiplication et le soin des v\u00e9g\u00e9taux, les technologies employ\u00e9es dans les serres et les d\u00e9cisions commerciales.\" \/>\n<meta name=\"robots\" content=\"index, follow, max-snippet:-1, max-image-preview:large, max-video-preview:-1\" \/>\n<link rel=\"canonical\" href=\"https:\/\/www.collegesinstitutes.ca\/fr\/microcertifications\/uie\/greenhouse-practices-and-operational-fundamentals\/\" \/>\n<meta property=\"og:locale\" content=\"fr_FR\" \/>\n<meta property=\"og:type\" content=\"article\" \/>\n<meta property=\"og:title\" content=\"microcertification sur les pratiques et les principes de fonctionnement des serres - Colleges and Institutes Canada\" \/>\n<meta property=\"og:description\" content=\"Ma\u00eetrisez les principes de base du fonctionnement d\u2019une serre gr\u00e2ce \u00e0 cette microcertification pratique, offerte par des coll\u00e8ges et des instituts de partout au Canada. Familiarisez-vous avec la multiplication et le soin des v\u00e9g\u00e9taux, les technologies employ\u00e9es dans les serres et les d\u00e9cisions commerciales.\" \/>\n<meta property=\"og:url\" content=\"https:\/\/www.collegesinstitutes.ca\/fr\/microcertifications\/uie\/greenhouse-practices-and-operational-fundamentals\/\" \/>\n<meta property=\"og:site_name\" content=\"Colleges and Institutes Canada\" \/>\n<meta property=\"article:modified_time\" content=\"2026-01-14T12:00:56+00:00\" \/>\n<meta property=\"og:image\" content=\"https:\/\/www.collegesinstitutes.ca\/wp-content\/uploads\/2025\/05\/upskilling_graphics_cleantech_2_2-3.webp\" \/>\n\t<meta property=\"og:image:width\" content=\"391\" \/>\n\t<meta property=\"og:image:height\" content=\"407\" \/>\n\t<meta property=\"og:image:type\" content=\"image\/webp\" \/>\n<meta name=\"twitter:card\" content=\"summary_large_image\" \/>\n<meta name=\"twitter:label1\" content=\"Est. reading time\" \/>\n\t<meta name=\"twitter:data1\" content=\"1 minute\" \/>\n<script type=\"application\/ld+json\" class=\"yoast-schema-graph\">{\"@context\":\"https:\\\/\\\/schema.org\",\"@graph\":[{\"@type\":\"WebPage\",\"@id\":\"https:\\\/\\\/www.collegesinstitutes.ca\\\/fr\\\/microcertifications\\\/uie\\\/greenhouse-practices-and-operational-fundamentals\\\/\",\"url\":\"https:\\\/\\\/www.collegesinstitutes.ca\\\/fr\\\/microcertifications\\\/uie\\\/greenhouse-practices-and-operational-fundamentals\\\/\",\"name\":\"microcertification sur les pratiques et les principes de fonctionnement des serres - Colleges and Institutes Canada\",\"isPartOf\":{\"@id\":\"https:\\\/\\\/www.collegesinstitutes.ca\\\/fr\\\/#website\"},\"primaryImageOfPage\":{\"@id\":\"https:\\\/\\\/www.collegesinstitutes.ca\\\/fr\\\/microcertifications\\\/uie\\\/greenhouse-practices-and-operational-fundamentals\\\/#primaryimage\"},\"image\":{\"@id\":\"https:\\\/\\\/www.collegesinstitutes.ca\\\/fr\\\/microcertifications\\\/uie\\\/greenhouse-practices-and-operational-fundamentals\\\/#primaryimage\"},\"thumbnailUrl\":\"https:\\\/\\\/www.collegesinstitutes.ca\\\/wp-content\\\/uploads\\\/2025\\\/05\\\/upskilling_graphics_cleantech_2_2-3.webp\",\"datePublished\":\"2025-05-30T13:40:09+00:00\",\"dateModified\":\"2026-01-14T12:00:56+00:00\",\"description\":\"Ma\u00eetrisez les principes de base du fonctionnement d\u2019une serre gr\u00e2ce \u00e0 cette microcertification pratique, offerte par des coll\u00e8ges et des instituts de partout au Canada. Familiarisez-vous avec la multiplication et le soin des v\u00e9g\u00e9taux, les technologies employ\u00e9es dans les serres et les d\u00e9cisions commerciales.\",\"breadcrumb\":{\"@id\":\"https:\\\/\\\/www.collegesinstitutes.ca\\\/fr\\\/microcertifications\\\/uie\\\/greenhouse-practices-and-operational-fundamentals\\\/#breadcrumb\"},\"inLanguage\":\"fr-FR\",\"potentialAction\":[{\"@type\":\"ReadAction\",\"target\":[\"https:\\\/\\\/www.collegesinstitutes.ca\\\/fr\\\/microcertifications\\\/uie\\\/greenhouse-practices-and-operational-fundamentals\\\/\"]}]},{\"@type\":\"ImageObject\",\"inLanguage\":\"fr-FR\",\"@id\":\"https:\\\/\\\/www.collegesinstitutes.ca\\\/fr\\\/microcertifications\\\/uie\\\/greenhouse-practices-and-operational-fundamentals\\\/#primaryimage\",\"url\":\"https:\\\/\\\/www.collegesinstitutes.ca\\\/wp-content\\\/uploads\\\/2025\\\/05\\\/upskilling_graphics_cleantech_2_2-3.webp\",\"contentUrl\":\"https:\\\/\\\/www.collegesinstitutes.ca\\\/wp-content\\\/uploads\\\/2025\\\/05\\\/upskilling_graphics_cleantech_2_2-3.webp\",\"width\":391,\"height\":407},{\"@type\":\"BreadcrumbList\",\"@id\":\"https:\\\/\\\/www.collegesinstitutes.ca\\\/fr\\\/microcertifications\\\/uie\\\/greenhouse-practices-and-operational-fundamentals\\\/#breadcrumb\",\"itemListElement\":[{\"@type\":\"ListItem\",\"position\":1,\"name\":\"Home\",\"item\":\"https:\\\/\\\/www.collegesinstitutes.ca\\\/fr\\\/\"},{\"@type\":\"ListItem\",\"position\":2,\"name\":\"Microcertifications\",\"item\":\"https:\\\/\\\/www.collegesinstitutes.ca\\\/fr\\\/microcertifications\\\/\"},{\"@type\":\"ListItem\",\"position\":3,\"name\":\"Acc\u00e9l\u00e9rez votre cheminement professionnel!\",\"item\":\"https:\\\/\\\/www.collegesinstitutes.ca\\\/fr\\\/microcertifications\\\/uie\\\/\"},{\"@type\":\"ListItem\",\"position\":4,\"name\":\"microcertification sur les pratiques et les principes de fonctionnement des serres\"}]},{\"@type\":\"WebSite\",\"@id\":\"https:\\\/\\\/www.collegesinstitutes.ca\\\/fr\\\/#website\",\"url\":\"https:\\\/\\\/www.collegesinstitutes.ca\\\/fr\\\/\",\"name\":\"Colleges and Institutes Canada\",\"description\":\"The Voice of Canada&#039;s Colleges &amp; Institutes\",\"publisher\":{\"@id\":\"https:\\\/\\\/www.collegesinstitutes.ca\\\/fr\\\/#organization\"},\"potentialAction\":[{\"@type\":\"SearchAction\",\"target\":{\"@type\":\"EntryPoint\",\"urlTemplate\":\"https:\\\/\\\/www.collegesinstitutes.ca\\\/fr\\\/?s={search_term_string}\"},\"query-input\":{\"@type\":\"PropertyValueSpecification\",\"valueRequired\":true,\"valueName\":\"search_term_string\"}}],\"inLanguage\":\"fr-FR\"},{\"@type\":\"Organization\",\"@id\":\"https:\\\/\\\/www.collegesinstitutes.ca\\\/fr\\\/#organization\",\"name\":\"Colleges and Institutes Canada\",\"url\":\"https:\\\/\\\/www.collegesinstitutes.ca\\\/fr\\\/\",\"logo\":{\"@type\":\"ImageObject\",\"inLanguage\":\"fr-FR\",\"@id\":\"https:\\\/\\\/www.collegesinstitutes.ca\\\/fr\\\/#\\\/schema\\\/logo\\\/image\\\/\",\"url\":\"https:\\\/\\\/www.collegesinstitutes.ca\\\/wp-content\\\/uploads\\\/2025\\\/06\\\/logo-en.png\",\"contentUrl\":\"https:\\\/\\\/www.collegesinstitutes.ca\\\/wp-content\\\/uploads\\\/2025\\\/06\\\/logo-en.png\",\"width\":794,\"height\":280,\"caption\":\"Colleges and Institutes Canada\"},\"image\":{\"@id\":\"https:\\\/\\\/www.collegesinstitutes.ca\\\/fr\\\/#\\\/schema\\\/logo\\\/image\\\/\"}}]}<\/script>\n<!-- \/ Yoast SEO plugin. -->","yoast_head_json":{"title":"microcertification sur les pratiques et les principes de fonctionnement des serres - Colleges and Institutes Canada","description":"Ma\u00eetrisez les principes de base du fonctionnement d\u2019une serre gr\u00e2ce \u00e0 cette microcertification pratique, offerte par des coll\u00e8ges et des instituts de partout au Canada. Familiarisez-vous avec la multiplication et le soin des v\u00e9g\u00e9taux, les technologies employ\u00e9es dans les serres et les d\u00e9cisions commerciales.","robots":{"index":"index","follow":"follow","max-snippet":"max-snippet:-1","max-image-preview":"max-image-preview:large","max-video-preview":"max-video-preview:-1"},"canonical":"https:\/\/www.collegesinstitutes.ca\/fr\/microcertifications\/uie\/greenhouse-practices-and-operational-fundamentals\/","og_locale":"fr_FR","og_type":"article","og_title":"microcertification sur les pratiques et les principes de fonctionnement des serres - Colleges and Institutes Canada","og_description":"Ma\u00eetrisez les principes de base du fonctionnement d\u2019une serre gr\u00e2ce \u00e0 cette microcertification pratique, offerte par des coll\u00e8ges et des instituts de partout au Canada. Familiarisez-vous avec la multiplication et le soin des v\u00e9g\u00e9taux, les technologies employ\u00e9es dans les serres et les d\u00e9cisions commerciales.","og_url":"https:\/\/www.collegesinstitutes.ca\/fr\/microcertifications\/uie\/greenhouse-practices-and-operational-fundamentals\/","og_site_name":"Colleges and Institutes Canada","article_modified_time":"2026-01-14T12:00:56+00:00","og_image":[{"width":391,"height":407,"url":"https:\/\/www.collegesinstitutes.ca\/wp-content\/uploads\/2025\/05\/upskilling_graphics_cleantech_2_2-3.webp","type":"image\/webp"}],"twitter_card":"summary_large_image","twitter_misc":{"Est. reading time":"1 minute"},"schema":{"@context":"https:\/\/schema.org","@graph":[{"@type":"WebPage","@id":"https:\/\/www.collegesinstitutes.ca\/fr\/microcertifications\/uie\/greenhouse-practices-and-operational-fundamentals\/","url":"https:\/\/www.collegesinstitutes.ca\/fr\/microcertifications\/uie\/greenhouse-practices-and-operational-fundamentals\/","name":"microcertification sur les pratiques et les principes de fonctionnement des serres - Colleges and Institutes Canada","isPartOf":{"@id":"https:\/\/www.collegesinstitutes.ca\/fr\/#website"},"primaryImageOfPage":{"@id":"https:\/\/www.collegesinstitutes.ca\/fr\/microcertifications\/uie\/greenhouse-practices-and-operational-fundamentals\/#primaryimage"},"image":{"@id":"https:\/\/www.collegesinstitutes.ca\/fr\/microcertifications\/uie\/greenhouse-practices-and-operational-fundamentals\/#primaryimage"},"thumbnailUrl":"https:\/\/www.collegesinstitutes.ca\/wp-content\/uploads\/2025\/05\/upskilling_graphics_cleantech_2_2-3.webp","datePublished":"2025-05-30T13:40:09+00:00","dateModified":"2026-01-14T12:00:56+00:00","description":"Ma\u00eetrisez les principes de base du fonctionnement d\u2019une serre gr\u00e2ce \u00e0 cette microcertification pratique, offerte par des coll\u00e8ges et des instituts de partout au Canada. Familiarisez-vous avec la multiplication et le soin des v\u00e9g\u00e9taux, les technologies employ\u00e9es dans les serres et les d\u00e9cisions commerciales.","breadcrumb":{"@id":"https:\/\/www.collegesinstitutes.ca\/fr\/microcertifications\/uie\/greenhouse-practices-and-operational-fundamentals\/#breadcrumb"},"inLanguage":"fr-FR","potentialAction":[{"@type":"ReadAction","target":["https:\/\/www.collegesinstitutes.ca\/fr\/microcertifications\/uie\/greenhouse-practices-and-operational-fundamentals\/"]}]},{"@type":"ImageObject","inLanguage":"fr-FR","@id":"https:\/\/www.collegesinstitutes.ca\/fr\/microcertifications\/uie\/greenhouse-practices-and-operational-fundamentals\/#primaryimage","url":"https:\/\/www.collegesinstitutes.ca\/wp-content\/uploads\/2025\/05\/upskilling_graphics_cleantech_2_2-3.webp","contentUrl":"https:\/\/www.collegesinstitutes.ca\/wp-content\/uploads\/2025\/05\/upskilling_graphics_cleantech_2_2-3.webp","width":391,"height":407},{"@type":"BreadcrumbList","@id":"https:\/\/www.collegesinstitutes.ca\/fr\/microcertifications\/uie\/greenhouse-practices-and-operational-fundamentals\/#breadcrumb","itemListElement":[{"@type":"ListItem","position":1,"name":"Home","item":"https:\/\/www.collegesinstitutes.ca\/fr\/"},{"@type":"ListItem","position":2,"name":"Microcertifications","item":"https:\/\/www.collegesinstitutes.ca\/fr\/microcertifications\/"},{"@type":"ListItem","position":3,"name":"Acc\u00e9l\u00e9rez votre cheminement professionnel!","item":"https:\/\/www.collegesinstitutes.ca\/fr\/microcertifications\/uie\/"},{"@type":"ListItem","position":4,"name":"microcertification sur les pratiques et les principes de fonctionnement des serres"}]},{"@type":"WebSite","@id":"https:\/\/www.collegesinstitutes.ca\/fr\/#website","url":"https:\/\/www.collegesinstitutes.ca\/fr\/","name":"Colleges and Institutes Canada","description":"The Voice of Canada&#039;s Colleges &amp; Institutes","publisher":{"@id":"https:\/\/www.collegesinstitutes.ca\/fr\/#organization"},"potentialAction":[{"@type":"SearchAction","target":{"@type":"EntryPoint","urlTemplate":"https:\/\/www.collegesinstitutes.ca\/fr\/?s={search_term_string}"},"query-input":{"@type":"PropertyValueSpecification","valueRequired":true,"valueName":"search_term_string"}}],"inLanguage":"fr-FR"},{"@type":"Organization","@id":"https:\/\/www.collegesinstitutes.ca\/fr\/#organization","name":"Colleges and Institutes Canada","url":"https:\/\/www.collegesinstitutes.ca\/fr\/","logo":{"@type":"ImageObject","inLanguage":"fr-FR","@id":"https:\/\/www.collegesinstitutes.ca\/fr\/#\/schema\/logo\/image\/","url":"https:\/\/www.collegesinstitutes.ca\/wp-content\/uploads\/2025\/06\/logo-en.png","contentUrl":"https:\/\/www.collegesinstitutes.ca\/wp-content\/uploads\/2025\/06\/logo-en.png","width":794,"height":280,"caption":"Colleges and Institutes Canada"},"image":{"@id":"https:\/\/www.collegesinstitutes.ca\/fr\/#\/schema\/logo\/image\/"}}]}},"_links":{"self":[{"href":"https:\/\/www.collegesinstitutes.ca\/fr\/wp-json\/wp\/v2\/pages\/35582","targetHints":{"allow":["GET"]}}],"collection":[{"href":"https:\/\/www.collegesinstitutes.ca\/fr\/wp-json\/wp\/v2\/pages"}],"about":[{"href":"https:\/\/www.collegesinstitutes.ca\/fr\/wp-json\/wp\/v2\/types\/page"}],"author":[{"embeddable":true,"href":"https:\/\/www.collegesinstitutes.ca\/fr\/wp-json\/wp\/v2\/users\/16"}],"replies":[{"embeddable":true,"href":"https:\/\/www.collegesinstitutes.ca\/fr\/wp-json\/wp\/v2\/comments?post=35582"}],"version-history":[{"count":0,"href":"https:\/\/www.collegesinstitutes.ca\/fr\/wp-json\/wp\/v2\/pages\/35582\/revisions"}],"up":[{"embeddable":true,"href":"https:\/\/www.collegesinstitutes.ca\/fr\/wp-json\/wp\/v2\/pages\/35569"}],"wp:featuredmedia":[{"embeddable":true,"href":"https:\/\/www.collegesinstitutes.ca\/fr\/wp-json\/wp\/v2\/media\/35558"}],"wp:attachment":[{"href":"https:\/\/www.collegesinstitutes.ca\/fr\/wp-json\/wp\/v2\/media?parent=35582"}],"wp:term":[{"taxonomy":"category","embeddable":true,"href":"https:\/\/www.collegesinstitutes.ca\/fr\/wp-json\/wp\/v2\/categories?post=35582"},{"taxonomy":"post_tag","embeddable":true,"href":"https:\/\/www.collegesinstitutes.ca\/fr\/wp-json\/wp\/v2\/tags?post=35582"}],"curies":[{"name":"wp","href":"https:\/\/api.w.org\/{rel}","templated":true}]}}