{"id":35580,"date":"2025-05-30T13:37:03","date_gmt":"2025-05-30T13:37:03","guid":{"rendered":"https:\/\/www.collegesinstitutes.ca\/?page_id=35580"},"modified":"2025-10-01T15:31:23","modified_gmt":"2025-10-01T15:31:23","slug":"integrated-design-fabrication-and-data-analysis","status":"publish","type":"page","link":"https:\/\/www.collegesinstitutes.ca\/fr\/microcertifications\/uie-old\/integrated-design-fabrication-and-data-analysis\/","title":{"rendered":"microcertification en conception int\u00e9gr\u00e9e, fabrication et analyse des donn\u00e9es"},"content":{"rendered":"","protected":false},"excerpt":{"rendered":"","protected":false},"author":16,"featured_media":35555,"parent":35569,"menu_order":0,"comment_status":"closed","ping_status":"closed","template":"page-hero-content.php","meta":{"_acf_changed":false,"footnotes":""},"categories":[],"tags":[],"class_list":["post-35580","page","type-page","status-publish","has-post-thumbnail","hentry"],"acf":[],"yoast_head":"<!-- This site is optimized with the Yoast SEO plugin v27.3 - https:\/\/yoast.com\/product\/yoast-seo-wordpress\/ -->\n<title>microcertification en conception int\u00e9gr\u00e9e, fabrication et analyse des donn\u00e9es - Colleges and Institutes Canada<\/title>\n<meta name=\"description\" content=\"Ce programme pratique et acc\u00e9l\u00e9r\u00e9 est con\u00e7u pour les personnes qui travaillent dans le secteur de la fabrication industrielle et souhaitent acqu\u00e9rir des comp\u00e9tences recherch\u00e9es menant \u00e0 des emplois en fabrication de pointe.\" \/>\n<meta name=\"robots\" content=\"index, follow, max-snippet:-1, max-image-preview:large, max-video-preview:-1\" \/>\n<link rel=\"canonical\" href=\"https:\/\/www.collegesinstitutes.ca\/microcredentials\/uie-old\/integrated-design-fabrication-and-data-analysis-microcredential\/\" \/>\n<meta property=\"og:locale\" content=\"fr_FR\" \/>\n<meta property=\"og:type\" content=\"article\" \/>\n<meta property=\"og:title\" content=\"microcertification en conception int\u00e9gr\u00e9e, fabrication et analyse des donn\u00e9es - Colleges and Institutes Canada\" \/>\n<meta property=\"og:description\" content=\"Ce programme pratique et acc\u00e9l\u00e9r\u00e9 est con\u00e7u pour les personnes qui travaillent dans le secteur de la fabrication industrielle et souhaitent acqu\u00e9rir des comp\u00e9tences recherch\u00e9es menant \u00e0 des emplois en fabrication de pointe.\" \/>\n<meta property=\"og:url\" content=\"https:\/\/www.collegesinstitutes.ca\/microcredentials\/uie-old\/integrated-design-fabrication-and-data-analysis-microcredential\/\" \/>\n<meta property=\"og:site_name\" content=\"Colleges and Institutes Canada\" \/>\n<meta property=\"article:modified_time\" content=\"2025-10-01T15:31:23+00:00\" \/>\n<meta property=\"og:image\" content=\"https:\/\/www.collegesinstitutes.ca\/wp-content\/uploads\/2025\/05\/upskilling_graphics_cleantech_2_2-2.webp\" \/>\n\t<meta property=\"og:image:width\" content=\"391\" \/>\n\t<meta property=\"og:image:height\" content=\"407\" \/>\n\t<meta property=\"og:image:type\" content=\"image\/webp\" \/>\n<meta name=\"twitter:card\" content=\"summary_large_image\" \/>\n<meta name=\"twitter:label1\" content=\"Est. reading time\" \/>\n\t<meta name=\"twitter:data1\" content=\"1 minute\" \/>\n<script type=\"application\/ld+json\" class=\"yoast-schema-graph\">{\"@context\":\"https:\\\/\\\/schema.org\",\"@graph\":[{\"@type\":\"WebPage\",\"@id\":\"https:\\\/\\\/www.collegesinstitutes.ca\\\/microcredentials\\\/uie-old\\\/integrated-design-fabrication-and-data-analysis-microcredential\\\/\",\"url\":\"https:\\\/\\\/www.collegesinstitutes.ca\\\/microcredentials\\\/uie-old\\\/integrated-design-fabrication-and-data-analysis-microcredential\\\/\",\"name\":\"microcertification en conception int\u00e9gr\u00e9e, fabrication et analyse des donn\u00e9es - Colleges and Institutes Canada\",\"isPartOf\":{\"@id\":\"https:\\\/\\\/www.collegesinstitutes.ca\\\/fr\\\/#website\"},\"primaryImageOfPage\":{\"@id\":\"https:\\\/\\\/www.collegesinstitutes.ca\\\/microcredentials\\\/uie-old\\\/integrated-design-fabrication-and-data-analysis-microcredential\\\/#primaryimage\"},\"image\":{\"@id\":\"https:\\\/\\\/www.collegesinstitutes.ca\\\/microcredentials\\\/uie-old\\\/integrated-design-fabrication-and-data-analysis-microcredential\\\/#primaryimage\"},\"thumbnailUrl\":\"https:\\\/\\\/www.collegesinstitutes.ca\\\/wp-content\\\/uploads\\\/2025\\\/05\\\/upskilling_graphics_cleantech_2_2-2.webp\",\"datePublished\":\"2025-05-30T13:37:03+00:00\",\"dateModified\":\"2025-10-01T15:31:23+00:00\",\"description\":\"Ce programme pratique et acc\u00e9l\u00e9r\u00e9 est con\u00e7u pour les personnes qui travaillent dans le secteur de la fabrication industrielle et souhaitent acqu\u00e9rir des comp\u00e9tences recherch\u00e9es menant \u00e0 des emplois en fabrication de pointe.\",\"breadcrumb\":{\"@id\":\"https:\\\/\\\/www.collegesinstitutes.ca\\\/microcredentials\\\/uie-old\\\/integrated-design-fabrication-and-data-analysis-microcredential\\\/#breadcrumb\"},\"inLanguage\":\"fr-FR\",\"potentialAction\":[{\"@type\":\"ReadAction\",\"target\":[\"https:\\\/\\\/www.collegesinstitutes.ca\\\/microcredentials\\\/uie-old\\\/integrated-design-fabrication-and-data-analysis-microcredential\\\/\"]}]},{\"@type\":\"ImageObject\",\"inLanguage\":\"fr-FR\",\"@id\":\"https:\\\/\\\/www.collegesinstitutes.ca\\\/microcredentials\\\/uie-old\\\/integrated-design-fabrication-and-data-analysis-microcredential\\\/#primaryimage\",\"url\":\"https:\\\/\\\/www.collegesinstitutes.ca\\\/wp-content\\\/uploads\\\/2025\\\/05\\\/upskilling_graphics_cleantech_2_2-2.webp\",\"contentUrl\":\"https:\\\/\\\/www.collegesinstitutes.ca\\\/wp-content\\\/uploads\\\/2025\\\/05\\\/upskilling_graphics_cleantech_2_2-2.webp\",\"width\":391,\"height\":407},{\"@type\":\"BreadcrumbList\",\"@id\":\"https:\\\/\\\/www.collegesinstitutes.ca\\\/microcredentials\\\/uie-old\\\/integrated-design-fabrication-and-data-analysis-microcredential\\\/#breadcrumb\",\"itemListElement\":[{\"@type\":\"ListItem\",\"position\":1,\"name\":\"Home\",\"item\":\"https:\\\/\\\/www.collegesinstitutes.ca\\\/fr\\\/\"},{\"@type\":\"ListItem\",\"position\":2,\"name\":\"Microcertifications\",\"item\":\"https:\\\/\\\/www.collegesinstitutes.ca\\\/fr\\\/microcertifications\\\/\"},{\"@type\":\"ListItem\",\"position\":3,\"name\":\"Acc\u00e9l\u00e9rez votre cheminement professionnel! (Old)\",\"item\":\"https:\\\/\\\/www.collegesinstitutes.ca\\\/?page_id=35534\"},{\"@type\":\"ListItem\",\"position\":4,\"name\":\"microcertification en conception int\u00e9gr\u00e9e, fabrication et analyse des donn\u00e9es\"}]},{\"@type\":\"WebSite\",\"@id\":\"https:\\\/\\\/www.collegesinstitutes.ca\\\/fr\\\/#website\",\"url\":\"https:\\\/\\\/www.collegesinstitutes.ca\\\/fr\\\/\",\"name\":\"Colleges and Institutes Canada\",\"description\":\"The Voice of Canada&#039;s Colleges &amp; Institutes\",\"publisher\":{\"@id\":\"https:\\\/\\\/www.collegesinstitutes.ca\\\/fr\\\/#organization\"},\"potentialAction\":[{\"@type\":\"SearchAction\",\"target\":{\"@type\":\"EntryPoint\",\"urlTemplate\":\"https:\\\/\\\/www.collegesinstitutes.ca\\\/fr\\\/?s={search_term_string}\"},\"query-input\":{\"@type\":\"PropertyValueSpecification\",\"valueRequired\":true,\"valueName\":\"search_term_string\"}}],\"inLanguage\":\"fr-FR\"},{\"@type\":\"Organization\",\"@id\":\"https:\\\/\\\/www.collegesinstitutes.ca\\\/fr\\\/#organization\",\"name\":\"Colleges and Institutes Canada\",\"url\":\"https:\\\/\\\/www.collegesinstitutes.ca\\\/fr\\\/\",\"logo\":{\"@type\":\"ImageObject\",\"inLanguage\":\"fr-FR\",\"@id\":\"https:\\\/\\\/www.collegesinstitutes.ca\\\/fr\\\/#\\\/schema\\\/logo\\\/image\\\/\",\"url\":\"https:\\\/\\\/www.collegesinstitutes.ca\\\/wp-content\\\/uploads\\\/2025\\\/06\\\/logo-en.png\",\"contentUrl\":\"https:\\\/\\\/www.collegesinstitutes.ca\\\/wp-content\\\/uploads\\\/2025\\\/06\\\/logo-en.png\",\"width\":794,\"height\":280,\"caption\":\"Colleges and Institutes Canada\"},\"image\":{\"@id\":\"https:\\\/\\\/www.collegesinstitutes.ca\\\/fr\\\/#\\\/schema\\\/logo\\\/image\\\/\"}}]}<\/script>\n<!-- \/ Yoast SEO plugin. -->","yoast_head_json":{"title":"microcertification en conception int\u00e9gr\u00e9e, fabrication et analyse des donn\u00e9es - Colleges and Institutes Canada","description":"Ce programme pratique et acc\u00e9l\u00e9r\u00e9 est con\u00e7u pour les personnes qui travaillent dans le secteur de la fabrication industrielle et souhaitent acqu\u00e9rir des comp\u00e9tences recherch\u00e9es menant \u00e0 des emplois en fabrication de pointe.","robots":{"index":"index","follow":"follow","max-snippet":"max-snippet:-1","max-image-preview":"max-image-preview:large","max-video-preview":"max-video-preview:-1"},"canonical":"https:\/\/www.collegesinstitutes.ca\/microcredentials\/uie-old\/integrated-design-fabrication-and-data-analysis-microcredential\/","og_locale":"fr_FR","og_type":"article","og_title":"microcertification en conception int\u00e9gr\u00e9e, fabrication et analyse des donn\u00e9es - Colleges and Institutes Canada","og_description":"Ce programme pratique et acc\u00e9l\u00e9r\u00e9 est con\u00e7u pour les personnes qui travaillent dans le secteur de la fabrication industrielle et souhaitent acqu\u00e9rir des comp\u00e9tences recherch\u00e9es menant \u00e0 des emplois en fabrication de pointe.","og_url":"https:\/\/www.collegesinstitutes.ca\/microcredentials\/uie-old\/integrated-design-fabrication-and-data-analysis-microcredential\/","og_site_name":"Colleges and Institutes Canada","article_modified_time":"2025-10-01T15:31:23+00:00","og_image":[{"width":391,"height":407,"url":"https:\/\/www.collegesinstitutes.ca\/wp-content\/uploads\/2025\/05\/upskilling_graphics_cleantech_2_2-2.webp","type":"image\/webp"}],"twitter_card":"summary_large_image","twitter_misc":{"Est. reading time":"1 minute"},"schema":{"@context":"https:\/\/schema.org","@graph":[{"@type":"WebPage","@id":"https:\/\/www.collegesinstitutes.ca\/microcredentials\/uie-old\/integrated-design-fabrication-and-data-analysis-microcredential\/","url":"https:\/\/www.collegesinstitutes.ca\/microcredentials\/uie-old\/integrated-design-fabrication-and-data-analysis-microcredential\/","name":"microcertification en conception int\u00e9gr\u00e9e, fabrication et analyse des donn\u00e9es - Colleges and Institutes Canada","isPartOf":{"@id":"https:\/\/www.collegesinstitutes.ca\/fr\/#website"},"primaryImageOfPage":{"@id":"https:\/\/www.collegesinstitutes.ca\/microcredentials\/uie-old\/integrated-design-fabrication-and-data-analysis-microcredential\/#primaryimage"},"image":{"@id":"https:\/\/www.collegesinstitutes.ca\/microcredentials\/uie-old\/integrated-design-fabrication-and-data-analysis-microcredential\/#primaryimage"},"thumbnailUrl":"https:\/\/www.collegesinstitutes.ca\/wp-content\/uploads\/2025\/05\/upskilling_graphics_cleantech_2_2-2.webp","datePublished":"2025-05-30T13:37:03+00:00","dateModified":"2025-10-01T15:31:23+00:00","description":"Ce programme pratique et acc\u00e9l\u00e9r\u00e9 est con\u00e7u pour les personnes qui travaillent dans le secteur de la fabrication industrielle et souhaitent acqu\u00e9rir des comp\u00e9tences recherch\u00e9es menant \u00e0 des emplois en fabrication de pointe.","breadcrumb":{"@id":"https:\/\/www.collegesinstitutes.ca\/microcredentials\/uie-old\/integrated-design-fabrication-and-data-analysis-microcredential\/#breadcrumb"},"inLanguage":"fr-FR","potentialAction":[{"@type":"ReadAction","target":["https:\/\/www.collegesinstitutes.ca\/microcredentials\/uie-old\/integrated-design-fabrication-and-data-analysis-microcredential\/"]}]},{"@type":"ImageObject","inLanguage":"fr-FR","@id":"https:\/\/www.collegesinstitutes.ca\/microcredentials\/uie-old\/integrated-design-fabrication-and-data-analysis-microcredential\/#primaryimage","url":"https:\/\/www.collegesinstitutes.ca\/wp-content\/uploads\/2025\/05\/upskilling_graphics_cleantech_2_2-2.webp","contentUrl":"https:\/\/www.collegesinstitutes.ca\/wp-content\/uploads\/2025\/05\/upskilling_graphics_cleantech_2_2-2.webp","width":391,"height":407},{"@type":"BreadcrumbList","@id":"https:\/\/www.collegesinstitutes.ca\/microcredentials\/uie-old\/integrated-design-fabrication-and-data-analysis-microcredential\/#breadcrumb","itemListElement":[{"@type":"ListItem","position":1,"name":"Home","item":"https:\/\/www.collegesinstitutes.ca\/fr\/"},{"@type":"ListItem","position":2,"name":"Microcertifications","item":"https:\/\/www.collegesinstitutes.ca\/fr\/microcertifications\/"},{"@type":"ListItem","position":3,"name":"Acc\u00e9l\u00e9rez votre cheminement professionnel! (Old)","item":"https:\/\/www.collegesinstitutes.ca\/?page_id=35534"},{"@type":"ListItem","position":4,"name":"microcertification en conception int\u00e9gr\u00e9e, fabrication et analyse des donn\u00e9es"}]},{"@type":"WebSite","@id":"https:\/\/www.collegesinstitutes.ca\/fr\/#website","url":"https:\/\/www.collegesinstitutes.ca\/fr\/","name":"Colleges and Institutes Canada","description":"The Voice of Canada&#039;s Colleges &amp; Institutes","publisher":{"@id":"https:\/\/www.collegesinstitutes.ca\/fr\/#organization"},"potentialAction":[{"@type":"SearchAction","target":{"@type":"EntryPoint","urlTemplate":"https:\/\/www.collegesinstitutes.ca\/fr\/?s={search_term_string}"},"query-input":{"@type":"PropertyValueSpecification","valueRequired":true,"valueName":"search_term_string"}}],"inLanguage":"fr-FR"},{"@type":"Organization","@id":"https:\/\/www.collegesinstitutes.ca\/fr\/#organization","name":"Colleges and Institutes Canada","url":"https:\/\/www.collegesinstitutes.ca\/fr\/","logo":{"@type":"ImageObject","inLanguage":"fr-FR","@id":"https:\/\/www.collegesinstitutes.ca\/fr\/#\/schema\/logo\/image\/","url":"https:\/\/www.collegesinstitutes.ca\/wp-content\/uploads\/2025\/06\/logo-en.png","contentUrl":"https:\/\/www.collegesinstitutes.ca\/wp-content\/uploads\/2025\/06\/logo-en.png","width":794,"height":280,"caption":"Colleges and Institutes Canada"},"image":{"@id":"https:\/\/www.collegesinstitutes.ca\/fr\/#\/schema\/logo\/image\/"}}]}},"_links":{"self":[{"href":"https:\/\/www.collegesinstitutes.ca\/fr\/wp-json\/wp\/v2\/pages\/35580","targetHints":{"allow":["GET"]}}],"collection":[{"href":"https:\/\/www.collegesinstitutes.ca\/fr\/wp-json\/wp\/v2\/pages"}],"about":[{"href":"https:\/\/www.collegesinstitutes.ca\/fr\/wp-json\/wp\/v2\/types\/page"}],"author":[{"embeddable":true,"href":"https:\/\/www.collegesinstitutes.ca\/fr\/wp-json\/wp\/v2\/users\/16"}],"replies":[{"embeddable":true,"href":"https:\/\/www.collegesinstitutes.ca\/fr\/wp-json\/wp\/v2\/comments?post=35580"}],"version-history":[{"count":0,"href":"https:\/\/www.collegesinstitutes.ca\/fr\/wp-json\/wp\/v2\/pages\/35580\/revisions"}],"up":[{"embeddable":true,"href":"https:\/\/www.collegesinstitutes.ca\/fr\/wp-json\/wp\/v2\/pages\/35569"}],"wp:featuredmedia":[{"embeddable":true,"href":"https:\/\/www.collegesinstitutes.ca\/fr\/wp-json\/wp\/v2\/media\/35555"}],"wp:attachment":[{"href":"https:\/\/www.collegesinstitutes.ca\/fr\/wp-json\/wp\/v2\/media?parent=35580"}],"wp:term":[{"taxonomy":"category","embeddable":true,"href":"https:\/\/www.collegesinstitutes.ca\/fr\/wp-json\/wp\/v2\/categories?post=35580"},{"taxonomy":"post_tag","embeddable":true,"href":"https:\/\/www.collegesinstitutes.ca\/fr\/wp-json\/wp\/v2\/tags?post=35580"}],"curies":[{"name":"wp","href":"https:\/\/api.w.org\/{rel}","templated":true}]}}