{"id":35569,"date":"2025-05-30T13:04:05","date_gmt":"2025-05-30T13:04:05","guid":{"rendered":"https:\/\/www.collegesinstitutes.ca\/?page_id=35569"},"modified":"2025-08-25T12:49:19","modified_gmt":"2025-08-25T12:49:19","slug":"uie","status":"publish","type":"page","link":"https:\/\/www.collegesinstitutes.ca\/fr\/microcertifications\/uie\/","title":{"rendered":"Acc\u00e9l\u00e9rez votre cheminement professionnel!"},"content":{"rendered":"<p class=\"lead\">Accumulez les comp\u00e9tences recherch\u00e9es par les employeurs et am\u00e9liorez votre situation professionnelle dans des secteurs \u00e0 forte croissance.<\/p>\n<h2 class=\"border-0 mt-5 pt-3\">Points forts<\/h2>\n<ul>\n<li><strong>Moins de 16 semaines<\/strong> \u2013 Terminez votre formation en moins de quatre mois.<\/li>\n<li><strong>Apprentissage pratique et bas\u00e9 sur des projets<\/strong> \u2013 Cumulez de l\u2019exp\u00e9rience pratique avec des applications en contexte r\u00e9el.<\/li>\n<li><strong>Certificat d\u2019un coll\u00e8ge ou d\u2019un institut<\/strong> \u2013 Obtenez un titre reconnu.<\/li>\n<li><strong>Frais de scolarit\u00e9 financ\u00e9s<\/strong> \u2013 Les frais d\u2019inscription sont de 200 $ seulement.<\/li>\n<\/ul>\n<h2 class=\"border-0 border-top mt-5 pt-5\">Programmes disponibles<\/h2>\n<h4><a class=\"microcredential-link\" href=\"https:\/\/www.collegesinstitutes.ca\/fr\/microcertifications\/uie\/industrial-internet-of-things-iiot-microcredential\/\">Fabrication de pointe : Internet industriel des objets (IIdO)<\/a><\/h4>\n<ul>\n<li><strong>C\u2019est pour qui?<\/strong> Personnel de production (op\u00e9rateurs\/op\u00e9ratrices ou technicien\u00b7nes d\u2019assemblage ou de montage) en qu\u00eate d\u2019emplois sp\u00e9cialis\u00e9s en IIdO.<\/li>\n<li><strong>Contenu:<\/strong> Int\u00e9gration de syst\u00e8mes, programmation Python, repr\u00e9sentation de donn\u00e9es et gestion de projets.<\/li>\n<\/ul>\n<h4><a class=\"microcredential-link\" href=\"https:\/\/www.collegesinstitutes.ca\/fr\/microcertifications\/uie\/integrated-design-fabrication-and-data-analysis\/\">Fabrication de pointe : conception int\u00e9gr\u00e9e, fabrication et analyse des donn\u00e9es<\/a><\/h4>\n<ul>\n<li><strong>C\u2019est pour qui?<\/strong> Personnel de production (m\u00e9canicien\u00b7nes de chantier, machinistes, technologues\/technicien\u00b7nes, conceptrices ou concepteurs virtuels et analystes de donn\u00e9es) qui cherche \u00e0 am\u00e9liorer ses comp\u00e9tences num\u00e9riques.<\/li>\n<li><strong>Contenu:<\/strong> conception 2D\/3D, trajectoires d\u2019outils et analyse de donn\u00e9es pour optimiser les processus de fabrication.<\/li>\n<\/ul>\n<h4><a class=\"microcredential-link\" href=\"https:\/\/www.collegesinstitutes.ca\/fr\/microcertifications\/uie\/solar-pv-installation\/\">Technologies propres : installation, branchement et entretien de syst\u00e8mes solaires photovolta\u00efques<\/a><\/h4>\n<ul>\n<li><strong>C\u2019est pour qui?<\/strong> \u00c9lectricien\u00b7nes, professionnel\u00b7les de m\u00e9tiers sp\u00e9cialis\u00e9s et autres personnes qui souhaitent se perfectionner en installation et entretien de syst\u00e8mes solaires photovolta\u00efques.<\/li>\n<li><strong>Contenu:<\/strong> installation, entretien et d\u00e9pannage de syst\u00e8mes photovolta\u00efques.<\/li>\n<\/ul>\n<h4><a class=\"microcredential-link\" href=\"https:\/\/www.collegesinstitutes.ca\/fr\/microcertifications\/uie\/greenhouse-practices-and-operational-fundamentals\/\">Technologies agricoles : pratiques et principes de fonctionnement des serres<\/a><\/h4>\n<ul>\n<li><strong>Auditoire cible :<\/strong> toute personne int\u00e9ress\u00e9e par la culture en serre, les syst\u00e8mes alimentaires durables et l\u2019agriculture ax\u00e9e sur la communaut\u00e9.<\/li>\n<li><strong>Contenu:<\/strong> multiplication des v\u00e9g\u00e9taux, lutte antiparasitaire et gestion des nutriments, conception de syst\u00e8mes d\u2019irrigation et prise de d\u00e9cisions commerciales ax\u00e9es sur l\u2019efficacit\u00e9 des op\u00e9rations.<\/li>\n<\/ul>\n<h2 class=\"border-0 border-top pt-5\">Foire aux questions<\/h2>\n<div id=\"accordionExample\" class=\"accordion mt-5\">\n<div class=\"accordion-item\">\n<h2 class=\"accordion-header\"><button class=\"accordion-button collapsed\" type=\"button\" data-bs-toggle=\"collapse\" data-bs-target=\"#collapse01\" aria-expanded=\"false\" aria-controls=\"collapse01\">Qui peut s\u2019inscrire?<\/button><\/h2>\n<div id=\"collapse01\" class=\"accordion-collapse collapse\" data-bs-parent=\"#accordionExample\">\n<div class=\"accordion-body\">\n<p>Ces microcertifications sont ouvertes aux personnes qui remplissent les conditions suivantes:<\/p>\n<ul>\n<li><strong>Exp\u00e9rience:<\/strong> au moins trois ann\u00e9es d\u2019exp\u00e9rience professionnelle ou b\u00e9n\u00e9vole (peuvent \u00eatre non cons\u00e9cutives) acquises au Canada ou \u00e0 l\u2019\u00e9tranger. Cette exp\u00e9rience doit \u00eatre en dehors des \u00e9tudes \u00e0 temps plein ou \u00e0 temps partiel (\u00e9cole secondaire ou postsecondaire).<\/li>\n<li><strong>Langue:<\/strong> ma\u00eetrise de l\u2019anglais ou du fran\u00e7ais (\u00e9valuation par l\u2019\u00e9tablissement d\u2019enseignement)<\/li>\n<li><strong>Autorisation de travailler:<\/strong> il faut avoir l\u2019autorisation de travailler au Canada. Les titulaires d\u2019un permis de travail doivent avoir au moins une ann\u00e9e de validit\u00e9 restante sur leur permis apr\u00e8s le d\u00e9but du programme de perfectionnement.<\/li>\n<\/ul>\n<p>Que vous soyez en transition vers un nouveau domaine ou que vous souhaitiez approfondir votre expertise, ces programmes vous aideront \u00e0 occuper des emplois plus sp\u00e9cialis\u00e9s.<\/p>\n<p>Remarque: Des crit\u00e8res d\u2019admissibilit\u00e9 ou des conditions pr\u00e9alables suppl\u00e9mentaires peuvent s\u2019appliquer \u00e0 certaines microcertifications. Nous vous recommandons de consulter les d\u00e9tails du programme ou de contacter directement l\u2019\u00e9tablissement pour confirmer votre admissibilit\u00e9.<\/p>\n<h3>Engagement envers l\u2019inclusivit\u00e9<\/h3>\n<p>Nous encourageons vivement les candidatures de groupes sous-repr\u00e9sent\u00e9s, notamment les femmes, les Autochtones, les personnes racis\u00e9es et les personnes en situation de handicap. Pour appuyer cet engagement, les frais de scolarit\u00e9 sont supprim\u00e9s pour 250\u202fparticipant\u00b7es (25\u202f% des 1000\u202fplaces financ\u00e9es) issus de groupes d\u00e9favoris\u00e9s. Chaque microcertification a \u00e9galement \u00e9t\u00e9 soigneusement examin\u00e9e par des conseillers en \u00e9quit\u00e9 afin d\u2019en assurer l\u2019accessibilit\u00e9 et l\u2019inclusivit\u00e9.<\/p>\n<\/div>\n<\/div>\n<\/div>\n<div class=\"accordion-item\">\n<h2 class=\"accordion-header\"><button class=\"accordion-button collapsed\" type=\"button\" data-bs-toggle=\"collapse\" data-bs-target=\"#collapse02\" aria-expanded=\"false\" aria-controls=\"collapse02\">Comment s\u2019inscrire?<\/button><\/h2>\n<div id=\"collapse02\" class=\"accordion-collapse collapse\" data-bs-parent=\"#accordionExample\">\n<div class=\"accordion-body\">\n<p data-start=\"115\" data-end=\"256\">Les inscriptions sont maintenant ouvertes dans certains \u00e9tablissements, et d&rsquo;autres accepteront des candidatures au cours des prochains mois.<\/p>\n<p data-start=\"258\" data-end=\"517\">Pour commencer, explorez la microcertification qui vous int\u00e9resse. Chaque page de programme indique les \u00e9tablissements de votre r\u00e9gion qui offrent la formation, afin que vous puissiez les contacter directement pour en savoir plus et d\u00e9poser votre candidature.<\/p>\n<\/div>\n<\/div>\n<\/div>\n<div class=\"accordion-item\">\n<h2 class=\"accordion-header\"><button class=\"accordion-button collapsed\" type=\"button\" data-bs-toggle=\"collapse\" data-bs-target=\"#collapse03\" aria-expanded=\"false\" aria-controls=\"collapse03\">Qu\u2019est-ce qu\u2019une microcertification?<\/button><\/h2>\n<div id=\"collapse03\" class=\"accordion-collapse collapse\" data-bs-parent=\"#accordionExample\">\n<div class=\"accordion-body\">\n<p>Une microcertification est un programme de formation court et cibl\u00e9, con\u00e7u pour vous doter rapidement de comp\u00e9tences sp\u00e9cifiques tr\u00e8s recherch\u00e9es par les employeurs. C\u2019est un moyen rapide et abordable d\u2019am\u00e9liorer vos qualifications, d\u2019accro\u00eetre vos perspectives de carri\u00e8re ou d\u2019acc\u00e9der \u00e0 de nouvelles fonctions. Contrairement aux programmes traditionnels, les microcertifications sont tr\u00e8s cibl\u00e9es, ce qui vous permet de vous concentrer sur des comp\u00e9tences pratiques imm\u00e9diatement applicables en milieu de travail.<\/p>\n<p>Les microcertifications sont particuli\u00e8rement utiles dans les secteurs qui \u00e9voluent rapidement, car elles vous aident \u00e0 rester comp\u00e9titifs et \u00e0 vous adapter \u00e0 l\u2019\u00e9volution des besoins du march\u00e9 du travail. Elles sont aussi cumulables, c\u2019est-\u00e0-dire qu\u2019elles peuvent \u00eatre combin\u00e9es \u00e0 d\u2019autres certificats ou types d\u2019\u00e9ducation formelle pour constituer un plus vaste ensemble de comp\u00e9tences au fil du temps.<\/p>\n<\/div>\n<\/div>\n<\/div>\n<div class=\"accordion-item\">\n<h2 class=\"accordion-header\"><button class=\"accordion-button collapsed\" type=\"button\" data-bs-toggle=\"collapse\" data-bs-target=\"#collapse04\" aria-expanded=\"false\" aria-controls=\"collapse04\">Comment ces microcertifications ont-elles \u00e9t\u00e9 mises au point?<\/button><\/h2>\n<div id=\"collapse04\" class=\"accordion-collapse collapse\" data-bs-parent=\"#accordionExample\">\n<div class=\"accordion-body\">\n<p>Chaque microcertification a \u00e9t\u00e9 con\u00e7ue par un groupe de coll\u00e8ges et d\u2019instituts du Canada, en \u00e9troite collaboration avec des sp\u00e9cialistes du secteur concern\u00e9, en particulier des petites et moyennes entreprises. Cette approche collaborative permet de s\u2019assurer que les programmes r\u00e9pondent \u00e0 de r\u00e9elles lacunes de comp\u00e9tences constat\u00e9es dans des secteurs \u00e0 forte croissance comme les technologies propres, la fabrication de pointe et les technologies agricoles.<\/p>\n<p>L\u2019apport sectoriel a \u00e9t\u00e9 essentiel \u00e0 la conception du programme d\u2019\u00e9tudes, car il garantit que les comp\u00e9tences enseign\u00e9es correspondent exactement aux besoins des employeurs.<\/p>\n<\/div>\n<\/div>\n<\/div>\n<\/div>\n<div class=\"boxit p-5 my-5\">\n<h2 class=\"mt-0\">Vous \u00eates un employeur?<\/h2>\n<p>Rehaussez les comp\u00e9tences de votre \u00e9quipe ou embauchez des dipl\u00f4m\u00e9\u00b7es certifi\u00e9s qui auront des retomb\u00e9es imm\u00e9diates sur votre entreprise.<\/p>\n<p><a class=\"btn btn-dark\" href=\"https:\/\/www.collegesinstitutes.ca\/fr\/microcertifications\/uie\/employeurs\/\">Plus d\u2019information<\/a><\/p>\n<\/div>\n<div class=\"disclaimer\">Ces microcertifications sont offertes dans le cadre du projet <a href=\"https:\/\/www.collegesinstitutes.ca\/fr\/programs\/former-pour-leconomie-de-linnovation\/\">Former pour l\u2019\u00e9conomie de l\u2019innovation<\/a> de Coll\u00e8ges et instituts Canada. En comblant des lacunes critiques en mati\u00e8re de comp\u00e9tences, elles visent \u00e0 renforcer les petites et moyennes entreprises et \u00e0 fournir des voies rapides vers l\u2019emploi, soutenant ainsi la croissance \u00e9conomique du Canada. Le projet est financ\u00e9 par Rehausser vos comp\u00e9tences, d\u00e9velopp\u00e9 par Palette Skills, et le gouvernement du Canada.<\/div>\n","protected":false},"excerpt":{"rendered":"<p>Suivez de nouvelles microcertifications offrant des passerelles rapides vers l\u2019emploi dans les domaines des technologies propres, de la fabrication de pointe et des technologies agricoles.<\/p>\n","protected":false},"author":16,"featured_media":35571,"parent":35570,"menu_order":0,"comment_status":"closed","ping_status":"closed","template":"page-uie.php","meta":{"_acf_changed":false,"footnotes":""},"categories":[],"tags":[],"class_list":["post-35569","page","type-page","status-publish","has-post-thumbnail","hentry"],"acf":[],"yoast_head":"<!-- This site is optimized with the Yoast SEO plugin v27.3 - https:\/\/yoast.com\/product\/yoast-seo-wordpress\/ -->\n<title>Acc\u00e9l\u00e9rez votre cheminement professionnel! - Colleges and Institutes Canada<\/title>\n<meta name=\"description\" content=\"Suivez de nouvelles microcertifications offrant des passerelles rapides vers l\u2019emploi dans les domaines des technologies propres, de la fabrication de pointe et des technologies agricoles.\u201c\" \/>\n<meta name=\"robots\" content=\"index, follow, max-snippet:-1, max-image-preview:large, max-video-preview:-1\" \/>\n<link rel=\"canonical\" href=\"https:\/\/www.collegesinstitutes.ca\/fr\/microcertifications\/uie\/\" \/>\n<meta property=\"og:locale\" content=\"fr_FR\" \/>\n<meta property=\"og:type\" content=\"article\" \/>\n<meta property=\"og:title\" content=\"Acc\u00e9l\u00e9rez votre cheminement professionnel! - Colleges and Institutes Canada\" \/>\n<meta property=\"og:description\" content=\"Suivez de nouvelles microcertifications offrant des passerelles rapides vers l\u2019emploi dans les domaines des technologies propres, de la fabrication de pointe et des technologies agricoles.\u201c\" \/>\n<meta property=\"og:url\" content=\"https:\/\/www.collegesinstitutes.ca\/fr\/microcertifications\/uie\/\" \/>\n<meta property=\"og:site_name\" content=\"Colleges and Institutes Canada\" \/>\n<meta property=\"article:modified_time\" content=\"2025-08-25T12:49:19+00:00\" \/>\n<meta property=\"og:image\" content=\"https:\/\/www.collegesinstitutes.ca\/wp-content\/uploads\/2025\/05\/cican_upskilling_palette_skills_email_header_eng_v2_jpg-1.webp\" \/>\n\t<meta property=\"og:image:width\" content=\"966\" \/>\n\t<meta property=\"og:image:height\" content=\"506\" \/>\n\t<meta property=\"og:image:type\" content=\"image\/webp\" \/>\n<meta name=\"twitter:card\" content=\"summary_large_image\" \/>\n<meta name=\"twitter:label1\" content=\"Est. reading time\" \/>\n\t<meta name=\"twitter:data1\" content=\"4 minutes\" \/>\n<script type=\"application\/ld+json\" class=\"yoast-schema-graph\">{\"@context\":\"https:\\\/\\\/schema.org\",\"@graph\":[{\"@type\":\"WebPage\",\"@id\":\"https:\\\/\\\/www.collegesinstitutes.ca\\\/fr\\\/microcertifications\\\/uie\\\/\",\"url\":\"https:\\\/\\\/www.collegesinstitutes.ca\\\/fr\\\/microcertifications\\\/uie\\\/\",\"name\":\"Acc\u00e9l\u00e9rez votre cheminement professionnel! - Colleges and Institutes Canada\",\"isPartOf\":{\"@id\":\"https:\\\/\\\/www.collegesinstitutes.ca\\\/fr\\\/#website\"},\"primaryImageOfPage\":{\"@id\":\"https:\\\/\\\/www.collegesinstitutes.ca\\\/fr\\\/microcertifications\\\/uie\\\/#primaryimage\"},\"image\":{\"@id\":\"https:\\\/\\\/www.collegesinstitutes.ca\\\/fr\\\/microcertifications\\\/uie\\\/#primaryimage\"},\"thumbnailUrl\":\"https:\\\/\\\/www.collegesinstitutes.ca\\\/wp-content\\\/uploads\\\/2025\\\/05\\\/cican_upskilling_palette_skills_email_header_eng_v2_jpg-1.webp\",\"datePublished\":\"2025-05-30T13:04:05+00:00\",\"dateModified\":\"2025-08-25T12:49:19+00:00\",\"description\":\"Suivez de nouvelles microcertifications offrant des passerelles rapides vers l\u2019emploi dans les domaines des technologies propres, de la fabrication de pointe et des technologies agricoles.\u201c\",\"breadcrumb\":{\"@id\":\"https:\\\/\\\/www.collegesinstitutes.ca\\\/fr\\\/microcertifications\\\/uie\\\/#breadcrumb\"},\"inLanguage\":\"fr-FR\",\"potentialAction\":[{\"@type\":\"ReadAction\",\"target\":[\"https:\\\/\\\/www.collegesinstitutes.ca\\\/fr\\\/microcertifications\\\/uie\\\/\"]}]},{\"@type\":\"ImageObject\",\"inLanguage\":\"fr-FR\",\"@id\":\"https:\\\/\\\/www.collegesinstitutes.ca\\\/fr\\\/microcertifications\\\/uie\\\/#primaryimage\",\"url\":\"https:\\\/\\\/www.collegesinstitutes.ca\\\/wp-content\\\/uploads\\\/2025\\\/05\\\/cican_upskilling_palette_skills_email_header_eng_v2_jpg-1.webp\",\"contentUrl\":\"https:\\\/\\\/www.collegesinstitutes.ca\\\/wp-content\\\/uploads\\\/2025\\\/05\\\/cican_upskilling_palette_skills_email_header_eng_v2_jpg-1.webp\",\"width\":966,\"height\":506},{\"@type\":\"BreadcrumbList\",\"@id\":\"https:\\\/\\\/www.collegesinstitutes.ca\\\/fr\\\/microcertifications\\\/uie\\\/#breadcrumb\",\"itemListElement\":[{\"@type\":\"ListItem\",\"position\":1,\"name\":\"Home\",\"item\":\"https:\\\/\\\/www.collegesinstitutes.ca\\\/fr\\\/\"},{\"@type\":\"ListItem\",\"position\":2,\"name\":\"Microcertifications\",\"item\":\"https:\\\/\\\/www.collegesinstitutes.ca\\\/fr\\\/microcertifications\\\/\"},{\"@type\":\"ListItem\",\"position\":3,\"name\":\"Acc\u00e9l\u00e9rez votre cheminement professionnel!\"}]},{\"@type\":\"WebSite\",\"@id\":\"https:\\\/\\\/www.collegesinstitutes.ca\\\/fr\\\/#website\",\"url\":\"https:\\\/\\\/www.collegesinstitutes.ca\\\/fr\\\/\",\"name\":\"Colleges and Institutes Canada\",\"description\":\"The Voice of Canada&#039;s Colleges &amp; Institutes\",\"publisher\":{\"@id\":\"https:\\\/\\\/www.collegesinstitutes.ca\\\/fr\\\/#organization\"},\"potentialAction\":[{\"@type\":\"SearchAction\",\"target\":{\"@type\":\"EntryPoint\",\"urlTemplate\":\"https:\\\/\\\/www.collegesinstitutes.ca\\\/fr\\\/?s={search_term_string}\"},\"query-input\":{\"@type\":\"PropertyValueSpecification\",\"valueRequired\":true,\"valueName\":\"search_term_string\"}}],\"inLanguage\":\"fr-FR\"},{\"@type\":\"Organization\",\"@id\":\"https:\\\/\\\/www.collegesinstitutes.ca\\\/fr\\\/#organization\",\"name\":\"Colleges and Institutes Canada\",\"url\":\"https:\\\/\\\/www.collegesinstitutes.ca\\\/fr\\\/\",\"logo\":{\"@type\":\"ImageObject\",\"inLanguage\":\"fr-FR\",\"@id\":\"https:\\\/\\\/www.collegesinstitutes.ca\\\/fr\\\/#\\\/schema\\\/logo\\\/image\\\/\",\"url\":\"https:\\\/\\\/www.collegesinstitutes.ca\\\/wp-content\\\/uploads\\\/2025\\\/06\\\/logo-en.png\",\"contentUrl\":\"https:\\\/\\\/www.collegesinstitutes.ca\\\/wp-content\\\/uploads\\\/2025\\\/06\\\/logo-en.png\",\"width\":794,\"height\":280,\"caption\":\"Colleges and Institutes Canada\"},\"image\":{\"@id\":\"https:\\\/\\\/www.collegesinstitutes.ca\\\/fr\\\/#\\\/schema\\\/logo\\\/image\\\/\"}}]}<\/script>\n<!-- \/ Yoast SEO plugin. -->","yoast_head_json":{"title":"Acc\u00e9l\u00e9rez votre cheminement professionnel! - Colleges and Institutes Canada","description":"Suivez de nouvelles microcertifications offrant des passerelles rapides vers l\u2019emploi dans les domaines des technologies propres, de la fabrication de pointe et des technologies agricoles.\u201c","robots":{"index":"index","follow":"follow","max-snippet":"max-snippet:-1","max-image-preview":"max-image-preview:large","max-video-preview":"max-video-preview:-1"},"canonical":"https:\/\/www.collegesinstitutes.ca\/fr\/microcertifications\/uie\/","og_locale":"fr_FR","og_type":"article","og_title":"Acc\u00e9l\u00e9rez votre cheminement professionnel! - Colleges and Institutes Canada","og_description":"Suivez de nouvelles microcertifications offrant des passerelles rapides vers l\u2019emploi dans les domaines des technologies propres, de la fabrication de pointe et des technologies agricoles.\u201c","og_url":"https:\/\/www.collegesinstitutes.ca\/fr\/microcertifications\/uie\/","og_site_name":"Colleges and Institutes Canada","article_modified_time":"2025-08-25T12:49:19+00:00","og_image":[{"width":966,"height":506,"url":"https:\/\/www.collegesinstitutes.ca\/wp-content\/uploads\/2025\/05\/cican_upskilling_palette_skills_email_header_eng_v2_jpg-1.webp","type":"image\/webp"}],"twitter_card":"summary_large_image","twitter_misc":{"Est. reading time":"4 minutes"},"schema":{"@context":"https:\/\/schema.org","@graph":[{"@type":"WebPage","@id":"https:\/\/www.collegesinstitutes.ca\/fr\/microcertifications\/uie\/","url":"https:\/\/www.collegesinstitutes.ca\/fr\/microcertifications\/uie\/","name":"Acc\u00e9l\u00e9rez votre cheminement professionnel! - Colleges and Institutes Canada","isPartOf":{"@id":"https:\/\/www.collegesinstitutes.ca\/fr\/#website"},"primaryImageOfPage":{"@id":"https:\/\/www.collegesinstitutes.ca\/fr\/microcertifications\/uie\/#primaryimage"},"image":{"@id":"https:\/\/www.collegesinstitutes.ca\/fr\/microcertifications\/uie\/#primaryimage"},"thumbnailUrl":"https:\/\/www.collegesinstitutes.ca\/wp-content\/uploads\/2025\/05\/cican_upskilling_palette_skills_email_header_eng_v2_jpg-1.webp","datePublished":"2025-05-30T13:04:05+00:00","dateModified":"2025-08-25T12:49:19+00:00","description":"Suivez de nouvelles microcertifications offrant des passerelles rapides vers l\u2019emploi dans les domaines des technologies propres, de la fabrication de pointe et des technologies agricoles.\u201c","breadcrumb":{"@id":"https:\/\/www.collegesinstitutes.ca\/fr\/microcertifications\/uie\/#breadcrumb"},"inLanguage":"fr-FR","potentialAction":[{"@type":"ReadAction","target":["https:\/\/www.collegesinstitutes.ca\/fr\/microcertifications\/uie\/"]}]},{"@type":"ImageObject","inLanguage":"fr-FR","@id":"https:\/\/www.collegesinstitutes.ca\/fr\/microcertifications\/uie\/#primaryimage","url":"https:\/\/www.collegesinstitutes.ca\/wp-content\/uploads\/2025\/05\/cican_upskilling_palette_skills_email_header_eng_v2_jpg-1.webp","contentUrl":"https:\/\/www.collegesinstitutes.ca\/wp-content\/uploads\/2025\/05\/cican_upskilling_palette_skills_email_header_eng_v2_jpg-1.webp","width":966,"height":506},{"@type":"BreadcrumbList","@id":"https:\/\/www.collegesinstitutes.ca\/fr\/microcertifications\/uie\/#breadcrumb","itemListElement":[{"@type":"ListItem","position":1,"name":"Home","item":"https:\/\/www.collegesinstitutes.ca\/fr\/"},{"@type":"ListItem","position":2,"name":"Microcertifications","item":"https:\/\/www.collegesinstitutes.ca\/fr\/microcertifications\/"},{"@type":"ListItem","position":3,"name":"Acc\u00e9l\u00e9rez votre cheminement professionnel!"}]},{"@type":"WebSite","@id":"https:\/\/www.collegesinstitutes.ca\/fr\/#website","url":"https:\/\/www.collegesinstitutes.ca\/fr\/","name":"Colleges and Institutes Canada","description":"The Voice of Canada&#039;s Colleges &amp; Institutes","publisher":{"@id":"https:\/\/www.collegesinstitutes.ca\/fr\/#organization"},"potentialAction":[{"@type":"SearchAction","target":{"@type":"EntryPoint","urlTemplate":"https:\/\/www.collegesinstitutes.ca\/fr\/?s={search_term_string}"},"query-input":{"@type":"PropertyValueSpecification","valueRequired":true,"valueName":"search_term_string"}}],"inLanguage":"fr-FR"},{"@type":"Organization","@id":"https:\/\/www.collegesinstitutes.ca\/fr\/#organization","name":"Colleges and Institutes Canada","url":"https:\/\/www.collegesinstitutes.ca\/fr\/","logo":{"@type":"ImageObject","inLanguage":"fr-FR","@id":"https:\/\/www.collegesinstitutes.ca\/fr\/#\/schema\/logo\/image\/","url":"https:\/\/www.collegesinstitutes.ca\/wp-content\/uploads\/2025\/06\/logo-en.png","contentUrl":"https:\/\/www.collegesinstitutes.ca\/wp-content\/uploads\/2025\/06\/logo-en.png","width":794,"height":280,"caption":"Colleges and Institutes Canada"},"image":{"@id":"https:\/\/www.collegesinstitutes.ca\/fr\/#\/schema\/logo\/image\/"}}]}},"_links":{"self":[{"href":"https:\/\/www.collegesinstitutes.ca\/fr\/wp-json\/wp\/v2\/pages\/35569","targetHints":{"allow":["GET"]}}],"collection":[{"href":"https:\/\/www.collegesinstitutes.ca\/fr\/wp-json\/wp\/v2\/pages"}],"about":[{"href":"https:\/\/www.collegesinstitutes.ca\/fr\/wp-json\/wp\/v2\/types\/page"}],"author":[{"embeddable":true,"href":"https:\/\/www.collegesinstitutes.ca\/fr\/wp-json\/wp\/v2\/users\/16"}],"replies":[{"embeddable":true,"href":"https:\/\/www.collegesinstitutes.ca\/fr\/wp-json\/wp\/v2\/comments?post=35569"}],"version-history":[{"count":0,"href":"https:\/\/www.collegesinstitutes.ca\/fr\/wp-json\/wp\/v2\/pages\/35569\/revisions"}],"up":[{"embeddable":true,"href":"https:\/\/www.collegesinstitutes.ca\/fr\/wp-json\/wp\/v2\/pages\/35570"}],"wp:featuredmedia":[{"embeddable":true,"href":"https:\/\/www.collegesinstitutes.ca\/fr\/wp-json\/wp\/v2\/media\/35571"}],"wp:attachment":[{"href":"https:\/\/www.collegesinstitutes.ca\/fr\/wp-json\/wp\/v2\/media?parent=35569"}],"wp:term":[{"taxonomy":"category","embeddable":true,"href":"https:\/\/www.collegesinstitutes.ca\/fr\/wp-json\/wp\/v2\/categories?post=35569"},{"taxonomy":"post_tag","embeddable":true,"href":"https:\/\/www.collegesinstitutes.ca\/fr\/wp-json\/wp\/v2\/tags?post=35569"}],"curies":[{"name":"wp","href":"https:\/\/api.w.org\/{rel}","templated":true}]}}