{"id":34146,"date":"2024-06-12T15:31:07","date_gmt":"2024-06-12T15:31:07","guid":{"rendered":"https:\/\/www.collegesinstitutes.ca\/a-propos\/roadmap\/our-approach\/"},"modified":"2024-06-25T15:29:29","modified_gmt":"2024-06-25T15:29:29","slug":"notre-demarche","status":"publish","type":"page","link":"https:\/\/www.collegesinstitutes.ca\/fr\/a-propos\/feuille-de-route\/notre-demarche\/","title":{"rendered":"Notre d\u00e9marche"},"content":{"rendered":"<p class=\"lead\">Dans le cadre de la feuille de route pour 2026, nous avons repositionn\u00e9 les piliers strat\u00e9giques, \u00e0 savoir <strong>D\u00e9fendre les int\u00e9r\u00eats, Accro\u00eetre les capacit\u00e9s, Faire avancer le savoir et Exceller<\/strong>. Il ne s\u2019agit pas ici d\u2019un objectif final, mais plut\u00f4t de moyens d\u2019exercer un impact. Ces piliers repr\u00e9sentent la mani\u00e8re dont nous soutenons nos membres et l\u2019\u00e9cosyst\u00e8me des coll\u00e8ges et instituts, qui \u00e0 son tour appuie la concr\u00e9tisation de notre mission et de notre vision.<\/p>\n<h2 class=\"border-0 mt-5 pt-5 border-top\">D\u00e9fendre les int\u00e9r\u00eats<\/h2>\n<div class=\"boxit p-5 my-5\">\n<div class=\"row align-items-center\">\n<div class=\"col-12 col-md-auto\"><img decoding=\"async\" src=\"https:\/\/www.collegesinstitutes.ca\/wp-content\/uploads\/2024\/06\/RM_icons_4-approach1.png\" alt=\"\" width=\"80\" height=\"80\" class=\"alignnone size-full wp-image-34132\" srcset=\"https:\/\/www.collegesinstitutes.ca\/wp-content\/uploads\/2024\/06\/RM_icons_4-approach1.png 401w, https:\/\/www.collegesinstitutes.ca\/wp-content\/uploads\/2024\/06\/RM_icons_4-approach1-300x300.png 300w, https:\/\/www.collegesinstitutes.ca\/wp-content\/uploads\/2024\/06\/RM_icons_4-approach1-150x150.png 150w\" sizes=\"(max-width: 80px) 100vw, 80px\" \/><\/div>\n<div class=\"col-12 col-md\">\n<p class=\"lead m-0\">Pr\u00e9senter les coll\u00e8ges et instituts publics du Canada comme un bien public; mettre en \u00e9vidence les forces uniques de nos membres afin que le secteur coll\u00e9gial soit reconnu pour son r\u00f4le de chef de file dans la croissance \u00e9conomique et le bien-\u00eatre social, et qu\u2019il soit financ\u00e9 comme il se doit pour pouvoir apporter des solutions aux d\u00e9fis nationaux.<\/p>\n<\/div>\n<\/div>\n<\/div>\n<h3>Parrainer | Influencer | Mobiliser<\/h3>\n<ul class=\"me-md-5 pe-md-5\">\n<li><strong>Promouvoir les forces<\/strong> de nos membres aupr\u00e8s de publics nationaux et internationaux.<\/li>\n<li><strong>Rehausser l\u2019image de marque et la r\u00e9putation<\/strong> du secteur coll\u00e9gial comme source de solutions \u00e0 des difficult\u00e9s communes urgentes. <\/li>\n<li><strong>Rallier les membres<\/strong> autour de grands d\u00e9fis pour exercer un impact national et mondial.<\/li>\n<li><strong>Assurer le suivi des enjeux nationaux et mondiaux<\/strong> pour discerner et g\u00e9rer les impacts sur l\u2019\u00e9cosyst\u00e8me. <\/li>\n<\/ul>\n<h2 class=\"border-0 mt-5 pt-5 border-top\">Accro\u00eetre les capacit\u00e9s<\/h2>\n<div class=\"boxit p-5 my-5\">\n<div class=\"row align-items-center\">\n<div class=\"col-12 col-md-auto\"><img decoding=\"async\" src=\"https:\/\/www.collegesinstitutes.ca\/wp-content\/uploads\/2024\/06\/RM_icons_4-approach2.png\" alt=\"\" width=\"80\" height=\"80\" class=\"alignnone size-full wp-image-34130\" srcset=\"https:\/\/www.collegesinstitutes.ca\/wp-content\/uploads\/2024\/06\/RM_icons_4-approach2.png 401w, https:\/\/www.collegesinstitutes.ca\/wp-content\/uploads\/2024\/06\/RM_icons_4-approach2-300x300.png 300w, https:\/\/www.collegesinstitutes.ca\/wp-content\/uploads\/2024\/06\/RM_icons_4-approach2-150x150.png 150w\" sizes=\"(max-width: 80px) 100vw, 80px\" \/><\/div>\n<div class=\"col-12 col-md\">\n<p class=\"lead m-0\">D\u00e9velopper et renforcer le savoir-faire de l\u2019\u00e9cosyst\u00e8me des coll\u00e8ges et instituts canadiens pour s\u2019adapter et prosp\u00e9rer dans un monde en rapide \u00e9volution.<\/p>\n<\/div>\n<\/div>\n<\/div>\n<h3>Participer | Se r\u00e9unir | Valoriser<\/h3>\n<ul class=\"me-md-5 pe-md-5\">\n<li><strong>Multiplier les interactions entre les membres<\/strong> dans l\u2019ensemble de l\u2019\u00e9cosyst\u00e8me, aux niveaux national, r\u00e9gional et local.<\/li>\n<li><strong>Offrir aux membres des possibilit\u00e9s de d\u00e9veloppement du leadership et d\u2019apprentissage<\/strong>, de m\u00eame que des ressources cl\u00e9s pour leur permettre de prosp\u00e9rer dans des paysages en mutation. <\/li>\n<li><strong>Soutenir la mise en valeur du savoir-faire<\/strong> des membres par l\u2019interm\u00e9diaire de r\u00e9seaux nationaux et internationaux. <\/li>\n<li><strong>D\u00e9velopper une offre de programmes<\/strong> pour les membres gr\u00e2ce \u00e0 diverses sources de financement.<\/li>\n<\/ul>\n<h2 class=\"border-0 mt-5 pt-5 border-top\">Faire avancer le savoir<\/h2>\n<div class=\"boxit p-5 my-5\">\n<div class=\"row align-items-center\">\n<div class=\"col-12 col-md-auto\"><img decoding=\"async\" src=\"https:\/\/www.collegesinstitutes.ca\/wp-content\/uploads\/2024\/06\/RM_icons_4-approach3.png\" alt=\"\" width=\"80\" height=\"80\" class=\"alignnone size-full wp-image-34128\" srcset=\"https:\/\/www.collegesinstitutes.ca\/wp-content\/uploads\/2024\/06\/RM_icons_4-approach3.png 401w, https:\/\/www.collegesinstitutes.ca\/wp-content\/uploads\/2024\/06\/RM_icons_4-approach3-300x300.png 300w, https:\/\/www.collegesinstitutes.ca\/wp-content\/uploads\/2024\/06\/RM_icons_4-approach3-150x150.png 150w\" sizes=\"(max-width: 80px) 100vw, 80px\" \/><\/div>\n<div class=\"col-12 col-md\">\n<p class=\"lead m-0\">Fournir des \u00e9l\u00e9ments probants et mobiliser les connaissances des coll\u00e8ges et instituts canadiens pour am\u00e9liorer les moyens de subsistance des communaut\u00e9s au Canada et \u00e0 l\u2019\u00e9tranger; \u00e9changer de nouvelles id\u00e9es pour relever des d\u00e9fis communs.<\/p>\n<\/div>\n<\/div>\n<\/div>\n<h3>Favoriser la recherche | Diffuser | D\u00e9montrer<\/h3>\n<ul class=\"me-md-5 pe-md-5\">\n<li><strong>Diriger et diffuser le d\u00e9veloppement des connaissances<\/strong> sur l\u2019\u00e9cosyst\u00e8me en rassemblant les connaissances actuelles, en comblant les lacunes de la recherche ainsi qu\u2019en pr\u00e9voyant les besoins en mati\u00e8re de connaissances et en y r\u00e9pondant.<\/li>\n<li><strong>Encourager<\/strong> la prise de d\u00e9cision et la planification fond\u00e9es sur des donn\u00e9es <strong>probantes<\/strong>.<\/li>\n<li><strong>Demeurer un leader d\u2019opinion national et mondial<\/strong> dans la production et la mobilisation de connaissances de pointe sur les forces uniques et l\u2019impact de l\u2019\u00e9cosyst\u00e8me des coll\u00e8ges et instituts du Canada.<\/li>\n<li><strong>Rep\u00e9rer et diffuser<\/strong> les possibilit\u00e9s de croissance et de partenariats.<\/li>\n<\/ul>\n<h2 class=\"border-0 mt-5 pt-5 border-top\">Exceller<\/h2>\n<div class=\"boxit p-5 my-5\">\n<div class=\"row align-items-center\">\n<div class=\"col-12 col-md-auto\"><img loading=\"lazy\" decoding=\"async\" src=\"https:\/\/www.collegesinstitutes.ca\/wp-content\/uploads\/2024\/06\/RM_icons_4-approach4.png\" alt=\"\" width=\"80\" height=\"80\" class=\"alignnone size-full wp-image-34126\" srcset=\"https:\/\/www.collegesinstitutes.ca\/wp-content\/uploads\/2024\/06\/RM_icons_4-approach4.png 401w, https:\/\/www.collegesinstitutes.ca\/wp-content\/uploads\/2024\/06\/RM_icons_4-approach4-300x300.png 300w, https:\/\/www.collegesinstitutes.ca\/wp-content\/uploads\/2024\/06\/RM_icons_4-approach4-150x150.png 150w\" sizes=\"(max-width: 80px) 100vw, 80px\" \/><\/div>\n<div class=\"col-12 col-md\">\n<p class=\"lead m-0\">S\u2019imposer comme organisation apprenante et performante qui s\u2019am\u00e9liore en permanence et s\u2019adapte pour r\u00e9pondre aux nouveaux besoins de ses membres et de son personnel.<\/p>\n<\/div>\n<\/div>\n<\/div>\n<h3>Concentration | Intentionnalit\u00e9 | Int\u00e9gration<\/h3>\n<ul class=\"me-md-5 pe-md-5\">\n<li><strong>Diriger dans le cadre d\u2019une vision unifi\u00e9e et harmonis\u00e9e<\/strong> pour fournir aux membres des services de haute qualit\u00e9 et \u00e0 fort impact.<\/li>\n<li><strong>Assurer le suivi des besoins des membres, pr\u00e9voir ces besoins et y r\u00e9pondre<\/strong> de mani\u00e8re \u00e0 favoriser la viabilit\u00e9 et l\u2019impact du syst\u00e8me. <\/li>\n<li><strong>S\u2019engager \u00e0 assurer le bien-\u00eatre<\/strong> du personnel dans le but de favoriser l\u2019innovation, la productivit\u00e9, la croissance et la fid\u00e9lisation. <\/li>\n<li><strong>Int\u00e9grer les pratiques exemplaires<\/strong> en mati\u00e8re de gouvernance, de gestion et d\u2019excellence de la planification<\/li>\n<\/ul>\n<div class=\"row mt-5 pt-5 border-top\">\n<div class=\"col-6 text-start\"><a href=\"https:\/\/www.collegesinstitutes.ca\/fr\/a-propos\/feuille-de-route\/nos-trois-priorites-strategiques\/\" class=\"btn btn-dark\">&lt; P\u00e9c\u00e9dent<\/a><\/div>\n<div class=\"col-6 text-end\"><\/div>\n<\/div>\n","protected":false},"excerpt":{"rendered":"<p>Dans le cadre de la feuille de route pour 2026, nous avons repositionn\u00e9 les piliers strat\u00e9giques, \u00e0 savoir D\u00e9fendre les int\u00e9r\u00eats, Accro\u00eetre les capacit\u00e9s, Faire avancer le savoir et Exceller&#8230;.<\/p>\n","protected":false},"author":2,"featured_media":34095,"parent":34140,"menu_order":0,"comment_status":"closed","ping_status":"closed","template":"","meta":{"_acf_changed":false,"footnotes":""},"categories":[],"tags":[],"class_list":["post-34146","page","type-page","status-publish","has-post-thumbnail","hentry"],"acf":[],"yoast_head":"<!-- This site is optimized with the Yoast SEO plugin v27.4 - https:\/\/yoast.com\/product\/yoast-seo-wordpress\/ -->\n<title>Notre d\u00e9marche - Colleges and Institutes Canada<\/title>\n<meta name=\"robots\" content=\"index, follow, max-snippet:-1, max-image-preview:large, max-video-preview:-1\" \/>\n<link rel=\"canonical\" href=\"https:\/\/www.collegesinstitutes.ca\/fr\/a-propos\/feuille-de-route\/notre-demarche\/\" \/>\n<meta property=\"og:locale\" content=\"fr_FR\" \/>\n<meta property=\"og:type\" content=\"article\" \/>\n<meta property=\"og:title\" content=\"Notre d\u00e9marche - Colleges and Institutes Canada\" \/>\n<meta property=\"og:description\" content=\"Dans le cadre de la feuille de route pour 2026, nous avons repositionn\u00e9 les piliers strat\u00e9giques, \u00e0 savoir D\u00e9fendre les int\u00e9r\u00eats, Accro\u00eetre les capacit\u00e9s, Faire avancer le savoir et Exceller....\" \/>\n<meta property=\"og:url\" content=\"https:\/\/www.collegesinstitutes.ca\/fr\/a-propos\/feuille-de-route\/notre-demarche\/\" \/>\n<meta property=\"og:site_name\" content=\"Colleges and Institutes Canada\" \/>\n<meta property=\"article:modified_time\" content=\"2024-06-25T15:29:29+00:00\" \/>\n<meta property=\"og:image\" content=\"https:\/\/www.collegesinstitutes.ca\/wp-content\/uploads\/2024\/06\/header-img-Roadmap26_7-our-approach.jpg\" \/>\n\t<meta property=\"og:image:width\" content=\"1201\" \/>\n\t<meta property=\"og:image:height\" content=\"629\" \/>\n\t<meta property=\"og:image:type\" content=\"image\/jpeg\" \/>\n<meta name=\"twitter:card\" content=\"summary_large_image\" \/>\n<meta name=\"twitter:label1\" content=\"Est. reading time\" \/>\n\t<meta name=\"twitter:data1\" content=\"3 minutes\" \/>\n<script type=\"application\/ld+json\" class=\"yoast-schema-graph\">{\"@context\":\"https:\\\/\\\/schema.org\",\"@graph\":[{\"@type\":\"WebPage\",\"@id\":\"https:\\\/\\\/www.collegesinstitutes.ca\\\/fr\\\/a-propos\\\/feuille-de-route\\\/notre-demarche\\\/\",\"url\":\"https:\\\/\\\/www.collegesinstitutes.ca\\\/fr\\\/a-propos\\\/feuille-de-route\\\/notre-demarche\\\/\",\"name\":\"Notre d\u00e9marche - Colleges and Institutes Canada\",\"isPartOf\":{\"@id\":\"https:\\\/\\\/www.collegesinstitutes.ca\\\/fr\\\/#website\"},\"primaryImageOfPage\":{\"@id\":\"https:\\\/\\\/www.collegesinstitutes.ca\\\/fr\\\/a-propos\\\/feuille-de-route\\\/notre-demarche\\\/#primaryimage\"},\"image\":{\"@id\":\"https:\\\/\\\/www.collegesinstitutes.ca\\\/fr\\\/a-propos\\\/feuille-de-route\\\/notre-demarche\\\/#primaryimage\"},\"thumbnailUrl\":\"https:\\\/\\\/www.collegesinstitutes.ca\\\/wp-content\\\/uploads\\\/2024\\\/06\\\/header-img-Roadmap26_7-our-approach.jpg\",\"datePublished\":\"2024-06-12T15:31:07+00:00\",\"dateModified\":\"2024-06-25T15:29:29+00:00\",\"breadcrumb\":{\"@id\":\"https:\\\/\\\/www.collegesinstitutes.ca\\\/fr\\\/a-propos\\\/feuille-de-route\\\/notre-demarche\\\/#breadcrumb\"},\"inLanguage\":\"fr-FR\",\"potentialAction\":[{\"@type\":\"ReadAction\",\"target\":[\"https:\\\/\\\/www.collegesinstitutes.ca\\\/fr\\\/a-propos\\\/feuille-de-route\\\/notre-demarche\\\/\"]}]},{\"@type\":\"ImageObject\",\"inLanguage\":\"fr-FR\",\"@id\":\"https:\\\/\\\/www.collegesinstitutes.ca\\\/fr\\\/a-propos\\\/feuille-de-route\\\/notre-demarche\\\/#primaryimage\",\"url\":\"https:\\\/\\\/www.collegesinstitutes.ca\\\/wp-content\\\/uploads\\\/2024\\\/06\\\/header-img-Roadmap26_7-our-approach.jpg\",\"contentUrl\":\"https:\\\/\\\/www.collegesinstitutes.ca\\\/wp-content\\\/uploads\\\/2024\\\/06\\\/header-img-Roadmap26_7-our-approach.jpg\",\"width\":1201,\"height\":629},{\"@type\":\"BreadcrumbList\",\"@id\":\"https:\\\/\\\/www.collegesinstitutes.ca\\\/fr\\\/a-propos\\\/feuille-de-route\\\/notre-demarche\\\/#breadcrumb\",\"itemListElement\":[{\"@type\":\"ListItem\",\"position\":1,\"name\":\"Home\",\"item\":\"https:\\\/\\\/www.collegesinstitutes.ca\\\/fr\\\/\"},{\"@type\":\"ListItem\",\"position\":2,\"name\":\"\u00c0 propos de Coll\u00e8ges et instituts Canada\",\"item\":\"https:\\\/\\\/www.collegesinstitutes.ca\\\/fr\\\/a-propos\\\/\"},{\"@type\":\"ListItem\",\"position\":3,\"name\":\"Feuille de route de CICan pour 2026\",\"item\":\"https:\\\/\\\/www.collegesinstitutes.ca\\\/fr\\\/a-propos\\\/feuille-de-route\\\/\"},{\"@type\":\"ListItem\",\"position\":4,\"name\":\"Notre d\u00e9marche\"}]},{\"@type\":\"WebSite\",\"@id\":\"https:\\\/\\\/www.collegesinstitutes.ca\\\/fr\\\/#website\",\"url\":\"https:\\\/\\\/www.collegesinstitutes.ca\\\/fr\\\/\",\"name\":\"Colleges and Institutes Canada\",\"description\":\"The Voice of Canada&#039;s Colleges &amp; Institutes\",\"publisher\":{\"@id\":\"https:\\\/\\\/www.collegesinstitutes.ca\\\/fr\\\/#organization\"},\"potentialAction\":[{\"@type\":\"SearchAction\",\"target\":{\"@type\":\"EntryPoint\",\"urlTemplate\":\"https:\\\/\\\/www.collegesinstitutes.ca\\\/fr\\\/?s={search_term_string}\"},\"query-input\":{\"@type\":\"PropertyValueSpecification\",\"valueRequired\":true,\"valueName\":\"search_term_string\"}}],\"inLanguage\":\"fr-FR\"},{\"@type\":\"Organization\",\"@id\":\"https:\\\/\\\/www.collegesinstitutes.ca\\\/fr\\\/#organization\",\"name\":\"Colleges and Institutes Canada\",\"url\":\"https:\\\/\\\/www.collegesinstitutes.ca\\\/fr\\\/\",\"logo\":{\"@type\":\"ImageObject\",\"inLanguage\":\"fr-FR\",\"@id\":\"https:\\\/\\\/www.collegesinstitutes.ca\\\/fr\\\/#\\\/schema\\\/logo\\\/image\\\/\",\"url\":\"https:\\\/\\\/www.collegesinstitutes.ca\\\/wp-content\\\/uploads\\\/2025\\\/06\\\/logo-en.png\",\"contentUrl\":\"https:\\\/\\\/www.collegesinstitutes.ca\\\/wp-content\\\/uploads\\\/2025\\\/06\\\/logo-en.png\",\"width\":794,\"height\":280,\"caption\":\"Colleges and Institutes Canada\"},\"image\":{\"@id\":\"https:\\\/\\\/www.collegesinstitutes.ca\\\/fr\\\/#\\\/schema\\\/logo\\\/image\\\/\"}}]}<\/script>\n<!-- \/ Yoast SEO plugin. -->","yoast_head_json":{"title":"Notre d\u00e9marche - Colleges and Institutes Canada","robots":{"index":"index","follow":"follow","max-snippet":"max-snippet:-1","max-image-preview":"max-image-preview:large","max-video-preview":"max-video-preview:-1"},"canonical":"https:\/\/www.collegesinstitutes.ca\/fr\/a-propos\/feuille-de-route\/notre-demarche\/","og_locale":"fr_FR","og_type":"article","og_title":"Notre d\u00e9marche - Colleges and Institutes Canada","og_description":"Dans le cadre de la feuille de route pour 2026, nous avons repositionn\u00e9 les piliers strat\u00e9giques, \u00e0 savoir D\u00e9fendre les int\u00e9r\u00eats, Accro\u00eetre les capacit\u00e9s, Faire avancer le savoir et Exceller....","og_url":"https:\/\/www.collegesinstitutes.ca\/fr\/a-propos\/feuille-de-route\/notre-demarche\/","og_site_name":"Colleges and Institutes Canada","article_modified_time":"2024-06-25T15:29:29+00:00","og_image":[{"width":1201,"height":629,"url":"https:\/\/www.collegesinstitutes.ca\/wp-content\/uploads\/2024\/06\/header-img-Roadmap26_7-our-approach.jpg","type":"image\/jpeg"}],"twitter_card":"summary_large_image","twitter_misc":{"Est. reading time":"3 minutes"},"schema":{"@context":"https:\/\/schema.org","@graph":[{"@type":"WebPage","@id":"https:\/\/www.collegesinstitutes.ca\/fr\/a-propos\/feuille-de-route\/notre-demarche\/","url":"https:\/\/www.collegesinstitutes.ca\/fr\/a-propos\/feuille-de-route\/notre-demarche\/","name":"Notre d\u00e9marche - Colleges and Institutes Canada","isPartOf":{"@id":"https:\/\/www.collegesinstitutes.ca\/fr\/#website"},"primaryImageOfPage":{"@id":"https:\/\/www.collegesinstitutes.ca\/fr\/a-propos\/feuille-de-route\/notre-demarche\/#primaryimage"},"image":{"@id":"https:\/\/www.collegesinstitutes.ca\/fr\/a-propos\/feuille-de-route\/notre-demarche\/#primaryimage"},"thumbnailUrl":"https:\/\/www.collegesinstitutes.ca\/wp-content\/uploads\/2024\/06\/header-img-Roadmap26_7-our-approach.jpg","datePublished":"2024-06-12T15:31:07+00:00","dateModified":"2024-06-25T15:29:29+00:00","breadcrumb":{"@id":"https:\/\/www.collegesinstitutes.ca\/fr\/a-propos\/feuille-de-route\/notre-demarche\/#breadcrumb"},"inLanguage":"fr-FR","potentialAction":[{"@type":"ReadAction","target":["https:\/\/www.collegesinstitutes.ca\/fr\/a-propos\/feuille-de-route\/notre-demarche\/"]}]},{"@type":"ImageObject","inLanguage":"fr-FR","@id":"https:\/\/www.collegesinstitutes.ca\/fr\/a-propos\/feuille-de-route\/notre-demarche\/#primaryimage","url":"https:\/\/www.collegesinstitutes.ca\/wp-content\/uploads\/2024\/06\/header-img-Roadmap26_7-our-approach.jpg","contentUrl":"https:\/\/www.collegesinstitutes.ca\/wp-content\/uploads\/2024\/06\/header-img-Roadmap26_7-our-approach.jpg","width":1201,"height":629},{"@type":"BreadcrumbList","@id":"https:\/\/www.collegesinstitutes.ca\/fr\/a-propos\/feuille-de-route\/notre-demarche\/#breadcrumb","itemListElement":[{"@type":"ListItem","position":1,"name":"Home","item":"https:\/\/www.collegesinstitutes.ca\/fr\/"},{"@type":"ListItem","position":2,"name":"\u00c0 propos de Coll\u00e8ges et instituts Canada","item":"https:\/\/www.collegesinstitutes.ca\/fr\/a-propos\/"},{"@type":"ListItem","position":3,"name":"Feuille de route de CICan pour 2026","item":"https:\/\/www.collegesinstitutes.ca\/fr\/a-propos\/feuille-de-route\/"},{"@type":"ListItem","position":4,"name":"Notre d\u00e9marche"}]},{"@type":"WebSite","@id":"https:\/\/www.collegesinstitutes.ca\/fr\/#website","url":"https:\/\/www.collegesinstitutes.ca\/fr\/","name":"Colleges and Institutes Canada","description":"The Voice of Canada&#039;s Colleges &amp; Institutes","publisher":{"@id":"https:\/\/www.collegesinstitutes.ca\/fr\/#organization"},"potentialAction":[{"@type":"SearchAction","target":{"@type":"EntryPoint","urlTemplate":"https:\/\/www.collegesinstitutes.ca\/fr\/?s={search_term_string}"},"query-input":{"@type":"PropertyValueSpecification","valueRequired":true,"valueName":"search_term_string"}}],"inLanguage":"fr-FR"},{"@type":"Organization","@id":"https:\/\/www.collegesinstitutes.ca\/fr\/#organization","name":"Colleges and Institutes Canada","url":"https:\/\/www.collegesinstitutes.ca\/fr\/","logo":{"@type":"ImageObject","inLanguage":"fr-FR","@id":"https:\/\/www.collegesinstitutes.ca\/fr\/#\/schema\/logo\/image\/","url":"https:\/\/www.collegesinstitutes.ca\/wp-content\/uploads\/2025\/06\/logo-en.png","contentUrl":"https:\/\/www.collegesinstitutes.ca\/wp-content\/uploads\/2025\/06\/logo-en.png","width":794,"height":280,"caption":"Colleges and Institutes Canada"},"image":{"@id":"https:\/\/www.collegesinstitutes.ca\/fr\/#\/schema\/logo\/image\/"}}]}},"_links":{"self":[{"href":"https:\/\/www.collegesinstitutes.ca\/fr\/wp-json\/wp\/v2\/pages\/34146","targetHints":{"allow":["GET"]}}],"collection":[{"href":"https:\/\/www.collegesinstitutes.ca\/fr\/wp-json\/wp\/v2\/pages"}],"about":[{"href":"https:\/\/www.collegesinstitutes.ca\/fr\/wp-json\/wp\/v2\/types\/page"}],"author":[{"embeddable":true,"href":"https:\/\/www.collegesinstitutes.ca\/fr\/wp-json\/wp\/v2\/users\/2"}],"replies":[{"embeddable":true,"href":"https:\/\/www.collegesinstitutes.ca\/fr\/wp-json\/wp\/v2\/comments?post=34146"}],"version-history":[{"count":0,"href":"https:\/\/www.collegesinstitutes.ca\/fr\/wp-json\/wp\/v2\/pages\/34146\/revisions"}],"up":[{"embeddable":true,"href":"https:\/\/www.collegesinstitutes.ca\/fr\/wp-json\/wp\/v2\/pages\/34140"}],"wp:featuredmedia":[{"embeddable":true,"href":"https:\/\/www.collegesinstitutes.ca\/fr\/wp-json\/wp\/v2\/media\/34095"}],"wp:attachment":[{"href":"https:\/\/www.collegesinstitutes.ca\/fr\/wp-json\/wp\/v2\/media?parent=34146"}],"wp:term":[{"taxonomy":"category","embeddable":true,"href":"https:\/\/www.collegesinstitutes.ca\/fr\/wp-json\/wp\/v2\/categories?post=34146"},{"taxonomy":"post_tag","embeddable":true,"href":"https:\/\/www.collegesinstitutes.ca\/fr\/wp-json\/wp\/v2\/tags?post=34146"}],"curies":[{"name":"wp","href":"https:\/\/api.w.org\/{rel}","templated":true}]}}