{"id":34145,"date":"2024-06-12T15:19:36","date_gmt":"2024-06-12T15:19:36","guid":{"rendered":"https:\/\/www.collegesinstitutes.ca\/a-propos\/roadmap\/three-strategic-priorities\/"},"modified":"2024-06-25T15:32:41","modified_gmt":"2024-06-25T15:32:41","slug":"nos-trois-priorites-strategiques","status":"publish","type":"page","link":"https:\/\/www.collegesinstitutes.ca\/fr\/a-propos\/feuille-de-route\/nos-trois-priorites-strategiques\/","title":{"rendered":"Nos trois grandes priorit\u00e9s strat\u00e9giques"},"content":{"rendered":"<p class=\"lead\">Les priorit\u00e9s strat\u00e9giques de CICan refl\u00e8tent les domaines dans lesquels nous concentrerons nos efforts et nos investissements pour atteindre nos objectifs \u00e0 fort impact. Les grandes initiatives nous aideront \u00e0 concr\u00e9tiser chaque priorit\u00e9 strat\u00e9gique.<\/p>\n<h2 class=\"border-0 mt-5 pt-5 border-top\">Priorit\u00e9 strat\u00e9gique 1<\/h2>\n<div class=\"boxit p-5 my-5\">\n<div class=\"row align-items-center\">\n<div class=\"col-12 col-md-auto\"><img decoding=\"async\" src=\"https:\/\/www.collegesinstitutes.ca\/wp-content\/uploads\/2024\/06\/RM_icons_3-Strategic1.png\" alt=\"\" width=\"80\" height=\"80\" class=\"alignnone size-full wp-image-34117\" srcset=\"https:\/\/www.collegesinstitutes.ca\/wp-content\/uploads\/2024\/06\/RM_icons_3-Strategic1.png 401w, https:\/\/www.collegesinstitutes.ca\/wp-content\/uploads\/2024\/06\/RM_icons_3-Strategic1-300x300.png 300w, https:\/\/www.collegesinstitutes.ca\/wp-content\/uploads\/2024\/06\/RM_icons_3-Strategic1-150x150.png 150w\" sizes=\"(max-width: 80px) 100vw, 80px\" \/><\/div>\n<div class=\"col-12 col-md\">\n<p class=\"lead m-0\">Concentrer le programme de d\u00e9fense des int\u00e9r\u00eats de CICan autour des grandes difficult\u00e9s du Canada pour lesquelles les coll\u00e8ges et instituts d\u00e9tiennent le pouvoir de v\u00e9ritablement changer les choses.<\/p>\n<\/div>\n<\/div>\n<\/div>\n<p>Dans le contexte de l\u2019\u00e9volution du paysage politique f\u00e9d\u00e9ral, formuler et promouvoir la proposition de valeur des coll\u00e8ges et instituts publics pour relever les grands d\u00e9fis du Canada.  <\/p>\n<h3>Grandes initiatives<\/h3>\n<ol class=\"me-md-5 pe-md-5\">\n<li class=\"mb-3\"><strong>D\u00e9velopper une strat\u00e9gie et un discours public sur l\u2019impact des \u00e9tablissements coll\u00e9giaux par rapport aux enjeux du pays<\/strong> pour affirmer le r\u00f4le cl\u00e9 du secteur coll\u00e9gial canadien dans la croissance, la productivit\u00e9 et le bien-\u00eatre social \u00e0 long terme du Canada.<\/li>\n<li class=\"mb-3\"><strong>\u00c9laborer des propositions strat\u00e9giques m\u00fbrement r\u00e9fl\u00e9chies et harmonis\u00e9es<\/strong>, et travailler avec les membres et les partenaires pour mener \u00e0 bien des activit\u00e9s de d\u00e9fense des int\u00e9r\u00eats soutenues et orchestr\u00e9es de mani\u00e8re \u00e0 pr\u00e9senter ces id\u00e9es aux d\u00e9cisionnaires f\u00e9d\u00e9raux. <\/li>\n<li class=\"mb-3\"><strong>Cr\u00e9er un plan de communication strat\u00e9gique et des produits de connaissance<\/strong> pour instituer le secteur coll\u00e9gial comme fournisseur de solutions contribuant \u00e0 r\u00e9gler les difficult\u00e9s de l\u2019heure et \u00e0 alimenter les conversations sur les politiques publiques nationales pertinentes pour la population canadienne. <\/li>\n<li class=\"mb-3\"><strong>Moderniser notre approche des services aux membres<\/strong> et des initiatives connexes pour appuyer l\u2019agenda national et r\u00e9pondre \u00e0 l\u2019\u00e9volution des besoins des membres en mati\u00e8re de leadership et de capacit\u00e9s.<\/li>\n<li class=\"mb-3\"><strong>\u00c9laborer et ex\u00e9cuter un plan pr\u00e9\u00e9lectoral<\/strong> pour \u00e9tablir le secteur coll\u00e9gial, tous partis confondus, comme principal fournisseur de solutions face aux difficult\u00e9s nationales auxquelles fait face la population canadienne.<\/li>\n<\/ol>\n<h2 class=\"border-0 mt-5 pt-5 border-top\">Priorit\u00e9 strat\u00e9gique 2<\/h2>\n<div class=\"boxit p-5 my-5\">\n<div class=\"row align-items-center\">\n<div class=\"col-12 col-md-auto\"><img decoding=\"async\" src=\"\/wp-content\/uploads\/2024\/06\/RM_icons_3-strategic2.png\" alt=\"\" width=\"80\" height=\"80\" class=\"alignnone size-full wp-image-34121\" srcset=\"https:\/\/www.collegesinstitutes.ca\/wp-content\/uploads\/2024\/06\/RM_icons_3-strategic2.png 401w, https:\/\/www.collegesinstitutes.ca\/wp-content\/uploads\/2024\/06\/RM_icons_3-strategic2-300x300.png 300w, https:\/\/www.collegesinstitutes.ca\/wp-content\/uploads\/2024\/06\/RM_icons_3-strategic2-150x150.png 150w\" sizes=\"(max-width: 80px) 100vw, 80px\" \/><\/div>\n<div class=\"col-12 col-md\">\n<p class=\"lead m-0\">Int\u00e9grer les programmes nationaux et internationaux pour mieux harmoniser le portefeuille de projets aux objectifs de l\u2019organisation<\/p>\n<\/div>\n<\/div>\n<\/div>\n<p>Bonifier la coh\u00e9rence et l\u2019harmonisation dans les rangs de CICan tout en adoptant une approche de la d\u00e9fense des int\u00e9r\u00eats et du d\u00e9veloppement de programmes ax\u00e9e sur les d\u00e9fis actuels, dans le but d\u2019asseoir la position de CICan et de ses membres comme fournisseurs de solutions cl\u00e9s face aux plus grands probl\u00e8mes du Canada et du monde.<\/p>\n<h3>Grandes initiatives<\/h3>\n<ol class=\"me-md-5 pe-md-5\">\n<li class=\"mb-3\"><strong>Regrouper les programmes nationaux et internationaux, les partenariats, les \u00e9quipes et les ressources<\/strong> pour accro\u00eetre les synergies, l\u2019efficacit\u00e9 et l\u2019impact.<\/li>\n<li class=\"mb-3\"><strong>Renforcer les objectifs et les lignes directrices des projets<\/strong> pour\u202fassurer l\u2019ad\u00e9quation entre le portefeuille et les objectifs strat\u00e9giques.<\/li>\n<li class=\"mb-3\"><strong>Poursuivre les projets strat\u00e9giques<\/strong>\u202fqui sont ax\u00e9s sur les membres et qui servent le mieux nos objectifs organisationnels.<\/li>\n<li class=\"mb-3\"><strong>Consulter nos membres<\/strong>\u202fet leur communiquer r\u00e9guli\u00e8rement les derni\u00e8res nouvelles et le portefeuille de CICan pour promouvoir une meilleure compr\u00e9hension mutuelle de l\u2019\u00e9volution des int\u00e9r\u00eats et des capacit\u00e9s, d\u2019une part, et de l\u2019allocation optimale des ressources pour le d\u00e9veloppement de partenariats, d\u2019autre part.<\/li>\n<li class=\"mb-3\"><strong>Examiner le soutien aux projets<\/strong>\u202fet ajuster la mani\u00e8re dont les ressources de l\u2019organisation \u00e9tayent l\u2019ex\u00e9cution des projets.<\/li>\n<\/ol>\n<h2 class=\"border-0 mt-5 pt-5 border-top\">Priorit\u00e9 strat\u00e9gique 3<\/h2>\n<div class=\"boxit p-5 my-5\">\n<div class=\"row align-items-center\">\n<div class=\"col-12 col-md-auto\"><img decoding=\"async\" src=\"https:\/\/www.collegesinstitutes.ca\/wp-content\/uploads\/2024\/06\/RM_icons_3-strategic3.png\" alt=\"\" width=\"80\" height=\"80\" class=\"alignnone size-full wp-image-34119\" srcset=\"https:\/\/www.collegesinstitutes.ca\/wp-content\/uploads\/2024\/06\/RM_icons_3-strategic3.png 401w, https:\/\/www.collegesinstitutes.ca\/wp-content\/uploads\/2024\/06\/RM_icons_3-strategic3-300x300.png 300w, https:\/\/www.collegesinstitutes.ca\/wp-content\/uploads\/2024\/06\/RM_icons_3-strategic3-150x150.png 150w\" sizes=\"(max-width: 80px) 100vw, 80px\" \/><\/div>\n<div class=\"col-12 col-md\">\n<p class=\"lead m-0\">Renforcer la culture et les syst\u00e8mes de CICan \u00e0 l\u2019appui d\u2019une organisation r\u00e9siliente et durable.<\/p>\n<\/div>\n<\/div>\n<\/div>\n<p>B\u00e2tir une culture d\u2019\u00e9quipe unie, tout en assurant une bonne gestion des changements, et veiller \u00e0 ce que la structure de CICan serve ses objectifs. En d\u2019autres termes, le personnel, les ressources et la structure de l\u2019organisation doivent correspondre \u00e0 ses orientations strat\u00e9giques pour r\u00e9pondre aux besoins des membres.<\/p>\n<h3>Grandes initiatives<\/h3>\n<ol class=\"me-md-5 pe-md-5\">\n<li class=\"mb-3\"><strong>Mettre en place une nouvelle structure adapt\u00e9e et une \u00e9quipe de direction rationalis\u00e9e<\/strong> pour am\u00e9liorer l\u2019int\u00e9gration et maximiser l\u2019impact et l\u2019efficacit\u00e9.<\/li>\n<li class=\"mb-3\"><strong>Rafra\u00eechir la culture de CICan<\/strong> gr\u00e2ce \u00e0 un nouveau plan de participation du personnel, soutenu par un leadership et une capacit\u00e9 renforc\u00e9s en mati\u00e8re de ressources humaines.<\/li>\n<li class=\"mb-3\"><strong>Examiner et mettre en \u0153uvre les politiques de travail hybride et de perfectionnement<\/strong> de CICan pour soutenir notre main-d\u2019\u0153uvre pancanadienne et mondiale.<\/li>\n<li class=\"mb-3\"><strong>Renforcer les syst\u00e8mes<\/strong>, les politiques et les capacit\u00e9s de pr\u00e9vision et de <strong>suivi de planification financi\u00e8re strat\u00e9gique de CICan<\/strong><\/li>\n<li class=\"mb-3\"><strong>Am\u00e9liorer les syst\u00e8mes de cr\u00e9ation, de stockage et de diffusion des produits de connaissance<\/strong> \u00e0 l\u2019appui de notre mission et de nos membres. <\/li>\n<\/ol>\n<div class=\"row mt-5 pt-5 border-top\">\n<div class=\"col-6 text-start\"><a href=\"https:\/\/www.collegesinstitutes.ca\/fr\/a-propos\/feuille-de-route\/nos-cinq-objectifs-a-fort-impact\/\" class=\"btn btn-dark\">&lt; P\u00e9c\u00e9dent<\/a><\/div>\n<div class=\"col-6 text-end\"><a href=\"https:\/\/www.collegesinstitutes.ca\/fr\/a-propos\/feuille-de-route\/notre-demarche\/\" class=\"btn btn-dark\">Prochain &gt;<\/a><\/div>\n<\/div>\n","protected":false},"excerpt":{"rendered":"<p>Les priorit\u00e9s strat\u00e9giques de CICan refl\u00e8tent les domaines dans lesquels nous concentrerons nos efforts et nos investissements pour atteindre nos objectifs \u00e0 fort impact. Les grandes initiatives nous aideront \u00e0&#8230;<\/p>\n","protected":false},"author":2,"featured_media":34093,"parent":34140,"menu_order":0,"comment_status":"closed","ping_status":"closed","template":"","meta":{"_acf_changed":false,"footnotes":""},"categories":[],"tags":[],"class_list":["post-34145","page","type-page","status-publish","has-post-thumbnail","hentry"],"acf":[],"yoast_head":"<!-- This site is optimized with the Yoast SEO plugin v27.5 - https:\/\/yoast.com\/product\/yoast-seo-wordpress\/ -->\n<title>Nos trois grandes priorit\u00e9s strat\u00e9giques - Colleges and Institutes Canada<\/title>\n<meta name=\"robots\" content=\"index, follow, max-snippet:-1, max-image-preview:large, max-video-preview:-1\" \/>\n<link rel=\"canonical\" href=\"https:\/\/www.collegesinstitutes.ca\/fr\/a-propos\/feuille-de-route\/nos-trois-priorites-strategiques\/\" \/>\n<meta property=\"og:locale\" content=\"fr_FR\" \/>\n<meta property=\"og:type\" content=\"article\" \/>\n<meta property=\"og:title\" content=\"Nos trois grandes priorit\u00e9s strat\u00e9giques - Colleges and Institutes Canada\" \/>\n<meta property=\"og:description\" content=\"Les priorit\u00e9s strat\u00e9giques de CICan refl\u00e8tent les domaines dans lesquels nous concentrerons nos efforts et nos investissements pour atteindre nos objectifs \u00e0 fort impact. Les grandes initiatives nous aideront \u00e0...\" \/>\n<meta property=\"og:url\" content=\"https:\/\/www.collegesinstitutes.ca\/fr\/a-propos\/feuille-de-route\/nos-trois-priorites-strategiques\/\" \/>\n<meta property=\"og:site_name\" content=\"Colleges and Institutes Canada\" \/>\n<meta property=\"article:modified_time\" content=\"2024-06-25T15:32:41+00:00\" \/>\n<meta property=\"og:image\" content=\"https:\/\/www.collegesinstitutes.ca\/wp-content\/uploads\/2024\/06\/header-img-Roadmap26_6-three-strategic-pr.jpg\" \/>\n\t<meta property=\"og:image:width\" content=\"1201\" \/>\n\t<meta property=\"og:image:height\" content=\"629\" \/>\n\t<meta property=\"og:image:type\" content=\"image\/jpeg\" \/>\n<meta name=\"twitter:card\" content=\"summary_large_image\" \/>\n<meta name=\"twitter:label1\" content=\"Est. reading time\" \/>\n\t<meta name=\"twitter:data1\" content=\"4 minutes\" \/>\n<script type=\"application\/ld+json\" class=\"yoast-schema-graph\">{\"@context\":\"https:\\\/\\\/schema.org\",\"@graph\":[{\"@type\":\"WebPage\",\"@id\":\"https:\\\/\\\/www.collegesinstitutes.ca\\\/fr\\\/a-propos\\\/feuille-de-route\\\/nos-trois-priorites-strategiques\\\/\",\"url\":\"https:\\\/\\\/www.collegesinstitutes.ca\\\/fr\\\/a-propos\\\/feuille-de-route\\\/nos-trois-priorites-strategiques\\\/\",\"name\":\"Nos trois grandes priorit\u00e9s strat\u00e9giques - Colleges and Institutes Canada\",\"isPartOf\":{\"@id\":\"https:\\\/\\\/www.collegesinstitutes.ca\\\/fr\\\/#website\"},\"primaryImageOfPage\":{\"@id\":\"https:\\\/\\\/www.collegesinstitutes.ca\\\/fr\\\/a-propos\\\/feuille-de-route\\\/nos-trois-priorites-strategiques\\\/#primaryimage\"},\"image\":{\"@id\":\"https:\\\/\\\/www.collegesinstitutes.ca\\\/fr\\\/a-propos\\\/feuille-de-route\\\/nos-trois-priorites-strategiques\\\/#primaryimage\"},\"thumbnailUrl\":\"https:\\\/\\\/www.collegesinstitutes.ca\\\/wp-content\\\/uploads\\\/2024\\\/06\\\/header-img-Roadmap26_6-three-strategic-pr.jpg\",\"datePublished\":\"2024-06-12T15:19:36+00:00\",\"dateModified\":\"2024-06-25T15:32:41+00:00\",\"breadcrumb\":{\"@id\":\"https:\\\/\\\/www.collegesinstitutes.ca\\\/fr\\\/a-propos\\\/feuille-de-route\\\/nos-trois-priorites-strategiques\\\/#breadcrumb\"},\"inLanguage\":\"fr-FR\",\"potentialAction\":[{\"@type\":\"ReadAction\",\"target\":[\"https:\\\/\\\/www.collegesinstitutes.ca\\\/fr\\\/a-propos\\\/feuille-de-route\\\/nos-trois-priorites-strategiques\\\/\"]}]},{\"@type\":\"ImageObject\",\"inLanguage\":\"fr-FR\",\"@id\":\"https:\\\/\\\/www.collegesinstitutes.ca\\\/fr\\\/a-propos\\\/feuille-de-route\\\/nos-trois-priorites-strategiques\\\/#primaryimage\",\"url\":\"https:\\\/\\\/www.collegesinstitutes.ca\\\/wp-content\\\/uploads\\\/2024\\\/06\\\/header-img-Roadmap26_6-three-strategic-pr.jpg\",\"contentUrl\":\"https:\\\/\\\/www.collegesinstitutes.ca\\\/wp-content\\\/uploads\\\/2024\\\/06\\\/header-img-Roadmap26_6-three-strategic-pr.jpg\",\"width\":1201,\"height\":629},{\"@type\":\"BreadcrumbList\",\"@id\":\"https:\\\/\\\/www.collegesinstitutes.ca\\\/fr\\\/a-propos\\\/feuille-de-route\\\/nos-trois-priorites-strategiques\\\/#breadcrumb\",\"itemListElement\":[{\"@type\":\"ListItem\",\"position\":1,\"name\":\"Home\",\"item\":\"https:\\\/\\\/www.collegesinstitutes.ca\\\/fr\\\/\"},{\"@type\":\"ListItem\",\"position\":2,\"name\":\"\u00c0 propos de Coll\u00e8ges et instituts Canada\",\"item\":\"https:\\\/\\\/www.collegesinstitutes.ca\\\/fr\\\/a-propos\\\/\"},{\"@type\":\"ListItem\",\"position\":3,\"name\":\"Feuille de route de CICan pour 2030\",\"item\":\"https:\\\/\\\/www.collegesinstitutes.ca\\\/fr\\\/a-propos\\\/feuille-de-route\\\/\"},{\"@type\":\"ListItem\",\"position\":4,\"name\":\"Nos trois grandes priorit\u00e9s strat\u00e9giques\"}]},{\"@type\":\"WebSite\",\"@id\":\"https:\\\/\\\/www.collegesinstitutes.ca\\\/fr\\\/#website\",\"url\":\"https:\\\/\\\/www.collegesinstitutes.ca\\\/fr\\\/\",\"name\":\"Colleges and Institutes Canada\",\"description\":\"The Voice of Canada&#039;s Colleges &amp; Institutes\",\"publisher\":{\"@id\":\"https:\\\/\\\/www.collegesinstitutes.ca\\\/fr\\\/#organization\"},\"potentialAction\":[{\"@type\":\"SearchAction\",\"target\":{\"@type\":\"EntryPoint\",\"urlTemplate\":\"https:\\\/\\\/www.collegesinstitutes.ca\\\/fr\\\/?s={search_term_string}\"},\"query-input\":{\"@type\":\"PropertyValueSpecification\",\"valueRequired\":true,\"valueName\":\"search_term_string\"}}],\"inLanguage\":\"fr-FR\"},{\"@type\":\"Organization\",\"@id\":\"https:\\\/\\\/www.collegesinstitutes.ca\\\/fr\\\/#organization\",\"name\":\"Colleges and Institutes Canada\",\"url\":\"https:\\\/\\\/www.collegesinstitutes.ca\\\/fr\\\/\",\"logo\":{\"@type\":\"ImageObject\",\"inLanguage\":\"fr-FR\",\"@id\":\"https:\\\/\\\/www.collegesinstitutes.ca\\\/fr\\\/#\\\/schema\\\/logo\\\/image\\\/\",\"url\":\"https:\\\/\\\/www.collegesinstitutes.ca\\\/wp-content\\\/uploads\\\/2025\\\/06\\\/logo-en.png\",\"contentUrl\":\"https:\\\/\\\/www.collegesinstitutes.ca\\\/wp-content\\\/uploads\\\/2025\\\/06\\\/logo-en.png\",\"width\":794,\"height\":280,\"caption\":\"Colleges and Institutes Canada\"},\"image\":{\"@id\":\"https:\\\/\\\/www.collegesinstitutes.ca\\\/fr\\\/#\\\/schema\\\/logo\\\/image\\\/\"}}]}<\/script>\n<!-- \/ Yoast SEO plugin. -->","yoast_head_json":{"title":"Nos trois grandes priorit\u00e9s strat\u00e9giques - Colleges and Institutes Canada","robots":{"index":"index","follow":"follow","max-snippet":"max-snippet:-1","max-image-preview":"max-image-preview:large","max-video-preview":"max-video-preview:-1"},"canonical":"https:\/\/www.collegesinstitutes.ca\/fr\/a-propos\/feuille-de-route\/nos-trois-priorites-strategiques\/","og_locale":"fr_FR","og_type":"article","og_title":"Nos trois grandes priorit\u00e9s strat\u00e9giques - Colleges and Institutes Canada","og_description":"Les priorit\u00e9s strat\u00e9giques de CICan refl\u00e8tent les domaines dans lesquels nous concentrerons nos efforts et nos investissements pour atteindre nos objectifs \u00e0 fort impact. Les grandes initiatives nous aideront \u00e0...","og_url":"https:\/\/www.collegesinstitutes.ca\/fr\/a-propos\/feuille-de-route\/nos-trois-priorites-strategiques\/","og_site_name":"Colleges and Institutes Canada","article_modified_time":"2024-06-25T15:32:41+00:00","og_image":[{"width":1201,"height":629,"url":"https:\/\/www.collegesinstitutes.ca\/wp-content\/uploads\/2024\/06\/header-img-Roadmap26_6-three-strategic-pr.jpg","type":"image\/jpeg"}],"twitter_card":"summary_large_image","twitter_misc":{"Est. reading time":"4 minutes"},"schema":{"@context":"https:\/\/schema.org","@graph":[{"@type":"WebPage","@id":"https:\/\/www.collegesinstitutes.ca\/fr\/a-propos\/feuille-de-route\/nos-trois-priorites-strategiques\/","url":"https:\/\/www.collegesinstitutes.ca\/fr\/a-propos\/feuille-de-route\/nos-trois-priorites-strategiques\/","name":"Nos trois grandes priorit\u00e9s strat\u00e9giques - Colleges and Institutes Canada","isPartOf":{"@id":"https:\/\/www.collegesinstitutes.ca\/fr\/#website"},"primaryImageOfPage":{"@id":"https:\/\/www.collegesinstitutes.ca\/fr\/a-propos\/feuille-de-route\/nos-trois-priorites-strategiques\/#primaryimage"},"image":{"@id":"https:\/\/www.collegesinstitutes.ca\/fr\/a-propos\/feuille-de-route\/nos-trois-priorites-strategiques\/#primaryimage"},"thumbnailUrl":"https:\/\/www.collegesinstitutes.ca\/wp-content\/uploads\/2024\/06\/header-img-Roadmap26_6-three-strategic-pr.jpg","datePublished":"2024-06-12T15:19:36+00:00","dateModified":"2024-06-25T15:32:41+00:00","breadcrumb":{"@id":"https:\/\/www.collegesinstitutes.ca\/fr\/a-propos\/feuille-de-route\/nos-trois-priorites-strategiques\/#breadcrumb"},"inLanguage":"fr-FR","potentialAction":[{"@type":"ReadAction","target":["https:\/\/www.collegesinstitutes.ca\/fr\/a-propos\/feuille-de-route\/nos-trois-priorites-strategiques\/"]}]},{"@type":"ImageObject","inLanguage":"fr-FR","@id":"https:\/\/www.collegesinstitutes.ca\/fr\/a-propos\/feuille-de-route\/nos-trois-priorites-strategiques\/#primaryimage","url":"https:\/\/www.collegesinstitutes.ca\/wp-content\/uploads\/2024\/06\/header-img-Roadmap26_6-three-strategic-pr.jpg","contentUrl":"https:\/\/www.collegesinstitutes.ca\/wp-content\/uploads\/2024\/06\/header-img-Roadmap26_6-three-strategic-pr.jpg","width":1201,"height":629},{"@type":"BreadcrumbList","@id":"https:\/\/www.collegesinstitutes.ca\/fr\/a-propos\/feuille-de-route\/nos-trois-priorites-strategiques\/#breadcrumb","itemListElement":[{"@type":"ListItem","position":1,"name":"Home","item":"https:\/\/www.collegesinstitutes.ca\/fr\/"},{"@type":"ListItem","position":2,"name":"\u00c0 propos de Coll\u00e8ges et instituts Canada","item":"https:\/\/www.collegesinstitutes.ca\/fr\/a-propos\/"},{"@type":"ListItem","position":3,"name":"Feuille de route de CICan pour 2030","item":"https:\/\/www.collegesinstitutes.ca\/fr\/a-propos\/feuille-de-route\/"},{"@type":"ListItem","position":4,"name":"Nos trois grandes priorit\u00e9s strat\u00e9giques"}]},{"@type":"WebSite","@id":"https:\/\/www.collegesinstitutes.ca\/fr\/#website","url":"https:\/\/www.collegesinstitutes.ca\/fr\/","name":"Colleges and Institutes Canada","description":"The Voice of Canada&#039;s Colleges &amp; Institutes","publisher":{"@id":"https:\/\/www.collegesinstitutes.ca\/fr\/#organization"},"potentialAction":[{"@type":"SearchAction","target":{"@type":"EntryPoint","urlTemplate":"https:\/\/www.collegesinstitutes.ca\/fr\/?s={search_term_string}"},"query-input":{"@type":"PropertyValueSpecification","valueRequired":true,"valueName":"search_term_string"}}],"inLanguage":"fr-FR"},{"@type":"Organization","@id":"https:\/\/www.collegesinstitutes.ca\/fr\/#organization","name":"Colleges and Institutes Canada","url":"https:\/\/www.collegesinstitutes.ca\/fr\/","logo":{"@type":"ImageObject","inLanguage":"fr-FR","@id":"https:\/\/www.collegesinstitutes.ca\/fr\/#\/schema\/logo\/image\/","url":"https:\/\/www.collegesinstitutes.ca\/wp-content\/uploads\/2025\/06\/logo-en.png","contentUrl":"https:\/\/www.collegesinstitutes.ca\/wp-content\/uploads\/2025\/06\/logo-en.png","width":794,"height":280,"caption":"Colleges and Institutes Canada"},"image":{"@id":"https:\/\/www.collegesinstitutes.ca\/fr\/#\/schema\/logo\/image\/"}}]}},"_links":{"self":[{"href":"https:\/\/www.collegesinstitutes.ca\/fr\/wp-json\/wp\/v2\/pages\/34145","targetHints":{"allow":["GET"]}}],"collection":[{"href":"https:\/\/www.collegesinstitutes.ca\/fr\/wp-json\/wp\/v2\/pages"}],"about":[{"href":"https:\/\/www.collegesinstitutes.ca\/fr\/wp-json\/wp\/v2\/types\/page"}],"author":[{"embeddable":true,"href":"https:\/\/www.collegesinstitutes.ca\/fr\/wp-json\/wp\/v2\/users\/2"}],"replies":[{"embeddable":true,"href":"https:\/\/www.collegesinstitutes.ca\/fr\/wp-json\/wp\/v2\/comments?post=34145"}],"version-history":[{"count":0,"href":"https:\/\/www.collegesinstitutes.ca\/fr\/wp-json\/wp\/v2\/pages\/34145\/revisions"}],"up":[{"embeddable":true,"href":"https:\/\/www.collegesinstitutes.ca\/fr\/wp-json\/wp\/v2\/pages\/34140"}],"wp:featuredmedia":[{"embeddable":true,"href":"https:\/\/www.collegesinstitutes.ca\/fr\/wp-json\/wp\/v2\/media\/34093"}],"wp:attachment":[{"href":"https:\/\/www.collegesinstitutes.ca\/fr\/wp-json\/wp\/v2\/media?parent=34145"}],"wp:term":[{"taxonomy":"category","embeddable":true,"href":"https:\/\/www.collegesinstitutes.ca\/fr\/wp-json\/wp\/v2\/categories?post=34145"},{"taxonomy":"post_tag","embeddable":true,"href":"https:\/\/www.collegesinstitutes.ca\/fr\/wp-json\/wp\/v2\/tags?post=34145"}],"curies":[{"name":"wp","href":"https:\/\/api.w.org\/{rel}","templated":true}]}}