{"id":34144,"date":"2024-06-12T15:06:19","date_gmt":"2024-06-12T15:06:19","guid":{"rendered":"https:\/\/www.collegesinstitutes.ca\/a-propos\/roadmap\/five-impact-goals\/"},"modified":"2024-06-25T15:14:07","modified_gmt":"2024-06-25T15:14:07","slug":"nos-cinq-objectifs-a-fort-impact","status":"publish","type":"page","link":"https:\/\/www.collegesinstitutes.ca\/fr\/a-propos\/feuille-de-route\/nos-cinq-objectifs-a-fort-impact\/","title":{"rendered":"Nos cinq objectifs \u00e0 fort impact"},"content":{"rendered":"<h2 class=\"border-0\">Objectif \u00e0 fort impact 1<\/h2>\n<div class=\"boxit p-5 my-5\">\n<div class=\"row align-items-center\">\n<div class=\"col-12 col-md-auto\"><img decoding=\"async\" src=\"https:\/\/www.collegesinstitutes.ca\/wp-content\/uploads\/2024\/06\/RM_icons_1-Vision.png\" alt=\"\" width=\"80\" height=\"80\" class=\"alignnone size-full wp-image-34104\" srcset=\"https:\/\/www.collegesinstitutes.ca\/wp-content\/uploads\/2024\/06\/RM_icons_1-Vision.png 401w, https:\/\/www.collegesinstitutes.ca\/wp-content\/uploads\/2024\/06\/RM_icons_1-Vision-300x300.png 300w, https:\/\/www.collegesinstitutes.ca\/wp-content\/uploads\/2024\/06\/RM_icons_1-Vision-150x150.png 150w\" sizes=\"(max-width: 80px) 100vw, 80px\" \/><\/div>\n<div class=\"col-12 col-md\">\n<p class=\"lead m-0\">Stimuler la croissance \u00e9conomique du Canada en promouvant la valeur et l\u2019impact des partenariats en recherche et d\u00e9veloppement entre les coll\u00e8ges et les instituts et les PME et les communaut\u00e9s dans les secteurs \u00e0 forte croissance<\/p>\n<\/div>\n<\/div>\n<\/div>\n<p>D\u2019ici mars 2026, CICan s\u2019engage \u00e0 augmenter le financement f\u00e9d\u00e9ral des initiatives de recherche appliqu\u00e9e et d\u2019innovation dans les coll\u00e8ges. Nous sensibiliserons les parlementaires, l\u2019administration publique et les bailleurs de fonds de la recherche aux atouts uniques des coll\u00e8ges et des instituts pour r\u00e9pondre aux besoins d\u2019innovation \u00e9conomique et sociale des entreprises locales et des communaut\u00e9s, ainsi que pour favoriser les investissements et l\u2019adoption de nouvelles technologies afin de combler les lacunes du Canada en mati\u00e8re de productivit\u00e9 et de comp\u00e9titivit\u00e9.<\/p>\n<h3>Comment l\u2019atteindre?<\/h3>\n<ul class=\"me-md-5 pe-md-5\">\n<li class=\"mb-3\">Plaider en faveur d\u2019une nouvelle approche et d\u2019un financement accru de la recherche appliqu\u00e9e et de l\u2019innovation au sein de l\u2019\u00e9cosyst\u00e8me f\u00e9d\u00e9ral de R-D.<\/li>\n<li class=\"mb-3\">Participer \u00e0 des consultations sur les politiques f\u00e9d\u00e9rales pertinentes et \u00e9laborer des politiques, concevoir des programmes, recueillir et diffuser des donn\u00e9es, notamment des \u00e9tudes ax\u00e9es sur la mission, la s\u00e9curit\u00e9 nationale et les questions d\u2019infrastructure.<\/li>\n<li class=\"mb-3\">Organiser des forums strat\u00e9giques avec les parties prenantes afin de d\u00e9montrer l\u2019impact des partenariats en recherche appliqu\u00e9e et en innovation dans les coll\u00e8ges pour r\u00e9soudre les difficult\u00e9s les plus criantes du Canada.<\/li>\n<\/ul>\n<h2 class=\"border-0 mt-5 pt-5 border-top\">Objectif \u00e0 fort impact 2<\/h2>\n<div class=\"boxit p-5 my-5\">\n<div class=\"row align-items-center\">\n<div class=\"col-12 col-md-auto\"><img decoding=\"async\" src=\"https:\/\/www.collegesinstitutes.ca\/wp-content\/uploads\/2024\/06\/RM_icons_2-Impact-goal2.png\" alt=\"\" width=\"80\" height=\"80\" class=\"alignnone size-full wp-image-34115\" srcset=\"https:\/\/www.collegesinstitutes.ca\/wp-content\/uploads\/2024\/06\/RM_icons_2-Impact-goal2.png 401w, https:\/\/www.collegesinstitutes.ca\/wp-content\/uploads\/2024\/06\/RM_icons_2-Impact-goal2-300x300.png 300w, https:\/\/www.collegesinstitutes.ca\/wp-content\/uploads\/2024\/06\/RM_icons_2-Impact-goal2-150x150.png 150w\" sizes=\"(max-width: 80px) 100vw, 80px\" \/><\/div>\n<div class=\"col-12 col-md\">\n<p class=\"lead m-0\">Renforcer la main-d\u2019\u0153uvre qualifi\u00e9e du Canada en promouvant la valeur et l\u2019impact de la formation et de l\u2019enseignement coll\u00e9giaux novateurs dans les secteurs \u00e0 forte demande<\/p>\n<\/div>\n<\/div>\n<\/div>\n<p>D\u2019ici mars 2026, CICan s\u2019engage \u00e0 augmenter le financement f\u00e9d\u00e9ral des initiatives de formation et d\u2019acquisition de comp\u00e9tences au niveau coll\u00e9gial. Nous sensibiliserons les parlementaires, l\u2019administration publique, le secteur priv\u00e9 et les directions syndicales aux programmes de formation de pointe et inclusifs des coll\u00e8ges et des instituts, ainsi qu\u2019aux initiatives novatrices de mise \u00e0 niveau et de recyclage professionnel qui offrent des voies rapides vers l\u2019emploi afin de r\u00e9pondre aux graves p\u00e9nuries de main-d\u2019\u0153uvre au Canada<\/p>\n<h3>Comment l\u2019atteindre?<\/h3>\n<ul class=\"me-md-5 pe-md-5\">\n<li class=\"mb-3\">R\u00e9clamer une augmentation du financement f\u00e9d\u00e9ral pour des initiatives de perfectionnement des comp\u00e9tences et de formation dans les coll\u00e8ges et les instituts.<\/li>\n<li class=\"mb-3\">Participer \u00e0 des consultations sur les politiques f\u00e9d\u00e9rales pertinentes, \u00e9laborer des politiques, concevoir des programmes, colliger et diffuser des donn\u00e9es, entre autres sur les questions suivantes : immigration, population \u00e9tudiante internationale, int\u00e9gration des nouvelles arrivantes et nouveaux arrivants.<\/li>\n<li class=\"mb-3\">Organiser des forums auxquels participent les parties prenantes pour d\u00e9montrer l\u2019impact de la formation et de l\u2019enseignement coll\u00e9giaux novateurs pour r\u00e9soudre les difficult\u00e9s les plus criantes en mati\u00e8re de main-d\u2019\u0153uvre au Canada.<\/li>\n<li class=\"mb-3\">En concertation avec les associations coll\u00e9giales provinciales et r\u00e9gionales, \u00e9laborer des politiques et favoriser des initiatives de sensibilisation.<\/li>\n<\/ul>\n<h2 class=\"border-0 mt-5 pt-5 border-top\">Objectif \u00e0 fort impact 3<\/h2>\n<div class=\"boxit p-5 my-5\">\n<div class=\"row align-items-center\">\n<div class=\"col-12 col-md-auto\"><img decoding=\"async\" src=\"https:\/\/www.collegesinstitutes.ca\/wp-content\/uploads\/2024\/06\/RM_icons_2-impact-goal3.png\" alt=\"\" width=\"80\" height=\"80\" class=\"alignnone size-full wp-image-34112\" srcset=\"https:\/\/www.collegesinstitutes.ca\/wp-content\/uploads\/2024\/06\/RM_icons_2-impact-goal3.png 401w, https:\/\/www.collegesinstitutes.ca\/wp-content\/uploads\/2024\/06\/RM_icons_2-impact-goal3-300x300.png 300w, https:\/\/www.collegesinstitutes.ca\/wp-content\/uploads\/2024\/06\/RM_icons_2-impact-goal3-150x150.png 150w\" sizes=\"(max-width: 80px) 100vw, 80px\" \/><\/div>\n<div class=\"col-12 col-md\">\n<p class=\"lead m-0\">Gr\u00e2ce \u00e0 de nouveaux partenariats, cr\u00e9er des occasions strat\u00e9giques destin\u00e9es \u00e0 relever les d\u00e9fis mondiaux communs<\/p>\n<\/div>\n<\/div>\n<\/div>\n<p>D\u2019ici mars 2026, CICan s\u2019engage \u00e0 fournir \u00e0 ses membres de nouvelles occasions de forger des partenariats strat\u00e9giques avec des institutions pertinentes, dans le but de relever les grands d\u00e9fis du Canada et du monde.<\/p>\n<h3>Comment l\u2019atteindre?<\/h3>\n<ul class=\"me-md-5 pe-md-5\">\n<li class=\"mb-3\">Tirer parti de notre savoir-faire unique dans la mise en \u0153uvre de programmes de mise en valeur des capacit\u00e9s, de mobilit\u00e9 \u00e9tudiante et d\u2019autres types de programmes et de partenariats.<\/li>\n<li class=\"mb-3\">Collaborer avec des \u00e9tablissements partenaires pour d\u00e9velopper des initiatives qui r\u00e9pondent \u00e0 des difficult\u00e9s communes.<\/li>\n<li class=\"mb-3\">Chercher des possibilit\u00e9s de financement aupr\u00e8s d\u2019agences gouvernementales, de fondations et d\u2019autres sources pour soutenir des projets et des initiatives concert\u00e9s.<\/li>\n<\/ul>\n<h2 class=\"border-0 mt-5 pt-5 border-top\">Objectif \u00e0 fort impact 4<\/h2>\n<div class=\"boxit p-5 my-5\">\n<div class=\"row align-items-center\">\n<div class=\"col-12 col-md-auto\"><img loading=\"lazy\" decoding=\"async\" src=\"https:\/\/www.collegesinstitutes.ca\/wp-content\/uploads\/2024\/06\/RM_icons_2-impact-goal4.png\" alt=\"\" width=\"80\" height=\"80\" class=\"alignnone size-full wp-image-34110\" srcset=\"https:\/\/www.collegesinstitutes.ca\/wp-content\/uploads\/2024\/06\/RM_icons_2-impact-goal4.png 401w, https:\/\/www.collegesinstitutes.ca\/wp-content\/uploads\/2024\/06\/RM_icons_2-impact-goal4-300x300.png 300w, https:\/\/www.collegesinstitutes.ca\/wp-content\/uploads\/2024\/06\/RM_icons_2-impact-goal4-150x150.png 150w\" sizes=\"(max-width: 80px) 100vw, 80px\" \/><\/div>\n<div class=\"col-12 col-md\">\n<p class=\"lead m-0\">Faire progresser la r\u00e9conciliation en renouvelant notre Protocole sur l\u2019\u00e9ducation des Autochtones et en augmentant le nombre de coll\u00e8ges et instituts qui y adh\u00e8rent<\/p>\n<\/div>\n<\/div>\n<\/div>\n<p>D\u2019ici mars 2026, CICan s\u2019engage \u00e0 mener \u00e0 bien un processus concert\u00e9 autour d\u2019un protocole d\u2019\u00e9ducation autochtone actualis\u00e9. Fond\u00e9e sur les appels \u00e0 l\u2019action de la Commission de v\u00e9rit\u00e9 et r\u00e9conciliation relatifs \u00e0 l\u2019enseignement postsecondaire, cette strat\u00e9gie aidera CICan et ses membres \u00e0 \u00e9laborer et \u00e0 mettre en \u0153uvre un plus grand nombre d\u2019initiatives destin\u00e9es \u00e0 accro\u00eetre la repr\u00e9sentation et la participation des Autochtones dans les espaces et les syst\u00e8mes coll\u00e9giaux de gouvernance, de recherche et d\u2019\u00e9ducation.<\/p>\n<h3>Comment l\u2019atteindre?<\/h3>\n<ul class=\"me-md-5 pe-md-5\">\n<li class=\"mb-3\">\u00c9valuer et renouveler le Protocole sur l\u2019\u00e9ducation des Autochtones de CICan en collaboration avec des partenaires, des conseillers et des membres autochtones, et augmenter le nombre de membres de CICan qui y adh\u00e8rent.<\/li>\n<li class=\"mb-3\">Travailler avec les \u00e9tablissements membres dirig\u00e9s par des Autochtones pour promouvoir leurs objectifs pr\u00e9cis de d\u00e9veloppement du leadership, des capacit\u00e9s et de partenariats afin de r\u00e9pondre aux besoins des communaut\u00e9s.<\/li>\n<li class=\"mb-3\">R\u00e9clamer un soutien f\u00e9d\u00e9ral accru pour la population \u00e9tudiante et la recherche autochtones.<\/li>\n<li class=\"mb-3\">Approfondir nos relations avec les organisations autochtones nationales pour appuyer leurs objectifs d\u2019am\u00e9lioration des r\u00e9sultats de la population \u00e9tudiante des coll\u00e8ges et des instituts.<\/li>\n<\/ul>\n<h2 class=\"border-0 mt-5 pt-5 border-top\">Objectif \u00e0 fort impact 5<\/h2>\n<div class=\"boxit p-5 my-5\">\n<div class=\"row align-items-center\">\n<div class=\"col-12 col-md-auto\"><img loading=\"lazy\" decoding=\"async\" src=\"https:\/\/www.collegesinstitutes.ca\/wp-content\/uploads\/2024\/06\/RM_icons_2-impact-goal5.png\" alt=\"\" width=\"80\" height=\"80\" class=\"alignnone size-full wp-image-34108\" srcset=\"https:\/\/www.collegesinstitutes.ca\/wp-content\/uploads\/2024\/06\/RM_icons_2-impact-goal5.png 401w, https:\/\/www.collegesinstitutes.ca\/wp-content\/uploads\/2024\/06\/RM_icons_2-impact-goal5-300x300.png 300w, https:\/\/www.collegesinstitutes.ca\/wp-content\/uploads\/2024\/06\/RM_icons_2-impact-goal5-150x150.png 150w\" sizes=\"(max-width: 80px) 100vw, 80px\" \/><\/div>\n<div class=\"col-12 col-md\">\n<p class=\"lead m-0\">Soutenir l\u2019action en faveur du climat et encourager les initiatives des coll\u00e8ges et des instituts<\/p>\n<\/div>\n<\/div>\n<\/div>\n<p>D\u2019ici mars 2026, CICan s\u2019engage \u00e0 faire progresser les efforts du secteur pour obtenir des \u00e9tablissements carboneutres d\u2019ici 2050. Dans un espace de concertation, il s\u2019agit de d\u00e9velopper et de mettre en \u0153uvre des partenariats et des initiatives destin\u00e9s \u00e0 r\u00e9duire l\u2019empreinte carbone des \u00e9tablissements membres.<\/p>\n<h3>Comment l\u2019atteindre?<\/h3>\n<ul class=\"me-md-5 pe-md-5\">\n<li class=\"mb-3\">R\u00e9clamer un financement f\u00e9d\u00e9ral accru pour les initiatives carboneutres dans les coll\u00e8ges et instituts, ainsi que les infrastructures vertes.<\/li>\n<li class=\"mb-3\">Soutenir la recherche, l\u2019\u00e9change de connaissances, le d\u00e9veloppement de capacit\u00e9s et de solutions pour aider les membres \u00e0 r\u00e9duire les \u00e9missions de carbone et la consommation d\u2019\u00e9nergie dans les \u00e9tablissements.<\/li>\n<li class=\"mb-3\">D\u00e9velopper des programmes d\u2019\u00e9tudes \u00ab \u00e9cologisants \u00bb.<\/li>\n<\/ul>\n<div class=\"row mt-5 pt-5 border-top\">\n<div class=\"col-6 text-start\"><a href=\"https:\/\/www.collegesinstitutes.ca\/fr\/a-propos\/feuille-de-route\/notre-vision-et-mission\/\" class=\"btn btn-dark\">&lt; P\u00e9c\u00e9dent<\/a><\/div>\n<div class=\"col-6 text-end\"><a href=\"https:\/\/www.collegesinstitutes.ca\/fr\/a-propos\/feuille-de-route\/nos-trois-priorites-strategiques\/\" class=\"btn btn-dark\">Prochain &gt;<\/a><\/div>\n<\/div>\n","protected":false},"excerpt":{"rendered":"<p>Objectif \u00e0 fort impact 1 Stimuler la croissance \u00e9conomique du Canada en promouvant la valeur et l\u2019impact des partenariats en recherche et d\u00e9veloppement entre les coll\u00e8ges et les instituts et&#8230;<\/p>\n","protected":false},"author":2,"featured_media":34091,"parent":34140,"menu_order":0,"comment_status":"closed","ping_status":"closed","template":"","meta":{"_acf_changed":false,"footnotes":""},"categories":[],"tags":[],"class_list":["post-34144","page","type-page","status-publish","has-post-thumbnail","hentry"],"acf":[],"yoast_head":"<!-- This site is optimized with the Yoast SEO plugin v27.3 - https:\/\/yoast.com\/product\/yoast-seo-wordpress\/ -->\n<title>Nos cinq objectifs \u00e0 fort impact - Colleges and Institutes Canada<\/title>\n<meta name=\"robots\" content=\"index, follow, max-snippet:-1, max-image-preview:large, max-video-preview:-1\" \/>\n<link rel=\"canonical\" href=\"https:\/\/www.collegesinstitutes.ca\/fr\/a-propos\/feuille-de-route\/nos-cinq-objectifs-a-fort-impact\/\" \/>\n<meta property=\"og:locale\" content=\"fr_FR\" \/>\n<meta property=\"og:type\" content=\"article\" \/>\n<meta property=\"og:title\" content=\"Nos cinq objectifs \u00e0 fort impact - Colleges and Institutes Canada\" \/>\n<meta property=\"og:description\" content=\"Objectif \u00e0 fort impact 1 Stimuler la croissance \u00e9conomique du Canada en promouvant la valeur et l\u2019impact des partenariats en recherche et d\u00e9veloppement entre les coll\u00e8ges et les instituts et...\" \/>\n<meta property=\"og:url\" content=\"https:\/\/www.collegesinstitutes.ca\/fr\/a-propos\/feuille-de-route\/nos-cinq-objectifs-a-fort-impact\/\" \/>\n<meta property=\"og:site_name\" content=\"Colleges and Institutes Canada\" \/>\n<meta property=\"article:modified_time\" content=\"2024-06-25T15:14:07+00:00\" \/>\n<meta property=\"og:image\" content=\"https:\/\/www.collegesinstitutes.ca\/wp-content\/uploads\/2024\/06\/header-img-Roadmap26_5-Five-impact-golas.jpg\" \/>\n\t<meta property=\"og:image:width\" content=\"1201\" \/>\n\t<meta property=\"og:image:height\" content=\"629\" \/>\n\t<meta property=\"og:image:type\" content=\"image\/jpeg\" \/>\n<meta name=\"twitter:card\" content=\"summary_large_image\" \/>\n<meta name=\"twitter:label1\" content=\"Est. reading time\" \/>\n\t<meta name=\"twitter:data1\" content=\"5 minutes\" \/>\n<script type=\"application\/ld+json\" class=\"yoast-schema-graph\">{\"@context\":\"https:\\\/\\\/schema.org\",\"@graph\":[{\"@type\":\"WebPage\",\"@id\":\"https:\\\/\\\/www.collegesinstitutes.ca\\\/fr\\\/a-propos\\\/feuille-de-route\\\/nos-cinq-objectifs-a-fort-impact\\\/\",\"url\":\"https:\\\/\\\/www.collegesinstitutes.ca\\\/fr\\\/a-propos\\\/feuille-de-route\\\/nos-cinq-objectifs-a-fort-impact\\\/\",\"name\":\"Nos cinq objectifs \u00e0 fort impact - Colleges and Institutes Canada\",\"isPartOf\":{\"@id\":\"https:\\\/\\\/www.collegesinstitutes.ca\\\/fr\\\/#website\"},\"primaryImageOfPage\":{\"@id\":\"https:\\\/\\\/www.collegesinstitutes.ca\\\/fr\\\/a-propos\\\/feuille-de-route\\\/nos-cinq-objectifs-a-fort-impact\\\/#primaryimage\"},\"image\":{\"@id\":\"https:\\\/\\\/www.collegesinstitutes.ca\\\/fr\\\/a-propos\\\/feuille-de-route\\\/nos-cinq-objectifs-a-fort-impact\\\/#primaryimage\"},\"thumbnailUrl\":\"https:\\\/\\\/www.collegesinstitutes.ca\\\/wp-content\\\/uploads\\\/2024\\\/06\\\/header-img-Roadmap26_5-Five-impact-golas.jpg\",\"datePublished\":\"2024-06-12T15:06:19+00:00\",\"dateModified\":\"2024-06-25T15:14:07+00:00\",\"breadcrumb\":{\"@id\":\"https:\\\/\\\/www.collegesinstitutes.ca\\\/fr\\\/a-propos\\\/feuille-de-route\\\/nos-cinq-objectifs-a-fort-impact\\\/#breadcrumb\"},\"inLanguage\":\"fr-FR\",\"potentialAction\":[{\"@type\":\"ReadAction\",\"target\":[\"https:\\\/\\\/www.collegesinstitutes.ca\\\/fr\\\/a-propos\\\/feuille-de-route\\\/nos-cinq-objectifs-a-fort-impact\\\/\"]}]},{\"@type\":\"ImageObject\",\"inLanguage\":\"fr-FR\",\"@id\":\"https:\\\/\\\/www.collegesinstitutes.ca\\\/fr\\\/a-propos\\\/feuille-de-route\\\/nos-cinq-objectifs-a-fort-impact\\\/#primaryimage\",\"url\":\"https:\\\/\\\/www.collegesinstitutes.ca\\\/wp-content\\\/uploads\\\/2024\\\/06\\\/header-img-Roadmap26_5-Five-impact-golas.jpg\",\"contentUrl\":\"https:\\\/\\\/www.collegesinstitutes.ca\\\/wp-content\\\/uploads\\\/2024\\\/06\\\/header-img-Roadmap26_5-Five-impact-golas.jpg\",\"width\":1201,\"height\":629},{\"@type\":\"BreadcrumbList\",\"@id\":\"https:\\\/\\\/www.collegesinstitutes.ca\\\/fr\\\/a-propos\\\/feuille-de-route\\\/nos-cinq-objectifs-a-fort-impact\\\/#breadcrumb\",\"itemListElement\":[{\"@type\":\"ListItem\",\"position\":1,\"name\":\"Home\",\"item\":\"https:\\\/\\\/www.collegesinstitutes.ca\\\/fr\\\/\"},{\"@type\":\"ListItem\",\"position\":2,\"name\":\"\u00c0 propos de Coll\u00e8ges et instituts Canada\",\"item\":\"https:\\\/\\\/www.collegesinstitutes.ca\\\/fr\\\/a-propos\\\/\"},{\"@type\":\"ListItem\",\"position\":3,\"name\":\"Feuille de route de CICan pour 2026\",\"item\":\"https:\\\/\\\/www.collegesinstitutes.ca\\\/fr\\\/a-propos\\\/feuille-de-route\\\/\"},{\"@type\":\"ListItem\",\"position\":4,\"name\":\"Nos cinq objectifs \u00e0 fort impact\"}]},{\"@type\":\"WebSite\",\"@id\":\"https:\\\/\\\/www.collegesinstitutes.ca\\\/fr\\\/#website\",\"url\":\"https:\\\/\\\/www.collegesinstitutes.ca\\\/fr\\\/\",\"name\":\"Colleges and Institutes Canada\",\"description\":\"The Voice of Canada&#039;s Colleges &amp; Institutes\",\"publisher\":{\"@id\":\"https:\\\/\\\/www.collegesinstitutes.ca\\\/fr\\\/#organization\"},\"potentialAction\":[{\"@type\":\"SearchAction\",\"target\":{\"@type\":\"EntryPoint\",\"urlTemplate\":\"https:\\\/\\\/www.collegesinstitutes.ca\\\/fr\\\/?s={search_term_string}\"},\"query-input\":{\"@type\":\"PropertyValueSpecification\",\"valueRequired\":true,\"valueName\":\"search_term_string\"}}],\"inLanguage\":\"fr-FR\"},{\"@type\":\"Organization\",\"@id\":\"https:\\\/\\\/www.collegesinstitutes.ca\\\/fr\\\/#organization\",\"name\":\"Colleges and Institutes Canada\",\"url\":\"https:\\\/\\\/www.collegesinstitutes.ca\\\/fr\\\/\",\"logo\":{\"@type\":\"ImageObject\",\"inLanguage\":\"fr-FR\",\"@id\":\"https:\\\/\\\/www.collegesinstitutes.ca\\\/fr\\\/#\\\/schema\\\/logo\\\/image\\\/\",\"url\":\"https:\\\/\\\/www.collegesinstitutes.ca\\\/wp-content\\\/uploads\\\/2025\\\/06\\\/logo-en.png\",\"contentUrl\":\"https:\\\/\\\/www.collegesinstitutes.ca\\\/wp-content\\\/uploads\\\/2025\\\/06\\\/logo-en.png\",\"width\":794,\"height\":280,\"caption\":\"Colleges and Institutes Canada\"},\"image\":{\"@id\":\"https:\\\/\\\/www.collegesinstitutes.ca\\\/fr\\\/#\\\/schema\\\/logo\\\/image\\\/\"}}]}<\/script>\n<!-- \/ Yoast SEO plugin. -->","yoast_head_json":{"title":"Nos cinq objectifs \u00e0 fort impact - Colleges and Institutes Canada","robots":{"index":"index","follow":"follow","max-snippet":"max-snippet:-1","max-image-preview":"max-image-preview:large","max-video-preview":"max-video-preview:-1"},"canonical":"https:\/\/www.collegesinstitutes.ca\/fr\/a-propos\/feuille-de-route\/nos-cinq-objectifs-a-fort-impact\/","og_locale":"fr_FR","og_type":"article","og_title":"Nos cinq objectifs \u00e0 fort impact - Colleges and Institutes Canada","og_description":"Objectif \u00e0 fort impact 1 Stimuler la croissance \u00e9conomique du Canada en promouvant la valeur et l\u2019impact des partenariats en recherche et d\u00e9veloppement entre les coll\u00e8ges et les instituts et...","og_url":"https:\/\/www.collegesinstitutes.ca\/fr\/a-propos\/feuille-de-route\/nos-cinq-objectifs-a-fort-impact\/","og_site_name":"Colleges and Institutes Canada","article_modified_time":"2024-06-25T15:14:07+00:00","og_image":[{"width":1201,"height":629,"url":"https:\/\/www.collegesinstitutes.ca\/wp-content\/uploads\/2024\/06\/header-img-Roadmap26_5-Five-impact-golas.jpg","type":"image\/jpeg"}],"twitter_card":"summary_large_image","twitter_misc":{"Est. reading time":"5 minutes"},"schema":{"@context":"https:\/\/schema.org","@graph":[{"@type":"WebPage","@id":"https:\/\/www.collegesinstitutes.ca\/fr\/a-propos\/feuille-de-route\/nos-cinq-objectifs-a-fort-impact\/","url":"https:\/\/www.collegesinstitutes.ca\/fr\/a-propos\/feuille-de-route\/nos-cinq-objectifs-a-fort-impact\/","name":"Nos cinq objectifs \u00e0 fort impact - Colleges and Institutes Canada","isPartOf":{"@id":"https:\/\/www.collegesinstitutes.ca\/fr\/#website"},"primaryImageOfPage":{"@id":"https:\/\/www.collegesinstitutes.ca\/fr\/a-propos\/feuille-de-route\/nos-cinq-objectifs-a-fort-impact\/#primaryimage"},"image":{"@id":"https:\/\/www.collegesinstitutes.ca\/fr\/a-propos\/feuille-de-route\/nos-cinq-objectifs-a-fort-impact\/#primaryimage"},"thumbnailUrl":"https:\/\/www.collegesinstitutes.ca\/wp-content\/uploads\/2024\/06\/header-img-Roadmap26_5-Five-impact-golas.jpg","datePublished":"2024-06-12T15:06:19+00:00","dateModified":"2024-06-25T15:14:07+00:00","breadcrumb":{"@id":"https:\/\/www.collegesinstitutes.ca\/fr\/a-propos\/feuille-de-route\/nos-cinq-objectifs-a-fort-impact\/#breadcrumb"},"inLanguage":"fr-FR","potentialAction":[{"@type":"ReadAction","target":["https:\/\/www.collegesinstitutes.ca\/fr\/a-propos\/feuille-de-route\/nos-cinq-objectifs-a-fort-impact\/"]}]},{"@type":"ImageObject","inLanguage":"fr-FR","@id":"https:\/\/www.collegesinstitutes.ca\/fr\/a-propos\/feuille-de-route\/nos-cinq-objectifs-a-fort-impact\/#primaryimage","url":"https:\/\/www.collegesinstitutes.ca\/wp-content\/uploads\/2024\/06\/header-img-Roadmap26_5-Five-impact-golas.jpg","contentUrl":"https:\/\/www.collegesinstitutes.ca\/wp-content\/uploads\/2024\/06\/header-img-Roadmap26_5-Five-impact-golas.jpg","width":1201,"height":629},{"@type":"BreadcrumbList","@id":"https:\/\/www.collegesinstitutes.ca\/fr\/a-propos\/feuille-de-route\/nos-cinq-objectifs-a-fort-impact\/#breadcrumb","itemListElement":[{"@type":"ListItem","position":1,"name":"Home","item":"https:\/\/www.collegesinstitutes.ca\/fr\/"},{"@type":"ListItem","position":2,"name":"\u00c0 propos de Coll\u00e8ges et instituts Canada","item":"https:\/\/www.collegesinstitutes.ca\/fr\/a-propos\/"},{"@type":"ListItem","position":3,"name":"Feuille de route de CICan pour 2026","item":"https:\/\/www.collegesinstitutes.ca\/fr\/a-propos\/feuille-de-route\/"},{"@type":"ListItem","position":4,"name":"Nos cinq objectifs \u00e0 fort impact"}]},{"@type":"WebSite","@id":"https:\/\/www.collegesinstitutes.ca\/fr\/#website","url":"https:\/\/www.collegesinstitutes.ca\/fr\/","name":"Colleges and Institutes Canada","description":"The Voice of Canada&#039;s Colleges &amp; Institutes","publisher":{"@id":"https:\/\/www.collegesinstitutes.ca\/fr\/#organization"},"potentialAction":[{"@type":"SearchAction","target":{"@type":"EntryPoint","urlTemplate":"https:\/\/www.collegesinstitutes.ca\/fr\/?s={search_term_string}"},"query-input":{"@type":"PropertyValueSpecification","valueRequired":true,"valueName":"search_term_string"}}],"inLanguage":"fr-FR"},{"@type":"Organization","@id":"https:\/\/www.collegesinstitutes.ca\/fr\/#organization","name":"Colleges and Institutes Canada","url":"https:\/\/www.collegesinstitutes.ca\/fr\/","logo":{"@type":"ImageObject","inLanguage":"fr-FR","@id":"https:\/\/www.collegesinstitutes.ca\/fr\/#\/schema\/logo\/image\/","url":"https:\/\/www.collegesinstitutes.ca\/wp-content\/uploads\/2025\/06\/logo-en.png","contentUrl":"https:\/\/www.collegesinstitutes.ca\/wp-content\/uploads\/2025\/06\/logo-en.png","width":794,"height":280,"caption":"Colleges and Institutes Canada"},"image":{"@id":"https:\/\/www.collegesinstitutes.ca\/fr\/#\/schema\/logo\/image\/"}}]}},"_links":{"self":[{"href":"https:\/\/www.collegesinstitutes.ca\/fr\/wp-json\/wp\/v2\/pages\/34144","targetHints":{"allow":["GET"]}}],"collection":[{"href":"https:\/\/www.collegesinstitutes.ca\/fr\/wp-json\/wp\/v2\/pages"}],"about":[{"href":"https:\/\/www.collegesinstitutes.ca\/fr\/wp-json\/wp\/v2\/types\/page"}],"author":[{"embeddable":true,"href":"https:\/\/www.collegesinstitutes.ca\/fr\/wp-json\/wp\/v2\/users\/2"}],"replies":[{"embeddable":true,"href":"https:\/\/www.collegesinstitutes.ca\/fr\/wp-json\/wp\/v2\/comments?post=34144"}],"version-history":[{"count":0,"href":"https:\/\/www.collegesinstitutes.ca\/fr\/wp-json\/wp\/v2\/pages\/34144\/revisions"}],"up":[{"embeddable":true,"href":"https:\/\/www.collegesinstitutes.ca\/fr\/wp-json\/wp\/v2\/pages\/34140"}],"wp:featuredmedia":[{"embeddable":true,"href":"https:\/\/www.collegesinstitutes.ca\/fr\/wp-json\/wp\/v2\/media\/34091"}],"wp:attachment":[{"href":"https:\/\/www.collegesinstitutes.ca\/fr\/wp-json\/wp\/v2\/media?parent=34144"}],"wp:term":[{"taxonomy":"category","embeddable":true,"href":"https:\/\/www.collegesinstitutes.ca\/fr\/wp-json\/wp\/v2\/categories?post=34144"},{"taxonomy":"post_tag","embeddable":true,"href":"https:\/\/www.collegesinstitutes.ca\/fr\/wp-json\/wp\/v2\/tags?post=34144"}],"curies":[{"name":"wp","href":"https:\/\/api.w.org\/{rel}","templated":true}]}}