{"id":33531,"date":"2024-03-19T17:58:04","date_gmt":"2024-03-19T17:58:04","guid":{"rendered":"https:\/\/www.collegesinstitutes.ca\/defi-impact-climat\/semaine-6\/your-entry-is-confirmed\/"},"modified":"2024-03-20T14:56:48","modified_gmt":"2024-03-20T14:56:48","slug":"nous-confirmons-votre-participation","status":"publish","type":"page","link":"https:\/\/www.collegesinstitutes.ca\/fr\/defi-impact-climat\/semaine-6\/nous-confirmons-votre-participation\/","title":{"rendered":"Semaine 6 : Nous confirmons votre participation!"},"content":{"rendered":"<p class=\"lead mb-5\">Merci de votre engagement \u00e0 relever le D\u00e9fi z\u00e9ro plastique \u00e0 usage unique. Nous confirmons votre participation au tirage hebdomadaire de 350 $.<\/p>\n<p><strong>Vous trouverez les r\u00e9ponses au jeu-questionnaire ci-dessous.<\/strong><\/p>\n<div class=\"boxit p-5 mb-5\">\n<h2 class=\"mb-3\">Vrai ou faux? Le gaspillage alimentaire n\u2019est pas grave puisque les restes d\u2019aliments sont biod\u00e9gradables.<\/h2>\n<p><strong>R\u00e9ponse\u202f:<\/strong> Faux<\/p>\n<p>Le gaspillage alimentaire \u00e9met 6\u202f% des GES mondiaux, et presque 60\u202f% des aliments canadiens sont gaspill\u00e9s\u202f\u2013\u202fde quoi nourrir bien des gens dans le besoin!\n<\/p><\/div>\n<div class=\"boxit p-5 mb-5\">\n<h2 class=\"mb-3\">Vrai ou faux? Dans le cas du plastique, recycler est aussi \u00e9coresponsable que r\u00e9duire ou r\u00e9utiliser.<\/h2>\n<p><strong>R\u00e9ponse\u202f:<\/strong> Faux<\/p>\n<p>Le recyclage a son importance, mais r\u00e9duire et r\u00e9utiliser diminuent la quantit\u00e9 de d\u00e9chets et sont donc plus efficaces.\n<\/p><\/div>\n<div class=\"boxit p-5 mb-5\">\n<h2 class=\"mb-3\">Vrai ou faux? Le tissu utilis\u00e9 dans la fabrication des v\u00eatements a peu d\u2019importance; tout aboutit toujours au d\u00e9potoir.<\/h2>\n<p><strong>R\u00e9ponse\u202f:<\/strong> Faux<\/p>\n<p>Les tissus utilis\u00e9s dans la fabrication des v\u00eatements importent; ainsi, la laine et le cuir d\u2019ananas sont biod\u00e9gradables, alors que les fibres synth\u00e9tiques (polyester ou mat\u00e9riaux trait\u00e9s comme le cuir) engorgent les d\u00e9potoirs \u00e0 long terme, lib\u00e8rent des substances toxiques et contribuent \u00e0 la pollution par les microplastiques.\n<\/p><\/div>\n<p>C\u2019est la derni\u00e8re semaine du d\u00e9fi ImpAct-Climat de Coll\u00e8ges et instituts Canada. Merci \u00e0 tous ceux et celles qui ont particip\u00e9 en apprenant et en s\u2019engageant \u00e0 cr\u00e9er le changement.  <\/p>\n<p>Ne manquez pas l\u2019annonce de la semaine prochaine! Nous d\u00e9voilerons le nom de la personne qui a remport\u00e9 le tirage de 1000\u202f$ et celui des quatre \u00e9tablissements qui recevront une bourse d\u2019\u00e9tudes de 3000\u202f$ pour un \u00e9tudiant ou une \u00e9tudiante une chef de file de l\u2019action climatique. <\/p>\n","protected":false},"excerpt":{"rendered":"<p>Merci de votre engagement \u00e0 relever le D\u00e9fi z\u00e9ro plastique \u00e0 usage unique. Nous confirmons votre participation au tirage hebdomadaire de 350 $. Vous trouverez les r\u00e9ponses au jeu-questionnaire ci-dessous&#8230;.<\/p>\n","protected":false},"author":2,"featured_media":33527,"parent":33530,"menu_order":0,"comment_status":"closed","ping_status":"closed","template":"page-nosubmenu.php","meta":{"_acf_changed":false,"footnotes":""},"categories":[],"tags":[],"class_list":["post-33531","page","type-page","status-publish","has-post-thumbnail","hentry"],"acf":[],"yoast_head":"<!-- This site is optimized with the Yoast SEO plugin v27.4 - https:\/\/yoast.com\/product\/yoast-seo-wordpress\/ -->\n<title>Semaine 6 : Nous confirmons votre participation! - Colleges and Institutes Canada<\/title>\n<meta name=\"robots\" content=\"index, follow, max-snippet:-1, max-image-preview:large, max-video-preview:-1\" \/>\n<link rel=\"canonical\" href=\"https:\/\/www.collegesinstitutes.ca\/fr\/defi-impact-climat\/semaine-6\/nous-confirmons-votre-participation\/\" \/>\n<meta property=\"og:locale\" content=\"fr_FR\" \/>\n<meta property=\"og:type\" content=\"article\" \/>\n<meta property=\"og:title\" content=\"Semaine 6 : Nous confirmons votre participation! - Colleges and Institutes Canada\" \/>\n<meta property=\"og:description\" content=\"Merci de votre engagement \u00e0 relever le D\u00e9fi z\u00e9ro plastique \u00e0 usage unique. Nous confirmons votre participation au tirage hebdomadaire de 350 $. Vous trouverez les r\u00e9ponses au jeu-questionnaire ci-dessous....\" \/>\n<meta property=\"og:url\" content=\"https:\/\/www.collegesinstitutes.ca\/fr\/defi-impact-climat\/semaine-6\/nous-confirmons-votre-participation\/\" \/>\n<meta property=\"og:site_name\" content=\"Colleges and Institutes Canada\" \/>\n<meta property=\"article:modified_time\" content=\"2024-03-20T14:56:48+00:00\" \/>\n<meta property=\"og:image\" content=\"https:\/\/www.collegesinstitutes.ca\/wp-content\/uploads\/2024\/03\/impact-challenge-winter-24-rec_week6_FR.jpg\" \/>\n\t<meta property=\"og:image:width\" content=\"1200\" \/>\n\t<meta property=\"og:image:height\" content=\"627\" \/>\n\t<meta property=\"og:image:type\" content=\"image\/jpeg\" \/>\n<meta name=\"twitter:card\" content=\"summary_large_image\" \/>\n<meta name=\"twitter:label1\" content=\"Est. reading time\" \/>\n\t<meta name=\"twitter:data1\" content=\"1 minute\" \/>\n<script type=\"application\/ld+json\" class=\"yoast-schema-graph\">{\"@context\":\"https:\\\/\\\/schema.org\",\"@graph\":[{\"@type\":\"WebPage\",\"@id\":\"https:\\\/\\\/www.collegesinstitutes.ca\\\/fr\\\/defi-impact-climat\\\/semaine-6\\\/nous-confirmons-votre-participation\\\/\",\"url\":\"https:\\\/\\\/www.collegesinstitutes.ca\\\/fr\\\/defi-impact-climat\\\/semaine-6\\\/nous-confirmons-votre-participation\\\/\",\"name\":\"Semaine 6 : Nous confirmons votre participation! - Colleges and Institutes Canada\",\"isPartOf\":{\"@id\":\"https:\\\/\\\/www.collegesinstitutes.ca\\\/fr\\\/#website\"},\"primaryImageOfPage\":{\"@id\":\"https:\\\/\\\/www.collegesinstitutes.ca\\\/fr\\\/defi-impact-climat\\\/semaine-6\\\/nous-confirmons-votre-participation\\\/#primaryimage\"},\"image\":{\"@id\":\"https:\\\/\\\/www.collegesinstitutes.ca\\\/fr\\\/defi-impact-climat\\\/semaine-6\\\/nous-confirmons-votre-participation\\\/#primaryimage\"},\"thumbnailUrl\":\"https:\\\/\\\/www.collegesinstitutes.ca\\\/wp-content\\\/uploads\\\/2024\\\/03\\\/impact-challenge-winter-24-rec_week6_FR.jpg\",\"datePublished\":\"2024-03-19T17:58:04+00:00\",\"dateModified\":\"2024-03-20T14:56:48+00:00\",\"breadcrumb\":{\"@id\":\"https:\\\/\\\/www.collegesinstitutes.ca\\\/fr\\\/defi-impact-climat\\\/semaine-6\\\/nous-confirmons-votre-participation\\\/#breadcrumb\"},\"inLanguage\":\"fr-FR\",\"potentialAction\":[{\"@type\":\"ReadAction\",\"target\":[\"https:\\\/\\\/www.collegesinstitutes.ca\\\/fr\\\/defi-impact-climat\\\/semaine-6\\\/nous-confirmons-votre-participation\\\/\"]}]},{\"@type\":\"ImageObject\",\"inLanguage\":\"fr-FR\",\"@id\":\"https:\\\/\\\/www.collegesinstitutes.ca\\\/fr\\\/defi-impact-climat\\\/semaine-6\\\/nous-confirmons-votre-participation\\\/#primaryimage\",\"url\":\"https:\\\/\\\/www.collegesinstitutes.ca\\\/wp-content\\\/uploads\\\/2024\\\/03\\\/impact-challenge-winter-24-rec_week6_FR.jpg\",\"contentUrl\":\"https:\\\/\\\/www.collegesinstitutes.ca\\\/wp-content\\\/uploads\\\/2024\\\/03\\\/impact-challenge-winter-24-rec_week6_FR.jpg\",\"width\":1200,\"height\":627},{\"@type\":\"BreadcrumbList\",\"@id\":\"https:\\\/\\\/www.collegesinstitutes.ca\\\/fr\\\/defi-impact-climat\\\/semaine-6\\\/nous-confirmons-votre-participation\\\/#breadcrumb\",\"itemListElement\":[{\"@type\":\"ListItem\",\"position\":1,\"name\":\"Home\",\"item\":\"https:\\\/\\\/www.collegesinstitutes.ca\\\/fr\\\/\"},{\"@type\":\"ListItem\",\"position\":2,\"name\":\"Votre campus, votre plan\u00e8te, votre chance de gagner!\",\"item\":\"https:\\\/\\\/www.collegesinstitutes.ca\\\/fr\\\/defi-impact-climat\\\/\"},{\"@type\":\"ListItem\",\"position\":3,\"name\":\"Z\u00e9ro gaspillage, z\u00e9ro d\u00e9pendance\u202f\u2013\u202fdes choix conscients tandis qu\u2019il en est encore temps!\",\"item\":\"https:\\\/\\\/www.collegesinstitutes.ca\\\/fr\\\/defi-impact-climat\\\/semaine-6\\\/\"},{\"@type\":\"ListItem\",\"position\":4,\"name\":\"Semaine 6 : Nous confirmons votre participation!\"}]},{\"@type\":\"WebSite\",\"@id\":\"https:\\\/\\\/www.collegesinstitutes.ca\\\/fr\\\/#website\",\"url\":\"https:\\\/\\\/www.collegesinstitutes.ca\\\/fr\\\/\",\"name\":\"Colleges and Institutes Canada\",\"description\":\"The Voice of Canada&#039;s Colleges &amp; Institutes\",\"publisher\":{\"@id\":\"https:\\\/\\\/www.collegesinstitutes.ca\\\/fr\\\/#organization\"},\"potentialAction\":[{\"@type\":\"SearchAction\",\"target\":{\"@type\":\"EntryPoint\",\"urlTemplate\":\"https:\\\/\\\/www.collegesinstitutes.ca\\\/fr\\\/?s={search_term_string}\"},\"query-input\":{\"@type\":\"PropertyValueSpecification\",\"valueRequired\":true,\"valueName\":\"search_term_string\"}}],\"inLanguage\":\"fr-FR\"},{\"@type\":\"Organization\",\"@id\":\"https:\\\/\\\/www.collegesinstitutes.ca\\\/fr\\\/#organization\",\"name\":\"Colleges and Institutes Canada\",\"url\":\"https:\\\/\\\/www.collegesinstitutes.ca\\\/fr\\\/\",\"logo\":{\"@type\":\"ImageObject\",\"inLanguage\":\"fr-FR\",\"@id\":\"https:\\\/\\\/www.collegesinstitutes.ca\\\/fr\\\/#\\\/schema\\\/logo\\\/image\\\/\",\"url\":\"https:\\\/\\\/www.collegesinstitutes.ca\\\/wp-content\\\/uploads\\\/2025\\\/06\\\/logo-en.png\",\"contentUrl\":\"https:\\\/\\\/www.collegesinstitutes.ca\\\/wp-content\\\/uploads\\\/2025\\\/06\\\/logo-en.png\",\"width\":794,\"height\":280,\"caption\":\"Colleges and Institutes Canada\"},\"image\":{\"@id\":\"https:\\\/\\\/www.collegesinstitutes.ca\\\/fr\\\/#\\\/schema\\\/logo\\\/image\\\/\"}}]}<\/script>\n<!-- \/ Yoast SEO plugin. -->","yoast_head_json":{"title":"Semaine 6 : Nous confirmons votre participation! - Colleges and Institutes Canada","robots":{"index":"index","follow":"follow","max-snippet":"max-snippet:-1","max-image-preview":"max-image-preview:large","max-video-preview":"max-video-preview:-1"},"canonical":"https:\/\/www.collegesinstitutes.ca\/fr\/defi-impact-climat\/semaine-6\/nous-confirmons-votre-participation\/","og_locale":"fr_FR","og_type":"article","og_title":"Semaine 6 : Nous confirmons votre participation! - Colleges and Institutes Canada","og_description":"Merci de votre engagement \u00e0 relever le D\u00e9fi z\u00e9ro plastique \u00e0 usage unique. Nous confirmons votre participation au tirage hebdomadaire de 350 $. Vous trouverez les r\u00e9ponses au jeu-questionnaire ci-dessous....","og_url":"https:\/\/www.collegesinstitutes.ca\/fr\/defi-impact-climat\/semaine-6\/nous-confirmons-votre-participation\/","og_site_name":"Colleges and Institutes Canada","article_modified_time":"2024-03-20T14:56:48+00:00","og_image":[{"width":1200,"height":627,"url":"https:\/\/www.collegesinstitutes.ca\/wp-content\/uploads\/2024\/03\/impact-challenge-winter-24-rec_week6_FR.jpg","type":"image\/jpeg"}],"twitter_card":"summary_large_image","twitter_misc":{"Est. reading time":"1 minute"},"schema":{"@context":"https:\/\/schema.org","@graph":[{"@type":"WebPage","@id":"https:\/\/www.collegesinstitutes.ca\/fr\/defi-impact-climat\/semaine-6\/nous-confirmons-votre-participation\/","url":"https:\/\/www.collegesinstitutes.ca\/fr\/defi-impact-climat\/semaine-6\/nous-confirmons-votre-participation\/","name":"Semaine 6 : Nous confirmons votre participation! - Colleges and Institutes Canada","isPartOf":{"@id":"https:\/\/www.collegesinstitutes.ca\/fr\/#website"},"primaryImageOfPage":{"@id":"https:\/\/www.collegesinstitutes.ca\/fr\/defi-impact-climat\/semaine-6\/nous-confirmons-votre-participation\/#primaryimage"},"image":{"@id":"https:\/\/www.collegesinstitutes.ca\/fr\/defi-impact-climat\/semaine-6\/nous-confirmons-votre-participation\/#primaryimage"},"thumbnailUrl":"https:\/\/www.collegesinstitutes.ca\/wp-content\/uploads\/2024\/03\/impact-challenge-winter-24-rec_week6_FR.jpg","datePublished":"2024-03-19T17:58:04+00:00","dateModified":"2024-03-20T14:56:48+00:00","breadcrumb":{"@id":"https:\/\/www.collegesinstitutes.ca\/fr\/defi-impact-climat\/semaine-6\/nous-confirmons-votre-participation\/#breadcrumb"},"inLanguage":"fr-FR","potentialAction":[{"@type":"ReadAction","target":["https:\/\/www.collegesinstitutes.ca\/fr\/defi-impact-climat\/semaine-6\/nous-confirmons-votre-participation\/"]}]},{"@type":"ImageObject","inLanguage":"fr-FR","@id":"https:\/\/www.collegesinstitutes.ca\/fr\/defi-impact-climat\/semaine-6\/nous-confirmons-votre-participation\/#primaryimage","url":"https:\/\/www.collegesinstitutes.ca\/wp-content\/uploads\/2024\/03\/impact-challenge-winter-24-rec_week6_FR.jpg","contentUrl":"https:\/\/www.collegesinstitutes.ca\/wp-content\/uploads\/2024\/03\/impact-challenge-winter-24-rec_week6_FR.jpg","width":1200,"height":627},{"@type":"BreadcrumbList","@id":"https:\/\/www.collegesinstitutes.ca\/fr\/defi-impact-climat\/semaine-6\/nous-confirmons-votre-participation\/#breadcrumb","itemListElement":[{"@type":"ListItem","position":1,"name":"Home","item":"https:\/\/www.collegesinstitutes.ca\/fr\/"},{"@type":"ListItem","position":2,"name":"Votre campus, votre plan\u00e8te, votre chance de gagner!","item":"https:\/\/www.collegesinstitutes.ca\/fr\/defi-impact-climat\/"},{"@type":"ListItem","position":3,"name":"Z\u00e9ro gaspillage, z\u00e9ro d\u00e9pendance\u202f\u2013\u202fdes choix conscients tandis qu\u2019il en est encore temps!","item":"https:\/\/www.collegesinstitutes.ca\/fr\/defi-impact-climat\/semaine-6\/"},{"@type":"ListItem","position":4,"name":"Semaine 6 : Nous confirmons votre participation!"}]},{"@type":"WebSite","@id":"https:\/\/www.collegesinstitutes.ca\/fr\/#website","url":"https:\/\/www.collegesinstitutes.ca\/fr\/","name":"Colleges and Institutes Canada","description":"The Voice of Canada&#039;s Colleges &amp; Institutes","publisher":{"@id":"https:\/\/www.collegesinstitutes.ca\/fr\/#organization"},"potentialAction":[{"@type":"SearchAction","target":{"@type":"EntryPoint","urlTemplate":"https:\/\/www.collegesinstitutes.ca\/fr\/?s={search_term_string}"},"query-input":{"@type":"PropertyValueSpecification","valueRequired":true,"valueName":"search_term_string"}}],"inLanguage":"fr-FR"},{"@type":"Organization","@id":"https:\/\/www.collegesinstitutes.ca\/fr\/#organization","name":"Colleges and Institutes Canada","url":"https:\/\/www.collegesinstitutes.ca\/fr\/","logo":{"@type":"ImageObject","inLanguage":"fr-FR","@id":"https:\/\/www.collegesinstitutes.ca\/fr\/#\/schema\/logo\/image\/","url":"https:\/\/www.collegesinstitutes.ca\/wp-content\/uploads\/2025\/06\/logo-en.png","contentUrl":"https:\/\/www.collegesinstitutes.ca\/wp-content\/uploads\/2025\/06\/logo-en.png","width":794,"height":280,"caption":"Colleges and Institutes Canada"},"image":{"@id":"https:\/\/www.collegesinstitutes.ca\/fr\/#\/schema\/logo\/image\/"}}]}},"_links":{"self":[{"href":"https:\/\/www.collegesinstitutes.ca\/fr\/wp-json\/wp\/v2\/pages\/33531","targetHints":{"allow":["GET"]}}],"collection":[{"href":"https:\/\/www.collegesinstitutes.ca\/fr\/wp-json\/wp\/v2\/pages"}],"about":[{"href":"https:\/\/www.collegesinstitutes.ca\/fr\/wp-json\/wp\/v2\/types\/page"}],"author":[{"embeddable":true,"href":"https:\/\/www.collegesinstitutes.ca\/fr\/wp-json\/wp\/v2\/users\/2"}],"replies":[{"embeddable":true,"href":"https:\/\/www.collegesinstitutes.ca\/fr\/wp-json\/wp\/v2\/comments?post=33531"}],"version-history":[{"count":0,"href":"https:\/\/www.collegesinstitutes.ca\/fr\/wp-json\/wp\/v2\/pages\/33531\/revisions"}],"up":[{"embeddable":true,"href":"https:\/\/www.collegesinstitutes.ca\/fr\/wp-json\/wp\/v2\/pages\/33530"}],"wp:featuredmedia":[{"embeddable":true,"href":"https:\/\/www.collegesinstitutes.ca\/fr\/wp-json\/wp\/v2\/media\/33527"}],"wp:attachment":[{"href":"https:\/\/www.collegesinstitutes.ca\/fr\/wp-json\/wp\/v2\/media?parent=33531"}],"wp:term":[{"taxonomy":"category","embeddable":true,"href":"https:\/\/www.collegesinstitutes.ca\/fr\/wp-json\/wp\/v2\/categories?post=33531"},{"taxonomy":"post_tag","embeddable":true,"href":"https:\/\/www.collegesinstitutes.ca\/fr\/wp-json\/wp\/v2\/tags?post=33531"}],"curies":[{"name":"wp","href":"https:\/\/api.w.org\/{rel}","templated":true}]}}