{"id":33467,"date":"2024-03-12T16:40:17","date_gmt":"2024-03-12T16:40:17","guid":{"rendered":"https:\/\/www.collegesinstitutes.ca\/?page_id=33467"},"modified":"2024-03-12T17:12:25","modified_gmt":"2024-03-12T17:12:25","slug":"nous-confirmons-votre-participation","status":"publish","type":"page","link":"https:\/\/www.collegesinstitutes.ca\/fr\/defi-impact-climat\/semaine-5\/nous-confirmons-votre-participation\/","title":{"rendered":"Semaine 5 : Nous confirmons votre participation!"},"content":{"rendered":"<p class=\"lead mb-5\">Merci de votre engagement \u00e0 relever le D\u00e9fi du transport \u00e9cologique. Nous confirmons votre participation au tirage hebdomadaire de 350 $.<\/p>\n<p><strong>Vous trouverez les r\u00e9ponses au jeu-questionnaire ci-dessous.<\/strong><\/p>\n<div class=\"boxit p-5 mb-5\">\n<h2 class=\"mb-3\">Vrai ou faux? Enfourcher le v\u00e9lo pour vous rendre au campus n\u2019\u00e9met aucune \u00e9mission, ce qui en fait l\u2019une des options de d\u00e9placement les plus \u00e9coresponsables.<\/h2>\n<p><strong>R\u00e9ponse\u202f:<\/strong> Vrai<\/p>\n<p>Les v\u00e9los n\u2019utilisent aucun combustible fossile et n\u2019\u00e9mettent aucune \u00e9mission. De plus, la fabrication et le maintien d\u2019un v\u00e9lo sont beaucoup moins \u00e9nergivores que ceux de la voiture; l\u2019empreinte \u00e9cologique est donc plus faible.\u00a0\u00a0\n<\/p><\/div>\n<div class=\"boxit p-5 mb-5\">\n<h2 class=\"mb-3\">Vrai ou faux? La construction d\u2019autoroutes r\u00e9sout les probl\u00e8mes de congestion routi\u00e8re et r\u00e9duit les GES.  <\/h2>\n<p><strong>R\u00e9ponse\u202f:<\/strong> Faux <\/p>\n<p>La construction ou l\u2019expansion de voies routi\u00e8res risque d\u2019attirer les automobilistes qui \u00e9vitaient certaines routes par crainte de congestion, selon un concept appel\u00e9 \u00ab\u202fdemande induite\u202f\u00bb. La construction de nouvelles routes contribue \u00e9galement aux GES en raison des proc\u00e9d\u00e9s employ\u00e9s et du carbone lib\u00e9r\u00e9 par des mat\u00e9riaux comme le ciment.\n<\/p><\/div>\n<div class=\"boxit p-5 mb-5\">\n<h2 class=\"mb-3\">Vrai ou faux? Pour les voyages courts, l\u2019avion est toujours mieux que la voiture parce qu\u2019il y a beaucoup de gens dans l\u2019avion. <\/h2>\n<p><strong>R\u00e9ponse\u202f:<\/strong> Faux<\/p>\n<p>Pour les trajets courts, l\u2019avion n\u2019est pas mieux que la voiture, m\u00eame s\u2019il y a beaucoup de gens \u00e0 bord. En effet, les avions consomment beaucoup de carburant au d\u00e9collage et \u00e0 l\u2019atterrissage, ce qui les rend moins efficaces sur les courtes distances que les voitures.\n<\/p><\/div>\n<p>Fid\u00e8le aux objectifs de d\u00e9veloppement durable des Nations Unies, le d\u00e9fi ImpAct-Climat invite votre \u00e9tablissement (population \u00e9tudiante, personnel et corps enseignant) \u00e0 approfondir leurs connaissances sur les GES et \u00e0 prendre des mesures concr\u00e8tes pour r\u00e9duire les \u00e9missions.  <\/p>\n<p>Notre prochain th\u00e8me\u202f: la r\u00e9duction des d\u00e9chets, qui marque la derni\u00e8re semaine du d\u00e9fi. Il n\u2019est pas trop tard pour inviter vos camarades et vos coll\u00e8gues. Faites conna\u00eetre le d\u00e9fi, et n\u2019oubliez pas\u202f: chaque participation augmente les chances de votre \u00e9tablissement d\u2019obtenir une bourse d\u2019\u00e9tudes de 3000\u202f$ pour un \u00e9tudiant ou une \u00e9tudiante chef de file de l\u2019action climatique. <\/p>\n","protected":false},"excerpt":{"rendered":"<p>Merci de votre engagement \u00e0 relever le D\u00e9fi du transport \u00e9cologique. Nous confirmons votre participation au tirage hebdomadaire de 350 $. Vous trouverez les r\u00e9ponses au jeu-questionnaire ci-dessous. Vrai ou&#8230;<\/p>\n","protected":false},"author":2,"featured_media":33465,"parent":33464,"menu_order":0,"comment_status":"closed","ping_status":"closed","template":"page-nosubmenu.php","meta":{"_acf_changed":false,"footnotes":""},"categories":[],"tags":[],"class_list":["post-33467","page","type-page","status-publish","has-post-thumbnail","hentry"],"acf":[],"yoast_head":"<!-- This site is optimized with the Yoast SEO plugin v27.5 - https:\/\/yoast.com\/product\/yoast-seo-wordpress\/ -->\n<title>Semaine 5 : Nous confirmons votre participation! - Colleges and Institutes Canada<\/title>\n<meta name=\"robots\" content=\"index, follow, max-snippet:-1, max-image-preview:large, max-video-preview:-1\" \/>\n<link rel=\"canonical\" href=\"https:\/\/www.collegesinstitutes.ca\/fr\/defi-impact-climat\/semaine-5\/nous-confirmons-votre-participation\/\" \/>\n<meta property=\"og:locale\" content=\"fr_FR\" \/>\n<meta property=\"og:type\" content=\"article\" \/>\n<meta property=\"og:title\" content=\"Semaine 5 : Nous confirmons votre participation! - Colleges and Institutes Canada\" \/>\n<meta property=\"og:description\" content=\"Merci de votre engagement \u00e0 relever le D\u00e9fi du transport \u00e9cologique. Nous confirmons votre participation au tirage hebdomadaire de 350 $. Vous trouverez les r\u00e9ponses au jeu-questionnaire ci-dessous. Vrai ou...\" \/>\n<meta property=\"og:url\" content=\"https:\/\/www.collegesinstitutes.ca\/fr\/defi-impact-climat\/semaine-5\/nous-confirmons-votre-participation\/\" \/>\n<meta property=\"og:site_name\" content=\"Colleges and Institutes Canada\" \/>\n<meta property=\"article:modified_time\" content=\"2024-03-12T17:12:25+00:00\" \/>\n<meta property=\"og:image\" content=\"https:\/\/www.collegesinstitutes.ca\/wp-content\/uploads\/2024\/03\/impact-challenge-winter-24-rec_week5_FR.jpg\" \/>\n\t<meta property=\"og:image:width\" content=\"1200\" \/>\n\t<meta property=\"og:image:height\" content=\"627\" \/>\n\t<meta property=\"og:image:type\" content=\"image\/jpeg\" \/>\n<meta name=\"twitter:card\" content=\"summary_large_image\" \/>\n<meta name=\"twitter:label1\" content=\"Est. reading time\" \/>\n\t<meta name=\"twitter:data1\" content=\"2 minutes\" \/>\n<script type=\"application\/ld+json\" class=\"yoast-schema-graph\">{\"@context\":\"https:\\\/\\\/schema.org\",\"@graph\":[{\"@type\":\"WebPage\",\"@id\":\"https:\\\/\\\/www.collegesinstitutes.ca\\\/fr\\\/defi-impact-climat\\\/semaine-5\\\/nous-confirmons-votre-participation\\\/\",\"url\":\"https:\\\/\\\/www.collegesinstitutes.ca\\\/fr\\\/defi-impact-climat\\\/semaine-5\\\/nous-confirmons-votre-participation\\\/\",\"name\":\"Semaine 5 : Nous confirmons votre participation! - Colleges and Institutes Canada\",\"isPartOf\":{\"@id\":\"https:\\\/\\\/www.collegesinstitutes.ca\\\/fr\\\/#website\"},\"primaryImageOfPage\":{\"@id\":\"https:\\\/\\\/www.collegesinstitutes.ca\\\/fr\\\/defi-impact-climat\\\/semaine-5\\\/nous-confirmons-votre-participation\\\/#primaryimage\"},\"image\":{\"@id\":\"https:\\\/\\\/www.collegesinstitutes.ca\\\/fr\\\/defi-impact-climat\\\/semaine-5\\\/nous-confirmons-votre-participation\\\/#primaryimage\"},\"thumbnailUrl\":\"https:\\\/\\\/www.collegesinstitutes.ca\\\/wp-content\\\/uploads\\\/2024\\\/03\\\/impact-challenge-winter-24-rec_week5_FR.jpg\",\"datePublished\":\"2024-03-12T16:40:17+00:00\",\"dateModified\":\"2024-03-12T17:12:25+00:00\",\"breadcrumb\":{\"@id\":\"https:\\\/\\\/www.collegesinstitutes.ca\\\/fr\\\/defi-impact-climat\\\/semaine-5\\\/nous-confirmons-votre-participation\\\/#breadcrumb\"},\"inLanguage\":\"fr-FR\",\"potentialAction\":[{\"@type\":\"ReadAction\",\"target\":[\"https:\\\/\\\/www.collegesinstitutes.ca\\\/fr\\\/defi-impact-climat\\\/semaine-5\\\/nous-confirmons-votre-participation\\\/\"]}]},{\"@type\":\"ImageObject\",\"inLanguage\":\"fr-FR\",\"@id\":\"https:\\\/\\\/www.collegesinstitutes.ca\\\/fr\\\/defi-impact-climat\\\/semaine-5\\\/nous-confirmons-votre-participation\\\/#primaryimage\",\"url\":\"https:\\\/\\\/www.collegesinstitutes.ca\\\/wp-content\\\/uploads\\\/2024\\\/03\\\/impact-challenge-winter-24-rec_week5_FR.jpg\",\"contentUrl\":\"https:\\\/\\\/www.collegesinstitutes.ca\\\/wp-content\\\/uploads\\\/2024\\\/03\\\/impact-challenge-winter-24-rec_week5_FR.jpg\",\"width\":1200,\"height\":627},{\"@type\":\"BreadcrumbList\",\"@id\":\"https:\\\/\\\/www.collegesinstitutes.ca\\\/fr\\\/defi-impact-climat\\\/semaine-5\\\/nous-confirmons-votre-participation\\\/#breadcrumb\",\"itemListElement\":[{\"@type\":\"ListItem\",\"position\":1,\"name\":\"Home\",\"item\":\"https:\\\/\\\/www.collegesinstitutes.ca\\\/fr\\\/\"},{\"@type\":\"ListItem\",\"position\":2,\"name\":\"Votre campus, votre plan\u00e8te, votre chance de gagner!\",\"item\":\"https:\\\/\\\/www.collegesinstitutes.ca\\\/fr\\\/defi-impact-climat\\\/\"},{\"@type\":\"ListItem\",\"position\":3,\"name\":\"Repenser le transport, au nom de la plan\u00e8te\u202f: c\u2019est le seul moyen\",\"item\":\"https:\\\/\\\/www.collegesinstitutes.ca\\\/fr\\\/defi-impact-climat\\\/semaine-5\\\/\"},{\"@type\":\"ListItem\",\"position\":4,\"name\":\"Semaine 5 : Nous confirmons votre participation!\"}]},{\"@type\":\"WebSite\",\"@id\":\"https:\\\/\\\/www.collegesinstitutes.ca\\\/fr\\\/#website\",\"url\":\"https:\\\/\\\/www.collegesinstitutes.ca\\\/fr\\\/\",\"name\":\"Colleges and Institutes Canada\",\"description\":\"The Voice of Canada&#039;s Colleges &amp; Institutes\",\"publisher\":{\"@id\":\"https:\\\/\\\/www.collegesinstitutes.ca\\\/fr\\\/#organization\"},\"potentialAction\":[{\"@type\":\"SearchAction\",\"target\":{\"@type\":\"EntryPoint\",\"urlTemplate\":\"https:\\\/\\\/www.collegesinstitutes.ca\\\/fr\\\/?s={search_term_string}\"},\"query-input\":{\"@type\":\"PropertyValueSpecification\",\"valueRequired\":true,\"valueName\":\"search_term_string\"}}],\"inLanguage\":\"fr-FR\"},{\"@type\":\"Organization\",\"@id\":\"https:\\\/\\\/www.collegesinstitutes.ca\\\/fr\\\/#organization\",\"name\":\"Colleges and Institutes Canada\",\"url\":\"https:\\\/\\\/www.collegesinstitutes.ca\\\/fr\\\/\",\"logo\":{\"@type\":\"ImageObject\",\"inLanguage\":\"fr-FR\",\"@id\":\"https:\\\/\\\/www.collegesinstitutes.ca\\\/fr\\\/#\\\/schema\\\/logo\\\/image\\\/\",\"url\":\"https:\\\/\\\/www.collegesinstitutes.ca\\\/wp-content\\\/uploads\\\/2025\\\/06\\\/logo-en.png\",\"contentUrl\":\"https:\\\/\\\/www.collegesinstitutes.ca\\\/wp-content\\\/uploads\\\/2025\\\/06\\\/logo-en.png\",\"width\":794,\"height\":280,\"caption\":\"Colleges and Institutes Canada\"},\"image\":{\"@id\":\"https:\\\/\\\/www.collegesinstitutes.ca\\\/fr\\\/#\\\/schema\\\/logo\\\/image\\\/\"}}]}<\/script>\n<!-- \/ Yoast SEO plugin. -->","yoast_head_json":{"title":"Semaine 5 : Nous confirmons votre participation! - Colleges and Institutes Canada","robots":{"index":"index","follow":"follow","max-snippet":"max-snippet:-1","max-image-preview":"max-image-preview:large","max-video-preview":"max-video-preview:-1"},"canonical":"https:\/\/www.collegesinstitutes.ca\/fr\/defi-impact-climat\/semaine-5\/nous-confirmons-votre-participation\/","og_locale":"fr_FR","og_type":"article","og_title":"Semaine 5 : Nous confirmons votre participation! - Colleges and Institutes Canada","og_description":"Merci de votre engagement \u00e0 relever le D\u00e9fi du transport \u00e9cologique. Nous confirmons votre participation au tirage hebdomadaire de 350 $. Vous trouverez les r\u00e9ponses au jeu-questionnaire ci-dessous. Vrai ou...","og_url":"https:\/\/www.collegesinstitutes.ca\/fr\/defi-impact-climat\/semaine-5\/nous-confirmons-votre-participation\/","og_site_name":"Colleges and Institutes Canada","article_modified_time":"2024-03-12T17:12:25+00:00","og_image":[{"width":1200,"height":627,"url":"https:\/\/www.collegesinstitutes.ca\/wp-content\/uploads\/2024\/03\/impact-challenge-winter-24-rec_week5_FR.jpg","type":"image\/jpeg"}],"twitter_card":"summary_large_image","twitter_misc":{"Est. reading time":"2 minutes"},"schema":{"@context":"https:\/\/schema.org","@graph":[{"@type":"WebPage","@id":"https:\/\/www.collegesinstitutes.ca\/fr\/defi-impact-climat\/semaine-5\/nous-confirmons-votre-participation\/","url":"https:\/\/www.collegesinstitutes.ca\/fr\/defi-impact-climat\/semaine-5\/nous-confirmons-votre-participation\/","name":"Semaine 5 : Nous confirmons votre participation! - Colleges and Institutes Canada","isPartOf":{"@id":"https:\/\/www.collegesinstitutes.ca\/fr\/#website"},"primaryImageOfPage":{"@id":"https:\/\/www.collegesinstitutes.ca\/fr\/defi-impact-climat\/semaine-5\/nous-confirmons-votre-participation\/#primaryimage"},"image":{"@id":"https:\/\/www.collegesinstitutes.ca\/fr\/defi-impact-climat\/semaine-5\/nous-confirmons-votre-participation\/#primaryimage"},"thumbnailUrl":"https:\/\/www.collegesinstitutes.ca\/wp-content\/uploads\/2024\/03\/impact-challenge-winter-24-rec_week5_FR.jpg","datePublished":"2024-03-12T16:40:17+00:00","dateModified":"2024-03-12T17:12:25+00:00","breadcrumb":{"@id":"https:\/\/www.collegesinstitutes.ca\/fr\/defi-impact-climat\/semaine-5\/nous-confirmons-votre-participation\/#breadcrumb"},"inLanguage":"fr-FR","potentialAction":[{"@type":"ReadAction","target":["https:\/\/www.collegesinstitutes.ca\/fr\/defi-impact-climat\/semaine-5\/nous-confirmons-votre-participation\/"]}]},{"@type":"ImageObject","inLanguage":"fr-FR","@id":"https:\/\/www.collegesinstitutes.ca\/fr\/defi-impact-climat\/semaine-5\/nous-confirmons-votre-participation\/#primaryimage","url":"https:\/\/www.collegesinstitutes.ca\/wp-content\/uploads\/2024\/03\/impact-challenge-winter-24-rec_week5_FR.jpg","contentUrl":"https:\/\/www.collegesinstitutes.ca\/wp-content\/uploads\/2024\/03\/impact-challenge-winter-24-rec_week5_FR.jpg","width":1200,"height":627},{"@type":"BreadcrumbList","@id":"https:\/\/www.collegesinstitutes.ca\/fr\/defi-impact-climat\/semaine-5\/nous-confirmons-votre-participation\/#breadcrumb","itemListElement":[{"@type":"ListItem","position":1,"name":"Home","item":"https:\/\/www.collegesinstitutes.ca\/fr\/"},{"@type":"ListItem","position":2,"name":"Votre campus, votre plan\u00e8te, votre chance de gagner!","item":"https:\/\/www.collegesinstitutes.ca\/fr\/defi-impact-climat\/"},{"@type":"ListItem","position":3,"name":"Repenser le transport, au nom de la plan\u00e8te\u202f: c\u2019est le seul moyen","item":"https:\/\/www.collegesinstitutes.ca\/fr\/defi-impact-climat\/semaine-5\/"},{"@type":"ListItem","position":4,"name":"Semaine 5 : Nous confirmons votre participation!"}]},{"@type":"WebSite","@id":"https:\/\/www.collegesinstitutes.ca\/fr\/#website","url":"https:\/\/www.collegesinstitutes.ca\/fr\/","name":"Colleges and Institutes Canada","description":"The Voice of Canada&#039;s Colleges &amp; Institutes","publisher":{"@id":"https:\/\/www.collegesinstitutes.ca\/fr\/#organization"},"potentialAction":[{"@type":"SearchAction","target":{"@type":"EntryPoint","urlTemplate":"https:\/\/www.collegesinstitutes.ca\/fr\/?s={search_term_string}"},"query-input":{"@type":"PropertyValueSpecification","valueRequired":true,"valueName":"search_term_string"}}],"inLanguage":"fr-FR"},{"@type":"Organization","@id":"https:\/\/www.collegesinstitutes.ca\/fr\/#organization","name":"Colleges and Institutes Canada","url":"https:\/\/www.collegesinstitutes.ca\/fr\/","logo":{"@type":"ImageObject","inLanguage":"fr-FR","@id":"https:\/\/www.collegesinstitutes.ca\/fr\/#\/schema\/logo\/image\/","url":"https:\/\/www.collegesinstitutes.ca\/wp-content\/uploads\/2025\/06\/logo-en.png","contentUrl":"https:\/\/www.collegesinstitutes.ca\/wp-content\/uploads\/2025\/06\/logo-en.png","width":794,"height":280,"caption":"Colleges and Institutes Canada"},"image":{"@id":"https:\/\/www.collegesinstitutes.ca\/fr\/#\/schema\/logo\/image\/"}}]}},"_links":{"self":[{"href":"https:\/\/www.collegesinstitutes.ca\/fr\/wp-json\/wp\/v2\/pages\/33467","targetHints":{"allow":["GET"]}}],"collection":[{"href":"https:\/\/www.collegesinstitutes.ca\/fr\/wp-json\/wp\/v2\/pages"}],"about":[{"href":"https:\/\/www.collegesinstitutes.ca\/fr\/wp-json\/wp\/v2\/types\/page"}],"author":[{"embeddable":true,"href":"https:\/\/www.collegesinstitutes.ca\/fr\/wp-json\/wp\/v2\/users\/2"}],"replies":[{"embeddable":true,"href":"https:\/\/www.collegesinstitutes.ca\/fr\/wp-json\/wp\/v2\/comments?post=33467"}],"version-history":[{"count":0,"href":"https:\/\/www.collegesinstitutes.ca\/fr\/wp-json\/wp\/v2\/pages\/33467\/revisions"}],"up":[{"embeddable":true,"href":"https:\/\/www.collegesinstitutes.ca\/fr\/wp-json\/wp\/v2\/pages\/33464"}],"wp:featuredmedia":[{"embeddable":true,"href":"https:\/\/www.collegesinstitutes.ca\/fr\/wp-json\/wp\/v2\/media\/33465"}],"wp:attachment":[{"href":"https:\/\/www.collegesinstitutes.ca\/fr\/wp-json\/wp\/v2\/media?parent=33467"}],"wp:term":[{"taxonomy":"category","embeddable":true,"href":"https:\/\/www.collegesinstitutes.ca\/fr\/wp-json\/wp\/v2\/categories?post=33467"},{"taxonomy":"post_tag","embeddable":true,"href":"https:\/\/www.collegesinstitutes.ca\/fr\/wp-json\/wp\/v2\/tags?post=33467"}],"curies":[{"name":"wp","href":"https:\/\/api.w.org\/{rel}","templated":true}]}}