{"id":33464,"date":"2024-03-12T16:35:43","date_gmt":"2024-03-12T16:35:43","guid":{"rendered":"https:\/\/www.collegesinstitutes.ca\/?page_id=33464"},"modified":"2024-03-12T17:12:05","modified_gmt":"2024-03-12T17:12:05","slug":"semaine-5","status":"publish","type":"page","link":"https:\/\/www.collegesinstitutes.ca\/fr\/defi-impact-climat\/semaine-5\/","title":{"rendered":"Repenser le transport, au nom de la plan\u00e8te\u202f: c\u2019est le seul moyen"},"content":{"rendered":"<p class=\"lead\">Cette semaine, int\u00e9ressons-nous au transport et \u00e0 son importante contribution aux gaz \u00e0 effet de serre (GES). D\u00e9couvrez les cons\u00e9quences de vos choix de d\u00e9placement et explorez les options \u00e9coresponsables.<\/p>\n<h2 class=\"border-0\">Transport et GES <\/h2>\n<p>Le transport est un aspect crucial de la vie en soci\u00e9t\u00e9 qui, \u00e0 lui seul, contribue de fa\u00e7on importante aux GES. Les v\u00e9hicules \u00e0 combustibles fossiles (essence ou di\u00e9sel) \u00e9mettent du dioxyde de carbone (98\u202f%) et des traces de m\u00e9thane et d\u2019oxyde nitreux. En plus des GES, ils \u00e9mettent des polluants qui contaminent l\u2019air, le sol et l\u2019eau, causant ainsi pr\u00e8s de 7\u202fmillions de d\u00e9c\u00e8s chaque ann\u00e9e. Changer nos habitudes est donc une question de vie ou de mort. <\/p>\n<p>Les infrastructures routi\u00e8res sont aussi associ\u00e9es aux GES. Certaines personnes pensent que la construction de nouvelles routes am\u00e9liore la fluidit\u00e9 de la circulation et r\u00e9duit les \u00e9missions de GES, mais la r\u00e9alit\u00e9 est tout autre. Des \u00e9tudes montrent que la construction ou l\u2019\u00e9largissement de routes attirent davantage de conducteurs, ce qui se traduit par une augmentation de la circulation et des \u00e9missions. La construction de routes augmente les \u00e9missions de GES \u00e0 la fois en raison des travaux comme tels et des mat\u00e9riaux \u00e0 forte teneur en carbone comme le ciment. En outre, l\u2019abattage des for\u00eats et la transformation des terres pour la construction de routes r\u00e9duisent le puits de carbone et alourdissent le bilan environnemental.  <\/p>\n<p><strong>Le saviez-vous?<\/strong> Les voitures et les camions g\u00e9n\u00e8rent environ 17\u202f% des \u00e9missions mondiales de CO2.  <\/p>\n<h2 class=\"border-0\">Comprendre votre responsabilit\u00e9<\/h2>\n<p>Les d\u00e9cisions de d\u00e9placement jouent un r\u00f4le pr\u00e9dominant en mati\u00e8re de GES. Les modes de transport comme le v\u00e9lo, la marche ou les transports en commun r\u00e9duisent de fa\u00e7on importante l\u2019empreinte carbone des d\u00e9placements quotidiens.  <\/p>\n<p>Par exemple, si vous arrivez au campus en autobus plut\u00f4t qu\u2019en voiture solo, vous \u00e9liminez environ 2,5\u202fkg d\u2019\u00e9missions de CO2 par jour (pour un trajet de 10\u202fkm \u00e0 efficacit\u00e9 de 8\u202fL\/100\u202fkm). En un an, la r\u00e9duction des GES peut \u00eatre consid\u00e9rable et r\u00e9ellement att\u00e9nuer les changements climatiques. <\/p>\n<p>Prendre l\u2019avion pour des trajets de moins de 2\u202fheures produit 50\u202f% d\u2019\u00e9missions en plus que de conduire une voiture \u00e0 essence. La prochaine fois, pensez \u00e0 prendre votre auto. En tenant compte du temps pour se rendre \u00e0 l\u2019a\u00e9roport, \u00e0 passer les contr\u00f4les de s\u00e9curit\u00e9 et \u00e0 embarquer, conduire ne prend pas beaucoup plus de temps &#8211; et vous n\u2019aurez pas \u00e0 vous pr\u00e9occuper des retards de vol ou des bagages perdus!<\/p>\n<h2 class=\"border-0\">Passer \u00e0 l\u2019action\u202f: strat\u00e9gies de d\u00e9placement \u00e9coresponsables<\/h2>\n<p>En tant que membres de la communaut\u00e9 coll\u00e9giale, nous avons le pouvoir de transformer nos habitudes pour r\u00e9duire les \u00e9missions. Voici quelques strat\u00e9gies favorisant les pratiques \u00e9coresponsables pour lutter contre les changements climatiques et respecter notre engagement envers les ODD\u202f:  <\/p>\n<ol>\n<li><strong>Transport en commun :<\/strong> Prenez l\u2019autobus, le train ou le m\u00e9tro pour vos d\u00e9placements quotidiens. Le transport en commun \u00e9met g\u00e9n\u00e9ralement moins de GES par passager qu\u2019un v\u00e9hicule solo. (Objectifs : 3, 7, 11, 12 et 15)<\/li>\n<li><strong>TCovoiturage :<\/strong> Voyagez avec des coll\u00e8gues ou des amis pour diminuer le nombre de v\u00e9hicules sur la route. Le covoiturage est un moyen efficace d\u2019\u00e9conomiser tout en r\u00e9duisant les \u00e9missions. (Objectifs : 11 et 12)<\/li>\n<li><strong>TV\u00e9lo ou marche :<\/strong> Optez pour les modes de transport actifs; marchez ou prenez le v\u00e9lo pour les trajets courts. Participez \u00e0 une initiative comme celle des \u00ab\u202fmercredis actifs\u202f\u00bb et adoptez ces modes de transport sant\u00e9 et carboneutres au moins un jour par semaine. (Objectifs : 3, 7, 11 et 15)<\/li>\n<li><strong>TV\u00e9los et v\u00e9hicules \u00e9lectriques :<\/strong> Le v\u00e9lo \u00e9lectrique est un moyen de transport \u00e9cologique. Les v\u00e9hicules \u00e9lectriques contribuent \u00e0 r\u00e9duire les GES, mais ils peuvent \u00eatre co\u00fbteux. Les v\u00e9los \u00e9lectriques, quant \u00e0 eux, ont une empreinte carbone plus faible pour ce qui est de leur production, de leur transport et de leur \u00e9limination. Ils sont \u00e9galement plus abordables, se rechargent plus rapidement et sont plus faciles \u00e0 garer. (Objectifs : 3, 7, 9, 11 et 12)<\/li>\n<li><strong>TD\u00e9fendez le transport durable :<\/strong> Encouragez votre campus \u00e0 int\u00e9grer des pistes cyclables, des programmes de covoiturage et des bornes de recharge pour VE. Soutenez la cr\u00e9ation d\u2019options de transport durable, comme des syst\u00e8mes de partage de v\u00e9lo ou de navettes. (Objectifs : 3, 7, 9, 10, 11, 12, 15, 16 et 17)<\/li>\n<li><strong>TDes modes de d\u00e9placement plus \u00e9cologiques :<\/strong> Lorsque vous planifiez un voyage, tenez compte de l\u2019impact des \u00e9missions de GES. Pr\u00e9f\u00e9rez la voiture ou le train \u00e0 l\u2019avion pour les trajets courts, et pr\u00e9conisez les sorties en voilier plut\u00f4t que les croisi\u00e8res. En choisissant des options moins polluantes pour vos voyages d\u2019agr\u00e9ment ou d\u2019affaires, vous pouvez r\u00e9duire consid\u00e9rablement votre empreinte carbone.<\/li>\n<\/ol>\n<p>Ces pratiques peuvent assainir la plan\u00e8te et nous assurer un avenir durable. Travaillons \u00e0 la purification de l\u2019air par la r\u00e9duction des \u00e9missions et les d\u00e9placements \u00e9coresponsables. <\/p>\n<h2 class=\"border-0\">Inspirez-vous\u202f\u2013\u202fdurabilit\u00e9 sur nos campus<\/h2>\n<p>Le transport actif (marche, v\u00e9lo, course, raquettes, canot, patins) produit jusqu\u2019\u00e0 30\u202ffois moins de GES que la voiture ou les transports en commun.  <\/p>\n<p>La Thompson Rivers University vise la carboneutralit\u00e9 en transport gr\u00e2ce \u00e0 un syst\u00e8me de partage de v\u00e9los, de sentiers p\u00e9destres, de bornes de recharge pour VE, de laissez-passer pour transports en commun et de programmes de covoiturage.  <\/p>\n<div class=\"border-top my-5\"><\/div>\n<h2 class=\"border-0\">Inscrivez-vous au d\u00e9fi pour gagner!<\/h2>\n<p class=\"lead\">Engagez-vous \u00e0 relever le d\u00e9fi et r\u00e9pondez au jeu-questionnaire pour avoir une chance de gagner 350\u202f$. Relevez les six d\u00e9fis hebdomadaires pour participer au tirage du grand prix de 1000\u202f$.<\/p>\n<h3>D\u00e9fi du transport \u00e9cologique<\/h3>\n<p><strong>Votre d\u00e9fi\u202f:<\/strong> Cette semaine, faites du v\u00e9lo, marchez, faites du covoiturage ou prenez le transport en commun pour au moins un trajet que vous feriez normalement seul\u00b7e en voiture. Apr\u00e8s avoir relev\u00e9 votre d\u00e9fi de transport \u00e9cologique, prenez le temps de r\u00e9fl\u00e9chir \u00e0 son impact. R\u00e9fl\u00e9chissez aux effets b\u00e9n\u00e9fiques pour l\u2019environnement d\u2019int\u00e9grer le transport durable \u00e0 votre routine, en particulier si plus de gens faisaient des choix semblables.  <\/p>\n<p>Discutez avec vos proches de la diff\u00e9rence collective que nous pourrions faire en choisissant des moyens de transport plus \u00e9cologiques. Ciblez une habitude de transport durable que vous pouvez conserver et essayez de l\u2019int\u00e9grer dans votre vie quotidienne. <\/p>\n<div class=\"boxit p-5 mt-5\">\n\n<\/div>\n<p><script type=\"text\/javascript\" src=\"https:\/\/analytics.clickdimensions.com\/ts.js\" > <\/script><\/p>\n<p><script type=\"text\/javascript\">\n  var cdAnalytics = new clickdimensions.Analytics('analytics.clickdimensions.com');\n  cdAnalytics.setAccountKey('aIZMTwCyxq0wMumx77fg');\n  cdAnalytics.setDomain('collegesinstitutes.ca');\n  cdAnalytics.setScore(typeof(cdScore) == \"undefined\" ? 0 : (cdScore == 0 ? null : cdScore));\n  cdAnalytics.trackPage();\n<\/script><\/p>\n<p><script type=\"text\/javascript\" src=\"https:\/\/analytics.clickdimensions.com\/js\/ClickDGravityFormMapper.min.js\">\n<\/script><\/p>\n<p><script type=\"text\/javascript\">\nvar mapper = ClickDGravityFormsMapper();\nmapper.Init({\nUrl: 'http:\/\/analytics.clickdimensions.com\/forms\/h\/ak1XN6y5QUujRX1gDmuXA',\nUseRecaptchaV3: false,\nFormId: 'gform_144',\nMapping: [\n{ GFId: 'input_144_6', CDId: 'Title'},\n{ GFId: 'input_144_4', CDId: 'EmailAddress'},\n{ GFId: 'input_144_7', CDId: 'Organization'},\n{ GFId: 'input_144_3', CDId: 'LastName'},\n{ GFId: 'input_144_1', CDId: 'FirstName'},\n{ GFId: 'input_144_5', CDId: 'CollegeInstitute'},\n]\n});\n<\/script><\/p>\n","protected":false},"excerpt":{"rendered":"<p>Cette semaine, int\u00e9ressons-nous au transport et \u00e0 son importante contribution aux gaz \u00e0 effet de serre (GES). D\u00e9couvrez les cons\u00e9quences de vos choix de d\u00e9placement et explorez les options \u00e9coresponsables&#8230;.<\/p>\n","protected":false},"author":2,"featured_media":33465,"parent":33175,"menu_order":0,"comment_status":"closed","ping_status":"closed","template":"page-nosubmenu.php","meta":{"_acf_changed":false,"footnotes":""},"categories":[],"tags":[],"class_list":["post-33464","page","type-page","status-publish","has-post-thumbnail","hentry"],"acf":[],"yoast_head":"<!-- This site is optimized with the Yoast SEO plugin v27.3 - https:\/\/yoast.com\/product\/yoast-seo-wordpress\/ -->\n<title>Repenser le transport, au nom de la plan\u00e8te\u202f: c\u2019est le seul moyen - Colleges and Institutes Canada<\/title>\n<meta name=\"robots\" content=\"index, follow, max-snippet:-1, max-image-preview:large, max-video-preview:-1\" \/>\n<link rel=\"canonical\" href=\"https:\/\/www.collegesinstitutes.ca\/fr\/defi-impact-climat\/semaine-5\/\" \/>\n<meta property=\"og:locale\" content=\"fr_FR\" \/>\n<meta property=\"og:type\" content=\"article\" \/>\n<meta property=\"og:title\" content=\"Repenser le transport, au nom de la plan\u00e8te\u202f: c\u2019est le seul moyen - Colleges and Institutes Canada\" \/>\n<meta property=\"og:description\" content=\"Cette semaine, int\u00e9ressons-nous au transport et \u00e0 son importante contribution aux gaz \u00e0 effet de serre (GES). D\u00e9couvrez les cons\u00e9quences de vos choix de d\u00e9placement et explorez les options \u00e9coresponsables....\" \/>\n<meta property=\"og:url\" content=\"https:\/\/www.collegesinstitutes.ca\/fr\/defi-impact-climat\/semaine-5\/\" \/>\n<meta property=\"og:site_name\" content=\"Colleges and Institutes Canada\" \/>\n<meta property=\"article:modified_time\" content=\"2024-03-12T17:12:05+00:00\" \/>\n<meta property=\"og:image\" content=\"https:\/\/www.collegesinstitutes.ca\/wp-content\/uploads\/2024\/03\/impact-challenge-winter-24-rec_week5_FR.jpg\" \/>\n\t<meta property=\"og:image:width\" content=\"1200\" \/>\n\t<meta property=\"og:image:height\" content=\"627\" \/>\n\t<meta property=\"og:image:type\" content=\"image\/jpeg\" \/>\n<meta name=\"twitter:card\" content=\"summary_large_image\" \/>\n<meta name=\"twitter:label1\" content=\"Est. reading time\" \/>\n\t<meta name=\"twitter:data1\" content=\"5 minutes\" \/>\n<script type=\"application\/ld+json\" class=\"yoast-schema-graph\">{\"@context\":\"https:\\\/\\\/schema.org\",\"@graph\":[{\"@type\":\"WebPage\",\"@id\":\"https:\\\/\\\/www.collegesinstitutes.ca\\\/fr\\\/defi-impact-climat\\\/semaine-5\\\/\",\"url\":\"https:\\\/\\\/www.collegesinstitutes.ca\\\/fr\\\/defi-impact-climat\\\/semaine-5\\\/\",\"name\":\"Repenser le transport, au nom de la plan\u00e8te\u202f: c\u2019est le seul moyen - Colleges and Institutes Canada\",\"isPartOf\":{\"@id\":\"https:\\\/\\\/www.collegesinstitutes.ca\\\/fr\\\/#website\"},\"primaryImageOfPage\":{\"@id\":\"https:\\\/\\\/www.collegesinstitutes.ca\\\/fr\\\/defi-impact-climat\\\/semaine-5\\\/#primaryimage\"},\"image\":{\"@id\":\"https:\\\/\\\/www.collegesinstitutes.ca\\\/fr\\\/defi-impact-climat\\\/semaine-5\\\/#primaryimage\"},\"thumbnailUrl\":\"https:\\\/\\\/www.collegesinstitutes.ca\\\/wp-content\\\/uploads\\\/2024\\\/03\\\/impact-challenge-winter-24-rec_week5_FR.jpg\",\"datePublished\":\"2024-03-12T16:35:43+00:00\",\"dateModified\":\"2024-03-12T17:12:05+00:00\",\"breadcrumb\":{\"@id\":\"https:\\\/\\\/www.collegesinstitutes.ca\\\/fr\\\/defi-impact-climat\\\/semaine-5\\\/#breadcrumb\"},\"inLanguage\":\"fr-FR\",\"potentialAction\":[{\"@type\":\"ReadAction\",\"target\":[\"https:\\\/\\\/www.collegesinstitutes.ca\\\/fr\\\/defi-impact-climat\\\/semaine-5\\\/\"]}]},{\"@type\":\"ImageObject\",\"inLanguage\":\"fr-FR\",\"@id\":\"https:\\\/\\\/www.collegesinstitutes.ca\\\/fr\\\/defi-impact-climat\\\/semaine-5\\\/#primaryimage\",\"url\":\"https:\\\/\\\/www.collegesinstitutes.ca\\\/wp-content\\\/uploads\\\/2024\\\/03\\\/impact-challenge-winter-24-rec_week5_FR.jpg\",\"contentUrl\":\"https:\\\/\\\/www.collegesinstitutes.ca\\\/wp-content\\\/uploads\\\/2024\\\/03\\\/impact-challenge-winter-24-rec_week5_FR.jpg\",\"width\":1200,\"height\":627},{\"@type\":\"BreadcrumbList\",\"@id\":\"https:\\\/\\\/www.collegesinstitutes.ca\\\/fr\\\/defi-impact-climat\\\/semaine-5\\\/#breadcrumb\",\"itemListElement\":[{\"@type\":\"ListItem\",\"position\":1,\"name\":\"Home\",\"item\":\"https:\\\/\\\/www.collegesinstitutes.ca\\\/fr\\\/\"},{\"@type\":\"ListItem\",\"position\":2,\"name\":\"Votre campus, votre plan\u00e8te, votre chance de gagner!\",\"item\":\"https:\\\/\\\/www.collegesinstitutes.ca\\\/fr\\\/defi-impact-climat\\\/\"},{\"@type\":\"ListItem\",\"position\":3,\"name\":\"Repenser le transport, au nom de la plan\u00e8te\u202f: c\u2019est le seul moyen\"}]},{\"@type\":\"WebSite\",\"@id\":\"https:\\\/\\\/www.collegesinstitutes.ca\\\/fr\\\/#website\",\"url\":\"https:\\\/\\\/www.collegesinstitutes.ca\\\/fr\\\/\",\"name\":\"Colleges and Institutes Canada\",\"description\":\"The Voice of Canada&#039;s Colleges &amp; Institutes\",\"publisher\":{\"@id\":\"https:\\\/\\\/www.collegesinstitutes.ca\\\/fr\\\/#organization\"},\"potentialAction\":[{\"@type\":\"SearchAction\",\"target\":{\"@type\":\"EntryPoint\",\"urlTemplate\":\"https:\\\/\\\/www.collegesinstitutes.ca\\\/fr\\\/?s={search_term_string}\"},\"query-input\":{\"@type\":\"PropertyValueSpecification\",\"valueRequired\":true,\"valueName\":\"search_term_string\"}}],\"inLanguage\":\"fr-FR\"},{\"@type\":\"Organization\",\"@id\":\"https:\\\/\\\/www.collegesinstitutes.ca\\\/fr\\\/#organization\",\"name\":\"Colleges and Institutes Canada\",\"url\":\"https:\\\/\\\/www.collegesinstitutes.ca\\\/fr\\\/\",\"logo\":{\"@type\":\"ImageObject\",\"inLanguage\":\"fr-FR\",\"@id\":\"https:\\\/\\\/www.collegesinstitutes.ca\\\/fr\\\/#\\\/schema\\\/logo\\\/image\\\/\",\"url\":\"https:\\\/\\\/www.collegesinstitutes.ca\\\/wp-content\\\/uploads\\\/2025\\\/06\\\/logo-en.png\",\"contentUrl\":\"https:\\\/\\\/www.collegesinstitutes.ca\\\/wp-content\\\/uploads\\\/2025\\\/06\\\/logo-en.png\",\"width\":794,\"height\":280,\"caption\":\"Colleges and Institutes Canada\"},\"image\":{\"@id\":\"https:\\\/\\\/www.collegesinstitutes.ca\\\/fr\\\/#\\\/schema\\\/logo\\\/image\\\/\"}}]}<\/script>\n<!-- \/ Yoast SEO plugin. -->","yoast_head_json":{"title":"Repenser le transport, au nom de la plan\u00e8te\u202f: c\u2019est le seul moyen - Colleges and Institutes Canada","robots":{"index":"index","follow":"follow","max-snippet":"max-snippet:-1","max-image-preview":"max-image-preview:large","max-video-preview":"max-video-preview:-1"},"canonical":"https:\/\/www.collegesinstitutes.ca\/fr\/defi-impact-climat\/semaine-5\/","og_locale":"fr_FR","og_type":"article","og_title":"Repenser le transport, au nom de la plan\u00e8te\u202f: c\u2019est le seul moyen - Colleges and Institutes Canada","og_description":"Cette semaine, int\u00e9ressons-nous au transport et \u00e0 son importante contribution aux gaz \u00e0 effet de serre (GES). D\u00e9couvrez les cons\u00e9quences de vos choix de d\u00e9placement et explorez les options \u00e9coresponsables....","og_url":"https:\/\/www.collegesinstitutes.ca\/fr\/defi-impact-climat\/semaine-5\/","og_site_name":"Colleges and Institutes Canada","article_modified_time":"2024-03-12T17:12:05+00:00","og_image":[{"width":1200,"height":627,"url":"https:\/\/www.collegesinstitutes.ca\/wp-content\/uploads\/2024\/03\/impact-challenge-winter-24-rec_week5_FR.jpg","type":"image\/jpeg"}],"twitter_card":"summary_large_image","twitter_misc":{"Est. reading time":"5 minutes"},"schema":{"@context":"https:\/\/schema.org","@graph":[{"@type":"WebPage","@id":"https:\/\/www.collegesinstitutes.ca\/fr\/defi-impact-climat\/semaine-5\/","url":"https:\/\/www.collegesinstitutes.ca\/fr\/defi-impact-climat\/semaine-5\/","name":"Repenser le transport, au nom de la plan\u00e8te\u202f: c\u2019est le seul moyen - Colleges and Institutes Canada","isPartOf":{"@id":"https:\/\/www.collegesinstitutes.ca\/fr\/#website"},"primaryImageOfPage":{"@id":"https:\/\/www.collegesinstitutes.ca\/fr\/defi-impact-climat\/semaine-5\/#primaryimage"},"image":{"@id":"https:\/\/www.collegesinstitutes.ca\/fr\/defi-impact-climat\/semaine-5\/#primaryimage"},"thumbnailUrl":"https:\/\/www.collegesinstitutes.ca\/wp-content\/uploads\/2024\/03\/impact-challenge-winter-24-rec_week5_FR.jpg","datePublished":"2024-03-12T16:35:43+00:00","dateModified":"2024-03-12T17:12:05+00:00","breadcrumb":{"@id":"https:\/\/www.collegesinstitutes.ca\/fr\/defi-impact-climat\/semaine-5\/#breadcrumb"},"inLanguage":"fr-FR","potentialAction":[{"@type":"ReadAction","target":["https:\/\/www.collegesinstitutes.ca\/fr\/defi-impact-climat\/semaine-5\/"]}]},{"@type":"ImageObject","inLanguage":"fr-FR","@id":"https:\/\/www.collegesinstitutes.ca\/fr\/defi-impact-climat\/semaine-5\/#primaryimage","url":"https:\/\/www.collegesinstitutes.ca\/wp-content\/uploads\/2024\/03\/impact-challenge-winter-24-rec_week5_FR.jpg","contentUrl":"https:\/\/www.collegesinstitutes.ca\/wp-content\/uploads\/2024\/03\/impact-challenge-winter-24-rec_week5_FR.jpg","width":1200,"height":627},{"@type":"BreadcrumbList","@id":"https:\/\/www.collegesinstitutes.ca\/fr\/defi-impact-climat\/semaine-5\/#breadcrumb","itemListElement":[{"@type":"ListItem","position":1,"name":"Home","item":"https:\/\/www.collegesinstitutes.ca\/fr\/"},{"@type":"ListItem","position":2,"name":"Votre campus, votre plan\u00e8te, votre chance de gagner!","item":"https:\/\/www.collegesinstitutes.ca\/fr\/defi-impact-climat\/"},{"@type":"ListItem","position":3,"name":"Repenser le transport, au nom de la plan\u00e8te\u202f: c\u2019est le seul moyen"}]},{"@type":"WebSite","@id":"https:\/\/www.collegesinstitutes.ca\/fr\/#website","url":"https:\/\/www.collegesinstitutes.ca\/fr\/","name":"Colleges and Institutes Canada","description":"The Voice of Canada&#039;s Colleges &amp; Institutes","publisher":{"@id":"https:\/\/www.collegesinstitutes.ca\/fr\/#organization"},"potentialAction":[{"@type":"SearchAction","target":{"@type":"EntryPoint","urlTemplate":"https:\/\/www.collegesinstitutes.ca\/fr\/?s={search_term_string}"},"query-input":{"@type":"PropertyValueSpecification","valueRequired":true,"valueName":"search_term_string"}}],"inLanguage":"fr-FR"},{"@type":"Organization","@id":"https:\/\/www.collegesinstitutes.ca\/fr\/#organization","name":"Colleges and Institutes Canada","url":"https:\/\/www.collegesinstitutes.ca\/fr\/","logo":{"@type":"ImageObject","inLanguage":"fr-FR","@id":"https:\/\/www.collegesinstitutes.ca\/fr\/#\/schema\/logo\/image\/","url":"https:\/\/www.collegesinstitutes.ca\/wp-content\/uploads\/2025\/06\/logo-en.png","contentUrl":"https:\/\/www.collegesinstitutes.ca\/wp-content\/uploads\/2025\/06\/logo-en.png","width":794,"height":280,"caption":"Colleges and Institutes Canada"},"image":{"@id":"https:\/\/www.collegesinstitutes.ca\/fr\/#\/schema\/logo\/image\/"}}]}},"_links":{"self":[{"href":"https:\/\/www.collegesinstitutes.ca\/fr\/wp-json\/wp\/v2\/pages\/33464","targetHints":{"allow":["GET"]}}],"collection":[{"href":"https:\/\/www.collegesinstitutes.ca\/fr\/wp-json\/wp\/v2\/pages"}],"about":[{"href":"https:\/\/www.collegesinstitutes.ca\/fr\/wp-json\/wp\/v2\/types\/page"}],"author":[{"embeddable":true,"href":"https:\/\/www.collegesinstitutes.ca\/fr\/wp-json\/wp\/v2\/users\/2"}],"replies":[{"embeddable":true,"href":"https:\/\/www.collegesinstitutes.ca\/fr\/wp-json\/wp\/v2\/comments?post=33464"}],"version-history":[{"count":0,"href":"https:\/\/www.collegesinstitutes.ca\/fr\/wp-json\/wp\/v2\/pages\/33464\/revisions"}],"up":[{"embeddable":true,"href":"https:\/\/www.collegesinstitutes.ca\/fr\/wp-json\/wp\/v2\/pages\/33175"}],"wp:featuredmedia":[{"embeddable":true,"href":"https:\/\/www.collegesinstitutes.ca\/fr\/wp-json\/wp\/v2\/media\/33465"}],"wp:attachment":[{"href":"https:\/\/www.collegesinstitutes.ca\/fr\/wp-json\/wp\/v2\/media?parent=33464"}],"wp:term":[{"taxonomy":"category","embeddable":true,"href":"https:\/\/www.collegesinstitutes.ca\/fr\/wp-json\/wp\/v2\/categories?post=33464"},{"taxonomy":"post_tag","embeddable":true,"href":"https:\/\/www.collegesinstitutes.ca\/fr\/wp-json\/wp\/v2\/tags?post=33464"}],"curies":[{"name":"wp","href":"https:\/\/api.w.org\/{rel}","templated":true}]}}