{"id":33391,"date":"2024-03-05T16:41:45","date_gmt":"2024-03-05T16:41:45","guid":{"rendered":"https:\/\/www.collegesinstitutes.ca\/your-entry-is-confirmed\/"},"modified":"2024-03-05T17:48:04","modified_gmt":"2024-03-05T17:48:04","slug":"nous-confirmons-votre-participation","status":"publish","type":"page","link":"https:\/\/www.collegesinstitutes.ca\/fr\/defi-impact-climat\/semaine-4\/nous-confirmons-votre-participation\/","title":{"rendered":"Semaine 4 : Nous confirmons votre participation!"},"content":{"rendered":"<p class=\"lead\">Merci de votre engagement \u00e0 relever le D\u00e9fi de l\u2019apprentissage et de la reconnaissance du territoire. Nous confirmons votre participation au tirage hebdomadaire de 350 $.<\/p>\n<p>Le d\u00e9fi ImpAct-Climat de Coll\u00e8ges et instituts Canada vise \u00e0 am\u00e9liorer vos connaissances sur les GES et \u00e0 inspirer des gestes qui peuvent r\u00e9duire les \u00e9missions. Invitez vos camarades et vos coll\u00e8gues \u00e0 participer. Notre prochain th\u00e8me\u202f: le transport. <\/p>\n<p><strong>N\u2019oubliez pas\u202f:<\/strong> si vous participez aux six d\u00e9fis, vous aurez une chance de remporter le grand prix de 1000\u202f$. Et plus vous participez, meilleure est la chance de votre \u00e9tablissement d\u2019obtenir une bourse d\u2019\u00e9tudes de 3000\u202f$ pour un \u00e9tudiant ou une \u00e9tudiante chef de file de l\u2019action climatique de chez vous. <\/p>\n","protected":false},"excerpt":{"rendered":"<p>Merci de votre engagement \u00e0 relever le D\u00e9fi de l\u2019apprentissage et de la reconnaissance du territoire. Nous confirmons votre participation au tirage hebdomadaire de 350 $. Le d\u00e9fi ImpAct-Climat de&#8230;<\/p>\n","protected":false},"author":2,"featured_media":33393,"parent":33395,"menu_order":0,"comment_status":"closed","ping_status":"closed","template":"page-nosubmenu.php","meta":{"_acf_changed":false,"footnotes":""},"categories":[],"tags":[],"class_list":["post-33391","page","type-page","status-publish","has-post-thumbnail","hentry"],"acf":[],"yoast_head":"<!-- This site is optimized with the Yoast SEO plugin v27.4 - https:\/\/yoast.com\/product\/yoast-seo-wordpress\/ -->\n<title>Semaine 4 : Nous confirmons votre participation! - Colleges and Institutes Canada<\/title>\n<meta name=\"robots\" content=\"index, follow, max-snippet:-1, max-image-preview:large, max-video-preview:-1\" \/>\n<link rel=\"canonical\" href=\"https:\/\/www.collegesinstitutes.ca\/fr\/defi-impact-climat\/semaine-4\/nous-confirmons-votre-participation\/\" \/>\n<meta property=\"og:locale\" content=\"fr_FR\" \/>\n<meta property=\"og:type\" content=\"article\" \/>\n<meta property=\"og:title\" content=\"Semaine 4 : Nous confirmons votre participation! - Colleges and Institutes Canada\" \/>\n<meta property=\"og:description\" content=\"Merci de votre engagement \u00e0 relever le D\u00e9fi de l\u2019apprentissage et de la reconnaissance du territoire. Nous confirmons votre participation au tirage hebdomadaire de 350 $. Le d\u00e9fi ImpAct-Climat de...\" \/>\n<meta property=\"og:url\" content=\"https:\/\/www.collegesinstitutes.ca\/fr\/defi-impact-climat\/semaine-4\/nous-confirmons-votre-participation\/\" \/>\n<meta property=\"og:site_name\" content=\"Colleges and Institutes Canada\" \/>\n<meta property=\"article:modified_time\" content=\"2024-03-05T17:48:04+00:00\" \/>\n<meta property=\"og:image\" content=\"https:\/\/www.collegesinstitutes.ca\/wp-content\/uploads\/2024\/03\/impact-challenge-winter-24-rec_week4_FR.jpg\" \/>\n\t<meta property=\"og:image:width\" content=\"1200\" \/>\n\t<meta property=\"og:image:height\" content=\"627\" \/>\n\t<meta property=\"og:image:type\" content=\"image\/jpeg\" \/>\n<meta name=\"twitter:card\" content=\"summary_large_image\" \/>\n<meta name=\"twitter:label1\" content=\"Est. reading time\" \/>\n\t<meta name=\"twitter:data1\" content=\"1 minute\" \/>\n<script type=\"application\/ld+json\" class=\"yoast-schema-graph\">{\"@context\":\"https:\\\/\\\/schema.org\",\"@graph\":[{\"@type\":\"WebPage\",\"@id\":\"https:\\\/\\\/www.collegesinstitutes.ca\\\/fr\\\/defi-impact-climat\\\/semaine-4\\\/nous-confirmons-votre-participation\\\/\",\"url\":\"https:\\\/\\\/www.collegesinstitutes.ca\\\/fr\\\/defi-impact-climat\\\/semaine-4\\\/nous-confirmons-votre-participation\\\/\",\"name\":\"Semaine 4 : Nous confirmons votre participation! - Colleges and Institutes Canada\",\"isPartOf\":{\"@id\":\"https:\\\/\\\/www.collegesinstitutes.ca\\\/fr\\\/#website\"},\"primaryImageOfPage\":{\"@id\":\"https:\\\/\\\/www.collegesinstitutes.ca\\\/fr\\\/defi-impact-climat\\\/semaine-4\\\/nous-confirmons-votre-participation\\\/#primaryimage\"},\"image\":{\"@id\":\"https:\\\/\\\/www.collegesinstitutes.ca\\\/fr\\\/defi-impact-climat\\\/semaine-4\\\/nous-confirmons-votre-participation\\\/#primaryimage\"},\"thumbnailUrl\":\"https:\\\/\\\/www.collegesinstitutes.ca\\\/wp-content\\\/uploads\\\/2024\\\/03\\\/impact-challenge-winter-24-rec_week4_FR.jpg\",\"datePublished\":\"2024-03-05T16:41:45+00:00\",\"dateModified\":\"2024-03-05T17:48:04+00:00\",\"breadcrumb\":{\"@id\":\"https:\\\/\\\/www.collegesinstitutes.ca\\\/fr\\\/defi-impact-climat\\\/semaine-4\\\/nous-confirmons-votre-participation\\\/#breadcrumb\"},\"inLanguage\":\"fr-FR\",\"potentialAction\":[{\"@type\":\"ReadAction\",\"target\":[\"https:\\\/\\\/www.collegesinstitutes.ca\\\/fr\\\/defi-impact-climat\\\/semaine-4\\\/nous-confirmons-votre-participation\\\/\"]}]},{\"@type\":\"ImageObject\",\"inLanguage\":\"fr-FR\",\"@id\":\"https:\\\/\\\/www.collegesinstitutes.ca\\\/fr\\\/defi-impact-climat\\\/semaine-4\\\/nous-confirmons-votre-participation\\\/#primaryimage\",\"url\":\"https:\\\/\\\/www.collegesinstitutes.ca\\\/wp-content\\\/uploads\\\/2024\\\/03\\\/impact-challenge-winter-24-rec_week4_FR.jpg\",\"contentUrl\":\"https:\\\/\\\/www.collegesinstitutes.ca\\\/wp-content\\\/uploads\\\/2024\\\/03\\\/impact-challenge-winter-24-rec_week4_FR.jpg\",\"width\":1200,\"height\":627},{\"@type\":\"BreadcrumbList\",\"@id\":\"https:\\\/\\\/www.collegesinstitutes.ca\\\/fr\\\/defi-impact-climat\\\/semaine-4\\\/nous-confirmons-votre-participation\\\/#breadcrumb\",\"itemListElement\":[{\"@type\":\"ListItem\",\"position\":1,\"name\":\"Home\",\"item\":\"https:\\\/\\\/www.collegesinstitutes.ca\\\/fr\\\/\"},{\"@type\":\"ListItem\",\"position\":2,\"name\":\"Votre campus, votre plan\u00e8te, votre chance de gagner!\",\"item\":\"https:\\\/\\\/www.collegesinstitutes.ca\\\/fr\\\/defi-impact-climat\\\/\"},{\"@type\":\"ListItem\",\"position\":3,\"name\":\"Sagesse autochtone\u202f: pierre angulaire de la conservation\",\"item\":\"https:\\\/\\\/www.collegesinstitutes.ca\\\/fr\\\/defi-impact-climat\\\/semaine-4\\\/\"},{\"@type\":\"ListItem\",\"position\":4,\"name\":\"Semaine 4 : Nous confirmons votre participation!\"}]},{\"@type\":\"WebSite\",\"@id\":\"https:\\\/\\\/www.collegesinstitutes.ca\\\/fr\\\/#website\",\"url\":\"https:\\\/\\\/www.collegesinstitutes.ca\\\/fr\\\/\",\"name\":\"Colleges and Institutes Canada\",\"description\":\"The Voice of Canada&#039;s Colleges &amp; Institutes\",\"publisher\":{\"@id\":\"https:\\\/\\\/www.collegesinstitutes.ca\\\/fr\\\/#organization\"},\"potentialAction\":[{\"@type\":\"SearchAction\",\"target\":{\"@type\":\"EntryPoint\",\"urlTemplate\":\"https:\\\/\\\/www.collegesinstitutes.ca\\\/fr\\\/?s={search_term_string}\"},\"query-input\":{\"@type\":\"PropertyValueSpecification\",\"valueRequired\":true,\"valueName\":\"search_term_string\"}}],\"inLanguage\":\"fr-FR\"},{\"@type\":\"Organization\",\"@id\":\"https:\\\/\\\/www.collegesinstitutes.ca\\\/fr\\\/#organization\",\"name\":\"Colleges and Institutes Canada\",\"url\":\"https:\\\/\\\/www.collegesinstitutes.ca\\\/fr\\\/\",\"logo\":{\"@type\":\"ImageObject\",\"inLanguage\":\"fr-FR\",\"@id\":\"https:\\\/\\\/www.collegesinstitutes.ca\\\/fr\\\/#\\\/schema\\\/logo\\\/image\\\/\",\"url\":\"https:\\\/\\\/www.collegesinstitutes.ca\\\/wp-content\\\/uploads\\\/2025\\\/06\\\/logo-en.png\",\"contentUrl\":\"https:\\\/\\\/www.collegesinstitutes.ca\\\/wp-content\\\/uploads\\\/2025\\\/06\\\/logo-en.png\",\"width\":794,\"height\":280,\"caption\":\"Colleges and Institutes Canada\"},\"image\":{\"@id\":\"https:\\\/\\\/www.collegesinstitutes.ca\\\/fr\\\/#\\\/schema\\\/logo\\\/image\\\/\"}}]}<\/script>\n<!-- \/ Yoast SEO plugin. -->","yoast_head_json":{"title":"Semaine 4 : Nous confirmons votre participation! - Colleges and Institutes Canada","robots":{"index":"index","follow":"follow","max-snippet":"max-snippet:-1","max-image-preview":"max-image-preview:large","max-video-preview":"max-video-preview:-1"},"canonical":"https:\/\/www.collegesinstitutes.ca\/fr\/defi-impact-climat\/semaine-4\/nous-confirmons-votre-participation\/","og_locale":"fr_FR","og_type":"article","og_title":"Semaine 4 : Nous confirmons votre participation! - Colleges and Institutes Canada","og_description":"Merci de votre engagement \u00e0 relever le D\u00e9fi de l\u2019apprentissage et de la reconnaissance du territoire. Nous confirmons votre participation au tirage hebdomadaire de 350 $. Le d\u00e9fi ImpAct-Climat de...","og_url":"https:\/\/www.collegesinstitutes.ca\/fr\/defi-impact-climat\/semaine-4\/nous-confirmons-votre-participation\/","og_site_name":"Colleges and Institutes Canada","article_modified_time":"2024-03-05T17:48:04+00:00","og_image":[{"width":1200,"height":627,"url":"https:\/\/www.collegesinstitutes.ca\/wp-content\/uploads\/2024\/03\/impact-challenge-winter-24-rec_week4_FR.jpg","type":"image\/jpeg"}],"twitter_card":"summary_large_image","twitter_misc":{"Est. reading time":"1 minute"},"schema":{"@context":"https:\/\/schema.org","@graph":[{"@type":"WebPage","@id":"https:\/\/www.collegesinstitutes.ca\/fr\/defi-impact-climat\/semaine-4\/nous-confirmons-votre-participation\/","url":"https:\/\/www.collegesinstitutes.ca\/fr\/defi-impact-climat\/semaine-4\/nous-confirmons-votre-participation\/","name":"Semaine 4 : Nous confirmons votre participation! - Colleges and Institutes Canada","isPartOf":{"@id":"https:\/\/www.collegesinstitutes.ca\/fr\/#website"},"primaryImageOfPage":{"@id":"https:\/\/www.collegesinstitutes.ca\/fr\/defi-impact-climat\/semaine-4\/nous-confirmons-votre-participation\/#primaryimage"},"image":{"@id":"https:\/\/www.collegesinstitutes.ca\/fr\/defi-impact-climat\/semaine-4\/nous-confirmons-votre-participation\/#primaryimage"},"thumbnailUrl":"https:\/\/www.collegesinstitutes.ca\/wp-content\/uploads\/2024\/03\/impact-challenge-winter-24-rec_week4_FR.jpg","datePublished":"2024-03-05T16:41:45+00:00","dateModified":"2024-03-05T17:48:04+00:00","breadcrumb":{"@id":"https:\/\/www.collegesinstitutes.ca\/fr\/defi-impact-climat\/semaine-4\/nous-confirmons-votre-participation\/#breadcrumb"},"inLanguage":"fr-FR","potentialAction":[{"@type":"ReadAction","target":["https:\/\/www.collegesinstitutes.ca\/fr\/defi-impact-climat\/semaine-4\/nous-confirmons-votre-participation\/"]}]},{"@type":"ImageObject","inLanguage":"fr-FR","@id":"https:\/\/www.collegesinstitutes.ca\/fr\/defi-impact-climat\/semaine-4\/nous-confirmons-votre-participation\/#primaryimage","url":"https:\/\/www.collegesinstitutes.ca\/wp-content\/uploads\/2024\/03\/impact-challenge-winter-24-rec_week4_FR.jpg","contentUrl":"https:\/\/www.collegesinstitutes.ca\/wp-content\/uploads\/2024\/03\/impact-challenge-winter-24-rec_week4_FR.jpg","width":1200,"height":627},{"@type":"BreadcrumbList","@id":"https:\/\/www.collegesinstitutes.ca\/fr\/defi-impact-climat\/semaine-4\/nous-confirmons-votre-participation\/#breadcrumb","itemListElement":[{"@type":"ListItem","position":1,"name":"Home","item":"https:\/\/www.collegesinstitutes.ca\/fr\/"},{"@type":"ListItem","position":2,"name":"Votre campus, votre plan\u00e8te, votre chance de gagner!","item":"https:\/\/www.collegesinstitutes.ca\/fr\/defi-impact-climat\/"},{"@type":"ListItem","position":3,"name":"Sagesse autochtone\u202f: pierre angulaire de la conservation","item":"https:\/\/www.collegesinstitutes.ca\/fr\/defi-impact-climat\/semaine-4\/"},{"@type":"ListItem","position":4,"name":"Semaine 4 : Nous confirmons votre participation!"}]},{"@type":"WebSite","@id":"https:\/\/www.collegesinstitutes.ca\/fr\/#website","url":"https:\/\/www.collegesinstitutes.ca\/fr\/","name":"Colleges and Institutes Canada","description":"The Voice of Canada&#039;s Colleges &amp; Institutes","publisher":{"@id":"https:\/\/www.collegesinstitutes.ca\/fr\/#organization"},"potentialAction":[{"@type":"SearchAction","target":{"@type":"EntryPoint","urlTemplate":"https:\/\/www.collegesinstitutes.ca\/fr\/?s={search_term_string}"},"query-input":{"@type":"PropertyValueSpecification","valueRequired":true,"valueName":"search_term_string"}}],"inLanguage":"fr-FR"},{"@type":"Organization","@id":"https:\/\/www.collegesinstitutes.ca\/fr\/#organization","name":"Colleges and Institutes Canada","url":"https:\/\/www.collegesinstitutes.ca\/fr\/","logo":{"@type":"ImageObject","inLanguage":"fr-FR","@id":"https:\/\/www.collegesinstitutes.ca\/fr\/#\/schema\/logo\/image\/","url":"https:\/\/www.collegesinstitutes.ca\/wp-content\/uploads\/2025\/06\/logo-en.png","contentUrl":"https:\/\/www.collegesinstitutes.ca\/wp-content\/uploads\/2025\/06\/logo-en.png","width":794,"height":280,"caption":"Colleges and Institutes Canada"},"image":{"@id":"https:\/\/www.collegesinstitutes.ca\/fr\/#\/schema\/logo\/image\/"}}]}},"_links":{"self":[{"href":"https:\/\/www.collegesinstitutes.ca\/fr\/wp-json\/wp\/v2\/pages\/33391","targetHints":{"allow":["GET"]}}],"collection":[{"href":"https:\/\/www.collegesinstitutes.ca\/fr\/wp-json\/wp\/v2\/pages"}],"about":[{"href":"https:\/\/www.collegesinstitutes.ca\/fr\/wp-json\/wp\/v2\/types\/page"}],"author":[{"embeddable":true,"href":"https:\/\/www.collegesinstitutes.ca\/fr\/wp-json\/wp\/v2\/users\/2"}],"replies":[{"embeddable":true,"href":"https:\/\/www.collegesinstitutes.ca\/fr\/wp-json\/wp\/v2\/comments?post=33391"}],"version-history":[{"count":0,"href":"https:\/\/www.collegesinstitutes.ca\/fr\/wp-json\/wp\/v2\/pages\/33391\/revisions"}],"up":[{"embeddable":true,"href":"https:\/\/www.collegesinstitutes.ca\/fr\/wp-json\/wp\/v2\/pages\/33395"}],"wp:featuredmedia":[{"embeddable":true,"href":"https:\/\/www.collegesinstitutes.ca\/fr\/wp-json\/wp\/v2\/media\/33393"}],"wp:attachment":[{"href":"https:\/\/www.collegesinstitutes.ca\/fr\/wp-json\/wp\/v2\/media?parent=33391"}],"wp:term":[{"taxonomy":"category","embeddable":true,"href":"https:\/\/www.collegesinstitutes.ca\/fr\/wp-json\/wp\/v2\/categories?post=33391"},{"taxonomy":"post_tag","embeddable":true,"href":"https:\/\/www.collegesinstitutes.ca\/fr\/wp-json\/wp\/v2\/tags?post=33391"}],"curies":[{"name":"wp","href":"https:\/\/api.w.org\/{rel}","templated":true}]}}