{"id":33341,"date":"2024-02-28T03:02:53","date_gmt":"2024-02-28T03:02:53","guid":{"rendered":"https:\/\/www.collegesinstitutes.ca\/defi-impact-climat\/semaine-3\/your-entry-is-confirmed\/"},"modified":"2024-02-28T03:48:56","modified_gmt":"2024-02-28T03:48:56","slug":"nous-confirmons-votre-participation","status":"publish","type":"page","link":"https:\/\/www.collegesinstitutes.ca\/fr\/defi-impact-climat\/semaine-3\/nous-confirmons-votre-participation\/","title":{"rendered":"Semaine 3 : Nous confirmons votre participation!"},"content":{"rendered":"<p class=\"lead mb-5\">Merci de vous \u00eatre engag\u00e9 \u00e0 relever le D\u00e9fi de l\u2019alimentation v\u00e9g\u00e9tarienne. Nous confirmons votre participation au tirage hebdomadaire de 350 $. Vous trouverez les r\u00e9ponses au jeu-questionnaire ci-dessous. <\/p>\n<div class=\"boxit p-5 mb-5\">\n<h2 class=\"mb-3\">Vrai ou faux? Un r\u00e9gime \u00e0 base de plantes peut consid\u00e9rablement r\u00e9duire les \u00e9missions si on le compare \u00e0 la consommation conventionnelle de produits d\u2019origine animale.<\/h2>\n<p><strong>R\u00e9ponse\u202f:<\/strong> Vrai <\/p>\n<p>Un r\u00e9gime v\u00e9g\u00e9tarien exige g\u00e9n\u00e9ralement moins d\u2019espace, moins d\u2019eau et moins d\u2019\u00e9nergie et produit donc moins d\u2019\u00e9missions qu\u2019un r\u00e9gime riche en produits d\u2019origine animale.\n<\/p><\/div>\n<div class=\"boxit p-5 mb-5\">\n<h2 class=\"mb-3\">Vrai ou faux? Les aliments qui se retrouvent au d\u00e9potoir lib\u00e8rent du m\u00e9thane, un gaz puissant qui contribue aux changements climatiques.  <\/h2>\n<p><strong>R\u00e9ponse\u202f:<\/strong> Vrai <\/p>\n<p>La d\u00e9composition ana\u00e9robique (sans oxyg\u00e8ne) des aliments dans les d\u00e9potoirs lib\u00e8re du m\u00e9thane dont le potentiel de r\u00e9chauffement climatique est de beaucoup sup\u00e9rieur au CO2.\n<\/p><\/div>\n<div class=\"boxit p-5 mb-5\">\n<h2 class=\"mb-3\">Laquelle des pratiques alimentaires suivantes peut aider \u00e0 r\u00e9duire les \u00e9missions?<\/h2>\n<p><strong>R\u00e9ponse\u202f:<\/strong> C. Choisir des aliments locaux, \u00e0 base de plantes et de saison <\/p>\n<p>Consommer des aliments saisonniers produits localement r\u00e9duit les \u00e9missions caus\u00e9es par le transport et le stockage; un r\u00e9gime d\u2019aliments \u00e0 base de plantes implique donc g\u00e9n\u00e9ralement une empreinte \u00e9cologique moindre que celle de la viande et des produits laitiers.\n<\/p><\/div>\n<p>Le d\u00e9fi ImpAct-Climat de Coll\u00e8ges et instituts Canada s\u2019adresse au personnel, au corps enseignant et \u00e0 la population \u00e9tudiante. Il vise \u00e0 sensibiliser aux GES et \u00e0 encourager les choix qui r\u00e9duisent les \u00e9missions. Invitez vos camarades et vos coll\u00e8gues! Notre prochain th\u00e8me\u202f: l\u2019intendance autochtone.  <\/p>\n<p>N\u2019oubliez pas\u202f: chaque participation \u00e0 un d\u00e9fi vous donne une chance de remporter le grand prix de 1000\u202f$.  <\/p>\n","protected":false},"excerpt":{"rendered":"<p>Merci de vous \u00eatre engag\u00e9 \u00e0 relever le D\u00e9fi de l\u2019alimentation v\u00e9g\u00e9tarienne. Nous confirmons votre participation au tirage hebdomadaire de 350 $. Vous trouverez les r\u00e9ponses au jeu-questionnaire ci-dessous. Vrai&#8230;<\/p>\n","protected":false},"author":2,"featured_media":33339,"parent":33338,"menu_order":0,"comment_status":"closed","ping_status":"closed","template":"page-nosubmenu.php","meta":{"_acf_changed":false,"footnotes":""},"categories":[],"tags":[],"class_list":["post-33341","page","type-page","status-publish","has-post-thumbnail","hentry"],"acf":[],"yoast_head":"<!-- This site is optimized with the Yoast SEO plugin v27.4 - https:\/\/yoast.com\/product\/yoast-seo-wordpress\/ -->\n<title>Semaine 3 : Nous confirmons votre participation! - Colleges and Institutes Canada<\/title>\n<meta name=\"robots\" content=\"index, follow, max-snippet:-1, max-image-preview:large, max-video-preview:-1\" \/>\n<link rel=\"canonical\" href=\"https:\/\/www.collegesinstitutes.ca\/fr\/defi-impact-climat\/semaine-3\/nous-confirmons-votre-participation\/\" \/>\n<meta property=\"og:locale\" content=\"fr_FR\" \/>\n<meta property=\"og:type\" content=\"article\" \/>\n<meta property=\"og:title\" content=\"Semaine 3 : Nous confirmons votre participation! - Colleges and Institutes Canada\" \/>\n<meta property=\"og:description\" content=\"Merci de vous \u00eatre engag\u00e9 \u00e0 relever le D\u00e9fi de l\u2019alimentation v\u00e9g\u00e9tarienne. Nous confirmons votre participation au tirage hebdomadaire de 350 $. Vous trouverez les r\u00e9ponses au jeu-questionnaire ci-dessous. Vrai...\" \/>\n<meta property=\"og:url\" content=\"https:\/\/www.collegesinstitutes.ca\/fr\/defi-impact-climat\/semaine-3\/nous-confirmons-votre-participation\/\" \/>\n<meta property=\"og:site_name\" content=\"Colleges and Institutes Canada\" \/>\n<meta property=\"article:modified_time\" content=\"2024-02-28T03:48:56+00:00\" \/>\n<meta property=\"og:image\" content=\"https:\/\/www.collegesinstitutes.ca\/wp-content\/uploads\/2024\/02\/impact-challenge-winter-24-rec_week3_FR.jpg\" \/>\n\t<meta property=\"og:image:width\" content=\"1200\" \/>\n\t<meta property=\"og:image:height\" content=\"627\" \/>\n\t<meta property=\"og:image:type\" content=\"image\/jpeg\" \/>\n<meta name=\"twitter:card\" content=\"summary_large_image\" \/>\n<meta name=\"twitter:label1\" content=\"Est. reading time\" \/>\n\t<meta name=\"twitter:data1\" content=\"1 minute\" \/>\n<script type=\"application\/ld+json\" class=\"yoast-schema-graph\">{\"@context\":\"https:\\\/\\\/schema.org\",\"@graph\":[{\"@type\":\"WebPage\",\"@id\":\"https:\\\/\\\/www.collegesinstitutes.ca\\\/fr\\\/defi-impact-climat\\\/semaine-3\\\/nous-confirmons-votre-participation\\\/\",\"url\":\"https:\\\/\\\/www.collegesinstitutes.ca\\\/fr\\\/defi-impact-climat\\\/semaine-3\\\/nous-confirmons-votre-participation\\\/\",\"name\":\"Semaine 3 : Nous confirmons votre participation! - Colleges and Institutes Canada\",\"isPartOf\":{\"@id\":\"https:\\\/\\\/www.collegesinstitutes.ca\\\/fr\\\/#website\"},\"primaryImageOfPage\":{\"@id\":\"https:\\\/\\\/www.collegesinstitutes.ca\\\/fr\\\/defi-impact-climat\\\/semaine-3\\\/nous-confirmons-votre-participation\\\/#primaryimage\"},\"image\":{\"@id\":\"https:\\\/\\\/www.collegesinstitutes.ca\\\/fr\\\/defi-impact-climat\\\/semaine-3\\\/nous-confirmons-votre-participation\\\/#primaryimage\"},\"thumbnailUrl\":\"https:\\\/\\\/www.collegesinstitutes.ca\\\/wp-content\\\/uploads\\\/2024\\\/02\\\/impact-challenge-winter-24-rec_week3_FR.jpg\",\"datePublished\":\"2024-02-28T03:02:53+00:00\",\"dateModified\":\"2024-02-28T03:48:56+00:00\",\"breadcrumb\":{\"@id\":\"https:\\\/\\\/www.collegesinstitutes.ca\\\/fr\\\/defi-impact-climat\\\/semaine-3\\\/nous-confirmons-votre-participation\\\/#breadcrumb\"},\"inLanguage\":\"fr-FR\",\"potentialAction\":[{\"@type\":\"ReadAction\",\"target\":[\"https:\\\/\\\/www.collegesinstitutes.ca\\\/fr\\\/defi-impact-climat\\\/semaine-3\\\/nous-confirmons-votre-participation\\\/\"]}]},{\"@type\":\"ImageObject\",\"inLanguage\":\"fr-FR\",\"@id\":\"https:\\\/\\\/www.collegesinstitutes.ca\\\/fr\\\/defi-impact-climat\\\/semaine-3\\\/nous-confirmons-votre-participation\\\/#primaryimage\",\"url\":\"https:\\\/\\\/www.collegesinstitutes.ca\\\/wp-content\\\/uploads\\\/2024\\\/02\\\/impact-challenge-winter-24-rec_week3_FR.jpg\",\"contentUrl\":\"https:\\\/\\\/www.collegesinstitutes.ca\\\/wp-content\\\/uploads\\\/2024\\\/02\\\/impact-challenge-winter-24-rec_week3_FR.jpg\",\"width\":1200,\"height\":627},{\"@type\":\"BreadcrumbList\",\"@id\":\"https:\\\/\\\/www.collegesinstitutes.ca\\\/fr\\\/defi-impact-climat\\\/semaine-3\\\/nous-confirmons-votre-participation\\\/#breadcrumb\",\"itemListElement\":[{\"@type\":\"ListItem\",\"position\":1,\"name\":\"Home\",\"item\":\"https:\\\/\\\/www.collegesinstitutes.ca\\\/fr\\\/\"},{\"@type\":\"ListItem\",\"position\":2,\"name\":\"Votre campus, votre plan\u00e8te, votre chance de gagner!\",\"item\":\"https:\\\/\\\/www.collegesinstitutes.ca\\\/fr\\\/defi-impact-climat\\\/\"},{\"@type\":\"ListItem\",\"position\":3,\"name\":\"De la ferme \u00e0 l\u2019assiette\u202f: l\u2019impact de votre r\u00e9gime alimentaire sur la crise climatique\",\"item\":\"https:\\\/\\\/www.collegesinstitutes.ca\\\/fr\\\/defi-impact-climat\\\/semaine-3\\\/\"},{\"@type\":\"ListItem\",\"position\":4,\"name\":\"Semaine 3 : Nous confirmons votre participation!\"}]},{\"@type\":\"WebSite\",\"@id\":\"https:\\\/\\\/www.collegesinstitutes.ca\\\/fr\\\/#website\",\"url\":\"https:\\\/\\\/www.collegesinstitutes.ca\\\/fr\\\/\",\"name\":\"Colleges and Institutes Canada\",\"description\":\"The Voice of Canada&#039;s Colleges &amp; Institutes\",\"publisher\":{\"@id\":\"https:\\\/\\\/www.collegesinstitutes.ca\\\/fr\\\/#organization\"},\"potentialAction\":[{\"@type\":\"SearchAction\",\"target\":{\"@type\":\"EntryPoint\",\"urlTemplate\":\"https:\\\/\\\/www.collegesinstitutes.ca\\\/fr\\\/?s={search_term_string}\"},\"query-input\":{\"@type\":\"PropertyValueSpecification\",\"valueRequired\":true,\"valueName\":\"search_term_string\"}}],\"inLanguage\":\"fr-FR\"},{\"@type\":\"Organization\",\"@id\":\"https:\\\/\\\/www.collegesinstitutes.ca\\\/fr\\\/#organization\",\"name\":\"Colleges and Institutes Canada\",\"url\":\"https:\\\/\\\/www.collegesinstitutes.ca\\\/fr\\\/\",\"logo\":{\"@type\":\"ImageObject\",\"inLanguage\":\"fr-FR\",\"@id\":\"https:\\\/\\\/www.collegesinstitutes.ca\\\/fr\\\/#\\\/schema\\\/logo\\\/image\\\/\",\"url\":\"https:\\\/\\\/www.collegesinstitutes.ca\\\/wp-content\\\/uploads\\\/2025\\\/06\\\/logo-en.png\",\"contentUrl\":\"https:\\\/\\\/www.collegesinstitutes.ca\\\/wp-content\\\/uploads\\\/2025\\\/06\\\/logo-en.png\",\"width\":794,\"height\":280,\"caption\":\"Colleges and Institutes Canada\"},\"image\":{\"@id\":\"https:\\\/\\\/www.collegesinstitutes.ca\\\/fr\\\/#\\\/schema\\\/logo\\\/image\\\/\"}}]}<\/script>\n<!-- \/ Yoast SEO plugin. -->","yoast_head_json":{"title":"Semaine 3 : Nous confirmons votre participation! - Colleges and Institutes Canada","robots":{"index":"index","follow":"follow","max-snippet":"max-snippet:-1","max-image-preview":"max-image-preview:large","max-video-preview":"max-video-preview:-1"},"canonical":"https:\/\/www.collegesinstitutes.ca\/fr\/defi-impact-climat\/semaine-3\/nous-confirmons-votre-participation\/","og_locale":"fr_FR","og_type":"article","og_title":"Semaine 3 : Nous confirmons votre participation! - Colleges and Institutes Canada","og_description":"Merci de vous \u00eatre engag\u00e9 \u00e0 relever le D\u00e9fi de l\u2019alimentation v\u00e9g\u00e9tarienne. Nous confirmons votre participation au tirage hebdomadaire de 350 $. Vous trouverez les r\u00e9ponses au jeu-questionnaire ci-dessous. Vrai...","og_url":"https:\/\/www.collegesinstitutes.ca\/fr\/defi-impact-climat\/semaine-3\/nous-confirmons-votre-participation\/","og_site_name":"Colleges and Institutes Canada","article_modified_time":"2024-02-28T03:48:56+00:00","og_image":[{"width":1200,"height":627,"url":"https:\/\/www.collegesinstitutes.ca\/wp-content\/uploads\/2024\/02\/impact-challenge-winter-24-rec_week3_FR.jpg","type":"image\/jpeg"}],"twitter_card":"summary_large_image","twitter_misc":{"Est. reading time":"1 minute"},"schema":{"@context":"https:\/\/schema.org","@graph":[{"@type":"WebPage","@id":"https:\/\/www.collegesinstitutes.ca\/fr\/defi-impact-climat\/semaine-3\/nous-confirmons-votre-participation\/","url":"https:\/\/www.collegesinstitutes.ca\/fr\/defi-impact-climat\/semaine-3\/nous-confirmons-votre-participation\/","name":"Semaine 3 : Nous confirmons votre participation! - Colleges and Institutes Canada","isPartOf":{"@id":"https:\/\/www.collegesinstitutes.ca\/fr\/#website"},"primaryImageOfPage":{"@id":"https:\/\/www.collegesinstitutes.ca\/fr\/defi-impact-climat\/semaine-3\/nous-confirmons-votre-participation\/#primaryimage"},"image":{"@id":"https:\/\/www.collegesinstitutes.ca\/fr\/defi-impact-climat\/semaine-3\/nous-confirmons-votre-participation\/#primaryimage"},"thumbnailUrl":"https:\/\/www.collegesinstitutes.ca\/wp-content\/uploads\/2024\/02\/impact-challenge-winter-24-rec_week3_FR.jpg","datePublished":"2024-02-28T03:02:53+00:00","dateModified":"2024-02-28T03:48:56+00:00","breadcrumb":{"@id":"https:\/\/www.collegesinstitutes.ca\/fr\/defi-impact-climat\/semaine-3\/nous-confirmons-votre-participation\/#breadcrumb"},"inLanguage":"fr-FR","potentialAction":[{"@type":"ReadAction","target":["https:\/\/www.collegesinstitutes.ca\/fr\/defi-impact-climat\/semaine-3\/nous-confirmons-votre-participation\/"]}]},{"@type":"ImageObject","inLanguage":"fr-FR","@id":"https:\/\/www.collegesinstitutes.ca\/fr\/defi-impact-climat\/semaine-3\/nous-confirmons-votre-participation\/#primaryimage","url":"https:\/\/www.collegesinstitutes.ca\/wp-content\/uploads\/2024\/02\/impact-challenge-winter-24-rec_week3_FR.jpg","contentUrl":"https:\/\/www.collegesinstitutes.ca\/wp-content\/uploads\/2024\/02\/impact-challenge-winter-24-rec_week3_FR.jpg","width":1200,"height":627},{"@type":"BreadcrumbList","@id":"https:\/\/www.collegesinstitutes.ca\/fr\/defi-impact-climat\/semaine-3\/nous-confirmons-votre-participation\/#breadcrumb","itemListElement":[{"@type":"ListItem","position":1,"name":"Home","item":"https:\/\/www.collegesinstitutes.ca\/fr\/"},{"@type":"ListItem","position":2,"name":"Votre campus, votre plan\u00e8te, votre chance de gagner!","item":"https:\/\/www.collegesinstitutes.ca\/fr\/defi-impact-climat\/"},{"@type":"ListItem","position":3,"name":"De la ferme \u00e0 l\u2019assiette\u202f: l\u2019impact de votre r\u00e9gime alimentaire sur la crise climatique","item":"https:\/\/www.collegesinstitutes.ca\/fr\/defi-impact-climat\/semaine-3\/"},{"@type":"ListItem","position":4,"name":"Semaine 3 : Nous confirmons votre participation!"}]},{"@type":"WebSite","@id":"https:\/\/www.collegesinstitutes.ca\/fr\/#website","url":"https:\/\/www.collegesinstitutes.ca\/fr\/","name":"Colleges and Institutes Canada","description":"The Voice of Canada&#039;s Colleges &amp; Institutes","publisher":{"@id":"https:\/\/www.collegesinstitutes.ca\/fr\/#organization"},"potentialAction":[{"@type":"SearchAction","target":{"@type":"EntryPoint","urlTemplate":"https:\/\/www.collegesinstitutes.ca\/fr\/?s={search_term_string}"},"query-input":{"@type":"PropertyValueSpecification","valueRequired":true,"valueName":"search_term_string"}}],"inLanguage":"fr-FR"},{"@type":"Organization","@id":"https:\/\/www.collegesinstitutes.ca\/fr\/#organization","name":"Colleges and Institutes Canada","url":"https:\/\/www.collegesinstitutes.ca\/fr\/","logo":{"@type":"ImageObject","inLanguage":"fr-FR","@id":"https:\/\/www.collegesinstitutes.ca\/fr\/#\/schema\/logo\/image\/","url":"https:\/\/www.collegesinstitutes.ca\/wp-content\/uploads\/2025\/06\/logo-en.png","contentUrl":"https:\/\/www.collegesinstitutes.ca\/wp-content\/uploads\/2025\/06\/logo-en.png","width":794,"height":280,"caption":"Colleges and Institutes Canada"},"image":{"@id":"https:\/\/www.collegesinstitutes.ca\/fr\/#\/schema\/logo\/image\/"}}]}},"_links":{"self":[{"href":"https:\/\/www.collegesinstitutes.ca\/fr\/wp-json\/wp\/v2\/pages\/33341","targetHints":{"allow":["GET"]}}],"collection":[{"href":"https:\/\/www.collegesinstitutes.ca\/fr\/wp-json\/wp\/v2\/pages"}],"about":[{"href":"https:\/\/www.collegesinstitutes.ca\/fr\/wp-json\/wp\/v2\/types\/page"}],"author":[{"embeddable":true,"href":"https:\/\/www.collegesinstitutes.ca\/fr\/wp-json\/wp\/v2\/users\/2"}],"replies":[{"embeddable":true,"href":"https:\/\/www.collegesinstitutes.ca\/fr\/wp-json\/wp\/v2\/comments?post=33341"}],"version-history":[{"count":0,"href":"https:\/\/www.collegesinstitutes.ca\/fr\/wp-json\/wp\/v2\/pages\/33341\/revisions"}],"up":[{"embeddable":true,"href":"https:\/\/www.collegesinstitutes.ca\/fr\/wp-json\/wp\/v2\/pages\/33338"}],"wp:featuredmedia":[{"embeddable":true,"href":"https:\/\/www.collegesinstitutes.ca\/fr\/wp-json\/wp\/v2\/media\/33339"}],"wp:attachment":[{"href":"https:\/\/www.collegesinstitutes.ca\/fr\/wp-json\/wp\/v2\/media?parent=33341"}],"wp:term":[{"taxonomy":"category","embeddable":true,"href":"https:\/\/www.collegesinstitutes.ca\/fr\/wp-json\/wp\/v2\/categories?post=33341"},{"taxonomy":"post_tag","embeddable":true,"href":"https:\/\/www.collegesinstitutes.ca\/fr\/wp-json\/wp\/v2\/tags?post=33341"}],"curies":[{"name":"wp","href":"https:\/\/api.w.org\/{rel}","templated":true}]}}