{"id":33313,"date":"2024-02-21T02:31:52","date_gmt":"2024-02-21T02:31:52","guid":{"rendered":"https:\/\/www.collegesinstitutes.ca\/defi-impact-climat\/week-2\/"},"modified":"2024-02-21T14:22:37","modified_gmt":"2024-02-21T14:22:37","slug":"semaine-2","status":"publish","type":"page","link":"https:\/\/www.collegesinstitutes.ca\/fr\/defi-impact-climat\/semaine-2\/","title":{"rendered":"Choix \u00e9nerg\u00e9tiques\u202f: l\u2019\u00e9tincelle du changement. Agissez d\u00e8s maintenant pour r\u00e9duire les \u00e9missions de GES"},"content":{"rendered":"<p class=\"lead\">Cette semaine, nous examinerons le lien \u00e9troit entre consommation d\u2019\u00e9nergie et \u00e9missions de gaz \u00e0 effet de serre (GES). D\u00e9couvrez l\u2019impact de nos choix \u00e9nerg\u00e9tiques quotidiens sur l\u2019environnement ainsi que des strat\u00e9gies efficaces pour \u00e9conomiser l\u2019\u00e9nergie et limiter les \u00e9missions de GES.<\/p>\n<h2 class=\"border-0\">Le r\u00f4le de l\u2019\u00e9nergie dans les \u00e9missions de GES <\/h2>\n<p>L\u2019\u00e9nergie constitue le moteur de la vie moderne, mais son cycle de vie, de l\u2019extraction \u00e0 la combustion, joue un grand r\u00f4le dans les \u00e9missions de GES.  <\/p>\n<p>Extraites de la terre, des ressources comme le charbon, le p\u00e9trole et le gaz naturel lib\u00e8rent des GES, entre autres du m\u00e9thane. La phase de traitement qui suit transforme ces mati\u00e8res premi\u00e8res en produits utilisables, notamment le raffinage du p\u00e9trole en essence, qui \u00e9met aussi des GES. De plus, les fuites de p\u00e9trole et de gaz tout au long de ces \u00e9tapes non seulement amplifient les \u00e9missions de GES, mais posent d\u2019autres probl\u00e8mes\u202f: elles contaminent l\u2019eau, le sol et l\u2019air. Ces premi\u00e8res \u00e9tapes de la production d\u2019\u00e9nergie\u202f\u2013 citons le transport des combustibles fossiles\u202f\u2013 repr\u00e9sentent 15\u202f% des \u00e9missions de GES. <\/p>\n<p>La combustion, phase distincte des premi\u00e8res \u00e9tapes de production, c&rsquo;est le processus qui consiste \u00e0 br\u00fbler ces combustibles pour produire de l\u2019\u00e9lectricit\u00e9 ou de la chaleur. Cette action lib\u00e8re du dioxyde de carbone (CO2), du m\u00e9thane et de l\u2019oxyde nitreux dans l\u2019atmosph\u00e8re, ce qui contribue \u00e0 l\u2019effet de serre, ce processus qui retient la chaleur solaire dans notre atmosph\u00e8re. R\u00e9sultat\u202f: la plan\u00e8te se r\u00e9chauffe, des changements climatiques surviennent. <\/p>\n<p><strong>Le saviez-vous?<\/strong> Les b\u00e2timents repr\u00e9sentent 40\u202f% des \u00e9missions totales de dioxyde de carbone li\u00e9es \u00e0 l\u2019\u00e9nergie dans le monde. <\/p>\n<h2 class=\"border-0\">Comprendre votre impact<\/h2>\n<p>Les \u00e9difices, le chauffage, la climatisation et l\u2019\u00e9clairage constituent une part importante des \u00e9missions globales de GES. Vous d\u00e9tenez le pouvoir de r\u00e9duire nettement ces \u00e9missions et d\u2019exercer un impact tangible gr\u00e2ce \u00e0 des choix conscients en mati\u00e8re de consommation d\u2019\u00e9nergie. <\/p>\n<p>Installer un thermostat intelligent, par exemple, vous permettra d\u2019optimiser le confort de votre maison et de r\u00e9duire consid\u00e9rablement votre consommation d\u2019\u00e9nergie. Un thermostat intelligent pourra r\u00e9duire d\u2019environ 15\u202f% votre consommation d\u2019\u00e9nergie pour le chauffage et la climatisation. Cela se traduit non seulement par une r\u00e9duction de vos factures d\u2019\u00e9lectricit\u00e9, mais aussi par une baisse notable des \u00e9missions de dioxyde de carbone, jusqu\u2019\u00e0 environ 600\u202fkilogrammes de moins par an (soit l\u2019\u00e9quivalent de ne pas manger 150 cheeseburgers par ann\u00e9e). Imaginez l\u2019impact collectif si tous les m\u00e9nages adoptaient cette approche d\u2019\u00e9conomie d\u2019\u00e9nergie.   <\/p>\n<h2 class=\"border-0\">Passer \u00e0 l\u2019action\u202f: strat\u00e9gies pour conserver l\u2019\u00e9nergie <\/h2>\n<p>Nous sommes \u00e9tudiantes, \u00e9tudiants, membres du personnel et du corps enseignant. Notre capacit\u00e9 d\u2019exercer un impact sur le campus et dans notre vie personnelle se r\u00e9v\u00e8le grande si nous adoptons des pratiques durables. Prenez un moment pour r\u00e9fl\u00e9chir \u00e0 la mani\u00e8re dont ces strat\u00e9gies pourraient nous aider \u00e0 atteindre nos objectifs de d\u00e9veloppement durable (ODD), en plus de l\u2019ODD\u202f13 sur l\u2019action climatique. <\/p>\n<ol>\n<li><strong>\u00c9clairage efficace\u202f:<\/strong> Passez aux ampoules DEL et \u00e9teignez les lumi\u00e8res lorsque vous n\u2019en avez pas besoin. L\u2019\u00e9clairage consomme une quantit\u00e9 importante d\u2019\u00e9nergie. Les DEL, \u00e0 la dur\u00e9e de vie plus longue, consomment beaucoup moins d\u2019\u00e9lectricit\u00e9. (Objectifs : 12) <\/li>\n<li><strong>Thermostats intelligents\u202f:<\/strong> R\u00e9glez votre thermostat \u00e0 des niveaux qui correspondent au seuil d\u2019efficacit\u00e9 \u00e9nerg\u00e9tique. Le chauffage et la climatisation repr\u00e9sentent une part importante de la consommation d\u2019\u00e9nergie; baisser votre thermostat de quelques degr\u00e9s vous permettra de r\u00e9aliser de bonnes \u00e9conomies. (Objectifs :\u202f9 et\u202f12) <\/li>\n<li><strong>Autres syst\u00e8mes de chauffage et de climatisation\u202f:<\/strong> Envisagez des solutions de remplacement aux m\u00e9thodes de chauffage et de climatisation conventionnelles et profitez des nombreuses possibilit\u00e9s de financement qu\u2019offrent les pouvoirs publics. Ainsi, une thermopompe \u00e9limine la n\u00e9cessit\u00e9 du gaz naturel dans de nombreux foyers, car le syst\u00e8me fonctionne sur la base d\u2019un transfert thermique aliment\u00e9 par l\u2019\u00e9lectricit\u00e9. De m\u00eame, l\u2019am\u00e9nagement paysager, les vignes et les arbres r\u00e9duisent les besoins en climatisation et ralentissent les vents d\u2019hiver. (Objectifs :\u202f7 et\u202f14) <\/li>\n<li><strong>D\u00e9branchez les appareils \u00e9lectroniques\u202f:<\/strong> D\u00e9branchez les chargeurs, les appareils m\u00e9nagers et \u00e9lectroniques quand vous ne les utilisez pas. Vous \u00e9viterez ainsi la consommation d\u2019\u00e9nergie en mode veille. Utilisez des multiprises pour d\u00e9connecter facilement les appareils \u00e9lectroniques. Bon nombre d\u2019appareils continuent \u00e0 consommer de l\u2019\u00e9nergie m\u00eame lorsqu\u2019ils sont \u00e9teints. L\u2019\u00e9nergie \u00ab\u202fvampire\u202f\u00bb est responsable de 1 % des \u00e9missions mondiales. (Objectifs :\u202f12). <\/li>\n<li><strong>Am\u00e9liorez l\u2019isolation\u202f:<\/strong> Colmatez les br\u00e8ches et isolez les fen\u00eatres et les portes pour emp\u00eacher les courants d\u2019air et r\u00e9duire les besoins en chauffage et en climatisation. (Objectifs : 9) <\/li>\n<li><strong>\u00c9nergie renouvelable\u202f:<\/strong> Favorisez un campus plus vert. Militez pour la pose de panneaux solaires pour exploiter l\u2019\u00e9nergie propre du soleil. \u00c9tudiez la possibilit\u00e9 d\u2019installer des turbines \u00e9oliennes pour produire de l\u2019\u00e9lectricit\u00e9 renouvelable sur le campus. (Objectifs : 7) <\/li>\n<li><strong>\u00c9difices verts\u202f:<\/strong> Faites la promotion d\u2019infrastructures durables. D\u00e9fendez l\u2019adoption des principes LEED pour am\u00e9liorer l\u2019efficacit\u00e9 \u00e9nerg\u00e9tique des constructions. Encouragez l\u2019int\u00e9gration de technologies de construction intelligentes pour optimiser l\u2019utilisation de l\u2019\u00e9nergie. (Objectifs : 9 et\u202f11)<\/li>\n<\/ol>\n<p>Ne l\u2019oubliez pas! Nos efforts collectifs peuvent conduire \u00e0 des r\u00e9ductions de taille de la consommation d\u2019\u00e9nergie et des \u00e9missions de gaz \u00e0 effet de serre, pour un avenir plus durable. <\/p>\n<h2 class=\"border-0\">Le d\u00e9veloppement durable sur nos campus\u202f: une source d\u2019inspiration <\/h2>\n<p>L\u2019\u00e9nergie solaire repr\u00e9sente une alternative propre aux combustibles fossiles traditionnels. Convertir la lumi\u00e8re du soleil en \u00e9lectricit\u00e9 rime avec r\u00e9duction de l\u2019empreinte carbone et de la d\u00e9pendance \u00e0 l\u2019\u00e9gard des ressources non renouvelables pour les \u00e9tablissements. <\/p>\n<p><a href=\"https:\/\/rdpolytech.ca\/about-us\/sustainability\" rel=\"noopener\" target=\"_blank\">Red Deer Polytechnic<\/a> montre ainsi la voie et installe plus de 4100\u202fpanneaux solaires photovolta\u00efques sur l\u2019ensemble de son campus, y compris dans une nouvelle r\u00e9sidence \u00e9tudiante. Son laboratoire d\u2019\u00e9nergies de remplacement permet \u00e0 la population \u00e9tudiante d\u2019exploiter et d\u2019\u00e9tudier cette source d\u2019\u00e9nergie durable, ce qui t\u00e9moigne de l\u2019engagement de l\u2019\u00e9tablissement en faveur d\u2019un avenir plus vert et de la carboneutralit\u00e9.  <\/p>\n<div class=\"border-top my-5\"><\/div>\n<h2 class=\"border-0\">Participez au d\u00e9fi pour gagner!<\/h2>\n<p class=\"lead\">Engagez-vous \u00e0 relever le d\u00e9fi et r\u00e9pondez au jeu-questionnaire pour avoir une chance de gagner 350\u202f$. Relevez les six d\u00e9fis hebdomadaires pour participer au tirage du grand prix de 1000\u202f$. <\/p>\n<h3>D\u00e9fi de la consommation d\u2019\u00e9nergie <\/h3>\n<p><strong>Votre d\u00e9fi\u202f:<\/strong> R\u00e9fl\u00e9chissez \u00e0 votre consommation d\u2019\u00e9nergie cette semaine et aux moyens d\u2019adopter des pratiques d\u2019\u00e9conomie d\u2019\u00e9nergie \u00e0 la maison et sur le campus. <\/p>\n<p><strong>Engagez-vous \u00e0 adopter au moins une nouvelle strat\u00e9gie\u202f:<\/strong> <\/p>\n<ul>\n<li>\u00c9teindre les lumi\u00e8res lorsque personne n\u2019a besoin d\u2019\u00e9clairage<\/li>\n<li>R\u00e9gler le thermostat \u00e0 des niveaux efficaces<\/li>\n<li>D\u00e9brancher les appareils \u00e9lectroniques qui ne sont pas utilis\u00e9s<\/li>\n<li>Colmater les br\u00e8ches et isoler les portes et fen\u00eatres pour \u00e9viter les infiltrations d\u2019air<\/li>\n<li>R\u00e9duire votre consommation mat\u00e9rielle<\/li>\n<li>R\u00e9clamez l\u2019utilisation d\u2019\u00e9nergies renouvelables et les b\u00e2timents \u00e9cologiques sur les campus<\/li>\n<\/ul>\n<div class=\"boxit p-5 mt-5\">\n\n<\/div>\n<p><script type=\"text\/javascript\" src=\"https:\/\/analytics.clickdimensions.com\/ts.js\" > <\/script><\/p>\n<p><script type=\"text\/javascript\">\n  var cdAnalytics = new clickdimensions.Analytics('analytics.clickdimensions.com');\n  cdAnalytics.setAccountKey('aIZMTwCyxq0wMumx77fg');\n  cdAnalytics.setDomain('collegesinstitutes.ca');\n  cdAnalytics.setScore(typeof(cdScore) == \"undefined\" ? 0 : (cdScore == 0 ? null : cdScore));\n  cdAnalytics.trackPage();\n<\/script><\/p>\n<p><script type=\"text\/javascript\" src=\"https:\/\/analytics.clickdimensions.com\/js\/ClickDGravityFormMapper.min.js\">\n<\/script><\/p>\n<p><script type=\"text\/javascript\">\nvar mapper = ClickDGravityFormsMapper();\nmapper.Init({\nUrl: 'http:\/\/analytics.clickdimensions.com\/forms\/h\/azDBEkKKp06Ds5iFSB6qow',\nUseRecaptchaV3: false,\nFormId: 'gform_141',\nMapping: [\n{ GFId: 'input_141_6', CDId: 'Title'},\n{ GFId: 'input_141_4', CDId: 'EmailAddress'},\n{ GFId: 'input_141_7', CDId: 'Organization'},\n{ GFId: 'input_141_3', CDId: 'LastName'},\n{ GFId: 'input_141_1', CDId: 'FirstName'},\n{ GFId: 'input_141_5', CDId: 'CollegeInstitute'},\n]\n});\n<\/script><\/p>\n","protected":false},"excerpt":{"rendered":"<p>Cette semaine, nous examinerons le lien \u00e9troit entre consommation d\u2019\u00e9nergie et \u00e9missions de gaz \u00e0 effet de serre (GES). D\u00e9couvrez l\u2019impact de nos choix \u00e9nerg\u00e9tiques quotidiens sur l\u2019environnement ainsi que&#8230;<\/p>\n","protected":false},"author":2,"featured_media":33309,"parent":33175,"menu_order":0,"comment_status":"closed","ping_status":"closed","template":"page-nosubmenu.php","meta":{"_acf_changed":false,"footnotes":""},"categories":[],"tags":[],"class_list":["post-33313","page","type-page","status-publish","has-post-thumbnail","hentry"],"acf":[],"yoast_head":"<!-- This site is optimized with the Yoast SEO plugin v27.4 - https:\/\/yoast.com\/product\/yoast-seo-wordpress\/ -->\n<title>Choix \u00e9nerg\u00e9tiques\u202f: l\u2019\u00e9tincelle du changement. Agissez d\u00e8s maintenant pour r\u00e9duire les \u00e9missions de GES - Colleges and Institutes Canada<\/title>\n<meta name=\"robots\" content=\"index, follow, max-snippet:-1, max-image-preview:large, max-video-preview:-1\" \/>\n<link rel=\"canonical\" href=\"https:\/\/www.collegesinstitutes.ca\/fr\/defi-impact-climat\/semaine-2\/\" \/>\n<meta property=\"og:locale\" content=\"fr_FR\" \/>\n<meta property=\"og:type\" content=\"article\" \/>\n<meta property=\"og:title\" content=\"Choix \u00e9nerg\u00e9tiques\u202f: l\u2019\u00e9tincelle du changement. Agissez d\u00e8s maintenant pour r\u00e9duire les \u00e9missions de GES - Colleges and Institutes Canada\" \/>\n<meta property=\"og:description\" content=\"Cette semaine, nous examinerons le lien \u00e9troit entre consommation d\u2019\u00e9nergie et \u00e9missions de gaz \u00e0 effet de serre (GES). D\u00e9couvrez l\u2019impact de nos choix \u00e9nerg\u00e9tiques quotidiens sur l\u2019environnement ainsi que...\" \/>\n<meta property=\"og:url\" content=\"https:\/\/www.collegesinstitutes.ca\/fr\/defi-impact-climat\/semaine-2\/\" \/>\n<meta property=\"og:site_name\" content=\"Colleges and Institutes Canada\" \/>\n<meta property=\"article:modified_time\" content=\"2024-02-21T14:22:37+00:00\" \/>\n<meta property=\"og:image\" content=\"https:\/\/www.collegesinstitutes.ca\/wp-content\/uploads\/2024\/02\/impact-challenge-winter-24-rec_week2_FR.jpg\" \/>\n\t<meta property=\"og:image:width\" content=\"1200\" \/>\n\t<meta property=\"og:image:height\" content=\"627\" \/>\n\t<meta property=\"og:image:type\" content=\"image\/jpeg\" \/>\n<meta name=\"twitter:card\" content=\"summary_large_image\" \/>\n<meta name=\"twitter:label1\" content=\"Est. reading time\" \/>\n\t<meta name=\"twitter:data1\" content=\"6 minutes\" \/>\n<script type=\"application\/ld+json\" class=\"yoast-schema-graph\">{\"@context\":\"https:\\\/\\\/schema.org\",\"@graph\":[{\"@type\":\"WebPage\",\"@id\":\"https:\\\/\\\/www.collegesinstitutes.ca\\\/fr\\\/defi-impact-climat\\\/semaine-2\\\/\",\"url\":\"https:\\\/\\\/www.collegesinstitutes.ca\\\/fr\\\/defi-impact-climat\\\/semaine-2\\\/\",\"name\":\"Choix \u00e9nerg\u00e9tiques\u202f: l\u2019\u00e9tincelle du changement. Agissez d\u00e8s maintenant pour r\u00e9duire les \u00e9missions de GES - Colleges and Institutes Canada\",\"isPartOf\":{\"@id\":\"https:\\\/\\\/www.collegesinstitutes.ca\\\/fr\\\/#website\"},\"primaryImageOfPage\":{\"@id\":\"https:\\\/\\\/www.collegesinstitutes.ca\\\/fr\\\/defi-impact-climat\\\/semaine-2\\\/#primaryimage\"},\"image\":{\"@id\":\"https:\\\/\\\/www.collegesinstitutes.ca\\\/fr\\\/defi-impact-climat\\\/semaine-2\\\/#primaryimage\"},\"thumbnailUrl\":\"https:\\\/\\\/www.collegesinstitutes.ca\\\/wp-content\\\/uploads\\\/2024\\\/02\\\/impact-challenge-winter-24-rec_week2_FR.jpg\",\"datePublished\":\"2024-02-21T02:31:52+00:00\",\"dateModified\":\"2024-02-21T14:22:37+00:00\",\"breadcrumb\":{\"@id\":\"https:\\\/\\\/www.collegesinstitutes.ca\\\/fr\\\/defi-impact-climat\\\/semaine-2\\\/#breadcrumb\"},\"inLanguage\":\"fr-FR\",\"potentialAction\":[{\"@type\":\"ReadAction\",\"target\":[\"https:\\\/\\\/www.collegesinstitutes.ca\\\/fr\\\/defi-impact-climat\\\/semaine-2\\\/\"]}]},{\"@type\":\"ImageObject\",\"inLanguage\":\"fr-FR\",\"@id\":\"https:\\\/\\\/www.collegesinstitutes.ca\\\/fr\\\/defi-impact-climat\\\/semaine-2\\\/#primaryimage\",\"url\":\"https:\\\/\\\/www.collegesinstitutes.ca\\\/wp-content\\\/uploads\\\/2024\\\/02\\\/impact-challenge-winter-24-rec_week2_FR.jpg\",\"contentUrl\":\"https:\\\/\\\/www.collegesinstitutes.ca\\\/wp-content\\\/uploads\\\/2024\\\/02\\\/impact-challenge-winter-24-rec_week2_FR.jpg\",\"width\":1200,\"height\":627},{\"@type\":\"BreadcrumbList\",\"@id\":\"https:\\\/\\\/www.collegesinstitutes.ca\\\/fr\\\/defi-impact-climat\\\/semaine-2\\\/#breadcrumb\",\"itemListElement\":[{\"@type\":\"ListItem\",\"position\":1,\"name\":\"Home\",\"item\":\"https:\\\/\\\/www.collegesinstitutes.ca\\\/fr\\\/\"},{\"@type\":\"ListItem\",\"position\":2,\"name\":\"Votre campus, votre plan\u00e8te, votre chance de gagner!\",\"item\":\"https:\\\/\\\/www.collegesinstitutes.ca\\\/fr\\\/defi-impact-climat\\\/\"},{\"@type\":\"ListItem\",\"position\":3,\"name\":\"Choix \u00e9nerg\u00e9tiques\u202f: l\u2019\u00e9tincelle du changement. Agissez d\u00e8s maintenant pour r\u00e9duire les \u00e9missions de GES\"}]},{\"@type\":\"WebSite\",\"@id\":\"https:\\\/\\\/www.collegesinstitutes.ca\\\/fr\\\/#website\",\"url\":\"https:\\\/\\\/www.collegesinstitutes.ca\\\/fr\\\/\",\"name\":\"Colleges and Institutes Canada\",\"description\":\"The Voice of Canada&#039;s Colleges &amp; Institutes\",\"publisher\":{\"@id\":\"https:\\\/\\\/www.collegesinstitutes.ca\\\/fr\\\/#organization\"},\"potentialAction\":[{\"@type\":\"SearchAction\",\"target\":{\"@type\":\"EntryPoint\",\"urlTemplate\":\"https:\\\/\\\/www.collegesinstitutes.ca\\\/fr\\\/?s={search_term_string}\"},\"query-input\":{\"@type\":\"PropertyValueSpecification\",\"valueRequired\":true,\"valueName\":\"search_term_string\"}}],\"inLanguage\":\"fr-FR\"},{\"@type\":\"Organization\",\"@id\":\"https:\\\/\\\/www.collegesinstitutes.ca\\\/fr\\\/#organization\",\"name\":\"Colleges and Institutes Canada\",\"url\":\"https:\\\/\\\/www.collegesinstitutes.ca\\\/fr\\\/\",\"logo\":{\"@type\":\"ImageObject\",\"inLanguage\":\"fr-FR\",\"@id\":\"https:\\\/\\\/www.collegesinstitutes.ca\\\/fr\\\/#\\\/schema\\\/logo\\\/image\\\/\",\"url\":\"https:\\\/\\\/www.collegesinstitutes.ca\\\/wp-content\\\/uploads\\\/2025\\\/06\\\/logo-en.png\",\"contentUrl\":\"https:\\\/\\\/www.collegesinstitutes.ca\\\/wp-content\\\/uploads\\\/2025\\\/06\\\/logo-en.png\",\"width\":794,\"height\":280,\"caption\":\"Colleges and Institutes Canada\"},\"image\":{\"@id\":\"https:\\\/\\\/www.collegesinstitutes.ca\\\/fr\\\/#\\\/schema\\\/logo\\\/image\\\/\"}}]}<\/script>\n<!-- \/ Yoast SEO plugin. -->","yoast_head_json":{"title":"Choix \u00e9nerg\u00e9tiques\u202f: l\u2019\u00e9tincelle du changement. Agissez d\u00e8s maintenant pour r\u00e9duire les \u00e9missions de GES - Colleges and Institutes Canada","robots":{"index":"index","follow":"follow","max-snippet":"max-snippet:-1","max-image-preview":"max-image-preview:large","max-video-preview":"max-video-preview:-1"},"canonical":"https:\/\/www.collegesinstitutes.ca\/fr\/defi-impact-climat\/semaine-2\/","og_locale":"fr_FR","og_type":"article","og_title":"Choix \u00e9nerg\u00e9tiques\u202f: l\u2019\u00e9tincelle du changement. Agissez d\u00e8s maintenant pour r\u00e9duire les \u00e9missions de GES - Colleges and Institutes Canada","og_description":"Cette semaine, nous examinerons le lien \u00e9troit entre consommation d\u2019\u00e9nergie et \u00e9missions de gaz \u00e0 effet de serre (GES). D\u00e9couvrez l\u2019impact de nos choix \u00e9nerg\u00e9tiques quotidiens sur l\u2019environnement ainsi que...","og_url":"https:\/\/www.collegesinstitutes.ca\/fr\/defi-impact-climat\/semaine-2\/","og_site_name":"Colleges and Institutes Canada","article_modified_time":"2024-02-21T14:22:37+00:00","og_image":[{"width":1200,"height":627,"url":"https:\/\/www.collegesinstitutes.ca\/wp-content\/uploads\/2024\/02\/impact-challenge-winter-24-rec_week2_FR.jpg","type":"image\/jpeg"}],"twitter_card":"summary_large_image","twitter_misc":{"Est. reading time":"6 minutes"},"schema":{"@context":"https:\/\/schema.org","@graph":[{"@type":"WebPage","@id":"https:\/\/www.collegesinstitutes.ca\/fr\/defi-impact-climat\/semaine-2\/","url":"https:\/\/www.collegesinstitutes.ca\/fr\/defi-impact-climat\/semaine-2\/","name":"Choix \u00e9nerg\u00e9tiques\u202f: l\u2019\u00e9tincelle du changement. Agissez d\u00e8s maintenant pour r\u00e9duire les \u00e9missions de GES - Colleges and Institutes Canada","isPartOf":{"@id":"https:\/\/www.collegesinstitutes.ca\/fr\/#website"},"primaryImageOfPage":{"@id":"https:\/\/www.collegesinstitutes.ca\/fr\/defi-impact-climat\/semaine-2\/#primaryimage"},"image":{"@id":"https:\/\/www.collegesinstitutes.ca\/fr\/defi-impact-climat\/semaine-2\/#primaryimage"},"thumbnailUrl":"https:\/\/www.collegesinstitutes.ca\/wp-content\/uploads\/2024\/02\/impact-challenge-winter-24-rec_week2_FR.jpg","datePublished":"2024-02-21T02:31:52+00:00","dateModified":"2024-02-21T14:22:37+00:00","breadcrumb":{"@id":"https:\/\/www.collegesinstitutes.ca\/fr\/defi-impact-climat\/semaine-2\/#breadcrumb"},"inLanguage":"fr-FR","potentialAction":[{"@type":"ReadAction","target":["https:\/\/www.collegesinstitutes.ca\/fr\/defi-impact-climat\/semaine-2\/"]}]},{"@type":"ImageObject","inLanguage":"fr-FR","@id":"https:\/\/www.collegesinstitutes.ca\/fr\/defi-impact-climat\/semaine-2\/#primaryimage","url":"https:\/\/www.collegesinstitutes.ca\/wp-content\/uploads\/2024\/02\/impact-challenge-winter-24-rec_week2_FR.jpg","contentUrl":"https:\/\/www.collegesinstitutes.ca\/wp-content\/uploads\/2024\/02\/impact-challenge-winter-24-rec_week2_FR.jpg","width":1200,"height":627},{"@type":"BreadcrumbList","@id":"https:\/\/www.collegesinstitutes.ca\/fr\/defi-impact-climat\/semaine-2\/#breadcrumb","itemListElement":[{"@type":"ListItem","position":1,"name":"Home","item":"https:\/\/www.collegesinstitutes.ca\/fr\/"},{"@type":"ListItem","position":2,"name":"Votre campus, votre plan\u00e8te, votre chance de gagner!","item":"https:\/\/www.collegesinstitutes.ca\/fr\/defi-impact-climat\/"},{"@type":"ListItem","position":3,"name":"Choix \u00e9nerg\u00e9tiques\u202f: l\u2019\u00e9tincelle du changement. Agissez d\u00e8s maintenant pour r\u00e9duire les \u00e9missions de GES"}]},{"@type":"WebSite","@id":"https:\/\/www.collegesinstitutes.ca\/fr\/#website","url":"https:\/\/www.collegesinstitutes.ca\/fr\/","name":"Colleges and Institutes Canada","description":"The Voice of Canada&#039;s Colleges &amp; Institutes","publisher":{"@id":"https:\/\/www.collegesinstitutes.ca\/fr\/#organization"},"potentialAction":[{"@type":"SearchAction","target":{"@type":"EntryPoint","urlTemplate":"https:\/\/www.collegesinstitutes.ca\/fr\/?s={search_term_string}"},"query-input":{"@type":"PropertyValueSpecification","valueRequired":true,"valueName":"search_term_string"}}],"inLanguage":"fr-FR"},{"@type":"Organization","@id":"https:\/\/www.collegesinstitutes.ca\/fr\/#organization","name":"Colleges and Institutes Canada","url":"https:\/\/www.collegesinstitutes.ca\/fr\/","logo":{"@type":"ImageObject","inLanguage":"fr-FR","@id":"https:\/\/www.collegesinstitutes.ca\/fr\/#\/schema\/logo\/image\/","url":"https:\/\/www.collegesinstitutes.ca\/wp-content\/uploads\/2025\/06\/logo-en.png","contentUrl":"https:\/\/www.collegesinstitutes.ca\/wp-content\/uploads\/2025\/06\/logo-en.png","width":794,"height":280,"caption":"Colleges and Institutes Canada"},"image":{"@id":"https:\/\/www.collegesinstitutes.ca\/fr\/#\/schema\/logo\/image\/"}}]}},"_links":{"self":[{"href":"https:\/\/www.collegesinstitutes.ca\/fr\/wp-json\/wp\/v2\/pages\/33313","targetHints":{"allow":["GET"]}}],"collection":[{"href":"https:\/\/www.collegesinstitutes.ca\/fr\/wp-json\/wp\/v2\/pages"}],"about":[{"href":"https:\/\/www.collegesinstitutes.ca\/fr\/wp-json\/wp\/v2\/types\/page"}],"author":[{"embeddable":true,"href":"https:\/\/www.collegesinstitutes.ca\/fr\/wp-json\/wp\/v2\/users\/2"}],"replies":[{"embeddable":true,"href":"https:\/\/www.collegesinstitutes.ca\/fr\/wp-json\/wp\/v2\/comments?post=33313"}],"version-history":[{"count":0,"href":"https:\/\/www.collegesinstitutes.ca\/fr\/wp-json\/wp\/v2\/pages\/33313\/revisions"}],"up":[{"embeddable":true,"href":"https:\/\/www.collegesinstitutes.ca\/fr\/wp-json\/wp\/v2\/pages\/33175"}],"wp:featuredmedia":[{"embeddable":true,"href":"https:\/\/www.collegesinstitutes.ca\/fr\/wp-json\/wp\/v2\/media\/33309"}],"wp:attachment":[{"href":"https:\/\/www.collegesinstitutes.ca\/fr\/wp-json\/wp\/v2\/media?parent=33313"}],"wp:term":[{"taxonomy":"category","embeddable":true,"href":"https:\/\/www.collegesinstitutes.ca\/fr\/wp-json\/wp\/v2\/categories?post=33313"},{"taxonomy":"post_tag","embeddable":true,"href":"https:\/\/www.collegesinstitutes.ca\/fr\/wp-json\/wp\/v2\/tags?post=33313"}],"curies":[{"name":"wp","href":"https:\/\/api.w.org\/{rel}","templated":true}]}}