{"id":33185,"date":"2024-01-18T03:30:06","date_gmt":"2024-01-18T03:30:06","guid":{"rendered":"https:\/\/www.collegesinstitutes.ca\/rsvp-growing-impact\/"},"modified":"2024-01-18T17:50:37","modified_gmt":"2024-01-18T17:50:37","slug":"rsvp-cultiver-impact","status":"publish","type":"page","link":"https:\/\/www.collegesinstitutes.ca\/fr\/rsvp-cultiver-impact\/","title":{"rendered":"RSVP pour la r\u00e9ception du Colloque sur la recherche appliqu\u00e9e 2024 de CICan"},"content":{"rendered":"<div class=\"lead mb-5\">\n<strong>Lundi 12 f\u00e9vrier 2024 | 17h00 &#8211; 19h00<\/strong><br \/>\nDelta Hotels Ottawa City Centre by Marriott, 101 Rue Lyon Nord, Ottawa, Ontario | Grand Salon\n<\/div>\n<p>Veuillez compl\u00e9ter les informations suivantes pour participer \u00e0 la r\u00e9ception d&rsquo;ouverture du <a href=\"https:\/\/www.collegesinstitutes.ca\/fr\/event\/reservez-la-date-colloque-sur-la-recherche-appliquee-2024-du-cican\/\" rel=\"noopener\" target=\"_blank\">Colloque sur la recherche appliqu\u00e9e 2024 de CICan<\/a> .<\/p>\n<div class=\"border-top mt-5\">\n\n<\/div>\n<p><script type=\"text\/javascript\" src=\"https:\/\/analytics.clickdimensions.com\/ts.js\" > <\/script><\/p>\n<p><script type=\"text\/javascript\">\n  var cdAnalytics = new clickdimensions.Analytics('analytics.clickdimensions.com');\n  cdAnalytics.setAccountKey('aIZMTwCyxq0wMumx77fg');\n  cdAnalytics.setDomain('collegesinstitutes.ca');\n  cdAnalytics.setScore(typeof(cdScore) == \"undefined\" ? 0 : (cdScore == 0 ? null : cdScore));\n  cdAnalytics.trackPage();\n<\/script><\/p>\n<p><script type=\"text\/javascript\" src=\"https:\/\/analytics.clickdimensions.com\/js\/ClickDGravityFormMapper.min.js\">\n<\/script><\/p>\n<p><script type=\"text\/javascript\">\nvar mapper = ClickDGravityFormsMapper();\nmapper.Init({\nUrl: 'http:\/\/analytics.clickdimensions.com\/forms\/h\/aGYw6tV9FEKn5EWPnB25jw',\nUseRecaptchaV3: false,\nFormId: 'gform_137',\nMapping: [\n{ GFId: 'input_137_10', CDId: 'hidden_id'},\n{ GFId: 'input_137_8', CDId: 'Phone'},\n{ GFId: 'input_137_5', CDId: 'Title'},\n{ GFId: 'input_137_4', CDId: 'EmailAddress'},\n{ GFId: 'input_137_7', CDId: 'Organization'},\n{ GFId: 'input_137_3', CDId: 'LastName'},\n{ GFId: 'input_137_1', CDId: 'FirstName'},\n]\n});\n<\/script><\/p>\n","protected":false},"excerpt":{"rendered":"<p>Lundi 12 f\u00e9vrier 2024 | 17h00 &#8211; 19h00 Delta Hotels Ottawa City Centre by Marriott, 101 Rue Lyon Nord, Ottawa, Ontario | Grand Salon Veuillez compl\u00e9ter les informations suivantes pour&#8230;<\/p>\n","protected":false},"author":2,"featured_media":32869,"parent":0,"menu_order":0,"comment_status":"closed","ping_status":"closed","template":"page-nosubmenu.php","meta":{"_acf_changed":false,"footnotes":""},"categories":[],"tags":[],"class_list":["post-33185","page","type-page","status-publish","has-post-thumbnail","hentry"],"acf":[],"yoast_head":"<!-- This site is optimized with the Yoast SEO plugin v27.5 - https:\/\/yoast.com\/product\/yoast-seo-wordpress\/ -->\n<title>RSVP pour la r\u00e9ception du Colloque sur la recherche appliqu\u00e9e 2024 de CICan - Colleges and Institutes Canada<\/title>\n<meta name=\"robots\" content=\"index, follow, max-snippet:-1, max-image-preview:large, max-video-preview:-1\" \/>\n<link rel=\"canonical\" href=\"https:\/\/www.collegesinstitutes.ca\/fr\/rsvp-cultiver-impact\/\" \/>\n<meta property=\"og:locale\" content=\"fr_FR\" \/>\n<meta property=\"og:type\" content=\"article\" \/>\n<meta property=\"og:title\" content=\"RSVP pour la r\u00e9ception du Colloque sur la recherche appliqu\u00e9e 2024 de CICan - Colleges and Institutes Canada\" \/>\n<meta property=\"og:description\" content=\"Lundi 12 f\u00e9vrier 2024 | 17h00 &#8211; 19h00 Delta Hotels Ottawa City Centre by Marriott, 101 Rue Lyon Nord, Ottawa, Ontario | Grand Salon Veuillez compl\u00e9ter les informations suivantes pour...\" \/>\n<meta property=\"og:url\" content=\"https:\/\/www.collegesinstitutes.ca\/fr\/rsvp-cultiver-impact\/\" \/>\n<meta property=\"og:site_name\" content=\"Colleges and Institutes Canada\" \/>\n<meta property=\"article:modified_time\" content=\"2024-01-18T17:50:37+00:00\" \/>\n<meta property=\"og:image\" content=\"https:\/\/www.collegesinstitutes.ca\/wp-content\/uploads\/2023\/11\/header-img-AR_Symposium24_Fr.jpg\" \/>\n\t<meta property=\"og:image:width\" content=\"1201\" \/>\n\t<meta property=\"og:image:height\" content=\"629\" \/>\n\t<meta property=\"og:image:type\" content=\"image\/jpeg\" \/>\n<meta name=\"twitter:card\" content=\"summary_large_image\" \/>\n<script type=\"application\/ld+json\" class=\"yoast-schema-graph\">{\"@context\":\"https:\\\/\\\/schema.org\",\"@graph\":[{\"@type\":\"WebPage\",\"@id\":\"https:\\\/\\\/www.collegesinstitutes.ca\\\/fr\\\/rsvp-cultiver-impact\\\/\",\"url\":\"https:\\\/\\\/www.collegesinstitutes.ca\\\/fr\\\/rsvp-cultiver-impact\\\/\",\"name\":\"RSVP pour la r\u00e9ception du Colloque sur la recherche appliqu\u00e9e 2024 de CICan - Colleges and Institutes Canada\",\"isPartOf\":{\"@id\":\"https:\\\/\\\/www.collegesinstitutes.ca\\\/fr\\\/#website\"},\"primaryImageOfPage\":{\"@id\":\"https:\\\/\\\/www.collegesinstitutes.ca\\\/fr\\\/rsvp-cultiver-impact\\\/#primaryimage\"},\"image\":{\"@id\":\"https:\\\/\\\/www.collegesinstitutes.ca\\\/fr\\\/rsvp-cultiver-impact\\\/#primaryimage\"},\"thumbnailUrl\":\"https:\\\/\\\/www.collegesinstitutes.ca\\\/wp-content\\\/uploads\\\/2023\\\/11\\\/header-img-AR_Symposium24_Fr.jpg\",\"datePublished\":\"2024-01-18T03:30:06+00:00\",\"dateModified\":\"2024-01-18T17:50:37+00:00\",\"breadcrumb\":{\"@id\":\"https:\\\/\\\/www.collegesinstitutes.ca\\\/fr\\\/rsvp-cultiver-impact\\\/#breadcrumb\"},\"inLanguage\":\"fr-FR\",\"potentialAction\":[{\"@type\":\"ReadAction\",\"target\":[\"https:\\\/\\\/www.collegesinstitutes.ca\\\/fr\\\/rsvp-cultiver-impact\\\/\"]}]},{\"@type\":\"ImageObject\",\"inLanguage\":\"fr-FR\",\"@id\":\"https:\\\/\\\/www.collegesinstitutes.ca\\\/fr\\\/rsvp-cultiver-impact\\\/#primaryimage\",\"url\":\"https:\\\/\\\/www.collegesinstitutes.ca\\\/wp-content\\\/uploads\\\/2023\\\/11\\\/header-img-AR_Symposium24_Fr.jpg\",\"contentUrl\":\"https:\\\/\\\/www.collegesinstitutes.ca\\\/wp-content\\\/uploads\\\/2023\\\/11\\\/header-img-AR_Symposium24_Fr.jpg\",\"width\":1201,\"height\":629},{\"@type\":\"BreadcrumbList\",\"@id\":\"https:\\\/\\\/www.collegesinstitutes.ca\\\/fr\\\/rsvp-cultiver-impact\\\/#breadcrumb\",\"itemListElement\":[{\"@type\":\"ListItem\",\"position\":1,\"name\":\"Home\",\"item\":\"https:\\\/\\\/www.collegesinstitutes.ca\\\/fr\\\/\"},{\"@type\":\"ListItem\",\"position\":2,\"name\":\"RSVP pour la r\u00e9ception du Colloque sur la recherche appliqu\u00e9e 2024 de CICan\"}]},{\"@type\":\"WebSite\",\"@id\":\"https:\\\/\\\/www.collegesinstitutes.ca\\\/fr\\\/#website\",\"url\":\"https:\\\/\\\/www.collegesinstitutes.ca\\\/fr\\\/\",\"name\":\"Colleges and Institutes Canada\",\"description\":\"The Voice of Canada&#039;s Colleges &amp; Institutes\",\"publisher\":{\"@id\":\"https:\\\/\\\/www.collegesinstitutes.ca\\\/fr\\\/#organization\"},\"potentialAction\":[{\"@type\":\"SearchAction\",\"target\":{\"@type\":\"EntryPoint\",\"urlTemplate\":\"https:\\\/\\\/www.collegesinstitutes.ca\\\/fr\\\/?s={search_term_string}\"},\"query-input\":{\"@type\":\"PropertyValueSpecification\",\"valueRequired\":true,\"valueName\":\"search_term_string\"}}],\"inLanguage\":\"fr-FR\"},{\"@type\":\"Organization\",\"@id\":\"https:\\\/\\\/www.collegesinstitutes.ca\\\/fr\\\/#organization\",\"name\":\"Colleges and Institutes Canada\",\"url\":\"https:\\\/\\\/www.collegesinstitutes.ca\\\/fr\\\/\",\"logo\":{\"@type\":\"ImageObject\",\"inLanguage\":\"fr-FR\",\"@id\":\"https:\\\/\\\/www.collegesinstitutes.ca\\\/fr\\\/#\\\/schema\\\/logo\\\/image\\\/\",\"url\":\"https:\\\/\\\/www.collegesinstitutes.ca\\\/wp-content\\\/uploads\\\/2025\\\/06\\\/logo-en.png\",\"contentUrl\":\"https:\\\/\\\/www.collegesinstitutes.ca\\\/wp-content\\\/uploads\\\/2025\\\/06\\\/logo-en.png\",\"width\":794,\"height\":280,\"caption\":\"Colleges and Institutes Canada\"},\"image\":{\"@id\":\"https:\\\/\\\/www.collegesinstitutes.ca\\\/fr\\\/#\\\/schema\\\/logo\\\/image\\\/\"}}]}<\/script>\n<!-- \/ Yoast SEO plugin. -->","yoast_head_json":{"title":"RSVP pour la r\u00e9ception du Colloque sur la recherche appliqu\u00e9e 2024 de CICan - Colleges and Institutes Canada","robots":{"index":"index","follow":"follow","max-snippet":"max-snippet:-1","max-image-preview":"max-image-preview:large","max-video-preview":"max-video-preview:-1"},"canonical":"https:\/\/www.collegesinstitutes.ca\/fr\/rsvp-cultiver-impact\/","og_locale":"fr_FR","og_type":"article","og_title":"RSVP pour la r\u00e9ception du Colloque sur la recherche appliqu\u00e9e 2024 de CICan - Colleges and Institutes Canada","og_description":"Lundi 12 f\u00e9vrier 2024 | 17h00 &#8211; 19h00 Delta Hotels Ottawa City Centre by Marriott, 101 Rue Lyon Nord, Ottawa, Ontario | Grand Salon Veuillez compl\u00e9ter les informations suivantes pour...","og_url":"https:\/\/www.collegesinstitutes.ca\/fr\/rsvp-cultiver-impact\/","og_site_name":"Colleges and Institutes Canada","article_modified_time":"2024-01-18T17:50:37+00:00","og_image":[{"width":1201,"height":629,"url":"https:\/\/www.collegesinstitutes.ca\/wp-content\/uploads\/2023\/11\/header-img-AR_Symposium24_Fr.jpg","type":"image\/jpeg"}],"twitter_card":"summary_large_image","schema":{"@context":"https:\/\/schema.org","@graph":[{"@type":"WebPage","@id":"https:\/\/www.collegesinstitutes.ca\/fr\/rsvp-cultiver-impact\/","url":"https:\/\/www.collegesinstitutes.ca\/fr\/rsvp-cultiver-impact\/","name":"RSVP pour la r\u00e9ception du Colloque sur la recherche appliqu\u00e9e 2024 de CICan - Colleges and Institutes Canada","isPartOf":{"@id":"https:\/\/www.collegesinstitutes.ca\/fr\/#website"},"primaryImageOfPage":{"@id":"https:\/\/www.collegesinstitutes.ca\/fr\/rsvp-cultiver-impact\/#primaryimage"},"image":{"@id":"https:\/\/www.collegesinstitutes.ca\/fr\/rsvp-cultiver-impact\/#primaryimage"},"thumbnailUrl":"https:\/\/www.collegesinstitutes.ca\/wp-content\/uploads\/2023\/11\/header-img-AR_Symposium24_Fr.jpg","datePublished":"2024-01-18T03:30:06+00:00","dateModified":"2024-01-18T17:50:37+00:00","breadcrumb":{"@id":"https:\/\/www.collegesinstitutes.ca\/fr\/rsvp-cultiver-impact\/#breadcrumb"},"inLanguage":"fr-FR","potentialAction":[{"@type":"ReadAction","target":["https:\/\/www.collegesinstitutes.ca\/fr\/rsvp-cultiver-impact\/"]}]},{"@type":"ImageObject","inLanguage":"fr-FR","@id":"https:\/\/www.collegesinstitutes.ca\/fr\/rsvp-cultiver-impact\/#primaryimage","url":"https:\/\/www.collegesinstitutes.ca\/wp-content\/uploads\/2023\/11\/header-img-AR_Symposium24_Fr.jpg","contentUrl":"https:\/\/www.collegesinstitutes.ca\/wp-content\/uploads\/2023\/11\/header-img-AR_Symposium24_Fr.jpg","width":1201,"height":629},{"@type":"BreadcrumbList","@id":"https:\/\/www.collegesinstitutes.ca\/fr\/rsvp-cultiver-impact\/#breadcrumb","itemListElement":[{"@type":"ListItem","position":1,"name":"Home","item":"https:\/\/www.collegesinstitutes.ca\/fr\/"},{"@type":"ListItem","position":2,"name":"RSVP pour la r\u00e9ception du Colloque sur la recherche appliqu\u00e9e 2024 de CICan"}]},{"@type":"WebSite","@id":"https:\/\/www.collegesinstitutes.ca\/fr\/#website","url":"https:\/\/www.collegesinstitutes.ca\/fr\/","name":"Colleges and Institutes Canada","description":"The Voice of Canada&#039;s Colleges &amp; Institutes","publisher":{"@id":"https:\/\/www.collegesinstitutes.ca\/fr\/#organization"},"potentialAction":[{"@type":"SearchAction","target":{"@type":"EntryPoint","urlTemplate":"https:\/\/www.collegesinstitutes.ca\/fr\/?s={search_term_string}"},"query-input":{"@type":"PropertyValueSpecification","valueRequired":true,"valueName":"search_term_string"}}],"inLanguage":"fr-FR"},{"@type":"Organization","@id":"https:\/\/www.collegesinstitutes.ca\/fr\/#organization","name":"Colleges and Institutes Canada","url":"https:\/\/www.collegesinstitutes.ca\/fr\/","logo":{"@type":"ImageObject","inLanguage":"fr-FR","@id":"https:\/\/www.collegesinstitutes.ca\/fr\/#\/schema\/logo\/image\/","url":"https:\/\/www.collegesinstitutes.ca\/wp-content\/uploads\/2025\/06\/logo-en.png","contentUrl":"https:\/\/www.collegesinstitutes.ca\/wp-content\/uploads\/2025\/06\/logo-en.png","width":794,"height":280,"caption":"Colleges and Institutes Canada"},"image":{"@id":"https:\/\/www.collegesinstitutes.ca\/fr\/#\/schema\/logo\/image\/"}}]}},"_links":{"self":[{"href":"https:\/\/www.collegesinstitutes.ca\/fr\/wp-json\/wp\/v2\/pages\/33185","targetHints":{"allow":["GET"]}}],"collection":[{"href":"https:\/\/www.collegesinstitutes.ca\/fr\/wp-json\/wp\/v2\/pages"}],"about":[{"href":"https:\/\/www.collegesinstitutes.ca\/fr\/wp-json\/wp\/v2\/types\/page"}],"author":[{"embeddable":true,"href":"https:\/\/www.collegesinstitutes.ca\/fr\/wp-json\/wp\/v2\/users\/2"}],"replies":[{"embeddable":true,"href":"https:\/\/www.collegesinstitutes.ca\/fr\/wp-json\/wp\/v2\/comments?post=33185"}],"version-history":[{"count":0,"href":"https:\/\/www.collegesinstitutes.ca\/fr\/wp-json\/wp\/v2\/pages\/33185\/revisions"}],"wp:featuredmedia":[{"embeddable":true,"href":"https:\/\/www.collegesinstitutes.ca\/fr\/wp-json\/wp\/v2\/media\/32869"}],"wp:attachment":[{"href":"https:\/\/www.collegesinstitutes.ca\/fr\/wp-json\/wp\/v2\/media?parent=33185"}],"wp:term":[{"taxonomy":"category","embeddable":true,"href":"https:\/\/www.collegesinstitutes.ca\/fr\/wp-json\/wp\/v2\/categories?post=33185"},{"taxonomy":"post_tag","embeddable":true,"href":"https:\/\/www.collegesinstitutes.ca\/fr\/wp-json\/wp\/v2\/tags?post=33185"}],"curies":[{"name":"wp","href":"https:\/\/api.w.org\/{rel}","templated":true}]}}