{"id":33175,"date":"2024-01-15T16:56:25","date_gmt":"2024-01-15T16:56:25","guid":{"rendered":"https:\/\/www.collegesinstitutes.ca\/impact-climate-challenge\/"},"modified":"2024-01-17T16:38:08","modified_gmt":"2024-01-17T16:38:08","slug":"defi-impact-climat","status":"publish","type":"page","link":"https:\/\/www.collegesinstitutes.ca\/fr\/defi-impact-climat\/","title":{"rendered":"Votre campus, votre plan\u00e8te, votre chance de gagner!"},"content":{"rendered":"<p class=\"lead\">Plus de 3000\u202f$ de prix en esp\u00e8ces + 12\u202f000\u202f$ de bourses.<\/p>\n<p>Relevez le d\u00e9fi ImpAct-Climat. Exclusivement pour les \u00e9tudiants et \u00e9tudiantes, le personnel et le corps enseignant des coll\u00e8ges et instituts <a href=\"https:\/\/www.collegesinstitutes.ca\/fr\/colleges-instituts-communaute\/nos-membres\/\" rel=\"noopener\" target=\"_blank\">membres de CICan<\/a>.<\/p>\n<p><a href=\"#registrationform\" class=\"btn btn-download my-4\">Inscrivez-vous d\u00e8s maintenant!<\/a><\/p>\n<p>Nous vous mettons au d\u00e9fi d\u2019approfondir votre compr\u00e9hension des gaz \u00e0 effet de serre et de lutter contre les changements climatiques. De plus, plus vous participerez, plus vous aurez de chances de gagner!<\/p>\n<p>Les coll\u00e8ges et instituts constituent le plus grand r\u00e9seau d\u2019enseignement postsecondaire au Canada. Notre impact collectif peut \u00eatre massif \u2013\u202fles petites actions, lorsqu\u2019elles sont multipli\u00e9es, ont des effets transformateurs. Participez \u00e0 ce d\u00e9fi national et, ensemble, fa\u00e7onnons un avenir durable!<\/p>\n<div class=\"boxit p-5\">\n<strong>Dur\u00e9e\u202f:<\/strong> Le d\u00e9fi s\u2019\u00e9tale sur six semaines, du <strong>mercredi\u202f14\u202ff\u00e9vrier<\/strong> au <strong>27\u202fmars 2024<\/strong>. <\/p>\n<p><strong>Apprentissage hebdomadaire :<\/strong> Chaque semaine, vous plongerez dans un nouveau th\u00e8me\u202f: les \u00e9missions de gaz \u00e0 effet de serre en g\u00e9n\u00e9ral, l\u2019\u00e9nergie, l\u2019alimentation, les transports, les d\u00e9chets et la gestion autochtone des terres. Nous vous enverrons des informations utiles sur ces sujets, des faits saillants et des strat\u00e9gies efficaces pour r\u00e9duire les \u00e9missions sur le campus et dans votre vie personnelle.  <\/p>\n<p><strong>Jeu-questionnaire hebdomadaire :<\/strong> Testez vos nouvelles connaissances en r\u00e9pondant \u00e0 un petit jeu-questionnaire (vrai ou faux) pour consolider vos acquis.<\/p>\n<p><strong>D\u00e9fi d\u2019action hebdomadaire :<\/strong> Mettez vos connaissances en pratique! Qu\u2019il s\u2019agisse d\u2019augmenter le nombre de vos repas \u00e0 base de v\u00e9g\u00e9taux ou d\u2019\u00e9liminer le plastique, chaque semaine vous incitera \u00e0 faire un petit pas qui r\u00e9duira vos \u00e9missions de gaz \u00e0 effet de serre. <\/p>\n<p><strong>Temps requis :<\/strong> Vous pouvez facilement int\u00e9grer ce d\u00e9fi dans votre emploi du temps charg\u00e9. De 10 \u00e0 15\u202fminutes suffisent pour lire le contenu \u00e9ducatif et r\u00e9pondre au questionnaire chaque semaine, et un peu de temps de plus pour l\u2019action hebdomadaire. <\/p>\n<p><strong>Prix individuels :<\/strong> Si vous r\u00e9pondez au questionnaire hebdomadaire et vous vous engagez \u00e0 relever le d\u00e9fi, vous participerez \u00e0 un tirage d\u2019un prix de 350\u202f$. Les personnes qui rel\u00e8vent les six d\u00e9fis seront admissibles au tirage du grand prix de 1000\u202f$! <\/p>\n<p><strong>Prix pour les \u00e9tablissements :<\/strong> En fonction de la participation la plus \u00e9lev\u00e9e (mesur\u00e9e par le nombre de participations hebdomadaires de membres de l\u2019\u00e9tablissement), quatre coll\u00e8ges ou instituts de diff\u00e9rentes cat\u00e9gories de taille recevront une bourse de 3000\u202f$ destin\u00e9e \u00e0 un \u00e9tudiant ou une \u00e9tudiante chef de file de l\u2019action climatique. Votre engagement joue un r\u00f4le crucial pour aider votre \u00e9tablissement \u00e0 remporter ce prix significatif et \u00e0 se positionner en tant que leader du d\u00e9veloppement durable. <\/p>\n<p><strong>Qui peut s\u2019inscrire :<\/strong> Le d\u00e9fi est r\u00e9serv\u00e9 aux \u00e9tudiants et \u00e9tudiantes, au personnel et au corps enseignant des coll\u00e8ges et instituts <a href=\"https:\/\/www.collegesinstitutes.ca\/fr\/colleges-instituts-communaute\/nos-membres\/\">membres de CICan<\/a>. <strong>Lors de l\u2019inscription, vous devez utiliser l\u2019adresse \u00e9lectronique de votre \u00e9tablissement.<\/strong> <\/p>\n<p>Pour de plus amples renseignements, \u00e9crivez \u00e0 <a href=\"mailto:impact@collegesinstitutes.ca\">impact@collegesinstitutes.ca<\/a>.<\/p>\n<\/div>\n<h2 id=\"registrationform\">Inscrivez-vous d\u00e8s maintenant!<\/h2>\n<p class=\"lead\">Relevez le d\u00e9fi ImpAct-Climat et soyez un moteur de changement! Ensemble, cr\u00e9ons un avenir plus lumineux, plus vert et plus durable.<\/p>\n\n<hr>\n<div class=\"boxit p-5 my-5\">\n<h3>\u00c9tude de cas \u2013\u202fAlgonquin College <\/h3>\n<div class=\"small\">\nMichael Anderson, professeur d\u2019informatique \u00e0 l\u2019Algonquin College, a ajout\u00e9 des mini-le\u00e7ons sur le d\u00e9veloppement durable \u00e0 ses cours. Il a pr\u00e9sent\u00e9 le d\u00e9fi ImpAct-Climat \u00e0 ses \u00e9tudiants et \u00e9tudiantes, leur offrant des points suppl\u00e9mentaires pour leur participation. Cette formule a non seulement permis aux \u00e9tudiants et \u00e9tudiantes de mieux comprendre les enjeux climatiques et leur potentiel de faire une contribution positive, mais elle a \u00e9galement produit des r\u00e9sultats remarquables. En effet, l\u2019un de ses \u00e9tudiants a remport\u00e9 le grand prix de 1000\u202f$, et leur participation collective a valu \u00e0 l\u2019Algonquin College une bourse de 3000\u202f$ pour un ou une chef de file de l\u2019action climatique. <\/p>\n<p><strong>Vous enseignez?<\/strong> Pourquoi ne pas int\u00e9grer le d\u00e9fi ImpAct-Climat \u00e0 votre cours? <a href=\"https:\/\/collegesinstitutes.sharepoint.com\/:b:\/g\/extcollab\/EYNATUHqtH9ElrDLqlQhjakBWPQfgTwtuag4nC3wDqmF_A?e=RAWICR\" target=\"_blank\" rel=\"noopener\">T\u00e9l\u00e9chargez ce petit guide pratique et envoyez-le \u00e0 vos coll\u00e8gues.<\/a>\n<\/div>\n<\/div>\n<hr>\n<div class=\"row my-5 justify-content-center align-items-center text-center\">\n<div class=\"col-6 col-lg-3\"><a href=\"https:\/\/sdgs.un.org\/fr\" rel=\"noopener\" target=\"_blank\"><img fetchpriority=\"high\" decoding=\"async\" src=\"https:\/\/www.collegesinstitutes.ca\/wp-content\/uploads\/2024\/01\/F_SDG_logo_without_UN_emblem_Square_Transparent_WEB.png\" alt=\"\" width=\"2632\" height=\"1408\" class=\"alignnone size-full wp-image-33170\" srcset=\"https:\/\/www.collegesinstitutes.ca\/wp-content\/uploads\/2024\/01\/F_SDG_logo_without_UN_emblem_Square_Transparent_WEB.png 2632w, https:\/\/www.collegesinstitutes.ca\/wp-content\/uploads\/2024\/01\/F_SDG_logo_without_UN_emblem_Square_Transparent_WEB-300x160.png 300w, https:\/\/www.collegesinstitutes.ca\/wp-content\/uploads\/2024\/01\/F_SDG_logo_without_UN_emblem_Square_Transparent_WEB-1024x548.png 1024w, https:\/\/www.collegesinstitutes.ca\/wp-content\/uploads\/2024\/01\/F_SDG_logo_without_UN_emblem_Square_Transparent_WEB-768x411.png 768w, https:\/\/www.collegesinstitutes.ca\/wp-content\/uploads\/2024\/01\/F_SDG_logo_without_UN_emblem_Square_Transparent_WEB-1536x822.png 1536w, https:\/\/www.collegesinstitutes.ca\/wp-content\/uploads\/2024\/01\/F_SDG_logo_without_UN_emblem_Square_Transparent_WEB-2048x1096.png 2048w\" sizes=\"(max-width: 2632px) 100vw, 2632px\" \/><\/a><\/div>\n<div class=\"col-6 col-lg-3\"><a href=\"https:\/\/www.collegesinstitutes.ca\/fr\/programs\/impact-climate\/\" rel=\"noopener\" target=\"_blank\"><img decoding=\"async\" src=\"https:\/\/www.collegesinstitutes.ca\/wp-content\/uploads\/2024\/01\/ImpAct_Climat_Logo_Fr.jpg\" alt=\"\" width=\"1643\" height=\"572\" class=\"alignnone size-full wp-image-33179\" srcset=\"https:\/\/www.collegesinstitutes.ca\/wp-content\/uploads\/2024\/01\/ImpAct_Climat_Logo_Fr.jpg 1643w, https:\/\/www.collegesinstitutes.ca\/wp-content\/uploads\/2024\/01\/ImpAct_Climat_Logo_Fr-300x104.jpg 300w, https:\/\/www.collegesinstitutes.ca\/wp-content\/uploads\/2024\/01\/ImpAct_Climat_Logo_Fr-1024x356.jpg 1024w, https:\/\/www.collegesinstitutes.ca\/wp-content\/uploads\/2024\/01\/ImpAct_Climat_Logo_Fr-768x267.jpg 768w, https:\/\/www.collegesinstitutes.ca\/wp-content\/uploads\/2024\/01\/ImpAct_Climat_Logo_Fr-1536x535.jpg 1536w\" sizes=\"(max-width: 1643px) 100vw, 1643px\" \/><\/a><\/div>\n<div class=\"col-6 col-lg-3\"><a href=\"https:\/\/www.canada.ca\/fr.html\" rel=\"noopener\" target=\"_blank\"><img decoding=\"async\" src=\"https:\/\/www.collegesinstitutes.ca\/wp-content\/uploads\/2022\/08\/logo-gov-funding-fr.png\" alt=\"Les programmes \u00c9PE sont financ\u00e9s par le gouvernement du Canada par le biais d\u2019Affaires mondiales Canada\" width=\"917\" height=\"150\" class=\"alignnone size-full wp-image-22677\" srcset=\"https:\/\/www.collegesinstitutes.ca\/wp-content\/uploads\/2022\/08\/logo-gov-funding-fr.png 917w, https:\/\/www.collegesinstitutes.ca\/wp-content\/uploads\/2022\/08\/logo-gov-funding-fr-300x49.png 300w, https:\/\/www.collegesinstitutes.ca\/wp-content\/uploads\/2022\/08\/logo-gov-funding-fr-768x126.png 768w\" sizes=\"(max-width: 917px) 100vw, 917px\" \/><\/a><\/div>\n<\/div>\n<hr>\n<div class=\"text-center mt-5\">\n<div>\n<p class=\"lead mb-2\"><strong>Ne manquez jamais une mise \u00e0 jour !<\/strong> Suivez ce programme sur les r\u00e9seaux sociaux.<\/p>\n<\/div>\n<div class=\"fs-1\"><a href=\"https:\/\/www.instagram.com\/cican_impactclimate\/\" target=\"_blank\" class=\"text-dark\" rel=\"noopener\"><i class=\"fa-brands fa-square-instagram mx-1\"><\/i><\/a> <a href=\"https:\/\/twitter.com\/CICanImpAct \" target=\"_blank\" class=\"text-dark\" rel=\"noopener\"><i class=\"fa-brands fa-square-twitter mx-1\"><\/i><\/a><\/div>\n<\/div>\n<p><script type=\"text\/javascript\" src=\"https:\/\/analytics.clickdimensions.com\/ts.js\" > <\/script><\/p>\n<p><script type=\"text\/javascript\">\n  var cdAnalytics = new clickdimensions.Analytics('analytics.clickdimensions.com');\n  cdAnalytics.setAccountKey('aIZMTwCyxq0wMumx77fg');\n  cdAnalytics.setDomain('collegesinstitutes.ca');\n  cdAnalytics.setScore(typeof(cdScore) == \"undefined\" ? 0 : (cdScore == 0 ? null : cdScore));\n  cdAnalytics.trackPage();\n<\/script><\/p>\n<p><script type=\"text\/javascript\" src=\"https:\/\/analytics.clickdimensions.com\/js\/ClickDGravityFormMapper.min.js\">\n<\/script><\/p>\n<p><script type=\"text\/javascript\">\nvar mapper = ClickDGravityFormsMapper();\nmapper.Init({\nUrl: 'http:\/\/analytics.clickdimensions.com\/forms\/h\/aUcZMSZomREiBcSusPOR9t',\nUseRecaptchaV3: false,\nFormId: 'gform_136',\nMapping: [\n{ GFId: 'input_136_5', CDId: 'Title'},\n{ GFId: 'input_136_4', CDId: 'EmailAddress'},\n{ GFId: 'input_136_8', CDId: 'Organization'},\n{ GFId: 'input_136_3', CDId: 'LastName'},\n{ GFId: 'input_136_1', CDId: 'FirstName'},\n{ GFId: 'input_136_7', CDId: 'CollegeInstitute'},\n]\n});\n<\/script><\/p>\n","protected":false},"excerpt":{"rendered":"<p>Plus de 3000\u202f$ de prix en esp\u00e8ces + 12\u202f000\u202f$ de bourses. Relevez le d\u00e9fi ImpAct-Climat. Exclusivement pour les \u00e9tudiants et \u00e9tudiantes, le personnel et le corps enseignant des coll\u00e8ges et&#8230;<\/p>\n","protected":false},"author":2,"featured_media":33177,"parent":0,"menu_order":0,"comment_status":"closed","ping_status":"closed","template":"page-nosubmenu.php","meta":{"_acf_changed":false,"footnotes":""},"categories":[],"tags":[],"class_list":["post-33175","page","type-page","status-publish","has-post-thumbnail","hentry"],"acf":[],"yoast_head":"<!-- This site is optimized with the Yoast SEO plugin v27.5 - https:\/\/yoast.com\/product\/yoast-seo-wordpress\/ -->\n<title>Votre campus, votre plan\u00e8te, votre chance de gagner! - Colleges and Institutes Canada<\/title>\n<meta name=\"robots\" content=\"index, follow, max-snippet:-1, max-image-preview:large, max-video-preview:-1\" \/>\n<link rel=\"canonical\" href=\"https:\/\/www.collegesinstitutes.ca\/fr\/defi-impact-climat\/\" \/>\n<meta property=\"og:locale\" content=\"fr_FR\" \/>\n<meta property=\"og:type\" content=\"article\" \/>\n<meta property=\"og:title\" content=\"Votre campus, votre plan\u00e8te, votre chance de gagner! - Colleges and Institutes Canada\" \/>\n<meta property=\"og:description\" content=\"Plus de 3000\u202f$ de prix en esp\u00e8ces + 12\u202f000\u202f$ de bourses. Relevez le d\u00e9fi ImpAct-Climat. Exclusivement pour les \u00e9tudiants et \u00e9tudiantes, le personnel et le corps enseignant des coll\u00e8ges et...\" \/>\n<meta property=\"og:url\" content=\"https:\/\/www.collegesinstitutes.ca\/fr\/defi-impact-climat\/\" \/>\n<meta property=\"og:site_name\" content=\"Colleges and Institutes Canada\" \/>\n<meta property=\"article:modified_time\" content=\"2024-01-17T16:38:08+00:00\" \/>\n<meta property=\"og:image\" content=\"https:\/\/www.collegesinstitutes.ca\/wp-content\/uploads\/2024\/01\/impact-challenge-winter-24-rec-FR-01.jpg\" \/>\n\t<meta property=\"og:image:width\" content=\"1200\" \/>\n\t<meta property=\"og:image:height\" content=\"627\" \/>\n\t<meta property=\"og:image:type\" content=\"image\/jpeg\" \/>\n<meta name=\"twitter:card\" content=\"summary_large_image\" \/>\n<meta name=\"twitter:label1\" content=\"Est. reading time\" \/>\n\t<meta name=\"twitter:data1\" content=\"3 minutes\" \/>\n<script type=\"application\/ld+json\" class=\"yoast-schema-graph\">{\"@context\":\"https:\\\/\\\/schema.org\",\"@graph\":[{\"@type\":\"WebPage\",\"@id\":\"https:\\\/\\\/www.collegesinstitutes.ca\\\/fr\\\/defi-impact-climat\\\/\",\"url\":\"https:\\\/\\\/www.collegesinstitutes.ca\\\/fr\\\/defi-impact-climat\\\/\",\"name\":\"Votre campus, votre plan\u00e8te, votre chance de gagner! - Colleges and Institutes Canada\",\"isPartOf\":{\"@id\":\"https:\\\/\\\/www.collegesinstitutes.ca\\\/fr\\\/#website\"},\"primaryImageOfPage\":{\"@id\":\"https:\\\/\\\/www.collegesinstitutes.ca\\\/fr\\\/defi-impact-climat\\\/#primaryimage\"},\"image\":{\"@id\":\"https:\\\/\\\/www.collegesinstitutes.ca\\\/fr\\\/defi-impact-climat\\\/#primaryimage\"},\"thumbnailUrl\":\"https:\\\/\\\/www.collegesinstitutes.ca\\\/wp-content\\\/uploads\\\/2024\\\/01\\\/impact-challenge-winter-24-rec-FR-01.jpg\",\"datePublished\":\"2024-01-15T16:56:25+00:00\",\"dateModified\":\"2024-01-17T16:38:08+00:00\",\"breadcrumb\":{\"@id\":\"https:\\\/\\\/www.collegesinstitutes.ca\\\/fr\\\/defi-impact-climat\\\/#breadcrumb\"},\"inLanguage\":\"fr-FR\",\"potentialAction\":[{\"@type\":\"ReadAction\",\"target\":[\"https:\\\/\\\/www.collegesinstitutes.ca\\\/fr\\\/defi-impact-climat\\\/\"]}]},{\"@type\":\"ImageObject\",\"inLanguage\":\"fr-FR\",\"@id\":\"https:\\\/\\\/www.collegesinstitutes.ca\\\/fr\\\/defi-impact-climat\\\/#primaryimage\",\"url\":\"https:\\\/\\\/www.collegesinstitutes.ca\\\/wp-content\\\/uploads\\\/2024\\\/01\\\/impact-challenge-winter-24-rec-FR-01.jpg\",\"contentUrl\":\"https:\\\/\\\/www.collegesinstitutes.ca\\\/wp-content\\\/uploads\\\/2024\\\/01\\\/impact-challenge-winter-24-rec-FR-01.jpg\",\"width\":1200,\"height\":627},{\"@type\":\"BreadcrumbList\",\"@id\":\"https:\\\/\\\/www.collegesinstitutes.ca\\\/fr\\\/defi-impact-climat\\\/#breadcrumb\",\"itemListElement\":[{\"@type\":\"ListItem\",\"position\":1,\"name\":\"Home\",\"item\":\"https:\\\/\\\/www.collegesinstitutes.ca\\\/fr\\\/\"},{\"@type\":\"ListItem\",\"position\":2,\"name\":\"Votre campus, votre plan\u00e8te, votre chance de gagner!\"}]},{\"@type\":\"WebSite\",\"@id\":\"https:\\\/\\\/www.collegesinstitutes.ca\\\/fr\\\/#website\",\"url\":\"https:\\\/\\\/www.collegesinstitutes.ca\\\/fr\\\/\",\"name\":\"Colleges and Institutes Canada\",\"description\":\"The Voice of Canada&#039;s Colleges &amp; Institutes\",\"publisher\":{\"@id\":\"https:\\\/\\\/www.collegesinstitutes.ca\\\/fr\\\/#organization\"},\"potentialAction\":[{\"@type\":\"SearchAction\",\"target\":{\"@type\":\"EntryPoint\",\"urlTemplate\":\"https:\\\/\\\/www.collegesinstitutes.ca\\\/fr\\\/?s={search_term_string}\"},\"query-input\":{\"@type\":\"PropertyValueSpecification\",\"valueRequired\":true,\"valueName\":\"search_term_string\"}}],\"inLanguage\":\"fr-FR\"},{\"@type\":\"Organization\",\"@id\":\"https:\\\/\\\/www.collegesinstitutes.ca\\\/fr\\\/#organization\",\"name\":\"Colleges and Institutes Canada\",\"url\":\"https:\\\/\\\/www.collegesinstitutes.ca\\\/fr\\\/\",\"logo\":{\"@type\":\"ImageObject\",\"inLanguage\":\"fr-FR\",\"@id\":\"https:\\\/\\\/www.collegesinstitutes.ca\\\/fr\\\/#\\\/schema\\\/logo\\\/image\\\/\",\"url\":\"https:\\\/\\\/www.collegesinstitutes.ca\\\/wp-content\\\/uploads\\\/2025\\\/06\\\/logo-en.png\",\"contentUrl\":\"https:\\\/\\\/www.collegesinstitutes.ca\\\/wp-content\\\/uploads\\\/2025\\\/06\\\/logo-en.png\",\"width\":794,\"height\":280,\"caption\":\"Colleges and Institutes Canada\"},\"image\":{\"@id\":\"https:\\\/\\\/www.collegesinstitutes.ca\\\/fr\\\/#\\\/schema\\\/logo\\\/image\\\/\"}}]}<\/script>\n<!-- \/ Yoast SEO plugin. -->","yoast_head_json":{"title":"Votre campus, votre plan\u00e8te, votre chance de gagner! - Colleges and Institutes Canada","robots":{"index":"index","follow":"follow","max-snippet":"max-snippet:-1","max-image-preview":"max-image-preview:large","max-video-preview":"max-video-preview:-1"},"canonical":"https:\/\/www.collegesinstitutes.ca\/fr\/defi-impact-climat\/","og_locale":"fr_FR","og_type":"article","og_title":"Votre campus, votre plan\u00e8te, votre chance de gagner! - Colleges and Institutes Canada","og_description":"Plus de 3000\u202f$ de prix en esp\u00e8ces + 12\u202f000\u202f$ de bourses. Relevez le d\u00e9fi ImpAct-Climat. Exclusivement pour les \u00e9tudiants et \u00e9tudiantes, le personnel et le corps enseignant des coll\u00e8ges et...","og_url":"https:\/\/www.collegesinstitutes.ca\/fr\/defi-impact-climat\/","og_site_name":"Colleges and Institutes Canada","article_modified_time":"2024-01-17T16:38:08+00:00","og_image":[{"width":1200,"height":627,"url":"https:\/\/www.collegesinstitutes.ca\/wp-content\/uploads\/2024\/01\/impact-challenge-winter-24-rec-FR-01.jpg","type":"image\/jpeg"}],"twitter_card":"summary_large_image","twitter_misc":{"Est. reading time":"3 minutes"},"schema":{"@context":"https:\/\/schema.org","@graph":[{"@type":"WebPage","@id":"https:\/\/www.collegesinstitutes.ca\/fr\/defi-impact-climat\/","url":"https:\/\/www.collegesinstitutes.ca\/fr\/defi-impact-climat\/","name":"Votre campus, votre plan\u00e8te, votre chance de gagner! - Colleges and Institutes Canada","isPartOf":{"@id":"https:\/\/www.collegesinstitutes.ca\/fr\/#website"},"primaryImageOfPage":{"@id":"https:\/\/www.collegesinstitutes.ca\/fr\/defi-impact-climat\/#primaryimage"},"image":{"@id":"https:\/\/www.collegesinstitutes.ca\/fr\/defi-impact-climat\/#primaryimage"},"thumbnailUrl":"https:\/\/www.collegesinstitutes.ca\/wp-content\/uploads\/2024\/01\/impact-challenge-winter-24-rec-FR-01.jpg","datePublished":"2024-01-15T16:56:25+00:00","dateModified":"2024-01-17T16:38:08+00:00","breadcrumb":{"@id":"https:\/\/www.collegesinstitutes.ca\/fr\/defi-impact-climat\/#breadcrumb"},"inLanguage":"fr-FR","potentialAction":[{"@type":"ReadAction","target":["https:\/\/www.collegesinstitutes.ca\/fr\/defi-impact-climat\/"]}]},{"@type":"ImageObject","inLanguage":"fr-FR","@id":"https:\/\/www.collegesinstitutes.ca\/fr\/defi-impact-climat\/#primaryimage","url":"https:\/\/www.collegesinstitutes.ca\/wp-content\/uploads\/2024\/01\/impact-challenge-winter-24-rec-FR-01.jpg","contentUrl":"https:\/\/www.collegesinstitutes.ca\/wp-content\/uploads\/2024\/01\/impact-challenge-winter-24-rec-FR-01.jpg","width":1200,"height":627},{"@type":"BreadcrumbList","@id":"https:\/\/www.collegesinstitutes.ca\/fr\/defi-impact-climat\/#breadcrumb","itemListElement":[{"@type":"ListItem","position":1,"name":"Home","item":"https:\/\/www.collegesinstitutes.ca\/fr\/"},{"@type":"ListItem","position":2,"name":"Votre campus, votre plan\u00e8te, votre chance de gagner!"}]},{"@type":"WebSite","@id":"https:\/\/www.collegesinstitutes.ca\/fr\/#website","url":"https:\/\/www.collegesinstitutes.ca\/fr\/","name":"Colleges and Institutes Canada","description":"The Voice of Canada&#039;s Colleges &amp; Institutes","publisher":{"@id":"https:\/\/www.collegesinstitutes.ca\/fr\/#organization"},"potentialAction":[{"@type":"SearchAction","target":{"@type":"EntryPoint","urlTemplate":"https:\/\/www.collegesinstitutes.ca\/fr\/?s={search_term_string}"},"query-input":{"@type":"PropertyValueSpecification","valueRequired":true,"valueName":"search_term_string"}}],"inLanguage":"fr-FR"},{"@type":"Organization","@id":"https:\/\/www.collegesinstitutes.ca\/fr\/#organization","name":"Colleges and Institutes Canada","url":"https:\/\/www.collegesinstitutes.ca\/fr\/","logo":{"@type":"ImageObject","inLanguage":"fr-FR","@id":"https:\/\/www.collegesinstitutes.ca\/fr\/#\/schema\/logo\/image\/","url":"https:\/\/www.collegesinstitutes.ca\/wp-content\/uploads\/2025\/06\/logo-en.png","contentUrl":"https:\/\/www.collegesinstitutes.ca\/wp-content\/uploads\/2025\/06\/logo-en.png","width":794,"height":280,"caption":"Colleges and Institutes Canada"},"image":{"@id":"https:\/\/www.collegesinstitutes.ca\/fr\/#\/schema\/logo\/image\/"}}]}},"_links":{"self":[{"href":"https:\/\/www.collegesinstitutes.ca\/fr\/wp-json\/wp\/v2\/pages\/33175","targetHints":{"allow":["GET"]}}],"collection":[{"href":"https:\/\/www.collegesinstitutes.ca\/fr\/wp-json\/wp\/v2\/pages"}],"about":[{"href":"https:\/\/www.collegesinstitutes.ca\/fr\/wp-json\/wp\/v2\/types\/page"}],"author":[{"embeddable":true,"href":"https:\/\/www.collegesinstitutes.ca\/fr\/wp-json\/wp\/v2\/users\/2"}],"replies":[{"embeddable":true,"href":"https:\/\/www.collegesinstitutes.ca\/fr\/wp-json\/wp\/v2\/comments?post=33175"}],"version-history":[{"count":0,"href":"https:\/\/www.collegesinstitutes.ca\/fr\/wp-json\/wp\/v2\/pages\/33175\/revisions"}],"wp:featuredmedia":[{"embeddable":true,"href":"https:\/\/www.collegesinstitutes.ca\/fr\/wp-json\/wp\/v2\/media\/33177"}],"wp:attachment":[{"href":"https:\/\/www.collegesinstitutes.ca\/fr\/wp-json\/wp\/v2\/media?parent=33175"}],"wp:term":[{"taxonomy":"category","embeddable":true,"href":"https:\/\/www.collegesinstitutes.ca\/fr\/wp-json\/wp\/v2\/categories?post=33175"},{"taxonomy":"post_tag","embeddable":true,"href":"https:\/\/www.collegesinstitutes.ca\/fr\/wp-json\/wp\/v2\/tags?post=33175"}],"curies":[{"name":"wp","href":"https:\/\/api.w.org\/{rel}","templated":true}]}}