{"id":33125,"date":"2023-12-20T18:49:00","date_gmt":"2023-12-20T18:49:00","guid":{"rendered":"https:\/\/www.collegesinstitutes.ca\/safety-innovation-showdown\/"},"modified":"2024-03-06T19:38:40","modified_gmt":"2024-03-06T19:38:40","slug":"securite-au-travail","status":"publish","type":"page","link":"https:\/\/www.collegesinstitutes.ca\/fr\/securite-au-travail\/","title":{"rendered":"Concours d\u2019innovation en s\u00e9curit\u00e9"},"content":{"rendered":"<h2 class=\"border-0\">Concours de pr\u00e9sentations \u00e9tudiantes<br \/>Soyez au c\u0153ur de l\u2019\u00e9volution des m\u00e9tiers sp\u00e9cialis\u00e9s!<\/h2>\n<p class=\"lead\"><strong>Vous voulez fa\u00e7onner l\u2019avenir dans le secteur?<\/strong> La main-d\u2019\u0153uvre sp\u00e9cialis\u00e9e est vitale pour notre \u00e9conomie et joue un r\u00f4le essentiel dans l\u2019\u00e9dification de nos communaut\u00e9s. Que ce soit en plomberie, en installation de syst\u00e8mes \u00e9lectriques ou en gestion de projets de construction, les m\u00e9tiers sont \u00e9troitement li\u00e9s au bien-\u00eatre et \u00e0 la s\u00e9curit\u00e9 dans nos milieux de vie.<\/p>\n<p>Toutefois, ces m\u00e9tiers tirent leur force et leur r\u00e9silience de la s\u00e9curit\u00e9 au travail, une priorit\u00e9 constante du secteur. Nous croyons que les \u00e9tudiants et \u00e9tudiantes d\u2019aujourd\u2019hui seront les d\u00e9fenseurs et architectes de demain en mati\u00e8re de s\u00e9curit\u00e9. Saisissez l\u2019occasion d\u2019am\u00e9liorer les conditions actuelles tout en vous d\u00e9marquant!<\/p>\n<h2 class=\"border-0 mb-0\">Date limite<\/h2>\n<p>Date limite d&rsquo;inscription (prolong\u00e9e) : <strong>1 mars 2024<\/strong>. Le concours se termine <strong>le 15 mars 2024<\/strong>. Toutes les pr\u00e9sentations doivent \u00eatre soumises avant cette date.<\/p>\n<p><a href=\"#registrationform\" class=\"btn btn-download mt-3\">Inscription<\/a><\/p>\n<div class=\"video-container my-5\">\n<iframe width=\"560\" height=\"315\" src=\"https:\/\/www.youtube.com\/embed\/GfD0vPCqH68?si=1dK98zz-G8-vrzID&#038;rel=0\" title=\"YouTube video player\" frameborder=\"0\" allow=\"accelerometer; autoplay; clipboard-write; encrypted-media; gyroscope; picture-in-picture; web-share\" allowfullscreen><\/iframe>\n<\/div>\n<h2 class=\"border-0\">Le Concours d\u2019innovation en s\u00e9curit\u00e9<\/h2>\n<p>Nous invitons les \u00e9tudiantes et \u00e9tudiants des programmes de m\u00e9tiers \u00e0 concevoir des solutions innovantes qui am\u00e9liorent la s\u00e9curit\u00e9 au travail. Les possibilit\u00e9s abondent\u202f: m\u00e9thodes de formation, \u00e9quipement de protection, accessoires in\u00e9dits. Sortez des sentiers battus \u2013 vos id\u00e9es pourraient r\u00e9volutionner le domaine.<\/p>\n<p>Pour participer au concours, en \u00e9quipe de 5 maximum ou individuellement, vous devez soumettre une proposition (5-10\u202fpages) ou une vid\u00e9o (5-10\u202fminutes) qui d\u00e9crit en quoi votre solution optimise la s\u00e9curit\u00e9 au travail. Vous y aborderez les aspects suivants\u202f: <\/p>\n<ul>\n<li class=\"mb-3\"><strong>Survol\u202f:<\/strong> Pr\u00e9sentez bri\u00e8vement le probl\u00e8me de s\u00e9curit\u00e9 auquel votre id\u00e9e apporte une solution, en d\u00e9finissant clairement objectifs et r\u00e9sultats attendus.<\/li>\n<li class=\"mb-3\"><strong>Description\u202f:<\/strong> D\u00e9taillez la solution propos\u00e9e.<\/li>\n<li class=\"mb-3\"><strong>Aspect technique\u202f:<\/strong> Le cas \u00e9ch\u00e9ant, ajoutez des pr\u00e9cisions techniques, des sch\u00e9mas de conception ou tout d\u00e9tail illustrant la faisabilit\u00e9 de votre concept.<\/li>\n<li class=\"mb-3\"><strong>Mise en \u0153uvre\u202f:<\/strong> Sans fournir un prototype complet, pr\u00e9sentez un plan d\u2019ensemble de la mise en \u0153uvre de votre id\u00e9e. Par exemple, quels seraient vos collaborateurs? Pr\u00e9voyez-vous un calendrier de travail ou des exigences en mati\u00e8re de ressources? Ce plan devrait communiquer l\u2019aspect pratique du projet.<\/li>\n<li class=\"mb-3\"><strong>Avantages\u202f:<\/strong> D\u00e9taillez la fa\u00e7on dont votre proposition b\u00e9n\u00e9ficiera non seulement aux travailleurs, mais \u00e9galement aux employeurs, au secteur et \u00e0 la communaut\u00e9.<\/li>\n<li><strong>\u00c9quipe\u202f:<\/strong> Pr\u00e9sentez les membres de votre \u00e9quipe, en soulignant leur exp\u00e9rience, leur champ de comp\u00e9tences et leur r\u00f4le dans le projet.<\/li>\n<\/ul>\n<h2 class=\"border-0\">S\u00e9lection des candidats et candidates<\/h2>\n<p>Les propositions seront examin\u00e9es par un jury. Dix d\u2019entre elles seront s\u00e9lectionn\u00e9es pour une pr\u00e9sentation orale devant les juges. De ce nombre, les 3\u202fplus int\u00e9ressantes se verront attribuer les prix suivants\u202f: <\/p>\n<div class=\"row text-center mt-5\">\n<div class=\"col-12 col-md-4\">\n<div><i class=\"fa-solid fa-award-simple orange\"><\/i><\/div>\n<div class=\"border-bottom mb-3 pb-3\">\n<h3 class=\"mb-0 orange\">1re\u202fplace<\/h3>\n<\/div>\n<div class=\"infographic-number\">5000 $<\/div>\n<\/p><\/div>\n<div class=\"col-12 col-md-4\">\n<div><i class=\"fa-solid fa-award-simple orange\"><\/i><\/div>\n<div class=\"border-bottom mb-3 pb-3\">\n<h3 class=\"mb-0 orange\">2e\u202fplace<\/h3>\n<\/div>\n<div class=\"infographic-number\">3000 $<\/div>\n<\/p><\/div>\n<div class=\"col-12 col-md-4\">\n<div><i class=\"fa-solid fa-award-simple orange\"><\/i><\/div>\n<div class=\"border-bottom mb-3 pb-3\">\n<h3 class=\"mb-0 orange\">3e\u202fplace<\/h3>\n<\/div>\n<div class=\"infographic-number\">2000 $<\/div>\n<\/p><\/div>\n<\/div>\n<h2 class=\"border-0\">Pourquoi participer ?<\/h2>\n<ul>\n<li class=\"mb-3\"><strong>R\u00f4le actif dans la s\u00e9curit\u00e9 de demain\u202f:<\/strong> Vos id\u00e9es s\u2019int\u00e9greront \u00e0 l\u2019effort collectif d\u2019assurer un avenir s\u00e9curitaire dans les m\u00e9tiers sp\u00e9cialis\u00e9s.<\/li>\n<li class=\"mb-3\"><strong>Enrichissement du CV\u202f:<\/strong> Votre CV se d\u00e9marquera par votre talent \u00e0 r\u00e9soudre les probl\u00e8mes, votre cr\u00e9ativit\u00e9 et votre engagement envers les m\u00e9tiers.<\/li>\n<li><strong>Reconnaissance nationale\u202f:<\/strong> Votre proposition b\u00e9n\u00e9ficiera d\u2019une reconnaissance bien m\u00e9rit\u00e9e au sein du secteur postsecondaire canadien. <\/li>\n<\/ul>\n<h2 class=\"border-0 mb-0\">Date limite<\/h2>\n<p>Date limite d&rsquo;inscription (prolong\u00e9e) : <strong>1 mars 2024<\/strong>. Le concours se termine <strong>le 15 mars 2024<\/strong>. Toutes les pr\u00e9sentations doivent \u00eatre soumises avant cette date.<\/p>\n<h2 class=\"border-0 mb-0\" id=\"registrationform\">Vous vous sentez de taille ? Inscrivez-vous !<\/h2>\n<div class=\"alert alert-primary p-5 mb-5 text-center\" role=\"alert\">\n<p class=\"lead mb-0\"><strong>La p\u00e9riode d&rsquo;inscription est maintenant termin\u00e9e.<\/strong><\/p>\n<\/div>\n<div class=\"mt-5 pt-5 border-top small\">\n\tCe concours est le fruit d\u2019une collaboration entre Coll\u00e8ges et instituts Canada (CICan) et <a href=\"https:\/\/www.markscommercial.com\/fr-ca\/accueil\" target=\"_blank\" rel=\"noopener\">l&rsquo;\u00c9quipeur commercial<\/a>.  <\/p>\n<p>\tl&rsquo;\u00c9quipeur commercial s\u2019engage \u00e0 soutenir la prochaine g\u00e9n\u00e9ration de visionnaires des m\u00e9tiers sp\u00e9cialis\u00e9s et investit dans les occasions offertes aux \u00e9tudiants et \u00e9tudiantes de pr\u00e9senter leurs d\u00e9couvertes en mati\u00e8re de s\u00e9curit\u00e9. Nous nous int\u00e9ressons particuli\u00e8rement aux technologies de pointe qui appuient l\u2019effort collectif de s\u00e9curit\u00e9 au travail. En \u00e9paulant les innovateurs de demain, nous affirmons notre confiance dans un avenir prometteur pour le secteur et pour les talents qui y contribuent. Nous demeurons fid\u00e8les \u00e0 notre mission de favoriser la croissance, l\u2019innovation et la s\u00e9curit\u00e9 dans les m\u00e9tiers sp\u00e9cialis\u00e9s, et poursuivrons cet effort pour les ann\u00e9es \u00e0 venir. <\/p>\n<p>\t<a href=\"https:\/\/www.collegesinstitutes.ca\/fr\/news-release\/colleges-et-instituts-canada-etablit-un-partenariat-avec-marks-commercial-pour-accroitre-la-presence-des-groupes-vises-par-lequite-dans-les-metiers-specialises\/\" rel=\"noopener\" target=\"_blank\">En savoir plus sur notre partenariat.<\/a>\n<\/div>\n<div class=\"mt-5 pt-5 border-top\">\n<h3>Bo\u00eete \u00e0 outils promotionnelle<\/h3>\n<p>\tAcc\u00e9dez \u00e0 des affiches, des graphiques pour les m\u00e9dias sociaux et des vid\u00e9os pour promouvoir ce concours dans votre \u00e9tablissement. <a href=\"https:\/\/collegesinstitutes.sharepoint.com\/:f:\/g\/extcollab\/Evz0pDEDXtRPpQ3lF2sR_9kBLGMjW8xGi0Y0_JEtRLGGlA?e=ysADVi\" target=\"_blank\" rel=\"noopener\">Acc\u00e9der \u00e0 la bo\u00eete \u00e0 outils<\/a>\n<\/div>\n<div class=\"mt-5 pt-5 border-top\">\n<h3>Restez connect\u00e9<\/h3>\n<p>\tSuivez-nous sur les m\u00e9dias sociaux pour obtenir des nouvelles r\u00e9guli\u00e8res sur le concours. <\/p>\n<div class=\"mt-4\">\n\t\t<a href=\"https:\/\/www.facebook.com\/collegecan\" target=\"_blank\" class=\"text-dark\" rel=\"noopener\"><i class=\"fs-3 fa-brands fa-square-facebook mx-2\"><\/i><\/a><a href=\"https:\/\/twitter.com\/CollegeCan\" target=\"_blank\" class=\"text-dark\" rel=\"noopener\"><i class=\"fs-3 fa-brands fa-square-twitter mx-2\"><\/i><\/a><a href=\"https:\/\/linkedin.com\/company\/collegecan\" target=\"_blank\" class=\"text-dark\" rel=\"noopener\"><i class=\"fs-3 fa-brands fa-linkedin mx-2\"><\/i><\/a><a href=\"https:\/\/www.instagram.com\/college_can\/\" target=\"_blank\" class=\"text-dark\" rel=\"noopener\"><i class=\"fs-3 fa-brands fa-square-instagram mx-2\"><\/i><\/a><a href=\"https:\/\/www.youtube.com\/c\/CollegesandInstitutesCanada\" target=\"_blank\" class=\"text-dark\" rel=\"noopener\"><i class=\"fs-3 fa-brands fa-youtube mx-2\"><\/i><\/a><\/p>\n<p class=\"lead\">Utilisez le mot-clic <strong>#S\u00e9curit\u00e9AuTravailCA<\/strong> pour participer \u00e0 la conversation ! <\/p>\n<\/p><\/div>\n<\/div>\n<p><script type=\"text\/javascript\" src=\"https:\/\/analytics.clickdimensions.com\/ts.js\" > <\/script><\/p>\n<p><script type=\"text\/javascript\">\n  var cdAnalytics = new clickdimensions.Analytics('analytics.clickdimensions.com');\n  cdAnalytics.setAccountKey('aIZMTwCyxq0wMumx77fg');\n  cdAnalytics.setDomain('collegesinstitutes.ca');\n  cdAnalytics.setScore(typeof(cdScore) == \"undefined\" ? 0 : (cdScore == 0 ? null : cdScore));\n  cdAnalytics.trackPage();\n<\/script><\/p>\n<p><script type=\"text\/javascript\" src=\"https:\/\/analytics.clickdimensions.com\/js\/ClickDGravityFormMapper.min.js\">\n<\/script><\/p>\n<p><script type=\"text\/javascript\">\nvar mapper = ClickDGravityFormsMapper();\nmapper.Init({\nUrl: 'http:\/\/analytics.clickdimensions.com\/forms\/h\/av2LRVARCZUasKYD21OdRA',\nUseRecaptchaV3: false,\nFormId: 'gform_133',\nMapping: [\n{ GFId: 'input_133_9', CDId: 'TempMarksTeamName'},\n{ GFId: 'input_133_5', CDId: 'Phone'},\n{ GFId: 'input_133_3', CDId: 'Title'},\n{ GFId: 'input_133_4', CDId: 'EmailAddress'},\n{ GFId: 'input_133_12', CDId: 'Organization'},\n{ GFId: 'input_133_2', CDId: 'LastName'},\n{ GFId: 'input_133_1', CDId: 'FirstName'},\n{ GFId: 'input_133_6', CDId: 'CollegeInstitute'},\n]\n});\n<\/script><\/p>\n","protected":false},"excerpt":{"rendered":"<p>Concours de pr\u00e9sentations \u00e9tudiantesSoyez au c\u0153ur de l\u2019\u00e9volution des m\u00e9tiers sp\u00e9cialis\u00e9s! Vous voulez fa\u00e7onner l\u2019avenir dans le secteur? La main-d\u2019\u0153uvre sp\u00e9cialis\u00e9e est vitale pour notre \u00e9conomie et joue un r\u00f4le&#8230;<\/p>\n","protected":false},"author":2,"featured_media":33139,"parent":0,"menu_order":0,"comment_status":"closed","ping_status":"closed","template":"page-nosubmenu.php","meta":{"_acf_changed":false,"footnotes":""},"categories":[],"tags":[],"class_list":["post-33125","page","type-page","status-publish","has-post-thumbnail","hentry"],"acf":[],"yoast_head":"<!-- This site is optimized with the Yoast SEO plugin v27.5 - https:\/\/yoast.com\/product\/yoast-seo-wordpress\/ -->\n<title>Concours d\u2019innovation en s\u00e9curit\u00e9 - Colleges and Institutes Canada<\/title>\n<meta name=\"robots\" content=\"index, follow, max-snippet:-1, max-image-preview:large, max-video-preview:-1\" \/>\n<link rel=\"canonical\" href=\"https:\/\/www.collegesinstitutes.ca\/fr\/securite-au-travail\/\" \/>\n<meta property=\"og:locale\" content=\"fr_FR\" \/>\n<meta property=\"og:type\" content=\"article\" \/>\n<meta property=\"og:title\" content=\"Concours d\u2019innovation en s\u00e9curit\u00e9 - Colleges and Institutes Canada\" \/>\n<meta property=\"og:description\" content=\"Concours de pr\u00e9sentations \u00e9tudiantesSoyez au c\u0153ur de l\u2019\u00e9volution des m\u00e9tiers sp\u00e9cialis\u00e9s! Vous voulez fa\u00e7onner l\u2019avenir dans le secteur? La main-d\u2019\u0153uvre sp\u00e9cialis\u00e9e est vitale pour notre \u00e9conomie et joue un r\u00f4le...\" \/>\n<meta property=\"og:url\" content=\"https:\/\/www.collegesinstitutes.ca\/fr\/securite-au-travail\/\" \/>\n<meta property=\"og:site_name\" content=\"Colleges and Institutes Canada\" \/>\n<meta property=\"article:modified_time\" content=\"2024-03-06T19:38:40+00:00\" \/>\n<meta property=\"og:image\" content=\"https:\/\/www.collegesinstitutes.ca\/wp-content\/uploads\/2024\/01\/header-img-marks-2024-competition-fr.jpg\" \/>\n\t<meta property=\"og:image:width\" content=\"1200\" \/>\n\t<meta property=\"og:image:height\" content=\"627\" \/>\n\t<meta property=\"og:image:type\" content=\"image\/jpeg\" \/>\n<meta name=\"twitter:card\" content=\"summary_large_image\" \/>\n<meta name=\"twitter:label1\" content=\"Est. reading time\" \/>\n\t<meta name=\"twitter:data1\" content=\"4 minutes\" \/>\n<script type=\"application\/ld+json\" class=\"yoast-schema-graph\">{\"@context\":\"https:\\\/\\\/schema.org\",\"@graph\":[{\"@type\":\"WebPage\",\"@id\":\"https:\\\/\\\/www.collegesinstitutes.ca\\\/fr\\\/securite-au-travail\\\/\",\"url\":\"https:\\\/\\\/www.collegesinstitutes.ca\\\/fr\\\/securite-au-travail\\\/\",\"name\":\"Concours d\u2019innovation en s\u00e9curit\u00e9 - Colleges and Institutes Canada\",\"isPartOf\":{\"@id\":\"https:\\\/\\\/www.collegesinstitutes.ca\\\/fr\\\/#website\"},\"primaryImageOfPage\":{\"@id\":\"https:\\\/\\\/www.collegesinstitutes.ca\\\/fr\\\/securite-au-travail\\\/#primaryimage\"},\"image\":{\"@id\":\"https:\\\/\\\/www.collegesinstitutes.ca\\\/fr\\\/securite-au-travail\\\/#primaryimage\"},\"thumbnailUrl\":\"https:\\\/\\\/www.collegesinstitutes.ca\\\/wp-content\\\/uploads\\\/2024\\\/01\\\/header-img-marks-2024-competition-fr.jpg\",\"datePublished\":\"2023-12-20T18:49:00+00:00\",\"dateModified\":\"2024-03-06T19:38:40+00:00\",\"breadcrumb\":{\"@id\":\"https:\\\/\\\/www.collegesinstitutes.ca\\\/fr\\\/securite-au-travail\\\/#breadcrumb\"},\"inLanguage\":\"fr-FR\",\"potentialAction\":[{\"@type\":\"ReadAction\",\"target\":[\"https:\\\/\\\/www.collegesinstitutes.ca\\\/fr\\\/securite-au-travail\\\/\"]}]},{\"@type\":\"ImageObject\",\"inLanguage\":\"fr-FR\",\"@id\":\"https:\\\/\\\/www.collegesinstitutes.ca\\\/fr\\\/securite-au-travail\\\/#primaryimage\",\"url\":\"https:\\\/\\\/www.collegesinstitutes.ca\\\/wp-content\\\/uploads\\\/2024\\\/01\\\/header-img-marks-2024-competition-fr.jpg\",\"contentUrl\":\"https:\\\/\\\/www.collegesinstitutes.ca\\\/wp-content\\\/uploads\\\/2024\\\/01\\\/header-img-marks-2024-competition-fr.jpg\",\"width\":1200,\"height\":627},{\"@type\":\"BreadcrumbList\",\"@id\":\"https:\\\/\\\/www.collegesinstitutes.ca\\\/fr\\\/securite-au-travail\\\/#breadcrumb\",\"itemListElement\":[{\"@type\":\"ListItem\",\"position\":1,\"name\":\"Home\",\"item\":\"https:\\\/\\\/www.collegesinstitutes.ca\\\/fr\\\/\"},{\"@type\":\"ListItem\",\"position\":2,\"name\":\"Concours d\u2019innovation en s\u00e9curit\u00e9\"}]},{\"@type\":\"WebSite\",\"@id\":\"https:\\\/\\\/www.collegesinstitutes.ca\\\/fr\\\/#website\",\"url\":\"https:\\\/\\\/www.collegesinstitutes.ca\\\/fr\\\/\",\"name\":\"Colleges and Institutes Canada\",\"description\":\"The Voice of Canada&#039;s Colleges &amp; Institutes\",\"publisher\":{\"@id\":\"https:\\\/\\\/www.collegesinstitutes.ca\\\/fr\\\/#organization\"},\"potentialAction\":[{\"@type\":\"SearchAction\",\"target\":{\"@type\":\"EntryPoint\",\"urlTemplate\":\"https:\\\/\\\/www.collegesinstitutes.ca\\\/fr\\\/?s={search_term_string}\"},\"query-input\":{\"@type\":\"PropertyValueSpecification\",\"valueRequired\":true,\"valueName\":\"search_term_string\"}}],\"inLanguage\":\"fr-FR\"},{\"@type\":\"Organization\",\"@id\":\"https:\\\/\\\/www.collegesinstitutes.ca\\\/fr\\\/#organization\",\"name\":\"Colleges and Institutes Canada\",\"url\":\"https:\\\/\\\/www.collegesinstitutes.ca\\\/fr\\\/\",\"logo\":{\"@type\":\"ImageObject\",\"inLanguage\":\"fr-FR\",\"@id\":\"https:\\\/\\\/www.collegesinstitutes.ca\\\/fr\\\/#\\\/schema\\\/logo\\\/image\\\/\",\"url\":\"https:\\\/\\\/www.collegesinstitutes.ca\\\/wp-content\\\/uploads\\\/2025\\\/06\\\/logo-en.png\",\"contentUrl\":\"https:\\\/\\\/www.collegesinstitutes.ca\\\/wp-content\\\/uploads\\\/2025\\\/06\\\/logo-en.png\",\"width\":794,\"height\":280,\"caption\":\"Colleges and Institutes Canada\"},\"image\":{\"@id\":\"https:\\\/\\\/www.collegesinstitutes.ca\\\/fr\\\/#\\\/schema\\\/logo\\\/image\\\/\"}}]}<\/script>\n<!-- \/ Yoast SEO plugin. -->","yoast_head_json":{"title":"Concours d\u2019innovation en s\u00e9curit\u00e9 - Colleges and Institutes Canada","robots":{"index":"index","follow":"follow","max-snippet":"max-snippet:-1","max-image-preview":"max-image-preview:large","max-video-preview":"max-video-preview:-1"},"canonical":"https:\/\/www.collegesinstitutes.ca\/fr\/securite-au-travail\/","og_locale":"fr_FR","og_type":"article","og_title":"Concours d\u2019innovation en s\u00e9curit\u00e9 - Colleges and Institutes Canada","og_description":"Concours de pr\u00e9sentations \u00e9tudiantesSoyez au c\u0153ur de l\u2019\u00e9volution des m\u00e9tiers sp\u00e9cialis\u00e9s! Vous voulez fa\u00e7onner l\u2019avenir dans le secteur? La main-d\u2019\u0153uvre sp\u00e9cialis\u00e9e est vitale pour notre \u00e9conomie et joue un r\u00f4le...","og_url":"https:\/\/www.collegesinstitutes.ca\/fr\/securite-au-travail\/","og_site_name":"Colleges and Institutes Canada","article_modified_time":"2024-03-06T19:38:40+00:00","og_image":[{"width":1200,"height":627,"url":"https:\/\/www.collegesinstitutes.ca\/wp-content\/uploads\/2024\/01\/header-img-marks-2024-competition-fr.jpg","type":"image\/jpeg"}],"twitter_card":"summary_large_image","twitter_misc":{"Est. reading time":"4 minutes"},"schema":{"@context":"https:\/\/schema.org","@graph":[{"@type":"WebPage","@id":"https:\/\/www.collegesinstitutes.ca\/fr\/securite-au-travail\/","url":"https:\/\/www.collegesinstitutes.ca\/fr\/securite-au-travail\/","name":"Concours d\u2019innovation en s\u00e9curit\u00e9 - Colleges and Institutes Canada","isPartOf":{"@id":"https:\/\/www.collegesinstitutes.ca\/fr\/#website"},"primaryImageOfPage":{"@id":"https:\/\/www.collegesinstitutes.ca\/fr\/securite-au-travail\/#primaryimage"},"image":{"@id":"https:\/\/www.collegesinstitutes.ca\/fr\/securite-au-travail\/#primaryimage"},"thumbnailUrl":"https:\/\/www.collegesinstitutes.ca\/wp-content\/uploads\/2024\/01\/header-img-marks-2024-competition-fr.jpg","datePublished":"2023-12-20T18:49:00+00:00","dateModified":"2024-03-06T19:38:40+00:00","breadcrumb":{"@id":"https:\/\/www.collegesinstitutes.ca\/fr\/securite-au-travail\/#breadcrumb"},"inLanguage":"fr-FR","potentialAction":[{"@type":"ReadAction","target":["https:\/\/www.collegesinstitutes.ca\/fr\/securite-au-travail\/"]}]},{"@type":"ImageObject","inLanguage":"fr-FR","@id":"https:\/\/www.collegesinstitutes.ca\/fr\/securite-au-travail\/#primaryimage","url":"https:\/\/www.collegesinstitutes.ca\/wp-content\/uploads\/2024\/01\/header-img-marks-2024-competition-fr.jpg","contentUrl":"https:\/\/www.collegesinstitutes.ca\/wp-content\/uploads\/2024\/01\/header-img-marks-2024-competition-fr.jpg","width":1200,"height":627},{"@type":"BreadcrumbList","@id":"https:\/\/www.collegesinstitutes.ca\/fr\/securite-au-travail\/#breadcrumb","itemListElement":[{"@type":"ListItem","position":1,"name":"Home","item":"https:\/\/www.collegesinstitutes.ca\/fr\/"},{"@type":"ListItem","position":2,"name":"Concours d\u2019innovation en s\u00e9curit\u00e9"}]},{"@type":"WebSite","@id":"https:\/\/www.collegesinstitutes.ca\/fr\/#website","url":"https:\/\/www.collegesinstitutes.ca\/fr\/","name":"Colleges and Institutes Canada","description":"The Voice of Canada&#039;s Colleges &amp; Institutes","publisher":{"@id":"https:\/\/www.collegesinstitutes.ca\/fr\/#organization"},"potentialAction":[{"@type":"SearchAction","target":{"@type":"EntryPoint","urlTemplate":"https:\/\/www.collegesinstitutes.ca\/fr\/?s={search_term_string}"},"query-input":{"@type":"PropertyValueSpecification","valueRequired":true,"valueName":"search_term_string"}}],"inLanguage":"fr-FR"},{"@type":"Organization","@id":"https:\/\/www.collegesinstitutes.ca\/fr\/#organization","name":"Colleges and Institutes Canada","url":"https:\/\/www.collegesinstitutes.ca\/fr\/","logo":{"@type":"ImageObject","inLanguage":"fr-FR","@id":"https:\/\/www.collegesinstitutes.ca\/fr\/#\/schema\/logo\/image\/","url":"https:\/\/www.collegesinstitutes.ca\/wp-content\/uploads\/2025\/06\/logo-en.png","contentUrl":"https:\/\/www.collegesinstitutes.ca\/wp-content\/uploads\/2025\/06\/logo-en.png","width":794,"height":280,"caption":"Colleges and Institutes Canada"},"image":{"@id":"https:\/\/www.collegesinstitutes.ca\/fr\/#\/schema\/logo\/image\/"}}]}},"_links":{"self":[{"href":"https:\/\/www.collegesinstitutes.ca\/fr\/wp-json\/wp\/v2\/pages\/33125","targetHints":{"allow":["GET"]}}],"collection":[{"href":"https:\/\/www.collegesinstitutes.ca\/fr\/wp-json\/wp\/v2\/pages"}],"about":[{"href":"https:\/\/www.collegesinstitutes.ca\/fr\/wp-json\/wp\/v2\/types\/page"}],"author":[{"embeddable":true,"href":"https:\/\/www.collegesinstitutes.ca\/fr\/wp-json\/wp\/v2\/users\/2"}],"replies":[{"embeddable":true,"href":"https:\/\/www.collegesinstitutes.ca\/fr\/wp-json\/wp\/v2\/comments?post=33125"}],"version-history":[{"count":0,"href":"https:\/\/www.collegesinstitutes.ca\/fr\/wp-json\/wp\/v2\/pages\/33125\/revisions"}],"wp:featuredmedia":[{"embeddable":true,"href":"https:\/\/www.collegesinstitutes.ca\/fr\/wp-json\/wp\/v2\/media\/33139"}],"wp:attachment":[{"href":"https:\/\/www.collegesinstitutes.ca\/fr\/wp-json\/wp\/v2\/media?parent=33125"}],"wp:term":[{"taxonomy":"category","embeddable":true,"href":"https:\/\/www.collegesinstitutes.ca\/fr\/wp-json\/wp\/v2\/categories?post=33125"},{"taxonomy":"post_tag","embeddable":true,"href":"https:\/\/www.collegesinstitutes.ca\/fr\/wp-json\/wp\/v2\/tags?post=33125"}],"curies":[{"name":"wp","href":"https:\/\/api.w.org\/{rel}","templated":true}]}}