{"id":32932,"date":"2023-11-27T18:10:52","date_gmt":"2023-11-27T18:10:52","guid":{"rendered":"https:\/\/www.collegesinstitutes.ca\/?page_id=32932"},"modified":"2023-11-27T18:15:46","modified_gmt":"2023-11-27T18:15:46","slug":"bourse-denise-amyot","status":"publish","type":"page","link":"https:\/\/www.collegesinstitutes.ca\/fr\/notre-role\/programme-bourses-cican\/bourse-denise-amyot\/","title":{"rendered":"Bourse Denise Amyot"},"content":{"rendered":"<p class=\"lead\">Coll\u00e8ges et instituts Canada (CICan) est fi\u00e8re d\u2019annoncer l\u2019instauration de la Bourse Denise Amyot, en hommage au travail remarquable de celle qui aura \u00e9t\u00e9 notre pr\u00e9sidente-directrice g\u00e9n\u00e9rale de 2013 \u00e0 2023. Son leadership n\u2019est pas pr\u00e8s d\u2019\u00eatre oubli\u00e9.<\/p>\n<p>La bourse Denise Amyot est plus qu\u2019une marque de consid\u00e9ration. Elle repr\u00e9sente notre engagement \u00e0 prolonger l\u2019\u0153uvre de Denise, porteuse d\u2019une croissance inclusive et durable qui a grandement influenc\u00e9 le syst\u00e8me actuel des coll\u00e8ges et instituts.  <\/p>\n<p>Cette bourse est destin\u00e9e aux <strong>\u00e9tudiantes et \u00e9tudiants postsecondaires de premi\u00e8re g\u00e9n\u00e9ration<\/strong> inscrits dans un \u00e9tablissement membre de CICan, et particuli\u00e8rement \u00e0 ceux et celles qui d\u00e9montrent de la r\u00e9silience, de la d\u00e9termination et un potentiel de leadership en m\u00eame temps qu\u2019un besoin d\u2019aide financi\u00e8re. Cette bourse permet de souligner les difficult\u00e9s rencontr\u00e9es par ces personnes en tant que premi\u00e8res de leur famille \u00e0 poursuivre des \u00e9tudes postsecondaires. Ces personnes, tout comme Denise, ont fait l\u2019exp\u00e9rience de l\u2019effet transformateur des \u00e9tudes comme levier important \u00e0 la r\u00e9ussite d\u2019une carri\u00e8re et sont une source d\u2019inspiration pour ceux et celles qui suivent.    <\/p>\n<p>Denise souhaite que cette bourse ne marque que le d\u00e9but d\u2019une longue tradition d\u2019incitation au leadership. Elle esp\u00e8re inspirer de futurs et futures PDG ainsi que le vaste r\u00e9seau de CICan \u00e0 cr\u00e9er des bourses de m\u00eame nature, afin de b\u00e2tir un h\u00e9ritage de soutien et d\u2019ouverture aux possibilit\u00e9s qu\u2019offre l\u2019\u00e9ducation postsecondaire.  <\/p>\n<p>Des ann\u00e9es d\u2019efforts d\u00e9vou\u00e9s ont permis \u00e0 Denise de constituer une r\u00e9serve de <strong>plus de 70\u202f000\u202f$<\/strong> \u00e0 m\u00eame ses fonds personnels.  <\/p>\n<p>Joignez-vous \u00e0 elle en soutenant l\u2019\u00e9ducation comme vecteur de changement durable. Votre contribution \u00e0 la bourse Denise Amyot permettra d\u2019assurer la continuit\u00e9 de l\u2019octroi d\u2019une <strong>bourse annuelle de 5 000\u202f$<\/strong>.   <\/p>\n<p class=\"mb-4 mb-md-5\"><strong>Tout montant est admissible \u00e0 un re\u00e7u officiel.<\/strong><\/p>\n<p><script id=\"ch_cdn_embed\" type=\"text\/javascript\" src=\"https:\/\/www.canadahelps.org\/secure\/js\/cdf_embed.2.js\" charSet=\"utf-8\" data-language=\"fr\" data-page-id=\"96638\" data-root-url=\"https:\/\/www.canadahelps.org\" data-formtype=\"0\" data-cfasync=\"false\"><\/script><\/p>\n","protected":false},"excerpt":{"rendered":"<p>Coll\u00e8ges et instituts Canada (CICan) est fi\u00e8re d\u2019annoncer l\u2019instauration de la Bourse Denise Amyot, en hommage au travail remarquable de celle qui aura \u00e9t\u00e9 notre pr\u00e9sidente-directrice g\u00e9n\u00e9rale de 2013 \u00e0&#8230;<\/p>\n","protected":false},"author":1,"featured_media":32927,"parent":10691,"menu_order":0,"comment_status":"closed","ping_status":"closed","template":"page-nosubmenu.php","meta":{"_acf_changed":false,"footnotes":""},"categories":[],"tags":[],"class_list":["post-32932","page","type-page","status-publish","has-post-thumbnail","hentry"],"acf":[],"yoast_head":"<!-- This site is optimized with the Yoast SEO plugin v27.3 - https:\/\/yoast.com\/product\/yoast-seo-wordpress\/ -->\n<title>Bourse Denise Amyot - Colleges and Institutes Canada<\/title>\n<meta name=\"robots\" content=\"index, follow, max-snippet:-1, max-image-preview:large, max-video-preview:-1\" \/>\n<link rel=\"canonical\" href=\"https:\/\/www.collegesinstitutes.ca\/fr\/notre-role\/programme-bourses-cican\/bourse-denise-amyot\/\" \/>\n<meta property=\"og:locale\" content=\"fr_FR\" \/>\n<meta property=\"og:type\" content=\"article\" \/>\n<meta property=\"og:title\" content=\"Bourse Denise Amyot - Colleges and Institutes Canada\" \/>\n<meta property=\"og:description\" content=\"Coll\u00e8ges et instituts Canada (CICan) est fi\u00e8re d\u2019annoncer l\u2019instauration de la Bourse Denise Amyot, en hommage au travail remarquable de celle qui aura \u00e9t\u00e9 notre pr\u00e9sidente-directrice g\u00e9n\u00e9rale de 2013 \u00e0...\" \/>\n<meta property=\"og:url\" content=\"https:\/\/www.collegesinstitutes.ca\/fr\/notre-role\/programme-bourses-cican\/bourse-denise-amyot\/\" \/>\n<meta property=\"og:site_name\" content=\"Colleges and Institutes Canada\" \/>\n<meta property=\"article:modified_time\" content=\"2023-11-27T18:15:46+00:00\" \/>\n<meta property=\"og:image\" content=\"https:\/\/www.collegesinstitutes.ca\/wp-content\/uploads\/2023\/11\/header-img-Denise_Amyot_Bursary_Fr.jpg\" \/>\n\t<meta property=\"og:image:width\" content=\"1201\" \/>\n\t<meta property=\"og:image:height\" content=\"629\" \/>\n\t<meta property=\"og:image:type\" content=\"image\/jpeg\" \/>\n<meta name=\"twitter:card\" content=\"summary_large_image\" \/>\n<meta name=\"twitter:label1\" content=\"Est. reading time\" \/>\n\t<meta name=\"twitter:data1\" content=\"2 minutes\" \/>\n<script type=\"application\/ld+json\" class=\"yoast-schema-graph\">{\"@context\":\"https:\\\/\\\/schema.org\",\"@graph\":[{\"@type\":\"WebPage\",\"@id\":\"https:\\\/\\\/www.collegesinstitutes.ca\\\/fr\\\/notre-role\\\/programme-bourses-cican\\\/bourse-denise-amyot\\\/\",\"url\":\"https:\\\/\\\/www.collegesinstitutes.ca\\\/fr\\\/notre-role\\\/programme-bourses-cican\\\/bourse-denise-amyot\\\/\",\"name\":\"Bourse Denise Amyot - Colleges and Institutes Canada\",\"isPartOf\":{\"@id\":\"https:\\\/\\\/www.collegesinstitutes.ca\\\/fr\\\/#website\"},\"primaryImageOfPage\":{\"@id\":\"https:\\\/\\\/www.collegesinstitutes.ca\\\/fr\\\/notre-role\\\/programme-bourses-cican\\\/bourse-denise-amyot\\\/#primaryimage\"},\"image\":{\"@id\":\"https:\\\/\\\/www.collegesinstitutes.ca\\\/fr\\\/notre-role\\\/programme-bourses-cican\\\/bourse-denise-amyot\\\/#primaryimage\"},\"thumbnailUrl\":\"https:\\\/\\\/www.collegesinstitutes.ca\\\/wp-content\\\/uploads\\\/2023\\\/11\\\/header-img-Denise_Amyot_Bursary_Fr.jpg\",\"datePublished\":\"2023-11-27T18:10:52+00:00\",\"dateModified\":\"2023-11-27T18:15:46+00:00\",\"breadcrumb\":{\"@id\":\"https:\\\/\\\/www.collegesinstitutes.ca\\\/fr\\\/notre-role\\\/programme-bourses-cican\\\/bourse-denise-amyot\\\/#breadcrumb\"},\"inLanguage\":\"fr-FR\",\"potentialAction\":[{\"@type\":\"ReadAction\",\"target\":[\"https:\\\/\\\/www.collegesinstitutes.ca\\\/fr\\\/notre-role\\\/programme-bourses-cican\\\/bourse-denise-amyot\\\/\"]}]},{\"@type\":\"ImageObject\",\"inLanguage\":\"fr-FR\",\"@id\":\"https:\\\/\\\/www.collegesinstitutes.ca\\\/fr\\\/notre-role\\\/programme-bourses-cican\\\/bourse-denise-amyot\\\/#primaryimage\",\"url\":\"https:\\\/\\\/www.collegesinstitutes.ca\\\/wp-content\\\/uploads\\\/2023\\\/11\\\/header-img-Denise_Amyot_Bursary_Fr.jpg\",\"contentUrl\":\"https:\\\/\\\/www.collegesinstitutes.ca\\\/wp-content\\\/uploads\\\/2023\\\/11\\\/header-img-Denise_Amyot_Bursary_Fr.jpg\",\"width\":1201,\"height\":629,\"caption\":\"Bourse Denise Amyot\"},{\"@type\":\"BreadcrumbList\",\"@id\":\"https:\\\/\\\/www.collegesinstitutes.ca\\\/fr\\\/notre-role\\\/programme-bourses-cican\\\/bourse-denise-amyot\\\/#breadcrumb\",\"itemListElement\":[{\"@type\":\"ListItem\",\"position\":1,\"name\":\"Home\",\"item\":\"https:\\\/\\\/www.collegesinstitutes.ca\\\/fr\\\/\"},{\"@type\":\"ListItem\",\"position\":2,\"name\":\"Notre r\u00f4le\",\"item\":\"https:\\\/\\\/www.collegesinstitutes.ca\\\/fr\\\/notre-role\\\/\"},{\"@type\":\"ListItem\",\"position\":3,\"name\":\"Programme de bourses de CICan\",\"item\":\"https:\\\/\\\/www.collegesinstitutes.ca\\\/fr\\\/notre-role\\\/programme-bourses-cican\\\/\"},{\"@type\":\"ListItem\",\"position\":4,\"name\":\"Bourse Denise Amyot\"}]},{\"@type\":\"WebSite\",\"@id\":\"https:\\\/\\\/www.collegesinstitutes.ca\\\/fr\\\/#website\",\"url\":\"https:\\\/\\\/www.collegesinstitutes.ca\\\/fr\\\/\",\"name\":\"Colleges and Institutes Canada\",\"description\":\"The Voice of Canada&#039;s Colleges &amp; Institutes\",\"publisher\":{\"@id\":\"https:\\\/\\\/www.collegesinstitutes.ca\\\/fr\\\/#organization\"},\"potentialAction\":[{\"@type\":\"SearchAction\",\"target\":{\"@type\":\"EntryPoint\",\"urlTemplate\":\"https:\\\/\\\/www.collegesinstitutes.ca\\\/fr\\\/?s={search_term_string}\"},\"query-input\":{\"@type\":\"PropertyValueSpecification\",\"valueRequired\":true,\"valueName\":\"search_term_string\"}}],\"inLanguage\":\"fr-FR\"},{\"@type\":\"Organization\",\"@id\":\"https:\\\/\\\/www.collegesinstitutes.ca\\\/fr\\\/#organization\",\"name\":\"Colleges and Institutes Canada\",\"url\":\"https:\\\/\\\/www.collegesinstitutes.ca\\\/fr\\\/\",\"logo\":{\"@type\":\"ImageObject\",\"inLanguage\":\"fr-FR\",\"@id\":\"https:\\\/\\\/www.collegesinstitutes.ca\\\/fr\\\/#\\\/schema\\\/logo\\\/image\\\/\",\"url\":\"https:\\\/\\\/www.collegesinstitutes.ca\\\/wp-content\\\/uploads\\\/2025\\\/06\\\/logo-en.png\",\"contentUrl\":\"https:\\\/\\\/www.collegesinstitutes.ca\\\/wp-content\\\/uploads\\\/2025\\\/06\\\/logo-en.png\",\"width\":794,\"height\":280,\"caption\":\"Colleges and Institutes Canada\"},\"image\":{\"@id\":\"https:\\\/\\\/www.collegesinstitutes.ca\\\/fr\\\/#\\\/schema\\\/logo\\\/image\\\/\"}}]}<\/script>\n<!-- \/ Yoast SEO plugin. -->","yoast_head_json":{"title":"Bourse Denise Amyot - Colleges and Institutes Canada","robots":{"index":"index","follow":"follow","max-snippet":"max-snippet:-1","max-image-preview":"max-image-preview:large","max-video-preview":"max-video-preview:-1"},"canonical":"https:\/\/www.collegesinstitutes.ca\/fr\/notre-role\/programme-bourses-cican\/bourse-denise-amyot\/","og_locale":"fr_FR","og_type":"article","og_title":"Bourse Denise Amyot - Colleges and Institutes Canada","og_description":"Coll\u00e8ges et instituts Canada (CICan) est fi\u00e8re d\u2019annoncer l\u2019instauration de la Bourse Denise Amyot, en hommage au travail remarquable de celle qui aura \u00e9t\u00e9 notre pr\u00e9sidente-directrice g\u00e9n\u00e9rale de 2013 \u00e0...","og_url":"https:\/\/www.collegesinstitutes.ca\/fr\/notre-role\/programme-bourses-cican\/bourse-denise-amyot\/","og_site_name":"Colleges and Institutes Canada","article_modified_time":"2023-11-27T18:15:46+00:00","og_image":[{"width":1201,"height":629,"url":"https:\/\/www.collegesinstitutes.ca\/wp-content\/uploads\/2023\/11\/header-img-Denise_Amyot_Bursary_Fr.jpg","type":"image\/jpeg"}],"twitter_card":"summary_large_image","twitter_misc":{"Est. reading time":"2 minutes"},"schema":{"@context":"https:\/\/schema.org","@graph":[{"@type":"WebPage","@id":"https:\/\/www.collegesinstitutes.ca\/fr\/notre-role\/programme-bourses-cican\/bourse-denise-amyot\/","url":"https:\/\/www.collegesinstitutes.ca\/fr\/notre-role\/programme-bourses-cican\/bourse-denise-amyot\/","name":"Bourse Denise Amyot - Colleges and Institutes Canada","isPartOf":{"@id":"https:\/\/www.collegesinstitutes.ca\/fr\/#website"},"primaryImageOfPage":{"@id":"https:\/\/www.collegesinstitutes.ca\/fr\/notre-role\/programme-bourses-cican\/bourse-denise-amyot\/#primaryimage"},"image":{"@id":"https:\/\/www.collegesinstitutes.ca\/fr\/notre-role\/programme-bourses-cican\/bourse-denise-amyot\/#primaryimage"},"thumbnailUrl":"https:\/\/www.collegesinstitutes.ca\/wp-content\/uploads\/2023\/11\/header-img-Denise_Amyot_Bursary_Fr.jpg","datePublished":"2023-11-27T18:10:52+00:00","dateModified":"2023-11-27T18:15:46+00:00","breadcrumb":{"@id":"https:\/\/www.collegesinstitutes.ca\/fr\/notre-role\/programme-bourses-cican\/bourse-denise-amyot\/#breadcrumb"},"inLanguage":"fr-FR","potentialAction":[{"@type":"ReadAction","target":["https:\/\/www.collegesinstitutes.ca\/fr\/notre-role\/programme-bourses-cican\/bourse-denise-amyot\/"]}]},{"@type":"ImageObject","inLanguage":"fr-FR","@id":"https:\/\/www.collegesinstitutes.ca\/fr\/notre-role\/programme-bourses-cican\/bourse-denise-amyot\/#primaryimage","url":"https:\/\/www.collegesinstitutes.ca\/wp-content\/uploads\/2023\/11\/header-img-Denise_Amyot_Bursary_Fr.jpg","contentUrl":"https:\/\/www.collegesinstitutes.ca\/wp-content\/uploads\/2023\/11\/header-img-Denise_Amyot_Bursary_Fr.jpg","width":1201,"height":629,"caption":"Bourse Denise Amyot"},{"@type":"BreadcrumbList","@id":"https:\/\/www.collegesinstitutes.ca\/fr\/notre-role\/programme-bourses-cican\/bourse-denise-amyot\/#breadcrumb","itemListElement":[{"@type":"ListItem","position":1,"name":"Home","item":"https:\/\/www.collegesinstitutes.ca\/fr\/"},{"@type":"ListItem","position":2,"name":"Notre r\u00f4le","item":"https:\/\/www.collegesinstitutes.ca\/fr\/notre-role\/"},{"@type":"ListItem","position":3,"name":"Programme de bourses de CICan","item":"https:\/\/www.collegesinstitutes.ca\/fr\/notre-role\/programme-bourses-cican\/"},{"@type":"ListItem","position":4,"name":"Bourse Denise Amyot"}]},{"@type":"WebSite","@id":"https:\/\/www.collegesinstitutes.ca\/fr\/#website","url":"https:\/\/www.collegesinstitutes.ca\/fr\/","name":"Colleges and Institutes Canada","description":"The Voice of Canada&#039;s Colleges &amp; Institutes","publisher":{"@id":"https:\/\/www.collegesinstitutes.ca\/fr\/#organization"},"potentialAction":[{"@type":"SearchAction","target":{"@type":"EntryPoint","urlTemplate":"https:\/\/www.collegesinstitutes.ca\/fr\/?s={search_term_string}"},"query-input":{"@type":"PropertyValueSpecification","valueRequired":true,"valueName":"search_term_string"}}],"inLanguage":"fr-FR"},{"@type":"Organization","@id":"https:\/\/www.collegesinstitutes.ca\/fr\/#organization","name":"Colleges and Institutes Canada","url":"https:\/\/www.collegesinstitutes.ca\/fr\/","logo":{"@type":"ImageObject","inLanguage":"fr-FR","@id":"https:\/\/www.collegesinstitutes.ca\/fr\/#\/schema\/logo\/image\/","url":"https:\/\/www.collegesinstitutes.ca\/wp-content\/uploads\/2025\/06\/logo-en.png","contentUrl":"https:\/\/www.collegesinstitutes.ca\/wp-content\/uploads\/2025\/06\/logo-en.png","width":794,"height":280,"caption":"Colleges and Institutes Canada"},"image":{"@id":"https:\/\/www.collegesinstitutes.ca\/fr\/#\/schema\/logo\/image\/"}}]}},"_links":{"self":[{"href":"https:\/\/www.collegesinstitutes.ca\/fr\/wp-json\/wp\/v2\/pages\/32932","targetHints":{"allow":["GET"]}}],"collection":[{"href":"https:\/\/www.collegesinstitutes.ca\/fr\/wp-json\/wp\/v2\/pages"}],"about":[{"href":"https:\/\/www.collegesinstitutes.ca\/fr\/wp-json\/wp\/v2\/types\/page"}],"author":[{"embeddable":true,"href":"https:\/\/www.collegesinstitutes.ca\/fr\/wp-json\/wp\/v2\/users\/1"}],"replies":[{"embeddable":true,"href":"https:\/\/www.collegesinstitutes.ca\/fr\/wp-json\/wp\/v2\/comments?post=32932"}],"version-history":[{"count":0,"href":"https:\/\/www.collegesinstitutes.ca\/fr\/wp-json\/wp\/v2\/pages\/32932\/revisions"}],"up":[{"embeddable":true,"href":"https:\/\/www.collegesinstitutes.ca\/fr\/wp-json\/wp\/v2\/pages\/10691"}],"wp:featuredmedia":[{"embeddable":true,"href":"https:\/\/www.collegesinstitutes.ca\/fr\/wp-json\/wp\/v2\/media\/32927"}],"wp:attachment":[{"href":"https:\/\/www.collegesinstitutes.ca\/fr\/wp-json\/wp\/v2\/media?parent=32932"}],"wp:term":[{"taxonomy":"category","embeddable":true,"href":"https:\/\/www.collegesinstitutes.ca\/fr\/wp-json\/wp\/v2\/categories?post=32932"},{"taxonomy":"post_tag","embeddable":true,"href":"https:\/\/www.collegesinstitutes.ca\/fr\/wp-json\/wp\/v2\/tags?post=32932"}],"curies":[{"name":"wp","href":"https:\/\/api.w.org\/{rel}","templated":true}]}}