{"id":32783,"date":"2023-10-31T16:57:55","date_gmt":"2023-10-31T16:57:55","guid":{"rendered":"https:\/\/www.collegesinstitutes.ca\/notre-role\/partenariats-internationaux\/notre-travail\/climate-change\/"},"modified":"2023-11-14T17:44:21","modified_gmt":"2023-11-14T17:44:21","slug":"climate-change","status":"publish","type":"page","link":"https:\/\/www.collegesinstitutes.ca\/fr\/notre-role\/partenariats-internationaux\/notre-travail\/climate-change\/","title":{"rendered":"Une \u00e9ducation pour tous les peuples de la plan\u00e8te"},"content":{"rendered":"<p class=\"lead\">Que ce soit aujourd\u2019hui ou demain, le changement climatique est le plus grand d\u00e9fi auquel notre monde doit faire face. Les coll\u00e8ges et instituts du Canada agissent pour lutter contre le changement climatique et ses r\u00e9percussions. Pour ce faire, ils ont recours \u00e0 l\u2019\u00e9ducation, \u00e0 l\u2019innovation, \u00e0 la recherche et r\u00e9forment les politiques. Ils modernisent aussi leurs infrastructures, effectuent une transition vers une \u00e9conomie verte et s\u2019engagent \u00e0 tenir leurs promesses sur le plan climatique.<\/p>\n<h2 class=\"border-0\">Les coll\u00e8ges et instituts du Canada font leur part. <\/h2>\n<p>Nous mettons en relation dirigeantes, dirigeants, \u00e9ducatrices, \u00e9ducateurs, innovatrices et innovateurs pour aborder des enjeux mondiaux tels que les changements climatiques, la pauvret\u00e9 et les in\u00e9galit\u00e9s. Nous renfor\u00e7ons l\u2019autonomie des populations du monde entier, en particulier des femmes, des jeunes et des groupes d\u00e9favoris\u00e9s, afin de contribuer \u00e0 un changement positif. <\/p>\n<div class=\"boxit p-5 mt-5\">\n<div class=\"row\">\n<div class=\"col-md-4\">\n<div class=\"border-bottom mb-4 pb-4\"><img decoding=\"async\" src=\"https:\/\/www.collegesinstitutes.ca\/wp-content\/uploads\/2023\/10\/icon-intl-climate-icon1.png\" alt=\"\" width=\"80\" height=\"80\" class=\"alignnone size-full wp-image-32774\" srcset=\"https:\/\/www.collegesinstitutes.ca\/wp-content\/uploads\/2023\/10\/icon-intl-climate-icon1.png 400w, https:\/\/www.collegesinstitutes.ca\/wp-content\/uploads\/2023\/10\/icon-intl-climate-icon1-300x300.png 300w, https:\/\/www.collegesinstitutes.ca\/wp-content\/uploads\/2023\/10\/icon-intl-climate-icon1-150x150.png 150w\" sizes=\"(max-width: 80px) 100vw, 80px\" \/><\/div>\n<h3>Les coll\u00e8ges et instituts du Canada pr\u00e9parent les apprenantes et apprenants \u00e0 \u0153uvrer dans les industries vertes et \u00e0 mener des activit\u00e9s de recherche appliqu\u00e9e sur les derni\u00e8res technologies propres.<\/h3>\n<p>Nous concevons et dispensons des programmes qui donnent aux populations du monde entier les moyens de contribuer \u00e0 la lutte contre le changement climatique et \u00e0 s\u2019y adapter. Nous aidons les collectivit\u00e9s \u00e0 \u00e9valuer les d\u00e9fis, \u00e0 identifier les solutions et \u00e0 renforcer les syst\u00e8mes d\u2019intervention dans des domaines tels que la gestion des ressources naturelles, la s\u00e9curit\u00e9 alimentaire et la pr\u00e9vention des catastrophes.\n<\/p><\/div>\n<div class=\"col-md-4\">\n<div class=\"border-bottom mb-4 pb-4\"><img decoding=\"async\" src=\"https:\/\/www.collegesinstitutes.ca\/wp-content\/uploads\/2023\/10\/icon-intl-climate-icon2.png\" alt=\"\" width=\"80\" height=\"80\" class=\"alignnone size-full wp-image-32772\" srcset=\"https:\/\/www.collegesinstitutes.ca\/wp-content\/uploads\/2023\/10\/icon-intl-climate-icon2.png 400w, https:\/\/www.collegesinstitutes.ca\/wp-content\/uploads\/2023\/10\/icon-intl-climate-icon2-300x300.png 300w, https:\/\/www.collegesinstitutes.ca\/wp-content\/uploads\/2023\/10\/icon-intl-climate-icon2-150x150.png 150w\" sizes=\"(max-width: 80px) 100vw, 80px\" \/><\/div>\n<h3>Nous mobilisons la population et stimulons l\u2019innovation pour une \u00e9conomie en mutation. <\/h3>\n<p>Nous aidons les gouvernements, les \u00e9tablissements de formation et les collectivit\u00e9s \u00e0 r\u00e9former leurs syst\u00e8mes d\u2019enseignement et de formation techniques et professionnels (EFTP). Ainsi, nous parvenons \u00e0 am\u00e9liorer l\u2019acc\u00e8s \u00e0 la formation, \u00e0 renforcer la qualit\u00e9 des programmes et \u00e0 \u00e9toffer l\u2019offre de formation pour r\u00e9pondre aux besoins des secteurs \u00e9mergents et \u00e0 en assurer la pertinence, en particulier pour les filles, les femmes et les populations vuln\u00e9rables.\n<\/p><\/div>\n<div class=\"col-md-4\">\n<div class=\"border-bottom mb-4 pb-4\"><img decoding=\"async\" src=\"https:\/\/www.collegesinstitutes.ca\/wp-content\/uploads\/2023\/10\/icon-intl-climate-icon3.png\" alt=\"\" width=\"80\" height=\"80\" class=\"alignnone size-full wp-image-32770\" srcset=\"https:\/\/www.collegesinstitutes.ca\/wp-content\/uploads\/2023\/10\/icon-intl-climate-icon3.png 400w, https:\/\/www.collegesinstitutes.ca\/wp-content\/uploads\/2023\/10\/icon-intl-climate-icon3-300x300.png 300w, https:\/\/www.collegesinstitutes.ca\/wp-content\/uploads\/2023\/10\/icon-intl-climate-icon3-150x150.png 150w\" sizes=\"(max-width: 80px) 100vw, 80px\" \/><\/div>\n<h3>Nous donnons aux femmes les moyens de r\u00e9aliser pleinement leur potentiel et de contribuer \u00e0 l\u2019\u00e9conomie verte.  <\/h3>\n<p>Notre approche est ax\u00e9e sur la promotion de l\u2019acc\u00e8s \u00e0 la formation, la r\u00e9tention des \u00e9tudiantes et \u00e9tudiants ainsi que l\u2019obtention de r\u00e9sultats \u00e9quitables sur le march\u00e9 du travail pour les femmes et les filles. Notre approche permet aussi aux femmes de participer davantage aux \u00e9conomies vertes et de jouer un r\u00f4le de premier plan dans le renforcement de la r\u00e9silience climatique au niveau communautaire.\n<\/p><\/div>\n<\/div>\n<\/div>\n<h2 class=\"border-0\">Nos programmes internationaux<\/h2>\n<p class=\"lead\">Nous mettons en relation les \u00e9tablissements du Canada avec des partenaires du monde entier. Par l\u00e0 m\u00eame, nous \u0153uvrons \u00e0 la transformation de l\u2019enseignement postsecondaire et offrons aux apprenantes et apprenants une formation ax\u00e9e sur l\u2019emploi et les comp\u00e9tences mondiales n\u00e9cessaires \u00e0 leur r\u00e9ussite.  <\/p>\n<div class=\"row mt-5\">\n<div class=\"col-md-4\">\n<div class=\"border-bottom mb-4 pb-4\"><img loading=\"lazy\" decoding=\"async\" src=\"https:\/\/www.collegesinstitutes.ca\/wp-content\/uploads\/2023\/10\/thumbnail-img-intl-climate-2.png\" alt=\"\" width=\"400\" height=\"400\" class=\"alignnone size-full wp-image-32781 px-4\" srcset=\"https:\/\/www.collegesinstitutes.ca\/wp-content\/uploads\/2023\/10\/thumbnail-img-intl-climate-2.png 400w, https:\/\/www.collegesinstitutes.ca\/wp-content\/uploads\/2023\/10\/thumbnail-img-intl-climate-2-300x300.png 300w, https:\/\/www.collegesinstitutes.ca\/wp-content\/uploads\/2023\/10\/thumbnail-img-intl-climate-2-150x150.png 150w\" sizes=\"(max-width: 400px) 100vw, 400px\" \/><\/div>\n<p>Le <a href=\"https:\/\/www.collegesinstitutes.ca\/fr\/programs\/programme-formation-competences-developpement-economie-bleue-kenya-kbest\/\">Programme de formations ax\u00e9es sur les comp\u00e9tences utilis\u00e9es dans l\u2019\u00e9conomie bleue du Kenya<\/a> (KBEST) a pour objet de renforcer la capacit\u00e9 des \u00e9tablissements locaux \u00e0 offrir des programmes de formation professionnelle dans le secteur de l\u2019\u00e9conomie bleue qui soient adapt\u00e9s aux besoins de l\u2019industrie et des plans de croissance \u00e9conomique du Kenya.<\/div>\n<div class=\"col-md-4\">\n<div class=\"border-bottom mb-4 pb-4\"><img loading=\"lazy\" decoding=\"async\" src=\"https:\/\/www.collegesinstitutes.ca\/wp-content\/uploads\/2023\/10\/thumbnail-img-intl-climate-1.png\" alt=\"\" width=\"400\" height=\"400\" class=\"alignnone size-full wp-image-32777 px-4\" srcset=\"https:\/\/www.collegesinstitutes.ca\/wp-content\/uploads\/2023\/10\/thumbnail-img-intl-climate-1.png 400w, https:\/\/www.collegesinstitutes.ca\/wp-content\/uploads\/2023\/10\/thumbnail-img-intl-climate-1-300x300.png 300w, https:\/\/www.collegesinstitutes.ca\/wp-content\/uploads\/2023\/10\/thumbnail-img-intl-climate-1-150x150.png 150w\" sizes=\"(max-width: 400px) 100vw, 400px\" \/><\/div>\n<p>Le programme <a href=\"https:\/\/www.collegesinstitutes.ca\/fr\/programs\/skills-to-access-the-green-economy-sage\/\">Comp\u00e9tences pour acc\u00e9der \u00e0 l\u2019\u00e9conomie verte<\/a> (CAEV) entend aider le Belize, la Dominique, la Grenade, la Guyane, la Jama\u00efque et Sainte-Lucie \u00e0 devenir plus r\u00e9silients en promouvant un enseignement et une formation techniques et professionnels (EFTP) ax\u00e9s sur la demande dans des secteurs \u00e9conomiques majeurs concern\u00e9s par le changement climatique dans les Cara\u00efbes.<\/div>\n<div class=\"col-md-4\">\n<div class=\"border-bottom mb-4 pb-4\"><img loading=\"lazy\" decoding=\"async\" src=\"https:\/\/www.collegesinstitutes.ca\/wp-content\/uploads\/2023\/10\/thumbnail-img-intl-climate-3.png\" alt=\"\" width=\"400\" height=\"400\" class=\"alignnone size-full wp-image-32779 px-4\" srcset=\"https:\/\/www.collegesinstitutes.ca\/wp-content\/uploads\/2023\/10\/thumbnail-img-intl-climate-3.png 400w, https:\/\/www.collegesinstitutes.ca\/wp-content\/uploads\/2023\/10\/thumbnail-img-intl-climate-3-300x300.png 300w, https:\/\/www.collegesinstitutes.ca\/wp-content\/uploads\/2023\/10\/thumbnail-img-intl-climate-3-150x150.png 150w\" sizes=\"(max-width: 400px) 100vw, 400px\" \/><\/div>\n<p>Le programme <a href=\"https:\/\/www.collegesinstitutes.ca\/fr\/?post_type=cicancorp_programs&#038;p=8030\">\u00c9ducation pour l\u2019emploi dans l\u2019Alliance du Pacifique<\/a> (\u00c9PE-AP) encourage le d\u00e9veloppement durable et les comp\u00e9tences pour l\u2019emploi dans le secteur extractif des quatre pays de l\u2019Alliance du Pacifique (Chili, Colombie, Mexique et P\u00e9rou).<\/div>\n<\/div>\n","protected":false},"excerpt":{"rendered":"<p>Que ce soit aujourd\u2019hui ou demain, le changement climatique est le plus grand d\u00e9fi auquel notre monde doit faire face. Les coll\u00e8ges et instituts du Canada agissent pour lutter contre&#8230;<\/p>\n","protected":false},"author":2,"featured_media":32769,"parent":31724,"menu_order":0,"comment_status":"closed","ping_status":"closed","template":"page-international.php","meta":{"_acf_changed":false,"footnotes":""},"categories":[952],"tags":[],"class_list":["post-32783","page","type-page","status-publish","has-post-thumbnail","hentry","category-intensifier-notre-implication-au-niveau-mondial"],"acf":[],"yoast_head":"<!-- This site is optimized with the Yoast SEO plugin v27.6 - https:\/\/yoast.com\/product\/yoast-seo-wordpress\/ -->\n<title>Une \u00e9ducation pour tous les peuples de la plan\u00e8te - Colleges and Institutes Canada<\/title>\n<meta name=\"robots\" content=\"index, follow, max-snippet:-1, max-image-preview:large, max-video-preview:-1\" \/>\n<link rel=\"canonical\" href=\"https:\/\/www.collegesinstitutes.ca\/fr\/notre-role\/partenariats-internationaux\/notre-travail\/climate-change\/\" \/>\n<meta property=\"og:locale\" content=\"fr_FR\" \/>\n<meta property=\"og:type\" content=\"article\" \/>\n<meta property=\"og:title\" content=\"Une \u00e9ducation pour tous les peuples de la plan\u00e8te - Colleges and Institutes Canada\" \/>\n<meta property=\"og:description\" content=\"Que ce soit aujourd\u2019hui ou demain, le changement climatique est le plus grand d\u00e9fi auquel notre monde doit faire face. Les coll\u00e8ges et instituts du Canada agissent pour lutter contre...\" \/>\n<meta property=\"og:url\" content=\"https:\/\/www.collegesinstitutes.ca\/fr\/notre-role\/partenariats-internationaux\/notre-travail\/climate-change\/\" \/>\n<meta property=\"og:site_name\" content=\"Colleges and Institutes Canada\" \/>\n<meta property=\"article:modified_time\" content=\"2023-11-14T17:44:21+00:00\" \/>\n<meta property=\"og:image\" content=\"https:\/\/www.collegesinstitutes.ca\/wp-content\/uploads\/2023\/10\/header-img-intl-climate.jpg\" \/>\n\t<meta property=\"og:image:width\" content=\"1200\" \/>\n\t<meta property=\"og:image:height\" content=\"628\" \/>\n\t<meta property=\"og:image:type\" content=\"image\/jpeg\" \/>\n<meta name=\"twitter:card\" content=\"summary_large_image\" \/>\n<meta name=\"twitter:label1\" content=\"Est. reading time\" \/>\n\t<meta name=\"twitter:data1\" content=\"3 minutes\" \/>\n<script type=\"application\/ld+json\" class=\"yoast-schema-graph\">{\"@context\":\"https:\\\/\\\/schema.org\",\"@graph\":[{\"@type\":\"WebPage\",\"@id\":\"https:\\\/\\\/www.collegesinstitutes.ca\\\/fr\\\/notre-role\\\/partenariats-internationaux\\\/notre-travail\\\/climate-change\\\/\",\"url\":\"https:\\\/\\\/www.collegesinstitutes.ca\\\/fr\\\/notre-role\\\/partenariats-internationaux\\\/notre-travail\\\/climate-change\\\/\",\"name\":\"Une \u00e9ducation pour tous les peuples de la plan\u00e8te - Colleges and Institutes Canada\",\"isPartOf\":{\"@id\":\"https:\\\/\\\/www.collegesinstitutes.ca\\\/fr\\\/#website\"},\"primaryImageOfPage\":{\"@id\":\"https:\\\/\\\/www.collegesinstitutes.ca\\\/fr\\\/notre-role\\\/partenariats-internationaux\\\/notre-travail\\\/climate-change\\\/#primaryimage\"},\"image\":{\"@id\":\"https:\\\/\\\/www.collegesinstitutes.ca\\\/fr\\\/notre-role\\\/partenariats-internationaux\\\/notre-travail\\\/climate-change\\\/#primaryimage\"},\"thumbnailUrl\":\"https:\\\/\\\/www.collegesinstitutes.ca\\\/wp-content\\\/uploads\\\/2023\\\/10\\\/header-img-intl-climate.jpg\",\"datePublished\":\"2023-10-31T16:57:55+00:00\",\"dateModified\":\"2023-11-14T17:44:21+00:00\",\"breadcrumb\":{\"@id\":\"https:\\\/\\\/www.collegesinstitutes.ca\\\/fr\\\/notre-role\\\/partenariats-internationaux\\\/notre-travail\\\/climate-change\\\/#breadcrumb\"},\"inLanguage\":\"fr-FR\",\"potentialAction\":[{\"@type\":\"ReadAction\",\"target\":[\"https:\\\/\\\/www.collegesinstitutes.ca\\\/fr\\\/notre-role\\\/partenariats-internationaux\\\/notre-travail\\\/climate-change\\\/\"]}]},{\"@type\":\"ImageObject\",\"inLanguage\":\"fr-FR\",\"@id\":\"https:\\\/\\\/www.collegesinstitutes.ca\\\/fr\\\/notre-role\\\/partenariats-internationaux\\\/notre-travail\\\/climate-change\\\/#primaryimage\",\"url\":\"https:\\\/\\\/www.collegesinstitutes.ca\\\/wp-content\\\/uploads\\\/2023\\\/10\\\/header-img-intl-climate.jpg\",\"contentUrl\":\"https:\\\/\\\/www.collegesinstitutes.ca\\\/wp-content\\\/uploads\\\/2023\\\/10\\\/header-img-intl-climate.jpg\",\"width\":1200,\"height\":628},{\"@type\":\"BreadcrumbList\",\"@id\":\"https:\\\/\\\/www.collegesinstitutes.ca\\\/fr\\\/notre-role\\\/partenariats-internationaux\\\/notre-travail\\\/climate-change\\\/#breadcrumb\",\"itemListElement\":[{\"@type\":\"ListItem\",\"position\":1,\"name\":\"Home\",\"item\":\"https:\\\/\\\/www.collegesinstitutes.ca\\\/fr\\\/\"},{\"@type\":\"ListItem\",\"position\":2,\"name\":\"Notre r\u00f4le\",\"item\":\"https:\\\/\\\/www.collegesinstitutes.ca\\\/fr\\\/notre-role\\\/\"},{\"@type\":\"ListItem\",\"position\":3,\"name\":\"Partenariats internationaux\",\"item\":\"https:\\\/\\\/www.collegesinstitutes.ca\\\/fr\\\/notre-role\\\/partenariats-internationaux\\\/\"},{\"@type\":\"ListItem\",\"position\":4,\"name\":\"Notre travail\",\"item\":\"https:\\\/\\\/www.collegesinstitutes.ca\\\/fr\\\/notre-role\\\/partenariats-internationaux\\\/notre-travail\\\/\"},{\"@type\":\"ListItem\",\"position\":5,\"name\":\"Une \u00e9ducation pour tous les peuples de la plan\u00e8te\"}]},{\"@type\":\"WebSite\",\"@id\":\"https:\\\/\\\/www.collegesinstitutes.ca\\\/fr\\\/#website\",\"url\":\"https:\\\/\\\/www.collegesinstitutes.ca\\\/fr\\\/\",\"name\":\"Colleges and Institutes Canada\",\"description\":\"The Voice of Canada&#039;s Colleges &amp; Institutes\",\"publisher\":{\"@id\":\"https:\\\/\\\/www.collegesinstitutes.ca\\\/fr\\\/#organization\"},\"potentialAction\":[{\"@type\":\"SearchAction\",\"target\":{\"@type\":\"EntryPoint\",\"urlTemplate\":\"https:\\\/\\\/www.collegesinstitutes.ca\\\/fr\\\/?s={search_term_string}\"},\"query-input\":{\"@type\":\"PropertyValueSpecification\",\"valueRequired\":true,\"valueName\":\"search_term_string\"}}],\"inLanguage\":\"fr-FR\"},{\"@type\":\"Organization\",\"@id\":\"https:\\\/\\\/www.collegesinstitutes.ca\\\/fr\\\/#organization\",\"name\":\"Colleges and Institutes Canada\",\"url\":\"https:\\\/\\\/www.collegesinstitutes.ca\\\/fr\\\/\",\"logo\":{\"@type\":\"ImageObject\",\"inLanguage\":\"fr-FR\",\"@id\":\"https:\\\/\\\/www.collegesinstitutes.ca\\\/fr\\\/#\\\/schema\\\/logo\\\/image\\\/\",\"url\":\"https:\\\/\\\/www.collegesinstitutes.ca\\\/wp-content\\\/uploads\\\/2025\\\/06\\\/logo-en.png\",\"contentUrl\":\"https:\\\/\\\/www.collegesinstitutes.ca\\\/wp-content\\\/uploads\\\/2025\\\/06\\\/logo-en.png\",\"width\":794,\"height\":280,\"caption\":\"Colleges and Institutes Canada\"},\"image\":{\"@id\":\"https:\\\/\\\/www.collegesinstitutes.ca\\\/fr\\\/#\\\/schema\\\/logo\\\/image\\\/\"}}]}<\/script>\n<!-- \/ Yoast SEO plugin. -->","yoast_head_json":{"title":"Une \u00e9ducation pour tous les peuples de la plan\u00e8te - Colleges and Institutes Canada","robots":{"index":"index","follow":"follow","max-snippet":"max-snippet:-1","max-image-preview":"max-image-preview:large","max-video-preview":"max-video-preview:-1"},"canonical":"https:\/\/www.collegesinstitutes.ca\/fr\/notre-role\/partenariats-internationaux\/notre-travail\/climate-change\/","og_locale":"fr_FR","og_type":"article","og_title":"Une \u00e9ducation pour tous les peuples de la plan\u00e8te - Colleges and Institutes Canada","og_description":"Que ce soit aujourd\u2019hui ou demain, le changement climatique est le plus grand d\u00e9fi auquel notre monde doit faire face. Les coll\u00e8ges et instituts du Canada agissent pour lutter contre...","og_url":"https:\/\/www.collegesinstitutes.ca\/fr\/notre-role\/partenariats-internationaux\/notre-travail\/climate-change\/","og_site_name":"Colleges and Institutes Canada","article_modified_time":"2023-11-14T17:44:21+00:00","og_image":[{"width":1200,"height":628,"url":"https:\/\/www.collegesinstitutes.ca\/wp-content\/uploads\/2023\/10\/header-img-intl-climate.jpg","type":"image\/jpeg"}],"twitter_card":"summary_large_image","twitter_misc":{"Est. reading time":"3 minutes"},"schema":{"@context":"https:\/\/schema.org","@graph":[{"@type":"WebPage","@id":"https:\/\/www.collegesinstitutes.ca\/fr\/notre-role\/partenariats-internationaux\/notre-travail\/climate-change\/","url":"https:\/\/www.collegesinstitutes.ca\/fr\/notre-role\/partenariats-internationaux\/notre-travail\/climate-change\/","name":"Une \u00e9ducation pour tous les peuples de la plan\u00e8te - Colleges and Institutes Canada","isPartOf":{"@id":"https:\/\/www.collegesinstitutes.ca\/fr\/#website"},"primaryImageOfPage":{"@id":"https:\/\/www.collegesinstitutes.ca\/fr\/notre-role\/partenariats-internationaux\/notre-travail\/climate-change\/#primaryimage"},"image":{"@id":"https:\/\/www.collegesinstitutes.ca\/fr\/notre-role\/partenariats-internationaux\/notre-travail\/climate-change\/#primaryimage"},"thumbnailUrl":"https:\/\/www.collegesinstitutes.ca\/wp-content\/uploads\/2023\/10\/header-img-intl-climate.jpg","datePublished":"2023-10-31T16:57:55+00:00","dateModified":"2023-11-14T17:44:21+00:00","breadcrumb":{"@id":"https:\/\/www.collegesinstitutes.ca\/fr\/notre-role\/partenariats-internationaux\/notre-travail\/climate-change\/#breadcrumb"},"inLanguage":"fr-FR","potentialAction":[{"@type":"ReadAction","target":["https:\/\/www.collegesinstitutes.ca\/fr\/notre-role\/partenariats-internationaux\/notre-travail\/climate-change\/"]}]},{"@type":"ImageObject","inLanguage":"fr-FR","@id":"https:\/\/www.collegesinstitutes.ca\/fr\/notre-role\/partenariats-internationaux\/notre-travail\/climate-change\/#primaryimage","url":"https:\/\/www.collegesinstitutes.ca\/wp-content\/uploads\/2023\/10\/header-img-intl-climate.jpg","contentUrl":"https:\/\/www.collegesinstitutes.ca\/wp-content\/uploads\/2023\/10\/header-img-intl-climate.jpg","width":1200,"height":628},{"@type":"BreadcrumbList","@id":"https:\/\/www.collegesinstitutes.ca\/fr\/notre-role\/partenariats-internationaux\/notre-travail\/climate-change\/#breadcrumb","itemListElement":[{"@type":"ListItem","position":1,"name":"Home","item":"https:\/\/www.collegesinstitutes.ca\/fr\/"},{"@type":"ListItem","position":2,"name":"Notre r\u00f4le","item":"https:\/\/www.collegesinstitutes.ca\/fr\/notre-role\/"},{"@type":"ListItem","position":3,"name":"Partenariats internationaux","item":"https:\/\/www.collegesinstitutes.ca\/fr\/notre-role\/partenariats-internationaux\/"},{"@type":"ListItem","position":4,"name":"Notre travail","item":"https:\/\/www.collegesinstitutes.ca\/fr\/notre-role\/partenariats-internationaux\/notre-travail\/"},{"@type":"ListItem","position":5,"name":"Une \u00e9ducation pour tous les peuples de la plan\u00e8te"}]},{"@type":"WebSite","@id":"https:\/\/www.collegesinstitutes.ca\/fr\/#website","url":"https:\/\/www.collegesinstitutes.ca\/fr\/","name":"Colleges and Institutes Canada","description":"The Voice of Canada&#039;s Colleges &amp; Institutes","publisher":{"@id":"https:\/\/www.collegesinstitutes.ca\/fr\/#organization"},"potentialAction":[{"@type":"SearchAction","target":{"@type":"EntryPoint","urlTemplate":"https:\/\/www.collegesinstitutes.ca\/fr\/?s={search_term_string}"},"query-input":{"@type":"PropertyValueSpecification","valueRequired":true,"valueName":"search_term_string"}}],"inLanguage":"fr-FR"},{"@type":"Organization","@id":"https:\/\/www.collegesinstitutes.ca\/fr\/#organization","name":"Colleges and Institutes Canada","url":"https:\/\/www.collegesinstitutes.ca\/fr\/","logo":{"@type":"ImageObject","inLanguage":"fr-FR","@id":"https:\/\/www.collegesinstitutes.ca\/fr\/#\/schema\/logo\/image\/","url":"https:\/\/www.collegesinstitutes.ca\/wp-content\/uploads\/2025\/06\/logo-en.png","contentUrl":"https:\/\/www.collegesinstitutes.ca\/wp-content\/uploads\/2025\/06\/logo-en.png","width":794,"height":280,"caption":"Colleges and Institutes Canada"},"image":{"@id":"https:\/\/www.collegesinstitutes.ca\/fr\/#\/schema\/logo\/image\/"}}]}},"_links":{"self":[{"href":"https:\/\/www.collegesinstitutes.ca\/fr\/wp-json\/wp\/v2\/pages\/32783","targetHints":{"allow":["GET"]}}],"collection":[{"href":"https:\/\/www.collegesinstitutes.ca\/fr\/wp-json\/wp\/v2\/pages"}],"about":[{"href":"https:\/\/www.collegesinstitutes.ca\/fr\/wp-json\/wp\/v2\/types\/page"}],"author":[{"embeddable":true,"href":"https:\/\/www.collegesinstitutes.ca\/fr\/wp-json\/wp\/v2\/users\/2"}],"replies":[{"embeddable":true,"href":"https:\/\/www.collegesinstitutes.ca\/fr\/wp-json\/wp\/v2\/comments?post=32783"}],"version-history":[{"count":0,"href":"https:\/\/www.collegesinstitutes.ca\/fr\/wp-json\/wp\/v2\/pages\/32783\/revisions"}],"up":[{"embeddable":true,"href":"https:\/\/www.collegesinstitutes.ca\/fr\/wp-json\/wp\/v2\/pages\/31724"}],"wp:featuredmedia":[{"embeddable":true,"href":"https:\/\/www.collegesinstitutes.ca\/fr\/wp-json\/wp\/v2\/media\/32769"}],"wp:attachment":[{"href":"https:\/\/www.collegesinstitutes.ca\/fr\/wp-json\/wp\/v2\/media?parent=32783"}],"wp:term":[{"taxonomy":"category","embeddable":true,"href":"https:\/\/www.collegesinstitutes.ca\/fr\/wp-json\/wp\/v2\/categories?post=32783"},{"taxonomy":"post_tag","embeddable":true,"href":"https:\/\/www.collegesinstitutes.ca\/fr\/wp-json\/wp\/v2\/tags?post=32783"}],"curies":[{"name":"wp","href":"https:\/\/api.w.org\/{rel}","templated":true}]}}