{"id":32104,"date":"2023-06-20T15:29:13","date_gmt":"2023-06-20T15:29:13","guid":{"rendered":"https:\/\/www.collegesinstitutes.ca\/art-2023\/"},"modified":"2023-08-22T17:28:05","modified_gmt":"2023-08-22T17:28:05","slug":"art-2023","status":"publish","type":"page","link":"https:\/\/www.collegesinstitutes.ca\/fr\/a-propos\/art-2023\/","title":{"rendered":"Vitrine d\u2019art \u00e9tudiant de 2023"},"content":{"rendered":"<p class=\"lead\">Nous sommes ravis de reconna\u00eetre la cr\u00e9ativit\u00e9 de six artistes \u00e9tudiants talentueux qui sont les nouveaux laur\u00e9ats de notre Concours d\u2019art \u00e9tudiant de 2023!<\/p>\n<p>Cette ann\u00e9e, nous avons re\u00e7u plus de 100 soumissions d\u2019\u00e9tudiants et d\u2019\u00e9tudiantes au coll\u00e9gial de partout au pays, et ce dans cinq cat\u00e9gories : Illustration ou animation num\u00e9rique, Photographie, Dessin, Peinture et Textile, techniques mixtes ou sculpture.<\/p>\n<p>Voici le nom des laur\u00e9ates et laur\u00e9ats de La Vitrine d\u2019art de 2023 de CICan :<\/p>\n<h2 class=\"border-0\">Photographie<\/h2>\n<div class=\"boxit\"><img fetchpriority=\"high\" decoding=\"async\" class=\"aligncenter size-full wp-image-64476\" src=\"https:\/\/www.collegesinstitutes.ca\/wp-content\/uploads\/2023\/06\/Old_Growth_1_Edited_3.jpg\" alt=\"Echoes of Old Growth\" width=\"800\" height=\"800\" \/><br \/>\n<strong>Echoes of Old Growth<\/strong><br \/>\nd&rsquo;Andrew Majka | \u00a0<a href=\"https:\/\/www.collegesinstitutes.ca\/fr\/?post_type=cicancorp_member&#038;p=17599\" target=\"_blank\" rel=\"noopener\">University of the Fraser Valley<\/a><\/div>\n<p>&nbsp;<\/p>\n<h2 class=\"border-0\">Dessin<\/h2>\n<div class=\"boxit\"><img decoding=\"async\" class=\"aligncenter size-full wp-image-64476\" src=\"https:\/\/www.collegesinstitutes.ca\/wp-content\/uploads\/2023\/06\/brotherly-love.jpg\" alt=\"Brotherly Love\" width=\"800\" height=\"800\" \/><br \/>\n<strong>Brotherly Love<\/strong><br \/>\nde Hannah Knox\u00a0 |\u00a0\u00a0<a href=\"https:\/\/www.collegesinstitutes.ca\/fr\/members\/okanagan-college\/\" target=\"_blank\" rel=\"noopener\">Okanagan College<\/a><\/div>\n<p>&nbsp;<\/p>\n<h2 class=\"border-0\">Peinture<\/h2>\n<div class=\"boxit\"><img decoding=\"async\" class=\"aligncenter size-full wp-image-64476\" src=\"https:\/\/www.collegesinstitutes.ca\/wp-content\/uploads\/2023\/06\/Tornade.jpg\" alt=\"Tornade\" width=\"800\" height=\"800\" \/><br \/>\n<strong>Tornade<\/strong><br \/>\nd\u2019Aur\u00e9lie Lalibert\u00e9 |\u00a0\u00a0<a href=\"https:\/\/www.collegesinstitutes.ca\/fr\/members\/cegep-de-sherbrooke\/\" target=\"_blank\" rel=\"noopener\">C\u00e9gep de Sherbrooke<\/a><\/div>\n<p>&nbsp;<\/p>\n<h2 class=\"border-0\">Textile, mixed media, sculpture or printmaking<\/h2>\n<div class=\"boxit\"><img loading=\"lazy\" decoding=\"async\" class=\"aligncenter size-full wp-image-64476\" src=\"https:\/\/www.collegesinstitutes.ca\/wp-content\/uploads\/2023\/06\/the-plastic-evolution.png\" alt=\"The 17 Sustainable Development Goals\" width=\"800\" height=\"800\" \/><br \/>\n<strong>The Plastic Evolution<\/strong><br \/>\nd\u2019Angi Watson |\u00a0\u00a0<a href=\"https:\/\/www.collegesinstitutes.ca\/fr\/members\/sheridan-college\/\" target=\"_blank\" rel=\"noopener\">Sheridan College <\/a><\/div>\n<p>&nbsp;<\/p>\n<h2 class=\"border-0\">Digital illustration or animation<\/h2>\n<div class=\"boxit\"><a href=\"https:\/\/www.collegesinstitutes.ca\/wp-content\/uploads\/2023\/08\/booklet-group-1-2.pdf\" target=\"_blank\" rel=\"noopener\"><img loading=\"lazy\" decoding=\"async\" class=\"aligncenter size-full wp-image-64476\" src=\"https:\/\/www.collegesinstitutes.ca\/wp-content\/uploads\/2023\/06\/17-sustainable-dev.png\" alt=\"The 17 Sustainable Development Goals\" width=\"800\" height=\"800\" \/><\/a><br \/>\n<strong><a href=\"https:\/\/www.collegesinstitutes.ca\/wp-content\/uploads\/2023\/08\/booklet-group-1-2.pdf\" target=\"_blank\" rel=\"noopener\">The 17 Sustainable Development Goals<\/a><\/strong><br \/>\nr\u00e9alisation collective des \u00e9tudiants du programme d\u2019illustration du |\u00a0\u00a0<a href=\"https:\/\/www.collegesinstitutes.ca\/fr\/members\/dawson-college\/\" target=\"_blank\" rel=\"noopener\">Dawson College <\/a><\/div>\n<p>&nbsp;<\/p>\n","protected":false},"excerpt":{"rendered":"<p>Nous sommes ravis de reconna\u00eetre la cr\u00e9ativit\u00e9 de six artistes \u00e9tudiants talentueux qui sont les nouveaux laur\u00e9ats de notre Concours d\u2019art \u00e9tudiant de 2023! Cette ann\u00e9e, nous avons re\u00e7u plus&#8230;<\/p>\n","protected":false},"author":1,"featured_media":0,"parent":10699,"menu_order":0,"comment_status":"closed","ping_status":"closed","template":"","meta":{"_acf_changed":false,"footnotes":""},"categories":[],"tags":[],"class_list":["post-32104","page","type-page","status-publish","hentry"],"acf":[],"yoast_head":"<!-- This site is optimized with the Yoast SEO plugin v27.3 - https:\/\/yoast.com\/product\/yoast-seo-wordpress\/ -->\n<title>Vitrine d\u2019art \u00e9tudiant de 2023 - Colleges and Institutes Canada<\/title>\n<meta name=\"robots\" content=\"index, follow, max-snippet:-1, max-image-preview:large, max-video-preview:-1\" \/>\n<link rel=\"canonical\" href=\"https:\/\/www.collegesinstitutes.ca\/fr\/a-propos\/art-2023\/\" \/>\n<meta property=\"og:locale\" content=\"fr_FR\" \/>\n<meta property=\"og:type\" content=\"article\" \/>\n<meta property=\"og:title\" content=\"Vitrine d\u2019art \u00e9tudiant de 2023 - Colleges and Institutes Canada\" \/>\n<meta property=\"og:description\" content=\"Nous sommes ravis de reconna\u00eetre la cr\u00e9ativit\u00e9 de six artistes \u00e9tudiants talentueux qui sont les nouveaux laur\u00e9ats de notre Concours d\u2019art \u00e9tudiant de 2023! Cette ann\u00e9e, nous avons re\u00e7u plus...\" \/>\n<meta property=\"og:url\" content=\"https:\/\/www.collegesinstitutes.ca\/fr\/a-propos\/art-2023\/\" \/>\n<meta property=\"og:site_name\" content=\"Colleges and Institutes Canada\" \/>\n<meta property=\"article:modified_time\" content=\"2023-08-22T17:28:05+00:00\" \/>\n<meta name=\"twitter:card\" content=\"summary_large_image\" \/>\n<meta name=\"twitter:label1\" content=\"Est. reading time\" \/>\n\t<meta name=\"twitter:data1\" content=\"1 minute\" \/>\n<script type=\"application\/ld+json\" class=\"yoast-schema-graph\">{\"@context\":\"https:\\\/\\\/schema.org\",\"@graph\":[{\"@type\":\"WebPage\",\"@id\":\"https:\\\/\\\/www.collegesinstitutes.ca\\\/fr\\\/a-propos\\\/art-2023\\\/\",\"url\":\"https:\\\/\\\/www.collegesinstitutes.ca\\\/fr\\\/a-propos\\\/art-2023\\\/\",\"name\":\"Vitrine d\u2019art \u00e9tudiant de 2023 - Colleges and Institutes Canada\",\"isPartOf\":{\"@id\":\"https:\\\/\\\/www.collegesinstitutes.ca\\\/fr\\\/#website\"},\"primaryImageOfPage\":{\"@id\":\"https:\\\/\\\/www.collegesinstitutes.ca\\\/fr\\\/a-propos\\\/art-2023\\\/#primaryimage\"},\"image\":{\"@id\":\"https:\\\/\\\/www.collegesinstitutes.ca\\\/fr\\\/a-propos\\\/art-2023\\\/#primaryimage\"},\"thumbnailUrl\":\"https:\\\/\\\/www.collegesinstitutes.ca\\\/wp-content\\\/uploads\\\/2023\\\/06\\\/Old_Growth_1_Edited_3.jpg\",\"datePublished\":\"2023-06-20T15:29:13+00:00\",\"dateModified\":\"2023-08-22T17:28:05+00:00\",\"breadcrumb\":{\"@id\":\"https:\\\/\\\/www.collegesinstitutes.ca\\\/fr\\\/a-propos\\\/art-2023\\\/#breadcrumb\"},\"inLanguage\":\"fr-FR\",\"potentialAction\":[{\"@type\":\"ReadAction\",\"target\":[\"https:\\\/\\\/www.collegesinstitutes.ca\\\/fr\\\/a-propos\\\/art-2023\\\/\"]}]},{\"@type\":\"ImageObject\",\"inLanguage\":\"fr-FR\",\"@id\":\"https:\\\/\\\/www.collegesinstitutes.ca\\\/fr\\\/a-propos\\\/art-2023\\\/#primaryimage\",\"url\":\"https:\\\/\\\/www.collegesinstitutes.ca\\\/wp-content\\\/uploads\\\/2023\\\/06\\\/Old_Growth_1_Edited_3.jpg\",\"contentUrl\":\"https:\\\/\\\/www.collegesinstitutes.ca\\\/wp-content\\\/uploads\\\/2023\\\/06\\\/Old_Growth_1_Edited_3.jpg\"},{\"@type\":\"BreadcrumbList\",\"@id\":\"https:\\\/\\\/www.collegesinstitutes.ca\\\/fr\\\/a-propos\\\/art-2023\\\/#breadcrumb\",\"itemListElement\":[{\"@type\":\"ListItem\",\"position\":1,\"name\":\"Home\",\"item\":\"https:\\\/\\\/www.collegesinstitutes.ca\\\/fr\\\/\"},{\"@type\":\"ListItem\",\"position\":2,\"name\":\"\u00c0 propos de Coll\u00e8ges et instituts Canada\",\"item\":\"https:\\\/\\\/www.collegesinstitutes.ca\\\/fr\\\/a-propos\\\/\"},{\"@type\":\"ListItem\",\"position\":3,\"name\":\"Vitrine d\u2019art \u00e9tudiant de 2023\"}]},{\"@type\":\"WebSite\",\"@id\":\"https:\\\/\\\/www.collegesinstitutes.ca\\\/fr\\\/#website\",\"url\":\"https:\\\/\\\/www.collegesinstitutes.ca\\\/fr\\\/\",\"name\":\"Colleges and Institutes Canada\",\"description\":\"The Voice of Canada&#039;s Colleges &amp; Institutes\",\"publisher\":{\"@id\":\"https:\\\/\\\/www.collegesinstitutes.ca\\\/fr\\\/#organization\"},\"potentialAction\":[{\"@type\":\"SearchAction\",\"target\":{\"@type\":\"EntryPoint\",\"urlTemplate\":\"https:\\\/\\\/www.collegesinstitutes.ca\\\/fr\\\/?s={search_term_string}\"},\"query-input\":{\"@type\":\"PropertyValueSpecification\",\"valueRequired\":true,\"valueName\":\"search_term_string\"}}],\"inLanguage\":\"fr-FR\"},{\"@type\":\"Organization\",\"@id\":\"https:\\\/\\\/www.collegesinstitutes.ca\\\/fr\\\/#organization\",\"name\":\"Colleges and Institutes Canada\",\"url\":\"https:\\\/\\\/www.collegesinstitutes.ca\\\/fr\\\/\",\"logo\":{\"@type\":\"ImageObject\",\"inLanguage\":\"fr-FR\",\"@id\":\"https:\\\/\\\/www.collegesinstitutes.ca\\\/fr\\\/#\\\/schema\\\/logo\\\/image\\\/\",\"url\":\"https:\\\/\\\/www.collegesinstitutes.ca\\\/wp-content\\\/uploads\\\/2025\\\/06\\\/logo-en.png\",\"contentUrl\":\"https:\\\/\\\/www.collegesinstitutes.ca\\\/wp-content\\\/uploads\\\/2025\\\/06\\\/logo-en.png\",\"width\":794,\"height\":280,\"caption\":\"Colleges and Institutes Canada\"},\"image\":{\"@id\":\"https:\\\/\\\/www.collegesinstitutes.ca\\\/fr\\\/#\\\/schema\\\/logo\\\/image\\\/\"}}]}<\/script>\n<!-- \/ Yoast SEO plugin. -->","yoast_head_json":{"title":"Vitrine d\u2019art \u00e9tudiant de 2023 - Colleges and Institutes Canada","robots":{"index":"index","follow":"follow","max-snippet":"max-snippet:-1","max-image-preview":"max-image-preview:large","max-video-preview":"max-video-preview:-1"},"canonical":"https:\/\/www.collegesinstitutes.ca\/fr\/a-propos\/art-2023\/","og_locale":"fr_FR","og_type":"article","og_title":"Vitrine d\u2019art \u00e9tudiant de 2023 - Colleges and Institutes Canada","og_description":"Nous sommes ravis de reconna\u00eetre la cr\u00e9ativit\u00e9 de six artistes \u00e9tudiants talentueux qui sont les nouveaux laur\u00e9ats de notre Concours d\u2019art \u00e9tudiant de 2023! Cette ann\u00e9e, nous avons re\u00e7u plus...","og_url":"https:\/\/www.collegesinstitutes.ca\/fr\/a-propos\/art-2023\/","og_site_name":"Colleges and Institutes Canada","article_modified_time":"2023-08-22T17:28:05+00:00","twitter_card":"summary_large_image","twitter_misc":{"Est. reading time":"1 minute"},"schema":{"@context":"https:\/\/schema.org","@graph":[{"@type":"WebPage","@id":"https:\/\/www.collegesinstitutes.ca\/fr\/a-propos\/art-2023\/","url":"https:\/\/www.collegesinstitutes.ca\/fr\/a-propos\/art-2023\/","name":"Vitrine d\u2019art \u00e9tudiant de 2023 - Colleges and Institutes Canada","isPartOf":{"@id":"https:\/\/www.collegesinstitutes.ca\/fr\/#website"},"primaryImageOfPage":{"@id":"https:\/\/www.collegesinstitutes.ca\/fr\/a-propos\/art-2023\/#primaryimage"},"image":{"@id":"https:\/\/www.collegesinstitutes.ca\/fr\/a-propos\/art-2023\/#primaryimage"},"thumbnailUrl":"https:\/\/www.collegesinstitutes.ca\/wp-content\/uploads\/2023\/06\/Old_Growth_1_Edited_3.jpg","datePublished":"2023-06-20T15:29:13+00:00","dateModified":"2023-08-22T17:28:05+00:00","breadcrumb":{"@id":"https:\/\/www.collegesinstitutes.ca\/fr\/a-propos\/art-2023\/#breadcrumb"},"inLanguage":"fr-FR","potentialAction":[{"@type":"ReadAction","target":["https:\/\/www.collegesinstitutes.ca\/fr\/a-propos\/art-2023\/"]}]},{"@type":"ImageObject","inLanguage":"fr-FR","@id":"https:\/\/www.collegesinstitutes.ca\/fr\/a-propos\/art-2023\/#primaryimage","url":"https:\/\/www.collegesinstitutes.ca\/wp-content\/uploads\/2023\/06\/Old_Growth_1_Edited_3.jpg","contentUrl":"https:\/\/www.collegesinstitutes.ca\/wp-content\/uploads\/2023\/06\/Old_Growth_1_Edited_3.jpg"},{"@type":"BreadcrumbList","@id":"https:\/\/www.collegesinstitutes.ca\/fr\/a-propos\/art-2023\/#breadcrumb","itemListElement":[{"@type":"ListItem","position":1,"name":"Home","item":"https:\/\/www.collegesinstitutes.ca\/fr\/"},{"@type":"ListItem","position":2,"name":"\u00c0 propos de Coll\u00e8ges et instituts Canada","item":"https:\/\/www.collegesinstitutes.ca\/fr\/a-propos\/"},{"@type":"ListItem","position":3,"name":"Vitrine d\u2019art \u00e9tudiant de 2023"}]},{"@type":"WebSite","@id":"https:\/\/www.collegesinstitutes.ca\/fr\/#website","url":"https:\/\/www.collegesinstitutes.ca\/fr\/","name":"Colleges and Institutes Canada","description":"The Voice of Canada&#039;s Colleges &amp; Institutes","publisher":{"@id":"https:\/\/www.collegesinstitutes.ca\/fr\/#organization"},"potentialAction":[{"@type":"SearchAction","target":{"@type":"EntryPoint","urlTemplate":"https:\/\/www.collegesinstitutes.ca\/fr\/?s={search_term_string}"},"query-input":{"@type":"PropertyValueSpecification","valueRequired":true,"valueName":"search_term_string"}}],"inLanguage":"fr-FR"},{"@type":"Organization","@id":"https:\/\/www.collegesinstitutes.ca\/fr\/#organization","name":"Colleges and Institutes Canada","url":"https:\/\/www.collegesinstitutes.ca\/fr\/","logo":{"@type":"ImageObject","inLanguage":"fr-FR","@id":"https:\/\/www.collegesinstitutes.ca\/fr\/#\/schema\/logo\/image\/","url":"https:\/\/www.collegesinstitutes.ca\/wp-content\/uploads\/2025\/06\/logo-en.png","contentUrl":"https:\/\/www.collegesinstitutes.ca\/wp-content\/uploads\/2025\/06\/logo-en.png","width":794,"height":280,"caption":"Colleges and Institutes Canada"},"image":{"@id":"https:\/\/www.collegesinstitutes.ca\/fr\/#\/schema\/logo\/image\/"}}]}},"_links":{"self":[{"href":"https:\/\/www.collegesinstitutes.ca\/fr\/wp-json\/wp\/v2\/pages\/32104","targetHints":{"allow":["GET"]}}],"collection":[{"href":"https:\/\/www.collegesinstitutes.ca\/fr\/wp-json\/wp\/v2\/pages"}],"about":[{"href":"https:\/\/www.collegesinstitutes.ca\/fr\/wp-json\/wp\/v2\/types\/page"}],"author":[{"embeddable":true,"href":"https:\/\/www.collegesinstitutes.ca\/fr\/wp-json\/wp\/v2\/users\/1"}],"replies":[{"embeddable":true,"href":"https:\/\/www.collegesinstitutes.ca\/fr\/wp-json\/wp\/v2\/comments?post=32104"}],"version-history":[{"count":0,"href":"https:\/\/www.collegesinstitutes.ca\/fr\/wp-json\/wp\/v2\/pages\/32104\/revisions"}],"up":[{"embeddable":true,"href":"https:\/\/www.collegesinstitutes.ca\/fr\/wp-json\/wp\/v2\/pages\/10699"}],"wp:attachment":[{"href":"https:\/\/www.collegesinstitutes.ca\/fr\/wp-json\/wp\/v2\/media?parent=32104"}],"wp:term":[{"taxonomy":"category","embeddable":true,"href":"https:\/\/www.collegesinstitutes.ca\/fr\/wp-json\/wp\/v2\/categories?post=32104"},{"taxonomy":"post_tag","embeddable":true,"href":"https:\/\/www.collegesinstitutes.ca\/fr\/wp-json\/wp\/v2\/tags?post=32104"}],"curies":[{"name":"wp","href":"https:\/\/api.w.org\/{rel}","templated":true}]}}