{"id":31724,"date":"2023-05-05T15:52:27","date_gmt":"2023-05-05T15:52:27","guid":{"rendered":"https:\/\/www.collegesinstitutes.ca\/?page_id=31724"},"modified":"2024-06-18T14:06:46","modified_gmt":"2024-06-18T14:06:46","slug":"notre-travail","status":"publish","type":"page","link":"https:\/\/www.collegesinstitutes.ca\/fr\/notre-role\/partenariats-internationaux\/notre-travail\/","title":{"rendered":"Notre travail"},"content":{"rendered":"<p class=\"lead\">Nous donnons acc\u00e8s \u00e0 l\u2019\u00e9ducation canadienne au monde entier, pour que le monde entier puisse acc\u00e9der au Canada Nous mettons en relation les \u00e9tablissements du Canada avec des partenaires du monde entier. Par l\u00e0 m\u00eame, nous \u0153uvrons \u00e0 la transformation de l\u2019enseignement postsecondaire et offrons aux apprenantes et apprenants du Canada et d\u2019ailleurs une formation ax\u00e9e sur l\u2019emploi et les comp\u00e9tences mondiales n\u00e9cessaires \u00e0 leur r\u00e9ussite.<\/p>\n<p>Nous \u00e9coutons nos partenaires des pays en d\u00e9veloppement par souci de mieux comprendre leurs besoins et de concevoir des solutions adapt\u00e9es aux contextes locaux. Nous mettons en relation dirigeantes, dirigeants, \u00e9ducatrices, \u00e9ducateurs, innovatrices et innovateurs pour aborder des enjeux mondiaux tels que les changements climatiques, la pauvret\u00e9 et les in\u00e9galit\u00e9s. Nous renfor\u00e7ons l\u2019autonomie des populations du monde entier, en particulier des femmes, des jeunes et des groupes d\u00e9favoris\u00e9s, afin de contribuer \u00e0 un changement positif.<\/p>\n<div class=\"boxit\">\n<div class=\"row align-items-center\">\n<div class=\"col-12 col-md-2 text-center\"><img decoding=\"async\" src=\"https:\/\/www.collegesinstitutes.ca\/wp-content\/uploads\/2023\/06\/icon-intl-industry-engagement.png\" alt=\"\" width=\"100\" height=\"100\" class=\"alignnone size-full wp-image-32031\" srcset=\"https:\/\/www.collegesinstitutes.ca\/wp-content\/uploads\/2023\/06\/icon-intl-industry-engagement.png 400w, https:\/\/www.collegesinstitutes.ca\/wp-content\/uploads\/2023\/06\/icon-intl-industry-engagement-300x300.png 300w, https:\/\/www.collegesinstitutes.ca\/wp-content\/uploads\/2023\/06\/icon-intl-industry-engagement-150x150.png 150w\" sizes=\"(max-width: 100px) 100vw, 100px\" \/><\/div>\n<div class=\"col-12 col-md-10\">\n<h2 class=\"border-0\">Implication de l\u2019industrie<\/h2>\n<p>Nous mettons en relation les \u00e9tablissements de formation et les employeurs locaux pour que la formation soit en phase avec les besoins du march\u00e9 du travail. Nous veillons \u00e0 ce que les apprenantes et apprenants obtiennent un dipl\u00f4me avec les comp\u00e9tences recherch\u00e9es par les employeurs pour que toutes et tous puissent d\u00e9crocher un bon emploi.<\/p>\n<\/div>\n<\/div>\n<\/div>\n<div class=\"boxit\">\n<div class=\"row align-items-center\">\n<div class=\"col-12 col-md-2 text-center\"><img decoding=\"async\" src=\"https:\/\/www.collegesinstitutes.ca\/wp-content\/uploads\/2023\/06\/icon-intl-post-secondary.png\" alt=\"\" width=\"100\" height=\"100\" class=\"alignnone size-full wp-image-32033\" srcset=\"https:\/\/www.collegesinstitutes.ca\/wp-content\/uploads\/2023\/06\/icon-intl-post-secondary.png 400w, https:\/\/www.collegesinstitutes.ca\/wp-content\/uploads\/2023\/06\/icon-intl-post-secondary-300x300.png 300w, https:\/\/www.collegesinstitutes.ca\/wp-content\/uploads\/2023\/06\/icon-intl-post-secondary-150x150.png 150w\" sizes=\"(max-width: 100px) 100vw, 100px\" \/><\/div>\n<div class=\"col-12 col-md-10\">\n<h2 class=\"border-0\">R\u00e9forme de l\u2019enseignement postsecondaire<\/h2>\n<p>Nous aidons les gouvernements, les \u00e9tablissements de formation et les collectivit\u00e9s \u00e0 r\u00e9former leurs syst\u00e8mes d\u2019EFTP. Ainsi, nous parvenons \u00e0 am\u00e9liorer l\u2019acc\u00e8s \u00e0 la formation, \u00e0 renforcer la qualit\u00e9 des programmes et \u00e0 en assurer la pertinence, en particulier pour les filles, les femmes et les populations vuln\u00e9rables.\n<\/p>\n<\/div>\n<\/div>\n<\/div>\n<div class=\"boxit\">\n<div class=\"row align-items-center\">\n<div class=\"col-12 col-md-2 text-center\"><img decoding=\"async\" src=\"https:\/\/www.collegesinstitutes.ca\/wp-content\/uploads\/2023\/06\/icon-intl-gender-equality.png\" alt=\"\" width=\"100\" height=\"100\" class=\"alignnone size-full wp-image-32027\" srcset=\"https:\/\/www.collegesinstitutes.ca\/wp-content\/uploads\/2023\/06\/icon-intl-gender-equality.png 400w, https:\/\/www.collegesinstitutes.ca\/wp-content\/uploads\/2023\/06\/icon-intl-gender-equality-300x300.png 300w, https:\/\/www.collegesinstitutes.ca\/wp-content\/uploads\/2023\/06\/icon-intl-gender-equality-150x150.png 150w\" sizes=\"(max-width: 100px) 100vw, 100px\" \/><\/div>\n<div class=\"col-12 col-md-10\">\n<h2 class=\"border-0\">\u00c9galit\u00e9 des genres<\/h2>\n<p>Nous insistons sur l\u2019autonomisation des femmes et des jeunes filles dans toutes nos initiatives internationales. Nous mettons particuli\u00e8rement l\u2019accent sur le leadership, l\u2019autonomie, le d\u00e9veloppement des comp\u00e9tences et l\u2019entrepreneuriat. Notre approche est fond\u00e9e sur les droits de la personne et promeut l\u2019acc\u00e8s \u00e0 la formation, la r\u00e9tention des \u00e9tudiantes et \u00e9tudiants ainsi que l\u2019\u00e9quit\u00e9 des r\u00e9sultats sur le march\u00e9 du travail. Notre action porte sur les obstacles syst\u00e9miques et socioculturels auxquels sont confront\u00e9es les \u00e9tudiantes lors de l\u2019\u00e9laboration de programmes tenant compte de la dimension de genre. Elle vise \u00e9galement \u00e0 promouvoir une p\u00e9dagogie sensible au genre dans l\u2019EFTP.<\/p>\n<\/div>\n<\/div>\n<\/div>\n<div class=\"boxit\">\n<div class=\"row align-items-center\">\n<div class=\"col-12 col-md-2 text-center\"><img loading=\"lazy\" decoding=\"async\" src=\"https:\/\/www.collegesinstitutes.ca\/wp-content\/uploads\/2023\/06\/icon-intl-climate-change.png\" alt=\"\" width=\"100\" height=\"100\" class=\"alignnone size-full wp-image-32021\" srcset=\"https:\/\/www.collegesinstitutes.ca\/wp-content\/uploads\/2023\/06\/icon-intl-climate-change.png 400w, https:\/\/www.collegesinstitutes.ca\/wp-content\/uploads\/2023\/06\/icon-intl-climate-change-300x300.png 300w, https:\/\/www.collegesinstitutes.ca\/wp-content\/uploads\/2023\/06\/icon-intl-climate-change-150x150.png 150w\" sizes=\"(max-width: 100px) 100vw, 100px\" \/><\/div>\n<div class=\"col-12 col-md-10\">\n<h2 class=\"border-0\">Changements climatiques<\/h2>\n<p>Nous concevons et dispensons des programmes qui donnent aux populations du monde entier les moyens de contribuer \u00e0 la lutte contre le changement climatique et \u00e0 s\u2019y adapter. Nous aidons les collectivit\u00e9s \u00e0 \u00e9valuer les d\u00e9fis, \u00e0 identifier les solutions et \u00e0 renforcer les syst\u00e8mes d\u2019intervention dans des domaines tels que la gestion des ressources naturelles, la s\u00e9curit\u00e9 alimentaire et la pr\u00e9vention des catastrophes.<\/p>\n<p><a href=\"https:\/\/www.collegesinstitutes.ca\/fr\/notre-role\/partenariats-internationaux\/notre-travail\/climate-change\/\" target=\"_blank\" class=\"btn btn-dark\" rel=\"noopener\">Lire la suite<\/a><\/div>\n<\/div>\n<\/div>\n<div class=\"boxit\">\n<div class=\"row align-items-center\">\n<div class=\"col-12 col-md-2 text-center\"><img loading=\"lazy\" decoding=\"async\" src=\"https:\/\/www.collegesinstitutes.ca\/wp-content\/uploads\/2023\/06\/icon-intl-entrepreneurship.png\" alt=\"\" width=\"100\" height=\"100\" class=\"alignnone size-full wp-image-32029\" srcset=\"https:\/\/www.collegesinstitutes.ca\/wp-content\/uploads\/2023\/06\/icon-intl-entrepreneurship.png 400w, https:\/\/www.collegesinstitutes.ca\/wp-content\/uploads\/2023\/06\/icon-intl-entrepreneurship-300x300.png 300w, https:\/\/www.collegesinstitutes.ca\/wp-content\/uploads\/2023\/06\/icon-intl-entrepreneurship-150x150.png 150w\" sizes=\"(max-width: 100px) 100vw, 100px\" \/><\/div>\n<div class=\"col-12 col-md-10\">\n<h2 class=\"border-0\">Entrepreneuriat<\/h2>\n<p>Nous aidons les apprenantes et apprenants \u00e0 acqu\u00e9rir les connaissances, les comp\u00e9tences et les relations n\u00e9cessaires pour devenir des entrepreneurs accomplis. La formation \u00e0 l\u2019entrepreneuriat propos\u00e9e par nos membres est int\u00e9gr\u00e9e dans les programmes techniques. Elle donne aux apprenantes et apprenants les outils n\u00e9cessaires \u00e0 leur r\u00e9ussite sur le march\u00e9 du travail traditionnel, tout en leur apprenant \u00e0 \u00eatre autonomes, \u00e0 faire preuve de r\u00e9silience face \u00e0 l\u2019adversit\u00e9 et \u00e0 anticiper les tendances \u00e0 venir.<\/p>\n<\/div>\n<\/div>\n<\/div>\n<div class=\"boxit\">\n<div class=\"row align-items-center\">\n<div class=\"col-12 col-md-2 text-center\"><img loading=\"lazy\" decoding=\"async\" src=\"https:\/\/www.collegesinstitutes.ca\/wp-content\/uploads\/2023\/06\/icon-intl-student-mobility.png\" alt=\"\" width=\"100\" height=\"100\" class=\"alignnone size-full wp-image-32025\" srcset=\"https:\/\/www.collegesinstitutes.ca\/wp-content\/uploads\/2023\/06\/icon-intl-student-mobility.png 400w, https:\/\/www.collegesinstitutes.ca\/wp-content\/uploads\/2023\/06\/icon-intl-student-mobility-300x300.png 300w, https:\/\/www.collegesinstitutes.ca\/wp-content\/uploads\/2023\/06\/icon-intl-student-mobility-150x150.png 150w\" sizes=\"(max-width: 100px) 100vw, 100px\" \/><\/div>\n<div class=\"col-12 col-md-10\">\n<h2 class=\"border-0\">Mobilit\u00e9 \u00e9tudiante<\/h2>\n<p>Nous g\u00e9rons des programmes de mobilit\u00e9 \u00e9tudiante internationale qui permettent aux \u00e9tudiantes et \u00e9tudiants du Canada d\u2019acqu\u00e9rir des comp\u00e9tences mondiales par le biais d\u2019\u00e9tudes \u00e0 l\u2019\u00e9tranger et de possibilit\u00e9s d\u2019apprentissage en milieu de travail. Nous offrons \u00e9galement aux coll\u00e8ges et instituts canadiens des voies leur permettant de b\u00e2tir une collaboration solide et significative avec leurs homologues \u00e0 l\u2019\u00e9tranger.<\/p>\n<\/div>\n<\/div>\n<\/div>\n<div class=\"boxit\">\n<div class=\"row align-items-center\">\n<div class=\"col-12 col-md-2 text-center\"><img loading=\"lazy\" decoding=\"async\" src=\"https:\/\/www.collegesinstitutes.ca\/wp-content\/uploads\/2023\/06\/icon-intl-leadership.png\" alt=\"\" width=\"100\" height=\"100\" class=\"alignnone size-full wp-image-32019\" srcset=\"https:\/\/www.collegesinstitutes.ca\/wp-content\/uploads\/2023\/06\/icon-intl-leadership.png 400w, https:\/\/www.collegesinstitutes.ca\/wp-content\/uploads\/2023\/06\/icon-intl-leadership-300x300.png 300w, https:\/\/www.collegesinstitutes.ca\/wp-content\/uploads\/2023\/06\/icon-intl-leadership-150x150.png 150w\" sizes=\"(max-width: 100px) 100vw, 100px\" \/><\/div>\n<div class=\"col-12 col-md-10\">\n<h2 class=\"border-0\">D\u00e9veloppement du leadership<\/h2>\n<p>Nous renfor\u00e7ons le leadership et la capacit\u00e9 de gestion institutionnelle des repr\u00e9sentants des minist\u00e8res, des dirigeantes et dirigeants des \u00e9tablissements et des leaders communautaires. Nous les aidons \u00e0 g\u00e9rer les changements dans un contexte d\u2019enseignement et de formation postsecondaires ax\u00e9s sur la demande.<\/p>\n<\/div>\n<\/div>\n<\/div>\n<div class=\"boxit\">\n<div class=\"row align-items-center\">\n<div class=\"col-12 col-md-2 text-center\"><img loading=\"lazy\" decoding=\"async\" src=\"https:\/\/www.collegesinstitutes.ca\/wp-content\/uploads\/2023\/06\/icon-intl-finance.png\" alt=\"\" width=\"100\" height=\"100\" class=\"alignnone size-full wp-image-32017\" srcset=\"https:\/\/www.collegesinstitutes.ca\/wp-content\/uploads\/2023\/06\/icon-intl-finance.png 400w, https:\/\/www.collegesinstitutes.ca\/wp-content\/uploads\/2023\/06\/icon-intl-finance-300x300.png 300w, https:\/\/www.collegesinstitutes.ca\/wp-content\/uploads\/2023\/06\/icon-intl-finance-150x150.png 150w\" sizes=\"(max-width: 100px) 100vw, 100px\" \/><\/div>\n<div class=\"col-12 col-md-10\">\n<h2 class=\"border-0\">Innovation dans le financement<\/h2>\n<p>Nous concevons des instruments financiers innovants qui mobilisent des capitaux d\u2019investissement priv\u00e9s afin d\u2019avoir un impact sur le d\u00e9veloppement et de contribuer aux Objectifs de d\u00e9veloppement durable. Nous utilisons le financement mixte comme une structure permettant de surmonter les obstacles auxquels sont confront\u00e9s les investisseurs priv\u00e9s d\u00e9sireux de d\u00e9ployer des capitaux dans les march\u00e9s \u00e9mergents et fronti\u00e8res. Avec nos partenaires, nous concevons et mettons en \u0153uvre des instruments financiers ax\u00e9s sur les r\u00e9sultats afin d\u2019encourager l\u2019innovation et de maximiser l\u2019impact.<\/p>\n<p><a href=\"https:\/\/www.collegesinstitutes.ca\/fr\/programs\/innovation-dans-le-financement\/\" rel=\"noopener\" target=\"_blank\" class=\"btn btn-dark\">En savoir plus<\/a><\/div>\n<\/div>\n<\/div>\n<div class=\"boxit\">\n<div class=\"row align-items-center\">\n<div class=\"col-12 col-md-2 text-center\"><img loading=\"lazy\" decoding=\"async\" src=\"https:\/\/www.collegesinstitutes.ca\/wp-content\/uploads\/2023\/06\/icon-intl-marketing-recruitment.png\" alt=\"\" width=\"100\" height=\"100\" class=\"alignnone size-full wp-image-32023\" srcset=\"https:\/\/www.collegesinstitutes.ca\/wp-content\/uploads\/2023\/06\/icon-intl-marketing-recruitment.png 400w, https:\/\/www.collegesinstitutes.ca\/wp-content\/uploads\/2023\/06\/icon-intl-marketing-recruitment-300x300.png 300w, https:\/\/www.collegesinstitutes.ca\/wp-content\/uploads\/2023\/06\/icon-intl-marketing-recruitment-150x150.png 150w\" sizes=\"(max-width: 100px) 100vw, 100px\" \/><\/div>\n<div class=\"col-12 col-md-10\">\n<h2 class=\"border-0\">Marketing et recrutement<\/h2>\n<p>Nous travaillons avec des partenaires du monde entier pour promouvoir les coll\u00e8ges et instituts canadiens comme le meilleur choix pour les \u00e9tudiants internationaux sur toute la plan\u00e8te. Nous les positionnons \u00e9galement en tant que principaux contributeurs \u00e0 l\u2019\u00e9conomie canadienne, de par les bienfaits de l\u2019\u00e9ducation internationale s\u2019ouvrant \u00e0 toutes les collectivit\u00e9s du pays.<\/p>\n<p><a href=\"https:\/\/www.collegesinstitutes.ca\/fr\/programs\/marketing-et-recrutement-internationaux\/\" rel=\"noopener\" target=\"_blank\" class=\"btn btn-dark\">En savoir plus<\/a><\/div>\n<\/div>\n<\/div>\n","protected":false},"excerpt":{"rendered":"<p>Nous donnons acc\u00e8s \u00e0 l\u2019\u00e9ducation canadienne au monde entier, pour que le monde entier puisse acc\u00e9der au Canada Nous mettons en relation les \u00e9tablissements du Canada avec des partenaires du&#8230;<\/p>\n","protected":false},"author":1,"featured_media":32038,"parent":31721,"menu_order":0,"comment_status":"closed","ping_status":"closed","template":"page-international.php","meta":{"_acf_changed":false,"footnotes":""},"categories":[952],"tags":[],"class_list":["post-31724","page","type-page","status-publish","has-post-thumbnail","hentry","category-intensifier-notre-implication-au-niveau-mondial"],"acf":[],"yoast_head":"<!-- This site is optimized with the Yoast SEO plugin v27.3 - https:\/\/yoast.com\/product\/yoast-seo-wordpress\/ -->\n<title>Notre travail - Colleges and Institutes Canada<\/title>\n<meta name=\"robots\" content=\"index, follow, max-snippet:-1, max-image-preview:large, max-video-preview:-1\" \/>\n<link rel=\"canonical\" href=\"https:\/\/www.collegesinstitutes.ca\/fr\/notre-role\/partenariats-internationaux\/notre-travail\/\" \/>\n<meta property=\"og:locale\" content=\"fr_FR\" \/>\n<meta property=\"og:type\" content=\"article\" \/>\n<meta property=\"og:title\" content=\"Notre travail - Colleges and Institutes Canada\" \/>\n<meta property=\"og:description\" content=\"Nous donnons acc\u00e8s \u00e0 l\u2019\u00e9ducation canadienne au monde entier, pour que le monde entier puisse acc\u00e9der au Canada Nous mettons en relation les \u00e9tablissements du Canada avec des partenaires du...\" \/>\n<meta property=\"og:url\" content=\"https:\/\/www.collegesinstitutes.ca\/fr\/notre-role\/partenariats-internationaux\/notre-travail\/\" \/>\n<meta property=\"og:site_name\" content=\"Colleges and Institutes Canada\" \/>\n<meta property=\"article:modified_time\" content=\"2024-06-18T14:06:46+00:00\" \/>\n<meta property=\"og:image\" content=\"https:\/\/www.collegesinstitutes.ca\/wp-content\/uploads\/2023\/06\/header-img-intl-work.jpg\" \/>\n\t<meta property=\"og:image:width\" content=\"1200\" \/>\n\t<meta property=\"og:image:height\" content=\"628\" \/>\n\t<meta property=\"og:image:type\" content=\"image\/jpeg\" \/>\n<meta name=\"twitter:card\" content=\"summary_large_image\" \/>\n<meta name=\"twitter:label1\" content=\"Est. reading time\" \/>\n\t<meta name=\"twitter:data1\" content=\"4 minutes\" \/>\n<script type=\"application\/ld+json\" class=\"yoast-schema-graph\">{\"@context\":\"https:\\\/\\\/schema.org\",\"@graph\":[{\"@type\":\"WebPage\",\"@id\":\"https:\\\/\\\/www.collegesinstitutes.ca\\\/fr\\\/notre-role\\\/partenariats-internationaux\\\/notre-travail\\\/\",\"url\":\"https:\\\/\\\/www.collegesinstitutes.ca\\\/fr\\\/notre-role\\\/partenariats-internationaux\\\/notre-travail\\\/\",\"name\":\"Notre travail - Colleges and Institutes Canada\",\"isPartOf\":{\"@id\":\"https:\\\/\\\/www.collegesinstitutes.ca\\\/fr\\\/#website\"},\"primaryImageOfPage\":{\"@id\":\"https:\\\/\\\/www.collegesinstitutes.ca\\\/fr\\\/notre-role\\\/partenariats-internationaux\\\/notre-travail\\\/#primaryimage\"},\"image\":{\"@id\":\"https:\\\/\\\/www.collegesinstitutes.ca\\\/fr\\\/notre-role\\\/partenariats-internationaux\\\/notre-travail\\\/#primaryimage\"},\"thumbnailUrl\":\"https:\\\/\\\/www.collegesinstitutes.ca\\\/wp-content\\\/uploads\\\/2023\\\/06\\\/header-img-intl-work.jpg\",\"datePublished\":\"2023-05-05T15:52:27+00:00\",\"dateModified\":\"2024-06-18T14:06:46+00:00\",\"breadcrumb\":{\"@id\":\"https:\\\/\\\/www.collegesinstitutes.ca\\\/fr\\\/notre-role\\\/partenariats-internationaux\\\/notre-travail\\\/#breadcrumb\"},\"inLanguage\":\"fr-FR\",\"potentialAction\":[{\"@type\":\"ReadAction\",\"target\":[\"https:\\\/\\\/www.collegesinstitutes.ca\\\/fr\\\/notre-role\\\/partenariats-internationaux\\\/notre-travail\\\/\"]}]},{\"@type\":\"ImageObject\",\"inLanguage\":\"fr-FR\",\"@id\":\"https:\\\/\\\/www.collegesinstitutes.ca\\\/fr\\\/notre-role\\\/partenariats-internationaux\\\/notre-travail\\\/#primaryimage\",\"url\":\"https:\\\/\\\/www.collegesinstitutes.ca\\\/wp-content\\\/uploads\\\/2023\\\/06\\\/header-img-intl-work.jpg\",\"contentUrl\":\"https:\\\/\\\/www.collegesinstitutes.ca\\\/wp-content\\\/uploads\\\/2023\\\/06\\\/header-img-intl-work.jpg\",\"width\":1200,\"height\":628},{\"@type\":\"BreadcrumbList\",\"@id\":\"https:\\\/\\\/www.collegesinstitutes.ca\\\/fr\\\/notre-role\\\/partenariats-internationaux\\\/notre-travail\\\/#breadcrumb\",\"itemListElement\":[{\"@type\":\"ListItem\",\"position\":1,\"name\":\"Home\",\"item\":\"https:\\\/\\\/www.collegesinstitutes.ca\\\/fr\\\/\"},{\"@type\":\"ListItem\",\"position\":2,\"name\":\"Notre r\u00f4le\",\"item\":\"https:\\\/\\\/www.collegesinstitutes.ca\\\/fr\\\/notre-role\\\/\"},{\"@type\":\"ListItem\",\"position\":3,\"name\":\"Partenariats internationaux\",\"item\":\"https:\\\/\\\/www.collegesinstitutes.ca\\\/fr\\\/notre-role\\\/partenariats-internationaux\\\/\"},{\"@type\":\"ListItem\",\"position\":4,\"name\":\"Notre travail\"}]},{\"@type\":\"WebSite\",\"@id\":\"https:\\\/\\\/www.collegesinstitutes.ca\\\/fr\\\/#website\",\"url\":\"https:\\\/\\\/www.collegesinstitutes.ca\\\/fr\\\/\",\"name\":\"Colleges and Institutes Canada\",\"description\":\"The Voice of Canada&#039;s Colleges &amp; Institutes\",\"publisher\":{\"@id\":\"https:\\\/\\\/www.collegesinstitutes.ca\\\/fr\\\/#organization\"},\"potentialAction\":[{\"@type\":\"SearchAction\",\"target\":{\"@type\":\"EntryPoint\",\"urlTemplate\":\"https:\\\/\\\/www.collegesinstitutes.ca\\\/fr\\\/?s={search_term_string}\"},\"query-input\":{\"@type\":\"PropertyValueSpecification\",\"valueRequired\":true,\"valueName\":\"search_term_string\"}}],\"inLanguage\":\"fr-FR\"},{\"@type\":\"Organization\",\"@id\":\"https:\\\/\\\/www.collegesinstitutes.ca\\\/fr\\\/#organization\",\"name\":\"Colleges and Institutes Canada\",\"url\":\"https:\\\/\\\/www.collegesinstitutes.ca\\\/fr\\\/\",\"logo\":{\"@type\":\"ImageObject\",\"inLanguage\":\"fr-FR\",\"@id\":\"https:\\\/\\\/www.collegesinstitutes.ca\\\/fr\\\/#\\\/schema\\\/logo\\\/image\\\/\",\"url\":\"https:\\\/\\\/www.collegesinstitutes.ca\\\/wp-content\\\/uploads\\\/2025\\\/06\\\/logo-en.png\",\"contentUrl\":\"https:\\\/\\\/www.collegesinstitutes.ca\\\/wp-content\\\/uploads\\\/2025\\\/06\\\/logo-en.png\",\"width\":794,\"height\":280,\"caption\":\"Colleges and Institutes Canada\"},\"image\":{\"@id\":\"https:\\\/\\\/www.collegesinstitutes.ca\\\/fr\\\/#\\\/schema\\\/logo\\\/image\\\/\"}}]}<\/script>\n<!-- \/ Yoast SEO plugin. -->","yoast_head_json":{"title":"Notre travail - Colleges and Institutes Canada","robots":{"index":"index","follow":"follow","max-snippet":"max-snippet:-1","max-image-preview":"max-image-preview:large","max-video-preview":"max-video-preview:-1"},"canonical":"https:\/\/www.collegesinstitutes.ca\/fr\/notre-role\/partenariats-internationaux\/notre-travail\/","og_locale":"fr_FR","og_type":"article","og_title":"Notre travail - Colleges and Institutes Canada","og_description":"Nous donnons acc\u00e8s \u00e0 l\u2019\u00e9ducation canadienne au monde entier, pour que le monde entier puisse acc\u00e9der au Canada Nous mettons en relation les \u00e9tablissements du Canada avec des partenaires du...","og_url":"https:\/\/www.collegesinstitutes.ca\/fr\/notre-role\/partenariats-internationaux\/notre-travail\/","og_site_name":"Colleges and Institutes Canada","article_modified_time":"2024-06-18T14:06:46+00:00","og_image":[{"width":1200,"height":628,"url":"https:\/\/www.collegesinstitutes.ca\/wp-content\/uploads\/2023\/06\/header-img-intl-work.jpg","type":"image\/jpeg"}],"twitter_card":"summary_large_image","twitter_misc":{"Est. reading time":"4 minutes"},"schema":{"@context":"https:\/\/schema.org","@graph":[{"@type":"WebPage","@id":"https:\/\/www.collegesinstitutes.ca\/fr\/notre-role\/partenariats-internationaux\/notre-travail\/","url":"https:\/\/www.collegesinstitutes.ca\/fr\/notre-role\/partenariats-internationaux\/notre-travail\/","name":"Notre travail - Colleges and Institutes Canada","isPartOf":{"@id":"https:\/\/www.collegesinstitutes.ca\/fr\/#website"},"primaryImageOfPage":{"@id":"https:\/\/www.collegesinstitutes.ca\/fr\/notre-role\/partenariats-internationaux\/notre-travail\/#primaryimage"},"image":{"@id":"https:\/\/www.collegesinstitutes.ca\/fr\/notre-role\/partenariats-internationaux\/notre-travail\/#primaryimage"},"thumbnailUrl":"https:\/\/www.collegesinstitutes.ca\/wp-content\/uploads\/2023\/06\/header-img-intl-work.jpg","datePublished":"2023-05-05T15:52:27+00:00","dateModified":"2024-06-18T14:06:46+00:00","breadcrumb":{"@id":"https:\/\/www.collegesinstitutes.ca\/fr\/notre-role\/partenariats-internationaux\/notre-travail\/#breadcrumb"},"inLanguage":"fr-FR","potentialAction":[{"@type":"ReadAction","target":["https:\/\/www.collegesinstitutes.ca\/fr\/notre-role\/partenariats-internationaux\/notre-travail\/"]}]},{"@type":"ImageObject","inLanguage":"fr-FR","@id":"https:\/\/www.collegesinstitutes.ca\/fr\/notre-role\/partenariats-internationaux\/notre-travail\/#primaryimage","url":"https:\/\/www.collegesinstitutes.ca\/wp-content\/uploads\/2023\/06\/header-img-intl-work.jpg","contentUrl":"https:\/\/www.collegesinstitutes.ca\/wp-content\/uploads\/2023\/06\/header-img-intl-work.jpg","width":1200,"height":628},{"@type":"BreadcrumbList","@id":"https:\/\/www.collegesinstitutes.ca\/fr\/notre-role\/partenariats-internationaux\/notre-travail\/#breadcrumb","itemListElement":[{"@type":"ListItem","position":1,"name":"Home","item":"https:\/\/www.collegesinstitutes.ca\/fr\/"},{"@type":"ListItem","position":2,"name":"Notre r\u00f4le","item":"https:\/\/www.collegesinstitutes.ca\/fr\/notre-role\/"},{"@type":"ListItem","position":3,"name":"Partenariats internationaux","item":"https:\/\/www.collegesinstitutes.ca\/fr\/notre-role\/partenariats-internationaux\/"},{"@type":"ListItem","position":4,"name":"Notre travail"}]},{"@type":"WebSite","@id":"https:\/\/www.collegesinstitutes.ca\/fr\/#website","url":"https:\/\/www.collegesinstitutes.ca\/fr\/","name":"Colleges and Institutes Canada","description":"The Voice of Canada&#039;s Colleges &amp; Institutes","publisher":{"@id":"https:\/\/www.collegesinstitutes.ca\/fr\/#organization"},"potentialAction":[{"@type":"SearchAction","target":{"@type":"EntryPoint","urlTemplate":"https:\/\/www.collegesinstitutes.ca\/fr\/?s={search_term_string}"},"query-input":{"@type":"PropertyValueSpecification","valueRequired":true,"valueName":"search_term_string"}}],"inLanguage":"fr-FR"},{"@type":"Organization","@id":"https:\/\/www.collegesinstitutes.ca\/fr\/#organization","name":"Colleges and Institutes Canada","url":"https:\/\/www.collegesinstitutes.ca\/fr\/","logo":{"@type":"ImageObject","inLanguage":"fr-FR","@id":"https:\/\/www.collegesinstitutes.ca\/fr\/#\/schema\/logo\/image\/","url":"https:\/\/www.collegesinstitutes.ca\/wp-content\/uploads\/2025\/06\/logo-en.png","contentUrl":"https:\/\/www.collegesinstitutes.ca\/wp-content\/uploads\/2025\/06\/logo-en.png","width":794,"height":280,"caption":"Colleges and Institutes Canada"},"image":{"@id":"https:\/\/www.collegesinstitutes.ca\/fr\/#\/schema\/logo\/image\/"}}]}},"_links":{"self":[{"href":"https:\/\/www.collegesinstitutes.ca\/fr\/wp-json\/wp\/v2\/pages\/31724","targetHints":{"allow":["GET"]}}],"collection":[{"href":"https:\/\/www.collegesinstitutes.ca\/fr\/wp-json\/wp\/v2\/pages"}],"about":[{"href":"https:\/\/www.collegesinstitutes.ca\/fr\/wp-json\/wp\/v2\/types\/page"}],"author":[{"embeddable":true,"href":"https:\/\/www.collegesinstitutes.ca\/fr\/wp-json\/wp\/v2\/users\/1"}],"replies":[{"embeddable":true,"href":"https:\/\/www.collegesinstitutes.ca\/fr\/wp-json\/wp\/v2\/comments?post=31724"}],"version-history":[{"count":0,"href":"https:\/\/www.collegesinstitutes.ca\/fr\/wp-json\/wp\/v2\/pages\/31724\/revisions"}],"up":[{"embeddable":true,"href":"https:\/\/www.collegesinstitutes.ca\/fr\/wp-json\/wp\/v2\/pages\/31721"}],"wp:featuredmedia":[{"embeddable":true,"href":"https:\/\/www.collegesinstitutes.ca\/fr\/wp-json\/wp\/v2\/media\/32038"}],"wp:attachment":[{"href":"https:\/\/www.collegesinstitutes.ca\/fr\/wp-json\/wp\/v2\/media?parent=31724"}],"wp:term":[{"taxonomy":"category","embeddable":true,"href":"https:\/\/www.collegesinstitutes.ca\/fr\/wp-json\/wp\/v2\/categories?post=31724"},{"taxonomy":"post_tag","embeddable":true,"href":"https:\/\/www.collegesinstitutes.ca\/fr\/wp-json\/wp\/v2\/tags?post=31724"}],"curies":[{"name":"wp","href":"https:\/\/api.w.org\/{rel}","templated":true}]}}