{"id":31721,"date":"2023-05-04T20:41:33","date_gmt":"2023-05-04T20:41:33","guid":{"rendered":"https:\/\/www.collegesinstitutes.ca\/?page_id=31721"},"modified":"2023-10-31T21:05:01","modified_gmt":"2023-10-31T21:05:01","slug":"partenariats-internationaux","status":"publish","type":"page","link":"https:\/\/www.collegesinstitutes.ca\/fr\/notre-role\/partenariats-internationaux\/","title":{"rendered":"Partenariats internationaux"},"content":{"rendered":"<p class=\"lead\">Nous donnons acc\u00e8s \u00e0 l\u2019\u00e9ducation canadienne au monde entier, pour que le monde entier puisse acc\u00e9der au Canada Nous mettons en relation les \u00e9tablissements du Canada avec des partenaires du monde entier. Par l\u00e0 m\u00eame, nous \u0153uvrons \u00e0 la transformation de l\u2019enseignement postsecondaire et offrons aux apprenantes et apprenants du Canada et d\u2019ailleurs une formation ax\u00e9e sur l\u2019emploi et les comp\u00e9tences mondiales n\u00e9cessaires \u00e0 leur r\u00e9ussite.<\/p>\n<h2 class=\"border-0\">\u00c9ducation, formation et innovation \u00e0 l&rsquo;\u00e9chelle mondiale<\/h2>\n<div class=\"divider-short mb-5\"><\/div>\n<p>Nous \u00e9coutons nos partenaires des pays en d\u00e9veloppement par souci de mieux comprendre leurs besoins et de concevoir des solutions adapt\u00e9es aux contextes locaux. Nous mettons en relation dirigeantes, dirigeants, \u00e9ducatrices, \u00e9ducateurs, innovatrices et innovateurs pour aborder des enjeux mondiaux tels que les changements climatiques, la pauvret\u00e9 et les in\u00e9galit\u00e9s. Nous renfor\u00e7ons l\u2019autonomie des populations du monde entier, en particulier des femmes, des jeunes et des groupes d\u00e9favoris\u00e9s, afin de contribuer \u00e0 un changement positif.<\/p>\n<div class=\"row align-items-center\">\n<div class=\"col-12 col-md-6\">\n<ul class=\"ms-0\">\n<li>Implication de l\u2019industrie<\/li>\n<li>R\u00e9forme de l\u2019enseignement postsecondaire<\/li>\n<li>\u00c9galit\u00e9 des genres<\/li>\n<li><a href=\"https:\/\/www.collegesinstitutes.ca\/fr\/notre-role\/partenariats-internationaux\/notre-travail\/climate-change\/\">Changements climatiques<\/a><\/li>\n<li>Entrepreneuriat<\/li>\n<li>Mobilit\u00e9 \u00e9tudiante<\/li>\n<li>D\u00e9veloppement du leadership<\/li>\n<li><a href=\"https:\/\/www.collegesinstitutes.ca\/fr\/programs\/innovation-dans-le-financement\/\">Innovation dans le financement<\/a><\/li>\n<li><a href=\"https:\/\/www.collegesinstitutes.ca\/fr\/programs\/marketing-et-recrutement-internationaux\/\">Marketing et recrutement<\/a><\/li>\n<\/ul>\n<p><a class=\"btn btn-dark\" href=\"https:\/\/www.collegesinstitutes.ca\/fr\/notre-role\/partenariats-internationaux\/notre-travail\/\" role=\"button\">En savoir plus<\/a>\n<\/div>\n<div class=\"col-12 col-md-6\"><img fetchpriority=\"high\" decoding=\"async\" width=\"300\" height=\"245\" src=\"https:\/\/www.collegesinstitutes.ca\/wp-content\/uploads\/2023\/05\/international-list-icon.jpg-300x245.png\" alt=\"\" class=\"alignnone wp-image-31704\" srcset=\"https:\/\/www.collegesinstitutes.ca\/wp-content\/uploads\/2023\/05\/international-list-icon.jpg-300x245.png 300w, https:\/\/www.collegesinstitutes.ca\/wp-content\/uploads\/2023\/05\/international-list-icon.jpg.png 730w\" sizes=\"(max-width: 300px) 100vw, 300px\" \/><\/div>\n<\/div>\n<h2 class=\"border-0\">Notre action en quelques chiffres<\/h2>\n<div class=\"divider-short mb-5\"><\/div>\n","protected":false},"excerpt":{"rendered":"<p>Nous donnons acc\u00e8s \u00e0 l\u2019\u00e9ducation canadienne au monde entier, pour que le monde entier puisse acc\u00e9der au Canada Nous mettons en relation les \u00e9tablissements du Canada avec des partenaires du&#8230;<\/p>\n","protected":false},"author":1,"featured_media":32070,"parent":10688,"menu_order":0,"comment_status":"closed","ping_status":"closed","template":"page-international.php","meta":{"_acf_changed":false,"footnotes":""},"categories":[952],"tags":[],"class_list":["post-31721","page","type-page","status-publish","has-post-thumbnail","hentry","category-intensifier-notre-implication-au-niveau-mondial"],"acf":[],"yoast_head":"<!-- This site is optimized with the Yoast SEO plugin v27.4 - https:\/\/yoast.com\/product\/yoast-seo-wordpress\/ -->\n<title>Partenariats internationaux - Colleges and Institutes Canada<\/title>\n<meta name=\"robots\" content=\"index, follow, max-snippet:-1, max-image-preview:large, max-video-preview:-1\" \/>\n<link rel=\"canonical\" href=\"https:\/\/www.collegesinstitutes.ca\/fr\/notre-role\/partenariats-internationaux\/\" \/>\n<meta property=\"og:locale\" content=\"fr_FR\" \/>\n<meta property=\"og:type\" content=\"article\" \/>\n<meta property=\"og:title\" content=\"Partenariats internationaux - Colleges and Institutes Canada\" \/>\n<meta property=\"og:description\" content=\"Nous donnons acc\u00e8s \u00e0 l\u2019\u00e9ducation canadienne au monde entier, pour que le monde entier puisse acc\u00e9der au Canada Nous mettons en relation les \u00e9tablissements du Canada avec des partenaires du...\" \/>\n<meta property=\"og:url\" content=\"https:\/\/www.collegesinstitutes.ca\/fr\/notre-role\/partenariats-internationaux\/\" \/>\n<meta property=\"og:site_name\" content=\"Colleges and Institutes Canada\" \/>\n<meta property=\"article:modified_time\" content=\"2023-10-31T21:05:01+00:00\" \/>\n<meta property=\"og:image\" content=\"https:\/\/www.collegesinstitutes.ca\/wp-content\/uploads\/2023\/06\/header-img-intl-landingpage-1.jpg\" \/>\n\t<meta property=\"og:image:width\" content=\"1200\" \/>\n\t<meta property=\"og:image:height\" content=\"628\" \/>\n\t<meta property=\"og:image:type\" content=\"image\/jpeg\" \/>\n<meta name=\"twitter:card\" content=\"summary_large_image\" \/>\n<meta name=\"twitter:label1\" content=\"Est. reading time\" \/>\n\t<meta name=\"twitter:data1\" content=\"1 minute\" \/>\n<script type=\"application\/ld+json\" class=\"yoast-schema-graph\">{\"@context\":\"https:\\\/\\\/schema.org\",\"@graph\":[{\"@type\":\"WebPage\",\"@id\":\"https:\\\/\\\/www.collegesinstitutes.ca\\\/fr\\\/notre-role\\\/partenariats-internationaux\\\/\",\"url\":\"https:\\\/\\\/www.collegesinstitutes.ca\\\/fr\\\/notre-role\\\/partenariats-internationaux\\\/\",\"name\":\"Partenariats internationaux - Colleges and Institutes Canada\",\"isPartOf\":{\"@id\":\"https:\\\/\\\/www.collegesinstitutes.ca\\\/fr\\\/#website\"},\"primaryImageOfPage\":{\"@id\":\"https:\\\/\\\/www.collegesinstitutes.ca\\\/fr\\\/notre-role\\\/partenariats-internationaux\\\/#primaryimage\"},\"image\":{\"@id\":\"https:\\\/\\\/www.collegesinstitutes.ca\\\/fr\\\/notre-role\\\/partenariats-internationaux\\\/#primaryimage\"},\"thumbnailUrl\":\"https:\\\/\\\/www.collegesinstitutes.ca\\\/wp-content\\\/uploads\\\/2023\\\/06\\\/header-img-intl-landingpage-1.jpg\",\"datePublished\":\"2023-05-04T20:41:33+00:00\",\"dateModified\":\"2023-10-31T21:05:01+00:00\",\"breadcrumb\":{\"@id\":\"https:\\\/\\\/www.collegesinstitutes.ca\\\/fr\\\/notre-role\\\/partenariats-internationaux\\\/#breadcrumb\"},\"inLanguage\":\"fr-FR\",\"potentialAction\":[{\"@type\":\"ReadAction\",\"target\":[\"https:\\\/\\\/www.collegesinstitutes.ca\\\/fr\\\/notre-role\\\/partenariats-internationaux\\\/\"]}]},{\"@type\":\"ImageObject\",\"inLanguage\":\"fr-FR\",\"@id\":\"https:\\\/\\\/www.collegesinstitutes.ca\\\/fr\\\/notre-role\\\/partenariats-internationaux\\\/#primaryimage\",\"url\":\"https:\\\/\\\/www.collegesinstitutes.ca\\\/wp-content\\\/uploads\\\/2023\\\/06\\\/header-img-intl-landingpage-1.jpg\",\"contentUrl\":\"https:\\\/\\\/www.collegesinstitutes.ca\\\/wp-content\\\/uploads\\\/2023\\\/06\\\/header-img-intl-landingpage-1.jpg\",\"width\":1200,\"height\":628},{\"@type\":\"BreadcrumbList\",\"@id\":\"https:\\\/\\\/www.collegesinstitutes.ca\\\/fr\\\/notre-role\\\/partenariats-internationaux\\\/#breadcrumb\",\"itemListElement\":[{\"@type\":\"ListItem\",\"position\":1,\"name\":\"Home\",\"item\":\"https:\\\/\\\/www.collegesinstitutes.ca\\\/fr\\\/\"},{\"@type\":\"ListItem\",\"position\":2,\"name\":\"Notre r\u00f4le\",\"item\":\"https:\\\/\\\/www.collegesinstitutes.ca\\\/fr\\\/notre-role\\\/\"},{\"@type\":\"ListItem\",\"position\":3,\"name\":\"Partenariats internationaux\"}]},{\"@type\":\"WebSite\",\"@id\":\"https:\\\/\\\/www.collegesinstitutes.ca\\\/fr\\\/#website\",\"url\":\"https:\\\/\\\/www.collegesinstitutes.ca\\\/fr\\\/\",\"name\":\"Colleges and Institutes Canada\",\"description\":\"The Voice of Canada&#039;s Colleges &amp; Institutes\",\"publisher\":{\"@id\":\"https:\\\/\\\/www.collegesinstitutes.ca\\\/fr\\\/#organization\"},\"potentialAction\":[{\"@type\":\"SearchAction\",\"target\":{\"@type\":\"EntryPoint\",\"urlTemplate\":\"https:\\\/\\\/www.collegesinstitutes.ca\\\/fr\\\/?s={search_term_string}\"},\"query-input\":{\"@type\":\"PropertyValueSpecification\",\"valueRequired\":true,\"valueName\":\"search_term_string\"}}],\"inLanguage\":\"fr-FR\"},{\"@type\":\"Organization\",\"@id\":\"https:\\\/\\\/www.collegesinstitutes.ca\\\/fr\\\/#organization\",\"name\":\"Colleges and Institutes Canada\",\"url\":\"https:\\\/\\\/www.collegesinstitutes.ca\\\/fr\\\/\",\"logo\":{\"@type\":\"ImageObject\",\"inLanguage\":\"fr-FR\",\"@id\":\"https:\\\/\\\/www.collegesinstitutes.ca\\\/fr\\\/#\\\/schema\\\/logo\\\/image\\\/\",\"url\":\"https:\\\/\\\/www.collegesinstitutes.ca\\\/wp-content\\\/uploads\\\/2025\\\/06\\\/logo-en.png\",\"contentUrl\":\"https:\\\/\\\/www.collegesinstitutes.ca\\\/wp-content\\\/uploads\\\/2025\\\/06\\\/logo-en.png\",\"width\":794,\"height\":280,\"caption\":\"Colleges and Institutes Canada\"},\"image\":{\"@id\":\"https:\\\/\\\/www.collegesinstitutes.ca\\\/fr\\\/#\\\/schema\\\/logo\\\/image\\\/\"}}]}<\/script>\n<!-- \/ Yoast SEO plugin. -->","yoast_head_json":{"title":"Partenariats internationaux - Colleges and Institutes Canada","robots":{"index":"index","follow":"follow","max-snippet":"max-snippet:-1","max-image-preview":"max-image-preview:large","max-video-preview":"max-video-preview:-1"},"canonical":"https:\/\/www.collegesinstitutes.ca\/fr\/notre-role\/partenariats-internationaux\/","og_locale":"fr_FR","og_type":"article","og_title":"Partenariats internationaux - Colleges and Institutes Canada","og_description":"Nous donnons acc\u00e8s \u00e0 l\u2019\u00e9ducation canadienne au monde entier, pour que le monde entier puisse acc\u00e9der au Canada Nous mettons en relation les \u00e9tablissements du Canada avec des partenaires du...","og_url":"https:\/\/www.collegesinstitutes.ca\/fr\/notre-role\/partenariats-internationaux\/","og_site_name":"Colleges and Institutes Canada","article_modified_time":"2023-10-31T21:05:01+00:00","og_image":[{"width":1200,"height":628,"url":"https:\/\/www.collegesinstitutes.ca\/wp-content\/uploads\/2023\/06\/header-img-intl-landingpage-1.jpg","type":"image\/jpeg"}],"twitter_card":"summary_large_image","twitter_misc":{"Est. reading time":"1 minute"},"schema":{"@context":"https:\/\/schema.org","@graph":[{"@type":"WebPage","@id":"https:\/\/www.collegesinstitutes.ca\/fr\/notre-role\/partenariats-internationaux\/","url":"https:\/\/www.collegesinstitutes.ca\/fr\/notre-role\/partenariats-internationaux\/","name":"Partenariats internationaux - Colleges and Institutes Canada","isPartOf":{"@id":"https:\/\/www.collegesinstitutes.ca\/fr\/#website"},"primaryImageOfPage":{"@id":"https:\/\/www.collegesinstitutes.ca\/fr\/notre-role\/partenariats-internationaux\/#primaryimage"},"image":{"@id":"https:\/\/www.collegesinstitutes.ca\/fr\/notre-role\/partenariats-internationaux\/#primaryimage"},"thumbnailUrl":"https:\/\/www.collegesinstitutes.ca\/wp-content\/uploads\/2023\/06\/header-img-intl-landingpage-1.jpg","datePublished":"2023-05-04T20:41:33+00:00","dateModified":"2023-10-31T21:05:01+00:00","breadcrumb":{"@id":"https:\/\/www.collegesinstitutes.ca\/fr\/notre-role\/partenariats-internationaux\/#breadcrumb"},"inLanguage":"fr-FR","potentialAction":[{"@type":"ReadAction","target":["https:\/\/www.collegesinstitutes.ca\/fr\/notre-role\/partenariats-internationaux\/"]}]},{"@type":"ImageObject","inLanguage":"fr-FR","@id":"https:\/\/www.collegesinstitutes.ca\/fr\/notre-role\/partenariats-internationaux\/#primaryimage","url":"https:\/\/www.collegesinstitutes.ca\/wp-content\/uploads\/2023\/06\/header-img-intl-landingpage-1.jpg","contentUrl":"https:\/\/www.collegesinstitutes.ca\/wp-content\/uploads\/2023\/06\/header-img-intl-landingpage-1.jpg","width":1200,"height":628},{"@type":"BreadcrumbList","@id":"https:\/\/www.collegesinstitutes.ca\/fr\/notre-role\/partenariats-internationaux\/#breadcrumb","itemListElement":[{"@type":"ListItem","position":1,"name":"Home","item":"https:\/\/www.collegesinstitutes.ca\/fr\/"},{"@type":"ListItem","position":2,"name":"Notre r\u00f4le","item":"https:\/\/www.collegesinstitutes.ca\/fr\/notre-role\/"},{"@type":"ListItem","position":3,"name":"Partenariats internationaux"}]},{"@type":"WebSite","@id":"https:\/\/www.collegesinstitutes.ca\/fr\/#website","url":"https:\/\/www.collegesinstitutes.ca\/fr\/","name":"Colleges and Institutes Canada","description":"The Voice of Canada&#039;s Colleges &amp; Institutes","publisher":{"@id":"https:\/\/www.collegesinstitutes.ca\/fr\/#organization"},"potentialAction":[{"@type":"SearchAction","target":{"@type":"EntryPoint","urlTemplate":"https:\/\/www.collegesinstitutes.ca\/fr\/?s={search_term_string}"},"query-input":{"@type":"PropertyValueSpecification","valueRequired":true,"valueName":"search_term_string"}}],"inLanguage":"fr-FR"},{"@type":"Organization","@id":"https:\/\/www.collegesinstitutes.ca\/fr\/#organization","name":"Colleges and Institutes Canada","url":"https:\/\/www.collegesinstitutes.ca\/fr\/","logo":{"@type":"ImageObject","inLanguage":"fr-FR","@id":"https:\/\/www.collegesinstitutes.ca\/fr\/#\/schema\/logo\/image\/","url":"https:\/\/www.collegesinstitutes.ca\/wp-content\/uploads\/2025\/06\/logo-en.png","contentUrl":"https:\/\/www.collegesinstitutes.ca\/wp-content\/uploads\/2025\/06\/logo-en.png","width":794,"height":280,"caption":"Colleges and Institutes Canada"},"image":{"@id":"https:\/\/www.collegesinstitutes.ca\/fr\/#\/schema\/logo\/image\/"}}]}},"_links":{"self":[{"href":"https:\/\/www.collegesinstitutes.ca\/fr\/wp-json\/wp\/v2\/pages\/31721","targetHints":{"allow":["GET"]}}],"collection":[{"href":"https:\/\/www.collegesinstitutes.ca\/fr\/wp-json\/wp\/v2\/pages"}],"about":[{"href":"https:\/\/www.collegesinstitutes.ca\/fr\/wp-json\/wp\/v2\/types\/page"}],"author":[{"embeddable":true,"href":"https:\/\/www.collegesinstitutes.ca\/fr\/wp-json\/wp\/v2\/users\/1"}],"replies":[{"embeddable":true,"href":"https:\/\/www.collegesinstitutes.ca\/fr\/wp-json\/wp\/v2\/comments?post=31721"}],"version-history":[{"count":0,"href":"https:\/\/www.collegesinstitutes.ca\/fr\/wp-json\/wp\/v2\/pages\/31721\/revisions"}],"up":[{"embeddable":true,"href":"https:\/\/www.collegesinstitutes.ca\/fr\/wp-json\/wp\/v2\/pages\/10688"}],"wp:featuredmedia":[{"embeddable":true,"href":"https:\/\/www.collegesinstitutes.ca\/fr\/wp-json\/wp\/v2\/media\/32070"}],"wp:attachment":[{"href":"https:\/\/www.collegesinstitutes.ca\/fr\/wp-json\/wp\/v2\/media?parent=31721"}],"wp:term":[{"taxonomy":"category","embeddable":true,"href":"https:\/\/www.collegesinstitutes.ca\/fr\/wp-json\/wp\/v2\/categories?post=31721"},{"taxonomy":"post_tag","embeddable":true,"href":"https:\/\/www.collegesinstitutes.ca\/fr\/wp-json\/wp\/v2\/tags?post=31721"}],"curies":[{"name":"wp","href":"https:\/\/api.w.org\/{rel}","templated":true}]}}