{"id":24414,"date":"2022-10-17T18:25:58","date_gmt":"2022-10-17T18:25:58","guid":{"rendered":"https:\/\/www.collegesinstitutes.ca\/notre-role\/nos-priorites\/progresser-envers-les-objectifs-de-developpement-durable\/member-signatories\/"},"modified":"2023-02-28T01:06:29","modified_gmt":"2023-02-28T01:06:29","slug":"signez-laccord-sur-les-odd","status":"publish","type":"page","link":"https:\/\/www.collegesinstitutes.ca\/fr\/notre-role\/nos-priorites\/progresser-envers-les-objectifs-de-developpement-durable\/signez-laccord-sur-les-odd\/","title":{"rendered":"Signez l\u2019Accord sur les ODD"},"content":{"rendered":"<p class=\"lead\">Voici une invitation pour \u00eatre leader en mati\u00e8re de d\u00e9veloppement durable ! Joignez les coll\u00e8ges et instituts canadiens de partout au pays pour faire un pas audacieux, urgent et collectif vers le d\u00e9veloppement durable et faites partie de la <a href=\"https:\/\/www.un.org\/sustainabledevelopment\/fr\/decade-of-action\/\" rel=\"noopener\" target=\"_blank\">D\u00e9cennie d\u2019action des Nations Unies<\/a> pour mettre fin \u00e0 la pauvret\u00e9, sauver la plan\u00e8te et construire un monde de paix.<\/p>\n<p>Les dix prochaines ann\u00e9es sont critiques ! Nous cherchons des institutions pour signer le <a href=\"https:\/\/www.sdgaccord.org\/\" rel=\"noopener\" target=\"_blank\">SDG Accord<\/a> et participer \u00e0 la cr\u00e9ation d\u2019un avenir meilleur pour les individus et les collectivit\u00e9s.<\/p>\n<p><a class=\"btn btn-dark mb-3\" href=\"https:\/\/www.collegesinstitutes.ca\/fr\/colleges-instituts-communaute\/nos-membres\/?_protocols=sdg-accord\">Membres signataires<\/a><\/p>\n<p>Pour plus d\u2019informations, envoyez un courriel \u00e0 <a href=\"mailto:impact@collegesinstitutes.ca\" rel=\"noopener\" target=\"_blank\">impact@collegesinstitutes.ca<\/a>.<\/p>\n<div class=\"video-container\"><iframe width=\"560\" height=\"315\" src=\"https:\/\/www.youtube.com\/embed\/ov80DjWn2Y8\" title=\"YouTube video player\" frameborder=\"0\" allow=\"accelerometer; autoplay; clipboard-write; encrypted-media; gyroscope; picture-in-picture; web-share\" allowfullscreen><\/iframe><\/div>\n","protected":false},"excerpt":{"rendered":"<p>Voici une invitation pour \u00eatre leader en mati\u00e8re de d\u00e9veloppement durable ! Joignez les coll\u00e8ges et instituts canadiens de partout au pays pour faire un pas audacieux, urgent et collectif&#8230;<\/p>\n","protected":false},"author":2,"featured_media":9350,"parent":22349,"menu_order":0,"comment_status":"closed","ping_status":"closed","template":"","meta":{"_acf_changed":false,"footnotes":""},"categories":[],"tags":[],"class_list":["post-24414","page","type-page","status-publish","has-post-thumbnail","hentry"],"acf":[],"yoast_head":"<!-- This site is optimized with the Yoast SEO plugin v27.3 - https:\/\/yoast.com\/product\/yoast-seo-wordpress\/ -->\n<title>Signez l\u2019Accord sur les ODD - Colleges and Institutes Canada<\/title>\n<meta name=\"robots\" content=\"index, follow, max-snippet:-1, max-image-preview:large, max-video-preview:-1\" \/>\n<link rel=\"canonical\" href=\"https:\/\/www.collegesinstitutes.ca\/fr\/notre-role\/nos-priorites\/progresser-envers-les-objectifs-de-developpement-durable\/signez-laccord-sur-les-odd\/\" \/>\n<meta property=\"og:locale\" content=\"fr_FR\" \/>\n<meta property=\"og:type\" content=\"article\" \/>\n<meta property=\"og:title\" content=\"Signez l\u2019Accord sur les ODD - Colleges and Institutes Canada\" \/>\n<meta property=\"og:description\" content=\"Voici une invitation pour \u00eatre leader en mati\u00e8re de d\u00e9veloppement durable ! Joignez les coll\u00e8ges et instituts canadiens de partout au pays pour faire un pas audacieux, urgent et collectif...\" \/>\n<meta property=\"og:url\" content=\"https:\/\/www.collegesinstitutes.ca\/fr\/notre-role\/nos-priorites\/progresser-envers-les-objectifs-de-developpement-durable\/signez-laccord-sur-les-odd\/\" \/>\n<meta property=\"og:site_name\" content=\"Colleges and Institutes Canada\" \/>\n<meta property=\"article:modified_time\" content=\"2023-02-28T01:06:29+00:00\" \/>\n<meta property=\"og:image\" content=\"https:\/\/www.collegesinstitutes.ca\/wp-content\/uploads\/2022\/10\/header-img-SDG.jpg\" \/>\n\t<meta property=\"og:image:width\" content=\"1200\" \/>\n\t<meta property=\"og:image:height\" content=\"628\" \/>\n\t<meta property=\"og:image:type\" content=\"image\/jpeg\" \/>\n<meta name=\"twitter:card\" content=\"summary_large_image\" \/>\n<meta name=\"twitter:label1\" content=\"Est. reading time\" \/>\n\t<meta name=\"twitter:data1\" content=\"1 minute\" \/>\n<script type=\"application\/ld+json\" class=\"yoast-schema-graph\">{\"@context\":\"https:\\\/\\\/schema.org\",\"@graph\":[{\"@type\":\"WebPage\",\"@id\":\"https:\\\/\\\/www.collegesinstitutes.ca\\\/fr\\\/notre-role\\\/nos-priorites\\\/progresser-envers-les-objectifs-de-developpement-durable\\\/signez-laccord-sur-les-odd\\\/\",\"url\":\"https:\\\/\\\/www.collegesinstitutes.ca\\\/fr\\\/notre-role\\\/nos-priorites\\\/progresser-envers-les-objectifs-de-developpement-durable\\\/signez-laccord-sur-les-odd\\\/\",\"name\":\"Signez l\u2019Accord sur les ODD - Colleges and Institutes Canada\",\"isPartOf\":{\"@id\":\"https:\\\/\\\/www.collegesinstitutes.ca\\\/fr\\\/#website\"},\"primaryImageOfPage\":{\"@id\":\"https:\\\/\\\/www.collegesinstitutes.ca\\\/fr\\\/notre-role\\\/nos-priorites\\\/progresser-envers-les-objectifs-de-developpement-durable\\\/signez-laccord-sur-les-odd\\\/#primaryimage\"},\"image\":{\"@id\":\"https:\\\/\\\/www.collegesinstitutes.ca\\\/fr\\\/notre-role\\\/nos-priorites\\\/progresser-envers-les-objectifs-de-developpement-durable\\\/signez-laccord-sur-les-odd\\\/#primaryimage\"},\"thumbnailUrl\":\"https:\\\/\\\/www.collegesinstitutes.ca\\\/wp-content\\\/uploads\\\/2022\\\/10\\\/header-img-SDG.jpg\",\"datePublished\":\"2022-10-17T18:25:58+00:00\",\"dateModified\":\"2023-02-28T01:06:29+00:00\",\"breadcrumb\":{\"@id\":\"https:\\\/\\\/www.collegesinstitutes.ca\\\/fr\\\/notre-role\\\/nos-priorites\\\/progresser-envers-les-objectifs-de-developpement-durable\\\/signez-laccord-sur-les-odd\\\/#breadcrumb\"},\"inLanguage\":\"fr-FR\",\"potentialAction\":[{\"@type\":\"ReadAction\",\"target\":[\"https:\\\/\\\/www.collegesinstitutes.ca\\\/fr\\\/notre-role\\\/nos-priorites\\\/progresser-envers-les-objectifs-de-developpement-durable\\\/signez-laccord-sur-les-odd\\\/\"]}]},{\"@type\":\"ImageObject\",\"inLanguage\":\"fr-FR\",\"@id\":\"https:\\\/\\\/www.collegesinstitutes.ca\\\/fr\\\/notre-role\\\/nos-priorites\\\/progresser-envers-les-objectifs-de-developpement-durable\\\/signez-laccord-sur-les-odd\\\/#primaryimage\",\"url\":\"https:\\\/\\\/www.collegesinstitutes.ca\\\/wp-content\\\/uploads\\\/2022\\\/10\\\/header-img-SDG.jpg\",\"contentUrl\":\"https:\\\/\\\/www.collegesinstitutes.ca\\\/wp-content\\\/uploads\\\/2022\\\/10\\\/header-img-SDG.jpg\",\"width\":1200,\"height\":628},{\"@type\":\"BreadcrumbList\",\"@id\":\"https:\\\/\\\/www.collegesinstitutes.ca\\\/fr\\\/notre-role\\\/nos-priorites\\\/progresser-envers-les-objectifs-de-developpement-durable\\\/signez-laccord-sur-les-odd\\\/#breadcrumb\",\"itemListElement\":[{\"@type\":\"ListItem\",\"position\":1,\"name\":\"Home\",\"item\":\"https:\\\/\\\/www.collegesinstitutes.ca\\\/fr\\\/\"},{\"@type\":\"ListItem\",\"position\":2,\"name\":\"Notre r\u00f4le\",\"item\":\"https:\\\/\\\/www.collegesinstitutes.ca\\\/fr\\\/notre-role\\\/\"},{\"@type\":\"ListItem\",\"position\":3,\"name\":\"Nos priorit\u00e9s\",\"item\":\"https:\\\/\\\/www.collegesinstitutes.ca\\\/fr\\\/notre-role\\\/nos-priorites\\\/\"},{\"@type\":\"ListItem\",\"position\":4,\"name\":\"Faire progresser les Objectifs de d\u00e9veloppement durable\",\"item\":\"https:\\\/\\\/www.collegesinstitutes.ca\\\/fr\\\/notre-role\\\/nos-priorites\\\/progresser-envers-les-objectifs-de-developpement-durable\\\/\"},{\"@type\":\"ListItem\",\"position\":5,\"name\":\"Signez l\u2019Accord sur les ODD\"}]},{\"@type\":\"WebSite\",\"@id\":\"https:\\\/\\\/www.collegesinstitutes.ca\\\/fr\\\/#website\",\"url\":\"https:\\\/\\\/www.collegesinstitutes.ca\\\/fr\\\/\",\"name\":\"Colleges and Institutes Canada\",\"description\":\"The Voice of Canada&#039;s Colleges &amp; Institutes\",\"publisher\":{\"@id\":\"https:\\\/\\\/www.collegesinstitutes.ca\\\/fr\\\/#organization\"},\"potentialAction\":[{\"@type\":\"SearchAction\",\"target\":{\"@type\":\"EntryPoint\",\"urlTemplate\":\"https:\\\/\\\/www.collegesinstitutes.ca\\\/fr\\\/?s={search_term_string}\"},\"query-input\":{\"@type\":\"PropertyValueSpecification\",\"valueRequired\":true,\"valueName\":\"search_term_string\"}}],\"inLanguage\":\"fr-FR\"},{\"@type\":\"Organization\",\"@id\":\"https:\\\/\\\/www.collegesinstitutes.ca\\\/fr\\\/#organization\",\"name\":\"Colleges and Institutes Canada\",\"url\":\"https:\\\/\\\/www.collegesinstitutes.ca\\\/fr\\\/\",\"logo\":{\"@type\":\"ImageObject\",\"inLanguage\":\"fr-FR\",\"@id\":\"https:\\\/\\\/www.collegesinstitutes.ca\\\/fr\\\/#\\\/schema\\\/logo\\\/image\\\/\",\"url\":\"https:\\\/\\\/www.collegesinstitutes.ca\\\/wp-content\\\/uploads\\\/2025\\\/06\\\/logo-en.png\",\"contentUrl\":\"https:\\\/\\\/www.collegesinstitutes.ca\\\/wp-content\\\/uploads\\\/2025\\\/06\\\/logo-en.png\",\"width\":794,\"height\":280,\"caption\":\"Colleges and Institutes Canada\"},\"image\":{\"@id\":\"https:\\\/\\\/www.collegesinstitutes.ca\\\/fr\\\/#\\\/schema\\\/logo\\\/image\\\/\"}}]}<\/script>\n<!-- \/ Yoast SEO plugin. -->","yoast_head_json":{"title":"Signez l\u2019Accord sur les ODD - Colleges and Institutes Canada","robots":{"index":"index","follow":"follow","max-snippet":"max-snippet:-1","max-image-preview":"max-image-preview:large","max-video-preview":"max-video-preview:-1"},"canonical":"https:\/\/www.collegesinstitutes.ca\/fr\/notre-role\/nos-priorites\/progresser-envers-les-objectifs-de-developpement-durable\/signez-laccord-sur-les-odd\/","og_locale":"fr_FR","og_type":"article","og_title":"Signez l\u2019Accord sur les ODD - Colleges and Institutes Canada","og_description":"Voici une invitation pour \u00eatre leader en mati\u00e8re de d\u00e9veloppement durable ! Joignez les coll\u00e8ges et instituts canadiens de partout au pays pour faire un pas audacieux, urgent et collectif...","og_url":"https:\/\/www.collegesinstitutes.ca\/fr\/notre-role\/nos-priorites\/progresser-envers-les-objectifs-de-developpement-durable\/signez-laccord-sur-les-odd\/","og_site_name":"Colleges and Institutes Canada","article_modified_time":"2023-02-28T01:06:29+00:00","og_image":[{"width":1200,"height":628,"url":"https:\/\/www.collegesinstitutes.ca\/wp-content\/uploads\/2022\/10\/header-img-SDG.jpg","type":"image\/jpeg"}],"twitter_card":"summary_large_image","twitter_misc":{"Est. reading time":"1 minute"},"schema":{"@context":"https:\/\/schema.org","@graph":[{"@type":"WebPage","@id":"https:\/\/www.collegesinstitutes.ca\/fr\/notre-role\/nos-priorites\/progresser-envers-les-objectifs-de-developpement-durable\/signez-laccord-sur-les-odd\/","url":"https:\/\/www.collegesinstitutes.ca\/fr\/notre-role\/nos-priorites\/progresser-envers-les-objectifs-de-developpement-durable\/signez-laccord-sur-les-odd\/","name":"Signez l\u2019Accord sur les ODD - Colleges and Institutes Canada","isPartOf":{"@id":"https:\/\/www.collegesinstitutes.ca\/fr\/#website"},"primaryImageOfPage":{"@id":"https:\/\/www.collegesinstitutes.ca\/fr\/notre-role\/nos-priorites\/progresser-envers-les-objectifs-de-developpement-durable\/signez-laccord-sur-les-odd\/#primaryimage"},"image":{"@id":"https:\/\/www.collegesinstitutes.ca\/fr\/notre-role\/nos-priorites\/progresser-envers-les-objectifs-de-developpement-durable\/signez-laccord-sur-les-odd\/#primaryimage"},"thumbnailUrl":"https:\/\/www.collegesinstitutes.ca\/wp-content\/uploads\/2022\/10\/header-img-SDG.jpg","datePublished":"2022-10-17T18:25:58+00:00","dateModified":"2023-02-28T01:06:29+00:00","breadcrumb":{"@id":"https:\/\/www.collegesinstitutes.ca\/fr\/notre-role\/nos-priorites\/progresser-envers-les-objectifs-de-developpement-durable\/signez-laccord-sur-les-odd\/#breadcrumb"},"inLanguage":"fr-FR","potentialAction":[{"@type":"ReadAction","target":["https:\/\/www.collegesinstitutes.ca\/fr\/notre-role\/nos-priorites\/progresser-envers-les-objectifs-de-developpement-durable\/signez-laccord-sur-les-odd\/"]}]},{"@type":"ImageObject","inLanguage":"fr-FR","@id":"https:\/\/www.collegesinstitutes.ca\/fr\/notre-role\/nos-priorites\/progresser-envers-les-objectifs-de-developpement-durable\/signez-laccord-sur-les-odd\/#primaryimage","url":"https:\/\/www.collegesinstitutes.ca\/wp-content\/uploads\/2022\/10\/header-img-SDG.jpg","contentUrl":"https:\/\/www.collegesinstitutes.ca\/wp-content\/uploads\/2022\/10\/header-img-SDG.jpg","width":1200,"height":628},{"@type":"BreadcrumbList","@id":"https:\/\/www.collegesinstitutes.ca\/fr\/notre-role\/nos-priorites\/progresser-envers-les-objectifs-de-developpement-durable\/signez-laccord-sur-les-odd\/#breadcrumb","itemListElement":[{"@type":"ListItem","position":1,"name":"Home","item":"https:\/\/www.collegesinstitutes.ca\/fr\/"},{"@type":"ListItem","position":2,"name":"Notre r\u00f4le","item":"https:\/\/www.collegesinstitutes.ca\/fr\/notre-role\/"},{"@type":"ListItem","position":3,"name":"Nos priorit\u00e9s","item":"https:\/\/www.collegesinstitutes.ca\/fr\/notre-role\/nos-priorites\/"},{"@type":"ListItem","position":4,"name":"Faire progresser les Objectifs de d\u00e9veloppement durable","item":"https:\/\/www.collegesinstitutes.ca\/fr\/notre-role\/nos-priorites\/progresser-envers-les-objectifs-de-developpement-durable\/"},{"@type":"ListItem","position":5,"name":"Signez l\u2019Accord sur les ODD"}]},{"@type":"WebSite","@id":"https:\/\/www.collegesinstitutes.ca\/fr\/#website","url":"https:\/\/www.collegesinstitutes.ca\/fr\/","name":"Colleges and Institutes Canada","description":"The Voice of Canada&#039;s Colleges &amp; Institutes","publisher":{"@id":"https:\/\/www.collegesinstitutes.ca\/fr\/#organization"},"potentialAction":[{"@type":"SearchAction","target":{"@type":"EntryPoint","urlTemplate":"https:\/\/www.collegesinstitutes.ca\/fr\/?s={search_term_string}"},"query-input":{"@type":"PropertyValueSpecification","valueRequired":true,"valueName":"search_term_string"}}],"inLanguage":"fr-FR"},{"@type":"Organization","@id":"https:\/\/www.collegesinstitutes.ca\/fr\/#organization","name":"Colleges and Institutes Canada","url":"https:\/\/www.collegesinstitutes.ca\/fr\/","logo":{"@type":"ImageObject","inLanguage":"fr-FR","@id":"https:\/\/www.collegesinstitutes.ca\/fr\/#\/schema\/logo\/image\/","url":"https:\/\/www.collegesinstitutes.ca\/wp-content\/uploads\/2025\/06\/logo-en.png","contentUrl":"https:\/\/www.collegesinstitutes.ca\/wp-content\/uploads\/2025\/06\/logo-en.png","width":794,"height":280,"caption":"Colleges and Institutes Canada"},"image":{"@id":"https:\/\/www.collegesinstitutes.ca\/fr\/#\/schema\/logo\/image\/"}}]}},"_links":{"self":[{"href":"https:\/\/www.collegesinstitutes.ca\/fr\/wp-json\/wp\/v2\/pages\/24414","targetHints":{"allow":["GET"]}}],"collection":[{"href":"https:\/\/www.collegesinstitutes.ca\/fr\/wp-json\/wp\/v2\/pages"}],"about":[{"href":"https:\/\/www.collegesinstitutes.ca\/fr\/wp-json\/wp\/v2\/types\/page"}],"author":[{"embeddable":true,"href":"https:\/\/www.collegesinstitutes.ca\/fr\/wp-json\/wp\/v2\/users\/2"}],"replies":[{"embeddable":true,"href":"https:\/\/www.collegesinstitutes.ca\/fr\/wp-json\/wp\/v2\/comments?post=24414"}],"version-history":[{"count":0,"href":"https:\/\/www.collegesinstitutes.ca\/fr\/wp-json\/wp\/v2\/pages\/24414\/revisions"}],"up":[{"embeddable":true,"href":"https:\/\/www.collegesinstitutes.ca\/fr\/wp-json\/wp\/v2\/pages\/22349"}],"wp:featuredmedia":[{"embeddable":true,"href":"https:\/\/www.collegesinstitutes.ca\/fr\/wp-json\/wp\/v2\/media\/9350"}],"wp:attachment":[{"href":"https:\/\/www.collegesinstitutes.ca\/fr\/wp-json\/wp\/v2\/media?parent=24414"}],"wp:term":[{"taxonomy":"category","embeddable":true,"href":"https:\/\/www.collegesinstitutes.ca\/fr\/wp-json\/wp\/v2\/categories?post=24414"},{"taxonomy":"post_tag","embeddable":true,"href":"https:\/\/www.collegesinstitutes.ca\/fr\/wp-json\/wp\/v2\/tags?post=24414"}],"curies":[{"name":"wp","href":"https:\/\/api.w.org\/{rel}","templated":true}]}}