{"id":22964,"date":"2023-02-02T21:49:43","date_gmt":"2023-02-02T21:49:43","guid":{"rendered":"https:\/\/www.collegesinstitutes.ca\/?page_id=22964"},"modified":"2023-02-02T21:54:44","modified_gmt":"2023-02-02T21:54:44","slug":"perceptions-des-canadiens-et-canadiennes-a-legard-des-etudes-postsecondaires-du-recyclage-professionnel-et-de-la-formation-continue","status":"publish","type":"page","link":"https:\/\/www.collegesinstitutes.ca\/fr\/perceptions-des-canadiens-et-canadiennes-a-legard-des-etudes-postsecondaires-du-recyclage-professionnel-et-de-la-formation-continue\/","title":{"rendered":"Perceptions des Canadiens et Canadiennes \u00e0 l\u2019\u00e9gard des \u00e9tudes postsecondaires, du recyclage professionnel et de la formation continue"},"content":{"rendered":"<p class=\"lead\">Les changements rapides qui s\u2019op\u00e8rent dans le march\u00e9 du travail engendrent des d\u00e9fis, mais aussi des opportunit\u00e9s qui nous poussent \u00e0 r\u00e9fl\u00e9chir autant \u00e0 l\u2019avenir du travail que de l\u2019\u00e9ducation. Pour les \u00e9tablissements postsecondaires, cela soul\u00e8ve de nombreuses questions quant aux meilleurs moyens d\u2019appuyer les \u00e9tudiants et les \u00e9tudiantes qui les approchent \u00e0 diff\u00e9rentes \u00e9tapes de leur carri\u00e8re.<\/p>\n<p>Pour mieux cerner les attentes des Canadiens et des Canadiennes, CICan a retenu les services d\u2019EKOS Research Associates pour mener un sondage sur l\u2019opinion par rapport aux \u00e9tudes postsecondaires, le recyclage professionnel et la formation continue.<\/p>\n<div class=\"row\">\n<div class=\"col-md-8\">\nLe sondage a \u00e9t\u00e9 r\u00e9alis\u00e9 \u00e0 l\u2019aide du panel de recherche en ligne d\u2019EKOS du 13 au 21\u202fao\u00fbt 2019. Au total, <strong>1\u2009030\u202fCanadiens \u00e2g\u00e9s de 18\u202fans et plus<\/strong> y ont r\u00e9pondu.<\/p>\n<h2 class=\"border-0\">R\u00e9sultats en bref\u00a0:<\/h2>\n<ul>\n<li><strong>98\u202f% <\/strong>des r\u00e9pondants sont d\u2019accord pour dire qu\u2019il est important d\u2019avoir acc\u00e8s \u00e0 la formation continue \u00e0 tout \u00e2ge<\/li>\n<li><strong>90%<\/strong> conviennent\u00a0qu\u2019une bonne formation en est une qui donne de l\u2019exp\u00e9rience pratique aux \u00e9tudiants<\/li>\n<li><strong>87\u202f%<\/strong> estiment que le but des \u00e9tudes postsecondaires est d\u2019aider les gens \u00e0 obtenir et \u00e0 conserver un bon emploi<\/li>\n<li><strong>87\u202f%<\/strong> des r\u00e9pondants croient que les entreprises devraient donner des conseils aux \u00e9tablissements postsecondaires pour veiller \u00e0 ce que leurs \u00e9tudiants obtiennent les comp\u00e9tences dont ils ont besoin sur le march\u00e9 du travail<\/li>\n<li><strong>91%<\/strong> estiment que les \u00e9tablissements coll\u00e9giaux pr\u00e9parent les \u00e9tudiants en leur donnant dont ils ont besoin sur le march\u00e9 du travail<\/li>\n<li><strong>88%<\/strong> pensent que les \u00e9tablissements coll\u00e9giaux ont des r\u00e9percussions positives sur leur communaut\u00e9<\/li>\n<\/ul>\n<\/div>\n<div class=\"col-md-4\">\n<img fetchpriority=\"high\" decoding=\"async\" src=\"https:\/\/www.collegesinstitutes.ca\/wp-content\/uploads\/2023\/02\/EKOS_survey_sidefacts_FR.png\" alt=\"Fast Facts about the survey in text bubbles\" width=\"264\" height=\"449\" class=\"alignnone size-full wp-image-22965\" srcset=\"https:\/\/www.collegesinstitutes.ca\/wp-content\/uploads\/2023\/02\/EKOS_survey_sidefacts_FR.png 264w, https:\/\/www.collegesinstitutes.ca\/wp-content\/uploads\/2023\/02\/EKOS_survey_sidefacts_FR-176x300.png 176w\" sizes=\"(max-width: 264px) 100vw, 264px\" \/>\n<\/div>\n<\/div>\n<p><a href=\"https:\/\/collegesinstitutes.sharepoint.com\/:b:\/g\/extcollab\/ETl1IDpJdQ5FgPs_G45SNqkB5n78mQoqwAh88TECI42vPg?e=dUZYQY\" class=\"btn btn-dark mt-5\">T\u00e9l\u00e9charger le rapport<\/a><\/p>\n","protected":false},"excerpt":{"rendered":"<p>Les changements rapides qui s\u2019op\u00e8rent dans le march\u00e9 du travail engendrent des d\u00e9fis, mais aussi des opportunit\u00e9s qui nous poussent \u00e0 r\u00e9fl\u00e9chir autant \u00e0 l\u2019avenir du travail que de l\u2019\u00e9ducation&#8230;.<\/p>\n","protected":false},"author":2,"featured_media":8912,"parent":0,"menu_order":0,"comment_status":"closed","ping_status":"closed","template":"page-nosubmenu.php","meta":{"_acf_changed":false,"footnotes":""},"categories":[],"tags":[],"class_list":["post-22964","page","type-page","status-publish","has-post-thumbnail","hentry"],"acf":[],"yoast_head":"<!-- This site is optimized with the Yoast SEO plugin v27.3 - https:\/\/yoast.com\/product\/yoast-seo-wordpress\/ -->\n<title>Perceptions des Canadiens et Canadiennes \u00e0 l\u2019\u00e9gard des \u00e9tudes postsecondaires, du recyclage professionnel et de la formation continue - Colleges and Institutes Canada<\/title>\n<meta name=\"robots\" content=\"index, follow, max-snippet:-1, max-image-preview:large, max-video-preview:-1\" \/>\n<link rel=\"canonical\" href=\"https:\/\/www.collegesinstitutes.ca\/fr\/perceptions-des-canadiens-et-canadiennes-a-legard-des-etudes-postsecondaires-du-recyclage-professionnel-et-de-la-formation-continue\/\" \/>\n<meta property=\"og:locale\" content=\"fr_FR\" \/>\n<meta property=\"og:type\" content=\"article\" \/>\n<meta property=\"og:title\" content=\"Perceptions des Canadiens et Canadiennes \u00e0 l\u2019\u00e9gard des \u00e9tudes postsecondaires, du recyclage professionnel et de la formation continue - Colleges and Institutes Canada\" \/>\n<meta property=\"og:description\" content=\"Les changements rapides qui s\u2019op\u00e8rent dans le march\u00e9 du travail engendrent des d\u00e9fis, mais aussi des opportunit\u00e9s qui nous poussent \u00e0 r\u00e9fl\u00e9chir autant \u00e0 l\u2019avenir du travail que de l\u2019\u00e9ducation....\" \/>\n<meta property=\"og:url\" content=\"https:\/\/www.collegesinstitutes.ca\/fr\/perceptions-des-canadiens-et-canadiennes-a-legard-des-etudes-postsecondaires-du-recyclage-professionnel-et-de-la-formation-continue\/\" \/>\n<meta property=\"og:site_name\" content=\"Colleges and Institutes Canada\" \/>\n<meta property=\"article:modified_time\" content=\"2023-02-02T21:54:44+00:00\" \/>\n<meta property=\"og:image\" content=\"https:\/\/www.collegesinstitutes.ca\/wp-content\/uploads\/2022\/09\/header-img-events.jpg\" \/>\n\t<meta property=\"og:image:width\" content=\"1200\" \/>\n\t<meta property=\"og:image:height\" content=\"628\" \/>\n\t<meta property=\"og:image:type\" content=\"image\/jpeg\" \/>\n<meta name=\"twitter:card\" content=\"summary_large_image\" \/>\n<meta name=\"twitter:label1\" content=\"Est. reading time\" \/>\n\t<meta name=\"twitter:data1\" content=\"1 minute\" \/>\n<script type=\"application\/ld+json\" class=\"yoast-schema-graph\">{\"@context\":\"https:\\\/\\\/schema.org\",\"@graph\":[{\"@type\":\"WebPage\",\"@id\":\"https:\\\/\\\/www.collegesinstitutes.ca\\\/fr\\\/perceptions-des-canadiens-et-canadiennes-a-legard-des-etudes-postsecondaires-du-recyclage-professionnel-et-de-la-formation-continue\\\/\",\"url\":\"https:\\\/\\\/www.collegesinstitutes.ca\\\/fr\\\/perceptions-des-canadiens-et-canadiennes-a-legard-des-etudes-postsecondaires-du-recyclage-professionnel-et-de-la-formation-continue\\\/\",\"name\":\"Perceptions des Canadiens et Canadiennes \u00e0 l\u2019\u00e9gard des \u00e9tudes postsecondaires, du recyclage professionnel et de la formation continue - Colleges and Institutes Canada\",\"isPartOf\":{\"@id\":\"https:\\\/\\\/www.collegesinstitutes.ca\\\/fr\\\/#website\"},\"primaryImageOfPage\":{\"@id\":\"https:\\\/\\\/www.collegesinstitutes.ca\\\/fr\\\/perceptions-des-canadiens-et-canadiennes-a-legard-des-etudes-postsecondaires-du-recyclage-professionnel-et-de-la-formation-continue\\\/#primaryimage\"},\"image\":{\"@id\":\"https:\\\/\\\/www.collegesinstitutes.ca\\\/fr\\\/perceptions-des-canadiens-et-canadiennes-a-legard-des-etudes-postsecondaires-du-recyclage-professionnel-et-de-la-formation-continue\\\/#primaryimage\"},\"thumbnailUrl\":\"https:\\\/\\\/www.collegesinstitutes.ca\\\/wp-content\\\/uploads\\\/2022\\\/09\\\/header-img-events.jpg\",\"datePublished\":\"2023-02-02T21:49:43+00:00\",\"dateModified\":\"2023-02-02T21:54:44+00:00\",\"breadcrumb\":{\"@id\":\"https:\\\/\\\/www.collegesinstitutes.ca\\\/fr\\\/perceptions-des-canadiens-et-canadiennes-a-legard-des-etudes-postsecondaires-du-recyclage-professionnel-et-de-la-formation-continue\\\/#breadcrumb\"},\"inLanguage\":\"fr-FR\",\"potentialAction\":[{\"@type\":\"ReadAction\",\"target\":[\"https:\\\/\\\/www.collegesinstitutes.ca\\\/fr\\\/perceptions-des-canadiens-et-canadiennes-a-legard-des-etudes-postsecondaires-du-recyclage-professionnel-et-de-la-formation-continue\\\/\"]}]},{\"@type\":\"ImageObject\",\"inLanguage\":\"fr-FR\",\"@id\":\"https:\\\/\\\/www.collegesinstitutes.ca\\\/fr\\\/perceptions-des-canadiens-et-canadiennes-a-legard-des-etudes-postsecondaires-du-recyclage-professionnel-et-de-la-formation-continue\\\/#primaryimage\",\"url\":\"https:\\\/\\\/www.collegesinstitutes.ca\\\/wp-content\\\/uploads\\\/2022\\\/09\\\/header-img-events.jpg\",\"contentUrl\":\"https:\\\/\\\/www.collegesinstitutes.ca\\\/wp-content\\\/uploads\\\/2022\\\/09\\\/header-img-events.jpg\",\"width\":1200,\"height\":628},{\"@type\":\"BreadcrumbList\",\"@id\":\"https:\\\/\\\/www.collegesinstitutes.ca\\\/fr\\\/perceptions-des-canadiens-et-canadiennes-a-legard-des-etudes-postsecondaires-du-recyclage-professionnel-et-de-la-formation-continue\\\/#breadcrumb\",\"itemListElement\":[{\"@type\":\"ListItem\",\"position\":1,\"name\":\"Home\",\"item\":\"https:\\\/\\\/www.collegesinstitutes.ca\\\/fr\\\/\"},{\"@type\":\"ListItem\",\"position\":2,\"name\":\"Perceptions des Canadiens et Canadiennes \u00e0 l\u2019\u00e9gard des \u00e9tudes postsecondaires, du recyclage professionnel et de la formation continue\"}]},{\"@type\":\"WebSite\",\"@id\":\"https:\\\/\\\/www.collegesinstitutes.ca\\\/fr\\\/#website\",\"url\":\"https:\\\/\\\/www.collegesinstitutes.ca\\\/fr\\\/\",\"name\":\"Colleges and Institutes Canada\",\"description\":\"The Voice of Canada&#039;s Colleges &amp; Institutes\",\"publisher\":{\"@id\":\"https:\\\/\\\/www.collegesinstitutes.ca\\\/fr\\\/#organization\"},\"potentialAction\":[{\"@type\":\"SearchAction\",\"target\":{\"@type\":\"EntryPoint\",\"urlTemplate\":\"https:\\\/\\\/www.collegesinstitutes.ca\\\/fr\\\/?s={search_term_string}\"},\"query-input\":{\"@type\":\"PropertyValueSpecification\",\"valueRequired\":true,\"valueName\":\"search_term_string\"}}],\"inLanguage\":\"fr-FR\"},{\"@type\":\"Organization\",\"@id\":\"https:\\\/\\\/www.collegesinstitutes.ca\\\/fr\\\/#organization\",\"name\":\"Colleges and Institutes Canada\",\"url\":\"https:\\\/\\\/www.collegesinstitutes.ca\\\/fr\\\/\",\"logo\":{\"@type\":\"ImageObject\",\"inLanguage\":\"fr-FR\",\"@id\":\"https:\\\/\\\/www.collegesinstitutes.ca\\\/fr\\\/#\\\/schema\\\/logo\\\/image\\\/\",\"url\":\"https:\\\/\\\/www.collegesinstitutes.ca\\\/wp-content\\\/uploads\\\/2025\\\/06\\\/logo-en.png\",\"contentUrl\":\"https:\\\/\\\/www.collegesinstitutes.ca\\\/wp-content\\\/uploads\\\/2025\\\/06\\\/logo-en.png\",\"width\":794,\"height\":280,\"caption\":\"Colleges and Institutes Canada\"},\"image\":{\"@id\":\"https:\\\/\\\/www.collegesinstitutes.ca\\\/fr\\\/#\\\/schema\\\/logo\\\/image\\\/\"}}]}<\/script>\n<!-- \/ Yoast SEO plugin. -->","yoast_head_json":{"title":"Perceptions des Canadiens et Canadiennes \u00e0 l\u2019\u00e9gard des \u00e9tudes postsecondaires, du recyclage professionnel et de la formation continue - Colleges and Institutes Canada","robots":{"index":"index","follow":"follow","max-snippet":"max-snippet:-1","max-image-preview":"max-image-preview:large","max-video-preview":"max-video-preview:-1"},"canonical":"https:\/\/www.collegesinstitutes.ca\/fr\/perceptions-des-canadiens-et-canadiennes-a-legard-des-etudes-postsecondaires-du-recyclage-professionnel-et-de-la-formation-continue\/","og_locale":"fr_FR","og_type":"article","og_title":"Perceptions des Canadiens et Canadiennes \u00e0 l\u2019\u00e9gard des \u00e9tudes postsecondaires, du recyclage professionnel et de la formation continue - Colleges and Institutes Canada","og_description":"Les changements rapides qui s\u2019op\u00e8rent dans le march\u00e9 du travail engendrent des d\u00e9fis, mais aussi des opportunit\u00e9s qui nous poussent \u00e0 r\u00e9fl\u00e9chir autant \u00e0 l\u2019avenir du travail que de l\u2019\u00e9ducation....","og_url":"https:\/\/www.collegesinstitutes.ca\/fr\/perceptions-des-canadiens-et-canadiennes-a-legard-des-etudes-postsecondaires-du-recyclage-professionnel-et-de-la-formation-continue\/","og_site_name":"Colleges and Institutes Canada","article_modified_time":"2023-02-02T21:54:44+00:00","og_image":[{"width":1200,"height":628,"url":"https:\/\/www.collegesinstitutes.ca\/wp-content\/uploads\/2022\/09\/header-img-events.jpg","type":"image\/jpeg"}],"twitter_card":"summary_large_image","twitter_misc":{"Est. reading time":"1 minute"},"schema":{"@context":"https:\/\/schema.org","@graph":[{"@type":"WebPage","@id":"https:\/\/www.collegesinstitutes.ca\/fr\/perceptions-des-canadiens-et-canadiennes-a-legard-des-etudes-postsecondaires-du-recyclage-professionnel-et-de-la-formation-continue\/","url":"https:\/\/www.collegesinstitutes.ca\/fr\/perceptions-des-canadiens-et-canadiennes-a-legard-des-etudes-postsecondaires-du-recyclage-professionnel-et-de-la-formation-continue\/","name":"Perceptions des Canadiens et Canadiennes \u00e0 l\u2019\u00e9gard des \u00e9tudes postsecondaires, du recyclage professionnel et de la formation continue - Colleges and Institutes Canada","isPartOf":{"@id":"https:\/\/www.collegesinstitutes.ca\/fr\/#website"},"primaryImageOfPage":{"@id":"https:\/\/www.collegesinstitutes.ca\/fr\/perceptions-des-canadiens-et-canadiennes-a-legard-des-etudes-postsecondaires-du-recyclage-professionnel-et-de-la-formation-continue\/#primaryimage"},"image":{"@id":"https:\/\/www.collegesinstitutes.ca\/fr\/perceptions-des-canadiens-et-canadiennes-a-legard-des-etudes-postsecondaires-du-recyclage-professionnel-et-de-la-formation-continue\/#primaryimage"},"thumbnailUrl":"https:\/\/www.collegesinstitutes.ca\/wp-content\/uploads\/2022\/09\/header-img-events.jpg","datePublished":"2023-02-02T21:49:43+00:00","dateModified":"2023-02-02T21:54:44+00:00","breadcrumb":{"@id":"https:\/\/www.collegesinstitutes.ca\/fr\/perceptions-des-canadiens-et-canadiennes-a-legard-des-etudes-postsecondaires-du-recyclage-professionnel-et-de-la-formation-continue\/#breadcrumb"},"inLanguage":"fr-FR","potentialAction":[{"@type":"ReadAction","target":["https:\/\/www.collegesinstitutes.ca\/fr\/perceptions-des-canadiens-et-canadiennes-a-legard-des-etudes-postsecondaires-du-recyclage-professionnel-et-de-la-formation-continue\/"]}]},{"@type":"ImageObject","inLanguage":"fr-FR","@id":"https:\/\/www.collegesinstitutes.ca\/fr\/perceptions-des-canadiens-et-canadiennes-a-legard-des-etudes-postsecondaires-du-recyclage-professionnel-et-de-la-formation-continue\/#primaryimage","url":"https:\/\/www.collegesinstitutes.ca\/wp-content\/uploads\/2022\/09\/header-img-events.jpg","contentUrl":"https:\/\/www.collegesinstitutes.ca\/wp-content\/uploads\/2022\/09\/header-img-events.jpg","width":1200,"height":628},{"@type":"BreadcrumbList","@id":"https:\/\/www.collegesinstitutes.ca\/fr\/perceptions-des-canadiens-et-canadiennes-a-legard-des-etudes-postsecondaires-du-recyclage-professionnel-et-de-la-formation-continue\/#breadcrumb","itemListElement":[{"@type":"ListItem","position":1,"name":"Home","item":"https:\/\/www.collegesinstitutes.ca\/fr\/"},{"@type":"ListItem","position":2,"name":"Perceptions des Canadiens et Canadiennes \u00e0 l\u2019\u00e9gard des \u00e9tudes postsecondaires, du recyclage professionnel et de la formation continue"}]},{"@type":"WebSite","@id":"https:\/\/www.collegesinstitutes.ca\/fr\/#website","url":"https:\/\/www.collegesinstitutes.ca\/fr\/","name":"Colleges and Institutes Canada","description":"The Voice of Canada&#039;s Colleges &amp; Institutes","publisher":{"@id":"https:\/\/www.collegesinstitutes.ca\/fr\/#organization"},"potentialAction":[{"@type":"SearchAction","target":{"@type":"EntryPoint","urlTemplate":"https:\/\/www.collegesinstitutes.ca\/fr\/?s={search_term_string}"},"query-input":{"@type":"PropertyValueSpecification","valueRequired":true,"valueName":"search_term_string"}}],"inLanguage":"fr-FR"},{"@type":"Organization","@id":"https:\/\/www.collegesinstitutes.ca\/fr\/#organization","name":"Colleges and Institutes Canada","url":"https:\/\/www.collegesinstitutes.ca\/fr\/","logo":{"@type":"ImageObject","inLanguage":"fr-FR","@id":"https:\/\/www.collegesinstitutes.ca\/fr\/#\/schema\/logo\/image\/","url":"https:\/\/www.collegesinstitutes.ca\/wp-content\/uploads\/2025\/06\/logo-en.png","contentUrl":"https:\/\/www.collegesinstitutes.ca\/wp-content\/uploads\/2025\/06\/logo-en.png","width":794,"height":280,"caption":"Colleges and Institutes Canada"},"image":{"@id":"https:\/\/www.collegesinstitutes.ca\/fr\/#\/schema\/logo\/image\/"}}]}},"_links":{"self":[{"href":"https:\/\/www.collegesinstitutes.ca\/fr\/wp-json\/wp\/v2\/pages\/22964","targetHints":{"allow":["GET"]}}],"collection":[{"href":"https:\/\/www.collegesinstitutes.ca\/fr\/wp-json\/wp\/v2\/pages"}],"about":[{"href":"https:\/\/www.collegesinstitutes.ca\/fr\/wp-json\/wp\/v2\/types\/page"}],"author":[{"embeddable":true,"href":"https:\/\/www.collegesinstitutes.ca\/fr\/wp-json\/wp\/v2\/users\/2"}],"replies":[{"embeddable":true,"href":"https:\/\/www.collegesinstitutes.ca\/fr\/wp-json\/wp\/v2\/comments?post=22964"}],"version-history":[{"count":0,"href":"https:\/\/www.collegesinstitutes.ca\/fr\/wp-json\/wp\/v2\/pages\/22964\/revisions"}],"wp:featuredmedia":[{"embeddable":true,"href":"https:\/\/www.collegesinstitutes.ca\/fr\/wp-json\/wp\/v2\/media\/8912"}],"wp:attachment":[{"href":"https:\/\/www.collegesinstitutes.ca\/fr\/wp-json\/wp\/v2\/media?parent=22964"}],"wp:term":[{"taxonomy":"category","embeddable":true,"href":"https:\/\/www.collegesinstitutes.ca\/fr\/wp-json\/wp\/v2\/categories?post=22964"},{"taxonomy":"post_tag","embeddable":true,"href":"https:\/\/www.collegesinstitutes.ca\/fr\/wp-json\/wp\/v2\/tags?post=22964"}],"curies":[{"name":"wp","href":"https:\/\/api.w.org\/{rel}","templated":true}]}}