{"id":22778,"date":"2022-03-09T14:54:44","date_gmt":"2022-03-09T14:54:44","guid":{"rendered":"https:\/\/www.collegesinstitutes.ca\/notre-role\/nos-priorites\/progresser-envers-les-objectifs-de-developpement-durable\/environment-climate-charge\/"},"modified":"2024-03-21T16:14:34","modified_gmt":"2024-03-21T16:14:34","slug":"developpement-durable-et-changements-climatiques","status":"publish","type":"page","link":"https:\/\/www.collegesinstitutes.ca\/fr\/notre-role\/nos-priorites\/progresser-envers-les-objectifs-de-developpement-durable\/developpement-durable-et-changements-climatiques\/","title":{"rendered":"D\u00e9veloppement durable et changements climatiques"},"content":{"rendered":"<p class=\"lead\">Pr\u00e9parer un avenir plus \u00e9cologique et, pour ce faire, trouver des solutions novatrices et opportunes aux nouveaux probl\u00e8mes environnementaux qui se posent est l\u2019un des enjeux les plus pressants de notre \u00e9poque.<\/p>\n<p>Les coll\u00e8ges et instituts du Canada ont certainement un r\u00f4le \u00e0 cet \u00e9gard et contribuent d\u00e9j\u00e0 \u00e0 mobiliser les comp\u00e9tences et \u00e0 \u00e9laborer des solutions pour r\u00e9duire les effets du changement climatique sur l\u2019environnement.<\/p>\n<h2 class=\"border-0\">Les \u00e9tablissements membres de CICan jouent un r\u00f4le essentiel dans la transition vers un avenir plus \u00e9cologique, notamment dans les deux domaines suivants\u00a0:<\/h2>\n<h3>Comp\u00e9tences \u00ab\u00a0vertes\u00a0\u00bb<\/h3>\n<p>Alors que le Canada transforme son \u00e9conomie pour qu\u2019elle soit plus verte, les dipl\u00f4m\u00e9s d\u2019aujourd\u2019hui doivent avoir acquis les comp\u00e9tences et les connaissances sp\u00e9cialis\u00e9es requises pour s\u2019adapter \u00e0 cette transition. Les coll\u00e8ges et instituts, dont la capacit\u00e9 d\u2019adaptation constitue un \u00e9l\u00e9ment central \u00e0 leur mandat, sont en mesure de r\u00e9pondre aux besoins en \u00e9volution du march\u00e9 du travail gr\u00e2ce aux liens \u00e9troits qu\u2019ils entretiennent avec les employeurs de leur r\u00e9gion. Les comit\u00e9s consultatifs sur les programmes, les organes consultatifs locaux et r\u00e9gionaux en mati\u00e8re d\u2019emploi, et les partenariats de longue date qui favorisent un apprentissage int\u00e9gr\u00e9 au travail permettent aux coll\u00e8ges et instituts d\u2019\u00e9voluer au m\u00eame rythme que le milieu des affaires.<\/p>\n<p>Les coll\u00e8ges et les instituts d\u00e9veloppent des comp\u00e9tences \u00ab\u00a0vertes\u00a0\u00bb en les int\u00e9grant aux r\u00e9sultats d\u2019apprentissage des programmes d\u2019\u00e9tudes actuellement en place et en cr\u00e9ant de nouveaux programmes ax\u00e9s sp\u00e9cifiquement sur ce type de comp\u00e9tences, requises dans tous les secteurs cl\u00e9s de l\u2019\u00e9conomie. Cela inclut notamment le secteur des ressources naturelles, le secteur \u00e9nerg\u00e9tique, le secteur manufacturier, l\u2019agriculture, les transports et les technologies de l\u2019information et des communications.<\/p>\n<h2 class=\"border-0\">Lancer des carri\u00e8res dans l\u2019\u00e9conomie verte<\/h2>\n<p><img decoding=\"async\" class=\"alignnone size-full wp-image-22780\" src=\"https:\/\/www.collegesinstitutes.ca\/wp-content\/uploads\/2023\/02\/cl-logo-fr.png\" alt=\"\" width=\"300\" height=\"56\" srcset=\"https:\/\/www.collegesinstitutes.ca\/wp-content\/uploads\/2023\/02\/cl-logo-fr.png 800w, https:\/\/www.collegesinstitutes.ca\/wp-content\/uploads\/2023\/02\/cl-logo-fr-300x56.png 300w, https:\/\/www.collegesinstitutes.ca\/wp-content\/uploads\/2023\/02\/cl-logo-fr-768x142.png 768w\" sizes=\"(max-width: 300px) 100vw, 300px\" \/><\/p>\n<p>Le programme de <a href=\"https:\/\/careerlauncher.ca\/fr\/?utm_source=CICanWebsite&amp;utm_medium=referral\">Stages lancement de carri\u00e8re<\/a> de CICan permet aux \u00e9tudiants et dipl\u00f4m\u00e9s d\u2019acc\u00e9der \u00e0 de l\u2019exp\u00e9rience de travail professionnelle. Le programme offre pr\u00e9sentement deux programmes de stages ax\u00e9s sur l\u2019\u00e9conomie verte:<\/p>\n<ul>\n<li><a href=\"https:\/\/www.lancementcarriere.ca\/employers\/programmes-de-stages\/stages-en-technologies-propres\/\" target=\"_blank\" rel=\"noopener noreferrer\">Stages en technologies propres<\/a>: Financ\u00e9 par l\u2019entremise du Programme de stages Horizons Sciences pour les jeunes d\u2019Environnement et Changement climatique Canada.<\/li>\n<li><a href=\"https:\/\/www.lancementcarriere.ca\/employers\/programmes-de-stages\/stages-en-ressources-naturelles\/\" target=\"_blank\" rel=\"noopener noreferrer\">Stages en ressources naturelles<\/a>: Financ\u00e9 par l\u2019entremise du Programme de stages en sciences et technologies \u2013 Emplois verts de Ressources naturelles Canada.<\/li>\n<\/ul>\n<p>Financ\u00e9s par le gouvernement du Canada dans le cadre de la Strat\u00e9gie emploi et comp\u00e9tences jeunesse, les deux programmes de stages permettent aux employeurs d\u2019obtenir une subvention salariale pouvant aller jusqu\u2019\u00e0 22,500 $ pour le salaire du stagiaire et les frais de formation. Ces dipl\u00f4m\u00e9s auront l\u2019occasion de mettre en pratique leurs comp\u00e9tences dans un emploi vert qui contribuera \u00e0 faire face aux changements climatiques ou \u00e0 diff\u00e9rents enjeux environnementaux. Cette exp\u00e9rience de travail les aidera \u00e0 avancer dans leur parcours acad\u00e9mique ou dans un emploi permanent gr\u00e2ce \u00e0 l\u2019acquisition d\u2019une exp\u00e9rience pratique.<\/p>\n<h2 class=\"border-0\">Les coll\u00e8ges canadiens pour une relance r\u00e9siliente<\/h2>\n<p>Coll\u00e8ges et instituts Canada (CICan) et <a href=\"https:\/\/resilientcolleges.ca\/fr\/\" target=\"_blank\" rel=\"noopener\">Les coll\u00e8ges canadiens pour une relance r\u00e9siliente<\/a> (C2R2) ont \u00e9tabli un partenariat privil\u00e9gi\u00e9 dans le cadre de leur engagement commun envers la durabilit\u00e9 environnementale et la reprise \u00e9conomique. C2R2 est une coalition de 15 institutions membres de CICan qui se sont r\u00e9unis afin de lancer de nouvelles initiatives de formation et de recherche appliqu\u00e9e qui favoriseront l\u2019acquisition des comp\u00e9tences n\u00e9cessaires au d\u00e9veloppement d&rsquo;une \u00e9conomie durable. Gr\u00e2ce \u00e0 l&rsquo;appartenance commune et \u00e0 la collaboration, les deux organismes pourront mieux promouvoir et positionner le r\u00f4le du secteur coll\u00e9gial dans une reprise \u00e9conomique au Canada qui profitera \u00e0 toutes et \u00e0 tous.<\/p>\n","protected":false},"excerpt":{"rendered":"<p>Pr\u00e9parer un avenir plus \u00e9cologique et, pour ce faire, trouver des solutions novatrices et opportunes aux nouveaux probl\u00e8mes environnementaux qui se posent est l\u2019un des enjeux les plus pressants de&#8230;<\/p>\n","protected":false},"author":1,"featured_media":9544,"parent":22349,"menu_order":0,"comment_status":"closed","ping_status":"closed","template":"","meta":{"_acf_changed":false,"footnotes":""},"categories":[],"tags":[],"class_list":["post-22778","page","type-page","status-publish","has-post-thumbnail","hentry"],"acf":[],"yoast_head":"<!-- This site is optimized with the Yoast SEO plugin v27.3 - https:\/\/yoast.com\/product\/yoast-seo-wordpress\/ -->\n<title>D\u00e9veloppement durable et changements climatiques - Colleges and Institutes Canada<\/title>\n<meta name=\"robots\" content=\"index, follow, max-snippet:-1, max-image-preview:large, max-video-preview:-1\" \/>\n<link rel=\"canonical\" href=\"https:\/\/www.collegesinstitutes.ca\/fr\/notre-role\/nos-priorites\/progresser-envers-les-objectifs-de-developpement-durable\/developpement-durable-et-changements-climatiques\/\" \/>\n<meta property=\"og:locale\" content=\"fr_FR\" \/>\n<meta property=\"og:type\" content=\"article\" \/>\n<meta property=\"og:title\" content=\"D\u00e9veloppement durable et changements climatiques - Colleges and Institutes Canada\" \/>\n<meta property=\"og:description\" content=\"Pr\u00e9parer un avenir plus \u00e9cologique et, pour ce faire, trouver des solutions novatrices et opportunes aux nouveaux probl\u00e8mes environnementaux qui se posent est l\u2019un des enjeux les plus pressants de...\" \/>\n<meta property=\"og:url\" content=\"https:\/\/www.collegesinstitutes.ca\/fr\/notre-role\/nos-priorites\/progresser-envers-les-objectifs-de-developpement-durable\/developpement-durable-et-changements-climatiques\/\" \/>\n<meta property=\"og:site_name\" content=\"Colleges and Institutes Canada\" \/>\n<meta property=\"article:modified_time\" content=\"2024-03-21T16:14:34+00:00\" \/>\n<meta property=\"og:image\" content=\"https:\/\/www.collegesinstitutes.ca\/wp-content\/uploads\/2022\/10\/header-img-environment.jpg\" \/>\n\t<meta property=\"og:image:width\" content=\"1200\" \/>\n\t<meta property=\"og:image:height\" content=\"628\" \/>\n\t<meta property=\"og:image:type\" content=\"image\/jpeg\" \/>\n<meta name=\"twitter:card\" content=\"summary_large_image\" \/>\n<meta name=\"twitter:label1\" content=\"Est. reading time\" \/>\n\t<meta name=\"twitter:data1\" content=\"3 minutes\" \/>\n<script type=\"application\/ld+json\" class=\"yoast-schema-graph\">{\"@context\":\"https:\\\/\\\/schema.org\",\"@graph\":[{\"@type\":\"WebPage\",\"@id\":\"https:\\\/\\\/www.collegesinstitutes.ca\\\/fr\\\/notre-role\\\/nos-priorites\\\/progresser-envers-les-objectifs-de-developpement-durable\\\/developpement-durable-et-changements-climatiques\\\/\",\"url\":\"https:\\\/\\\/www.collegesinstitutes.ca\\\/fr\\\/notre-role\\\/nos-priorites\\\/progresser-envers-les-objectifs-de-developpement-durable\\\/developpement-durable-et-changements-climatiques\\\/\",\"name\":\"D\u00e9veloppement durable et changements climatiques - Colleges and Institutes Canada\",\"isPartOf\":{\"@id\":\"https:\\\/\\\/www.collegesinstitutes.ca\\\/fr\\\/#website\"},\"primaryImageOfPage\":{\"@id\":\"https:\\\/\\\/www.collegesinstitutes.ca\\\/fr\\\/notre-role\\\/nos-priorites\\\/progresser-envers-les-objectifs-de-developpement-durable\\\/developpement-durable-et-changements-climatiques\\\/#primaryimage\"},\"image\":{\"@id\":\"https:\\\/\\\/www.collegesinstitutes.ca\\\/fr\\\/notre-role\\\/nos-priorites\\\/progresser-envers-les-objectifs-de-developpement-durable\\\/developpement-durable-et-changements-climatiques\\\/#primaryimage\"},\"thumbnailUrl\":\"https:\\\/\\\/www.collegesinstitutes.ca\\\/wp-content\\\/uploads\\\/2022\\\/10\\\/header-img-environment.jpg\",\"datePublished\":\"2022-03-09T14:54:44+00:00\",\"dateModified\":\"2024-03-21T16:14:34+00:00\",\"breadcrumb\":{\"@id\":\"https:\\\/\\\/www.collegesinstitutes.ca\\\/fr\\\/notre-role\\\/nos-priorites\\\/progresser-envers-les-objectifs-de-developpement-durable\\\/developpement-durable-et-changements-climatiques\\\/#breadcrumb\"},\"inLanguage\":\"fr-FR\",\"potentialAction\":[{\"@type\":\"ReadAction\",\"target\":[\"https:\\\/\\\/www.collegesinstitutes.ca\\\/fr\\\/notre-role\\\/nos-priorites\\\/progresser-envers-les-objectifs-de-developpement-durable\\\/developpement-durable-et-changements-climatiques\\\/\"]}]},{\"@type\":\"ImageObject\",\"inLanguage\":\"fr-FR\",\"@id\":\"https:\\\/\\\/www.collegesinstitutes.ca\\\/fr\\\/notre-role\\\/nos-priorites\\\/progresser-envers-les-objectifs-de-developpement-durable\\\/developpement-durable-et-changements-climatiques\\\/#primaryimage\",\"url\":\"https:\\\/\\\/www.collegesinstitutes.ca\\\/wp-content\\\/uploads\\\/2022\\\/10\\\/header-img-environment.jpg\",\"contentUrl\":\"https:\\\/\\\/www.collegesinstitutes.ca\\\/wp-content\\\/uploads\\\/2022\\\/10\\\/header-img-environment.jpg\",\"width\":1200,\"height\":628,\"caption\":\"Hand holding leaf\"},{\"@type\":\"BreadcrumbList\",\"@id\":\"https:\\\/\\\/www.collegesinstitutes.ca\\\/fr\\\/notre-role\\\/nos-priorites\\\/progresser-envers-les-objectifs-de-developpement-durable\\\/developpement-durable-et-changements-climatiques\\\/#breadcrumb\",\"itemListElement\":[{\"@type\":\"ListItem\",\"position\":1,\"name\":\"Home\",\"item\":\"https:\\\/\\\/www.collegesinstitutes.ca\\\/fr\\\/\"},{\"@type\":\"ListItem\",\"position\":2,\"name\":\"Notre r\u00f4le\",\"item\":\"https:\\\/\\\/www.collegesinstitutes.ca\\\/fr\\\/notre-role\\\/\"},{\"@type\":\"ListItem\",\"position\":3,\"name\":\"Nos priorit\u00e9s\",\"item\":\"https:\\\/\\\/www.collegesinstitutes.ca\\\/fr\\\/notre-role\\\/nos-priorites\\\/\"},{\"@type\":\"ListItem\",\"position\":4,\"name\":\"Faire progresser les Objectifs de d\u00e9veloppement durable\",\"item\":\"https:\\\/\\\/www.collegesinstitutes.ca\\\/fr\\\/notre-role\\\/nos-priorites\\\/progresser-envers-les-objectifs-de-developpement-durable\\\/\"},{\"@type\":\"ListItem\",\"position\":5,\"name\":\"D\u00e9veloppement durable et changements climatiques\"}]},{\"@type\":\"WebSite\",\"@id\":\"https:\\\/\\\/www.collegesinstitutes.ca\\\/fr\\\/#website\",\"url\":\"https:\\\/\\\/www.collegesinstitutes.ca\\\/fr\\\/\",\"name\":\"Colleges and Institutes Canada\",\"description\":\"The Voice of Canada&#039;s Colleges &amp; Institutes\",\"publisher\":{\"@id\":\"https:\\\/\\\/www.collegesinstitutes.ca\\\/fr\\\/#organization\"},\"potentialAction\":[{\"@type\":\"SearchAction\",\"target\":{\"@type\":\"EntryPoint\",\"urlTemplate\":\"https:\\\/\\\/www.collegesinstitutes.ca\\\/fr\\\/?s={search_term_string}\"},\"query-input\":{\"@type\":\"PropertyValueSpecification\",\"valueRequired\":true,\"valueName\":\"search_term_string\"}}],\"inLanguage\":\"fr-FR\"},{\"@type\":\"Organization\",\"@id\":\"https:\\\/\\\/www.collegesinstitutes.ca\\\/fr\\\/#organization\",\"name\":\"Colleges and Institutes Canada\",\"url\":\"https:\\\/\\\/www.collegesinstitutes.ca\\\/fr\\\/\",\"logo\":{\"@type\":\"ImageObject\",\"inLanguage\":\"fr-FR\",\"@id\":\"https:\\\/\\\/www.collegesinstitutes.ca\\\/fr\\\/#\\\/schema\\\/logo\\\/image\\\/\",\"url\":\"https:\\\/\\\/www.collegesinstitutes.ca\\\/wp-content\\\/uploads\\\/2025\\\/06\\\/logo-en.png\",\"contentUrl\":\"https:\\\/\\\/www.collegesinstitutes.ca\\\/wp-content\\\/uploads\\\/2025\\\/06\\\/logo-en.png\",\"width\":794,\"height\":280,\"caption\":\"Colleges and Institutes Canada\"},\"image\":{\"@id\":\"https:\\\/\\\/www.collegesinstitutes.ca\\\/fr\\\/#\\\/schema\\\/logo\\\/image\\\/\"}}]}<\/script>\n<!-- \/ Yoast SEO plugin. -->","yoast_head_json":{"title":"D\u00e9veloppement durable et changements climatiques - Colleges and Institutes Canada","robots":{"index":"index","follow":"follow","max-snippet":"max-snippet:-1","max-image-preview":"max-image-preview:large","max-video-preview":"max-video-preview:-1"},"canonical":"https:\/\/www.collegesinstitutes.ca\/fr\/notre-role\/nos-priorites\/progresser-envers-les-objectifs-de-developpement-durable\/developpement-durable-et-changements-climatiques\/","og_locale":"fr_FR","og_type":"article","og_title":"D\u00e9veloppement durable et changements climatiques - Colleges and Institutes Canada","og_description":"Pr\u00e9parer un avenir plus \u00e9cologique et, pour ce faire, trouver des solutions novatrices et opportunes aux nouveaux probl\u00e8mes environnementaux qui se posent est l\u2019un des enjeux les plus pressants de...","og_url":"https:\/\/www.collegesinstitutes.ca\/fr\/notre-role\/nos-priorites\/progresser-envers-les-objectifs-de-developpement-durable\/developpement-durable-et-changements-climatiques\/","og_site_name":"Colleges and Institutes Canada","article_modified_time":"2024-03-21T16:14:34+00:00","og_image":[{"width":1200,"height":628,"url":"https:\/\/www.collegesinstitutes.ca\/wp-content\/uploads\/2022\/10\/header-img-environment.jpg","type":"image\/jpeg"}],"twitter_card":"summary_large_image","twitter_misc":{"Est. reading time":"3 minutes"},"schema":{"@context":"https:\/\/schema.org","@graph":[{"@type":"WebPage","@id":"https:\/\/www.collegesinstitutes.ca\/fr\/notre-role\/nos-priorites\/progresser-envers-les-objectifs-de-developpement-durable\/developpement-durable-et-changements-climatiques\/","url":"https:\/\/www.collegesinstitutes.ca\/fr\/notre-role\/nos-priorites\/progresser-envers-les-objectifs-de-developpement-durable\/developpement-durable-et-changements-climatiques\/","name":"D\u00e9veloppement durable et changements climatiques - Colleges and Institutes Canada","isPartOf":{"@id":"https:\/\/www.collegesinstitutes.ca\/fr\/#website"},"primaryImageOfPage":{"@id":"https:\/\/www.collegesinstitutes.ca\/fr\/notre-role\/nos-priorites\/progresser-envers-les-objectifs-de-developpement-durable\/developpement-durable-et-changements-climatiques\/#primaryimage"},"image":{"@id":"https:\/\/www.collegesinstitutes.ca\/fr\/notre-role\/nos-priorites\/progresser-envers-les-objectifs-de-developpement-durable\/developpement-durable-et-changements-climatiques\/#primaryimage"},"thumbnailUrl":"https:\/\/www.collegesinstitutes.ca\/wp-content\/uploads\/2022\/10\/header-img-environment.jpg","datePublished":"2022-03-09T14:54:44+00:00","dateModified":"2024-03-21T16:14:34+00:00","breadcrumb":{"@id":"https:\/\/www.collegesinstitutes.ca\/fr\/notre-role\/nos-priorites\/progresser-envers-les-objectifs-de-developpement-durable\/developpement-durable-et-changements-climatiques\/#breadcrumb"},"inLanguage":"fr-FR","potentialAction":[{"@type":"ReadAction","target":["https:\/\/www.collegesinstitutes.ca\/fr\/notre-role\/nos-priorites\/progresser-envers-les-objectifs-de-developpement-durable\/developpement-durable-et-changements-climatiques\/"]}]},{"@type":"ImageObject","inLanguage":"fr-FR","@id":"https:\/\/www.collegesinstitutes.ca\/fr\/notre-role\/nos-priorites\/progresser-envers-les-objectifs-de-developpement-durable\/developpement-durable-et-changements-climatiques\/#primaryimage","url":"https:\/\/www.collegesinstitutes.ca\/wp-content\/uploads\/2022\/10\/header-img-environment.jpg","contentUrl":"https:\/\/www.collegesinstitutes.ca\/wp-content\/uploads\/2022\/10\/header-img-environment.jpg","width":1200,"height":628,"caption":"Hand holding leaf"},{"@type":"BreadcrumbList","@id":"https:\/\/www.collegesinstitutes.ca\/fr\/notre-role\/nos-priorites\/progresser-envers-les-objectifs-de-developpement-durable\/developpement-durable-et-changements-climatiques\/#breadcrumb","itemListElement":[{"@type":"ListItem","position":1,"name":"Home","item":"https:\/\/www.collegesinstitutes.ca\/fr\/"},{"@type":"ListItem","position":2,"name":"Notre r\u00f4le","item":"https:\/\/www.collegesinstitutes.ca\/fr\/notre-role\/"},{"@type":"ListItem","position":3,"name":"Nos priorit\u00e9s","item":"https:\/\/www.collegesinstitutes.ca\/fr\/notre-role\/nos-priorites\/"},{"@type":"ListItem","position":4,"name":"Faire progresser les Objectifs de d\u00e9veloppement durable","item":"https:\/\/www.collegesinstitutes.ca\/fr\/notre-role\/nos-priorites\/progresser-envers-les-objectifs-de-developpement-durable\/"},{"@type":"ListItem","position":5,"name":"D\u00e9veloppement durable et changements climatiques"}]},{"@type":"WebSite","@id":"https:\/\/www.collegesinstitutes.ca\/fr\/#website","url":"https:\/\/www.collegesinstitutes.ca\/fr\/","name":"Colleges and Institutes Canada","description":"The Voice of Canada&#039;s Colleges &amp; Institutes","publisher":{"@id":"https:\/\/www.collegesinstitutes.ca\/fr\/#organization"},"potentialAction":[{"@type":"SearchAction","target":{"@type":"EntryPoint","urlTemplate":"https:\/\/www.collegesinstitutes.ca\/fr\/?s={search_term_string}"},"query-input":{"@type":"PropertyValueSpecification","valueRequired":true,"valueName":"search_term_string"}}],"inLanguage":"fr-FR"},{"@type":"Organization","@id":"https:\/\/www.collegesinstitutes.ca\/fr\/#organization","name":"Colleges and Institutes Canada","url":"https:\/\/www.collegesinstitutes.ca\/fr\/","logo":{"@type":"ImageObject","inLanguage":"fr-FR","@id":"https:\/\/www.collegesinstitutes.ca\/fr\/#\/schema\/logo\/image\/","url":"https:\/\/www.collegesinstitutes.ca\/wp-content\/uploads\/2025\/06\/logo-en.png","contentUrl":"https:\/\/www.collegesinstitutes.ca\/wp-content\/uploads\/2025\/06\/logo-en.png","width":794,"height":280,"caption":"Colleges and Institutes Canada"},"image":{"@id":"https:\/\/www.collegesinstitutes.ca\/fr\/#\/schema\/logo\/image\/"}}]}},"_links":{"self":[{"href":"https:\/\/www.collegesinstitutes.ca\/fr\/wp-json\/wp\/v2\/pages\/22778","targetHints":{"allow":["GET"]}}],"collection":[{"href":"https:\/\/www.collegesinstitutes.ca\/fr\/wp-json\/wp\/v2\/pages"}],"about":[{"href":"https:\/\/www.collegesinstitutes.ca\/fr\/wp-json\/wp\/v2\/types\/page"}],"author":[{"embeddable":true,"href":"https:\/\/www.collegesinstitutes.ca\/fr\/wp-json\/wp\/v2\/users\/1"}],"replies":[{"embeddable":true,"href":"https:\/\/www.collegesinstitutes.ca\/fr\/wp-json\/wp\/v2\/comments?post=22778"}],"version-history":[{"count":0,"href":"https:\/\/www.collegesinstitutes.ca\/fr\/wp-json\/wp\/v2\/pages\/22778\/revisions"}],"up":[{"embeddable":true,"href":"https:\/\/www.collegesinstitutes.ca\/fr\/wp-json\/wp\/v2\/pages\/22349"}],"wp:featuredmedia":[{"embeddable":true,"href":"https:\/\/www.collegesinstitutes.ca\/fr\/wp-json\/wp\/v2\/media\/9544"}],"wp:attachment":[{"href":"https:\/\/www.collegesinstitutes.ca\/fr\/wp-json\/wp\/v2\/media?parent=22778"}],"wp:term":[{"taxonomy":"category","embeddable":true,"href":"https:\/\/www.collegesinstitutes.ca\/fr\/wp-json\/wp\/v2\/categories?post=22778"},{"taxonomy":"post_tag","embeddable":true,"href":"https:\/\/www.collegesinstitutes.ca\/fr\/wp-json\/wp\/v2\/tags?post=22778"}],"curies":[{"name":"wp","href":"https:\/\/api.w.org\/{rel}","templated":true}]}}