{"id":22482,"date":"2022-10-13T00:15:27","date_gmt":"2022-10-13T00:15:27","guid":{"rendered":"https:\/\/www.collegesinstitutes.ca\/?page_id=22482"},"modified":"2023-01-31T02:03:00","modified_gmt":"2023-01-31T02:03:00","slug":"quest-ce-quune-simulation-virtuelle","status":"publish","type":"page","link":"https:\/\/www.collegesinstitutes.ca\/fr\/notre-role\/nos-programmes\/quest-ce-quune-simulation-virtuelle\/","title":{"rendered":"Qu\u2019est-ce qu\u2019une simulation virtuelle ?"},"content":{"rendered":"<p class=\"lead\">Une simulation virtuelle est une exp\u00e9rience clinique simul\u00e9e cr\u00e9\u00e9e par des \u00e9ducateurs et \u00e9ducatrices canadien pour am\u00e9liorer les programmes de cours et bas\u00e9e sur des objectifs p\u00e9dagogiques d\u00e9finis. Elle pr\u00e9sente\u202fune situation clinique \u00e0 analyser; l\u2019\u00e9tudiant (seul ou en groupe) doit\u202fprendre\u202fdes d\u00e9cisions, puis re\u00e7oit une r\u00e9troaction\u202fsur\u202fcelles-ci.<\/p>\n<p>Les \u00e9ducateurs et \u00e9ducatrices utilisent diff\u00e9rentes plates-formes de cr\u00e9ation con\u00e7ues par des fournisseurs, qui offrent un soutien et des services professionnels pendant le processus de d\u00e9veloppement et mettent les simulations \u00e0 la disposition des \u00e9tudiants. <\/p>\n<h2 class=\"border-0\">4 port\u00e9es de simulations virtuelles<\/h2>\n<div class=\"boxit\">\n<div class=\"row align-items-center\">\n<div class=\"col-lg-1\"><img decoding=\"async\" src=\"\/wp-content\/uploads\/2023\/01\/virtu-wil-icon1-cognitive.png\" alt=\"\" width=\"100\" height=\"100\" class=\"alignnone size-full wp-image-16741\" srcset=\"https:\/\/www.collegesinstitutes.ca\/wp-content\/uploads\/2023\/01\/virtu-wil-icon1-cognitive.png 400w, https:\/\/www.collegesinstitutes.ca\/wp-content\/uploads\/2023\/01\/virtu-wil-icon1-cognitive-300x300.png 300w, https:\/\/www.collegesinstitutes.ca\/wp-content\/uploads\/2023\/01\/virtu-wil-icon1-cognitive-150x150.png 150w\" sizes=\"(max-width: 100px) 100vw, 100px\" \/><\/div>\n<div class=\"col-lg-11\">\n<h3 class=\"mb-0\">Cognitive<\/h3>\n<div>Collecter et analyser de l\u2019information, appliquer les connaissances et le raisonnement clinique, peaufiner la prise de d\u00e9cision.<\/div>\n<\/div>\n<\/div>\n<\/div>\n<div class=\"boxit\">\n<div class=\"row align-items-center\">\n<div class=\"col-lg-1\"><img decoding=\"async\" src=\"\/wp-content\/uploads\/2023\/01\/virtu-wil-icon2-procedure.png\" alt=\"\" width=\"100\" height=\"100\" class=\"alignnone size-full wp-image-16747\" srcset=\"https:\/\/www.collegesinstitutes.ca\/wp-content\/uploads\/2023\/01\/virtu-wil-icon2-procedure.png 400w, https:\/\/www.collegesinstitutes.ca\/wp-content\/uploads\/2023\/01\/virtu-wil-icon2-procedure-300x300.png 300w, https:\/\/www.collegesinstitutes.ca\/wp-content\/uploads\/2023\/01\/virtu-wil-icon2-procedure-150x150.png 150w\" sizes=\"(max-width: 100px) 100vw, 100px\" \/><\/div>\n<div class=\"col-lg-11\">\n<h3 class=\"mb-0\">Procedural<\/h3>\n<div>Analyser et agir sur les indications, contre-indications, risques, \u00e9tapes d\u2019une proc\u00e9dure, choix des \u00e9quipements et techniques.<\/div>\n<\/div>\n<\/div>\n<\/div>\n<div class=\"boxit\">\n<div class=\"row align-items-center\">\n<div class=\"col-lg-1\"><img decoding=\"async\" src=\"\/wp-content\/uploads\/2023\/01\/virtu-wil-icon3-interprof.png\" alt=\"\" width=\"100\" height=\"100\" class=\"alignnone size-full wp-image-16745\" srcset=\"https:\/\/www.collegesinstitutes.ca\/wp-content\/uploads\/2023\/01\/virtu-wil-icon3-interprof.png 400w, https:\/\/www.collegesinstitutes.ca\/wp-content\/uploads\/2023\/01\/virtu-wil-icon3-interprof-300x300.png 300w, https:\/\/www.collegesinstitutes.ca\/wp-content\/uploads\/2023\/01\/virtu-wil-icon3-interprof-150x150.png 150w\" sizes=\"(max-width: 100px) 100vw, 100px\" \/><\/div>\n<div class=\"col-lg-11\">\n<h3 class=\"mb-0\">Interprofessionnelles<\/h3>\n<div>Favoriser le travail d\u2019\u00e9quipe, con\u00e7ues pour l\u2019apprentissage en \u00e9quipe et la formation interprofessionnelles.<\/div>\n<\/div>\n<\/div>\n<\/div>\n<div class=\"boxit\">\n<div class=\"row align-items-center\">\n<div class=\"col-lg-1\"><img loading=\"lazy\" decoding=\"async\" src=\"\/wp-content\/uploads\/2023\/01\/virtu-wil-icon4-nontechnical.webp\" alt=\"\" width=\"100\" height=\"100\" class=\"alignnone size-full wp-image-16743\" srcset=\"https:\/\/www.collegesinstitutes.ca\/wp-content\/uploads\/2023\/01\/virtu-wil-icon4-nontechnical.webp 400w, https:\/\/www.collegesinstitutes.ca\/wp-content\/uploads\/2023\/01\/virtu-wil-icon4-nontechnical-300x300.webp 300w, https:\/\/www.collegesinstitutes.ca\/wp-content\/uploads\/2023\/01\/virtu-wil-icon4-nontechnical-150x150.webp 150w\" sizes=\"(max-width: 100px) 100vw, 100px\" \/><\/div>\n<div class=\"col-lg-11\">\n<h3 class=\"mb-0\">Non-technique<\/h3>\n<div>D\u00e9velopper des comp\u00e9tences non-techniques telles que la communication, le professionnalisme, l\u2019\u00e9thique, l\u2019empathie.<\/div>\n<\/div>\n<\/div>\n<\/div>\n","protected":false},"excerpt":{"rendered":"<p>Une simulation virtuelle est une exp\u00e9rience clinique simul\u00e9e cr\u00e9\u00e9e par des \u00e9ducateurs et \u00e9ducatrices canadien pour am\u00e9liorer les programmes de cours et bas\u00e9e sur des objectifs p\u00e9dagogiques d\u00e9finis. Elle pr\u00e9sente\u202fune&#8230;<\/p>\n","protected":false},"author":1,"featured_media":9731,"parent":16627,"menu_order":0,"comment_status":"closed","ping_status":"closed","template":"","meta":{"_acf_changed":false,"footnotes":""},"categories":[],"tags":[],"class_list":["post-22482","page","type-page","status-publish","has-post-thumbnail","hentry"],"acf":[],"yoast_head":"<!-- This site is optimized with the Yoast SEO plugin v27.4 - https:\/\/yoast.com\/product\/yoast-seo-wordpress\/ -->\n<title>Qu\u2019est-ce qu\u2019une simulation virtuelle ? - Colleges and Institutes Canada<\/title>\n<meta name=\"robots\" content=\"index, follow, max-snippet:-1, max-image-preview:large, max-video-preview:-1\" \/>\n<link rel=\"canonical\" href=\"https:\/\/www.collegesinstitutes.ca\/fr\/notre-role\/nos-programmes\/quest-ce-quune-simulation-virtuelle\/\" \/>\n<meta property=\"og:locale\" content=\"fr_FR\" \/>\n<meta property=\"og:type\" content=\"article\" \/>\n<meta property=\"og:title\" content=\"Qu\u2019est-ce qu\u2019une simulation virtuelle ? - Colleges and Institutes Canada\" \/>\n<meta property=\"og:description\" content=\"Une simulation virtuelle est une exp\u00e9rience clinique simul\u00e9e cr\u00e9\u00e9e par des \u00e9ducateurs et \u00e9ducatrices canadien pour am\u00e9liorer les programmes de cours et bas\u00e9e sur des objectifs p\u00e9dagogiques d\u00e9finis. Elle pr\u00e9sente\u202fune...\" \/>\n<meta property=\"og:url\" content=\"https:\/\/www.collegesinstitutes.ca\/fr\/notre-role\/nos-programmes\/quest-ce-quune-simulation-virtuelle\/\" \/>\n<meta property=\"og:site_name\" content=\"Colleges and Institutes Canada\" \/>\n<meta property=\"article:modified_time\" content=\"2023-01-31T02:03:00+00:00\" \/>\n<meta property=\"og:image\" content=\"https:\/\/www.collegesinstitutes.ca\/wp-content\/uploads\/2022\/10\/header-img-prog-VIRTU-WIL-v2.jpg\" \/>\n\t<meta property=\"og:image:width\" content=\"1200\" \/>\n\t<meta property=\"og:image:height\" content=\"628\" \/>\n\t<meta property=\"og:image:type\" content=\"image\/jpeg\" \/>\n<meta name=\"twitter:card\" content=\"summary_large_image\" \/>\n<meta name=\"twitter:label1\" content=\"Est. reading time\" \/>\n\t<meta name=\"twitter:data1\" content=\"1 minute\" \/>\n<script type=\"application\/ld+json\" class=\"yoast-schema-graph\">{\"@context\":\"https:\\\/\\\/schema.org\",\"@graph\":[{\"@type\":\"WebPage\",\"@id\":\"https:\\\/\\\/www.collegesinstitutes.ca\\\/fr\\\/notre-role\\\/nos-programmes\\\/quest-ce-quune-simulation-virtuelle\\\/\",\"url\":\"https:\\\/\\\/www.collegesinstitutes.ca\\\/fr\\\/notre-role\\\/nos-programmes\\\/quest-ce-quune-simulation-virtuelle\\\/\",\"name\":\"Qu\u2019est-ce qu\u2019une simulation virtuelle ? - Colleges and Institutes Canada\",\"isPartOf\":{\"@id\":\"https:\\\/\\\/www.collegesinstitutes.ca\\\/fr\\\/#website\"},\"primaryImageOfPage\":{\"@id\":\"https:\\\/\\\/www.collegesinstitutes.ca\\\/fr\\\/notre-role\\\/nos-programmes\\\/quest-ce-quune-simulation-virtuelle\\\/#primaryimage\"},\"image\":{\"@id\":\"https:\\\/\\\/www.collegesinstitutes.ca\\\/fr\\\/notre-role\\\/nos-programmes\\\/quest-ce-quune-simulation-virtuelle\\\/#primaryimage\"},\"thumbnailUrl\":\"https:\\\/\\\/www.collegesinstitutes.ca\\\/wp-content\\\/uploads\\\/2022\\\/10\\\/header-img-prog-VIRTU-WIL-v2.jpg\",\"datePublished\":\"2022-10-13T00:15:27+00:00\",\"dateModified\":\"2023-01-31T02:03:00+00:00\",\"breadcrumb\":{\"@id\":\"https:\\\/\\\/www.collegesinstitutes.ca\\\/fr\\\/notre-role\\\/nos-programmes\\\/quest-ce-quune-simulation-virtuelle\\\/#breadcrumb\"},\"inLanguage\":\"fr-FR\",\"potentialAction\":[{\"@type\":\"ReadAction\",\"target\":[\"https:\\\/\\\/www.collegesinstitutes.ca\\\/fr\\\/notre-role\\\/nos-programmes\\\/quest-ce-quune-simulation-virtuelle\\\/\"]}]},{\"@type\":\"ImageObject\",\"inLanguage\":\"fr-FR\",\"@id\":\"https:\\\/\\\/www.collegesinstitutes.ca\\\/fr\\\/notre-role\\\/nos-programmes\\\/quest-ce-quune-simulation-virtuelle\\\/#primaryimage\",\"url\":\"https:\\\/\\\/www.collegesinstitutes.ca\\\/wp-content\\\/uploads\\\/2022\\\/10\\\/header-img-prog-VIRTU-WIL-v2.jpg\",\"contentUrl\":\"https:\\\/\\\/www.collegesinstitutes.ca\\\/wp-content\\\/uploads\\\/2022\\\/10\\\/header-img-prog-VIRTU-WIL-v2.jpg\",\"width\":1200,\"height\":628},{\"@type\":\"BreadcrumbList\",\"@id\":\"https:\\\/\\\/www.collegesinstitutes.ca\\\/fr\\\/notre-role\\\/nos-programmes\\\/quest-ce-quune-simulation-virtuelle\\\/#breadcrumb\",\"itemListElement\":[{\"@type\":\"ListItem\",\"position\":1,\"name\":\"Home\",\"item\":\"https:\\\/\\\/www.collegesinstitutes.ca\\\/fr\\\/\"},{\"@type\":\"ListItem\",\"position\":2,\"name\":\"Notre r\u00f4le\",\"item\":\"https:\\\/\\\/www.collegesinstitutes.ca\\\/fr\\\/notre-role\\\/\"},{\"@type\":\"ListItem\",\"position\":3,\"name\":\"Nos programmes\",\"item\":\"https:\\\/\\\/www.collegesinstitutes.ca\\\/fr\\\/notre-role\\\/nos-programmes\\\/\"},{\"@type\":\"ListItem\",\"position\":4,\"name\":\"Qu\u2019est-ce qu\u2019une simulation virtuelle ?\"}]},{\"@type\":\"WebSite\",\"@id\":\"https:\\\/\\\/www.collegesinstitutes.ca\\\/fr\\\/#website\",\"url\":\"https:\\\/\\\/www.collegesinstitutes.ca\\\/fr\\\/\",\"name\":\"Colleges and Institutes Canada\",\"description\":\"The Voice of Canada&#039;s Colleges &amp; Institutes\",\"publisher\":{\"@id\":\"https:\\\/\\\/www.collegesinstitutes.ca\\\/fr\\\/#organization\"},\"potentialAction\":[{\"@type\":\"SearchAction\",\"target\":{\"@type\":\"EntryPoint\",\"urlTemplate\":\"https:\\\/\\\/www.collegesinstitutes.ca\\\/fr\\\/?s={search_term_string}\"},\"query-input\":{\"@type\":\"PropertyValueSpecification\",\"valueRequired\":true,\"valueName\":\"search_term_string\"}}],\"inLanguage\":\"fr-FR\"},{\"@type\":\"Organization\",\"@id\":\"https:\\\/\\\/www.collegesinstitutes.ca\\\/fr\\\/#organization\",\"name\":\"Colleges and Institutes Canada\",\"url\":\"https:\\\/\\\/www.collegesinstitutes.ca\\\/fr\\\/\",\"logo\":{\"@type\":\"ImageObject\",\"inLanguage\":\"fr-FR\",\"@id\":\"https:\\\/\\\/www.collegesinstitutes.ca\\\/fr\\\/#\\\/schema\\\/logo\\\/image\\\/\",\"url\":\"https:\\\/\\\/www.collegesinstitutes.ca\\\/wp-content\\\/uploads\\\/2025\\\/06\\\/logo-en.png\",\"contentUrl\":\"https:\\\/\\\/www.collegesinstitutes.ca\\\/wp-content\\\/uploads\\\/2025\\\/06\\\/logo-en.png\",\"width\":794,\"height\":280,\"caption\":\"Colleges and Institutes Canada\"},\"image\":{\"@id\":\"https:\\\/\\\/www.collegesinstitutes.ca\\\/fr\\\/#\\\/schema\\\/logo\\\/image\\\/\"}}]}<\/script>\n<!-- \/ Yoast SEO plugin. -->","yoast_head_json":{"title":"Qu\u2019est-ce qu\u2019une simulation virtuelle ? - Colleges and Institutes Canada","robots":{"index":"index","follow":"follow","max-snippet":"max-snippet:-1","max-image-preview":"max-image-preview:large","max-video-preview":"max-video-preview:-1"},"canonical":"https:\/\/www.collegesinstitutes.ca\/fr\/notre-role\/nos-programmes\/quest-ce-quune-simulation-virtuelle\/","og_locale":"fr_FR","og_type":"article","og_title":"Qu\u2019est-ce qu\u2019une simulation virtuelle ? - Colleges and Institutes Canada","og_description":"Une simulation virtuelle est une exp\u00e9rience clinique simul\u00e9e cr\u00e9\u00e9e par des \u00e9ducateurs et \u00e9ducatrices canadien pour am\u00e9liorer les programmes de cours et bas\u00e9e sur des objectifs p\u00e9dagogiques d\u00e9finis. Elle pr\u00e9sente\u202fune...","og_url":"https:\/\/www.collegesinstitutes.ca\/fr\/notre-role\/nos-programmes\/quest-ce-quune-simulation-virtuelle\/","og_site_name":"Colleges and Institutes Canada","article_modified_time":"2023-01-31T02:03:00+00:00","og_image":[{"width":1200,"height":628,"url":"https:\/\/www.collegesinstitutes.ca\/wp-content\/uploads\/2022\/10\/header-img-prog-VIRTU-WIL-v2.jpg","type":"image\/jpeg"}],"twitter_card":"summary_large_image","twitter_misc":{"Est. reading time":"1 minute"},"schema":{"@context":"https:\/\/schema.org","@graph":[{"@type":"WebPage","@id":"https:\/\/www.collegesinstitutes.ca\/fr\/notre-role\/nos-programmes\/quest-ce-quune-simulation-virtuelle\/","url":"https:\/\/www.collegesinstitutes.ca\/fr\/notre-role\/nos-programmes\/quest-ce-quune-simulation-virtuelle\/","name":"Qu\u2019est-ce qu\u2019une simulation virtuelle ? - Colleges and Institutes Canada","isPartOf":{"@id":"https:\/\/www.collegesinstitutes.ca\/fr\/#website"},"primaryImageOfPage":{"@id":"https:\/\/www.collegesinstitutes.ca\/fr\/notre-role\/nos-programmes\/quest-ce-quune-simulation-virtuelle\/#primaryimage"},"image":{"@id":"https:\/\/www.collegesinstitutes.ca\/fr\/notre-role\/nos-programmes\/quest-ce-quune-simulation-virtuelle\/#primaryimage"},"thumbnailUrl":"https:\/\/www.collegesinstitutes.ca\/wp-content\/uploads\/2022\/10\/header-img-prog-VIRTU-WIL-v2.jpg","datePublished":"2022-10-13T00:15:27+00:00","dateModified":"2023-01-31T02:03:00+00:00","breadcrumb":{"@id":"https:\/\/www.collegesinstitutes.ca\/fr\/notre-role\/nos-programmes\/quest-ce-quune-simulation-virtuelle\/#breadcrumb"},"inLanguage":"fr-FR","potentialAction":[{"@type":"ReadAction","target":["https:\/\/www.collegesinstitutes.ca\/fr\/notre-role\/nos-programmes\/quest-ce-quune-simulation-virtuelle\/"]}]},{"@type":"ImageObject","inLanguage":"fr-FR","@id":"https:\/\/www.collegesinstitutes.ca\/fr\/notre-role\/nos-programmes\/quest-ce-quune-simulation-virtuelle\/#primaryimage","url":"https:\/\/www.collegesinstitutes.ca\/wp-content\/uploads\/2022\/10\/header-img-prog-VIRTU-WIL-v2.jpg","contentUrl":"https:\/\/www.collegesinstitutes.ca\/wp-content\/uploads\/2022\/10\/header-img-prog-VIRTU-WIL-v2.jpg","width":1200,"height":628},{"@type":"BreadcrumbList","@id":"https:\/\/www.collegesinstitutes.ca\/fr\/notre-role\/nos-programmes\/quest-ce-quune-simulation-virtuelle\/#breadcrumb","itemListElement":[{"@type":"ListItem","position":1,"name":"Home","item":"https:\/\/www.collegesinstitutes.ca\/fr\/"},{"@type":"ListItem","position":2,"name":"Notre r\u00f4le","item":"https:\/\/www.collegesinstitutes.ca\/fr\/notre-role\/"},{"@type":"ListItem","position":3,"name":"Nos programmes","item":"https:\/\/www.collegesinstitutes.ca\/fr\/notre-role\/nos-programmes\/"},{"@type":"ListItem","position":4,"name":"Qu\u2019est-ce qu\u2019une simulation virtuelle ?"}]},{"@type":"WebSite","@id":"https:\/\/www.collegesinstitutes.ca\/fr\/#website","url":"https:\/\/www.collegesinstitutes.ca\/fr\/","name":"Colleges and Institutes Canada","description":"The Voice of Canada&#039;s Colleges &amp; Institutes","publisher":{"@id":"https:\/\/www.collegesinstitutes.ca\/fr\/#organization"},"potentialAction":[{"@type":"SearchAction","target":{"@type":"EntryPoint","urlTemplate":"https:\/\/www.collegesinstitutes.ca\/fr\/?s={search_term_string}"},"query-input":{"@type":"PropertyValueSpecification","valueRequired":true,"valueName":"search_term_string"}}],"inLanguage":"fr-FR"},{"@type":"Organization","@id":"https:\/\/www.collegesinstitutes.ca\/fr\/#organization","name":"Colleges and Institutes Canada","url":"https:\/\/www.collegesinstitutes.ca\/fr\/","logo":{"@type":"ImageObject","inLanguage":"fr-FR","@id":"https:\/\/www.collegesinstitutes.ca\/fr\/#\/schema\/logo\/image\/","url":"https:\/\/www.collegesinstitutes.ca\/wp-content\/uploads\/2025\/06\/logo-en.png","contentUrl":"https:\/\/www.collegesinstitutes.ca\/wp-content\/uploads\/2025\/06\/logo-en.png","width":794,"height":280,"caption":"Colleges and Institutes Canada"},"image":{"@id":"https:\/\/www.collegesinstitutes.ca\/fr\/#\/schema\/logo\/image\/"}}]}},"_links":{"self":[{"href":"https:\/\/www.collegesinstitutes.ca\/fr\/wp-json\/wp\/v2\/pages\/22482","targetHints":{"allow":["GET"]}}],"collection":[{"href":"https:\/\/www.collegesinstitutes.ca\/fr\/wp-json\/wp\/v2\/pages"}],"about":[{"href":"https:\/\/www.collegesinstitutes.ca\/fr\/wp-json\/wp\/v2\/types\/page"}],"author":[{"embeddable":true,"href":"https:\/\/www.collegesinstitutes.ca\/fr\/wp-json\/wp\/v2\/users\/1"}],"replies":[{"embeddable":true,"href":"https:\/\/www.collegesinstitutes.ca\/fr\/wp-json\/wp\/v2\/comments?post=22482"}],"version-history":[{"count":0,"href":"https:\/\/www.collegesinstitutes.ca\/fr\/wp-json\/wp\/v2\/pages\/22482\/revisions"}],"up":[{"embeddable":true,"href":"https:\/\/www.collegesinstitutes.ca\/fr\/wp-json\/wp\/v2\/pages\/16627"}],"wp:featuredmedia":[{"embeddable":true,"href":"https:\/\/www.collegesinstitutes.ca\/fr\/wp-json\/wp\/v2\/media\/9731"}],"wp:attachment":[{"href":"https:\/\/www.collegesinstitutes.ca\/fr\/wp-json\/wp\/v2\/media?parent=22482"}],"wp:term":[{"taxonomy":"category","embeddable":true,"href":"https:\/\/www.collegesinstitutes.ca\/fr\/wp-json\/wp\/v2\/categories?post=22482"},{"taxonomy":"post_tag","embeddable":true,"href":"https:\/\/www.collegesinstitutes.ca\/fr\/wp-json\/wp\/v2\/tags?post=22482"}],"curies":[{"name":"wp","href":"https:\/\/api.w.org\/{rel}","templated":true}]}}