{"id":22391,"date":"2023-01-18T15:15:28","date_gmt":"2023-01-18T15:15:28","guid":{"rendered":"https:\/\/www.collegesinstitutes.ca\/?page_id=22391"},"modified":"2023-02-06T22:05:08","modified_gmt":"2023-02-06T22:05:08","slug":"resultats-du-programme-et-documents","status":"publish","type":"page","link":"https:\/\/www.collegesinstitutes.ca\/fr\/notre-role\/nos-programmes\/resultats-du-programme-et-documents\/","title":{"rendered":"R\u00e9sultats du programme et documents"},"content":{"rendered":"<p class=\"lead\">Comme le march\u00e9 du travail est en transformation continuelle, il est plus important que jamais d\u2019aider les Canadiens et Canadiennes \u00e0 d\u00e9velopper leurs comp\u00e9tences.<\/p>\n<p>Voil\u00e0 pourquoi <strong>CICan<\/strong> s\u2019est associ\u00e9e au <strong>Forum canadien sur l\u2019apprentissage (FCA)<\/strong> et \u00e0 des coll\u00e8ges et instituts membres pour cr\u00e9er et offrir le programme <a href=\"https:\/\/www.collegesinstitutes.ca\/fr\/?post_type=cicancorp_programs&#038;p=7879\">Favoriser l\u2019acc\u00e8s \u00e0 des parcours inclusifs en pr\u00e9apprentissage<\/a>. Ce programme aide les personnes confront\u00e9es \u00e0 des obstacles \u00e0 l\u2019\u00e9ducation, notamment les femmes, les Autochtones, les nouveaux arrivants et les personnes handicap\u00e9es, \u00e0 suivre une formation en pr\u00e9apprentissage sur mesure qui les aidera \u00e0 d\u00e9velopper leurs comp\u00e9tences, \u00e0 appliquer leurs connaissances et \u00e0 mener une carri\u00e8re enrichissante.  <\/p>\n<p>Les ressources, rapports et outils suivants sont le fruit de cette initiative pancanadienne \u00e9chelonn\u00e9e sur deux ans et demi. N\u2019h\u00e9sitez pas \u00e0 les utiliser et \u00e0 les diffuser au sein de vos r\u00e9seaux.<\/p>\n<div class=\"boxit p-4 mt-4\"><!--  Rapport sur les pratiques prometteuses de pr\u00e9apprentissage  --><\/p>\n<div class=\"row align-items-center\">\n<div class=\"col-md-2 text-md-center\"><img decoding=\"async\" src=\"https:\/\/www.collegesinstitutes.ca\/wp-content\/uploads\/2023\/01\/cican-icon-PA-01-report.png\" alt=\"decorative icon\" width=\"100\" height=\"100\" class=\"alignnone wp-image-67542\" \/><\/div>\n<div class=\"col-md-10\">\n<h3>Rapport sur les pratiques prometteuses de pr\u00e9apprentissage<\/h3>\n<p class=\"small\">Ce rapport pr\u00e9sente les pratiques prometteuses actuelles qui favorisent la participation des femmes, des Autochtones, des nouveaux arrivants et des personnes handicap\u00e9es aux programmes de pr\u00e9apprentissage. Les renseignements qu\u2019il contient ont \u00e9t\u00e9 recueillis par l\u2019entremise d\u2019un outil de diversit\u00e9 et d\u2019inclusion. Les pratiques mises en valeur visent \u00e0 promouvoir la diversit\u00e9 dans l\u2019\u00e9laboration et la prestation des programmes, \u00e0 adapter les contenus des programmes de formation pr\u00e9alable \u00e0 un m\u00e9tier et \u00e0 offrir des services et des programmes, y compris des services de soutien compl\u00e9mentaires, pour aider les populations cibles \u00e0 suivre un programme de formation pr\u00e9alable \u00e0 un m\u00e9tier.<\/p>\n<p><a href=\"https:\/\/collegesinstitutes.sharepoint.com\/:b:\/g\/extcollab\/Ee0Vre1XOmRCqtf3uOpSN_EBGjquRgq_Q33-SMK3pC13ug?e=MwFPYZ\" class=\"btn btn-download\" target=\"_blank\" role=\"button\" rel=\"noopener\">T\u00e9l\u00e9charger le rapport<\/a>\n<\/div>\n<\/div>\n<\/div>\n<div class=\"boxit p-4 mt-4\"><!--  \u00c9tat des lieux des programmes de pr\u00e9apprentissage  --><\/p>\n<div class=\"row align-items-center\">\n<div class=\"col-md-2 text-md-center\"><img decoding=\"async\" src=\"https:\/\/www.collegesinstitutes.ca\/wp-content\/uploads\/2023\/01\/cican-icon-PA-02-scan.png\" alt=\"decorative icon\" width=\"100\" height=\"100\" class=\"alignnone wp-image-67542\" \/><\/div>\n<div class=\"col-md-10\">\n<h3>\u00c9tat des lieux des programmes de pr\u00e9apprentissage<\/h3>\n<p>R\u00e9alis\u00e9 par CICan et le Forum canadien sur l\u2019apprentissage (FCA), cet \u00e9tat des lieux pr\u00e9sente les principaux programmes de pr\u00e9apprentissage les plus r\u00e9cents offerts par les coll\u00e8ges et instituts canadiens (jusqu\u2019en 2019) et examine les pratiques exemplaire visant \u00e0 \u00e9liminer les obstacles que doivent surmonter les groupes sous-repr\u00e9sent\u00e9s dans les programmes de pr\u00e9apprentissage. Les donn\u00e9es ont \u00e9t\u00e9 recueillies au moyen de recherches dans des sources secondaires, d\u2019un sondage et d\u2019entretiens avec des personnes cl\u00e9s, dont des doyens, doyens associ\u00e9s, chefs de d\u00e9partement, directeurs g\u00e9n\u00e9raux et enseignants de programmes de m\u00e9tiers sp\u00e9cialis\u00e9s. Les r\u00e9sultats de cet \u00e9tat des lieux ont confirm\u00e9 la n\u00e9cessit\u00e9 du programme Favoriser l\u2019acc\u00e8s \u00e0 des parcours inclusifs en pr\u00e9apprentissage et ont men\u00e9 \u00e0 la prochaine \u00e9tape, soit la cr\u00e9ation de l\u2019outil de diversit\u00e9 et d\u2019inclusion. <\/p>\n<p><a href=\"https:\/\/collegesinstitutes.sharepoint.com\/:b:\/g\/extcollab\/EdNgSdtoNeVMhXkTVtsFIS0B6g44vE5cFsoccp3HeyNeFA?e=66oDIS\" class=\"btn btn-download\" target=\"_blank\" role=\"button\" rel=\"noopener\">T\u00e9l\u00e9charger le rapport<\/a>\n<\/div>\n<\/div>\n<\/div>\n<div class=\"boxit p-4 mt-4\"><!--  R\u00e9pertoire des programmes de pr\u00e9apprentissage  --><\/p>\n<div class=\"row align-items-center\">\n<div class=\"col-md-2 text-md-center\"><img decoding=\"async\" src=\"https:\/\/www.collegesinstitutes.ca\/wp-content\/uploads\/2023\/01\/cican-icon-PA-03-inventory.png\" alt=\"decorative icon\" width=\"100\" height=\"100\" class=\"alignnone wp-image-67542\" \/><\/div>\n<div class=\"col-md-10\">\n<h3>R\u00e9pertoire des programmes de pr\u00e9apprentissage<\/h3>\n<p>Ce r\u00e9pertoire est un document de travail\u202f\u2013 bas\u00e9 sur du contenu recueilli en 2020\u202f\u2013 qui pr\u00e9sente l\u2019\u00e9tendue des programmes de pr\u00e9apprentissage offerts par les coll\u00e8ges et instituts du Canada. Il met en \u00e9vidence les programmes destin\u00e9s aux groupes sous-repr\u00e9sent\u00e9s (p. ex. Autochtones, femmes, nouveaux arrivants, jeunes, personnes handicap\u00e9es) et menant \u00e0 divers titres de comp\u00e9tences, y compris des programmes de dipl\u00f4mes et de certificats. L\u2019offre de programmes est susceptible de changer en fonction du financement, de la situation \u00e9conomique et de la demande locale.<\/p>\n<p><a href=\"https:\/\/collegesinstitutes.sharepoint.com\/:b:\/g\/extcollab\/EfQR2yvWbcFLkS6CT3tE3qcBjNSMkmzgS1zQrETCIZ5EqA?e=aIhYAR\" class=\"btn btn-download\" target=\"_blank\" role=\"button\" rel=\"noopener\">T\u00e9l\u00e9charger le r\u00e9pertoire<\/a>\n<\/div>\n<\/div>\n<\/div>\n<div class=\"boxit p-4 mt-4\"><!--  Outil de diversit\u00e9 et d\u2019inclusion  --><\/p>\n<div class=\"row align-items-center\">\n<div class=\"col-md-2 text-md-center\"><img loading=\"lazy\" decoding=\"async\" src=\"https:\/\/www.collegesinstitutes.ca\/wp-content\/uploads\/2023\/01\/cican-icon-PA-04-tools.png\" alt=\"decorative icon\" width=\"100\" height=\"100\" class=\"alignnone wp-image-67542\" \/><\/div>\n<div class=\"col-md-10\">\n<h3>Outil de diversit\u00e9 et d\u2019inclusion<\/h3>\n<p>L\u2019outil de diversit\u00e9 et d\u2019inclusion a \u00e9t\u00e9 con\u00e7u par des coll\u00e8ges et instituts membres de CICan. Il sert \u00e0 \u00e9valuer les activit\u00e9s d\u2019inclusion et \u00e0 mettre en \u00e9vidence les pratiques prometteuses des programmes de pr\u00e9apprentissage dans le cadre du programme Favoriser l\u2019acc\u00e8s \u00e0 des parcours inclusifs en pr\u00e9apprentissage. L\u2019outil permet d\u2019examiner un programme au stade pr\u00e9c\u00e9dant son d\u00e9roulement, au stade du d\u00e9roulement et \u00e0 l\u2019\u00e9tape qui suit son d\u00e9roulement. Il propose des pratiques exemplaires pour augmenter l\u2019inclusivit\u00e9 des programmes de pr\u00e9apprentissage pour les groupes sous-repr\u00e9sent\u00e9s.<\/p>\n<p><a href=\"https:\/\/collegesinstitutes.sharepoint.com\/:x:\/g\/extcollab\/EdqawGMxiSpAqb5TAg5T9PEBdhMpAqoxNQJPQRLfnJ5vPA?e=C5sUB7\" class=\"btn btn-download\" target=\"_blank\" role=\"button\" rel=\"noopener\">T\u00e9l\u00e9charger l&rsquo;outil<\/a>\n<\/div>\n<\/div>\n<\/div>\n<p><!--\n\n<div class=\"boxit p-4 mt-4\">  Pr\u00e9sentation du webinaire CICan-FCA\u202f: principales conclusions  \n\n\n<div class=\"row align-items-center\">\n\n\n<div class=\"col-md-2 text-md-center\"><img loading=\"lazy\" decoding=\"async\" src=\"https:\/\/www.collegesinstitutes.ca\/wp-content\/uploads\/2023\/01\/cican-icon-PA-05-webinar.png\" alt=\"decorative icon\" width=\"100\" height=\"100\" class=\"alignnone wp-image-67542\" \/><\/div>\n\n\n\n\n<div class=\"col-md-10\">\n\n\n<h3>Pr\u00e9sentation du webinaire CICan-FCA\u202f: principales conclusions<\/h3>\n\n\n\n\n<p>Le 23\u202ff\u00e9vrier 2022, CICan et le FCA ont organis\u00e9 un webinaire sur l\u2019int\u00e9r\u00eat de concevoir des programmes de pr\u00e9apprentissage plus inclusifs afin de pr\u00e9parer les groupes sous-repr\u00e9sent\u00e9s \u00e0 poursuivre leurs \u00e9tudes et \u00e0 occuper un m\u00e9tier sp\u00e9cialis\u00e9. Le webinaire a r\u00e9uni des pan\u00e9listes du British Columbia Institute of Technology, du Canadore College et d\u2019un employeur du secteur de la construction du Yukon qui ont pr\u00e9sent\u00e9 leurs r\u00e9flexions et les le\u00e7ons qu\u2019ils ont tir\u00e9es de leur exp\u00e9rience dans le programme Favoriser l\u2019acc\u00e8s \u00e0 des parcours inclusifs en pr\u00e9apprentissage.<\/p>\n\n\n<\/div>\n\n\n\n\n<div class=\"col-md-3 text-md-center\"><a href=\"#\" class=\"btn btn-dark mb-3 mb-md-4\" target=\"_blank\" role=\"button\" rel=\"noopener\">View the Webinar Video<\/a><a href=\"https:\/\/collegesinstitutes.sharepoint.com\/:b:\/g\/extcollab\/EVaPS3s2uHlFkh_kMfSEWz8BlmDq2jh6GwBXsFmcI_lcFA?e=BDIF0e\" class=\"btn btn-download\" target=\"_blank\" role=\"button\" rel=\"noopener\">T\u00e9l\u00e9charger les conclusions<\/a><\/div>\n\n\n<\/div>\n\n\n<\/div>\n\n--><\/p>\n<div class=\"boxit p-4 mt-4\"><!--  Rapport final du projet  --><\/p>\n<div class=\"row align-items-center\">\n<div class=\"col-md-2 text-md-center\"><img loading=\"lazy\" decoding=\"async\" src=\"https:\/\/www.collegesinstitutes.ca\/wp-content\/uploads\/2023\/01\/cican-icon-PA-06-final-report.png\" alt=\"decorative icon\" width=\"100\" height=\"100\" class=\"alignnone wp-image-67542\" \/><\/div>\n<div class=\"col-md-10\">\n<h3>Rapport final du projet<\/h3>\n<p>Le rapport final r\u00e9sume les principaux r\u00e9sultats et conclusions des trois phases du projet\u202fpour le segment 1 du projet de septembre 2019 \u00e0 mars 2022: 1) \u00c9tat des lieux; 2) Conception du projet et d\u00e9veloppement des outils; 3) Mise en \u0153uvre du projet et \u00e9valuation des r\u00e9sultats. Les renseignements sur la mise en place de ces programmes peuvent servir de mod\u00e8le \u00e0 d\u2019autres coll\u00e8ges qui cherchent \u00e0 rendre leurs programmes de pr\u00e9apprentissage plus accessibles pour les personnes issues des groupes en qu\u00eate d\u2019\u00e9quit\u00e9. Le rapport d\u00e9crit les pratiques prometteuses, les le\u00e7ons tir\u00e9es et les recommandations relatives \u00e0 la possibilit\u00e9 d\u2019adapter ou de reproduire les projets.<\/p>\n<p><a href=\"https:\/\/collegesinstitutes.sharepoint.com\/:b:\/g\/extcollab\/EUjfIZRclh1HuUxiZUzpdDkBTDRGBeDedSlQV-qOibbT0g?e=OVc4gI\" class=\"btn btn-download\" target=\"_blank\" role=\"button\" rel=\"noopener\">T\u00e9l\u00e9charger le rapport<\/a>\n<\/div>\n<\/div>\n<\/div>\n<p><!--\n\n<div class=\"boxit p-4 mt-4 mb-5\">  Pr\u00e9sentation au Congr\u00e8s de CICan  \n\n\n<div class=\"row align-items-center\">\n\n\n<div class=\"col-md-2 text-md-center\"><img loading=\"lazy\" decoding=\"async\" src=\"https:\/\/www.collegesinstitutes.ca\/wp-content\/uploads\/2023\/01\/cican-icon-PA-07-presentation.png\" alt=\"decorative icon\" width=\"100\" height=\"100\" class=\"alignnone wp-image-67542\" \/><\/div>\n\n\n\n\n<div class=\"col-md-10\">\n\n\n<h3>Pr\u00e9sentation au Congr\u00e8s de CICan (Josh Lamont, NBCC)<\/h3>\n\n\n\n\n<p>Cet atelier pr\u00e9sente les r\u00e9sultats des projets Parcours inclusifs en pr\u00e9apprentissage, la Boussole des comp\u00e9tences et ImpAct. Il offre diverses perspectives sur l\u2019\u00e9laboration et la prestation de programmes qui contribuent \u00e0 r\u00e9duire les obstacles \u00e0 l\u2019\u00e9ducation et \u00e0 la formation des groupes vuln\u00e9rables au Canada. Les pan\u00e9listes du New Brunswick Community College, du C\u00e9gep du Vieux Montr\u00e9al et du Douglas College discutent de pratiques prometteuses, de le\u00e7ons tir\u00e9es et d\u2019outils pratiques pour guider les \u00e9tablissements membres de CICan.<\/p>\n\n\n<a href=\"#\" class=\"btn btn-download\" target=\"_blank\" role=\"button\" rel=\"noopener\">T\u00e9l\u00e9charger la pr\u00e9sentation<\/a>\n<\/div>\n\n\n<\/div>\n\n\n<\/div>\n\n--><\/p>\n","protected":false},"excerpt":{"rendered":"<p>Comme le march\u00e9 du travail est en transformation continuelle, il est plus important que jamais d\u2019aider les Canadiens et Canadiennes \u00e0 d\u00e9velopper leurs comp\u00e9tences. Voil\u00e0 pourquoi CICan s\u2019est associ\u00e9e au&#8230;<\/p>\n","protected":false},"author":1,"featured_media":17331,"parent":16627,"menu_order":0,"comment_status":"closed","ping_status":"closed","template":"","meta":{"_acf_changed":false,"footnotes":""},"categories":[951],"tags":[],"class_list":["post-22391","page","type-page","status-publish","has-post-thumbnail","hentry","category-cultiver-les-talents-du-21e-siecle"],"acf":[],"yoast_head":"<!-- This site is optimized with the Yoast SEO plugin v27.5 - https:\/\/yoast.com\/product\/yoast-seo-wordpress\/ -->\n<title>R\u00e9sultats du programme et documents - Colleges and Institutes Canada<\/title>\n<meta name=\"robots\" content=\"index, follow, max-snippet:-1, max-image-preview:large, max-video-preview:-1\" \/>\n<link rel=\"canonical\" href=\"https:\/\/www.collegesinstitutes.ca\/fr\/notre-role\/nos-programmes\/resultats-du-programme-et-documents\/\" \/>\n<meta property=\"og:locale\" content=\"fr_FR\" \/>\n<meta property=\"og:type\" content=\"article\" \/>\n<meta property=\"og:title\" content=\"R\u00e9sultats du programme et documents - Colleges and Institutes Canada\" \/>\n<meta property=\"og:description\" content=\"Comme le march\u00e9 du travail est en transformation continuelle, il est plus important que jamais d\u2019aider les Canadiens et Canadiennes \u00e0 d\u00e9velopper leurs comp\u00e9tences. Voil\u00e0 pourquoi CICan s\u2019est associ\u00e9e au...\" \/>\n<meta property=\"og:url\" content=\"https:\/\/www.collegesinstitutes.ca\/fr\/notre-role\/nos-programmes\/resultats-du-programme-et-documents\/\" \/>\n<meta property=\"og:site_name\" content=\"Colleges and Institutes Canada\" \/>\n<meta property=\"article:modified_time\" content=\"2023-02-06T22:05:08+00:00\" \/>\n<meta property=\"og:image\" content=\"https:\/\/www.collegesinstitutes.ca\/wp-content\/uploads\/2023\/01\/header-img-prog-Unlocking-pre-Appr-Pathways.jpg\" \/>\n\t<meta property=\"og:image:width\" content=\"1201\" \/>\n\t<meta property=\"og:image:height\" content=\"629\" \/>\n\t<meta property=\"og:image:type\" content=\"image\/jpeg\" \/>\n<meta name=\"twitter:card\" content=\"summary_large_image\" \/>\n<meta name=\"twitter:label1\" content=\"Est. reading time\" \/>\n\t<meta name=\"twitter:data1\" content=\"4 minutes\" \/>\n<script type=\"application\/ld+json\" class=\"yoast-schema-graph\">{\"@context\":\"https:\\\/\\\/schema.org\",\"@graph\":[{\"@type\":\"WebPage\",\"@id\":\"https:\\\/\\\/www.collegesinstitutes.ca\\\/fr\\\/notre-role\\\/nos-programmes\\\/resultats-du-programme-et-documents\\\/\",\"url\":\"https:\\\/\\\/www.collegesinstitutes.ca\\\/fr\\\/notre-role\\\/nos-programmes\\\/resultats-du-programme-et-documents\\\/\",\"name\":\"R\u00e9sultats du programme et documents - Colleges and Institutes Canada\",\"isPartOf\":{\"@id\":\"https:\\\/\\\/www.collegesinstitutes.ca\\\/fr\\\/#website\"},\"primaryImageOfPage\":{\"@id\":\"https:\\\/\\\/www.collegesinstitutes.ca\\\/fr\\\/notre-role\\\/nos-programmes\\\/resultats-du-programme-et-documents\\\/#primaryimage\"},\"image\":{\"@id\":\"https:\\\/\\\/www.collegesinstitutes.ca\\\/fr\\\/notre-role\\\/nos-programmes\\\/resultats-du-programme-et-documents\\\/#primaryimage\"},\"thumbnailUrl\":\"https:\\\/\\\/www.collegesinstitutes.ca\\\/wp-content\\\/uploads\\\/2023\\\/01\\\/header-img-prog-Unlocking-pre-Appr-Pathways.jpg\",\"datePublished\":\"2023-01-18T15:15:28+00:00\",\"dateModified\":\"2023-02-06T22:05:08+00:00\",\"breadcrumb\":{\"@id\":\"https:\\\/\\\/www.collegesinstitutes.ca\\\/fr\\\/notre-role\\\/nos-programmes\\\/resultats-du-programme-et-documents\\\/#breadcrumb\"},\"inLanguage\":\"fr-FR\",\"potentialAction\":[{\"@type\":\"ReadAction\",\"target\":[\"https:\\\/\\\/www.collegesinstitutes.ca\\\/fr\\\/notre-role\\\/nos-programmes\\\/resultats-du-programme-et-documents\\\/\"]}]},{\"@type\":\"ImageObject\",\"inLanguage\":\"fr-FR\",\"@id\":\"https:\\\/\\\/www.collegesinstitutes.ca\\\/fr\\\/notre-role\\\/nos-programmes\\\/resultats-du-programme-et-documents\\\/#primaryimage\",\"url\":\"https:\\\/\\\/www.collegesinstitutes.ca\\\/wp-content\\\/uploads\\\/2023\\\/01\\\/header-img-prog-Unlocking-pre-Appr-Pathways.jpg\",\"contentUrl\":\"https:\\\/\\\/www.collegesinstitutes.ca\\\/wp-content\\\/uploads\\\/2023\\\/01\\\/header-img-prog-Unlocking-pre-Appr-Pathways.jpg\",\"width\":1201,\"height\":629},{\"@type\":\"BreadcrumbList\",\"@id\":\"https:\\\/\\\/www.collegesinstitutes.ca\\\/fr\\\/notre-role\\\/nos-programmes\\\/resultats-du-programme-et-documents\\\/#breadcrumb\",\"itemListElement\":[{\"@type\":\"ListItem\",\"position\":1,\"name\":\"Home\",\"item\":\"https:\\\/\\\/www.collegesinstitutes.ca\\\/fr\\\/\"},{\"@type\":\"ListItem\",\"position\":2,\"name\":\"Notre r\u00f4le\",\"item\":\"https:\\\/\\\/www.collegesinstitutes.ca\\\/fr\\\/notre-role\\\/\"},{\"@type\":\"ListItem\",\"position\":3,\"name\":\"Nos programmes\",\"item\":\"https:\\\/\\\/www.collegesinstitutes.ca\\\/fr\\\/notre-role\\\/nos-programmes\\\/\"},{\"@type\":\"ListItem\",\"position\":4,\"name\":\"R\u00e9sultats du programme et documents\"}]},{\"@type\":\"WebSite\",\"@id\":\"https:\\\/\\\/www.collegesinstitutes.ca\\\/fr\\\/#website\",\"url\":\"https:\\\/\\\/www.collegesinstitutes.ca\\\/fr\\\/\",\"name\":\"Colleges and Institutes Canada\",\"description\":\"The Voice of Canada&#039;s Colleges &amp; Institutes\",\"publisher\":{\"@id\":\"https:\\\/\\\/www.collegesinstitutes.ca\\\/fr\\\/#organization\"},\"potentialAction\":[{\"@type\":\"SearchAction\",\"target\":{\"@type\":\"EntryPoint\",\"urlTemplate\":\"https:\\\/\\\/www.collegesinstitutes.ca\\\/fr\\\/?s={search_term_string}\"},\"query-input\":{\"@type\":\"PropertyValueSpecification\",\"valueRequired\":true,\"valueName\":\"search_term_string\"}}],\"inLanguage\":\"fr-FR\"},{\"@type\":\"Organization\",\"@id\":\"https:\\\/\\\/www.collegesinstitutes.ca\\\/fr\\\/#organization\",\"name\":\"Colleges and Institutes Canada\",\"url\":\"https:\\\/\\\/www.collegesinstitutes.ca\\\/fr\\\/\",\"logo\":{\"@type\":\"ImageObject\",\"inLanguage\":\"fr-FR\",\"@id\":\"https:\\\/\\\/www.collegesinstitutes.ca\\\/fr\\\/#\\\/schema\\\/logo\\\/image\\\/\",\"url\":\"https:\\\/\\\/www.collegesinstitutes.ca\\\/wp-content\\\/uploads\\\/2025\\\/06\\\/logo-en.png\",\"contentUrl\":\"https:\\\/\\\/www.collegesinstitutes.ca\\\/wp-content\\\/uploads\\\/2025\\\/06\\\/logo-en.png\",\"width\":794,\"height\":280,\"caption\":\"Colleges and Institutes Canada\"},\"image\":{\"@id\":\"https:\\\/\\\/www.collegesinstitutes.ca\\\/fr\\\/#\\\/schema\\\/logo\\\/image\\\/\"}}]}<\/script>\n<!-- \/ Yoast SEO plugin. -->","yoast_head_json":{"title":"R\u00e9sultats du programme et documents - Colleges and Institutes Canada","robots":{"index":"index","follow":"follow","max-snippet":"max-snippet:-1","max-image-preview":"max-image-preview:large","max-video-preview":"max-video-preview:-1"},"canonical":"https:\/\/www.collegesinstitutes.ca\/fr\/notre-role\/nos-programmes\/resultats-du-programme-et-documents\/","og_locale":"fr_FR","og_type":"article","og_title":"R\u00e9sultats du programme et documents - Colleges and Institutes Canada","og_description":"Comme le march\u00e9 du travail est en transformation continuelle, il est plus important que jamais d\u2019aider les Canadiens et Canadiennes \u00e0 d\u00e9velopper leurs comp\u00e9tences. Voil\u00e0 pourquoi CICan s\u2019est associ\u00e9e au...","og_url":"https:\/\/www.collegesinstitutes.ca\/fr\/notre-role\/nos-programmes\/resultats-du-programme-et-documents\/","og_site_name":"Colleges and Institutes Canada","article_modified_time":"2023-02-06T22:05:08+00:00","og_image":[{"width":1201,"height":629,"url":"https:\/\/www.collegesinstitutes.ca\/wp-content\/uploads\/2023\/01\/header-img-prog-Unlocking-pre-Appr-Pathways.jpg","type":"image\/jpeg"}],"twitter_card":"summary_large_image","twitter_misc":{"Est. reading time":"4 minutes"},"schema":{"@context":"https:\/\/schema.org","@graph":[{"@type":"WebPage","@id":"https:\/\/www.collegesinstitutes.ca\/fr\/notre-role\/nos-programmes\/resultats-du-programme-et-documents\/","url":"https:\/\/www.collegesinstitutes.ca\/fr\/notre-role\/nos-programmes\/resultats-du-programme-et-documents\/","name":"R\u00e9sultats du programme et documents - Colleges and Institutes Canada","isPartOf":{"@id":"https:\/\/www.collegesinstitutes.ca\/fr\/#website"},"primaryImageOfPage":{"@id":"https:\/\/www.collegesinstitutes.ca\/fr\/notre-role\/nos-programmes\/resultats-du-programme-et-documents\/#primaryimage"},"image":{"@id":"https:\/\/www.collegesinstitutes.ca\/fr\/notre-role\/nos-programmes\/resultats-du-programme-et-documents\/#primaryimage"},"thumbnailUrl":"https:\/\/www.collegesinstitutes.ca\/wp-content\/uploads\/2023\/01\/header-img-prog-Unlocking-pre-Appr-Pathways.jpg","datePublished":"2023-01-18T15:15:28+00:00","dateModified":"2023-02-06T22:05:08+00:00","breadcrumb":{"@id":"https:\/\/www.collegesinstitutes.ca\/fr\/notre-role\/nos-programmes\/resultats-du-programme-et-documents\/#breadcrumb"},"inLanguage":"fr-FR","potentialAction":[{"@type":"ReadAction","target":["https:\/\/www.collegesinstitutes.ca\/fr\/notre-role\/nos-programmes\/resultats-du-programme-et-documents\/"]}]},{"@type":"ImageObject","inLanguage":"fr-FR","@id":"https:\/\/www.collegesinstitutes.ca\/fr\/notre-role\/nos-programmes\/resultats-du-programme-et-documents\/#primaryimage","url":"https:\/\/www.collegesinstitutes.ca\/wp-content\/uploads\/2023\/01\/header-img-prog-Unlocking-pre-Appr-Pathways.jpg","contentUrl":"https:\/\/www.collegesinstitutes.ca\/wp-content\/uploads\/2023\/01\/header-img-prog-Unlocking-pre-Appr-Pathways.jpg","width":1201,"height":629},{"@type":"BreadcrumbList","@id":"https:\/\/www.collegesinstitutes.ca\/fr\/notre-role\/nos-programmes\/resultats-du-programme-et-documents\/#breadcrumb","itemListElement":[{"@type":"ListItem","position":1,"name":"Home","item":"https:\/\/www.collegesinstitutes.ca\/fr\/"},{"@type":"ListItem","position":2,"name":"Notre r\u00f4le","item":"https:\/\/www.collegesinstitutes.ca\/fr\/notre-role\/"},{"@type":"ListItem","position":3,"name":"Nos programmes","item":"https:\/\/www.collegesinstitutes.ca\/fr\/notre-role\/nos-programmes\/"},{"@type":"ListItem","position":4,"name":"R\u00e9sultats du programme et documents"}]},{"@type":"WebSite","@id":"https:\/\/www.collegesinstitutes.ca\/fr\/#website","url":"https:\/\/www.collegesinstitutes.ca\/fr\/","name":"Colleges and Institutes Canada","description":"The Voice of Canada&#039;s Colleges &amp; Institutes","publisher":{"@id":"https:\/\/www.collegesinstitutes.ca\/fr\/#organization"},"potentialAction":[{"@type":"SearchAction","target":{"@type":"EntryPoint","urlTemplate":"https:\/\/www.collegesinstitutes.ca\/fr\/?s={search_term_string}"},"query-input":{"@type":"PropertyValueSpecification","valueRequired":true,"valueName":"search_term_string"}}],"inLanguage":"fr-FR"},{"@type":"Organization","@id":"https:\/\/www.collegesinstitutes.ca\/fr\/#organization","name":"Colleges and Institutes Canada","url":"https:\/\/www.collegesinstitutes.ca\/fr\/","logo":{"@type":"ImageObject","inLanguage":"fr-FR","@id":"https:\/\/www.collegesinstitutes.ca\/fr\/#\/schema\/logo\/image\/","url":"https:\/\/www.collegesinstitutes.ca\/wp-content\/uploads\/2025\/06\/logo-en.png","contentUrl":"https:\/\/www.collegesinstitutes.ca\/wp-content\/uploads\/2025\/06\/logo-en.png","width":794,"height":280,"caption":"Colleges and Institutes Canada"},"image":{"@id":"https:\/\/www.collegesinstitutes.ca\/fr\/#\/schema\/logo\/image\/"}}]}},"_links":{"self":[{"href":"https:\/\/www.collegesinstitutes.ca\/fr\/wp-json\/wp\/v2\/pages\/22391","targetHints":{"allow":["GET"]}}],"collection":[{"href":"https:\/\/www.collegesinstitutes.ca\/fr\/wp-json\/wp\/v2\/pages"}],"about":[{"href":"https:\/\/www.collegesinstitutes.ca\/fr\/wp-json\/wp\/v2\/types\/page"}],"author":[{"embeddable":true,"href":"https:\/\/www.collegesinstitutes.ca\/fr\/wp-json\/wp\/v2\/users\/1"}],"replies":[{"embeddable":true,"href":"https:\/\/www.collegesinstitutes.ca\/fr\/wp-json\/wp\/v2\/comments?post=22391"}],"version-history":[{"count":0,"href":"https:\/\/www.collegesinstitutes.ca\/fr\/wp-json\/wp\/v2\/pages\/22391\/revisions"}],"up":[{"embeddable":true,"href":"https:\/\/www.collegesinstitutes.ca\/fr\/wp-json\/wp\/v2\/pages\/16627"}],"wp:featuredmedia":[{"embeddable":true,"href":"https:\/\/www.collegesinstitutes.ca\/fr\/wp-json\/wp\/v2\/media\/17331"}],"wp:attachment":[{"href":"https:\/\/www.collegesinstitutes.ca\/fr\/wp-json\/wp\/v2\/media?parent=22391"}],"wp:term":[{"taxonomy":"category","embeddable":true,"href":"https:\/\/www.collegesinstitutes.ca\/fr\/wp-json\/wp\/v2\/categories?post=22391"},{"taxonomy":"post_tag","embeddable":true,"href":"https:\/\/www.collegesinstitutes.ca\/fr\/wp-json\/wp\/v2\/tags?post=22391"}],"curies":[{"name":"wp","href":"https:\/\/api.w.org\/{rel}","templated":true}]}}