{"id":22381,"date":"2022-10-11T17:09:34","date_gmt":"2022-10-11T17:09:34","guid":{"rendered":"https:\/\/www.collegesinstitutes.ca\/?page_id=22381"},"modified":"2023-01-28T23:04:14","modified_gmt":"2023-01-28T23:04:14","slug":"a-propos-de-paul-charette","status":"publish","type":"page","link":"https:\/\/www.collegesinstitutes.ca\/fr\/notre-role\/programme-bourses-cican\/bourses-paul-gerri-charette-cican\/a-propos-de-paul-charette\/","title":{"rendered":"\u00c0 propos de Paul Charette"},"content":{"rendered":"<p class=\"lead\">Paul Charette est pr\u00e9sident du conseil d\u2019administration de l\u2019entreprise Bird Construction Inc. et poss\u00e8de 50 ann\u00e9es d\u2019exp\u00e9rience dans le secteur de la construction et du g\u00e9nie.<\/p>\n<p>Il a obtenu son dipl\u00f4me en technologie civile en juin 1967 au Red River College \u00e0 Winnipeg au Manitoba. Apr\u00e8s avoir obtenu son dipl\u00f4me, il est entr\u00e9 au service de la firme Crippen Acres Engineering, comme ing\u00e9nieur technologue, o\u00f9 il a travaill\u00e9 \u00e0 des projets de barrage de Manitoba Hydro sur la rivi\u00e8re Nelson et des projets d\u2019agrandissement de l\u2019aci\u00e9rie Manitoba Rolling Mills. En 1976, il a commenc\u00e9 \u00e0 travailler pour la Bird Construction Company Limited comme coordonnateur de projet. Il en deviendra pr\u00e9sident et chef des op\u00e9rations en 1988, puis pr\u00e9sident-directeur g\u00e9n\u00e9ral en 1991 et pr\u00e9sident du conseil d\u2019administration en 2001. Sous sa direction, l\u2019entreprise a connu vingt ann\u00e9es de croissance notable, les revenus passant de 90 millions de dollars en 1988 \u00e0 plus d\u2019un milliard de dollars en 2008. C\u2019est aussi sous sa responsabilit\u00e9 que s\u2019est fait le transfert de propri\u00e9t\u00e9 de l\u2019entreprise, celle-ci passant de la famille Bird \u00e0 l\u2019\u00e9quipe de direction. Ce changement a eu un effet catalyseur sur sa croissance et sa reconnaissance comme l\u2019une des dix plus grandes entreprises de travaux de construction du pays. En septembre 2008, M.\u202fCharrette s\u2019est retir\u00e9 de son poste de pr\u00e9sident-directeur g\u00e9n\u00e9ral de Bird Construction Company Limited, pour se consacrer uniquement \u00e0 ses t\u00e2ches d\u2019administrateur et de pr\u00e9sident du conseil d\u2019administration.<\/p>\n<p>En plus de son exp\u00e9rience de travail sur le terrain, Monsieur Charette s\u2019est acquis une exp\u00e9rience consid\u00e9rable concernant les aspects juridiques, financiers et contractuels du secteur de la construction en s\u2019impliquant au sein de plusieurs associations sectorielles. Il a \u00e9t\u00e9 pr\u00e9sident de l\u2019Ontario General Contractors\u2019 Association (OGCA), pr\u00e9sident du comit\u00e9 consultatif de la Toronto Construction Association et pr\u00e9sident de l\u2019Association canadienne de la construction (ACC). En 2010, il s\u2019est retir\u00e9 du conseil d\u2019administration de celle-ci, dont il est devenu membre honoraire \u00e0 vie. Soulignons que Monsieur Charette est aussi ancien administrateur du Conseil sectoriel de la construction, ainsi que de Coll\u00e8ges et instituts Canada (CICan), de m\u00eame qu\u2019ancien pr\u00e9sident de la Coalition d\u2019employeurs pour les comp\u00e9tences avanc\u00e9es, une coalition pancanadienne qui vise \u00e0 recueillir une aide soutenue et croissante du gouvernement f\u00e9d\u00e9ral de sorte \u00e0 augmenter la capacit\u00e9 des coll\u00e8ges et des instituts de l\u2019ensemble du pays. Il est aussi ancien administrateur de la Junior Achievement of Canada Foundation et du Bridgepoint Hospital.<\/p>\n<p>Au cours des vingt derni\u00e8res ann\u00e9es, la carri\u00e8re de Paul Charette a \u00e9t\u00e9 ponctu\u00e9e par la remise de nombreux prix et d\u00e9corations. C\u2019est ainsi qu\u2019en 2002, le Red River College lui a d\u00e9cern\u00e9 le titre d\u2019ancien \u00e9tudiant \u00e9m\u00e9rite et qu\u2019en 2004, la firme Ernst &#038; Young LPP l\u2019a nomm\u00e9 entrepreneur de l\u2019ann\u00e9e de la province de l\u2019Ontario dans le secteur immobilier et de la construction. En 2012, le George Brown College lui a remis un baccalaur\u00e9at honorifique en technologie appliqu\u00e9e (science et gestion de la construction) et, la m\u00eame ann\u00e9e, il a re\u00e7u la m\u00e9daille du jubil\u00e9 de diamant de la reine Elizabeth\u202fII. En 2016, le Niagara College lui remettait un dipl\u00f4me honorifique en \u00e9tudes technologiques et, en 2017, CICan lui d\u00e9cernait son prix du partenaire exceptionnel, tandis que le Bow Valley College lui remettait un dipl\u00f4me honorifique en administration des affaires et le Red River College, un baccalaur\u00e9at honorifique en technologie, gestion de la construction.<\/p>\n<p>Le secteur de la construction dans lequel il a \u0153uvr\u00e9 toute sa carri\u00e8re n\u2019a pas manqu\u00e9 de lui manifester sa reconnaissance, l\u2019honorant de nombreux prix. C\u2019est ainsi qu\u2019en 2001, il a re\u00e7u le prix de reconnaissance du pr\u00e9sident de l\u2019OGCA; en 2006, le prix d\u2019excellence des entrepreneurs g\u00e9n\u00e9raux de l\u2019ACC et, en 2013, la Toronto Construction Association lui a d\u00e9cern\u00e9 le prix Donald P. Giffin pour ses r\u00e9alisations dans le secteur de la construction. Enfin, il a \u00e9t\u00e9 nomm\u00e9 en 2010 \u00ab\u2009personnalit\u00e9 de l\u2019ann\u00e9e de l\u2019ACC\u2009\u00bb.<\/p>\n","protected":false},"excerpt":{"rendered":"<p>Paul Charette est pr\u00e9sident du conseil d\u2019administration de l\u2019entreprise Bird Construction Inc. et poss\u00e8de 50 ann\u00e9es d\u2019exp\u00e9rience dans le secteur de la construction et du g\u00e9nie. Il a obtenu son&#8230;<\/p>\n","protected":false},"author":1,"featured_media":9433,"parent":10692,"menu_order":0,"comment_status":"closed","ping_status":"closed","template":"","meta":{"_acf_changed":false,"footnotes":""},"categories":[],"tags":[],"class_list":["post-22381","page","type-page","status-publish","has-post-thumbnail","hentry"],"acf":[],"yoast_head":"<!-- This site is optimized with the Yoast SEO plugin v27.5 - https:\/\/yoast.com\/product\/yoast-seo-wordpress\/ -->\n<title>\u00c0 propos de Paul Charette - Colleges and Institutes Canada<\/title>\n<meta name=\"robots\" content=\"index, follow, max-snippet:-1, max-image-preview:large, max-video-preview:-1\" \/>\n<link rel=\"canonical\" href=\"https:\/\/www.collegesinstitutes.ca\/fr\/notre-role\/programme-bourses-cican\/bourses-paul-gerri-charette-cican\/a-propos-de-paul-charette\/\" \/>\n<meta property=\"og:locale\" content=\"fr_FR\" \/>\n<meta property=\"og:type\" content=\"article\" \/>\n<meta property=\"og:title\" content=\"\u00c0 propos de Paul Charette - Colleges and Institutes Canada\" \/>\n<meta property=\"og:description\" content=\"Paul Charette est pr\u00e9sident du conseil d\u2019administration de l\u2019entreprise Bird Construction Inc. et poss\u00e8de 50 ann\u00e9es d\u2019exp\u00e9rience dans le secteur de la construction et du g\u00e9nie. Il a obtenu son...\" \/>\n<meta property=\"og:url\" content=\"https:\/\/www.collegesinstitutes.ca\/fr\/notre-role\/programme-bourses-cican\/bourses-paul-gerri-charette-cican\/a-propos-de-paul-charette\/\" \/>\n<meta property=\"og:site_name\" content=\"Colleges and Institutes Canada\" \/>\n<meta property=\"article:modified_time\" content=\"2023-01-28T23:04:14+00:00\" \/>\n<meta property=\"og:image\" content=\"https:\/\/www.collegesinstitutes.ca\/wp-content\/uploads\/2022\/10\/header-img-bursaries.jpg\" \/>\n\t<meta property=\"og:image:width\" content=\"1200\" \/>\n\t<meta property=\"og:image:height\" content=\"628\" \/>\n\t<meta property=\"og:image:type\" content=\"image\/jpeg\" \/>\n<meta name=\"twitter:card\" content=\"summary_large_image\" \/>\n<meta name=\"twitter:label1\" content=\"Est. reading time\" \/>\n\t<meta name=\"twitter:data1\" content=\"4 minutes\" \/>\n<script type=\"application\/ld+json\" class=\"yoast-schema-graph\">{\"@context\":\"https:\\\/\\\/schema.org\",\"@graph\":[{\"@type\":\"WebPage\",\"@id\":\"https:\\\/\\\/www.collegesinstitutes.ca\\\/fr\\\/notre-role\\\/programme-bourses-cican\\\/bourses-paul-gerri-charette-cican\\\/a-propos-de-paul-charette\\\/\",\"url\":\"https:\\\/\\\/www.collegesinstitutes.ca\\\/fr\\\/notre-role\\\/programme-bourses-cican\\\/bourses-paul-gerri-charette-cican\\\/a-propos-de-paul-charette\\\/\",\"name\":\"\u00c0 propos de Paul Charette - Colleges and Institutes Canada\",\"isPartOf\":{\"@id\":\"https:\\\/\\\/www.collegesinstitutes.ca\\\/fr\\\/#website\"},\"primaryImageOfPage\":{\"@id\":\"https:\\\/\\\/www.collegesinstitutes.ca\\\/fr\\\/notre-role\\\/programme-bourses-cican\\\/bourses-paul-gerri-charette-cican\\\/a-propos-de-paul-charette\\\/#primaryimage\"},\"image\":{\"@id\":\"https:\\\/\\\/www.collegesinstitutes.ca\\\/fr\\\/notre-role\\\/programme-bourses-cican\\\/bourses-paul-gerri-charette-cican\\\/a-propos-de-paul-charette\\\/#primaryimage\"},\"thumbnailUrl\":\"https:\\\/\\\/www.collegesinstitutes.ca\\\/wp-content\\\/uploads\\\/2022\\\/10\\\/header-img-bursaries.jpg\",\"datePublished\":\"2022-10-11T17:09:34+00:00\",\"dateModified\":\"2023-01-28T23:04:14+00:00\",\"breadcrumb\":{\"@id\":\"https:\\\/\\\/www.collegesinstitutes.ca\\\/fr\\\/notre-role\\\/programme-bourses-cican\\\/bourses-paul-gerri-charette-cican\\\/a-propos-de-paul-charette\\\/#breadcrumb\"},\"inLanguage\":\"fr-FR\",\"potentialAction\":[{\"@type\":\"ReadAction\",\"target\":[\"https:\\\/\\\/www.collegesinstitutes.ca\\\/fr\\\/notre-role\\\/programme-bourses-cican\\\/bourses-paul-gerri-charette-cican\\\/a-propos-de-paul-charette\\\/\"]}]},{\"@type\":\"ImageObject\",\"inLanguage\":\"fr-FR\",\"@id\":\"https:\\\/\\\/www.collegesinstitutes.ca\\\/fr\\\/notre-role\\\/programme-bourses-cican\\\/bourses-paul-gerri-charette-cican\\\/a-propos-de-paul-charette\\\/#primaryimage\",\"url\":\"https:\\\/\\\/www.collegesinstitutes.ca\\\/wp-content\\\/uploads\\\/2022\\\/10\\\/header-img-bursaries.jpg\",\"contentUrl\":\"https:\\\/\\\/www.collegesinstitutes.ca\\\/wp-content\\\/uploads\\\/2022\\\/10\\\/header-img-bursaries.jpg\",\"width\":1200,\"height\":628},{\"@type\":\"BreadcrumbList\",\"@id\":\"https:\\\/\\\/www.collegesinstitutes.ca\\\/fr\\\/notre-role\\\/programme-bourses-cican\\\/bourses-paul-gerri-charette-cican\\\/a-propos-de-paul-charette\\\/#breadcrumb\",\"itemListElement\":[{\"@type\":\"ListItem\",\"position\":1,\"name\":\"Home\",\"item\":\"https:\\\/\\\/www.collegesinstitutes.ca\\\/fr\\\/\"},{\"@type\":\"ListItem\",\"position\":2,\"name\":\"Notre r\u00f4le\",\"item\":\"https:\\\/\\\/www.collegesinstitutes.ca\\\/fr\\\/notre-role\\\/\"},{\"@type\":\"ListItem\",\"position\":3,\"name\":\"Programme de bourses de CICan\",\"item\":\"https:\\\/\\\/www.collegesinstitutes.ca\\\/fr\\\/notre-role\\\/programme-bourses-cican\\\/\"},{\"@type\":\"ListItem\",\"position\":4,\"name\":\"Programme de bourses Paul et Gerri Charette\",\"item\":\"https:\\\/\\\/www.collegesinstitutes.ca\\\/fr\\\/notre-role\\\/programme-bourses-cican\\\/bourses-paul-gerri-charette-cican\\\/\"},{\"@type\":\"ListItem\",\"position\":5,\"name\":\"\u00c0 propos de Paul Charette\"}]},{\"@type\":\"WebSite\",\"@id\":\"https:\\\/\\\/www.collegesinstitutes.ca\\\/fr\\\/#website\",\"url\":\"https:\\\/\\\/www.collegesinstitutes.ca\\\/fr\\\/\",\"name\":\"Colleges and Institutes Canada\",\"description\":\"The Voice of Canada&#039;s Colleges &amp; Institutes\",\"publisher\":{\"@id\":\"https:\\\/\\\/www.collegesinstitutes.ca\\\/fr\\\/#organization\"},\"potentialAction\":[{\"@type\":\"SearchAction\",\"target\":{\"@type\":\"EntryPoint\",\"urlTemplate\":\"https:\\\/\\\/www.collegesinstitutes.ca\\\/fr\\\/?s={search_term_string}\"},\"query-input\":{\"@type\":\"PropertyValueSpecification\",\"valueRequired\":true,\"valueName\":\"search_term_string\"}}],\"inLanguage\":\"fr-FR\"},{\"@type\":\"Organization\",\"@id\":\"https:\\\/\\\/www.collegesinstitutes.ca\\\/fr\\\/#organization\",\"name\":\"Colleges and Institutes Canada\",\"url\":\"https:\\\/\\\/www.collegesinstitutes.ca\\\/fr\\\/\",\"logo\":{\"@type\":\"ImageObject\",\"inLanguage\":\"fr-FR\",\"@id\":\"https:\\\/\\\/www.collegesinstitutes.ca\\\/fr\\\/#\\\/schema\\\/logo\\\/image\\\/\",\"url\":\"https:\\\/\\\/www.collegesinstitutes.ca\\\/wp-content\\\/uploads\\\/2025\\\/06\\\/logo-en.png\",\"contentUrl\":\"https:\\\/\\\/www.collegesinstitutes.ca\\\/wp-content\\\/uploads\\\/2025\\\/06\\\/logo-en.png\",\"width\":794,\"height\":280,\"caption\":\"Colleges and Institutes Canada\"},\"image\":{\"@id\":\"https:\\\/\\\/www.collegesinstitutes.ca\\\/fr\\\/#\\\/schema\\\/logo\\\/image\\\/\"}}]}<\/script>\n<!-- \/ Yoast SEO plugin. -->","yoast_head_json":{"title":"\u00c0 propos de Paul Charette - Colleges and Institutes Canada","robots":{"index":"index","follow":"follow","max-snippet":"max-snippet:-1","max-image-preview":"max-image-preview:large","max-video-preview":"max-video-preview:-1"},"canonical":"https:\/\/www.collegesinstitutes.ca\/fr\/notre-role\/programme-bourses-cican\/bourses-paul-gerri-charette-cican\/a-propos-de-paul-charette\/","og_locale":"fr_FR","og_type":"article","og_title":"\u00c0 propos de Paul Charette - Colleges and Institutes Canada","og_description":"Paul Charette est pr\u00e9sident du conseil d\u2019administration de l\u2019entreprise Bird Construction Inc. et poss\u00e8de 50 ann\u00e9es d\u2019exp\u00e9rience dans le secteur de la construction et du g\u00e9nie. Il a obtenu son...","og_url":"https:\/\/www.collegesinstitutes.ca\/fr\/notre-role\/programme-bourses-cican\/bourses-paul-gerri-charette-cican\/a-propos-de-paul-charette\/","og_site_name":"Colleges and Institutes Canada","article_modified_time":"2023-01-28T23:04:14+00:00","og_image":[{"width":1200,"height":628,"url":"https:\/\/www.collegesinstitutes.ca\/wp-content\/uploads\/2022\/10\/header-img-bursaries.jpg","type":"image\/jpeg"}],"twitter_card":"summary_large_image","twitter_misc":{"Est. reading time":"4 minutes"},"schema":{"@context":"https:\/\/schema.org","@graph":[{"@type":"WebPage","@id":"https:\/\/www.collegesinstitutes.ca\/fr\/notre-role\/programme-bourses-cican\/bourses-paul-gerri-charette-cican\/a-propos-de-paul-charette\/","url":"https:\/\/www.collegesinstitutes.ca\/fr\/notre-role\/programme-bourses-cican\/bourses-paul-gerri-charette-cican\/a-propos-de-paul-charette\/","name":"\u00c0 propos de Paul Charette - Colleges and Institutes Canada","isPartOf":{"@id":"https:\/\/www.collegesinstitutes.ca\/fr\/#website"},"primaryImageOfPage":{"@id":"https:\/\/www.collegesinstitutes.ca\/fr\/notre-role\/programme-bourses-cican\/bourses-paul-gerri-charette-cican\/a-propos-de-paul-charette\/#primaryimage"},"image":{"@id":"https:\/\/www.collegesinstitutes.ca\/fr\/notre-role\/programme-bourses-cican\/bourses-paul-gerri-charette-cican\/a-propos-de-paul-charette\/#primaryimage"},"thumbnailUrl":"https:\/\/www.collegesinstitutes.ca\/wp-content\/uploads\/2022\/10\/header-img-bursaries.jpg","datePublished":"2022-10-11T17:09:34+00:00","dateModified":"2023-01-28T23:04:14+00:00","breadcrumb":{"@id":"https:\/\/www.collegesinstitutes.ca\/fr\/notre-role\/programme-bourses-cican\/bourses-paul-gerri-charette-cican\/a-propos-de-paul-charette\/#breadcrumb"},"inLanguage":"fr-FR","potentialAction":[{"@type":"ReadAction","target":["https:\/\/www.collegesinstitutes.ca\/fr\/notre-role\/programme-bourses-cican\/bourses-paul-gerri-charette-cican\/a-propos-de-paul-charette\/"]}]},{"@type":"ImageObject","inLanguage":"fr-FR","@id":"https:\/\/www.collegesinstitutes.ca\/fr\/notre-role\/programme-bourses-cican\/bourses-paul-gerri-charette-cican\/a-propos-de-paul-charette\/#primaryimage","url":"https:\/\/www.collegesinstitutes.ca\/wp-content\/uploads\/2022\/10\/header-img-bursaries.jpg","contentUrl":"https:\/\/www.collegesinstitutes.ca\/wp-content\/uploads\/2022\/10\/header-img-bursaries.jpg","width":1200,"height":628},{"@type":"BreadcrumbList","@id":"https:\/\/www.collegesinstitutes.ca\/fr\/notre-role\/programme-bourses-cican\/bourses-paul-gerri-charette-cican\/a-propos-de-paul-charette\/#breadcrumb","itemListElement":[{"@type":"ListItem","position":1,"name":"Home","item":"https:\/\/www.collegesinstitutes.ca\/fr\/"},{"@type":"ListItem","position":2,"name":"Notre r\u00f4le","item":"https:\/\/www.collegesinstitutes.ca\/fr\/notre-role\/"},{"@type":"ListItem","position":3,"name":"Programme de bourses de CICan","item":"https:\/\/www.collegesinstitutes.ca\/fr\/notre-role\/programme-bourses-cican\/"},{"@type":"ListItem","position":4,"name":"Programme de bourses Paul et Gerri Charette","item":"https:\/\/www.collegesinstitutes.ca\/fr\/notre-role\/programme-bourses-cican\/bourses-paul-gerri-charette-cican\/"},{"@type":"ListItem","position":5,"name":"\u00c0 propos de Paul Charette"}]},{"@type":"WebSite","@id":"https:\/\/www.collegesinstitutes.ca\/fr\/#website","url":"https:\/\/www.collegesinstitutes.ca\/fr\/","name":"Colleges and Institutes Canada","description":"The Voice of Canada&#039;s Colleges &amp; Institutes","publisher":{"@id":"https:\/\/www.collegesinstitutes.ca\/fr\/#organization"},"potentialAction":[{"@type":"SearchAction","target":{"@type":"EntryPoint","urlTemplate":"https:\/\/www.collegesinstitutes.ca\/fr\/?s={search_term_string}"},"query-input":{"@type":"PropertyValueSpecification","valueRequired":true,"valueName":"search_term_string"}}],"inLanguage":"fr-FR"},{"@type":"Organization","@id":"https:\/\/www.collegesinstitutes.ca\/fr\/#organization","name":"Colleges and Institutes Canada","url":"https:\/\/www.collegesinstitutes.ca\/fr\/","logo":{"@type":"ImageObject","inLanguage":"fr-FR","@id":"https:\/\/www.collegesinstitutes.ca\/fr\/#\/schema\/logo\/image\/","url":"https:\/\/www.collegesinstitutes.ca\/wp-content\/uploads\/2025\/06\/logo-en.png","contentUrl":"https:\/\/www.collegesinstitutes.ca\/wp-content\/uploads\/2025\/06\/logo-en.png","width":794,"height":280,"caption":"Colleges and Institutes Canada"},"image":{"@id":"https:\/\/www.collegesinstitutes.ca\/fr\/#\/schema\/logo\/image\/"}}]}},"_links":{"self":[{"href":"https:\/\/www.collegesinstitutes.ca\/fr\/wp-json\/wp\/v2\/pages\/22381","targetHints":{"allow":["GET"]}}],"collection":[{"href":"https:\/\/www.collegesinstitutes.ca\/fr\/wp-json\/wp\/v2\/pages"}],"about":[{"href":"https:\/\/www.collegesinstitutes.ca\/fr\/wp-json\/wp\/v2\/types\/page"}],"author":[{"embeddable":true,"href":"https:\/\/www.collegesinstitutes.ca\/fr\/wp-json\/wp\/v2\/users\/1"}],"replies":[{"embeddable":true,"href":"https:\/\/www.collegesinstitutes.ca\/fr\/wp-json\/wp\/v2\/comments?post=22381"}],"version-history":[{"count":0,"href":"https:\/\/www.collegesinstitutes.ca\/fr\/wp-json\/wp\/v2\/pages\/22381\/revisions"}],"up":[{"embeddable":true,"href":"https:\/\/www.collegesinstitutes.ca\/fr\/wp-json\/wp\/v2\/pages\/10692"}],"wp:featuredmedia":[{"embeddable":true,"href":"https:\/\/www.collegesinstitutes.ca\/fr\/wp-json\/wp\/v2\/media\/9433"}],"wp:attachment":[{"href":"https:\/\/www.collegesinstitutes.ca\/fr\/wp-json\/wp\/v2\/media?parent=22381"}],"wp:term":[{"taxonomy":"category","embeddable":true,"href":"https:\/\/www.collegesinstitutes.ca\/fr\/wp-json\/wp\/v2\/categories?post=22381"},{"taxonomy":"post_tag","embeddable":true,"href":"https:\/\/www.collegesinstitutes.ca\/fr\/wp-json\/wp\/v2\/tags?post=22381"}],"curies":[{"name":"wp","href":"https:\/\/api.w.org\/{rel}","templated":true}]}}