{"id":22349,"date":"2022-03-09T14:53:26","date_gmt":"2022-03-09T14:53:26","guid":{"rendered":"https:\/\/www.collegesinstitutes.ca\/notre-role\/nos-priorites\/sustainable-development-goals\/"},"modified":"2024-03-21T16:45:43","modified_gmt":"2024-03-21T16:45:43","slug":"progresser-envers-les-objectifs-de-developpement-durable","status":"publish","type":"page","link":"https:\/\/www.collegesinstitutes.ca\/fr\/notre-role\/nos-priorites\/progresser-envers-les-objectifs-de-developpement-durable\/","title":{"rendered":"Faire progresser les Objectifs de d\u00e9veloppement durable"},"content":{"rendered":"<p class=\"lead\">Les <a href=\"https:\/\/www.un.org\/sustainabledevelopment\/fr\/objectifs-de-developpement-durable\/\" target=\"_blank\" rel=\"noopener noreferrer\">Objectifs de d\u00e9veloppement durable<\/a> (ODD) des Nations Unies ont guid\u00e9 et inspir\u00e9 CICan dans sa vision d\u2019un avenir meilleur pour les individus et les collectivit\u00e9s. Le r\u00f4le des coll\u00e8ges et instituts est essentiel pour que le Canada puisse progresser envers l\u2019atteinte de ces objectifs, et CICan montre la voie.<\/p>\n<p>Les ODD, qui offrent un cadre de collaboration \u00e0 nos membres et partenaires, font que nos actions contribuent \u00e0 un changement positif pour la plan\u00e8te et ses peuples. Nos programmes, qu\u2019ils soient de port\u00e9e <a href=\"https:\/\/www.collegesinstitutes.ca\/fr\/notre-role\/nos-programmes\/?_program_location=canadien\" target=\"_blank\" rel=\"noopener noreferrer\">nationale<\/a> ou <a href=\"https:\/\/www.collegesinstitutes.ca\/fr\/notre-role\/nos-programmes\/?_program_location=international\" target=\"_blank\" rel=\"noopener noreferrer\">internationale<\/a>, sont tous associ\u00e9s \u00e0 au moins un des 17 ODD.<\/p>\n<p><img fetchpriority=\"high\" decoding=\"async\" class=\"alignnone size-full wp-image-22776\" src=\"https:\/\/www.collegesinstitutes.ca\/wp-content\/uploads\/2023\/02\/F-SDG-Poster-2019_without-UN-emblem_WEB-e1602980800231.png\" alt=\"SDG Poster of all 17 UN SDG Goals\" width=\"2482\" height=\"1427\" srcset=\"https:\/\/www.collegesinstitutes.ca\/wp-content\/uploads\/2023\/02\/F-SDG-Poster-2019_without-UN-emblem_WEB-e1602980800231.png 2482w, https:\/\/www.collegesinstitutes.ca\/wp-content\/uploads\/2023\/02\/F-SDG-Poster-2019_without-UN-emblem_WEB-e1602980800231-300x172.png 300w, https:\/\/www.collegesinstitutes.ca\/wp-content\/uploads\/2023\/02\/F-SDG-Poster-2019_without-UN-emblem_WEB-e1602980800231-1024x589.png 1024w, https:\/\/www.collegesinstitutes.ca\/wp-content\/uploads\/2023\/02\/F-SDG-Poster-2019_without-UN-emblem_WEB-e1602980800231-768x442.png 768w, https:\/\/www.collegesinstitutes.ca\/wp-content\/uploads\/2023\/02\/F-SDG-Poster-2019_without-UN-emblem_WEB-e1602980800231-1536x883.png 1536w, https:\/\/www.collegesinstitutes.ca\/wp-content\/uploads\/2023\/02\/F-SDG-Poster-2019_without-UN-emblem_WEB-e1602980800231-2048x1177.png 2048w\" sizes=\"(max-width: 2482px) 100vw, 2482px\" \/><\/p>\n<p>Les ODD font \u00e9galement partie int\u00e9grante de notre plan strat\u00e9gique, <a href=\"https:\/\/www.collegesinstitutes.ca\/fr\/stratplan\/\" target=\"_blank\" rel=\"noopener noreferrer\">Renforcer le syst\u00e8me<\/a>. Ils ont \u00e9t\u00e9 incorpor\u00e9s dans toutes nos actions et tous nos programmes afin d\u2019en maximiser l\u2019impact. En 2019, nous avons lanc\u00e9 <a href=\"https:\/\/www.collegesinstitutes.ca\/fr\/?post_type=cicancorp_programs&#038;p=7836\" target=\"_blank\" rel=\"noopener noreferrer\">l\u2019Initiative ImpAct<\/a> pour non seulement nous appuyer sur les valeurs et aspirations communes de nos membres, mais aussi pour amplifier la contribution que le r\u00e9seau des coll\u00e8ges et instituts apporte au d\u00e9veloppement social et \u00e9conomique, au bien-\u00eatre des collectivit\u00e9s et \u00e0 un avenir durable. En fait, les coll\u00e8ges et instituts jouent un r\u00f4le essentiel \u00e0 la transition vers <a href=\"https:\/\/www.collegesinstitutes.ca\/fr\/notre-role\/nos-priorites\/progresser-envers-les-objectifs-de-developpement-durable\/developpement-durable-et-changements-climatiques\/\" target=\"_blank\" rel=\"noopener noreferrer\">un avenir plus \u00e9cologique<\/a>.<\/p>\n<h2 class=\"border-0\">Bo\u00eete \u00e0 outils ODD pour les coll\u00e8ges et instituts canadiens<\/h2>\n<p>Dans le cadre de cette initiative, nous avons d\u00e9velopp\u00e9 une Bo\u00eete \u00e0 outils sur les ODD que nos membres peuvent utiliser \u00e0 titre de ressource p\u00e9dagogique en libre acc\u00e8s. Nous offrons aussi le programme de <a href=\"https:\/\/www.lancementcarriere.ca\/employers\/programmes-de-stages\/stages-impact\/\" target=\"_blank\" rel=\"noopener noreferrer\">Stages ImpAct<\/a> qui permet aux employeurs de prioriser leurs mesures selon les ODD. Il encourage \u00e9galement les jeunes Canadiennes et Canadiens \u00e0 devenir des ambassadeurs pour les ODD en acqu\u00e9rant des comp\u00e9tences maintenant essentielles en ce 21\u00e8me si\u00e8cle.<\/p>\n<p><a class=\"btn btn-dark\" href=\"https:\/\/guideoddcican.pressbooks.com\/\" target=\"_blank\" rel=\"noopener\">Lire la bo\u00eete \u00e0 outils<br \/>\n<\/a><\/p>\n<h2 class=\"border-0\">l\u2019Accord des ODD<\/h2>\n<p>CICan est \u00e9galement fi\u00e8re signataire de <a href=\"https:\/\/www.sdgaccord.org\/l-accord-des-odd\" target=\"_blank\" rel=\"noopener noreferrer\">l\u2019Accord des ODD<\/a> aux c\u00f4t\u00e9s d\u2019institutions postsecondaires et de parties prenantes du monde entier. Nous encourageons aussi le partage de pratiques exemplaires \u00e0 titre de <a href=\"https:\/\/www.collegesinstitutes.ca\/fr\/unesco-unevoc\/\" target=\"_blank\" rel=\"noopener noreferrer\">centre pancanadien UNEVOC<\/a> et de chef de file pour les centres nord-am\u00e9ricains au sein du r\u00e9seau.<\/p>\n<p><a class=\"btn btn-dark\" href=\"https:\/\/www.collegesinstitutes.ca\/fr\/notre-role\/nos-priorites\/progresser-envers-les-objectifs-de-developpement-durable\/signez-laccord-sur-les-odd\/\">Signez l\u2019Accord des ODD<\/a><\/p>\n","protected":false},"excerpt":{"rendered":"<p>Les Objectifs de d\u00e9veloppement durable (ODD) des Nations Unies ont guid\u00e9 et inspir\u00e9 CICan dans sa vision d\u2019un avenir meilleur pour les individus et les collectivit\u00e9s. Le r\u00f4le des coll\u00e8ges&#8230;<\/p>\n","protected":false},"author":1,"featured_media":9350,"parent":22343,"menu_order":0,"comment_status":"closed","ping_status":"closed","template":"","meta":{"_acf_changed":false,"footnotes":""},"categories":[954],"tags":[],"class_list":["post-22349","page","type-page","status-publish","has-post-thumbnail","hentry","category-progresser-envers-les-objectifs-de-developpement-durable"],"acf":[],"yoast_head":"<!-- This site is optimized with the Yoast SEO plugin v27.3 - https:\/\/yoast.com\/product\/yoast-seo-wordpress\/ -->\n<title>Faire progresser les Objectifs de d\u00e9veloppement durable - Colleges and Institutes Canada<\/title>\n<meta name=\"robots\" content=\"index, follow, max-snippet:-1, max-image-preview:large, max-video-preview:-1\" \/>\n<link rel=\"canonical\" href=\"https:\/\/www.collegesinstitutes.ca\/fr\/notre-role\/nos-priorites\/progresser-envers-les-objectifs-de-developpement-durable\/\" \/>\n<meta property=\"og:locale\" content=\"fr_FR\" \/>\n<meta property=\"og:type\" content=\"article\" \/>\n<meta property=\"og:title\" content=\"Faire progresser les Objectifs de d\u00e9veloppement durable - Colleges and Institutes Canada\" \/>\n<meta property=\"og:description\" content=\"Les Objectifs de d\u00e9veloppement durable (ODD) des Nations Unies ont guid\u00e9 et inspir\u00e9 CICan dans sa vision d\u2019un avenir meilleur pour les individus et les collectivit\u00e9s. Le r\u00f4le des coll\u00e8ges...\" \/>\n<meta property=\"og:url\" content=\"https:\/\/www.collegesinstitutes.ca\/fr\/notre-role\/nos-priorites\/progresser-envers-les-objectifs-de-developpement-durable\/\" \/>\n<meta property=\"og:site_name\" content=\"Colleges and Institutes Canada\" \/>\n<meta property=\"article:modified_time\" content=\"2024-03-21T16:45:43+00:00\" \/>\n<meta property=\"og:image\" content=\"https:\/\/www.collegesinstitutes.ca\/wp-content\/uploads\/2022\/10\/header-img-SDG.jpg\" \/>\n\t<meta property=\"og:image:width\" content=\"1200\" \/>\n\t<meta property=\"og:image:height\" content=\"628\" \/>\n\t<meta property=\"og:image:type\" content=\"image\/jpeg\" \/>\n<meta name=\"twitter:card\" content=\"summary_large_image\" \/>\n<meta name=\"twitter:label1\" content=\"Est. reading time\" \/>\n\t<meta name=\"twitter:data1\" content=\"2 minutes\" \/>\n<script type=\"application\/ld+json\" class=\"yoast-schema-graph\">{\"@context\":\"https:\\\/\\\/schema.org\",\"@graph\":[{\"@type\":\"WebPage\",\"@id\":\"https:\\\/\\\/www.collegesinstitutes.ca\\\/fr\\\/notre-role\\\/nos-priorites\\\/progresser-envers-les-objectifs-de-developpement-durable\\\/\",\"url\":\"https:\\\/\\\/www.collegesinstitutes.ca\\\/fr\\\/notre-role\\\/nos-priorites\\\/progresser-envers-les-objectifs-de-developpement-durable\\\/\",\"name\":\"Faire progresser les Objectifs de d\u00e9veloppement durable - Colleges and Institutes Canada\",\"isPartOf\":{\"@id\":\"https:\\\/\\\/www.collegesinstitutes.ca\\\/fr\\\/#website\"},\"primaryImageOfPage\":{\"@id\":\"https:\\\/\\\/www.collegesinstitutes.ca\\\/fr\\\/notre-role\\\/nos-priorites\\\/progresser-envers-les-objectifs-de-developpement-durable\\\/#primaryimage\"},\"image\":{\"@id\":\"https:\\\/\\\/www.collegesinstitutes.ca\\\/fr\\\/notre-role\\\/nos-priorites\\\/progresser-envers-les-objectifs-de-developpement-durable\\\/#primaryimage\"},\"thumbnailUrl\":\"https:\\\/\\\/www.collegesinstitutes.ca\\\/wp-content\\\/uploads\\\/2022\\\/10\\\/header-img-SDG.jpg\",\"datePublished\":\"2022-03-09T14:53:26+00:00\",\"dateModified\":\"2024-03-21T16:45:43+00:00\",\"breadcrumb\":{\"@id\":\"https:\\\/\\\/www.collegesinstitutes.ca\\\/fr\\\/notre-role\\\/nos-priorites\\\/progresser-envers-les-objectifs-de-developpement-durable\\\/#breadcrumb\"},\"inLanguage\":\"fr-FR\",\"potentialAction\":[{\"@type\":\"ReadAction\",\"target\":[\"https:\\\/\\\/www.collegesinstitutes.ca\\\/fr\\\/notre-role\\\/nos-priorites\\\/progresser-envers-les-objectifs-de-developpement-durable\\\/\"]}]},{\"@type\":\"ImageObject\",\"inLanguage\":\"fr-FR\",\"@id\":\"https:\\\/\\\/www.collegesinstitutes.ca\\\/fr\\\/notre-role\\\/nos-priorites\\\/progresser-envers-les-objectifs-de-developpement-durable\\\/#primaryimage\",\"url\":\"https:\\\/\\\/www.collegesinstitutes.ca\\\/wp-content\\\/uploads\\\/2022\\\/10\\\/header-img-SDG.jpg\",\"contentUrl\":\"https:\\\/\\\/www.collegesinstitutes.ca\\\/wp-content\\\/uploads\\\/2022\\\/10\\\/header-img-SDG.jpg\",\"width\":1200,\"height\":628},{\"@type\":\"BreadcrumbList\",\"@id\":\"https:\\\/\\\/www.collegesinstitutes.ca\\\/fr\\\/notre-role\\\/nos-priorites\\\/progresser-envers-les-objectifs-de-developpement-durable\\\/#breadcrumb\",\"itemListElement\":[{\"@type\":\"ListItem\",\"position\":1,\"name\":\"Home\",\"item\":\"https:\\\/\\\/www.collegesinstitutes.ca\\\/fr\\\/\"},{\"@type\":\"ListItem\",\"position\":2,\"name\":\"Notre r\u00f4le\",\"item\":\"https:\\\/\\\/www.collegesinstitutes.ca\\\/fr\\\/notre-role\\\/\"},{\"@type\":\"ListItem\",\"position\":3,\"name\":\"Nos priorit\u00e9s\",\"item\":\"https:\\\/\\\/www.collegesinstitutes.ca\\\/fr\\\/notre-role\\\/nos-priorites\\\/\"},{\"@type\":\"ListItem\",\"position\":4,\"name\":\"Faire progresser les Objectifs de d\u00e9veloppement durable\"}]},{\"@type\":\"WebSite\",\"@id\":\"https:\\\/\\\/www.collegesinstitutes.ca\\\/fr\\\/#website\",\"url\":\"https:\\\/\\\/www.collegesinstitutes.ca\\\/fr\\\/\",\"name\":\"Colleges and Institutes Canada\",\"description\":\"The Voice of Canada&#039;s Colleges &amp; Institutes\",\"publisher\":{\"@id\":\"https:\\\/\\\/www.collegesinstitutes.ca\\\/fr\\\/#organization\"},\"potentialAction\":[{\"@type\":\"SearchAction\",\"target\":{\"@type\":\"EntryPoint\",\"urlTemplate\":\"https:\\\/\\\/www.collegesinstitutes.ca\\\/fr\\\/?s={search_term_string}\"},\"query-input\":{\"@type\":\"PropertyValueSpecification\",\"valueRequired\":true,\"valueName\":\"search_term_string\"}}],\"inLanguage\":\"fr-FR\"},{\"@type\":\"Organization\",\"@id\":\"https:\\\/\\\/www.collegesinstitutes.ca\\\/fr\\\/#organization\",\"name\":\"Colleges and Institutes Canada\",\"url\":\"https:\\\/\\\/www.collegesinstitutes.ca\\\/fr\\\/\",\"logo\":{\"@type\":\"ImageObject\",\"inLanguage\":\"fr-FR\",\"@id\":\"https:\\\/\\\/www.collegesinstitutes.ca\\\/fr\\\/#\\\/schema\\\/logo\\\/image\\\/\",\"url\":\"https:\\\/\\\/www.collegesinstitutes.ca\\\/wp-content\\\/uploads\\\/2025\\\/06\\\/logo-en.png\",\"contentUrl\":\"https:\\\/\\\/www.collegesinstitutes.ca\\\/wp-content\\\/uploads\\\/2025\\\/06\\\/logo-en.png\",\"width\":794,\"height\":280,\"caption\":\"Colleges and Institutes Canada\"},\"image\":{\"@id\":\"https:\\\/\\\/www.collegesinstitutes.ca\\\/fr\\\/#\\\/schema\\\/logo\\\/image\\\/\"}}]}<\/script>\n<!-- \/ Yoast SEO plugin. -->","yoast_head_json":{"title":"Faire progresser les Objectifs de d\u00e9veloppement durable - Colleges and Institutes Canada","robots":{"index":"index","follow":"follow","max-snippet":"max-snippet:-1","max-image-preview":"max-image-preview:large","max-video-preview":"max-video-preview:-1"},"canonical":"https:\/\/www.collegesinstitutes.ca\/fr\/notre-role\/nos-priorites\/progresser-envers-les-objectifs-de-developpement-durable\/","og_locale":"fr_FR","og_type":"article","og_title":"Faire progresser les Objectifs de d\u00e9veloppement durable - Colleges and Institutes Canada","og_description":"Les Objectifs de d\u00e9veloppement durable (ODD) des Nations Unies ont guid\u00e9 et inspir\u00e9 CICan dans sa vision d\u2019un avenir meilleur pour les individus et les collectivit\u00e9s. Le r\u00f4le des coll\u00e8ges...","og_url":"https:\/\/www.collegesinstitutes.ca\/fr\/notre-role\/nos-priorites\/progresser-envers-les-objectifs-de-developpement-durable\/","og_site_name":"Colleges and Institutes Canada","article_modified_time":"2024-03-21T16:45:43+00:00","og_image":[{"width":1200,"height":628,"url":"https:\/\/www.collegesinstitutes.ca\/wp-content\/uploads\/2022\/10\/header-img-SDG.jpg","type":"image\/jpeg"}],"twitter_card":"summary_large_image","twitter_misc":{"Est. reading time":"2 minutes"},"schema":{"@context":"https:\/\/schema.org","@graph":[{"@type":"WebPage","@id":"https:\/\/www.collegesinstitutes.ca\/fr\/notre-role\/nos-priorites\/progresser-envers-les-objectifs-de-developpement-durable\/","url":"https:\/\/www.collegesinstitutes.ca\/fr\/notre-role\/nos-priorites\/progresser-envers-les-objectifs-de-developpement-durable\/","name":"Faire progresser les Objectifs de d\u00e9veloppement durable - Colleges and Institutes Canada","isPartOf":{"@id":"https:\/\/www.collegesinstitutes.ca\/fr\/#website"},"primaryImageOfPage":{"@id":"https:\/\/www.collegesinstitutes.ca\/fr\/notre-role\/nos-priorites\/progresser-envers-les-objectifs-de-developpement-durable\/#primaryimage"},"image":{"@id":"https:\/\/www.collegesinstitutes.ca\/fr\/notre-role\/nos-priorites\/progresser-envers-les-objectifs-de-developpement-durable\/#primaryimage"},"thumbnailUrl":"https:\/\/www.collegesinstitutes.ca\/wp-content\/uploads\/2022\/10\/header-img-SDG.jpg","datePublished":"2022-03-09T14:53:26+00:00","dateModified":"2024-03-21T16:45:43+00:00","breadcrumb":{"@id":"https:\/\/www.collegesinstitutes.ca\/fr\/notre-role\/nos-priorites\/progresser-envers-les-objectifs-de-developpement-durable\/#breadcrumb"},"inLanguage":"fr-FR","potentialAction":[{"@type":"ReadAction","target":["https:\/\/www.collegesinstitutes.ca\/fr\/notre-role\/nos-priorites\/progresser-envers-les-objectifs-de-developpement-durable\/"]}]},{"@type":"ImageObject","inLanguage":"fr-FR","@id":"https:\/\/www.collegesinstitutes.ca\/fr\/notre-role\/nos-priorites\/progresser-envers-les-objectifs-de-developpement-durable\/#primaryimage","url":"https:\/\/www.collegesinstitutes.ca\/wp-content\/uploads\/2022\/10\/header-img-SDG.jpg","contentUrl":"https:\/\/www.collegesinstitutes.ca\/wp-content\/uploads\/2022\/10\/header-img-SDG.jpg","width":1200,"height":628},{"@type":"BreadcrumbList","@id":"https:\/\/www.collegesinstitutes.ca\/fr\/notre-role\/nos-priorites\/progresser-envers-les-objectifs-de-developpement-durable\/#breadcrumb","itemListElement":[{"@type":"ListItem","position":1,"name":"Home","item":"https:\/\/www.collegesinstitutes.ca\/fr\/"},{"@type":"ListItem","position":2,"name":"Notre r\u00f4le","item":"https:\/\/www.collegesinstitutes.ca\/fr\/notre-role\/"},{"@type":"ListItem","position":3,"name":"Nos priorit\u00e9s","item":"https:\/\/www.collegesinstitutes.ca\/fr\/notre-role\/nos-priorites\/"},{"@type":"ListItem","position":4,"name":"Faire progresser les Objectifs de d\u00e9veloppement durable"}]},{"@type":"WebSite","@id":"https:\/\/www.collegesinstitutes.ca\/fr\/#website","url":"https:\/\/www.collegesinstitutes.ca\/fr\/","name":"Colleges and Institutes Canada","description":"The Voice of Canada&#039;s Colleges &amp; Institutes","publisher":{"@id":"https:\/\/www.collegesinstitutes.ca\/fr\/#organization"},"potentialAction":[{"@type":"SearchAction","target":{"@type":"EntryPoint","urlTemplate":"https:\/\/www.collegesinstitutes.ca\/fr\/?s={search_term_string}"},"query-input":{"@type":"PropertyValueSpecification","valueRequired":true,"valueName":"search_term_string"}}],"inLanguage":"fr-FR"},{"@type":"Organization","@id":"https:\/\/www.collegesinstitutes.ca\/fr\/#organization","name":"Colleges and Institutes Canada","url":"https:\/\/www.collegesinstitutes.ca\/fr\/","logo":{"@type":"ImageObject","inLanguage":"fr-FR","@id":"https:\/\/www.collegesinstitutes.ca\/fr\/#\/schema\/logo\/image\/","url":"https:\/\/www.collegesinstitutes.ca\/wp-content\/uploads\/2025\/06\/logo-en.png","contentUrl":"https:\/\/www.collegesinstitutes.ca\/wp-content\/uploads\/2025\/06\/logo-en.png","width":794,"height":280,"caption":"Colleges and Institutes Canada"},"image":{"@id":"https:\/\/www.collegesinstitutes.ca\/fr\/#\/schema\/logo\/image\/"}}]}},"_links":{"self":[{"href":"https:\/\/www.collegesinstitutes.ca\/fr\/wp-json\/wp\/v2\/pages\/22349","targetHints":{"allow":["GET"]}}],"collection":[{"href":"https:\/\/www.collegesinstitutes.ca\/fr\/wp-json\/wp\/v2\/pages"}],"about":[{"href":"https:\/\/www.collegesinstitutes.ca\/fr\/wp-json\/wp\/v2\/types\/page"}],"author":[{"embeddable":true,"href":"https:\/\/www.collegesinstitutes.ca\/fr\/wp-json\/wp\/v2\/users\/1"}],"replies":[{"embeddable":true,"href":"https:\/\/www.collegesinstitutes.ca\/fr\/wp-json\/wp\/v2\/comments?post=22349"}],"version-history":[{"count":0,"href":"https:\/\/www.collegesinstitutes.ca\/fr\/wp-json\/wp\/v2\/pages\/22349\/revisions"}],"up":[{"embeddable":true,"href":"https:\/\/www.collegesinstitutes.ca\/fr\/wp-json\/wp\/v2\/pages\/22343"}],"wp:featuredmedia":[{"embeddable":true,"href":"https:\/\/www.collegesinstitutes.ca\/fr\/wp-json\/wp\/v2\/media\/9350"}],"wp:attachment":[{"href":"https:\/\/www.collegesinstitutes.ca\/fr\/wp-json\/wp\/v2\/media?parent=22349"}],"wp:term":[{"taxonomy":"category","embeddable":true,"href":"https:\/\/www.collegesinstitutes.ca\/fr\/wp-json\/wp\/v2\/categories?post=22349"},{"taxonomy":"post_tag","embeddable":true,"href":"https:\/\/www.collegesinstitutes.ca\/fr\/wp-json\/wp\/v2\/tags?post=22349"}],"curies":[{"name":"wp","href":"https:\/\/api.w.org\/{rel}","templated":true}]}}