{"id":22348,"date":"2022-03-09T14:42:37","date_gmt":"2022-03-09T14:42:37","guid":{"rendered":"https:\/\/www.collegesinstitutes.ca\/notre-role\/nos-priorites\/support-reconciliation\/"},"modified":"2024-03-21T13:24:21","modified_gmt":"2024-03-21T13:24:21","slug":"accelerer-la-reconciliation","status":"publish","type":"page","link":"https:\/\/www.collegesinstitutes.ca\/fr\/notre-role\/nos-priorites\/accelerer-la-reconciliation\/","title":{"rendered":"Acc\u00e9l\u00e9rer la r\u00e9conciliation"},"content":{"rendered":"<p class=\"lead\">Selon la Commission de v\u00e9rit\u00e9 et r\u00e9conciliation (CVR), l\u2019\u00e9ducation s\u2019inscrit dans les cinq domaines prioritaires dont la r\u00e9forme est n\u00e9cessaire pour parvenir \u00e0 la r\u00e9conciliation. Les coll\u00e8ges et instituts sont conscients du r\u00f4le essentiel \u00e0 jouer dans la r\u00e9conciliation. Nous sommes activement impliqu\u00e9s avec nos collectivit\u00e9s autochtones \u00e0 travers le pays afin de lever les obstacles \u00e0 l\u2019\u00e9ducation et de promouvoir dans nos espaces une culture du respect et de l\u2019inclusion.<\/p>\n<div class=\"boxit my-5\">\n<div class=\"row align-items-center\">\n<div class=\"col-md-2\"><img fetchpriority=\"high\" decoding=\"async\" src=\"https:\/\/www.collegesinstitutes.ca\/wp-content\/uploads\/2023\/01\/thumbnail-img-didyouknow.png\" alt=\"\" width=\"600\" height=\"596\" class=\"alignnone size-full wp-image-16088\" srcset=\"https:\/\/www.collegesinstitutes.ca\/wp-content\/uploads\/2023\/01\/thumbnail-img-didyouknow.png 600w, https:\/\/www.collegesinstitutes.ca\/wp-content\/uploads\/2023\/01\/thumbnail-img-didyouknow-300x298.png 300w, https:\/\/www.collegesinstitutes.ca\/wp-content\/uploads\/2023\/01\/thumbnail-img-didyouknow-150x150.png 150w\" sizes=\"(max-width: 600px) 100vw, 600px\" \/><\/div>\n<div class=\"col-md-10 fs-5\">Les coll\u00e8ges et instituts sont fiers d\u2019\u00eatre la principale source d\u2019enseignement postsecondaire pour les apprenantes et apprenants autochtones. Nos sites desservent les collectivit\u00e9s de tout le Canada, dont les r\u00e9serves des Premi\u00e8res Nations, les collectivit\u00e9s nordiques et \u00e9loign\u00e9es et les centres urbains. Nous pouvons y accompagner les peuples autochtones, ind\u00e9pendamment de leur localisation<\/div>\n<\/div>\n<\/div>\n<p>En 2014, nous avons publi\u00e9 le <a href=\"https:\/\/www.collegesinstitutes.ca\/fr\/notre-role\/nos-priorites\/accelerer-la-reconciliation\/protocole-sur-leducation-des-autochtones\/\">Protocole sur l\u2019\u00e9ducation des Autochtones<\/a> pour les coll\u00e8ges et instituts. Celui-ci \u00e9nonce sept principes pour renforcer la participation, l\u2019implication et la reconnaissance des collectivit\u00e9s autochtones dans nos coll\u00e8ges et instituts. Bien que les taux d\u2019acc\u00e8s \u00e0 l\u2019enseignement postsecondaire demeurent plus faibles chez les populations autochtones, nous sommes fiers de constater que ces taux atteignent la moyenne nationale dans les coll\u00e8ges et instituts. Nous proposons plus de 300 titres de comp\u00e9tences adapt\u00e9s aux besoins des apprenantes et apprenants et des collectivit\u00e9s autochtones. <\/p>\n<p><strong>Les 7 principes du Protocole sur l\u2019\u00e9ducation des Autochtones :<\/strong><\/p>\n<ol>\n<li>S\u2019engager \u00e0 faire de l\u2019\u00e9ducation des Autochtones une priorit\u00e9.<\/li>\n<li>Voir \u00e0 ce que les structures de gouvernance reconnaissent les peuples autochtones et les respectent.<\/li>\n<li>Faire appel aux traditions intellectuelles et culturelles autochtones dans la mise en \u0153uvre des programmes d\u2019\u00e9tudes et des m\u00e9thodes d\u2019apprentissage adapt\u00e9s aux apprenantes et apprenants et \u00e0 leur communaut\u00e9.<\/li>\n<li>Aider les \u00e9tudiantes et \u00e9tudiants et les employ\u00e9s afin qu\u2019il existe une meilleure compr\u00e9hension mutuelle et une plus grande r\u00e9ciprocit\u00e9 des relations entre Autochtones et non-Autochtones.<\/li>\n<li>S\u2019engager \u00e0 augmenter le nombre d\u2019employ\u00e9s autochtones par des nominations \u00e0 dur\u00e9e ind\u00e9termin\u00e9e dans les diverses cat\u00e9gories d\u2019emplois de l\u2019\u00e9tablissement, y compris celle des cadres sup\u00e9rieurs.<\/li>\n<li>\u00c9tablir des services et un milieu d\u2019apprentissage holistiques centr\u00e9s sur les apprenants autochtones pour garantir leur r\u00e9ussite.<\/li>\n<li>Nouer des relations avec les communaut\u00e9s autochtones et assumer la responsabilit\u00e9 du soutien \u00e0 leur autod\u00e9termination par l\u2019\u00e9ducation, la formation et la recherche appliqu\u00e9e.<\/li>\n<\/ol>\n","protected":false},"excerpt":{"rendered":"<p>Selon la Commission de v\u00e9rit\u00e9 et r\u00e9conciliation (CVR), l\u2019\u00e9ducation s\u2019inscrit dans les cinq domaines prioritaires dont la r\u00e9forme est n\u00e9cessaire pour parvenir \u00e0 la r\u00e9conciliation. Les coll\u00e8ges et instituts sont&#8230;<\/p>\n","protected":false},"author":1,"featured_media":9356,"parent":22343,"menu_order":0,"comment_status":"closed","ping_status":"closed","template":"","meta":{"_acf_changed":false,"footnotes":""},"categories":[950],"tags":[],"class_list":["post-22348","page","type-page","status-publish","has-post-thumbnail","hentry","category-accelerer-la-reconciliation"],"acf":[],"yoast_head":"<!-- This site is optimized with the Yoast SEO plugin v27.3 - https:\/\/yoast.com\/product\/yoast-seo-wordpress\/ -->\n<title>Acc\u00e9l\u00e9rer la r\u00e9conciliation - Colleges and Institutes Canada<\/title>\n<meta name=\"robots\" content=\"index, follow, max-snippet:-1, max-image-preview:large, max-video-preview:-1\" \/>\n<link rel=\"canonical\" href=\"https:\/\/www.collegesinstitutes.ca\/fr\/notre-role\/nos-priorites\/accelerer-la-reconciliation\/\" \/>\n<meta property=\"og:locale\" content=\"fr_FR\" \/>\n<meta property=\"og:type\" content=\"article\" \/>\n<meta property=\"og:title\" content=\"Acc\u00e9l\u00e9rer la r\u00e9conciliation - Colleges and Institutes Canada\" \/>\n<meta property=\"og:description\" content=\"Selon la Commission de v\u00e9rit\u00e9 et r\u00e9conciliation (CVR), l\u2019\u00e9ducation s\u2019inscrit dans les cinq domaines prioritaires dont la r\u00e9forme est n\u00e9cessaire pour parvenir \u00e0 la r\u00e9conciliation. Les coll\u00e8ges et instituts sont...\" \/>\n<meta property=\"og:url\" content=\"https:\/\/www.collegesinstitutes.ca\/fr\/notre-role\/nos-priorites\/accelerer-la-reconciliation\/\" \/>\n<meta property=\"og:site_name\" content=\"Colleges and Institutes Canada\" \/>\n<meta property=\"article:modified_time\" content=\"2024-03-21T13:24:21+00:00\" \/>\n<meta property=\"og:image\" content=\"https:\/\/www.collegesinstitutes.ca\/wp-content\/uploads\/2022\/10\/header-img-indigenous.jpg\" \/>\n\t<meta property=\"og:image:width\" content=\"1200\" \/>\n\t<meta property=\"og:image:height\" content=\"628\" \/>\n\t<meta property=\"og:image:type\" content=\"image\/jpeg\" \/>\n<meta name=\"twitter:card\" content=\"summary_large_image\" \/>\n<meta name=\"twitter:label1\" content=\"Est. reading time\" \/>\n\t<meta name=\"twitter:data1\" content=\"2 minutes\" \/>\n<script type=\"application\/ld+json\" class=\"yoast-schema-graph\">{\"@context\":\"https:\\\/\\\/schema.org\",\"@graph\":[{\"@type\":\"WebPage\",\"@id\":\"https:\\\/\\\/www.collegesinstitutes.ca\\\/fr\\\/notre-role\\\/nos-priorites\\\/accelerer-la-reconciliation\\\/\",\"url\":\"https:\\\/\\\/www.collegesinstitutes.ca\\\/fr\\\/notre-role\\\/nos-priorites\\\/accelerer-la-reconciliation\\\/\",\"name\":\"Acc\u00e9l\u00e9rer la r\u00e9conciliation - Colleges and Institutes Canada\",\"isPartOf\":{\"@id\":\"https:\\\/\\\/www.collegesinstitutes.ca\\\/fr\\\/#website\"},\"primaryImageOfPage\":{\"@id\":\"https:\\\/\\\/www.collegesinstitutes.ca\\\/fr\\\/notre-role\\\/nos-priorites\\\/accelerer-la-reconciliation\\\/#primaryimage\"},\"image\":{\"@id\":\"https:\\\/\\\/www.collegesinstitutes.ca\\\/fr\\\/notre-role\\\/nos-priorites\\\/accelerer-la-reconciliation\\\/#primaryimage\"},\"thumbnailUrl\":\"https:\\\/\\\/www.collegesinstitutes.ca\\\/wp-content\\\/uploads\\\/2022\\\/10\\\/header-img-indigenous.jpg\",\"datePublished\":\"2022-03-09T14:42:37+00:00\",\"dateModified\":\"2024-03-21T13:24:21+00:00\",\"breadcrumb\":{\"@id\":\"https:\\\/\\\/www.collegesinstitutes.ca\\\/fr\\\/notre-role\\\/nos-priorites\\\/accelerer-la-reconciliation\\\/#breadcrumb\"},\"inLanguage\":\"fr-FR\",\"potentialAction\":[{\"@type\":\"ReadAction\",\"target\":[\"https:\\\/\\\/www.collegesinstitutes.ca\\\/fr\\\/notre-role\\\/nos-priorites\\\/accelerer-la-reconciliation\\\/\"]}]},{\"@type\":\"ImageObject\",\"inLanguage\":\"fr-FR\",\"@id\":\"https:\\\/\\\/www.collegesinstitutes.ca\\\/fr\\\/notre-role\\\/nos-priorites\\\/accelerer-la-reconciliation\\\/#primaryimage\",\"url\":\"https:\\\/\\\/www.collegesinstitutes.ca\\\/wp-content\\\/uploads\\\/2022\\\/10\\\/header-img-indigenous.jpg\",\"contentUrl\":\"https:\\\/\\\/www.collegesinstitutes.ca\\\/wp-content\\\/uploads\\\/2022\\\/10\\\/header-img-indigenous.jpg\",\"width\":1200,\"height\":628,\"caption\":\"Indigenous woman\"},{\"@type\":\"BreadcrumbList\",\"@id\":\"https:\\\/\\\/www.collegesinstitutes.ca\\\/fr\\\/notre-role\\\/nos-priorites\\\/accelerer-la-reconciliation\\\/#breadcrumb\",\"itemListElement\":[{\"@type\":\"ListItem\",\"position\":1,\"name\":\"Home\",\"item\":\"https:\\\/\\\/www.collegesinstitutes.ca\\\/fr\\\/\"},{\"@type\":\"ListItem\",\"position\":2,\"name\":\"Notre r\u00f4le\",\"item\":\"https:\\\/\\\/www.collegesinstitutes.ca\\\/fr\\\/notre-role\\\/\"},{\"@type\":\"ListItem\",\"position\":3,\"name\":\"Nos priorit\u00e9s\",\"item\":\"https:\\\/\\\/www.collegesinstitutes.ca\\\/fr\\\/notre-role\\\/nos-priorites\\\/\"},{\"@type\":\"ListItem\",\"position\":4,\"name\":\"Acc\u00e9l\u00e9rer la r\u00e9conciliation\"}]},{\"@type\":\"WebSite\",\"@id\":\"https:\\\/\\\/www.collegesinstitutes.ca\\\/fr\\\/#website\",\"url\":\"https:\\\/\\\/www.collegesinstitutes.ca\\\/fr\\\/\",\"name\":\"Colleges and Institutes Canada\",\"description\":\"The Voice of Canada&#039;s Colleges &amp; Institutes\",\"publisher\":{\"@id\":\"https:\\\/\\\/www.collegesinstitutes.ca\\\/fr\\\/#organization\"},\"potentialAction\":[{\"@type\":\"SearchAction\",\"target\":{\"@type\":\"EntryPoint\",\"urlTemplate\":\"https:\\\/\\\/www.collegesinstitutes.ca\\\/fr\\\/?s={search_term_string}\"},\"query-input\":{\"@type\":\"PropertyValueSpecification\",\"valueRequired\":true,\"valueName\":\"search_term_string\"}}],\"inLanguage\":\"fr-FR\"},{\"@type\":\"Organization\",\"@id\":\"https:\\\/\\\/www.collegesinstitutes.ca\\\/fr\\\/#organization\",\"name\":\"Colleges and Institutes Canada\",\"url\":\"https:\\\/\\\/www.collegesinstitutes.ca\\\/fr\\\/\",\"logo\":{\"@type\":\"ImageObject\",\"inLanguage\":\"fr-FR\",\"@id\":\"https:\\\/\\\/www.collegesinstitutes.ca\\\/fr\\\/#\\\/schema\\\/logo\\\/image\\\/\",\"url\":\"https:\\\/\\\/www.collegesinstitutes.ca\\\/wp-content\\\/uploads\\\/2025\\\/06\\\/logo-en.png\",\"contentUrl\":\"https:\\\/\\\/www.collegesinstitutes.ca\\\/wp-content\\\/uploads\\\/2025\\\/06\\\/logo-en.png\",\"width\":794,\"height\":280,\"caption\":\"Colleges and Institutes Canada\"},\"image\":{\"@id\":\"https:\\\/\\\/www.collegesinstitutes.ca\\\/fr\\\/#\\\/schema\\\/logo\\\/image\\\/\"}}]}<\/script>\n<!-- \/ Yoast SEO plugin. -->","yoast_head_json":{"title":"Acc\u00e9l\u00e9rer la r\u00e9conciliation - Colleges and Institutes Canada","robots":{"index":"index","follow":"follow","max-snippet":"max-snippet:-1","max-image-preview":"max-image-preview:large","max-video-preview":"max-video-preview:-1"},"canonical":"https:\/\/www.collegesinstitutes.ca\/fr\/notre-role\/nos-priorites\/accelerer-la-reconciliation\/","og_locale":"fr_FR","og_type":"article","og_title":"Acc\u00e9l\u00e9rer la r\u00e9conciliation - Colleges and Institutes Canada","og_description":"Selon la Commission de v\u00e9rit\u00e9 et r\u00e9conciliation (CVR), l\u2019\u00e9ducation s\u2019inscrit dans les cinq domaines prioritaires dont la r\u00e9forme est n\u00e9cessaire pour parvenir \u00e0 la r\u00e9conciliation. Les coll\u00e8ges et instituts sont...","og_url":"https:\/\/www.collegesinstitutes.ca\/fr\/notre-role\/nos-priorites\/accelerer-la-reconciliation\/","og_site_name":"Colleges and Institutes Canada","article_modified_time":"2024-03-21T13:24:21+00:00","og_image":[{"width":1200,"height":628,"url":"https:\/\/www.collegesinstitutes.ca\/wp-content\/uploads\/2022\/10\/header-img-indigenous.jpg","type":"image\/jpeg"}],"twitter_card":"summary_large_image","twitter_misc":{"Est. reading time":"2 minutes"},"schema":{"@context":"https:\/\/schema.org","@graph":[{"@type":"WebPage","@id":"https:\/\/www.collegesinstitutes.ca\/fr\/notre-role\/nos-priorites\/accelerer-la-reconciliation\/","url":"https:\/\/www.collegesinstitutes.ca\/fr\/notre-role\/nos-priorites\/accelerer-la-reconciliation\/","name":"Acc\u00e9l\u00e9rer la r\u00e9conciliation - Colleges and Institutes Canada","isPartOf":{"@id":"https:\/\/www.collegesinstitutes.ca\/fr\/#website"},"primaryImageOfPage":{"@id":"https:\/\/www.collegesinstitutes.ca\/fr\/notre-role\/nos-priorites\/accelerer-la-reconciliation\/#primaryimage"},"image":{"@id":"https:\/\/www.collegesinstitutes.ca\/fr\/notre-role\/nos-priorites\/accelerer-la-reconciliation\/#primaryimage"},"thumbnailUrl":"https:\/\/www.collegesinstitutes.ca\/wp-content\/uploads\/2022\/10\/header-img-indigenous.jpg","datePublished":"2022-03-09T14:42:37+00:00","dateModified":"2024-03-21T13:24:21+00:00","breadcrumb":{"@id":"https:\/\/www.collegesinstitutes.ca\/fr\/notre-role\/nos-priorites\/accelerer-la-reconciliation\/#breadcrumb"},"inLanguage":"fr-FR","potentialAction":[{"@type":"ReadAction","target":["https:\/\/www.collegesinstitutes.ca\/fr\/notre-role\/nos-priorites\/accelerer-la-reconciliation\/"]}]},{"@type":"ImageObject","inLanguage":"fr-FR","@id":"https:\/\/www.collegesinstitutes.ca\/fr\/notre-role\/nos-priorites\/accelerer-la-reconciliation\/#primaryimage","url":"https:\/\/www.collegesinstitutes.ca\/wp-content\/uploads\/2022\/10\/header-img-indigenous.jpg","contentUrl":"https:\/\/www.collegesinstitutes.ca\/wp-content\/uploads\/2022\/10\/header-img-indigenous.jpg","width":1200,"height":628,"caption":"Indigenous woman"},{"@type":"BreadcrumbList","@id":"https:\/\/www.collegesinstitutes.ca\/fr\/notre-role\/nos-priorites\/accelerer-la-reconciliation\/#breadcrumb","itemListElement":[{"@type":"ListItem","position":1,"name":"Home","item":"https:\/\/www.collegesinstitutes.ca\/fr\/"},{"@type":"ListItem","position":2,"name":"Notre r\u00f4le","item":"https:\/\/www.collegesinstitutes.ca\/fr\/notre-role\/"},{"@type":"ListItem","position":3,"name":"Nos priorit\u00e9s","item":"https:\/\/www.collegesinstitutes.ca\/fr\/notre-role\/nos-priorites\/"},{"@type":"ListItem","position":4,"name":"Acc\u00e9l\u00e9rer la r\u00e9conciliation"}]},{"@type":"WebSite","@id":"https:\/\/www.collegesinstitutes.ca\/fr\/#website","url":"https:\/\/www.collegesinstitutes.ca\/fr\/","name":"Colleges and Institutes Canada","description":"The Voice of Canada&#039;s Colleges &amp; Institutes","publisher":{"@id":"https:\/\/www.collegesinstitutes.ca\/fr\/#organization"},"potentialAction":[{"@type":"SearchAction","target":{"@type":"EntryPoint","urlTemplate":"https:\/\/www.collegesinstitutes.ca\/fr\/?s={search_term_string}"},"query-input":{"@type":"PropertyValueSpecification","valueRequired":true,"valueName":"search_term_string"}}],"inLanguage":"fr-FR"},{"@type":"Organization","@id":"https:\/\/www.collegesinstitutes.ca\/fr\/#organization","name":"Colleges and Institutes Canada","url":"https:\/\/www.collegesinstitutes.ca\/fr\/","logo":{"@type":"ImageObject","inLanguage":"fr-FR","@id":"https:\/\/www.collegesinstitutes.ca\/fr\/#\/schema\/logo\/image\/","url":"https:\/\/www.collegesinstitutes.ca\/wp-content\/uploads\/2025\/06\/logo-en.png","contentUrl":"https:\/\/www.collegesinstitutes.ca\/wp-content\/uploads\/2025\/06\/logo-en.png","width":794,"height":280,"caption":"Colleges and Institutes Canada"},"image":{"@id":"https:\/\/www.collegesinstitutes.ca\/fr\/#\/schema\/logo\/image\/"}}]}},"_links":{"self":[{"href":"https:\/\/www.collegesinstitutes.ca\/fr\/wp-json\/wp\/v2\/pages\/22348","targetHints":{"allow":["GET"]}}],"collection":[{"href":"https:\/\/www.collegesinstitutes.ca\/fr\/wp-json\/wp\/v2\/pages"}],"about":[{"href":"https:\/\/www.collegesinstitutes.ca\/fr\/wp-json\/wp\/v2\/types\/page"}],"author":[{"embeddable":true,"href":"https:\/\/www.collegesinstitutes.ca\/fr\/wp-json\/wp\/v2\/users\/1"}],"replies":[{"embeddable":true,"href":"https:\/\/www.collegesinstitutes.ca\/fr\/wp-json\/wp\/v2\/comments?post=22348"}],"version-history":[{"count":0,"href":"https:\/\/www.collegesinstitutes.ca\/fr\/wp-json\/wp\/v2\/pages\/22348\/revisions"}],"up":[{"embeddable":true,"href":"https:\/\/www.collegesinstitutes.ca\/fr\/wp-json\/wp\/v2\/pages\/22343"}],"wp:featuredmedia":[{"embeddable":true,"href":"https:\/\/www.collegesinstitutes.ca\/fr\/wp-json\/wp\/v2\/media\/9356"}],"wp:attachment":[{"href":"https:\/\/www.collegesinstitutes.ca\/fr\/wp-json\/wp\/v2\/media?parent=22348"}],"wp:term":[{"taxonomy":"category","embeddable":true,"href":"https:\/\/www.collegesinstitutes.ca\/fr\/wp-json\/wp\/v2\/categories?post=22348"},{"taxonomy":"post_tag","embeddable":true,"href":"https:\/\/www.collegesinstitutes.ca\/fr\/wp-json\/wp\/v2\/tags?post=22348"}],"curies":[{"name":"wp","href":"https:\/\/api.w.org\/{rel}","templated":true}]}}