{"id":22347,"date":"2022-03-09T14:14:52","date_gmt":"2022-03-09T14:14:52","guid":{"rendered":"https:\/\/www.collegesinstitutes.ca\/notre-role\/nos-priorites\/grow-talent-for-the-21st-century\/"},"modified":"2024-03-21T13:25:40","modified_gmt":"2024-03-21T13:25:40","slug":"cultiver-des-talents-du-21e-siecle","status":"publish","type":"page","link":"https:\/\/www.collegesinstitutes.ca\/fr\/notre-role\/nos-priorites\/cultiver-des-talents-du-21e-siecle\/","title":{"rendered":"Cultiver des talents du 21e si\u00e8cle"},"content":{"rendered":"<p class=\"lead\">Les coll\u00e8ges et instituts sont le fer de lance du march\u00e9 du travail canadien. Plus de 6,3 millions de Canadiennes et de Canadiens actifs aujourd\u2019hui sont des dipl\u00f4m\u00e9s des coll\u00e8ges et instituts. <em>Il s\u2019agit du segment le plus important de la main-d\u2019\u0153uvre actuelle. <\/em><\/p>\n<p>Chaque jour faisant, les coll\u00e8ges et instituts forment et mettent \u00e0 niveau les comp\u00e9tences d\u2019apprenantes et apprenants r\u00e9silients, adaptables et issus de la diversit\u00e9. Ces apprenantes et apprenants acqui\u00e8rent les comp\u00e9tences du 21e si\u00e8cle dont ils ont besoin pour int\u00e9grer rapidement le march\u00e9 du travail et contribuer \u00e0 la croissance de l\u2019\u00e9conomie canadienne. Dans la mesure o\u00f9 plus de 95% des Canadiennes et des Canadiens vivent \u00e0 moins de 50 km de l\u2019un de nos \u00e9tablissements, notre port\u00e9e est sans pareil. Nous sommes le r\u00e9seau d\u2019\u00e9tablissements postsecondaires le plus accessible au Canada en termes de co\u00fbt, de proximit\u00e9 et d\u2019environnement positif. Nous poursuivons aussi sans rel\u00e2che nos efforts pour faire progresser l\u2019\u00e9quit\u00e9, la diversit\u00e9 et l\u2019inclusion au sein de nos \u00e9tablissements afin que tout un chacun au Canada ressente un sentiment d\u2019appartenance. D\u00e8s lors, notre avenir \u00e9conomique refl\u00e9tera et b\u00e9n\u00e9ficiera de l\u2019un des plus grands atouts du Canada, \u00e0 savoir sa diversit\u00e9.   <\/p>\n<p>Le Canada est confront\u00e9 \u00e0 une p\u00e9nurie de main-d\u2019\u0153uvre qualifi\u00e9e. Il est donc vital que ses coll\u00e8ges et instituts puissent continuer \u00e0 b\u00e9n\u00e9ficier de l\u2019aide n\u00e9cessaire pour assumer leur r\u00f4le et former des travailleuses et travailleurs hautement qualifi\u00e9s et par\u00e9s \u00e0 toute \u00e9preuve. <\/p>\n<div class=\"video-container\"><iframe width=\"560\" height=\"315\" src=\"https:\/\/www.youtube.com\/embed\/ZFEfaC6O5Hg\" title=\"YouTube video player\" frameborder=\"0\" allow=\"accelerometer; autoplay; clipboard-write; encrypted-media; gyroscope; picture-in-picture; web-share\" allowfullscreen><\/iframe><\/div>\n","protected":false},"excerpt":{"rendered":"<p>Les coll\u00e8ges et instituts sont le fer de lance du march\u00e9 du travail canadien. Plus de 6,3 millions de Canadiennes et de Canadiens actifs aujourd\u2019hui sont des dipl\u00f4m\u00e9s des coll\u00e8ges&#8230;<\/p>\n","protected":false},"author":1,"featured_media":9358,"parent":22343,"menu_order":0,"comment_status":"closed","ping_status":"closed","template":"","meta":{"_acf_changed":false,"footnotes":""},"categories":[951],"tags":[],"class_list":["post-22347","page","type-page","status-publish","has-post-thumbnail","hentry","category-cultiver-les-talents-du-21e-siecle"],"acf":[],"yoast_head":"<!-- This site is optimized with the Yoast SEO plugin v27.3 - https:\/\/yoast.com\/product\/yoast-seo-wordpress\/ -->\n<title>Cultiver des talents du 21e si\u00e8cle - Colleges and Institutes Canada<\/title>\n<meta name=\"robots\" content=\"index, follow, max-snippet:-1, max-image-preview:large, max-video-preview:-1\" \/>\n<link rel=\"canonical\" href=\"https:\/\/www.collegesinstitutes.ca\/fr\/notre-role\/nos-priorites\/cultiver-des-talents-du-21e-siecle\/\" \/>\n<meta property=\"og:locale\" content=\"fr_FR\" \/>\n<meta property=\"og:type\" content=\"article\" \/>\n<meta property=\"og:title\" content=\"Cultiver des talents du 21e si\u00e8cle - Colleges and Institutes Canada\" \/>\n<meta property=\"og:description\" content=\"Les coll\u00e8ges et instituts sont le fer de lance du march\u00e9 du travail canadien. Plus de 6,3 millions de Canadiennes et de Canadiens actifs aujourd\u2019hui sont des dipl\u00f4m\u00e9s des coll\u00e8ges...\" \/>\n<meta property=\"og:url\" content=\"https:\/\/www.collegesinstitutes.ca\/fr\/notre-role\/nos-priorites\/cultiver-des-talents-du-21e-siecle\/\" \/>\n<meta property=\"og:site_name\" content=\"Colleges and Institutes Canada\" \/>\n<meta property=\"article:modified_time\" content=\"2024-03-21T13:25:40+00:00\" \/>\n<meta property=\"og:image\" content=\"https:\/\/www.collegesinstitutes.ca\/wp-content\/uploads\/2022\/10\/header-img-talent.jpg\" \/>\n\t<meta property=\"og:image:width\" content=\"1200\" \/>\n\t<meta property=\"og:image:height\" content=\"628\" \/>\n\t<meta property=\"og:image:type\" content=\"image\/jpeg\" \/>\n<meta name=\"twitter:card\" content=\"summary_large_image\" \/>\n<meta name=\"twitter:label1\" content=\"Est. reading time\" \/>\n\t<meta name=\"twitter:data1\" content=\"1 minute\" \/>\n<script type=\"application\/ld+json\" class=\"yoast-schema-graph\">{\"@context\":\"https:\\\/\\\/schema.org\",\"@graph\":[{\"@type\":\"WebPage\",\"@id\":\"https:\\\/\\\/www.collegesinstitutes.ca\\\/fr\\\/notre-role\\\/nos-priorites\\\/cultiver-des-talents-du-21e-siecle\\\/\",\"url\":\"https:\\\/\\\/www.collegesinstitutes.ca\\\/fr\\\/notre-role\\\/nos-priorites\\\/cultiver-des-talents-du-21e-siecle\\\/\",\"name\":\"Cultiver des talents du 21e si\u00e8cle - Colleges and Institutes Canada\",\"isPartOf\":{\"@id\":\"https:\\\/\\\/www.collegesinstitutes.ca\\\/fr\\\/#website\"},\"primaryImageOfPage\":{\"@id\":\"https:\\\/\\\/www.collegesinstitutes.ca\\\/fr\\\/notre-role\\\/nos-priorites\\\/cultiver-des-talents-du-21e-siecle\\\/#primaryimage\"},\"image\":{\"@id\":\"https:\\\/\\\/www.collegesinstitutes.ca\\\/fr\\\/notre-role\\\/nos-priorites\\\/cultiver-des-talents-du-21e-siecle\\\/#primaryimage\"},\"thumbnailUrl\":\"https:\\\/\\\/www.collegesinstitutes.ca\\\/wp-content\\\/uploads\\\/2022\\\/10\\\/header-img-talent.jpg\",\"datePublished\":\"2022-03-09T14:14:52+00:00\",\"dateModified\":\"2024-03-21T13:25:40+00:00\",\"breadcrumb\":{\"@id\":\"https:\\\/\\\/www.collegesinstitutes.ca\\\/fr\\\/notre-role\\\/nos-priorites\\\/cultiver-des-talents-du-21e-siecle\\\/#breadcrumb\"},\"inLanguage\":\"fr-FR\",\"potentialAction\":[{\"@type\":\"ReadAction\",\"target\":[\"https:\\\/\\\/www.collegesinstitutes.ca\\\/fr\\\/notre-role\\\/nos-priorites\\\/cultiver-des-talents-du-21e-siecle\\\/\"]}]},{\"@type\":\"ImageObject\",\"inLanguage\":\"fr-FR\",\"@id\":\"https:\\\/\\\/www.collegesinstitutes.ca\\\/fr\\\/notre-role\\\/nos-priorites\\\/cultiver-des-talents-du-21e-siecle\\\/#primaryimage\",\"url\":\"https:\\\/\\\/www.collegesinstitutes.ca\\\/wp-content\\\/uploads\\\/2022\\\/10\\\/header-img-talent.jpg\",\"contentUrl\":\"https:\\\/\\\/www.collegesinstitutes.ca\\\/wp-content\\\/uploads\\\/2022\\\/10\\\/header-img-talent.jpg\",\"width\":1200,\"height\":628},{\"@type\":\"BreadcrumbList\",\"@id\":\"https:\\\/\\\/www.collegesinstitutes.ca\\\/fr\\\/notre-role\\\/nos-priorites\\\/cultiver-des-talents-du-21e-siecle\\\/#breadcrumb\",\"itemListElement\":[{\"@type\":\"ListItem\",\"position\":1,\"name\":\"Home\",\"item\":\"https:\\\/\\\/www.collegesinstitutes.ca\\\/fr\\\/\"},{\"@type\":\"ListItem\",\"position\":2,\"name\":\"Notre r\u00f4le\",\"item\":\"https:\\\/\\\/www.collegesinstitutes.ca\\\/fr\\\/notre-role\\\/\"},{\"@type\":\"ListItem\",\"position\":3,\"name\":\"Nos priorit\u00e9s\",\"item\":\"https:\\\/\\\/www.collegesinstitutes.ca\\\/fr\\\/notre-role\\\/nos-priorites\\\/\"},{\"@type\":\"ListItem\",\"position\":4,\"name\":\"Cultiver des talents du 21e si\u00e8cle\"}]},{\"@type\":\"WebSite\",\"@id\":\"https:\\\/\\\/www.collegesinstitutes.ca\\\/fr\\\/#website\",\"url\":\"https:\\\/\\\/www.collegesinstitutes.ca\\\/fr\\\/\",\"name\":\"Colleges and Institutes Canada\",\"description\":\"The Voice of Canada&#039;s Colleges &amp; Institutes\",\"publisher\":{\"@id\":\"https:\\\/\\\/www.collegesinstitutes.ca\\\/fr\\\/#organization\"},\"potentialAction\":[{\"@type\":\"SearchAction\",\"target\":{\"@type\":\"EntryPoint\",\"urlTemplate\":\"https:\\\/\\\/www.collegesinstitutes.ca\\\/fr\\\/?s={search_term_string}\"},\"query-input\":{\"@type\":\"PropertyValueSpecification\",\"valueRequired\":true,\"valueName\":\"search_term_string\"}}],\"inLanguage\":\"fr-FR\"},{\"@type\":\"Organization\",\"@id\":\"https:\\\/\\\/www.collegesinstitutes.ca\\\/fr\\\/#organization\",\"name\":\"Colleges and Institutes Canada\",\"url\":\"https:\\\/\\\/www.collegesinstitutes.ca\\\/fr\\\/\",\"logo\":{\"@type\":\"ImageObject\",\"inLanguage\":\"fr-FR\",\"@id\":\"https:\\\/\\\/www.collegesinstitutes.ca\\\/fr\\\/#\\\/schema\\\/logo\\\/image\\\/\",\"url\":\"https:\\\/\\\/www.collegesinstitutes.ca\\\/wp-content\\\/uploads\\\/2025\\\/06\\\/logo-en.png\",\"contentUrl\":\"https:\\\/\\\/www.collegesinstitutes.ca\\\/wp-content\\\/uploads\\\/2025\\\/06\\\/logo-en.png\",\"width\":794,\"height\":280,\"caption\":\"Colleges and Institutes Canada\"},\"image\":{\"@id\":\"https:\\\/\\\/www.collegesinstitutes.ca\\\/fr\\\/#\\\/schema\\\/logo\\\/image\\\/\"}}]}<\/script>\n<!-- \/ Yoast SEO plugin. -->","yoast_head_json":{"title":"Cultiver des talents du 21e si\u00e8cle - Colleges and Institutes Canada","robots":{"index":"index","follow":"follow","max-snippet":"max-snippet:-1","max-image-preview":"max-image-preview:large","max-video-preview":"max-video-preview:-1"},"canonical":"https:\/\/www.collegesinstitutes.ca\/fr\/notre-role\/nos-priorites\/cultiver-des-talents-du-21e-siecle\/","og_locale":"fr_FR","og_type":"article","og_title":"Cultiver des talents du 21e si\u00e8cle - Colleges and Institutes Canada","og_description":"Les coll\u00e8ges et instituts sont le fer de lance du march\u00e9 du travail canadien. Plus de 6,3 millions de Canadiennes et de Canadiens actifs aujourd\u2019hui sont des dipl\u00f4m\u00e9s des coll\u00e8ges...","og_url":"https:\/\/www.collegesinstitutes.ca\/fr\/notre-role\/nos-priorites\/cultiver-des-talents-du-21e-siecle\/","og_site_name":"Colleges and Institutes Canada","article_modified_time":"2024-03-21T13:25:40+00:00","og_image":[{"width":1200,"height":628,"url":"https:\/\/www.collegesinstitutes.ca\/wp-content\/uploads\/2022\/10\/header-img-talent.jpg","type":"image\/jpeg"}],"twitter_card":"summary_large_image","twitter_misc":{"Est. reading time":"1 minute"},"schema":{"@context":"https:\/\/schema.org","@graph":[{"@type":"WebPage","@id":"https:\/\/www.collegesinstitutes.ca\/fr\/notre-role\/nos-priorites\/cultiver-des-talents-du-21e-siecle\/","url":"https:\/\/www.collegesinstitutes.ca\/fr\/notre-role\/nos-priorites\/cultiver-des-talents-du-21e-siecle\/","name":"Cultiver des talents du 21e si\u00e8cle - Colleges and Institutes Canada","isPartOf":{"@id":"https:\/\/www.collegesinstitutes.ca\/fr\/#website"},"primaryImageOfPage":{"@id":"https:\/\/www.collegesinstitutes.ca\/fr\/notre-role\/nos-priorites\/cultiver-des-talents-du-21e-siecle\/#primaryimage"},"image":{"@id":"https:\/\/www.collegesinstitutes.ca\/fr\/notre-role\/nos-priorites\/cultiver-des-talents-du-21e-siecle\/#primaryimage"},"thumbnailUrl":"https:\/\/www.collegesinstitutes.ca\/wp-content\/uploads\/2022\/10\/header-img-talent.jpg","datePublished":"2022-03-09T14:14:52+00:00","dateModified":"2024-03-21T13:25:40+00:00","breadcrumb":{"@id":"https:\/\/www.collegesinstitutes.ca\/fr\/notre-role\/nos-priorites\/cultiver-des-talents-du-21e-siecle\/#breadcrumb"},"inLanguage":"fr-FR","potentialAction":[{"@type":"ReadAction","target":["https:\/\/www.collegesinstitutes.ca\/fr\/notre-role\/nos-priorites\/cultiver-des-talents-du-21e-siecle\/"]}]},{"@type":"ImageObject","inLanguage":"fr-FR","@id":"https:\/\/www.collegesinstitutes.ca\/fr\/notre-role\/nos-priorites\/cultiver-des-talents-du-21e-siecle\/#primaryimage","url":"https:\/\/www.collegesinstitutes.ca\/wp-content\/uploads\/2022\/10\/header-img-talent.jpg","contentUrl":"https:\/\/www.collegesinstitutes.ca\/wp-content\/uploads\/2022\/10\/header-img-talent.jpg","width":1200,"height":628},{"@type":"BreadcrumbList","@id":"https:\/\/www.collegesinstitutes.ca\/fr\/notre-role\/nos-priorites\/cultiver-des-talents-du-21e-siecle\/#breadcrumb","itemListElement":[{"@type":"ListItem","position":1,"name":"Home","item":"https:\/\/www.collegesinstitutes.ca\/fr\/"},{"@type":"ListItem","position":2,"name":"Notre r\u00f4le","item":"https:\/\/www.collegesinstitutes.ca\/fr\/notre-role\/"},{"@type":"ListItem","position":3,"name":"Nos priorit\u00e9s","item":"https:\/\/www.collegesinstitutes.ca\/fr\/notre-role\/nos-priorites\/"},{"@type":"ListItem","position":4,"name":"Cultiver des talents du 21e si\u00e8cle"}]},{"@type":"WebSite","@id":"https:\/\/www.collegesinstitutes.ca\/fr\/#website","url":"https:\/\/www.collegesinstitutes.ca\/fr\/","name":"Colleges and Institutes Canada","description":"The Voice of Canada&#039;s Colleges &amp; Institutes","publisher":{"@id":"https:\/\/www.collegesinstitutes.ca\/fr\/#organization"},"potentialAction":[{"@type":"SearchAction","target":{"@type":"EntryPoint","urlTemplate":"https:\/\/www.collegesinstitutes.ca\/fr\/?s={search_term_string}"},"query-input":{"@type":"PropertyValueSpecification","valueRequired":true,"valueName":"search_term_string"}}],"inLanguage":"fr-FR"},{"@type":"Organization","@id":"https:\/\/www.collegesinstitutes.ca\/fr\/#organization","name":"Colleges and Institutes Canada","url":"https:\/\/www.collegesinstitutes.ca\/fr\/","logo":{"@type":"ImageObject","inLanguage":"fr-FR","@id":"https:\/\/www.collegesinstitutes.ca\/fr\/#\/schema\/logo\/image\/","url":"https:\/\/www.collegesinstitutes.ca\/wp-content\/uploads\/2025\/06\/logo-en.png","contentUrl":"https:\/\/www.collegesinstitutes.ca\/wp-content\/uploads\/2025\/06\/logo-en.png","width":794,"height":280,"caption":"Colleges and Institutes Canada"},"image":{"@id":"https:\/\/www.collegesinstitutes.ca\/fr\/#\/schema\/logo\/image\/"}}]}},"_links":{"self":[{"href":"https:\/\/www.collegesinstitutes.ca\/fr\/wp-json\/wp\/v2\/pages\/22347","targetHints":{"allow":["GET"]}}],"collection":[{"href":"https:\/\/www.collegesinstitutes.ca\/fr\/wp-json\/wp\/v2\/pages"}],"about":[{"href":"https:\/\/www.collegesinstitutes.ca\/fr\/wp-json\/wp\/v2\/types\/page"}],"author":[{"embeddable":true,"href":"https:\/\/www.collegesinstitutes.ca\/fr\/wp-json\/wp\/v2\/users\/1"}],"replies":[{"embeddable":true,"href":"https:\/\/www.collegesinstitutes.ca\/fr\/wp-json\/wp\/v2\/comments?post=22347"}],"version-history":[{"count":0,"href":"https:\/\/www.collegesinstitutes.ca\/fr\/wp-json\/wp\/v2\/pages\/22347\/revisions"}],"up":[{"embeddable":true,"href":"https:\/\/www.collegesinstitutes.ca\/fr\/wp-json\/wp\/v2\/pages\/22343"}],"wp:featuredmedia":[{"embeddable":true,"href":"https:\/\/www.collegesinstitutes.ca\/fr\/wp-json\/wp\/v2\/media\/9358"}],"wp:attachment":[{"href":"https:\/\/www.collegesinstitutes.ca\/fr\/wp-json\/wp\/v2\/media?parent=22347"}],"wp:term":[{"taxonomy":"category","embeddable":true,"href":"https:\/\/www.collegesinstitutes.ca\/fr\/wp-json\/wp\/v2\/categories?post=22347"},{"taxonomy":"post_tag","embeddable":true,"href":"https:\/\/www.collegesinstitutes.ca\/fr\/wp-json\/wp\/v2\/tags?post=22347"}],"curies":[{"name":"wp","href":"https:\/\/api.w.org\/{rel}","templated":true}]}}