{"id":22344,"date":"2022-03-09T14:15:16","date_gmt":"2022-03-09T14:15:16","guid":{"rendered":"https:\/\/www.collegesinstitutes.ca\/notre-role\/advocacy\/campuses-of-the-future\/"},"modified":"2024-03-21T13:25:33","modified_gmt":"2024-03-21T13:25:33","slug":"construire-les-campus-du-futur","status":"publish","type":"page","link":"https:\/\/www.collegesinstitutes.ca\/fr\/notre-role\/nos-priorites\/construire-les-campus-du-futur\/","title":{"rendered":"Construire les campus du futur"},"content":{"rendered":"<p class=\"lead\">Nous sommes le plus vaste r\u00e9seau de l\u2019enseignement sup\u00e9rieur au Canada. Il est constitu\u00e9 de plus de 680 campus et centres d\u2019acc\u00e8s o\u00f9 nous collaborons avec les gouvernements, les industries et les organismes sans but lucratif afin de former des millions d\u2019apprenantes et apprenants vari\u00e9s.<\/p>\n<p>Notre \u00e9conomie est en perp\u00e9tuelle mutation. Aujourd\u2019hui plus que jamais, elle est soumise aux effets conjugu\u00e9s de la num\u00e9risation rapide et des progr\u00e8s technologiques. Les \u00e9tudiantes et \u00e9tudiants doivent absolument avoir acc\u00e8s aux derni\u00e8res technologies industrielles s\u2019ils veulent acqu\u00e9rir les comp\u00e9tences n\u00e9cessaires pour prosp\u00e9rer dans l\u2019\u00e9conomie de demain et combler les p\u00e9nuries de main-d\u2019\u0153uvre au Canada. Cela est primordial pour les coll\u00e8ges et instituts et leurs catalogues d\u2019exp\u00e9riences d\u2019apprentissage pratiques et sp\u00e9cifiques \u00e0 l\u2019industrie. <\/p>\n<p>Les coll\u00e8ges et instituts peuvent, avec un appui ad\u00e9quat, veiller \u00e0 ce que leurs campus parent les apprenantes, les apprenants et les collectivit\u00e9s \u00e0 toute \u00e9preuve. Nous continuons \u00e0 enrichir nos infrastructures pour faire progresser l\u2019apprentissage et r\u00e9pondre aux besoins de demain. Cela implique entre autres l\u2019adoption de technologies \u00e0 haut rendement \u00e9nerg\u00e9tique pour atteindre la carboneutralit\u00e9 sur les campus, sans parler de la cr\u00e9ation de centres de recherche de pointe pour le d\u00e9veloppement de comp\u00e9tences essentielles et la r\u00e9solution de probl\u00e8mes concrets.   <\/p>\n<div class=\"boxit my-5\">\n<div class=\"row align-items-center\">\n<div class=\"col-md-2\"><img fetchpriority=\"high\" decoding=\"async\" src=\"https:\/\/www.collegesinstitutes.ca\/wp-content\/uploads\/2023\/01\/thumbnail-img-didyouknow.png\" alt=\"\" width=\"600\" height=\"596\" class=\"alignnone size-full wp-image-16088\" srcset=\"https:\/\/www.collegesinstitutes.ca\/wp-content\/uploads\/2023\/01\/thumbnail-img-didyouknow.png 600w, https:\/\/www.collegesinstitutes.ca\/wp-content\/uploads\/2023\/01\/thumbnail-img-didyouknow-300x298.png 300w, https:\/\/www.collegesinstitutes.ca\/wp-content\/uploads\/2023\/01\/thumbnail-img-didyouknow-150x150.png 150w\" sizes=\"(max-width: 600px) 100vw, 600px\" \/><\/div>\n<div class=\"col-md-10 fs-5\">Une r\u00e9cente enqu\u00eate sur les besoins en infrastructures a r\u00e9v\u00e9l\u00e9 que les membres de CICan ont plus de 300 projets pr\u00eats \u00e0 \u00eatre mis sur les rails. La majorit\u00e9 d\u2019entre eux (62%) portent sur des r\u00e9novations, des r\u00e9parations et des modernisations visant \u00e0 am\u00e9liorer l\u2019efficacit\u00e9 \u00e9nerg\u00e9tique et \u00e0 r\u00e9duire les \u00e9missions de GES des campus. <\/div>\n<\/div>\n<\/div>\n","protected":false},"excerpt":{"rendered":"<p>Nous sommes le plus vaste r\u00e9seau de l\u2019enseignement sup\u00e9rieur au Canada. Il est constitu\u00e9 de plus de 680 campus et centres d\u2019acc\u00e8s o\u00f9 nous collaborons avec les gouvernements, les industries&#8230;<\/p>\n","protected":false},"author":1,"featured_media":9360,"parent":22343,"menu_order":0,"comment_status":"closed","ping_status":"closed","template":"","meta":{"_acf_changed":false,"footnotes":""},"categories":[396],"tags":[],"class_list":["post-22344","page","type-page","status-publish","has-post-thumbnail","hentry","category-construire-les-campus-du-futur"],"acf":[],"yoast_head":"<!-- This site is optimized with the Yoast SEO plugin v27.3 - https:\/\/yoast.com\/product\/yoast-seo-wordpress\/ -->\n<title>Construire les campus du futur - Colleges and Institutes Canada<\/title>\n<meta name=\"robots\" content=\"index, follow, max-snippet:-1, max-image-preview:large, max-video-preview:-1\" \/>\n<link rel=\"canonical\" href=\"https:\/\/www.collegesinstitutes.ca\/fr\/notre-role\/nos-priorites\/construire-les-campus-du-futur\/\" \/>\n<meta property=\"og:locale\" content=\"fr_FR\" \/>\n<meta property=\"og:type\" content=\"article\" \/>\n<meta property=\"og:title\" content=\"Construire les campus du futur - Colleges and Institutes Canada\" \/>\n<meta property=\"og:description\" content=\"Nous sommes le plus vaste r\u00e9seau de l\u2019enseignement sup\u00e9rieur au Canada. Il est constitu\u00e9 de plus de 680 campus et centres d\u2019acc\u00e8s o\u00f9 nous collaborons avec les gouvernements, les industries...\" \/>\n<meta property=\"og:url\" content=\"https:\/\/www.collegesinstitutes.ca\/fr\/notre-role\/nos-priorites\/construire-les-campus-du-futur\/\" \/>\n<meta property=\"og:site_name\" content=\"Colleges and Institutes Canada\" \/>\n<meta property=\"article:modified_time\" content=\"2024-03-21T13:25:33+00:00\" \/>\n<meta property=\"og:image\" content=\"https:\/\/www.collegesinstitutes.ca\/wp-content\/uploads\/2022\/10\/header-img-campus.jpg\" \/>\n\t<meta property=\"og:image:width\" content=\"1200\" \/>\n\t<meta property=\"og:image:height\" content=\"628\" \/>\n\t<meta property=\"og:image:type\" content=\"image\/jpeg\" \/>\n<meta name=\"twitter:card\" content=\"summary_large_image\" \/>\n<meta name=\"twitter:label1\" content=\"Est. reading time\" \/>\n\t<meta name=\"twitter:data1\" content=\"1 minute\" \/>\n<script type=\"application\/ld+json\" class=\"yoast-schema-graph\">{\"@context\":\"https:\\\/\\\/schema.org\",\"@graph\":[{\"@type\":\"WebPage\",\"@id\":\"https:\\\/\\\/www.collegesinstitutes.ca\\\/fr\\\/notre-role\\\/nos-priorites\\\/construire-les-campus-du-futur\\\/\",\"url\":\"https:\\\/\\\/www.collegesinstitutes.ca\\\/fr\\\/notre-role\\\/nos-priorites\\\/construire-les-campus-du-futur\\\/\",\"name\":\"Construire les campus du futur - Colleges and Institutes Canada\",\"isPartOf\":{\"@id\":\"https:\\\/\\\/www.collegesinstitutes.ca\\\/fr\\\/#website\"},\"primaryImageOfPage\":{\"@id\":\"https:\\\/\\\/www.collegesinstitutes.ca\\\/fr\\\/notre-role\\\/nos-priorites\\\/construire-les-campus-du-futur\\\/#primaryimage\"},\"image\":{\"@id\":\"https:\\\/\\\/www.collegesinstitutes.ca\\\/fr\\\/notre-role\\\/nos-priorites\\\/construire-les-campus-du-futur\\\/#primaryimage\"},\"thumbnailUrl\":\"https:\\\/\\\/www.collegesinstitutes.ca\\\/wp-content\\\/uploads\\\/2022\\\/10\\\/header-img-campus.jpg\",\"datePublished\":\"2022-03-09T14:15:16+00:00\",\"dateModified\":\"2024-03-21T13:25:33+00:00\",\"breadcrumb\":{\"@id\":\"https:\\\/\\\/www.collegesinstitutes.ca\\\/fr\\\/notre-role\\\/nos-priorites\\\/construire-les-campus-du-futur\\\/#breadcrumb\"},\"inLanguage\":\"fr-FR\",\"potentialAction\":[{\"@type\":\"ReadAction\",\"target\":[\"https:\\\/\\\/www.collegesinstitutes.ca\\\/fr\\\/notre-role\\\/nos-priorites\\\/construire-les-campus-du-futur\\\/\"]}]},{\"@type\":\"ImageObject\",\"inLanguage\":\"fr-FR\",\"@id\":\"https:\\\/\\\/www.collegesinstitutes.ca\\\/fr\\\/notre-role\\\/nos-priorites\\\/construire-les-campus-du-futur\\\/#primaryimage\",\"url\":\"https:\\\/\\\/www.collegesinstitutes.ca\\\/wp-content\\\/uploads\\\/2022\\\/10\\\/header-img-campus.jpg\",\"contentUrl\":\"https:\\\/\\\/www.collegesinstitutes.ca\\\/wp-content\\\/uploads\\\/2022\\\/10\\\/header-img-campus.jpg\",\"width\":1200,\"height\":628},{\"@type\":\"BreadcrumbList\",\"@id\":\"https:\\\/\\\/www.collegesinstitutes.ca\\\/fr\\\/notre-role\\\/nos-priorites\\\/construire-les-campus-du-futur\\\/#breadcrumb\",\"itemListElement\":[{\"@type\":\"ListItem\",\"position\":1,\"name\":\"Home\",\"item\":\"https:\\\/\\\/www.collegesinstitutes.ca\\\/fr\\\/\"},{\"@type\":\"ListItem\",\"position\":2,\"name\":\"Notre r\u00f4le\",\"item\":\"https:\\\/\\\/www.collegesinstitutes.ca\\\/fr\\\/notre-role\\\/\"},{\"@type\":\"ListItem\",\"position\":3,\"name\":\"Nos priorit\u00e9s\",\"item\":\"https:\\\/\\\/www.collegesinstitutes.ca\\\/fr\\\/notre-role\\\/nos-priorites\\\/\"},{\"@type\":\"ListItem\",\"position\":4,\"name\":\"Construire les campus du futur\"}]},{\"@type\":\"WebSite\",\"@id\":\"https:\\\/\\\/www.collegesinstitutes.ca\\\/fr\\\/#website\",\"url\":\"https:\\\/\\\/www.collegesinstitutes.ca\\\/fr\\\/\",\"name\":\"Colleges and Institutes Canada\",\"description\":\"The Voice of Canada&#039;s Colleges &amp; Institutes\",\"publisher\":{\"@id\":\"https:\\\/\\\/www.collegesinstitutes.ca\\\/fr\\\/#organization\"},\"potentialAction\":[{\"@type\":\"SearchAction\",\"target\":{\"@type\":\"EntryPoint\",\"urlTemplate\":\"https:\\\/\\\/www.collegesinstitutes.ca\\\/fr\\\/?s={search_term_string}\"},\"query-input\":{\"@type\":\"PropertyValueSpecification\",\"valueRequired\":true,\"valueName\":\"search_term_string\"}}],\"inLanguage\":\"fr-FR\"},{\"@type\":\"Organization\",\"@id\":\"https:\\\/\\\/www.collegesinstitutes.ca\\\/fr\\\/#organization\",\"name\":\"Colleges and Institutes Canada\",\"url\":\"https:\\\/\\\/www.collegesinstitutes.ca\\\/fr\\\/\",\"logo\":{\"@type\":\"ImageObject\",\"inLanguage\":\"fr-FR\",\"@id\":\"https:\\\/\\\/www.collegesinstitutes.ca\\\/fr\\\/#\\\/schema\\\/logo\\\/image\\\/\",\"url\":\"https:\\\/\\\/www.collegesinstitutes.ca\\\/wp-content\\\/uploads\\\/2025\\\/06\\\/logo-en.png\",\"contentUrl\":\"https:\\\/\\\/www.collegesinstitutes.ca\\\/wp-content\\\/uploads\\\/2025\\\/06\\\/logo-en.png\",\"width\":794,\"height\":280,\"caption\":\"Colleges and Institutes Canada\"},\"image\":{\"@id\":\"https:\\\/\\\/www.collegesinstitutes.ca\\\/fr\\\/#\\\/schema\\\/logo\\\/image\\\/\"}}]}<\/script>\n<!-- \/ Yoast SEO plugin. -->","yoast_head_json":{"title":"Construire les campus du futur - Colleges and Institutes Canada","robots":{"index":"index","follow":"follow","max-snippet":"max-snippet:-1","max-image-preview":"max-image-preview:large","max-video-preview":"max-video-preview:-1"},"canonical":"https:\/\/www.collegesinstitutes.ca\/fr\/notre-role\/nos-priorites\/construire-les-campus-du-futur\/","og_locale":"fr_FR","og_type":"article","og_title":"Construire les campus du futur - Colleges and Institutes Canada","og_description":"Nous sommes le plus vaste r\u00e9seau de l\u2019enseignement sup\u00e9rieur au Canada. Il est constitu\u00e9 de plus de 680 campus et centres d\u2019acc\u00e8s o\u00f9 nous collaborons avec les gouvernements, les industries...","og_url":"https:\/\/www.collegesinstitutes.ca\/fr\/notre-role\/nos-priorites\/construire-les-campus-du-futur\/","og_site_name":"Colleges and Institutes Canada","article_modified_time":"2024-03-21T13:25:33+00:00","og_image":[{"width":1200,"height":628,"url":"https:\/\/www.collegesinstitutes.ca\/wp-content\/uploads\/2022\/10\/header-img-campus.jpg","type":"image\/jpeg"}],"twitter_card":"summary_large_image","twitter_misc":{"Est. reading time":"1 minute"},"schema":{"@context":"https:\/\/schema.org","@graph":[{"@type":"WebPage","@id":"https:\/\/www.collegesinstitutes.ca\/fr\/notre-role\/nos-priorites\/construire-les-campus-du-futur\/","url":"https:\/\/www.collegesinstitutes.ca\/fr\/notre-role\/nos-priorites\/construire-les-campus-du-futur\/","name":"Construire les campus du futur - Colleges and Institutes Canada","isPartOf":{"@id":"https:\/\/www.collegesinstitutes.ca\/fr\/#website"},"primaryImageOfPage":{"@id":"https:\/\/www.collegesinstitutes.ca\/fr\/notre-role\/nos-priorites\/construire-les-campus-du-futur\/#primaryimage"},"image":{"@id":"https:\/\/www.collegesinstitutes.ca\/fr\/notre-role\/nos-priorites\/construire-les-campus-du-futur\/#primaryimage"},"thumbnailUrl":"https:\/\/www.collegesinstitutes.ca\/wp-content\/uploads\/2022\/10\/header-img-campus.jpg","datePublished":"2022-03-09T14:15:16+00:00","dateModified":"2024-03-21T13:25:33+00:00","breadcrumb":{"@id":"https:\/\/www.collegesinstitutes.ca\/fr\/notre-role\/nos-priorites\/construire-les-campus-du-futur\/#breadcrumb"},"inLanguage":"fr-FR","potentialAction":[{"@type":"ReadAction","target":["https:\/\/www.collegesinstitutes.ca\/fr\/notre-role\/nos-priorites\/construire-les-campus-du-futur\/"]}]},{"@type":"ImageObject","inLanguage":"fr-FR","@id":"https:\/\/www.collegesinstitutes.ca\/fr\/notre-role\/nos-priorites\/construire-les-campus-du-futur\/#primaryimage","url":"https:\/\/www.collegesinstitutes.ca\/wp-content\/uploads\/2022\/10\/header-img-campus.jpg","contentUrl":"https:\/\/www.collegesinstitutes.ca\/wp-content\/uploads\/2022\/10\/header-img-campus.jpg","width":1200,"height":628},{"@type":"BreadcrumbList","@id":"https:\/\/www.collegesinstitutes.ca\/fr\/notre-role\/nos-priorites\/construire-les-campus-du-futur\/#breadcrumb","itemListElement":[{"@type":"ListItem","position":1,"name":"Home","item":"https:\/\/www.collegesinstitutes.ca\/fr\/"},{"@type":"ListItem","position":2,"name":"Notre r\u00f4le","item":"https:\/\/www.collegesinstitutes.ca\/fr\/notre-role\/"},{"@type":"ListItem","position":3,"name":"Nos priorit\u00e9s","item":"https:\/\/www.collegesinstitutes.ca\/fr\/notre-role\/nos-priorites\/"},{"@type":"ListItem","position":4,"name":"Construire les campus du futur"}]},{"@type":"WebSite","@id":"https:\/\/www.collegesinstitutes.ca\/fr\/#website","url":"https:\/\/www.collegesinstitutes.ca\/fr\/","name":"Colleges and Institutes Canada","description":"The Voice of Canada&#039;s Colleges &amp; Institutes","publisher":{"@id":"https:\/\/www.collegesinstitutes.ca\/fr\/#organization"},"potentialAction":[{"@type":"SearchAction","target":{"@type":"EntryPoint","urlTemplate":"https:\/\/www.collegesinstitutes.ca\/fr\/?s={search_term_string}"},"query-input":{"@type":"PropertyValueSpecification","valueRequired":true,"valueName":"search_term_string"}}],"inLanguage":"fr-FR"},{"@type":"Organization","@id":"https:\/\/www.collegesinstitutes.ca\/fr\/#organization","name":"Colleges and Institutes Canada","url":"https:\/\/www.collegesinstitutes.ca\/fr\/","logo":{"@type":"ImageObject","inLanguage":"fr-FR","@id":"https:\/\/www.collegesinstitutes.ca\/fr\/#\/schema\/logo\/image\/","url":"https:\/\/www.collegesinstitutes.ca\/wp-content\/uploads\/2025\/06\/logo-en.png","contentUrl":"https:\/\/www.collegesinstitutes.ca\/wp-content\/uploads\/2025\/06\/logo-en.png","width":794,"height":280,"caption":"Colleges and Institutes Canada"},"image":{"@id":"https:\/\/www.collegesinstitutes.ca\/fr\/#\/schema\/logo\/image\/"}}]}},"_links":{"self":[{"href":"https:\/\/www.collegesinstitutes.ca\/fr\/wp-json\/wp\/v2\/pages\/22344","targetHints":{"allow":["GET"]}}],"collection":[{"href":"https:\/\/www.collegesinstitutes.ca\/fr\/wp-json\/wp\/v2\/pages"}],"about":[{"href":"https:\/\/www.collegesinstitutes.ca\/fr\/wp-json\/wp\/v2\/types\/page"}],"author":[{"embeddable":true,"href":"https:\/\/www.collegesinstitutes.ca\/fr\/wp-json\/wp\/v2\/users\/1"}],"replies":[{"embeddable":true,"href":"https:\/\/www.collegesinstitutes.ca\/fr\/wp-json\/wp\/v2\/comments?post=22344"}],"version-history":[{"count":0,"href":"https:\/\/www.collegesinstitutes.ca\/fr\/wp-json\/wp\/v2\/pages\/22344\/revisions"}],"up":[{"embeddable":true,"href":"https:\/\/www.collegesinstitutes.ca\/fr\/wp-json\/wp\/v2\/pages\/22343"}],"wp:featuredmedia":[{"embeddable":true,"href":"https:\/\/www.collegesinstitutes.ca\/fr\/wp-json\/wp\/v2\/media\/9360"}],"wp:attachment":[{"href":"https:\/\/www.collegesinstitutes.ca\/fr\/wp-json\/wp\/v2\/media?parent=22344"}],"wp:term":[{"taxonomy":"category","embeddable":true,"href":"https:\/\/www.collegesinstitutes.ca\/fr\/wp-json\/wp\/v2\/categories?post=22344"},{"taxonomy":"post_tag","embeddable":true,"href":"https:\/\/www.collegesinstitutes.ca\/fr\/wp-json\/wp\/v2\/tags?post=22344"}],"curies":[{"name":"wp","href":"https:\/\/api.w.org\/{rel}","templated":true}]}}