{"id":22343,"date":"2022-03-09T14:14:22","date_gmt":"2022-03-09T14:14:22","guid":{"rendered":"https:\/\/www.collegesinstitutes.ca\/notre-role\/advocacy\/"},"modified":"2024-03-18T21:58:55","modified_gmt":"2024-03-18T21:58:55","slug":"nos-priorites","status":"publish","type":"page","link":"https:\/\/www.collegesinstitutes.ca\/fr\/notre-role\/nos-priorites\/","title":{"rendered":"Nos priorit\u00e9s"},"content":{"rendered":"<p class=\"lead\">CICan agit \u00e0 titre de porte-parole collectif pour les coll\u00e8ges et les instituts. Nous collaborons avec les gouvernements, l\u2019industrie et les collectivit\u00e9s pour veiller \u00e0 ce que toutes les Canadiennes et tous les Canadiens puissent acc\u00e9der \u00e0 des formations pertinentes. Ils et elles en ressortiront \u00e9quip\u00e9s des comp\u00e9tences n\u00e9cessaires \u00e0 leur r\u00e9ussite sur le march\u00e9 du travail et \u00e0 leur participation active \u00e0 l\u2019\u00e9cosyst\u00e8me de l\u2019innovation.<\/p>\n","protected":false},"excerpt":{"rendered":"<p>CICan agit \u00e0 titre de porte-parole collectif pour les coll\u00e8ges et les instituts. Nous collaborons avec les gouvernements, l\u2019industrie et les collectivit\u00e9s pour veiller \u00e0 ce que toutes les Canadiennes&#8230;<\/p>\n","protected":false},"author":1,"featured_media":9366,"parent":10688,"menu_order":0,"comment_status":"closed","ping_status":"closed","template":"page-advocacy.php","meta":{"_acf_changed":false,"footnotes":""},"categories":[],"tags":[],"class_list":["post-22343","page","type-page","status-publish","has-post-thumbnail","hentry"],"acf":[],"yoast_head":"<!-- This site is optimized with the Yoast SEO plugin v27.4 - https:\/\/yoast.com\/product\/yoast-seo-wordpress\/ -->\n<title>Nos priorit\u00e9s - Colleges and Institutes Canada<\/title>\n<meta name=\"robots\" content=\"index, follow, max-snippet:-1, max-image-preview:large, max-video-preview:-1\" \/>\n<link rel=\"canonical\" href=\"https:\/\/www.collegesinstitutes.ca\/fr\/notre-role\/nos-priorites\/\" \/>\n<meta property=\"og:locale\" content=\"fr_FR\" \/>\n<meta property=\"og:type\" content=\"article\" \/>\n<meta property=\"og:title\" content=\"Nos priorit\u00e9s - Colleges and Institutes Canada\" \/>\n<meta property=\"og:description\" content=\"CICan agit \u00e0 titre de porte-parole collectif pour les coll\u00e8ges et les instituts. Nous collaborons avec les gouvernements, l\u2019industrie et les collectivit\u00e9s pour veiller \u00e0 ce que toutes les Canadiennes...\" \/>\n<meta property=\"og:url\" content=\"https:\/\/www.collegesinstitutes.ca\/fr\/notre-role\/nos-priorites\/\" \/>\n<meta property=\"og:site_name\" content=\"Colleges and Institutes Canada\" \/>\n<meta property=\"article:modified_time\" content=\"2024-03-18T21:58:55+00:00\" \/>\n<meta property=\"og:image\" content=\"https:\/\/www.collegesinstitutes.ca\/wp-content\/uploads\/2022\/10\/header-img-advocacy-1.jpg\" \/>\n\t<meta property=\"og:image:width\" content=\"1200\" \/>\n\t<meta property=\"og:image:height\" content=\"640\" \/>\n\t<meta property=\"og:image:type\" content=\"image\/jpeg\" \/>\n<meta name=\"twitter:card\" content=\"summary_large_image\" \/>\n<script type=\"application\/ld+json\" class=\"yoast-schema-graph\">{\"@context\":\"https:\\\/\\\/schema.org\",\"@graph\":[{\"@type\":\"WebPage\",\"@id\":\"https:\\\/\\\/www.collegesinstitutes.ca\\\/fr\\\/notre-role\\\/nos-priorites\\\/\",\"url\":\"https:\\\/\\\/www.collegesinstitutes.ca\\\/fr\\\/notre-role\\\/nos-priorites\\\/\",\"name\":\"Nos priorit\u00e9s - Colleges and Institutes Canada\",\"isPartOf\":{\"@id\":\"https:\\\/\\\/www.collegesinstitutes.ca\\\/fr\\\/#website\"},\"primaryImageOfPage\":{\"@id\":\"https:\\\/\\\/www.collegesinstitutes.ca\\\/fr\\\/notre-role\\\/nos-priorites\\\/#primaryimage\"},\"image\":{\"@id\":\"https:\\\/\\\/www.collegesinstitutes.ca\\\/fr\\\/notre-role\\\/nos-priorites\\\/#primaryimage\"},\"thumbnailUrl\":\"https:\\\/\\\/www.collegesinstitutes.ca\\\/wp-content\\\/uploads\\\/2022\\\/10\\\/header-img-advocacy-1.jpg\",\"datePublished\":\"2022-03-09T14:14:22+00:00\",\"dateModified\":\"2024-03-18T21:58:55+00:00\",\"breadcrumb\":{\"@id\":\"https:\\\/\\\/www.collegesinstitutes.ca\\\/fr\\\/notre-role\\\/nos-priorites\\\/#breadcrumb\"},\"inLanguage\":\"fr-FR\",\"potentialAction\":[{\"@type\":\"ReadAction\",\"target\":[\"https:\\\/\\\/www.collegesinstitutes.ca\\\/fr\\\/notre-role\\\/nos-priorites\\\/\"]}]},{\"@type\":\"ImageObject\",\"inLanguage\":\"fr-FR\",\"@id\":\"https:\\\/\\\/www.collegesinstitutes.ca\\\/fr\\\/notre-role\\\/nos-priorites\\\/#primaryimage\",\"url\":\"https:\\\/\\\/www.collegesinstitutes.ca\\\/wp-content\\\/uploads\\\/2022\\\/10\\\/header-img-advocacy-1.jpg\",\"contentUrl\":\"https:\\\/\\\/www.collegesinstitutes.ca\\\/wp-content\\\/uploads\\\/2022\\\/10\\\/header-img-advocacy-1.jpg\",\"width\":1200,\"height\":640},{\"@type\":\"BreadcrumbList\",\"@id\":\"https:\\\/\\\/www.collegesinstitutes.ca\\\/fr\\\/notre-role\\\/nos-priorites\\\/#breadcrumb\",\"itemListElement\":[{\"@type\":\"ListItem\",\"position\":1,\"name\":\"Home\",\"item\":\"https:\\\/\\\/www.collegesinstitutes.ca\\\/fr\\\/\"},{\"@type\":\"ListItem\",\"position\":2,\"name\":\"Notre r\u00f4le\",\"item\":\"https:\\\/\\\/www.collegesinstitutes.ca\\\/fr\\\/notre-role\\\/\"},{\"@type\":\"ListItem\",\"position\":3,\"name\":\"Nos priorit\u00e9s\"}]},{\"@type\":\"WebSite\",\"@id\":\"https:\\\/\\\/www.collegesinstitutes.ca\\\/fr\\\/#website\",\"url\":\"https:\\\/\\\/www.collegesinstitutes.ca\\\/fr\\\/\",\"name\":\"Colleges and Institutes Canada\",\"description\":\"The Voice of Canada&#039;s Colleges &amp; Institutes\",\"publisher\":{\"@id\":\"https:\\\/\\\/www.collegesinstitutes.ca\\\/fr\\\/#organization\"},\"potentialAction\":[{\"@type\":\"SearchAction\",\"target\":{\"@type\":\"EntryPoint\",\"urlTemplate\":\"https:\\\/\\\/www.collegesinstitutes.ca\\\/fr\\\/?s={search_term_string}\"},\"query-input\":{\"@type\":\"PropertyValueSpecification\",\"valueRequired\":true,\"valueName\":\"search_term_string\"}}],\"inLanguage\":\"fr-FR\"},{\"@type\":\"Organization\",\"@id\":\"https:\\\/\\\/www.collegesinstitutes.ca\\\/fr\\\/#organization\",\"name\":\"Colleges and Institutes Canada\",\"url\":\"https:\\\/\\\/www.collegesinstitutes.ca\\\/fr\\\/\",\"logo\":{\"@type\":\"ImageObject\",\"inLanguage\":\"fr-FR\",\"@id\":\"https:\\\/\\\/www.collegesinstitutes.ca\\\/fr\\\/#\\\/schema\\\/logo\\\/image\\\/\",\"url\":\"https:\\\/\\\/www.collegesinstitutes.ca\\\/wp-content\\\/uploads\\\/2025\\\/06\\\/logo-en.png\",\"contentUrl\":\"https:\\\/\\\/www.collegesinstitutes.ca\\\/wp-content\\\/uploads\\\/2025\\\/06\\\/logo-en.png\",\"width\":794,\"height\":280,\"caption\":\"Colleges and Institutes Canada\"},\"image\":{\"@id\":\"https:\\\/\\\/www.collegesinstitutes.ca\\\/fr\\\/#\\\/schema\\\/logo\\\/image\\\/\"}}]}<\/script>\n<!-- \/ Yoast SEO plugin. -->","yoast_head_json":{"title":"Nos priorit\u00e9s - Colleges and Institutes Canada","robots":{"index":"index","follow":"follow","max-snippet":"max-snippet:-1","max-image-preview":"max-image-preview:large","max-video-preview":"max-video-preview:-1"},"canonical":"https:\/\/www.collegesinstitutes.ca\/fr\/notre-role\/nos-priorites\/","og_locale":"fr_FR","og_type":"article","og_title":"Nos priorit\u00e9s - Colleges and Institutes Canada","og_description":"CICan agit \u00e0 titre de porte-parole collectif pour les coll\u00e8ges et les instituts. Nous collaborons avec les gouvernements, l\u2019industrie et les collectivit\u00e9s pour veiller \u00e0 ce que toutes les Canadiennes...","og_url":"https:\/\/www.collegesinstitutes.ca\/fr\/notre-role\/nos-priorites\/","og_site_name":"Colleges and Institutes Canada","article_modified_time":"2024-03-18T21:58:55+00:00","og_image":[{"width":1200,"height":640,"url":"https:\/\/www.collegesinstitutes.ca\/wp-content\/uploads\/2022\/10\/header-img-advocacy-1.jpg","type":"image\/jpeg"}],"twitter_card":"summary_large_image","schema":{"@context":"https:\/\/schema.org","@graph":[{"@type":"WebPage","@id":"https:\/\/www.collegesinstitutes.ca\/fr\/notre-role\/nos-priorites\/","url":"https:\/\/www.collegesinstitutes.ca\/fr\/notre-role\/nos-priorites\/","name":"Nos priorit\u00e9s - Colleges and Institutes Canada","isPartOf":{"@id":"https:\/\/www.collegesinstitutes.ca\/fr\/#website"},"primaryImageOfPage":{"@id":"https:\/\/www.collegesinstitutes.ca\/fr\/notre-role\/nos-priorites\/#primaryimage"},"image":{"@id":"https:\/\/www.collegesinstitutes.ca\/fr\/notre-role\/nos-priorites\/#primaryimage"},"thumbnailUrl":"https:\/\/www.collegesinstitutes.ca\/wp-content\/uploads\/2022\/10\/header-img-advocacy-1.jpg","datePublished":"2022-03-09T14:14:22+00:00","dateModified":"2024-03-18T21:58:55+00:00","breadcrumb":{"@id":"https:\/\/www.collegesinstitutes.ca\/fr\/notre-role\/nos-priorites\/#breadcrumb"},"inLanguage":"fr-FR","potentialAction":[{"@type":"ReadAction","target":["https:\/\/www.collegesinstitutes.ca\/fr\/notre-role\/nos-priorites\/"]}]},{"@type":"ImageObject","inLanguage":"fr-FR","@id":"https:\/\/www.collegesinstitutes.ca\/fr\/notre-role\/nos-priorites\/#primaryimage","url":"https:\/\/www.collegesinstitutes.ca\/wp-content\/uploads\/2022\/10\/header-img-advocacy-1.jpg","contentUrl":"https:\/\/www.collegesinstitutes.ca\/wp-content\/uploads\/2022\/10\/header-img-advocacy-1.jpg","width":1200,"height":640},{"@type":"BreadcrumbList","@id":"https:\/\/www.collegesinstitutes.ca\/fr\/notre-role\/nos-priorites\/#breadcrumb","itemListElement":[{"@type":"ListItem","position":1,"name":"Home","item":"https:\/\/www.collegesinstitutes.ca\/fr\/"},{"@type":"ListItem","position":2,"name":"Notre r\u00f4le","item":"https:\/\/www.collegesinstitutes.ca\/fr\/notre-role\/"},{"@type":"ListItem","position":3,"name":"Nos priorit\u00e9s"}]},{"@type":"WebSite","@id":"https:\/\/www.collegesinstitutes.ca\/fr\/#website","url":"https:\/\/www.collegesinstitutes.ca\/fr\/","name":"Colleges and Institutes Canada","description":"The Voice of Canada&#039;s Colleges &amp; Institutes","publisher":{"@id":"https:\/\/www.collegesinstitutes.ca\/fr\/#organization"},"potentialAction":[{"@type":"SearchAction","target":{"@type":"EntryPoint","urlTemplate":"https:\/\/www.collegesinstitutes.ca\/fr\/?s={search_term_string}"},"query-input":{"@type":"PropertyValueSpecification","valueRequired":true,"valueName":"search_term_string"}}],"inLanguage":"fr-FR"},{"@type":"Organization","@id":"https:\/\/www.collegesinstitutes.ca\/fr\/#organization","name":"Colleges and Institutes Canada","url":"https:\/\/www.collegesinstitutes.ca\/fr\/","logo":{"@type":"ImageObject","inLanguage":"fr-FR","@id":"https:\/\/www.collegesinstitutes.ca\/fr\/#\/schema\/logo\/image\/","url":"https:\/\/www.collegesinstitutes.ca\/wp-content\/uploads\/2025\/06\/logo-en.png","contentUrl":"https:\/\/www.collegesinstitutes.ca\/wp-content\/uploads\/2025\/06\/logo-en.png","width":794,"height":280,"caption":"Colleges and Institutes Canada"},"image":{"@id":"https:\/\/www.collegesinstitutes.ca\/fr\/#\/schema\/logo\/image\/"}}]}},"_links":{"self":[{"href":"https:\/\/www.collegesinstitutes.ca\/fr\/wp-json\/wp\/v2\/pages\/22343","targetHints":{"allow":["GET"]}}],"collection":[{"href":"https:\/\/www.collegesinstitutes.ca\/fr\/wp-json\/wp\/v2\/pages"}],"about":[{"href":"https:\/\/www.collegesinstitutes.ca\/fr\/wp-json\/wp\/v2\/types\/page"}],"author":[{"embeddable":true,"href":"https:\/\/www.collegesinstitutes.ca\/fr\/wp-json\/wp\/v2\/users\/1"}],"replies":[{"embeddable":true,"href":"https:\/\/www.collegesinstitutes.ca\/fr\/wp-json\/wp\/v2\/comments?post=22343"}],"version-history":[{"count":0,"href":"https:\/\/www.collegesinstitutes.ca\/fr\/wp-json\/wp\/v2\/pages\/22343\/revisions"}],"up":[{"embeddable":true,"href":"https:\/\/www.collegesinstitutes.ca\/fr\/wp-json\/wp\/v2\/pages\/10688"}],"wp:featuredmedia":[{"embeddable":true,"href":"https:\/\/www.collegesinstitutes.ca\/fr\/wp-json\/wp\/v2\/media\/9366"}],"wp:attachment":[{"href":"https:\/\/www.collegesinstitutes.ca\/fr\/wp-json\/wp\/v2\/media?parent=22343"}],"wp:term":[{"taxonomy":"category","embeddable":true,"href":"https:\/\/www.collegesinstitutes.ca\/fr\/wp-json\/wp\/v2\/categories?post=22343"},{"taxonomy":"post_tag","embeddable":true,"href":"https:\/\/www.collegesinstitutes.ca\/fr\/wp-json\/wp\/v2\/tags?post=22343"}],"curies":[{"name":"wp","href":"https:\/\/api.w.org\/{rel}","templated":true}]}}