{"id":22342,"date":"2022-03-09T14:45:14","date_gmt":"2022-03-09T14:45:14","guid":{"rendered":"https:\/\/www.collegesinstitutes.ca\/boost-innovation\/"},"modified":"2024-03-21T13:26:00","modified_gmt":"2024-03-21T13:26:00","slug":"stimuler-linnovation","status":"publish","type":"page","link":"https:\/\/www.collegesinstitutes.ca\/fr\/notre-role\/nos-priorites\/stimuler-linnovation\/","title":{"rendered":"Stimuler l\u2019innovation"},"content":{"rendered":"<p class=\"lead\">Le Canada accuse un retard par rapport \u00e0 presque tous ses pairs de l\u2019OCDE en mati\u00e8re de recherche et d\u00e9veloppement men\u00e9s pour le compte des entreprises. C\u2019est maintenant que nous devons agir si nous voulons rester comp\u00e9titifs demain. Fort heureusement, les coll\u00e8ges et instituts sont de v\u00e9ritables moteurs pour la recherche et l\u2019innovation. Nous offrons aux apprenantes et apprenants un espace leur permettant de collaborer avec des petites et moyennes entreprises (PME) pour mener des activit\u00e9s de recherche, analyser et mettre au point des solutions \u00e0 des d\u00e9fis concrets.<\/p>\n<p><strong>Le syst\u00e8me de recherche appliqu\u00e9e en place dans ces coll\u00e8ges offre de consid\u00e9rables avantages du fait de leurs caract\u00e9ristiques uniques, \u00e0 savoir :  <\/strong><\/p>\n<ol>\n<li>La question de recherche est dict\u00e9e par l\u2019entreprise ;<\/li>\n<li>La propri\u00e9t\u00e9 intellectuelle reste aux mains du propri\u00e9taire commercial le plus susceptible de la commercialiser ;<\/li>\n<li>Les r\u00e9sultats sont produits selon les imp\u00e9ratifs de l\u2019entreprise, soit, dans la plupart des cas, en moins d\u2019un an.<\/li>\n<\/ol>\n<div class=\"boxit my-5\">\n<div class=\"row align-items-center\">\n<div class=\"col-md-2\"><img fetchpriority=\"high\" decoding=\"async\" src=\"https:\/\/www.collegesinstitutes.ca\/wp-content\/uploads\/2023\/01\/thumbnail-img-didyouknow.png\" alt=\"\" width=\"600\" height=\"596\" class=\"alignnone size-full wp-image-16088\" srcset=\"https:\/\/www.collegesinstitutes.ca\/wp-content\/uploads\/2023\/01\/thumbnail-img-didyouknow.png 600w, https:\/\/www.collegesinstitutes.ca\/wp-content\/uploads\/2023\/01\/thumbnail-img-didyouknow-300x298.png 300w, https:\/\/www.collegesinstitutes.ca\/wp-content\/uploads\/2023\/01\/thumbnail-img-didyouknow-150x150.png 150w\" sizes=\"(max-width: 600px) 100vw, 600px\" \/><\/div>\n<div class=\"col-md-10 fs-5\">Chaque ann\u00e9e, nous collaborons avec plus de <strong>8 800<\/strong> partenaires dans le cadre de projets de recherche appliqu\u00e9e, ce qui s\u2019est traduit par plus de <strong>6 400<\/strong> avanc\u00e9es industrielles rien que sur <strong>2021-2022<\/strong>.<\/div>\n<\/div>\n<\/div>\n<p>Ces partenariats sont tr\u00e8s pris\u00e9s au Canada. Nos PME sont en effet confront\u00e9es \u00e0 des d\u00e9fis en termes d\u2019innovation, de commercialisation et de croissance  de leurs activit\u00e9s. S\u2019ils re\u00e7oivent le bon appui, les coll\u00e8ges et instituts peuvent forger des partenariats pour r\u00e9pondre aux besoins de bien des entreprises. Ils jouent le r\u00f4le de moteurs de la recherche et du d\u00e9veloppement, tout en offrant aux \u00e9tudiantes et \u00e9tudiants des exp\u00e9riences d\u2019apprentissage ax\u00e9es sur les comp\u00e9tences les plus pointues et les plus recherch\u00e9es. <\/p>\n<p><img decoding=\"async\" src=\"https:\/\/www.collegesinstitutes.ca\/wp-content\/uploads\/2023\/05\/ar-survey2023-chart4-fr-1.png\" alt=\"\" width=\"1800\" height=\"1097\" class=\"alignnone size-full wp-image-31906\" srcset=\"https:\/\/www.collegesinstitutes.ca\/wp-content\/uploads\/2023\/05\/ar-survey2023-chart4-fr-1.png 1800w, https:\/\/www.collegesinstitutes.ca\/wp-content\/uploads\/2023\/05\/ar-survey2023-chart4-fr-1-300x183.png 300w, https:\/\/www.collegesinstitutes.ca\/wp-content\/uploads\/2023\/05\/ar-survey2023-chart4-fr-1-1024x624.png 1024w, https:\/\/www.collegesinstitutes.ca\/wp-content\/uploads\/2023\/05\/ar-survey2023-chart4-fr-1-768x468.png 768w, https:\/\/www.collegesinstitutes.ca\/wp-content\/uploads\/2023\/05\/ar-survey2023-chart4-fr-1-1536x936.png 1536w\" sizes=\"(max-width: 1800px) 100vw, 1800px\" \/><\/p>\n","protected":false},"excerpt":{"rendered":"<p>Le Canada accuse un retard par rapport \u00e0 presque tous ses pairs de l\u2019OCDE en mati\u00e8re de recherche et d\u00e9veloppement men\u00e9s pour le compte des entreprises. C\u2019est maintenant que nous&#8230;<\/p>\n","protected":false},"author":1,"featured_media":9354,"parent":22343,"menu_order":0,"comment_status":"closed","ping_status":"closed","template":"","meta":{"_acf_changed":false,"footnotes":""},"categories":[395],"tags":[],"class_list":["post-22342","page","type-page","status-publish","has-post-thumbnail","hentry","category-stimuler-linnovation"],"acf":[],"yoast_head":"<!-- This site is optimized with the Yoast SEO plugin v27.5 - https:\/\/yoast.com\/product\/yoast-seo-wordpress\/ -->\n<title>Stimuler l\u2019innovation - Colleges and Institutes Canada<\/title>\n<meta name=\"robots\" content=\"index, follow, max-snippet:-1, max-image-preview:large, max-video-preview:-1\" \/>\n<link rel=\"canonical\" href=\"https:\/\/www.collegesinstitutes.ca\/fr\/notre-role\/nos-priorites\/stimuler-linnovation\/\" \/>\n<meta property=\"og:locale\" content=\"fr_FR\" \/>\n<meta property=\"og:type\" content=\"article\" \/>\n<meta property=\"og:title\" content=\"Stimuler l\u2019innovation - Colleges and Institutes Canada\" \/>\n<meta property=\"og:description\" content=\"Le Canada accuse un retard par rapport \u00e0 presque tous ses pairs de l\u2019OCDE en mati\u00e8re de recherche et d\u00e9veloppement men\u00e9s pour le compte des entreprises. C\u2019est maintenant que nous...\" \/>\n<meta property=\"og:url\" content=\"https:\/\/www.collegesinstitutes.ca\/fr\/notre-role\/nos-priorites\/stimuler-linnovation\/\" \/>\n<meta property=\"og:site_name\" content=\"Colleges and Institutes Canada\" \/>\n<meta property=\"article:modified_time\" content=\"2024-03-21T13:26:00+00:00\" \/>\n<meta property=\"og:image\" content=\"https:\/\/www.collegesinstitutes.ca\/wp-content\/uploads\/2022\/10\/header-img-innovation.jpg\" \/>\n\t<meta property=\"og:image:width\" content=\"1200\" \/>\n\t<meta property=\"og:image:height\" content=\"628\" \/>\n\t<meta property=\"og:image:type\" content=\"image\/jpeg\" \/>\n<meta name=\"twitter:card\" content=\"summary_large_image\" \/>\n<meta name=\"twitter:label1\" content=\"Est. reading time\" \/>\n\t<meta name=\"twitter:data1\" content=\"2 minutes\" \/>\n<script type=\"application\/ld+json\" class=\"yoast-schema-graph\">{\"@context\":\"https:\\\/\\\/schema.org\",\"@graph\":[{\"@type\":\"WebPage\",\"@id\":\"https:\\\/\\\/www.collegesinstitutes.ca\\\/fr\\\/notre-role\\\/nos-priorites\\\/stimuler-linnovation\\\/\",\"url\":\"https:\\\/\\\/www.collegesinstitutes.ca\\\/fr\\\/notre-role\\\/nos-priorites\\\/stimuler-linnovation\\\/\",\"name\":\"Stimuler l\u2019innovation - Colleges and Institutes Canada\",\"isPartOf\":{\"@id\":\"https:\\\/\\\/www.collegesinstitutes.ca\\\/fr\\\/#website\"},\"primaryImageOfPage\":{\"@id\":\"https:\\\/\\\/www.collegesinstitutes.ca\\\/fr\\\/notre-role\\\/nos-priorites\\\/stimuler-linnovation\\\/#primaryimage\"},\"image\":{\"@id\":\"https:\\\/\\\/www.collegesinstitutes.ca\\\/fr\\\/notre-role\\\/nos-priorites\\\/stimuler-linnovation\\\/#primaryimage\"},\"thumbnailUrl\":\"https:\\\/\\\/www.collegesinstitutes.ca\\\/wp-content\\\/uploads\\\/2022\\\/10\\\/header-img-innovation.jpg\",\"datePublished\":\"2022-03-09T14:45:14+00:00\",\"dateModified\":\"2024-03-21T13:26:00+00:00\",\"breadcrumb\":{\"@id\":\"https:\\\/\\\/www.collegesinstitutes.ca\\\/fr\\\/notre-role\\\/nos-priorites\\\/stimuler-linnovation\\\/#breadcrumb\"},\"inLanguage\":\"fr-FR\",\"potentialAction\":[{\"@type\":\"ReadAction\",\"target\":[\"https:\\\/\\\/www.collegesinstitutes.ca\\\/fr\\\/notre-role\\\/nos-priorites\\\/stimuler-linnovation\\\/\"]}]},{\"@type\":\"ImageObject\",\"inLanguage\":\"fr-FR\",\"@id\":\"https:\\\/\\\/www.collegesinstitutes.ca\\\/fr\\\/notre-role\\\/nos-priorites\\\/stimuler-linnovation\\\/#primaryimage\",\"url\":\"https:\\\/\\\/www.collegesinstitutes.ca\\\/wp-content\\\/uploads\\\/2022\\\/10\\\/header-img-innovation.jpg\",\"contentUrl\":\"https:\\\/\\\/www.collegesinstitutes.ca\\\/wp-content\\\/uploads\\\/2022\\\/10\\\/header-img-innovation.jpg\",\"width\":1200,\"height\":628},{\"@type\":\"BreadcrumbList\",\"@id\":\"https:\\\/\\\/www.collegesinstitutes.ca\\\/fr\\\/notre-role\\\/nos-priorites\\\/stimuler-linnovation\\\/#breadcrumb\",\"itemListElement\":[{\"@type\":\"ListItem\",\"position\":1,\"name\":\"Home\",\"item\":\"https:\\\/\\\/www.collegesinstitutes.ca\\\/fr\\\/\"},{\"@type\":\"ListItem\",\"position\":2,\"name\":\"Notre r\u00f4le\",\"item\":\"https:\\\/\\\/www.collegesinstitutes.ca\\\/fr\\\/notre-role\\\/\"},{\"@type\":\"ListItem\",\"position\":3,\"name\":\"Nos priorit\u00e9s\",\"item\":\"https:\\\/\\\/www.collegesinstitutes.ca\\\/fr\\\/notre-role\\\/nos-priorites\\\/\"},{\"@type\":\"ListItem\",\"position\":4,\"name\":\"Stimuler l\u2019innovation\"}]},{\"@type\":\"WebSite\",\"@id\":\"https:\\\/\\\/www.collegesinstitutes.ca\\\/fr\\\/#website\",\"url\":\"https:\\\/\\\/www.collegesinstitutes.ca\\\/fr\\\/\",\"name\":\"Colleges and Institutes Canada\",\"description\":\"The Voice of Canada&#039;s Colleges &amp; Institutes\",\"publisher\":{\"@id\":\"https:\\\/\\\/www.collegesinstitutes.ca\\\/fr\\\/#organization\"},\"potentialAction\":[{\"@type\":\"SearchAction\",\"target\":{\"@type\":\"EntryPoint\",\"urlTemplate\":\"https:\\\/\\\/www.collegesinstitutes.ca\\\/fr\\\/?s={search_term_string}\"},\"query-input\":{\"@type\":\"PropertyValueSpecification\",\"valueRequired\":true,\"valueName\":\"search_term_string\"}}],\"inLanguage\":\"fr-FR\"},{\"@type\":\"Organization\",\"@id\":\"https:\\\/\\\/www.collegesinstitutes.ca\\\/fr\\\/#organization\",\"name\":\"Colleges and Institutes Canada\",\"url\":\"https:\\\/\\\/www.collegesinstitutes.ca\\\/fr\\\/\",\"logo\":{\"@type\":\"ImageObject\",\"inLanguage\":\"fr-FR\",\"@id\":\"https:\\\/\\\/www.collegesinstitutes.ca\\\/fr\\\/#\\\/schema\\\/logo\\\/image\\\/\",\"url\":\"https:\\\/\\\/www.collegesinstitutes.ca\\\/wp-content\\\/uploads\\\/2025\\\/06\\\/logo-en.png\",\"contentUrl\":\"https:\\\/\\\/www.collegesinstitutes.ca\\\/wp-content\\\/uploads\\\/2025\\\/06\\\/logo-en.png\",\"width\":794,\"height\":280,\"caption\":\"Colleges and Institutes Canada\"},\"image\":{\"@id\":\"https:\\\/\\\/www.collegesinstitutes.ca\\\/fr\\\/#\\\/schema\\\/logo\\\/image\\\/\"}}]}<\/script>\n<!-- \/ Yoast SEO plugin. -->","yoast_head_json":{"title":"Stimuler l\u2019innovation - Colleges and Institutes Canada","robots":{"index":"index","follow":"follow","max-snippet":"max-snippet:-1","max-image-preview":"max-image-preview:large","max-video-preview":"max-video-preview:-1"},"canonical":"https:\/\/www.collegesinstitutes.ca\/fr\/notre-role\/nos-priorites\/stimuler-linnovation\/","og_locale":"fr_FR","og_type":"article","og_title":"Stimuler l\u2019innovation - Colleges and Institutes Canada","og_description":"Le Canada accuse un retard par rapport \u00e0 presque tous ses pairs de l\u2019OCDE en mati\u00e8re de recherche et d\u00e9veloppement men\u00e9s pour le compte des entreprises. C\u2019est maintenant que nous...","og_url":"https:\/\/www.collegesinstitutes.ca\/fr\/notre-role\/nos-priorites\/stimuler-linnovation\/","og_site_name":"Colleges and Institutes Canada","article_modified_time":"2024-03-21T13:26:00+00:00","og_image":[{"width":1200,"height":628,"url":"https:\/\/www.collegesinstitutes.ca\/wp-content\/uploads\/2022\/10\/header-img-innovation.jpg","type":"image\/jpeg"}],"twitter_card":"summary_large_image","twitter_misc":{"Est. reading time":"2 minutes"},"schema":{"@context":"https:\/\/schema.org","@graph":[{"@type":"WebPage","@id":"https:\/\/www.collegesinstitutes.ca\/fr\/notre-role\/nos-priorites\/stimuler-linnovation\/","url":"https:\/\/www.collegesinstitutes.ca\/fr\/notre-role\/nos-priorites\/stimuler-linnovation\/","name":"Stimuler l\u2019innovation - Colleges and Institutes Canada","isPartOf":{"@id":"https:\/\/www.collegesinstitutes.ca\/fr\/#website"},"primaryImageOfPage":{"@id":"https:\/\/www.collegesinstitutes.ca\/fr\/notre-role\/nos-priorites\/stimuler-linnovation\/#primaryimage"},"image":{"@id":"https:\/\/www.collegesinstitutes.ca\/fr\/notre-role\/nos-priorites\/stimuler-linnovation\/#primaryimage"},"thumbnailUrl":"https:\/\/www.collegesinstitutes.ca\/wp-content\/uploads\/2022\/10\/header-img-innovation.jpg","datePublished":"2022-03-09T14:45:14+00:00","dateModified":"2024-03-21T13:26:00+00:00","breadcrumb":{"@id":"https:\/\/www.collegesinstitutes.ca\/fr\/notre-role\/nos-priorites\/stimuler-linnovation\/#breadcrumb"},"inLanguage":"fr-FR","potentialAction":[{"@type":"ReadAction","target":["https:\/\/www.collegesinstitutes.ca\/fr\/notre-role\/nos-priorites\/stimuler-linnovation\/"]}]},{"@type":"ImageObject","inLanguage":"fr-FR","@id":"https:\/\/www.collegesinstitutes.ca\/fr\/notre-role\/nos-priorites\/stimuler-linnovation\/#primaryimage","url":"https:\/\/www.collegesinstitutes.ca\/wp-content\/uploads\/2022\/10\/header-img-innovation.jpg","contentUrl":"https:\/\/www.collegesinstitutes.ca\/wp-content\/uploads\/2022\/10\/header-img-innovation.jpg","width":1200,"height":628},{"@type":"BreadcrumbList","@id":"https:\/\/www.collegesinstitutes.ca\/fr\/notre-role\/nos-priorites\/stimuler-linnovation\/#breadcrumb","itemListElement":[{"@type":"ListItem","position":1,"name":"Home","item":"https:\/\/www.collegesinstitutes.ca\/fr\/"},{"@type":"ListItem","position":2,"name":"Notre r\u00f4le","item":"https:\/\/www.collegesinstitutes.ca\/fr\/notre-role\/"},{"@type":"ListItem","position":3,"name":"Nos priorit\u00e9s","item":"https:\/\/www.collegesinstitutes.ca\/fr\/notre-role\/nos-priorites\/"},{"@type":"ListItem","position":4,"name":"Stimuler l\u2019innovation"}]},{"@type":"WebSite","@id":"https:\/\/www.collegesinstitutes.ca\/fr\/#website","url":"https:\/\/www.collegesinstitutes.ca\/fr\/","name":"Colleges and Institutes Canada","description":"The Voice of Canada&#039;s Colleges &amp; Institutes","publisher":{"@id":"https:\/\/www.collegesinstitutes.ca\/fr\/#organization"},"potentialAction":[{"@type":"SearchAction","target":{"@type":"EntryPoint","urlTemplate":"https:\/\/www.collegesinstitutes.ca\/fr\/?s={search_term_string}"},"query-input":{"@type":"PropertyValueSpecification","valueRequired":true,"valueName":"search_term_string"}}],"inLanguage":"fr-FR"},{"@type":"Organization","@id":"https:\/\/www.collegesinstitutes.ca\/fr\/#organization","name":"Colleges and Institutes Canada","url":"https:\/\/www.collegesinstitutes.ca\/fr\/","logo":{"@type":"ImageObject","inLanguage":"fr-FR","@id":"https:\/\/www.collegesinstitutes.ca\/fr\/#\/schema\/logo\/image\/","url":"https:\/\/www.collegesinstitutes.ca\/wp-content\/uploads\/2025\/06\/logo-en.png","contentUrl":"https:\/\/www.collegesinstitutes.ca\/wp-content\/uploads\/2025\/06\/logo-en.png","width":794,"height":280,"caption":"Colleges and Institutes Canada"},"image":{"@id":"https:\/\/www.collegesinstitutes.ca\/fr\/#\/schema\/logo\/image\/"}}]}},"_links":{"self":[{"href":"https:\/\/www.collegesinstitutes.ca\/fr\/wp-json\/wp\/v2\/pages\/22342","targetHints":{"allow":["GET"]}}],"collection":[{"href":"https:\/\/www.collegesinstitutes.ca\/fr\/wp-json\/wp\/v2\/pages"}],"about":[{"href":"https:\/\/www.collegesinstitutes.ca\/fr\/wp-json\/wp\/v2\/types\/page"}],"author":[{"embeddable":true,"href":"https:\/\/www.collegesinstitutes.ca\/fr\/wp-json\/wp\/v2\/users\/1"}],"replies":[{"embeddable":true,"href":"https:\/\/www.collegesinstitutes.ca\/fr\/wp-json\/wp\/v2\/comments?post=22342"}],"version-history":[{"count":0,"href":"https:\/\/www.collegesinstitutes.ca\/fr\/wp-json\/wp\/v2\/pages\/22342\/revisions"}],"up":[{"embeddable":true,"href":"https:\/\/www.collegesinstitutes.ca\/fr\/wp-json\/wp\/v2\/pages\/22343"}],"wp:featuredmedia":[{"embeddable":true,"href":"https:\/\/www.collegesinstitutes.ca\/fr\/wp-json\/wp\/v2\/media\/9354"}],"wp:attachment":[{"href":"https:\/\/www.collegesinstitutes.ca\/fr\/wp-json\/wp\/v2\/media?parent=22342"}],"wp:term":[{"taxonomy":"category","embeddable":true,"href":"https:\/\/www.collegesinstitutes.ca\/fr\/wp-json\/wp\/v2\/categories?post=22342"},{"taxonomy":"post_tag","embeddable":true,"href":"https:\/\/www.collegesinstitutes.ca\/fr\/wp-json\/wp\/v2\/tags?post=22342"}],"curies":[{"name":"wp","href":"https:\/\/api.w.org\/{rel}","templated":true}]}}