{"id":16688,"date":"2022-09-15T01:54:04","date_gmt":"2022-09-15T01:54:04","guid":{"rendered":"https:\/\/www.collegesinstitutes.ca\/?page_id=16688"},"modified":"2025-05-29T17:58:04","modified_gmt":"2025-05-29T17:58:04","slug":"devoir-diligence","status":"publish","type":"page","link":"https:\/\/www.collegesinstitutes.ca\/fr\/evenements\/devoir-diligence\/","title":{"rendered":"Le code de conduite et le devoir de diligence de CICan"},"content":{"rendered":"<div class=\"Q99tmKgWXEbMbz\" role=\"button\">\n<div class=\"dAWatUoI4_KOxI\" data-testid=\"comment-container\">\n<div class=\"OKlwSQ0FyvrPMg WB8EjxpBAw9olv\">\n<div class=\"Tt9w9y9sSmCNSj _qKWC8hsRYb03d UsFZdUsj8up1NB\">\n<div>\n<div class=\"TTb5N2DgAn9VHs\">\n<div class=\"ak-renderer-wrapper is-full-width css-1jke4yk\">\n<div class=\"css-1g6xwps\">\n<div class=\"ak-renderer-document\">\n<h2 data-renderer-start-pos=\"1\">Devoir de diligence et conseils g\u00e9n\u00e9raux en mati\u00e8re de sant\u00e9<\/h2>\n<\/div>\n<\/div>\n<\/div>\n<\/div>\n<\/div>\n<\/div>\n<\/div>\n<\/div>\n<\/div>\n<p>CICan s&rsquo;engage \u00e0 offrir un environnement s\u00fbr et accueillant lors de tous ses \u00e9v\u00e9nements. Nous encourageons les participants \u00e0 assumer la responsabilit\u00e9 de leur sant\u00e9 et \u00e0 faire preuve de consid\u00e9ration envers le bien-\u00eatre des autres. Si vous ne vous sentez pas bien, nous vous demandons de prendre les pr\u00e9cautions appropri\u00e9es, telles que rester \u00e0 la maison ou porter un masque, conform\u00e9ment aux recommandations actuelles des autorit\u00e9s de sant\u00e9 publique.<\/p>\n<h2>Code de conduite et engagement envers l\u2019\u00e9quit\u00e9, la diversit\u00e9 et l\u2019inclusion (EDI)<\/h2>\n<p>CICan s\u2019engage \u00e0 respecter les principes d\u2019\u00e9quit\u00e9, de diversit\u00e9 et d\u2019inclusion dans toutes ses activit\u00e9s, et \u00e0 offrir une exp\u00e9rience respectueuse et exempte de harc\u00e8lement \u00e0 tous les participants. Il est attendu de tous les participants qu\u2019ils respectent ces principes et s\u2019abstiennent de tout comportement discriminatoire ou harcelant, que ce soit en ligne ou en personne. Toute violation de ce code peut entra\u00eener l\u2019expulsion de l\u2019\u00e9v\u00e9nement sans remboursement, \u00e0 la discr\u00e9tion des organisateurs.<\/p>\n<p>Si vous avez des questions, veuillez <a href=\"mailto:events@collegesinstitutes.ca\">communiquer avec l\u2019\u00e9quipe des \u00e9v\u00e9nements de CICan<\/a>.<\/p>\n","protected":false},"excerpt":{"rendered":"<p>Devoir de diligence et conseils g\u00e9n\u00e9raux en mati\u00e8re de sant\u00e9 CICan s&rsquo;engage \u00e0 offrir un environnement s\u00fbr et accueillant lors de tous ses \u00e9v\u00e9nements. Nous encourageons les participants \u00e0 assumer&#8230;<\/p>\n","protected":false},"author":1,"featured_media":9425,"parent":16668,"menu_order":0,"comment_status":"closed","ping_status":"closed","template":"","meta":{"_acf_changed":false,"footnotes":""},"categories":[],"tags":[],"class_list":["post-16688","page","type-page","status-publish","has-post-thumbnail","hentry"],"acf":[],"yoast_head":"<!-- This site is optimized with the Yoast SEO plugin v27.4 - https:\/\/yoast.com\/product\/yoast-seo-wordpress\/ -->\n<title>Le code de conduite et le devoir de diligence de CICan - Colleges and Institutes Canada<\/title>\n<meta name=\"robots\" content=\"index, follow, max-snippet:-1, max-image-preview:large, max-video-preview:-1\" \/>\n<link rel=\"canonical\" href=\"https:\/\/www.collegesinstitutes.ca\/fr\/evenements\/devoir-diligence\/\" \/>\n<meta property=\"og:locale\" content=\"fr_FR\" \/>\n<meta property=\"og:type\" content=\"article\" \/>\n<meta property=\"og:title\" content=\"Le code de conduite et le devoir de diligence de CICan - Colleges and Institutes Canada\" \/>\n<meta property=\"og:description\" content=\"Devoir de diligence et conseils g\u00e9n\u00e9raux en mati\u00e8re de sant\u00e9 CICan s&rsquo;engage \u00e0 offrir un environnement s\u00fbr et accueillant lors de tous ses \u00e9v\u00e9nements. Nous encourageons les participants \u00e0 assumer...\" \/>\n<meta property=\"og:url\" content=\"https:\/\/www.collegesinstitutes.ca\/fr\/evenements\/devoir-diligence\/\" \/>\n<meta property=\"og:site_name\" content=\"Colleges and Institutes Canada\" \/>\n<meta property=\"article:modified_time\" content=\"2025-05-29T17:58:04+00:00\" \/>\n<meta property=\"og:image\" content=\"https:\/\/www.collegesinstitutes.ca\/wp-content\/uploads\/2022\/10\/header-img-dutyofcare.jpg\" \/>\n\t<meta property=\"og:image:width\" content=\"1200\" \/>\n\t<meta property=\"og:image:height\" content=\"628\" \/>\n\t<meta property=\"og:image:type\" content=\"image\/jpeg\" \/>\n<meta name=\"twitter:card\" content=\"summary_large_image\" \/>\n<meta name=\"twitter:label1\" content=\"Est. reading time\" \/>\n\t<meta name=\"twitter:data1\" content=\"1 minute\" \/>\n<script type=\"application\/ld+json\" class=\"yoast-schema-graph\">{\"@context\":\"https:\\\/\\\/schema.org\",\"@graph\":[{\"@type\":\"WebPage\",\"@id\":\"https:\\\/\\\/www.collegesinstitutes.ca\\\/fr\\\/evenements\\\/devoir-diligence\\\/\",\"url\":\"https:\\\/\\\/www.collegesinstitutes.ca\\\/fr\\\/evenements\\\/devoir-diligence\\\/\",\"name\":\"Le code de conduite et le devoir de diligence de CICan - Colleges and Institutes Canada\",\"isPartOf\":{\"@id\":\"https:\\\/\\\/www.collegesinstitutes.ca\\\/fr\\\/#website\"},\"primaryImageOfPage\":{\"@id\":\"https:\\\/\\\/www.collegesinstitutes.ca\\\/fr\\\/evenements\\\/devoir-diligence\\\/#primaryimage\"},\"image\":{\"@id\":\"https:\\\/\\\/www.collegesinstitutes.ca\\\/fr\\\/evenements\\\/devoir-diligence\\\/#primaryimage\"},\"thumbnailUrl\":\"https:\\\/\\\/www.collegesinstitutes.ca\\\/wp-content\\\/uploads\\\/2022\\\/10\\\/header-img-dutyofcare.jpg\",\"datePublished\":\"2022-09-15T01:54:04+00:00\",\"dateModified\":\"2025-05-29T17:58:04+00:00\",\"breadcrumb\":{\"@id\":\"https:\\\/\\\/www.collegesinstitutes.ca\\\/fr\\\/evenements\\\/devoir-diligence\\\/#breadcrumb\"},\"inLanguage\":\"fr-FR\",\"potentialAction\":[{\"@type\":\"ReadAction\",\"target\":[\"https:\\\/\\\/www.collegesinstitutes.ca\\\/fr\\\/evenements\\\/devoir-diligence\\\/\"]}]},{\"@type\":\"ImageObject\",\"inLanguage\":\"fr-FR\",\"@id\":\"https:\\\/\\\/www.collegesinstitutes.ca\\\/fr\\\/evenements\\\/devoir-diligence\\\/#primaryimage\",\"url\":\"https:\\\/\\\/www.collegesinstitutes.ca\\\/wp-content\\\/uploads\\\/2022\\\/10\\\/header-img-dutyofcare.jpg\",\"contentUrl\":\"https:\\\/\\\/www.collegesinstitutes.ca\\\/wp-content\\\/uploads\\\/2022\\\/10\\\/header-img-dutyofcare.jpg\",\"width\":1200,\"height\":628},{\"@type\":\"BreadcrumbList\",\"@id\":\"https:\\\/\\\/www.collegesinstitutes.ca\\\/fr\\\/evenements\\\/devoir-diligence\\\/#breadcrumb\",\"itemListElement\":[{\"@type\":\"ListItem\",\"position\":1,\"name\":\"Home\",\"item\":\"https:\\\/\\\/www.collegesinstitutes.ca\\\/fr\\\/\"},{\"@type\":\"ListItem\",\"position\":2,\"name\":\"\u00c9v\u00e9nements \u00e0 venir\",\"item\":\"https:\\\/\\\/www.collegesinstitutes.ca\\\/fr\\\/evenements\\\/\"},{\"@type\":\"ListItem\",\"position\":3,\"name\":\"Le code de conduite et le devoir de diligence de CICan\"}]},{\"@type\":\"WebSite\",\"@id\":\"https:\\\/\\\/www.collegesinstitutes.ca\\\/fr\\\/#website\",\"url\":\"https:\\\/\\\/www.collegesinstitutes.ca\\\/fr\\\/\",\"name\":\"Colleges and Institutes Canada\",\"description\":\"The Voice of Canada&#039;s Colleges &amp; Institutes\",\"publisher\":{\"@id\":\"https:\\\/\\\/www.collegesinstitutes.ca\\\/fr\\\/#organization\"},\"potentialAction\":[{\"@type\":\"SearchAction\",\"target\":{\"@type\":\"EntryPoint\",\"urlTemplate\":\"https:\\\/\\\/www.collegesinstitutes.ca\\\/fr\\\/?s={search_term_string}\"},\"query-input\":{\"@type\":\"PropertyValueSpecification\",\"valueRequired\":true,\"valueName\":\"search_term_string\"}}],\"inLanguage\":\"fr-FR\"},{\"@type\":\"Organization\",\"@id\":\"https:\\\/\\\/www.collegesinstitutes.ca\\\/fr\\\/#organization\",\"name\":\"Colleges and Institutes Canada\",\"url\":\"https:\\\/\\\/www.collegesinstitutes.ca\\\/fr\\\/\",\"logo\":{\"@type\":\"ImageObject\",\"inLanguage\":\"fr-FR\",\"@id\":\"https:\\\/\\\/www.collegesinstitutes.ca\\\/fr\\\/#\\\/schema\\\/logo\\\/image\\\/\",\"url\":\"https:\\\/\\\/www.collegesinstitutes.ca\\\/wp-content\\\/uploads\\\/2025\\\/06\\\/logo-en.png\",\"contentUrl\":\"https:\\\/\\\/www.collegesinstitutes.ca\\\/wp-content\\\/uploads\\\/2025\\\/06\\\/logo-en.png\",\"width\":794,\"height\":280,\"caption\":\"Colleges and Institutes Canada\"},\"image\":{\"@id\":\"https:\\\/\\\/www.collegesinstitutes.ca\\\/fr\\\/#\\\/schema\\\/logo\\\/image\\\/\"}}]}<\/script>\n<!-- \/ Yoast SEO plugin. -->","yoast_head_json":{"title":"Le code de conduite et le devoir de diligence de CICan - Colleges and Institutes Canada","robots":{"index":"index","follow":"follow","max-snippet":"max-snippet:-1","max-image-preview":"max-image-preview:large","max-video-preview":"max-video-preview:-1"},"canonical":"https:\/\/www.collegesinstitutes.ca\/fr\/evenements\/devoir-diligence\/","og_locale":"fr_FR","og_type":"article","og_title":"Le code de conduite et le devoir de diligence de CICan - Colleges and Institutes Canada","og_description":"Devoir de diligence et conseils g\u00e9n\u00e9raux en mati\u00e8re de sant\u00e9 CICan s&rsquo;engage \u00e0 offrir un environnement s\u00fbr et accueillant lors de tous ses \u00e9v\u00e9nements. Nous encourageons les participants \u00e0 assumer...","og_url":"https:\/\/www.collegesinstitutes.ca\/fr\/evenements\/devoir-diligence\/","og_site_name":"Colleges and Institutes Canada","article_modified_time":"2025-05-29T17:58:04+00:00","og_image":[{"width":1200,"height":628,"url":"https:\/\/www.collegesinstitutes.ca\/wp-content\/uploads\/2022\/10\/header-img-dutyofcare.jpg","type":"image\/jpeg"}],"twitter_card":"summary_large_image","twitter_misc":{"Est. reading time":"1 minute"},"schema":{"@context":"https:\/\/schema.org","@graph":[{"@type":"WebPage","@id":"https:\/\/www.collegesinstitutes.ca\/fr\/evenements\/devoir-diligence\/","url":"https:\/\/www.collegesinstitutes.ca\/fr\/evenements\/devoir-diligence\/","name":"Le code de conduite et le devoir de diligence de CICan - Colleges and Institutes Canada","isPartOf":{"@id":"https:\/\/www.collegesinstitutes.ca\/fr\/#website"},"primaryImageOfPage":{"@id":"https:\/\/www.collegesinstitutes.ca\/fr\/evenements\/devoir-diligence\/#primaryimage"},"image":{"@id":"https:\/\/www.collegesinstitutes.ca\/fr\/evenements\/devoir-diligence\/#primaryimage"},"thumbnailUrl":"https:\/\/www.collegesinstitutes.ca\/wp-content\/uploads\/2022\/10\/header-img-dutyofcare.jpg","datePublished":"2022-09-15T01:54:04+00:00","dateModified":"2025-05-29T17:58:04+00:00","breadcrumb":{"@id":"https:\/\/www.collegesinstitutes.ca\/fr\/evenements\/devoir-diligence\/#breadcrumb"},"inLanguage":"fr-FR","potentialAction":[{"@type":"ReadAction","target":["https:\/\/www.collegesinstitutes.ca\/fr\/evenements\/devoir-diligence\/"]}]},{"@type":"ImageObject","inLanguage":"fr-FR","@id":"https:\/\/www.collegesinstitutes.ca\/fr\/evenements\/devoir-diligence\/#primaryimage","url":"https:\/\/www.collegesinstitutes.ca\/wp-content\/uploads\/2022\/10\/header-img-dutyofcare.jpg","contentUrl":"https:\/\/www.collegesinstitutes.ca\/wp-content\/uploads\/2022\/10\/header-img-dutyofcare.jpg","width":1200,"height":628},{"@type":"BreadcrumbList","@id":"https:\/\/www.collegesinstitutes.ca\/fr\/evenements\/devoir-diligence\/#breadcrumb","itemListElement":[{"@type":"ListItem","position":1,"name":"Home","item":"https:\/\/www.collegesinstitutes.ca\/fr\/"},{"@type":"ListItem","position":2,"name":"\u00c9v\u00e9nements \u00e0 venir","item":"https:\/\/www.collegesinstitutes.ca\/fr\/evenements\/"},{"@type":"ListItem","position":3,"name":"Le code de conduite et le devoir de diligence de CICan"}]},{"@type":"WebSite","@id":"https:\/\/www.collegesinstitutes.ca\/fr\/#website","url":"https:\/\/www.collegesinstitutes.ca\/fr\/","name":"Colleges and Institutes Canada","description":"The Voice of Canada&#039;s Colleges &amp; Institutes","publisher":{"@id":"https:\/\/www.collegesinstitutes.ca\/fr\/#organization"},"potentialAction":[{"@type":"SearchAction","target":{"@type":"EntryPoint","urlTemplate":"https:\/\/www.collegesinstitutes.ca\/fr\/?s={search_term_string}"},"query-input":{"@type":"PropertyValueSpecification","valueRequired":true,"valueName":"search_term_string"}}],"inLanguage":"fr-FR"},{"@type":"Organization","@id":"https:\/\/www.collegesinstitutes.ca\/fr\/#organization","name":"Colleges and Institutes Canada","url":"https:\/\/www.collegesinstitutes.ca\/fr\/","logo":{"@type":"ImageObject","inLanguage":"fr-FR","@id":"https:\/\/www.collegesinstitutes.ca\/fr\/#\/schema\/logo\/image\/","url":"https:\/\/www.collegesinstitutes.ca\/wp-content\/uploads\/2025\/06\/logo-en.png","contentUrl":"https:\/\/www.collegesinstitutes.ca\/wp-content\/uploads\/2025\/06\/logo-en.png","width":794,"height":280,"caption":"Colleges and Institutes Canada"},"image":{"@id":"https:\/\/www.collegesinstitutes.ca\/fr\/#\/schema\/logo\/image\/"}}]}},"_links":{"self":[{"href":"https:\/\/www.collegesinstitutes.ca\/fr\/wp-json\/wp\/v2\/pages\/16688","targetHints":{"allow":["GET"]}}],"collection":[{"href":"https:\/\/www.collegesinstitutes.ca\/fr\/wp-json\/wp\/v2\/pages"}],"about":[{"href":"https:\/\/www.collegesinstitutes.ca\/fr\/wp-json\/wp\/v2\/types\/page"}],"author":[{"embeddable":true,"href":"https:\/\/www.collegesinstitutes.ca\/fr\/wp-json\/wp\/v2\/users\/1"}],"replies":[{"embeddable":true,"href":"https:\/\/www.collegesinstitutes.ca\/fr\/wp-json\/wp\/v2\/comments?post=16688"}],"version-history":[{"count":0,"href":"https:\/\/www.collegesinstitutes.ca\/fr\/wp-json\/wp\/v2\/pages\/16688\/revisions"}],"up":[{"embeddable":true,"href":"https:\/\/www.collegesinstitutes.ca\/fr\/wp-json\/wp\/v2\/pages\/16668"}],"wp:featuredmedia":[{"embeddable":true,"href":"https:\/\/www.collegesinstitutes.ca\/fr\/wp-json\/wp\/v2\/media\/9425"}],"wp:attachment":[{"href":"https:\/\/www.collegesinstitutes.ca\/fr\/wp-json\/wp\/v2\/media?parent=16688"}],"wp:term":[{"taxonomy":"category","embeddable":true,"href":"https:\/\/www.collegesinstitutes.ca\/fr\/wp-json\/wp\/v2\/categories?post=16688"},{"taxonomy":"post_tag","embeddable":true,"href":"https:\/\/www.collegesinstitutes.ca\/fr\/wp-json\/wp\/v2\/tags?post=16688"}],"curies":[{"name":"wp","href":"https:\/\/api.w.org\/{rel}","templated":true}]}}