{"id":16069,"date":"2023-01-06T18:51:21","date_gmt":"2023-01-06T18:51:21","guid":{"rendered":"https:\/\/www.collegesinstitutes.ca\/?page_id=16069"},"modified":"2024-07-11T17:58:52","modified_gmt":"2024-07-11T17:58:52","slug":"nos-membres-a-travers-le-canada","status":"publish","type":"page","link":"https:\/\/www.collegesinstitutes.ca\/fr\/colleges-instituts-communaute\/nos-membres\/nos-membres-a-travers-le-canada\/","title":{"rendered":"Nos membres \u00e0 travers le Canada"},"content":{"rendered":"<p class=\"lead\">Les coll\u00e8ges et instituts canadiens collaborent avec les secteurs industriels et sociaux, pour former et faciliter l\u2019entr\u00e9e sur le march\u00e9 du travail d\u2019apprenants de tous \u00e2ges et de toutes provenances. Ils sont pr\u00e9sents d\u2019un oc\u00e9an \u00e0 l\u2019autre dans des collectivit\u00e9s urbaines, rurales, nordiques et \u00e9loign\u00e9es.<\/p>\n<div class=\"map-container mb-5\"><iframe title=\"CICan Member Map \" width=\"800\" height=\"636\" src=https:\/\/app.powerbi.com\/view?r=eyJrIjoiMDhiYWMwM2YtNjYzOC00NzBiLWE4NjUtYzM4MDljZDdhOWE0IiwidCI6ImUwYTg5NDNlLTc4NmUtNGI5OS1iNDVmLTViZmJiNmY2YjI2MSIsImMiOjN9&#038;pageName=ReportSection025015e9db2fa8fb1f7f frameborder=\"0\" allowFullScreen=\"true\"><\/iframe><\/div>\n","protected":false},"excerpt":{"rendered":"<p>Les coll\u00e8ges et instituts canadiens collaborent avec les secteurs industriels et sociaux, pour former et faciliter l\u2019entr\u00e9e sur le march\u00e9 du travail d\u2019apprenants de tous \u00e2ges et de toutes provenances&#8230;.<\/p>\n","protected":false},"author":2,"featured_media":16075,"parent":10590,"menu_order":0,"comment_status":"closed","ping_status":"closed","template":"","meta":{"_acf_changed":false,"footnotes":""},"categories":[],"tags":[],"class_list":["post-16069","page","type-page","status-publish","has-post-thumbnail","hentry"],"acf":[],"yoast_head":"<!-- This site is optimized with the Yoast SEO plugin v27.3 - https:\/\/yoast.com\/product\/yoast-seo-wordpress\/ -->\n<title>Nos membres \u00e0 travers le Canada - Colleges and Institutes Canada<\/title>\n<meta name=\"robots\" content=\"index, follow, max-snippet:-1, max-image-preview:large, max-video-preview:-1\" \/>\n<link rel=\"canonical\" href=\"https:\/\/www.collegesinstitutes.ca\/fr\/colleges-instituts-communaute\/nos-membres\/nos-membres-a-travers-le-canada\/\" \/>\n<meta property=\"og:locale\" content=\"fr_FR\" \/>\n<meta property=\"og:type\" content=\"article\" \/>\n<meta property=\"og:title\" content=\"Nos membres \u00e0 travers le Canada - Colleges and Institutes Canada\" \/>\n<meta property=\"og:description\" content=\"Les coll\u00e8ges et instituts canadiens collaborent avec les secteurs industriels et sociaux, pour former et faciliter l\u2019entr\u00e9e sur le march\u00e9 du travail d\u2019apprenants de tous \u00e2ges et de toutes provenances....\" \/>\n<meta property=\"og:url\" content=\"https:\/\/www.collegesinstitutes.ca\/fr\/colleges-instituts-communaute\/nos-membres\/nos-membres-a-travers-le-canada\/\" \/>\n<meta property=\"og:site_name\" content=\"Colleges and Institutes Canada\" \/>\n<meta property=\"article:modified_time\" content=\"2024-07-11T17:58:52+00:00\" \/>\n<meta property=\"og:image\" content=\"https:\/\/www.collegesinstitutes.ca\/wp-content\/uploads\/2023\/01\/header-img-members-canada.png\" \/>\n\t<meta property=\"og:image:width\" content=\"1200\" \/>\n\t<meta property=\"og:image:height\" content=\"628\" \/>\n\t<meta property=\"og:image:type\" content=\"image\/png\" \/>\n<meta name=\"twitter:card\" content=\"summary_large_image\" \/>\n<script type=\"application\/ld+json\" class=\"yoast-schema-graph\">{\"@context\":\"https:\\\/\\\/schema.org\",\"@graph\":[{\"@type\":\"WebPage\",\"@id\":\"https:\\\/\\\/www.collegesinstitutes.ca\\\/fr\\\/colleges-instituts-communaute\\\/nos-membres\\\/nos-membres-a-travers-le-canada\\\/\",\"url\":\"https:\\\/\\\/www.collegesinstitutes.ca\\\/fr\\\/colleges-instituts-communaute\\\/nos-membres\\\/nos-membres-a-travers-le-canada\\\/\",\"name\":\"Nos membres \u00e0 travers le Canada - Colleges and Institutes Canada\",\"isPartOf\":{\"@id\":\"https:\\\/\\\/www.collegesinstitutes.ca\\\/fr\\\/#website\"},\"primaryImageOfPage\":{\"@id\":\"https:\\\/\\\/www.collegesinstitutes.ca\\\/fr\\\/colleges-instituts-communaute\\\/nos-membres\\\/nos-membres-a-travers-le-canada\\\/#primaryimage\"},\"image\":{\"@id\":\"https:\\\/\\\/www.collegesinstitutes.ca\\\/fr\\\/colleges-instituts-communaute\\\/nos-membres\\\/nos-membres-a-travers-le-canada\\\/#primaryimage\"},\"thumbnailUrl\":\"https:\\\/\\\/www.collegesinstitutes.ca\\\/wp-content\\\/uploads\\\/2023\\\/01\\\/header-img-members-canada.png\",\"datePublished\":\"2023-01-06T18:51:21+00:00\",\"dateModified\":\"2024-07-11T17:58:52+00:00\",\"breadcrumb\":{\"@id\":\"https:\\\/\\\/www.collegesinstitutes.ca\\\/fr\\\/colleges-instituts-communaute\\\/nos-membres\\\/nos-membres-a-travers-le-canada\\\/#breadcrumb\"},\"inLanguage\":\"fr-FR\",\"potentialAction\":[{\"@type\":\"ReadAction\",\"target\":[\"https:\\\/\\\/www.collegesinstitutes.ca\\\/fr\\\/colleges-instituts-communaute\\\/nos-membres\\\/nos-membres-a-travers-le-canada\\\/\"]}]},{\"@type\":\"ImageObject\",\"inLanguage\":\"fr-FR\",\"@id\":\"https:\\\/\\\/www.collegesinstitutes.ca\\\/fr\\\/colleges-instituts-communaute\\\/nos-membres\\\/nos-membres-a-travers-le-canada\\\/#primaryimage\",\"url\":\"https:\\\/\\\/www.collegesinstitutes.ca\\\/wp-content\\\/uploads\\\/2023\\\/01\\\/header-img-members-canada.png\",\"contentUrl\":\"https:\\\/\\\/www.collegesinstitutes.ca\\\/wp-content\\\/uploads\\\/2023\\\/01\\\/header-img-members-canada.png\",\"width\":1200,\"height\":628},{\"@type\":\"BreadcrumbList\",\"@id\":\"https:\\\/\\\/www.collegesinstitutes.ca\\\/fr\\\/colleges-instituts-communaute\\\/nos-membres\\\/nos-membres-a-travers-le-canada\\\/#breadcrumb\",\"itemListElement\":[{\"@type\":\"ListItem\",\"position\":1,\"name\":\"Home\",\"item\":\"https:\\\/\\\/www.collegesinstitutes.ca\\\/fr\\\/\"},{\"@type\":\"ListItem\",\"position\":2,\"name\":\"Les coll\u00e8ges et instituts au service de votre communaut\u00e9\",\"item\":\"https:\\\/\\\/www.collegesinstitutes.ca\\\/fr\\\/colleges-instituts-communaute\\\/\"},{\"@type\":\"ListItem\",\"position\":3,\"name\":\"Nos membres\",\"item\":\"https:\\\/\\\/www.collegesinstitutes.ca\\\/fr\\\/colleges-instituts-communaute\\\/nos-membres\\\/\"},{\"@type\":\"ListItem\",\"position\":4,\"name\":\"Nos membres \u00e0 travers le Canada\"}]},{\"@type\":\"WebSite\",\"@id\":\"https:\\\/\\\/www.collegesinstitutes.ca\\\/fr\\\/#website\",\"url\":\"https:\\\/\\\/www.collegesinstitutes.ca\\\/fr\\\/\",\"name\":\"Colleges and Institutes Canada\",\"description\":\"The Voice of Canada&#039;s Colleges &amp; Institutes\",\"publisher\":{\"@id\":\"https:\\\/\\\/www.collegesinstitutes.ca\\\/fr\\\/#organization\"},\"potentialAction\":[{\"@type\":\"SearchAction\",\"target\":{\"@type\":\"EntryPoint\",\"urlTemplate\":\"https:\\\/\\\/www.collegesinstitutes.ca\\\/fr\\\/?s={search_term_string}\"},\"query-input\":{\"@type\":\"PropertyValueSpecification\",\"valueRequired\":true,\"valueName\":\"search_term_string\"}}],\"inLanguage\":\"fr-FR\"},{\"@type\":\"Organization\",\"@id\":\"https:\\\/\\\/www.collegesinstitutes.ca\\\/fr\\\/#organization\",\"name\":\"Colleges and Institutes Canada\",\"url\":\"https:\\\/\\\/www.collegesinstitutes.ca\\\/fr\\\/\",\"logo\":{\"@type\":\"ImageObject\",\"inLanguage\":\"fr-FR\",\"@id\":\"https:\\\/\\\/www.collegesinstitutes.ca\\\/fr\\\/#\\\/schema\\\/logo\\\/image\\\/\",\"url\":\"https:\\\/\\\/www.collegesinstitutes.ca\\\/wp-content\\\/uploads\\\/2025\\\/06\\\/logo-en.png\",\"contentUrl\":\"https:\\\/\\\/www.collegesinstitutes.ca\\\/wp-content\\\/uploads\\\/2025\\\/06\\\/logo-en.png\",\"width\":794,\"height\":280,\"caption\":\"Colleges and Institutes Canada\"},\"image\":{\"@id\":\"https:\\\/\\\/www.collegesinstitutes.ca\\\/fr\\\/#\\\/schema\\\/logo\\\/image\\\/\"}}]}<\/script>\n<!-- \/ Yoast SEO plugin. -->","yoast_head_json":{"title":"Nos membres \u00e0 travers le Canada - Colleges and Institutes Canada","robots":{"index":"index","follow":"follow","max-snippet":"max-snippet:-1","max-image-preview":"max-image-preview:large","max-video-preview":"max-video-preview:-1"},"canonical":"https:\/\/www.collegesinstitutes.ca\/fr\/colleges-instituts-communaute\/nos-membres\/nos-membres-a-travers-le-canada\/","og_locale":"fr_FR","og_type":"article","og_title":"Nos membres \u00e0 travers le Canada - Colleges and Institutes Canada","og_description":"Les coll\u00e8ges et instituts canadiens collaborent avec les secteurs industriels et sociaux, pour former et faciliter l\u2019entr\u00e9e sur le march\u00e9 du travail d\u2019apprenants de tous \u00e2ges et de toutes provenances....","og_url":"https:\/\/www.collegesinstitutes.ca\/fr\/colleges-instituts-communaute\/nos-membres\/nos-membres-a-travers-le-canada\/","og_site_name":"Colleges and Institutes Canada","article_modified_time":"2024-07-11T17:58:52+00:00","og_image":[{"width":1200,"height":628,"url":"https:\/\/www.collegesinstitutes.ca\/wp-content\/uploads\/2023\/01\/header-img-members-canada.png","type":"image\/png"}],"twitter_card":"summary_large_image","schema":{"@context":"https:\/\/schema.org","@graph":[{"@type":"WebPage","@id":"https:\/\/www.collegesinstitutes.ca\/fr\/colleges-instituts-communaute\/nos-membres\/nos-membres-a-travers-le-canada\/","url":"https:\/\/www.collegesinstitutes.ca\/fr\/colleges-instituts-communaute\/nos-membres\/nos-membres-a-travers-le-canada\/","name":"Nos membres \u00e0 travers le Canada - Colleges and Institutes Canada","isPartOf":{"@id":"https:\/\/www.collegesinstitutes.ca\/fr\/#website"},"primaryImageOfPage":{"@id":"https:\/\/www.collegesinstitutes.ca\/fr\/colleges-instituts-communaute\/nos-membres\/nos-membres-a-travers-le-canada\/#primaryimage"},"image":{"@id":"https:\/\/www.collegesinstitutes.ca\/fr\/colleges-instituts-communaute\/nos-membres\/nos-membres-a-travers-le-canada\/#primaryimage"},"thumbnailUrl":"https:\/\/www.collegesinstitutes.ca\/wp-content\/uploads\/2023\/01\/header-img-members-canada.png","datePublished":"2023-01-06T18:51:21+00:00","dateModified":"2024-07-11T17:58:52+00:00","breadcrumb":{"@id":"https:\/\/www.collegesinstitutes.ca\/fr\/colleges-instituts-communaute\/nos-membres\/nos-membres-a-travers-le-canada\/#breadcrumb"},"inLanguage":"fr-FR","potentialAction":[{"@type":"ReadAction","target":["https:\/\/www.collegesinstitutes.ca\/fr\/colleges-instituts-communaute\/nos-membres\/nos-membres-a-travers-le-canada\/"]}]},{"@type":"ImageObject","inLanguage":"fr-FR","@id":"https:\/\/www.collegesinstitutes.ca\/fr\/colleges-instituts-communaute\/nos-membres\/nos-membres-a-travers-le-canada\/#primaryimage","url":"https:\/\/www.collegesinstitutes.ca\/wp-content\/uploads\/2023\/01\/header-img-members-canada.png","contentUrl":"https:\/\/www.collegesinstitutes.ca\/wp-content\/uploads\/2023\/01\/header-img-members-canada.png","width":1200,"height":628},{"@type":"BreadcrumbList","@id":"https:\/\/www.collegesinstitutes.ca\/fr\/colleges-instituts-communaute\/nos-membres\/nos-membres-a-travers-le-canada\/#breadcrumb","itemListElement":[{"@type":"ListItem","position":1,"name":"Home","item":"https:\/\/www.collegesinstitutes.ca\/fr\/"},{"@type":"ListItem","position":2,"name":"Les coll\u00e8ges et instituts au service de votre communaut\u00e9","item":"https:\/\/www.collegesinstitutes.ca\/fr\/colleges-instituts-communaute\/"},{"@type":"ListItem","position":3,"name":"Nos membres","item":"https:\/\/www.collegesinstitutes.ca\/fr\/colleges-instituts-communaute\/nos-membres\/"},{"@type":"ListItem","position":4,"name":"Nos membres \u00e0 travers le Canada"}]},{"@type":"WebSite","@id":"https:\/\/www.collegesinstitutes.ca\/fr\/#website","url":"https:\/\/www.collegesinstitutes.ca\/fr\/","name":"Colleges and Institutes Canada","description":"The Voice of Canada&#039;s Colleges &amp; Institutes","publisher":{"@id":"https:\/\/www.collegesinstitutes.ca\/fr\/#organization"},"potentialAction":[{"@type":"SearchAction","target":{"@type":"EntryPoint","urlTemplate":"https:\/\/www.collegesinstitutes.ca\/fr\/?s={search_term_string}"},"query-input":{"@type":"PropertyValueSpecification","valueRequired":true,"valueName":"search_term_string"}}],"inLanguage":"fr-FR"},{"@type":"Organization","@id":"https:\/\/www.collegesinstitutes.ca\/fr\/#organization","name":"Colleges and Institutes Canada","url":"https:\/\/www.collegesinstitutes.ca\/fr\/","logo":{"@type":"ImageObject","inLanguage":"fr-FR","@id":"https:\/\/www.collegesinstitutes.ca\/fr\/#\/schema\/logo\/image\/","url":"https:\/\/www.collegesinstitutes.ca\/wp-content\/uploads\/2025\/06\/logo-en.png","contentUrl":"https:\/\/www.collegesinstitutes.ca\/wp-content\/uploads\/2025\/06\/logo-en.png","width":794,"height":280,"caption":"Colleges and Institutes Canada"},"image":{"@id":"https:\/\/www.collegesinstitutes.ca\/fr\/#\/schema\/logo\/image\/"}}]}},"_links":{"self":[{"href":"https:\/\/www.collegesinstitutes.ca\/fr\/wp-json\/wp\/v2\/pages\/16069","targetHints":{"allow":["GET"]}}],"collection":[{"href":"https:\/\/www.collegesinstitutes.ca\/fr\/wp-json\/wp\/v2\/pages"}],"about":[{"href":"https:\/\/www.collegesinstitutes.ca\/fr\/wp-json\/wp\/v2\/types\/page"}],"author":[{"embeddable":true,"href":"https:\/\/www.collegesinstitutes.ca\/fr\/wp-json\/wp\/v2\/users\/2"}],"replies":[{"embeddable":true,"href":"https:\/\/www.collegesinstitutes.ca\/fr\/wp-json\/wp\/v2\/comments?post=16069"}],"version-history":[{"count":0,"href":"https:\/\/www.collegesinstitutes.ca\/fr\/wp-json\/wp\/v2\/pages\/16069\/revisions"}],"up":[{"embeddable":true,"href":"https:\/\/www.collegesinstitutes.ca\/fr\/wp-json\/wp\/v2\/pages\/10590"}],"wp:featuredmedia":[{"embeddable":true,"href":"https:\/\/www.collegesinstitutes.ca\/fr\/wp-json\/wp\/v2\/media\/16075"}],"wp:attachment":[{"href":"https:\/\/www.collegesinstitutes.ca\/fr\/wp-json\/wp\/v2\/media?parent=16069"}],"wp:term":[{"taxonomy":"category","embeddable":true,"href":"https:\/\/www.collegesinstitutes.ca\/fr\/wp-json\/wp\/v2\/categories?post=16069"},{"taxonomy":"post_tag","embeddable":true,"href":"https:\/\/www.collegesinstitutes.ca\/fr\/wp-json\/wp\/v2\/tags?post=16069"}],"curies":[{"name":"wp","href":"https:\/\/api.w.org\/{rel}","templated":true}]}}