{"id":10711,"date":"2022-10-12T01:59:11","date_gmt":"2022-10-12T01:59:11","guid":{"rendered":"https:\/\/www.collegesinstitutes.ca\/?page_id=10711"},"modified":"2025-09-16T12:54:07","modified_gmt":"2025-09-16T12:54:07","slug":"les-associes-de-cican","status":"publish","type":"page","link":"https:\/\/www.collegesinstitutes.ca\/fr\/a-propos\/les-associes-de-cican\/","title":{"rendered":"Les Associ\u00e9s de CICan"},"content":{"rendered":"<p class=\"lead\">Les associ\u00e9s de CICan sont des organisations qui collaborent r\u00e9guli\u00e8rement avec l\u2019association. Ils ont un mandat qui est compatible avec celui de CICan, mais ils ne sont pas \u00e9ligibles au statut de membre. Si votre organisation souhaite s\u2019associer \u00e0 CICan, ou si vous voulez plus d\u2019information au sujet des privil\u00e8ges accord\u00e9s aux associ\u00e9s, veuillez <a href=\"https:\/\/www.collegesinstitutes.ca\/fr\/a-propos\/nous-joindre\/\">contacter CICan<\/a>.<\/p>\n<h2 class=\"border-0\">Nos Associ\u00e9s<\/h2>\n<ul>\n<li><a href=\"https:\/\/www.apsn.ca\/\" target=\"_blank\" rel=\"noopener\">Alberta Post-Secondary Network (APSN)<\/a><\/li>\n<li><a href=\"https:\/\/www.acpq.net\/?lang=en\" target=\"_blank\" rel=\"noopener\">Association des coll\u00e8ges priv\u00e9s du Qu\u00e9bec (ACPQ)<\/a><\/li>\n<li><a href=\"http:\/\/aqpc.qc.ca\/en\" target=\"_blank\" rel=\"noopener\">Association Qu\u00e9b\u00e9coise de p\u00e9dagogie coll\u00e9giale (AQPC)<\/a><\/li>\n<li>Atlantic Colleges Atlantique<\/li>\n<li><a href=\"http:\/\/www.bccolleges.ca\/\" target=\"_blank\" rel=\"noopener\">BC Colleges<\/a><\/li>\n<li><a href=\"http:\/\/www.cadap-apdac.ca\/\" target=\"_blank\" rel=\"noopener\">Canadian Association of\u00a0Diplomas in Agriculture Programs (CADAP)<\/a><\/li>\n<li><a href=\"http:\/\/www.collegesontario.org\/\" target=\"_blank\" rel=\"noopener\">Colleges Ontario<\/a><\/li>\n<li><a href=\"https:\/\/cepn-fnec.ca\/\" target=\"_blank\" rel=\"noopener\">Conseil en \u00e9ducation des Premi\u00e8res nations (CEPN)<\/a><\/li>\n<li><a href=\"http:\/\/www.fedecegeps.qc.ca\/\" target=\"_blank\" rel=\"noopener\">F\u00e9d\u00e9ration des c\u00e9geps<\/a><\/li>\n<li><a href=\"http:\/\/fittfortrade.com\/\" target=\"_blank\" rel=\"noopener\">Forum for International Trade Training (FITT)<\/a><\/li>\n<li><a href=\"https:\/\/horatioalger.ca\/en\/home\/\" target=\"_blank\" rel=\"noopener\">Horatio Alger Association of Canada<\/a><\/li>\n<li><a href=\"https:\/\/iicontario.ca\/\" target=\"_blank\" rel=\"noopener\">Indigenous Institute Consortium (IIC)<\/a><\/li>\n<li><a href=\"http:\/\/www.oui-iohe.org\/en\/\" target=\"_blank\" rel=\"noopener\">Inter-American Organization for Higher Education (IOHE)<\/a><\/li>\n<li><a href=\"https:\/\/paciu.ca\/\" target=\"_blank\" rel=\"noopener\">Pacific Association of Canadian Institutes and Universities<\/a><\/li>\n<li><a href=\"https:\/\/rcm.quebec\/\" target=\"_blank\" rel=\"noopener\">Regroupement des Coll\u00e8ges de Montr\u00e9al<\/a><\/li>\n<li><a href=\"https:\/\/synchronex.ca\/\" target=\"_blank\" rel=\"noopener\"> Synchronex<\/a><\/li>\n<li><a href=\"https:\/\/en.tvu.edu.vn\/\" target=\"_blank\" rel=\"noopener\">Tra vinh University<\/a><\/li>\n<\/ul>\n","protected":false},"excerpt":{"rendered":"<p>Les associ\u00e9s de CICan sont des organisations qui collaborent r\u00e9guli\u00e8rement avec l\u2019association. Ils ont un mandat qui est compatible avec celui de CICan, mais ils ne sont pas \u00e9ligibles au&#8230;<\/p>\n","protected":false},"author":1,"featured_media":9824,"parent":10699,"menu_order":0,"comment_status":"closed","ping_status":"closed","template":"","meta":{"_acf_changed":false,"footnotes":""},"categories":[],"tags":[],"class_list":["post-10711","page","type-page","status-publish","has-post-thumbnail","hentry"],"acf":[],"yoast_head":"<!-- This site is optimized with the Yoast SEO plugin v27.4 - https:\/\/yoast.com\/product\/yoast-seo-wordpress\/ -->\n<title>Les Associ\u00e9s de CICan - Colleges and Institutes Canada<\/title>\n<meta name=\"robots\" content=\"index, follow, max-snippet:-1, max-image-preview:large, max-video-preview:-1\" \/>\n<link rel=\"canonical\" href=\"https:\/\/www.collegesinstitutes.ca\/fr\/a-propos\/les-associes-de-cican\/\" \/>\n<meta property=\"og:locale\" content=\"fr_FR\" \/>\n<meta property=\"og:type\" content=\"article\" \/>\n<meta property=\"og:title\" content=\"Les Associ\u00e9s de CICan - Colleges and Institutes Canada\" \/>\n<meta property=\"og:description\" content=\"Les associ\u00e9s de CICan sont des organisations qui collaborent r\u00e9guli\u00e8rement avec l\u2019association. Ils ont un mandat qui est compatible avec celui de CICan, mais ils ne sont pas \u00e9ligibles au...\" \/>\n<meta property=\"og:url\" content=\"https:\/\/www.collegesinstitutes.ca\/fr\/a-propos\/les-associes-de-cican\/\" \/>\n<meta property=\"og:site_name\" content=\"Colleges and Institutes Canada\" \/>\n<meta property=\"article:modified_time\" content=\"2025-09-16T12:54:07+00:00\" \/>\n<meta property=\"og:image\" content=\"https:\/\/www.collegesinstitutes.ca\/wp-content\/uploads\/2022\/10\/header-img-associates.jpg\" \/>\n\t<meta property=\"og:image:width\" content=\"1200\" \/>\n\t<meta property=\"og:image:height\" content=\"628\" \/>\n\t<meta property=\"og:image:type\" content=\"image\/jpeg\" \/>\n<meta name=\"twitter:card\" content=\"summary_large_image\" \/>\n<meta name=\"twitter:label1\" content=\"Est. reading time\" \/>\n\t<meta name=\"twitter:data1\" content=\"1 minute\" \/>\n<script type=\"application\/ld+json\" class=\"yoast-schema-graph\">{\"@context\":\"https:\\\/\\\/schema.org\",\"@graph\":[{\"@type\":\"WebPage\",\"@id\":\"https:\\\/\\\/www.collegesinstitutes.ca\\\/fr\\\/a-propos\\\/les-associes-de-cican\\\/\",\"url\":\"https:\\\/\\\/www.collegesinstitutes.ca\\\/fr\\\/a-propos\\\/les-associes-de-cican\\\/\",\"name\":\"Les Associ\u00e9s de CICan - Colleges and Institutes Canada\",\"isPartOf\":{\"@id\":\"https:\\\/\\\/www.collegesinstitutes.ca\\\/fr\\\/#website\"},\"primaryImageOfPage\":{\"@id\":\"https:\\\/\\\/www.collegesinstitutes.ca\\\/fr\\\/a-propos\\\/les-associes-de-cican\\\/#primaryimage\"},\"image\":{\"@id\":\"https:\\\/\\\/www.collegesinstitutes.ca\\\/fr\\\/a-propos\\\/les-associes-de-cican\\\/#primaryimage\"},\"thumbnailUrl\":\"https:\\\/\\\/www.collegesinstitutes.ca\\\/wp-content\\\/uploads\\\/2022\\\/10\\\/header-img-associates.jpg\",\"datePublished\":\"2022-10-12T01:59:11+00:00\",\"dateModified\":\"2025-09-16T12:54:07+00:00\",\"breadcrumb\":{\"@id\":\"https:\\\/\\\/www.collegesinstitutes.ca\\\/fr\\\/a-propos\\\/les-associes-de-cican\\\/#breadcrumb\"},\"inLanguage\":\"fr-FR\",\"potentialAction\":[{\"@type\":\"ReadAction\",\"target\":[\"https:\\\/\\\/www.collegesinstitutes.ca\\\/fr\\\/a-propos\\\/les-associes-de-cican\\\/\"]}]},{\"@type\":\"ImageObject\",\"inLanguage\":\"fr-FR\",\"@id\":\"https:\\\/\\\/www.collegesinstitutes.ca\\\/fr\\\/a-propos\\\/les-associes-de-cican\\\/#primaryimage\",\"url\":\"https:\\\/\\\/www.collegesinstitutes.ca\\\/wp-content\\\/uploads\\\/2022\\\/10\\\/header-img-associates.jpg\",\"contentUrl\":\"https:\\\/\\\/www.collegesinstitutes.ca\\\/wp-content\\\/uploads\\\/2022\\\/10\\\/header-img-associates.jpg\",\"width\":1200,\"height\":628},{\"@type\":\"BreadcrumbList\",\"@id\":\"https:\\\/\\\/www.collegesinstitutes.ca\\\/fr\\\/a-propos\\\/les-associes-de-cican\\\/#breadcrumb\",\"itemListElement\":[{\"@type\":\"ListItem\",\"position\":1,\"name\":\"Home\",\"item\":\"https:\\\/\\\/www.collegesinstitutes.ca\\\/fr\\\/\"},{\"@type\":\"ListItem\",\"position\":2,\"name\":\"\u00c0 propos de Coll\u00e8ges et instituts Canada\",\"item\":\"https:\\\/\\\/www.collegesinstitutes.ca\\\/fr\\\/a-propos\\\/\"},{\"@type\":\"ListItem\",\"position\":3,\"name\":\"Les Associ\u00e9s de CICan\"}]},{\"@type\":\"WebSite\",\"@id\":\"https:\\\/\\\/www.collegesinstitutes.ca\\\/fr\\\/#website\",\"url\":\"https:\\\/\\\/www.collegesinstitutes.ca\\\/fr\\\/\",\"name\":\"Colleges and Institutes Canada\",\"description\":\"The Voice of Canada&#039;s Colleges &amp; Institutes\",\"publisher\":{\"@id\":\"https:\\\/\\\/www.collegesinstitutes.ca\\\/fr\\\/#organization\"},\"potentialAction\":[{\"@type\":\"SearchAction\",\"target\":{\"@type\":\"EntryPoint\",\"urlTemplate\":\"https:\\\/\\\/www.collegesinstitutes.ca\\\/fr\\\/?s={search_term_string}\"},\"query-input\":{\"@type\":\"PropertyValueSpecification\",\"valueRequired\":true,\"valueName\":\"search_term_string\"}}],\"inLanguage\":\"fr-FR\"},{\"@type\":\"Organization\",\"@id\":\"https:\\\/\\\/www.collegesinstitutes.ca\\\/fr\\\/#organization\",\"name\":\"Colleges and Institutes Canada\",\"url\":\"https:\\\/\\\/www.collegesinstitutes.ca\\\/fr\\\/\",\"logo\":{\"@type\":\"ImageObject\",\"inLanguage\":\"fr-FR\",\"@id\":\"https:\\\/\\\/www.collegesinstitutes.ca\\\/fr\\\/#\\\/schema\\\/logo\\\/image\\\/\",\"url\":\"https:\\\/\\\/www.collegesinstitutes.ca\\\/wp-content\\\/uploads\\\/2025\\\/06\\\/logo-en.png\",\"contentUrl\":\"https:\\\/\\\/www.collegesinstitutes.ca\\\/wp-content\\\/uploads\\\/2025\\\/06\\\/logo-en.png\",\"width\":794,\"height\":280,\"caption\":\"Colleges and Institutes Canada\"},\"image\":{\"@id\":\"https:\\\/\\\/www.collegesinstitutes.ca\\\/fr\\\/#\\\/schema\\\/logo\\\/image\\\/\"}}]}<\/script>\n<!-- \/ Yoast SEO plugin. -->","yoast_head_json":{"title":"Les Associ\u00e9s de CICan - Colleges and Institutes Canada","robots":{"index":"index","follow":"follow","max-snippet":"max-snippet:-1","max-image-preview":"max-image-preview:large","max-video-preview":"max-video-preview:-1"},"canonical":"https:\/\/www.collegesinstitutes.ca\/fr\/a-propos\/les-associes-de-cican\/","og_locale":"fr_FR","og_type":"article","og_title":"Les Associ\u00e9s de CICan - Colleges and Institutes Canada","og_description":"Les associ\u00e9s de CICan sont des organisations qui collaborent r\u00e9guli\u00e8rement avec l\u2019association. Ils ont un mandat qui est compatible avec celui de CICan, mais ils ne sont pas \u00e9ligibles au...","og_url":"https:\/\/www.collegesinstitutes.ca\/fr\/a-propos\/les-associes-de-cican\/","og_site_name":"Colleges and Institutes Canada","article_modified_time":"2025-09-16T12:54:07+00:00","og_image":[{"width":1200,"height":628,"url":"https:\/\/www.collegesinstitutes.ca\/wp-content\/uploads\/2022\/10\/header-img-associates.jpg","type":"image\/jpeg"}],"twitter_card":"summary_large_image","twitter_misc":{"Est. reading time":"1 minute"},"schema":{"@context":"https:\/\/schema.org","@graph":[{"@type":"WebPage","@id":"https:\/\/www.collegesinstitutes.ca\/fr\/a-propos\/les-associes-de-cican\/","url":"https:\/\/www.collegesinstitutes.ca\/fr\/a-propos\/les-associes-de-cican\/","name":"Les Associ\u00e9s de CICan - Colleges and Institutes Canada","isPartOf":{"@id":"https:\/\/www.collegesinstitutes.ca\/fr\/#website"},"primaryImageOfPage":{"@id":"https:\/\/www.collegesinstitutes.ca\/fr\/a-propos\/les-associes-de-cican\/#primaryimage"},"image":{"@id":"https:\/\/www.collegesinstitutes.ca\/fr\/a-propos\/les-associes-de-cican\/#primaryimage"},"thumbnailUrl":"https:\/\/www.collegesinstitutes.ca\/wp-content\/uploads\/2022\/10\/header-img-associates.jpg","datePublished":"2022-10-12T01:59:11+00:00","dateModified":"2025-09-16T12:54:07+00:00","breadcrumb":{"@id":"https:\/\/www.collegesinstitutes.ca\/fr\/a-propos\/les-associes-de-cican\/#breadcrumb"},"inLanguage":"fr-FR","potentialAction":[{"@type":"ReadAction","target":["https:\/\/www.collegesinstitutes.ca\/fr\/a-propos\/les-associes-de-cican\/"]}]},{"@type":"ImageObject","inLanguage":"fr-FR","@id":"https:\/\/www.collegesinstitutes.ca\/fr\/a-propos\/les-associes-de-cican\/#primaryimage","url":"https:\/\/www.collegesinstitutes.ca\/wp-content\/uploads\/2022\/10\/header-img-associates.jpg","contentUrl":"https:\/\/www.collegesinstitutes.ca\/wp-content\/uploads\/2022\/10\/header-img-associates.jpg","width":1200,"height":628},{"@type":"BreadcrumbList","@id":"https:\/\/www.collegesinstitutes.ca\/fr\/a-propos\/les-associes-de-cican\/#breadcrumb","itemListElement":[{"@type":"ListItem","position":1,"name":"Home","item":"https:\/\/www.collegesinstitutes.ca\/fr\/"},{"@type":"ListItem","position":2,"name":"\u00c0 propos de Coll\u00e8ges et instituts Canada","item":"https:\/\/www.collegesinstitutes.ca\/fr\/a-propos\/"},{"@type":"ListItem","position":3,"name":"Les Associ\u00e9s de CICan"}]},{"@type":"WebSite","@id":"https:\/\/www.collegesinstitutes.ca\/fr\/#website","url":"https:\/\/www.collegesinstitutes.ca\/fr\/","name":"Colleges and Institutes Canada","description":"The Voice of Canada&#039;s Colleges &amp; Institutes","publisher":{"@id":"https:\/\/www.collegesinstitutes.ca\/fr\/#organization"},"potentialAction":[{"@type":"SearchAction","target":{"@type":"EntryPoint","urlTemplate":"https:\/\/www.collegesinstitutes.ca\/fr\/?s={search_term_string}"},"query-input":{"@type":"PropertyValueSpecification","valueRequired":true,"valueName":"search_term_string"}}],"inLanguage":"fr-FR"},{"@type":"Organization","@id":"https:\/\/www.collegesinstitutes.ca\/fr\/#organization","name":"Colleges and Institutes Canada","url":"https:\/\/www.collegesinstitutes.ca\/fr\/","logo":{"@type":"ImageObject","inLanguage":"fr-FR","@id":"https:\/\/www.collegesinstitutes.ca\/fr\/#\/schema\/logo\/image\/","url":"https:\/\/www.collegesinstitutes.ca\/wp-content\/uploads\/2025\/06\/logo-en.png","contentUrl":"https:\/\/www.collegesinstitutes.ca\/wp-content\/uploads\/2025\/06\/logo-en.png","width":794,"height":280,"caption":"Colleges and Institutes Canada"},"image":{"@id":"https:\/\/www.collegesinstitutes.ca\/fr\/#\/schema\/logo\/image\/"}}]}},"_links":{"self":[{"href":"https:\/\/www.collegesinstitutes.ca\/fr\/wp-json\/wp\/v2\/pages\/10711","targetHints":{"allow":["GET"]}}],"collection":[{"href":"https:\/\/www.collegesinstitutes.ca\/fr\/wp-json\/wp\/v2\/pages"}],"about":[{"href":"https:\/\/www.collegesinstitutes.ca\/fr\/wp-json\/wp\/v2\/types\/page"}],"author":[{"embeddable":true,"href":"https:\/\/www.collegesinstitutes.ca\/fr\/wp-json\/wp\/v2\/users\/1"}],"replies":[{"embeddable":true,"href":"https:\/\/www.collegesinstitutes.ca\/fr\/wp-json\/wp\/v2\/comments?post=10711"}],"version-history":[{"count":0,"href":"https:\/\/www.collegesinstitutes.ca\/fr\/wp-json\/wp\/v2\/pages\/10711\/revisions"}],"up":[{"embeddable":true,"href":"https:\/\/www.collegesinstitutes.ca\/fr\/wp-json\/wp\/v2\/pages\/10699"}],"wp:featuredmedia":[{"embeddable":true,"href":"https:\/\/www.collegesinstitutes.ca\/fr\/wp-json\/wp\/v2\/media\/9824"}],"wp:attachment":[{"href":"https:\/\/www.collegesinstitutes.ca\/fr\/wp-json\/wp\/v2\/media?parent=10711"}],"wp:term":[{"taxonomy":"category","embeddable":true,"href":"https:\/\/www.collegesinstitutes.ca\/fr\/wp-json\/wp\/v2\/categories?post=10711"},{"taxonomy":"post_tag","embeddable":true,"href":"https:\/\/www.collegesinstitutes.ca\/fr\/wp-json\/wp\/v2\/tags?post=10711"}],"curies":[{"name":"wp","href":"https:\/\/api.w.org\/{rel}","templated":true}]}}