{"id":10699,"date":"2022-10-11T17:48:19","date_gmt":"2022-10-11T17:48:19","guid":{"rendered":"https:\/\/www.collegesinstitutes.ca\/?page_id=10699"},"modified":"2024-06-25T14:46:12","modified_gmt":"2024-06-25T14:46:12","slug":"a-propos","status":"publish","type":"page","link":"https:\/\/www.collegesinstitutes.ca\/fr\/a-propos\/","title":{"rendered":"\u00c0 propos de Coll\u00e8ges et instituts Canada"},"content":{"rendered":"<p class=\"lead\">Fond\u00e9e en 1972, notre association est le porte-parole national et international du plus grand r\u00e9seau d\u2019enseignement postsecondaire du Canada.<\/p>\n<p>Nos actions sont dict\u00e9es par une vision \u00e0 la fois simple et ambitieuse : b\u00e2tir un avenir meilleur pour les individus et les collectivit\u00e9s. Pour ce faire, nous \u0153uvrons \u00e0 consolider le r\u00e9seau des coll\u00e8ges, instituts, c\u00e9geps et \u00e9coles polytechniques publics du Canada.<\/p>\n<p>Plus de 95% des Canadiennes et des Canadiens vivent \u00e0 moins de 50 km d\u2019un \u00e9tablissement membre et nous b\u00e9n\u00e9ficions d\u2019une vaste pr\u00e9sence dans le monde entier. L\u2019impact de notre r\u00e9seau est d\u00e8s lors sans pareil, et les r\u00e9sultats en sont tangibles pour les \u00e9tudiantes et \u00e9tudiants, les employeurs et tous nos partenaires.<\/p>\n<p>\u00c0 l\u2019image de nos membres, nous sommes une organisation souple, capable de s\u2019adapter et d\u2019entreprendre de nouveaux projets au gr\u00e9 des besoins, afin de prot\u00e9ger les collectivit\u00e9s au Canada et \u00e0 l\u2019\u00e9tranger des al\u00e9as du futur.<\/p>\n<p>Notre travail trouve son inspiration dans les objectifs de d\u00e9veloppement durable des Nations unies. Nous sommes particuli\u00e8rement d\u00e9termin\u00e9s \u00e0 promouvoir l\u2019\u00e9quit\u00e9, la diversit\u00e9 et l\u2019inclusion, le d\u00e9veloppement durable, l\u2019acc\u00e8s \u00e0 une \u00e9ducation de qualit\u00e9, un travail d\u00e9cent pour toutes et tous et l\u2019action climatique.<\/p>\n<p>Nous pr\u00eachons par l\u2019exemple et sommes fiers de la diversit\u00e9 qui r\u00e8gne au sein de notre propre \u00e9quipe et de notre gouvernance. Nous sommes \u00e9galement conscients du r\u00f4le essentiel de l\u2019\u00e9ducation dans l\u2019appui \u00e0 la r\u00e9conciliation avec les peuples autochtones, et nous soutenons le plein potentiel de notre r\u00e9seau partout au Canada.<\/p>\n<p>Dans ce m\u00eame esprit, nous reconnaissons avec respect que les bureaux de CICan \u00e0 Ottawa sont situ\u00e9s sur le territoire traditionnel et non c\u00e9d\u00e9 de la nation algonquine Anishinaabe.\u202f<\/p>\n<p><a class=\"btn btn-dark\" href=\"https:\/\/www.collegesinstitutes.ca\/fr\/les-50-ans-de-cican\/\" target=\"_blank\" rel=\"noopener\">Apprenez-en davantage sur notre histoire<\/a><\/p>\n<div class=\"mt-md-5\" style=\"max-width: 600px; width: 100%;\">\n<a href=\"https:\/\/www.collegesinstitutes.ca\/fr\/les-50-ans-de-cican\/\" target=\"_blank\" rel=\"noopener\"><img fetchpriority=\"high\" decoding=\"async\" width=\"1200\" height=\"300\" src=\"https:\/\/www.collegesinstitutes.ca\/wp-content\/uploads\/2022\/12\/cican-perspectives-banner-50th-fr.jpg\" alt=\"CICan 50th Banner\" class=\"wp-image-10702\" srcset=\"https:\/\/www.collegesinstitutes.ca\/wp-content\/uploads\/2022\/12\/cican-perspectives-banner-50th-fr.jpg 1200w, https:\/\/www.collegesinstitutes.ca\/wp-content\/uploads\/2022\/12\/cican-perspectives-banner-50th-fr-300x75.jpg 300w, https:\/\/www.collegesinstitutes.ca\/wp-content\/uploads\/2022\/12\/cican-perspectives-banner-50th-fr-1024x256.jpg 1024w, https:\/\/www.collegesinstitutes.ca\/wp-content\/uploads\/2022\/12\/cican-perspectives-banner-50th-fr-768x192.jpg 768w\" sizes=\"(max-width: 1200px) 100vw, 1200px\" \/><\/a>\n<\/div>\n","protected":false},"excerpt":{"rendered":"<p>Fond\u00e9e en 1972, notre association est le porte-parole national et international du plus grand r\u00e9seau d\u2019enseignement postsecondaire du Canada. Nos actions sont dict\u00e9es par une vision \u00e0 la fois simple&#8230;<\/p>\n","protected":false},"author":1,"featured_media":9873,"parent":0,"menu_order":0,"comment_status":"closed","ping_status":"closed","template":"","meta":{"_acf_changed":false,"footnotes":""},"categories":[],"tags":[],"class_list":["post-10699","page","type-page","status-publish","has-post-thumbnail","hentry"],"acf":[],"yoast_head":"<!-- This site is optimized with the Yoast SEO plugin v27.4 - https:\/\/yoast.com\/product\/yoast-seo-wordpress\/ -->\n<title>\u00c0 propos de Coll\u00e8ges et instituts Canada - Colleges and Institutes Canada<\/title>\n<meta name=\"robots\" content=\"index, follow, max-snippet:-1, max-image-preview:large, max-video-preview:-1\" \/>\n<link rel=\"canonical\" href=\"https:\/\/www.collegesinstitutes.ca\/fr\/a-propos\/\" \/>\n<meta property=\"og:locale\" content=\"fr_FR\" \/>\n<meta property=\"og:type\" content=\"article\" \/>\n<meta property=\"og:title\" content=\"\u00c0 propos de Coll\u00e8ges et instituts Canada - Colleges and Institutes Canada\" \/>\n<meta property=\"og:description\" content=\"Fond\u00e9e en 1972, notre association est le porte-parole national et international du plus grand r\u00e9seau d\u2019enseignement postsecondaire du Canada. Nos actions sont dict\u00e9es par une vision \u00e0 la fois simple...\" \/>\n<meta property=\"og:url\" content=\"https:\/\/www.collegesinstitutes.ca\/fr\/a-propos\/\" \/>\n<meta property=\"og:site_name\" content=\"Colleges and Institutes Canada\" \/>\n<meta property=\"article:modified_time\" content=\"2024-06-25T14:46:12+00:00\" \/>\n<meta property=\"og:image\" content=\"https:\/\/www.collegesinstitutes.ca\/wp-content\/uploads\/2022\/10\/header-img-about-3.jpg\" \/>\n\t<meta property=\"og:image:width\" content=\"1200\" \/>\n\t<meta property=\"og:image:height\" content=\"628\" \/>\n\t<meta property=\"og:image:type\" content=\"image\/jpeg\" \/>\n<meta name=\"twitter:card\" content=\"summary_large_image\" \/>\n<meta name=\"twitter:label1\" content=\"Est. reading time\" \/>\n\t<meta name=\"twitter:data1\" content=\"2 minutes\" \/>\n<script type=\"application\/ld+json\" class=\"yoast-schema-graph\">{\"@context\":\"https:\\\/\\\/schema.org\",\"@graph\":[{\"@type\":\"WebPage\",\"@id\":\"https:\\\/\\\/www.collegesinstitutes.ca\\\/fr\\\/a-propos\\\/\",\"url\":\"https:\\\/\\\/www.collegesinstitutes.ca\\\/fr\\\/a-propos\\\/\",\"name\":\"\u00c0 propos de Coll\u00e8ges et instituts Canada - Colleges and Institutes Canada\",\"isPartOf\":{\"@id\":\"https:\\\/\\\/www.collegesinstitutes.ca\\\/fr\\\/#website\"},\"primaryImageOfPage\":{\"@id\":\"https:\\\/\\\/www.collegesinstitutes.ca\\\/fr\\\/a-propos\\\/#primaryimage\"},\"image\":{\"@id\":\"https:\\\/\\\/www.collegesinstitutes.ca\\\/fr\\\/a-propos\\\/#primaryimage\"},\"thumbnailUrl\":\"https:\\\/\\\/www.collegesinstitutes.ca\\\/wp-content\\\/uploads\\\/2022\\\/10\\\/header-img-about-3.jpg\",\"datePublished\":\"2022-10-11T17:48:19+00:00\",\"dateModified\":\"2024-06-25T14:46:12+00:00\",\"breadcrumb\":{\"@id\":\"https:\\\/\\\/www.collegesinstitutes.ca\\\/fr\\\/a-propos\\\/#breadcrumb\"},\"inLanguage\":\"fr-FR\",\"potentialAction\":[{\"@type\":\"ReadAction\",\"target\":[\"https:\\\/\\\/www.collegesinstitutes.ca\\\/fr\\\/a-propos\\\/\"]}]},{\"@type\":\"ImageObject\",\"inLanguage\":\"fr-FR\",\"@id\":\"https:\\\/\\\/www.collegesinstitutes.ca\\\/fr\\\/a-propos\\\/#primaryimage\",\"url\":\"https:\\\/\\\/www.collegesinstitutes.ca\\\/wp-content\\\/uploads\\\/2022\\\/10\\\/header-img-about-3.jpg\",\"contentUrl\":\"https:\\\/\\\/www.collegesinstitutes.ca\\\/wp-content\\\/uploads\\\/2022\\\/10\\\/header-img-about-3.jpg\",\"width\":1200,\"height\":628},{\"@type\":\"BreadcrumbList\",\"@id\":\"https:\\\/\\\/www.collegesinstitutes.ca\\\/fr\\\/a-propos\\\/#breadcrumb\",\"itemListElement\":[{\"@type\":\"ListItem\",\"position\":1,\"name\":\"Home\",\"item\":\"https:\\\/\\\/www.collegesinstitutes.ca\\\/fr\\\/\"},{\"@type\":\"ListItem\",\"position\":2,\"name\":\"\u00c0 propos de Coll\u00e8ges et instituts Canada\"}]},{\"@type\":\"WebSite\",\"@id\":\"https:\\\/\\\/www.collegesinstitutes.ca\\\/fr\\\/#website\",\"url\":\"https:\\\/\\\/www.collegesinstitutes.ca\\\/fr\\\/\",\"name\":\"Colleges and Institutes Canada\",\"description\":\"The Voice of Canada&#039;s Colleges &amp; Institutes\",\"publisher\":{\"@id\":\"https:\\\/\\\/www.collegesinstitutes.ca\\\/fr\\\/#organization\"},\"potentialAction\":[{\"@type\":\"SearchAction\",\"target\":{\"@type\":\"EntryPoint\",\"urlTemplate\":\"https:\\\/\\\/www.collegesinstitutes.ca\\\/fr\\\/?s={search_term_string}\"},\"query-input\":{\"@type\":\"PropertyValueSpecification\",\"valueRequired\":true,\"valueName\":\"search_term_string\"}}],\"inLanguage\":\"fr-FR\"},{\"@type\":\"Organization\",\"@id\":\"https:\\\/\\\/www.collegesinstitutes.ca\\\/fr\\\/#organization\",\"name\":\"Colleges and Institutes Canada\",\"url\":\"https:\\\/\\\/www.collegesinstitutes.ca\\\/fr\\\/\",\"logo\":{\"@type\":\"ImageObject\",\"inLanguage\":\"fr-FR\",\"@id\":\"https:\\\/\\\/www.collegesinstitutes.ca\\\/fr\\\/#\\\/schema\\\/logo\\\/image\\\/\",\"url\":\"https:\\\/\\\/www.collegesinstitutes.ca\\\/wp-content\\\/uploads\\\/2025\\\/06\\\/logo-en.png\",\"contentUrl\":\"https:\\\/\\\/www.collegesinstitutes.ca\\\/wp-content\\\/uploads\\\/2025\\\/06\\\/logo-en.png\",\"width\":794,\"height\":280,\"caption\":\"Colleges and Institutes Canada\"},\"image\":{\"@id\":\"https:\\\/\\\/www.collegesinstitutes.ca\\\/fr\\\/#\\\/schema\\\/logo\\\/image\\\/\"}}]}<\/script>\n<!-- \/ Yoast SEO plugin. -->","yoast_head_json":{"title":"\u00c0 propos de Coll\u00e8ges et instituts Canada - Colleges and Institutes Canada","robots":{"index":"index","follow":"follow","max-snippet":"max-snippet:-1","max-image-preview":"max-image-preview:large","max-video-preview":"max-video-preview:-1"},"canonical":"https:\/\/www.collegesinstitutes.ca\/fr\/a-propos\/","og_locale":"fr_FR","og_type":"article","og_title":"\u00c0 propos de Coll\u00e8ges et instituts Canada - Colleges and Institutes Canada","og_description":"Fond\u00e9e en 1972, notre association est le porte-parole national et international du plus grand r\u00e9seau d\u2019enseignement postsecondaire du Canada. Nos actions sont dict\u00e9es par une vision \u00e0 la fois simple...","og_url":"https:\/\/www.collegesinstitutes.ca\/fr\/a-propos\/","og_site_name":"Colleges and Institutes Canada","article_modified_time":"2024-06-25T14:46:12+00:00","og_image":[{"width":1200,"height":628,"url":"https:\/\/www.collegesinstitutes.ca\/wp-content\/uploads\/2022\/10\/header-img-about-3.jpg","type":"image\/jpeg"}],"twitter_card":"summary_large_image","twitter_misc":{"Est. reading time":"2 minutes"},"schema":{"@context":"https:\/\/schema.org","@graph":[{"@type":"WebPage","@id":"https:\/\/www.collegesinstitutes.ca\/fr\/a-propos\/","url":"https:\/\/www.collegesinstitutes.ca\/fr\/a-propos\/","name":"\u00c0 propos de Coll\u00e8ges et instituts Canada - Colleges and Institutes Canada","isPartOf":{"@id":"https:\/\/www.collegesinstitutes.ca\/fr\/#website"},"primaryImageOfPage":{"@id":"https:\/\/www.collegesinstitutes.ca\/fr\/a-propos\/#primaryimage"},"image":{"@id":"https:\/\/www.collegesinstitutes.ca\/fr\/a-propos\/#primaryimage"},"thumbnailUrl":"https:\/\/www.collegesinstitutes.ca\/wp-content\/uploads\/2022\/10\/header-img-about-3.jpg","datePublished":"2022-10-11T17:48:19+00:00","dateModified":"2024-06-25T14:46:12+00:00","breadcrumb":{"@id":"https:\/\/www.collegesinstitutes.ca\/fr\/a-propos\/#breadcrumb"},"inLanguage":"fr-FR","potentialAction":[{"@type":"ReadAction","target":["https:\/\/www.collegesinstitutes.ca\/fr\/a-propos\/"]}]},{"@type":"ImageObject","inLanguage":"fr-FR","@id":"https:\/\/www.collegesinstitutes.ca\/fr\/a-propos\/#primaryimage","url":"https:\/\/www.collegesinstitutes.ca\/wp-content\/uploads\/2022\/10\/header-img-about-3.jpg","contentUrl":"https:\/\/www.collegesinstitutes.ca\/wp-content\/uploads\/2022\/10\/header-img-about-3.jpg","width":1200,"height":628},{"@type":"BreadcrumbList","@id":"https:\/\/www.collegesinstitutes.ca\/fr\/a-propos\/#breadcrumb","itemListElement":[{"@type":"ListItem","position":1,"name":"Home","item":"https:\/\/www.collegesinstitutes.ca\/fr\/"},{"@type":"ListItem","position":2,"name":"\u00c0 propos de Coll\u00e8ges et instituts Canada"}]},{"@type":"WebSite","@id":"https:\/\/www.collegesinstitutes.ca\/fr\/#website","url":"https:\/\/www.collegesinstitutes.ca\/fr\/","name":"Colleges and Institutes Canada","description":"The Voice of Canada&#039;s Colleges &amp; Institutes","publisher":{"@id":"https:\/\/www.collegesinstitutes.ca\/fr\/#organization"},"potentialAction":[{"@type":"SearchAction","target":{"@type":"EntryPoint","urlTemplate":"https:\/\/www.collegesinstitutes.ca\/fr\/?s={search_term_string}"},"query-input":{"@type":"PropertyValueSpecification","valueRequired":true,"valueName":"search_term_string"}}],"inLanguage":"fr-FR"},{"@type":"Organization","@id":"https:\/\/www.collegesinstitutes.ca\/fr\/#organization","name":"Colleges and Institutes Canada","url":"https:\/\/www.collegesinstitutes.ca\/fr\/","logo":{"@type":"ImageObject","inLanguage":"fr-FR","@id":"https:\/\/www.collegesinstitutes.ca\/fr\/#\/schema\/logo\/image\/","url":"https:\/\/www.collegesinstitutes.ca\/wp-content\/uploads\/2025\/06\/logo-en.png","contentUrl":"https:\/\/www.collegesinstitutes.ca\/wp-content\/uploads\/2025\/06\/logo-en.png","width":794,"height":280,"caption":"Colleges and Institutes Canada"},"image":{"@id":"https:\/\/www.collegesinstitutes.ca\/fr\/#\/schema\/logo\/image\/"}}]}},"_links":{"self":[{"href":"https:\/\/www.collegesinstitutes.ca\/fr\/wp-json\/wp\/v2\/pages\/10699","targetHints":{"allow":["GET"]}}],"collection":[{"href":"https:\/\/www.collegesinstitutes.ca\/fr\/wp-json\/wp\/v2\/pages"}],"about":[{"href":"https:\/\/www.collegesinstitutes.ca\/fr\/wp-json\/wp\/v2\/types\/page"}],"author":[{"embeddable":true,"href":"https:\/\/www.collegesinstitutes.ca\/fr\/wp-json\/wp\/v2\/users\/1"}],"replies":[{"embeddable":true,"href":"https:\/\/www.collegesinstitutes.ca\/fr\/wp-json\/wp\/v2\/comments?post=10699"}],"version-history":[{"count":0,"href":"https:\/\/www.collegesinstitutes.ca\/fr\/wp-json\/wp\/v2\/pages\/10699\/revisions"}],"wp:featuredmedia":[{"embeddable":true,"href":"https:\/\/www.collegesinstitutes.ca\/fr\/wp-json\/wp\/v2\/media\/9873"}],"wp:attachment":[{"href":"https:\/\/www.collegesinstitutes.ca\/fr\/wp-json\/wp\/v2\/media?parent=10699"}],"wp:term":[{"taxonomy":"category","embeddable":true,"href":"https:\/\/www.collegesinstitutes.ca\/fr\/wp-json\/wp\/v2\/categories?post=10699"},{"taxonomy":"post_tag","embeddable":true,"href":"https:\/\/www.collegesinstitutes.ca\/fr\/wp-json\/wp\/v2\/tags?post=10699"}],"curies":[{"name":"wp","href":"https:\/\/api.w.org\/{rel}","templated":true}]}}