{"id":10683,"date":"2022-03-09T13:38:38","date_gmt":"2022-03-09T13:38:38","guid":{"rendered":"https:\/\/www.collegesinstitutes.ca\/?page_id=10683"},"modified":"2024-07-11T17:44:56","modified_gmt":"2024-07-11T17:44:56","slug":"avantages-formation-collegiale","status":"publish","type":"page","link":"https:\/\/www.collegesinstitutes.ca\/fr\/colleges-instituts-communaute\/avantages-formation-collegiale\/","title":{"rendered":"Les avantages d\u2019une formation coll\u00e9giale"},"content":{"rendered":"<p class=\"lead\">CICan est heureuse de compter parmi les partenaires de <a href=\"http:\/\/www.epri.ca\/\" rel=\"noopener\" target=\"_blank\">l\u2019Education Policy Research Initiative (EPRI)<\/a>, un organisme national de recherche ayant son si\u00e8ge \u00e0 l\u2019Universit\u00e9 d\u2019Ottawa et qui effectue des recherches destin\u00e9es \u00e0 \u00e9clairer les discussions strat\u00e9giques en mati\u00e8re d\u2019\u00e9ducation, de comp\u00e9tences et d\u2019emploi.<\/p>\n<p>Dirig\u00e9 par Ross Finnie, l\u2019EPRI r\u00e9fute le mythe du \u00ab barista \u00bb en montrant que le fait de d\u00e9tenir un certificat ou dipl\u00f4me d\u2019\u00e9tudes postsecondaire am\u00e9liore en r\u00e9alit\u00e9 les r\u00e9sultats en mati\u00e8re d\u2019emploi et de revenus.<\/p>\n<p>En se servant des donn\u00e9es administratives fournies par 14 \u00e9tablissements d\u2019enseignement postsecondaires de quatre provinces canadiennes et en les reliant aux donn\u00e9es fiscales obtenues de Statistique Canada, l\u2019EPRI a \u00e9t\u00e9 en mesure de faire le suivi des revenus de dipl\u00f4m\u00e9s pour la p\u00e9riode allant de 2005 \u00e0 2013. Cela lui a permis de dresser un portrait complet de leurs r\u00e9sultats sur le march\u00e9 du travail et de l\u2019incidence que pouvait avoir le fait de d\u00e9tenir un dipl\u00f4me d\u2019\u00e9tudes coll\u00e9gial ou universitaire.<\/p>\n<div class=\"boxit\">\n<div class=\"row\">\n<div class=\"col-md-3 text-center\">\n<img fetchpriority=\"high\" decoding=\"async\" src=\"https:\/\/www.collegesinstitutes.ca\/wp-content\/uploads\/2023\/01\/thumbnail-img-didyouknow.png\" alt=\"\" width=\"600\" height=\"596\" class=\"alignnone size-full wp-image-16088\" srcset=\"https:\/\/www.collegesinstitutes.ca\/wp-content\/uploads\/2023\/01\/thumbnail-img-didyouknow.png 600w, https:\/\/www.collegesinstitutes.ca\/wp-content\/uploads\/2023\/01\/thumbnail-img-didyouknow-300x298.png 300w, https:\/\/www.collegesinstitutes.ca\/wp-content\/uploads\/2023\/01\/thumbnail-img-didyouknow-150x150.png 150w\" sizes=\"(max-width: 600px) 100vw, 600px\" \/>\n<\/div>\n<div class=\"col-md-9\">\n<h2>En bref :<\/h2>\n<ul class=\"ms-0\">\n<li>La premi\u00e8re ann\u00e9e apr\u00e8s l\u2019obtention de leur grade, les dipl\u00f4m\u00e9s de coll\u00e8ges et d\u2019instituts per\u00e7oivent un revenu annuel moyen de <strong>34 000 $<\/strong>.<\/li>\n<li>Ce montant s\u2019\u00e9l\u00e8ve \u00e0 <strong>54 000 $<\/strong> par an huit ans apr\u00e8s l\u2019obtention de leur dipl\u00f4me.<\/li>\n<li>Sur l\u2019ensemble des dipl\u00f4m\u00e9s, <strong>90 %<\/strong> d\u2019entre eux per\u00e7oivent un revenu bien sup\u00e9rieur \u00e0 celui d\u2019un \u00ab barista \u00bb.<\/li>\n<\/ul>\n<\/div>\n<\/div>\n<\/div>\n<h2 class=\"border-0\">Pour plus d&rsquo;informations, voir la vid\u00e9o ci-dessous<\/h2>\n<div class=\"video-container\"><iframe title=\"YouTube video player\" src=\"https:\/\/www.youtube.com\/embed\/lFqukyW4xJQ\" width=\"560\" height=\"315\" frameborder=\"0\" allow=\"accelerometer; autoplay; clipboard-write; encrypted-media; gyroscope; picture-in-picture\" allowfullscreen><\/iframe><\/div>\n","protected":false},"excerpt":{"rendered":"<p>CICan est heureuse de compter parmi les partenaires de l\u2019Education Policy Research Initiative (EPRI), un organisme national de recherche ayant son si\u00e8ge \u00e0 l\u2019Universit\u00e9 d\u2019Ottawa et qui effectue des recherches&#8230;<\/p>\n","protected":false},"author":1,"featured_media":11219,"parent":10588,"menu_order":0,"comment_status":"closed","ping_status":"closed","template":"","meta":{"_acf_changed":false,"footnotes":""},"categories":[],"tags":[],"class_list":["post-10683","page","type-page","status-publish","has-post-thumbnail","hentry"],"acf":[],"yoast_head":"<!-- This site is optimized with the Yoast SEO plugin v27.5 - https:\/\/yoast.com\/product\/yoast-seo-wordpress\/ -->\n<title>Les avantages d\u2019une formation coll\u00e9giale - Colleges and Institutes Canada<\/title>\n<meta name=\"robots\" content=\"index, follow, max-snippet:-1, max-image-preview:large, max-video-preview:-1\" \/>\n<link rel=\"canonical\" href=\"https:\/\/www.collegesinstitutes.ca\/fr\/colleges-instituts-communaute\/avantages-formation-collegiale\/\" \/>\n<meta property=\"og:locale\" content=\"fr_FR\" \/>\n<meta property=\"og:type\" content=\"article\" \/>\n<meta property=\"og:title\" content=\"Les avantages d\u2019une formation coll\u00e9giale - Colleges and Institutes Canada\" \/>\n<meta property=\"og:description\" content=\"CICan est heureuse de compter parmi les partenaires de l\u2019Education Policy Research Initiative (EPRI), un organisme national de recherche ayant son si\u00e8ge \u00e0 l\u2019Universit\u00e9 d\u2019Ottawa et qui effectue des recherches...\" \/>\n<meta property=\"og:url\" content=\"https:\/\/www.collegesinstitutes.ca\/fr\/colleges-instituts-communaute\/avantages-formation-collegiale\/\" \/>\n<meta property=\"og:site_name\" content=\"Colleges and Institutes Canada\" \/>\n<meta property=\"article:modified_time\" content=\"2024-07-11T17:44:56+00:00\" \/>\n<meta property=\"og:image\" content=\"https:\/\/www.collegesinstitutes.ca\/wp-content\/uploads\/2023\/01\/header-img-credentials.jpg\" \/>\n\t<meta property=\"og:image:width\" content=\"1200\" \/>\n\t<meta property=\"og:image:height\" content=\"628\" \/>\n\t<meta property=\"og:image:type\" content=\"image\/jpeg\" \/>\n<meta name=\"twitter:card\" content=\"summary_large_image\" \/>\n<meta name=\"twitter:label1\" content=\"Est. reading time\" \/>\n\t<meta name=\"twitter:data1\" content=\"1 minute\" \/>\n<script type=\"application\/ld+json\" class=\"yoast-schema-graph\">{\"@context\":\"https:\\\/\\\/schema.org\",\"@graph\":[{\"@type\":\"WebPage\",\"@id\":\"https:\\\/\\\/www.collegesinstitutes.ca\\\/fr\\\/colleges-instituts-communaute\\\/avantages-formation-collegiale\\\/\",\"url\":\"https:\\\/\\\/www.collegesinstitutes.ca\\\/fr\\\/colleges-instituts-communaute\\\/avantages-formation-collegiale\\\/\",\"name\":\"Les avantages d\u2019une formation coll\u00e9giale - Colleges and Institutes Canada\",\"isPartOf\":{\"@id\":\"https:\\\/\\\/www.collegesinstitutes.ca\\\/fr\\\/#website\"},\"primaryImageOfPage\":{\"@id\":\"https:\\\/\\\/www.collegesinstitutes.ca\\\/fr\\\/colleges-instituts-communaute\\\/avantages-formation-collegiale\\\/#primaryimage\"},\"image\":{\"@id\":\"https:\\\/\\\/www.collegesinstitutes.ca\\\/fr\\\/colleges-instituts-communaute\\\/avantages-formation-collegiale\\\/#primaryimage\"},\"thumbnailUrl\":\"https:\\\/\\\/www.collegesinstitutes.ca\\\/wp-content\\\/uploads\\\/2023\\\/01\\\/header-img-credentials.jpg\",\"datePublished\":\"2022-03-09T13:38:38+00:00\",\"dateModified\":\"2024-07-11T17:44:56+00:00\",\"breadcrumb\":{\"@id\":\"https:\\\/\\\/www.collegesinstitutes.ca\\\/fr\\\/colleges-instituts-communaute\\\/avantages-formation-collegiale\\\/#breadcrumb\"},\"inLanguage\":\"fr-FR\",\"potentialAction\":[{\"@type\":\"ReadAction\",\"target\":[\"https:\\\/\\\/www.collegesinstitutes.ca\\\/fr\\\/colleges-instituts-communaute\\\/avantages-formation-collegiale\\\/\"]}]},{\"@type\":\"ImageObject\",\"inLanguage\":\"fr-FR\",\"@id\":\"https:\\\/\\\/www.collegesinstitutes.ca\\\/fr\\\/colleges-instituts-communaute\\\/avantages-formation-collegiale\\\/#primaryimage\",\"url\":\"https:\\\/\\\/www.collegesinstitutes.ca\\\/wp-content\\\/uploads\\\/2023\\\/01\\\/header-img-credentials.jpg\",\"contentUrl\":\"https:\\\/\\\/www.collegesinstitutes.ca\\\/wp-content\\\/uploads\\\/2023\\\/01\\\/header-img-credentials.jpg\",\"width\":1200,\"height\":628},{\"@type\":\"BreadcrumbList\",\"@id\":\"https:\\\/\\\/www.collegesinstitutes.ca\\\/fr\\\/colleges-instituts-communaute\\\/avantages-formation-collegiale\\\/#breadcrumb\",\"itemListElement\":[{\"@type\":\"ListItem\",\"position\":1,\"name\":\"Home\",\"item\":\"https:\\\/\\\/www.collegesinstitutes.ca\\\/fr\\\/\"},{\"@type\":\"ListItem\",\"position\":2,\"name\":\"Les coll\u00e8ges et instituts au service de votre communaut\u00e9\",\"item\":\"https:\\\/\\\/www.collegesinstitutes.ca\\\/fr\\\/colleges-instituts-communaute\\\/\"},{\"@type\":\"ListItem\",\"position\":3,\"name\":\"Les avantages d\u2019une formation coll\u00e9giale\"}]},{\"@type\":\"WebSite\",\"@id\":\"https:\\\/\\\/www.collegesinstitutes.ca\\\/fr\\\/#website\",\"url\":\"https:\\\/\\\/www.collegesinstitutes.ca\\\/fr\\\/\",\"name\":\"Colleges and Institutes Canada\",\"description\":\"The Voice of Canada&#039;s Colleges &amp; Institutes\",\"publisher\":{\"@id\":\"https:\\\/\\\/www.collegesinstitutes.ca\\\/fr\\\/#organization\"},\"potentialAction\":[{\"@type\":\"SearchAction\",\"target\":{\"@type\":\"EntryPoint\",\"urlTemplate\":\"https:\\\/\\\/www.collegesinstitutes.ca\\\/fr\\\/?s={search_term_string}\"},\"query-input\":{\"@type\":\"PropertyValueSpecification\",\"valueRequired\":true,\"valueName\":\"search_term_string\"}}],\"inLanguage\":\"fr-FR\"},{\"@type\":\"Organization\",\"@id\":\"https:\\\/\\\/www.collegesinstitutes.ca\\\/fr\\\/#organization\",\"name\":\"Colleges and Institutes Canada\",\"url\":\"https:\\\/\\\/www.collegesinstitutes.ca\\\/fr\\\/\",\"logo\":{\"@type\":\"ImageObject\",\"inLanguage\":\"fr-FR\",\"@id\":\"https:\\\/\\\/www.collegesinstitutes.ca\\\/fr\\\/#\\\/schema\\\/logo\\\/image\\\/\",\"url\":\"https:\\\/\\\/www.collegesinstitutes.ca\\\/wp-content\\\/uploads\\\/2025\\\/06\\\/logo-en.png\",\"contentUrl\":\"https:\\\/\\\/www.collegesinstitutes.ca\\\/wp-content\\\/uploads\\\/2025\\\/06\\\/logo-en.png\",\"width\":794,\"height\":280,\"caption\":\"Colleges and Institutes Canada\"},\"image\":{\"@id\":\"https:\\\/\\\/www.collegesinstitutes.ca\\\/fr\\\/#\\\/schema\\\/logo\\\/image\\\/\"}}]}<\/script>\n<!-- \/ Yoast SEO plugin. -->","yoast_head_json":{"title":"Les avantages d\u2019une formation coll\u00e9giale - Colleges and Institutes Canada","robots":{"index":"index","follow":"follow","max-snippet":"max-snippet:-1","max-image-preview":"max-image-preview:large","max-video-preview":"max-video-preview:-1"},"canonical":"https:\/\/www.collegesinstitutes.ca\/fr\/colleges-instituts-communaute\/avantages-formation-collegiale\/","og_locale":"fr_FR","og_type":"article","og_title":"Les avantages d\u2019une formation coll\u00e9giale - Colleges and Institutes Canada","og_description":"CICan est heureuse de compter parmi les partenaires de l\u2019Education Policy Research Initiative (EPRI), un organisme national de recherche ayant son si\u00e8ge \u00e0 l\u2019Universit\u00e9 d\u2019Ottawa et qui effectue des recherches...","og_url":"https:\/\/www.collegesinstitutes.ca\/fr\/colleges-instituts-communaute\/avantages-formation-collegiale\/","og_site_name":"Colleges and Institutes Canada","article_modified_time":"2024-07-11T17:44:56+00:00","og_image":[{"width":1200,"height":628,"url":"https:\/\/www.collegesinstitutes.ca\/wp-content\/uploads\/2023\/01\/header-img-credentials.jpg","type":"image\/jpeg"}],"twitter_card":"summary_large_image","twitter_misc":{"Est. reading time":"1 minute"},"schema":{"@context":"https:\/\/schema.org","@graph":[{"@type":"WebPage","@id":"https:\/\/www.collegesinstitutes.ca\/fr\/colleges-instituts-communaute\/avantages-formation-collegiale\/","url":"https:\/\/www.collegesinstitutes.ca\/fr\/colleges-instituts-communaute\/avantages-formation-collegiale\/","name":"Les avantages d\u2019une formation coll\u00e9giale - Colleges and Institutes Canada","isPartOf":{"@id":"https:\/\/www.collegesinstitutes.ca\/fr\/#website"},"primaryImageOfPage":{"@id":"https:\/\/www.collegesinstitutes.ca\/fr\/colleges-instituts-communaute\/avantages-formation-collegiale\/#primaryimage"},"image":{"@id":"https:\/\/www.collegesinstitutes.ca\/fr\/colleges-instituts-communaute\/avantages-formation-collegiale\/#primaryimage"},"thumbnailUrl":"https:\/\/www.collegesinstitutes.ca\/wp-content\/uploads\/2023\/01\/header-img-credentials.jpg","datePublished":"2022-03-09T13:38:38+00:00","dateModified":"2024-07-11T17:44:56+00:00","breadcrumb":{"@id":"https:\/\/www.collegesinstitutes.ca\/fr\/colleges-instituts-communaute\/avantages-formation-collegiale\/#breadcrumb"},"inLanguage":"fr-FR","potentialAction":[{"@type":"ReadAction","target":["https:\/\/www.collegesinstitutes.ca\/fr\/colleges-instituts-communaute\/avantages-formation-collegiale\/"]}]},{"@type":"ImageObject","inLanguage":"fr-FR","@id":"https:\/\/www.collegesinstitutes.ca\/fr\/colleges-instituts-communaute\/avantages-formation-collegiale\/#primaryimage","url":"https:\/\/www.collegesinstitutes.ca\/wp-content\/uploads\/2023\/01\/header-img-credentials.jpg","contentUrl":"https:\/\/www.collegesinstitutes.ca\/wp-content\/uploads\/2023\/01\/header-img-credentials.jpg","width":1200,"height":628},{"@type":"BreadcrumbList","@id":"https:\/\/www.collegesinstitutes.ca\/fr\/colleges-instituts-communaute\/avantages-formation-collegiale\/#breadcrumb","itemListElement":[{"@type":"ListItem","position":1,"name":"Home","item":"https:\/\/www.collegesinstitutes.ca\/fr\/"},{"@type":"ListItem","position":2,"name":"Les coll\u00e8ges et instituts au service de votre communaut\u00e9","item":"https:\/\/www.collegesinstitutes.ca\/fr\/colleges-instituts-communaute\/"},{"@type":"ListItem","position":3,"name":"Les avantages d\u2019une formation coll\u00e9giale"}]},{"@type":"WebSite","@id":"https:\/\/www.collegesinstitutes.ca\/fr\/#website","url":"https:\/\/www.collegesinstitutes.ca\/fr\/","name":"Colleges and Institutes Canada","description":"The Voice of Canada&#039;s Colleges &amp; Institutes","publisher":{"@id":"https:\/\/www.collegesinstitutes.ca\/fr\/#organization"},"potentialAction":[{"@type":"SearchAction","target":{"@type":"EntryPoint","urlTemplate":"https:\/\/www.collegesinstitutes.ca\/fr\/?s={search_term_string}"},"query-input":{"@type":"PropertyValueSpecification","valueRequired":true,"valueName":"search_term_string"}}],"inLanguage":"fr-FR"},{"@type":"Organization","@id":"https:\/\/www.collegesinstitutes.ca\/fr\/#organization","name":"Colleges and Institutes Canada","url":"https:\/\/www.collegesinstitutes.ca\/fr\/","logo":{"@type":"ImageObject","inLanguage":"fr-FR","@id":"https:\/\/www.collegesinstitutes.ca\/fr\/#\/schema\/logo\/image\/","url":"https:\/\/www.collegesinstitutes.ca\/wp-content\/uploads\/2025\/06\/logo-en.png","contentUrl":"https:\/\/www.collegesinstitutes.ca\/wp-content\/uploads\/2025\/06\/logo-en.png","width":794,"height":280,"caption":"Colleges and Institutes Canada"},"image":{"@id":"https:\/\/www.collegesinstitutes.ca\/fr\/#\/schema\/logo\/image\/"}}]}},"_links":{"self":[{"href":"https:\/\/www.collegesinstitutes.ca\/fr\/wp-json\/wp\/v2\/pages\/10683","targetHints":{"allow":["GET"]}}],"collection":[{"href":"https:\/\/www.collegesinstitutes.ca\/fr\/wp-json\/wp\/v2\/pages"}],"about":[{"href":"https:\/\/www.collegesinstitutes.ca\/fr\/wp-json\/wp\/v2\/types\/page"}],"author":[{"embeddable":true,"href":"https:\/\/www.collegesinstitutes.ca\/fr\/wp-json\/wp\/v2\/users\/1"}],"replies":[{"embeddable":true,"href":"https:\/\/www.collegesinstitutes.ca\/fr\/wp-json\/wp\/v2\/comments?post=10683"}],"version-history":[{"count":0,"href":"https:\/\/www.collegesinstitutes.ca\/fr\/wp-json\/wp\/v2\/pages\/10683\/revisions"}],"up":[{"embeddable":true,"href":"https:\/\/www.collegesinstitutes.ca\/fr\/wp-json\/wp\/v2\/pages\/10588"}],"wp:featuredmedia":[{"embeddable":true,"href":"https:\/\/www.collegesinstitutes.ca\/fr\/wp-json\/wp\/v2\/media\/11219"}],"wp:attachment":[{"href":"https:\/\/www.collegesinstitutes.ca\/fr\/wp-json\/wp\/v2\/media?parent=10683"}],"wp:term":[{"taxonomy":"category","embeddable":true,"href":"https:\/\/www.collegesinstitutes.ca\/fr\/wp-json\/wp\/v2\/categories?post=10683"},{"taxonomy":"post_tag","embeddable":true,"href":"https:\/\/www.collegesinstitutes.ca\/fr\/wp-json\/wp\/v2\/tags?post=10683"}],"curies":[{"name":"wp","href":"https:\/\/api.w.org\/{rel}","templated":true}]}}