{"id":10667,"date":"2022-11-07T19:24:19","date_gmt":"2022-11-07T19:24:19","guid":{"rendered":"https:\/\/www.collegesinstitutes.ca\/cicans-50th-anniversary\/tomorrows-leadership\/"},"modified":"2022-11-07T19:24:50","modified_gmt":"2022-11-07T19:24:50","slug":"tomorrows-leadership","status":"publish","type":"page","link":"https:\/\/www.collegesinstitutes.ca\/fr\/les-50-ans-de-cican\/tomorrows-leadership\/","title":{"rendered":"Le leadership de demain"},"content":{"rendered":"<p><strong>Par Nicole Rouiller, Directrice g\u00e9n\u00e9rale, C\u00e9gep Marie-Victorin (2003-2013) <\/strong><\/p>\n<p>Depuis sa fondation, CICan a toujours \u00e9t\u00e9 aux premi\u00e8res loges pour soutenir le d\u00e9veloppement des comp\u00e9tences des dirigeants de ses institutions membres. Les instituts de leadership ainsi que le r\u00e9cent programme de mentorat t\u00e9moignent de la grande contribution de CICan au d\u00e9veloppement d\u2019un leadership rassembleur et ouvert \u00e0 la diversit\u00e9 et \u00e0 l\u2019inclusion. Dans le cadre du 50e anniversaire de CICan, cet article vise \u00e0 d\u00e9gager les grandes lignes de ma vision des principales comp\u00e9tences qui seront exig\u00e9es aux leaders de demain.   <\/p>\n<p>Lorsque je suis devenue cadre dans mon c\u00e9gep en 1990, je me suis passionn\u00e9e pour l\u2019exercice du leadership et \u00e0 ses d\u00e9fis. Mon style de leadership a \u00e9volu\u00e9 gr\u00e2ce \u00e0 des mentors qui m\u2019ont aid\u00e9 \u00e0 me remettre en question et en lien avec les d\u00e9fis qui ont jalonn\u00e9 ma carri\u00e8re. <\/p>\n<p>Aujourd\u2019hui, les contextes de travail ont chang\u00e9 radicalement depuis ce temps. L\u2019utilisation des r\u00e9seaux sociaux et de nombreuses innovations technologiques ont transform\u00e9 nos pratiques de communication et nos relations professionnelles. Que dire des exigences de la main-d\u2019\u0153uvre qui r\u00e9clame, suite \u00e0 la pand\u00e9mie, souplesse et flexibilit\u00e9 face au travail hybride et au t\u00e9l\u00e9travail. On ne peut passer sous silence les deux derni\u00e8res ann\u00e9es durant lesquelles le r\u00e9seau de l\u2019\u00e9ducation a d\u00fb faire preuve de cr\u00e9ativit\u00e9 et d\u2019agilit\u00e9 pour remplir sa mission \u00e9ducative en temps de pand\u00e9mie. <\/p>\n<p>De nos jours le r\u00f4le des leaders ne se situe plus dans la direction de simples ex\u00e9cutants, mais dans la mobilisation de la connaissance et des comp\u00e9tences de leur personnel. Non seulement faut-il travailler en \u00e9quipe, \u00eatre engag\u00e9 et mobilis\u00e9, mais encore faut-il apprendre \u00e0 apprendre, car le changement est constant. <\/p>\n<p>H\u00e9raclite a dit\u202f: \u00ab\u202frien n\u2019est permanent sauf le changement\u202f\u00bb. Dans les coll\u00e8ges, c\u00e9geps et instituts, les dirigeants sont constamment confront\u00e9s \u00e0 la gestion des changements. Que ce soit pour adapter des programmes d\u2019\u00e9tudes \u00e0 la r\u00e9alit\u00e9 du march\u00e9 du travail et aux technologies sans cesse changeantes, appuyer des \u00e9tudiants aux besoins particuliers, suivre l\u2019\u00e9volution des besoins des entreprises, etc. <\/p>\n<p>Nos r\u00e9flexions et nos observations nous am\u00e8nent \u00e0 conclure que le leadership de demain devra comprendre les comp\u00e9tences suivantes pour relever les d\u00e9fis du XXIe si\u00e8cle  <\/p>\n<p><strong>1) Comprendre les autres et faire \u00e9voluer les comp\u00e9tences de son \u00e9quipe<\/strong><\/p>\n<p>Le d\u00e9veloppement de l\u2019intelligence \u00e9motionnelle est \u00e0 mon avis la plus importante des comp\u00e9tences attendues. Le leader \u00e9motionnellement intelligent a une bonne id\u00e9e de ses propres \u00e9motions, de celles des autres et il sait les g\u00e9rer efficacement. L\u2019empathie, la compassion et le respect sont des qualit\u00e9s chez les leaders les plus comp\u00e9tents et les plus appr\u00e9ci\u00e9s. Dans une \u00e9poque o\u00f9 les probl\u00e8mes d\u2019adaptation et d\u2019anxi\u00e9t\u00e9 sont malheureusement trop pr\u00e9sents dans la population, ces comp\u00e9tences sont essentielles pour cr\u00e9er un environnement de travail et d\u2019\u00e9tudes sain et \u00e9panouissant. Peter F Drucker, l\u2019inventeur du management moderne, a dit que le succ\u00e8s dans l\u2019\u00e9conomie du savoir sourit \u00e0 ceux et celles qui ont une bonne connaissance de soi, de leurs forces, de leurs valeurs et de leur capacit\u00e9 d\u2019agir. <\/p>\n<p>Le leader de demain sera ouvert \u00e0 la diversit\u00e9, car il cherchera \u00e0 s\u2019entourer des personnes qui lui seront compl\u00e9mentaires et qui lui apporteront une diversit\u00e9 de pens\u00e9e. Sa force r\u00e9sidera dans sa capacit\u00e9 \u00e0 faire des ponts entre des id\u00e9es et des gens. <\/p>\n<p><strong>2) Comprendre et agir sur son environnement <\/strong> <\/p>\n<p>Nous entrons dans la quatri\u00e8me plus grande r\u00e9volution de l\u2019\u00e8re moderne, qui combinera plusieurs technologies telles que l\u2019Internet des objets, la robotique, les m\u00e9gadonn\u00e9es (big data) et l\u2019intelligence artificielle. <\/p>\n<p>Nous vivons dans un environnement volatile, incertain et complexe, car comme les technologies et les besoins soci\u00e9taux se transforment et progressent, les organisations doivent constamment \u00e9voluer et revoir leurs strat\u00e9gies. L\u2019agilit\u00e9 constitue une valeur en p\u00e9riode de changement, car le leader doit savoir prendre des d\u00e9cisions rapides bas\u00e9es sur des principes solides. Les leaders de demain devront flairer et saisir les nouvelles possibilit\u00e9s cr\u00e9\u00e9es \u00e0 mesure que les tendances se dessinent et se mettent en place. <\/p>\n<p>Les leaders les plus performants seront ceux qui auront la confiance et les comp\u00e9tences pour identifier les signaux faibles, identifier les tendances lourdes et en tirer des sources d\u2019innovation. C\u2019est pourquoi la curiosit\u00e9 deviendra une qualit\u00e9 essentielle, car le leader devra constamment \u00eatre \u00e0 l\u2019aff\u00fbt de nouvelles connaissances tout en favorisant la formation tout au long de la vie pour lui et son personnel.  <\/p>\n<p><strong>3) \u00catre porteur de sens <\/strong><\/p>\n<p>Les leaders que les gens veulent suivre ont d\u00e9velopp\u00e9 leur vision et savent la communiquer et la partager avec leur personnel. Cette vision repose sur des valeurs s\u00fbres incarn\u00e9es dans l\u2019organisation et dans le parcours du leader dans sa vie personnelle et professionnelle.  <\/p>\n<p>On cherche des individus qui ont une morale et repr\u00e9sentant un id\u00e9al auxquels ils adh\u00e8rent, que ce soit \u00e9thique, environnemental ou social. On attend des leaders qu\u2019ils aient le courage d\u2019agir, qu\u2019ils n\u2019aient pas peur de quitter le confort pour avancer. Ils doivent \u00e9viter de reporter les d\u00e9cisions difficiles, oser dire la v\u00e9rit\u00e9 et non ce que les autres veulent entendre et, enfin, \u00eatre capables de reconna\u00eetre qu\u2019ils se sont tromp\u00e9s.  <\/p>\n<p>Les leaders qui ont comme mission de faire cro\u00eetre les membres de son \u00e9quipe auront plus d\u2019impact et une plus grande long\u00e9vit\u00e9 professionnelle. Bref, l\u2019authenticit\u00e9 et le courage feront partie du profil recherch\u00e9 dans l\u2019avenir.  <\/p>\n<p>On s\u2019attendra \u00e0 ce que le leader excelle dans toutes les strat\u00e9gies de communication que ce soit en personne dans les m\u00e9dias sociaux, en conf\u00e9rence devant un public ou devant le personnel. La communication devient le levier pour \u00e9tablir des relations constructives de part et d\u2019autre. <\/p>\n<p>Le leader de demain se devra d\u2019\u00eatre authentique et miser \u00e0 la fois sur sa t\u00eate, son c\u0153ur et son courage.2 Un leadership de t\u00eate correspond \u00e0 la capacit\u00e9 de se positionner en strat\u00e8ge et d\u2019\u00eatre orient\u00e9 vers l\u2019avenir. Un leadership de c\u0153ur s\u2019actualise lorsque le cadre r\u00e9ussit \u00e0 mobiliser son \u00e9quipe en d\u00e9montrant de la consid\u00e9ration pour ceux et celles qui l\u2019entourent. Enfin un leadership de courage s\u2019exerce en ayant la capacit\u00e9 de prendre des d\u00e9cisions difficiles. Chacune des composantes du leadership se traduit par des comportements propices \u00e0 comprendre les autres, \u00e0 prendre des d\u00e9cisions en s\u2019adaptant aux contextes et en forgeant une vision rassembleuse et porteuse de sens. <\/p>\n<p>Je terminerai par une citation de Napol\u00e9on qui r\u00e9sume l\u2019essentiel de ma philosophie de gestion que je sugg\u00e8re bien humblement aux leaders de demain. <em>L\u2019art le plus difficile n\u2019est pas de choisir les hommes, mais de donner \u00e0 ceux qu\u2019on choisit toute la valeur qu\u2019ils peuvent avoir<\/em>. <\/p>\n","protected":false},"excerpt":{"rendered":"<p>Par Nicole Rouiller, Directrice g\u00e9n\u00e9rale, C\u00e9gep Marie-Victorin (2003-2013) Depuis sa fondation, CICan a toujours \u00e9t\u00e9 aux premi\u00e8res loges pour soutenir le d\u00e9veloppement des comp\u00e9tences des dirigeants de ses institutions membres&#8230;.<\/p>\n","protected":false},"author":1,"featured_media":0,"parent":10636,"menu_order":0,"comment_status":"closed","ping_status":"closed","template":"page-fifthy-subpage.php","meta":{"_acf_changed":false,"footnotes":""},"categories":[],"tags":[],"class_list":["post-10667","page","type-page","status-publish","hentry"],"acf":[],"yoast_head":"<!-- This site is optimized with the Yoast SEO plugin v27.3 - https:\/\/yoast.com\/product\/yoast-seo-wordpress\/ -->\n<title>Le leadership de demain - Colleges and Institutes Canada<\/title>\n<meta name=\"robots\" content=\"index, follow, max-snippet:-1, max-image-preview:large, max-video-preview:-1\" \/>\n<link rel=\"canonical\" href=\"https:\/\/www.collegesinstitutes.ca\/fr\/les-50-ans-de-cican\/tomorrows-leadership\/\" \/>\n<meta property=\"og:locale\" content=\"fr_FR\" \/>\n<meta property=\"og:type\" content=\"article\" \/>\n<meta property=\"og:title\" content=\"Le leadership de demain - Colleges and Institutes Canada\" \/>\n<meta property=\"og:description\" content=\"Par Nicole Rouiller, Directrice g\u00e9n\u00e9rale, C\u00e9gep Marie-Victorin (2003-2013) Depuis sa fondation, CICan a toujours \u00e9t\u00e9 aux premi\u00e8res loges pour soutenir le d\u00e9veloppement des comp\u00e9tences des dirigeants de ses institutions membres....\" \/>\n<meta property=\"og:url\" content=\"https:\/\/www.collegesinstitutes.ca\/fr\/les-50-ans-de-cican\/tomorrows-leadership\/\" \/>\n<meta property=\"og:site_name\" content=\"Colleges and Institutes Canada\" \/>\n<meta property=\"article:modified_time\" content=\"2022-11-07T19:24:50+00:00\" \/>\n<meta name=\"twitter:card\" content=\"summary_large_image\" \/>\n<meta name=\"twitter:label1\" content=\"Est. reading time\" \/>\n\t<meta name=\"twitter:data1\" content=\"6 minutes\" \/>\n<script type=\"application\/ld+json\" class=\"yoast-schema-graph\">{\"@context\":\"https:\\\/\\\/schema.org\",\"@graph\":[{\"@type\":\"WebPage\",\"@id\":\"https:\\\/\\\/www.collegesinstitutes.ca\\\/fr\\\/les-50-ans-de-cican\\\/tomorrows-leadership\\\/\",\"url\":\"https:\\\/\\\/www.collegesinstitutes.ca\\\/fr\\\/les-50-ans-de-cican\\\/tomorrows-leadership\\\/\",\"name\":\"Le leadership de demain - Colleges and Institutes Canada\",\"isPartOf\":{\"@id\":\"https:\\\/\\\/www.collegesinstitutes.ca\\\/fr\\\/#website\"},\"datePublished\":\"2022-11-07T19:24:19+00:00\",\"dateModified\":\"2022-11-07T19:24:50+00:00\",\"breadcrumb\":{\"@id\":\"https:\\\/\\\/www.collegesinstitutes.ca\\\/fr\\\/les-50-ans-de-cican\\\/tomorrows-leadership\\\/#breadcrumb\"},\"inLanguage\":\"fr-FR\",\"potentialAction\":[{\"@type\":\"ReadAction\",\"target\":[\"https:\\\/\\\/www.collegesinstitutes.ca\\\/fr\\\/les-50-ans-de-cican\\\/tomorrows-leadership\\\/\"]}]},{\"@type\":\"BreadcrumbList\",\"@id\":\"https:\\\/\\\/www.collegesinstitutes.ca\\\/fr\\\/les-50-ans-de-cican\\\/tomorrows-leadership\\\/#breadcrumb\",\"itemListElement\":[{\"@type\":\"ListItem\",\"position\":1,\"name\":\"Home\",\"item\":\"https:\\\/\\\/www.collegesinstitutes.ca\\\/fr\\\/\"},{\"@type\":\"ListItem\",\"position\":2,\"name\":\"Les 50 ans de CICan\",\"item\":\"https:\\\/\\\/www.collegesinstitutes.ca\\\/fr\\\/les-50-ans-de-cican\\\/\"},{\"@type\":\"ListItem\",\"position\":3,\"name\":\"Le leadership de demain\"}]},{\"@type\":\"WebSite\",\"@id\":\"https:\\\/\\\/www.collegesinstitutes.ca\\\/fr\\\/#website\",\"url\":\"https:\\\/\\\/www.collegesinstitutes.ca\\\/fr\\\/\",\"name\":\"Colleges and Institutes Canada\",\"description\":\"The Voice of Canada&#039;s Colleges &amp; Institutes\",\"publisher\":{\"@id\":\"https:\\\/\\\/www.collegesinstitutes.ca\\\/fr\\\/#organization\"},\"potentialAction\":[{\"@type\":\"SearchAction\",\"target\":{\"@type\":\"EntryPoint\",\"urlTemplate\":\"https:\\\/\\\/www.collegesinstitutes.ca\\\/fr\\\/?s={search_term_string}\"},\"query-input\":{\"@type\":\"PropertyValueSpecification\",\"valueRequired\":true,\"valueName\":\"search_term_string\"}}],\"inLanguage\":\"fr-FR\"},{\"@type\":\"Organization\",\"@id\":\"https:\\\/\\\/www.collegesinstitutes.ca\\\/fr\\\/#organization\",\"name\":\"Colleges and Institutes Canada\",\"url\":\"https:\\\/\\\/www.collegesinstitutes.ca\\\/fr\\\/\",\"logo\":{\"@type\":\"ImageObject\",\"inLanguage\":\"fr-FR\",\"@id\":\"https:\\\/\\\/www.collegesinstitutes.ca\\\/fr\\\/#\\\/schema\\\/logo\\\/image\\\/\",\"url\":\"https:\\\/\\\/www.collegesinstitutes.ca\\\/wp-content\\\/uploads\\\/2025\\\/06\\\/logo-en.png\",\"contentUrl\":\"https:\\\/\\\/www.collegesinstitutes.ca\\\/wp-content\\\/uploads\\\/2025\\\/06\\\/logo-en.png\",\"width\":794,\"height\":280,\"caption\":\"Colleges and Institutes Canada\"},\"image\":{\"@id\":\"https:\\\/\\\/www.collegesinstitutes.ca\\\/fr\\\/#\\\/schema\\\/logo\\\/image\\\/\"}}]}<\/script>\n<!-- \/ Yoast SEO plugin. -->","yoast_head_json":{"title":"Le leadership de demain - Colleges and Institutes Canada","robots":{"index":"index","follow":"follow","max-snippet":"max-snippet:-1","max-image-preview":"max-image-preview:large","max-video-preview":"max-video-preview:-1"},"canonical":"https:\/\/www.collegesinstitutes.ca\/fr\/les-50-ans-de-cican\/tomorrows-leadership\/","og_locale":"fr_FR","og_type":"article","og_title":"Le leadership de demain - Colleges and Institutes Canada","og_description":"Par Nicole Rouiller, Directrice g\u00e9n\u00e9rale, C\u00e9gep Marie-Victorin (2003-2013) Depuis sa fondation, CICan a toujours \u00e9t\u00e9 aux premi\u00e8res loges pour soutenir le d\u00e9veloppement des comp\u00e9tences des dirigeants de ses institutions membres....","og_url":"https:\/\/www.collegesinstitutes.ca\/fr\/les-50-ans-de-cican\/tomorrows-leadership\/","og_site_name":"Colleges and Institutes Canada","article_modified_time":"2022-11-07T19:24:50+00:00","twitter_card":"summary_large_image","twitter_misc":{"Est. reading time":"6 minutes"},"schema":{"@context":"https:\/\/schema.org","@graph":[{"@type":"WebPage","@id":"https:\/\/www.collegesinstitutes.ca\/fr\/les-50-ans-de-cican\/tomorrows-leadership\/","url":"https:\/\/www.collegesinstitutes.ca\/fr\/les-50-ans-de-cican\/tomorrows-leadership\/","name":"Le leadership de demain - Colleges and Institutes Canada","isPartOf":{"@id":"https:\/\/www.collegesinstitutes.ca\/fr\/#website"},"datePublished":"2022-11-07T19:24:19+00:00","dateModified":"2022-11-07T19:24:50+00:00","breadcrumb":{"@id":"https:\/\/www.collegesinstitutes.ca\/fr\/les-50-ans-de-cican\/tomorrows-leadership\/#breadcrumb"},"inLanguage":"fr-FR","potentialAction":[{"@type":"ReadAction","target":["https:\/\/www.collegesinstitutes.ca\/fr\/les-50-ans-de-cican\/tomorrows-leadership\/"]}]},{"@type":"BreadcrumbList","@id":"https:\/\/www.collegesinstitutes.ca\/fr\/les-50-ans-de-cican\/tomorrows-leadership\/#breadcrumb","itemListElement":[{"@type":"ListItem","position":1,"name":"Home","item":"https:\/\/www.collegesinstitutes.ca\/fr\/"},{"@type":"ListItem","position":2,"name":"Les 50 ans de CICan","item":"https:\/\/www.collegesinstitutes.ca\/fr\/les-50-ans-de-cican\/"},{"@type":"ListItem","position":3,"name":"Le leadership de demain"}]},{"@type":"WebSite","@id":"https:\/\/www.collegesinstitutes.ca\/fr\/#website","url":"https:\/\/www.collegesinstitutes.ca\/fr\/","name":"Colleges and Institutes Canada","description":"The Voice of Canada&#039;s Colleges &amp; Institutes","publisher":{"@id":"https:\/\/www.collegesinstitutes.ca\/fr\/#organization"},"potentialAction":[{"@type":"SearchAction","target":{"@type":"EntryPoint","urlTemplate":"https:\/\/www.collegesinstitutes.ca\/fr\/?s={search_term_string}"},"query-input":{"@type":"PropertyValueSpecification","valueRequired":true,"valueName":"search_term_string"}}],"inLanguage":"fr-FR"},{"@type":"Organization","@id":"https:\/\/www.collegesinstitutes.ca\/fr\/#organization","name":"Colleges and Institutes Canada","url":"https:\/\/www.collegesinstitutes.ca\/fr\/","logo":{"@type":"ImageObject","inLanguage":"fr-FR","@id":"https:\/\/www.collegesinstitutes.ca\/fr\/#\/schema\/logo\/image\/","url":"https:\/\/www.collegesinstitutes.ca\/wp-content\/uploads\/2025\/06\/logo-en.png","contentUrl":"https:\/\/www.collegesinstitutes.ca\/wp-content\/uploads\/2025\/06\/logo-en.png","width":794,"height":280,"caption":"Colleges and Institutes Canada"},"image":{"@id":"https:\/\/www.collegesinstitutes.ca\/fr\/#\/schema\/logo\/image\/"}}]}},"_links":{"self":[{"href":"https:\/\/www.collegesinstitutes.ca\/fr\/wp-json\/wp\/v2\/pages\/10667","targetHints":{"allow":["GET"]}}],"collection":[{"href":"https:\/\/www.collegesinstitutes.ca\/fr\/wp-json\/wp\/v2\/pages"}],"about":[{"href":"https:\/\/www.collegesinstitutes.ca\/fr\/wp-json\/wp\/v2\/types\/page"}],"author":[{"embeddable":true,"href":"https:\/\/www.collegesinstitutes.ca\/fr\/wp-json\/wp\/v2\/users\/1"}],"replies":[{"embeddable":true,"href":"https:\/\/www.collegesinstitutes.ca\/fr\/wp-json\/wp\/v2\/comments?post=10667"}],"version-history":[{"count":0,"href":"https:\/\/www.collegesinstitutes.ca\/fr\/wp-json\/wp\/v2\/pages\/10667\/revisions"}],"up":[{"embeddable":true,"href":"https:\/\/www.collegesinstitutes.ca\/fr\/wp-json\/wp\/v2\/pages\/10636"}],"wp:attachment":[{"href":"https:\/\/www.collegesinstitutes.ca\/fr\/wp-json\/wp\/v2\/media?parent=10667"}],"wp:term":[{"taxonomy":"category","embeddable":true,"href":"https:\/\/www.collegesinstitutes.ca\/fr\/wp-json\/wp\/v2\/categories?post=10667"},{"taxonomy":"post_tag","embeddable":true,"href":"https:\/\/www.collegesinstitutes.ca\/fr\/wp-json\/wp\/v2\/tags?post=10667"}],"curies":[{"name":"wp","href":"https:\/\/api.w.org\/{rel}","templated":true}]}}