{"id":10656,"date":"2022-11-07T19:15:19","date_gmt":"2022-11-07T19:15:19","guid":{"rendered":"https:\/\/www.collegesinstitutes.ca\/cicans-50th-anniversary\/reflections\/"},"modified":"2023-03-08T17:15:53","modified_gmt":"2023-03-08T17:15:53","slug":"reflections","status":"publish","type":"page","link":"https:\/\/www.collegesinstitutes.ca\/fr\/les-50-ans-de-cican\/reflections\/","title":{"rendered":"R\u00e9flexions"},"content":{"rendered":"<section class=\"section reflection_wrapper\">\n<p class=\"lead\">\u00c0 l\u2019occasion de notre 50e anniversaire, nous invitons nos membres, partenaires et amis du monde entier \u00e0 partager leurs histoires et \u00e0 r\u00e9fl\u00e9chir avec nous \u00e0 l\u2019\u00e9volution du syst\u00e8me coll\u00e9gial. L\u2019objectif de cette s\u00e9rie est de porter un regard sur le pass\u00e9 et d\u2019envisager l\u2019avenir. Elle offrira l\u2019occasion de rassembler diverses perspectives et id\u00e9es sur l\u2019ensemble du r\u00e9seau coll\u00e9gial, ainsi que sur le contexte plus large de l\u2019enseignement postsecondaire et du march\u00e9 du travail.<\/p>\n<div class=\"row mt-5\">\n<div class=\"col-lg-4 mb-3 pb-3\">\n<div class=\"hotTopics-thumbnail\"><a href=\"https:\/\/www.collegesinstitutes.ca\/fr\/les-50-ans-de-cican\/message-from-the-governor-general-on-the-occasion-of-the-50th-anniversary-of-colleges-and-institutes-canada\/\"><br \/>\n<img decoding=\"async\" src=\"\/wp-content\/uploads\/2023\/03\/mary-simon-v3.png\" alt=\"Official Portrait of Mary Simon\" \/><br \/>\n<\/a><\/div>\n<h6 class=\"pt-3\">4 MAI 2022<\/h6>\n<h2 class=\"title blue\"><a class=\"font-weight-normal\" href=\"https:\/\/www.collegesinstitutes.ca\/fr\/les-50-ans-de-cican\/message-from-the-governor-general-on-the-occasion-of-the-50th-anniversary-of-colleges-and-institutes-canada\/\">R\u00e9flexions sur 50 ans de croissance et sur notre avenir commun<\/a><\/h2>\n<p><strong>Par Mary Simon, gouverneure g\u00e9n\u00e9rale du Canada<\/strong><br \/>\nC\u2019est un plaisir de saluer chaleureusement celles et ceux qui prennent part a\u0300 la confe\u0301rence de Colle\u0300ges et instituts Canada (CICan), qui ce\u0301le\u0300bre son 50e anniversaire cette anne\u0301e. <a href=\"https:\/\/www.collegesinstitutes.ca\/fr\/les-50-ans-de-cican\/message-from-the-governor-general-on-the-occasion-of-the-50th-anniversary-of-colleges-and-institutes-canada\/\">Lire la suite<\/a><\/p>\n<\/div>\n<div class=\"col-lg-4 mb-3 pb-3\">\n<div class=\"hotTopics-thumbnail\"><a href=\"https:\/\/www.collegesinstitutes.ca\/fr\/reflexions-sur-50-ans-de-croissance-et-sur-notre-avenir-commun\/\"><br \/>\n<img decoding=\"async\" src=\"\/wp-content\/uploads\/2023\/03\/denise-thumbnail-v2.png\" alt=\"Portrait of Denis Amyot\" \/><br \/>\n<\/a><\/div>\n<h6 class=\"pt-3\">4 f\u00e9vrier 2022<\/h6>\n<h2 class=\"title blue\"><a class=\"font-weight-normal\" href=\"https:\/\/www.collegesinstitutes.ca\/fr\/reflexions-sur-50-ans-de-croissance-et-sur-notre-avenir-commun\/\">R\u00e9flexions sur 50 ans de croissance et sur notre avenir commun<\/a><\/h2>\n<p><strong>Par Denise Amyot, pr\u00e9sidente-directrice g\u00e9n\u00e9rale de Coll\u00e8ges et instituts Canada<\/strong><br \/>\nIl y a cinquante ans, les coll\u00e8ges et instituts de tout le Canada ont d\u00e9cid\u00e9 de s\u2019unir et de se donner un moyen de s\u2019exprimer d\u2019une seule voix. <a href=\"https:\/\/www.collegesinstitutes.ca\/fr\/reflexions-sur-50-ans-de-croissance-et-sur-notre-avenir-commun\/\">Lire la suite<\/a><\/p>\n<\/div>\n<div class=\"col-lg-4 mb-3 pb-3\">\n<div class=\"hotTopics-thumbnail\"><a href=\"https:\/\/www.collegesinstitutes.ca\/fr\/comment-adapter-les-programmes-deducation-pour-lemploi-a-une-nouvelle-realite\/\"><br \/>\n<img decoding=\"async\" src=\"\/wp-content\/uploads\/2023\/03\/cican_photo_paul_brennan-scaled-v2.png\" alt=\"Portrait of Paul Brennan\" \/><br \/>\n<\/a><\/div>\n<h6 class=\"pt-3\">18 f\u00e9vrier 2022<\/h6>\n<h2 class=\"title blue\"><a class=\"font-weight-normal\" href=\"https:\/\/www.collegesinstitutes.ca\/fr\/comment-adapter-les-programmes-deducation-pour-lemploi-a-une-nouvelle-realite\/\">Comment adapter les programmes d\u2019\u00c9ducation pour l\u2019emploi \u00e0 une nouvelle r\u00e9alit\u00e9<\/a><\/h2>\n<p><strong>Par Paul Brennan, vice-pr\u00e9sident retrait\u00e9, Partenariats internationaux, CICan (1993-2017)<\/strong><br \/>\nIl y a quinze ans, CICan a entrepris une transformation fondamentale de ses projets d&rsquo;aide au d\u00e9veloppement international. <a href=\"https:\/\/www.collegesinstitutes.ca\/fr\/comment-adapter-les-programmes-deducation-pour-lemploi-a-une-nouvelle-realite\/\">Lire la suite<\/a><\/p>\n<\/div>\n<\/div>\n<div class=\"row mt-5\">\n<div class=\"col-lg-4 mb-3 pb-3\">\n<div class=\"hotTopics-thumbnail\"><a href=\"https:\/\/www.collegesinstitutes.ca\/fr\/raconter-notre-histoire-des-collectivites-locales-a-la-politique-nationale\/\"><br \/>\n<img decoding=\"async\" src=\"\/wp-content\/uploads\/2023\/03\/thumbnail_Gerry-Brown-v2.png\" alt=\"Portrait of Gerry Brown\" \/><br \/>\n<\/a><\/div>\n<h6 class=\"pt-3\">Mars 21, 2022<\/h6>\n<h2 class=\"title blue\"><a class=\"font-weight-normal\" href=\"https:\/\/www.collegesinstitutes.ca\/fr\/raconter-notre-histoire-des-collectivites-locales-a-la-politique-nationale\/\">Raconter notre histoire, des collectivit\u00e9s locales \u00e0 la politique nationale<\/a><\/h2>\n<p><strong>Par Gerry Brown, pr\u00e9sident-directeur g\u00e9n\u00e9ral de CICan de 1998 \u00e0 2007<\/strong><br \/>\nEn tant que directeur g\u00e9n\u00e9ral d\u2019un coll\u00e8ge, vous devez garder en t\u00eate le fait qu\u2019un coll\u00e8ge, c\u2019est un \u00e9tablissement qui poss\u00e8de avant tout une sp\u00e9cificit\u00e9 locale. Vous devez donc avoir constamment pour priorit\u00e9 ce qui se passe localement, que ce soit au fond du couloir o\u00f9 vous avez votre bureau, au bas de la rue o\u00f9 se situe votre coll\u00e8ge, ou dans la collectivit\u00e9 que vous desservez. <a href=\"https:\/\/www.collegesinstitutes.ca\/fr\/raconter-notre-histoire-des-collectivites-locales-a-la-politique-nationale\/\">Lire la suite<\/a><\/p>\n<\/div>\n<div class=\"col-lg-4 mb-3 pb-3\">\n<div class=\"hotTopics-thumbnail\"><a href=\"https:\/\/www.collegesinstitutes.ca\/fr\/les-50-ans-de-cican\/tomorrows-leadership\/\"><br \/>\n<img decoding=\"async\" src=\"\/wp-content\/uploads\/2023\/03\/Nicole-Rouiller-v2.png\" alt=\"Portrait of Nicole Rouiller\" \/><br \/>\n<\/a><\/div>\n<h6 class=\"pt-3\">6 juin 2022<\/h6>\n<h2 class=\"title blue\"><a class=\"font-weight-normal\" href=\"https:\/\/www.collegesinstitutes.ca\/fr\/les-50-ans-de-cican\/tomorrows-leadership\/\">Le leadership de demain<\/a><\/h2>\n<p><strong>Par Nicole Rouiller, Directrice g\u00e9n\u00e9rale, C\u00e9gep Marie-Victorin (2003-2013)<\/strong><br \/>\nDepuis sa fondation, CICan a toujours \u00e9t\u00e9 aux premi\u00e8res loges pour soutenir le d\u00e9veloppement des comp\u00e9tences des dirigeants de ses institutions membres. Les instituts de leadership ainsi que le r\u00e9cent programme de mentorat t\u00e9moignent de la grande contribution de CICan au d\u00e9veloppement d\u2019un leadership rassembleur et ouvert \u00e0 la diversit\u00e9 et \u00e0 l\u2019inclusion.<a href=\"https:\/\/www.collegesinstitutes.ca\/fr\/les-50-ans-de-cican\/tomorrows-leadership\/\">Lire la suite<\/a><\/p>\n<\/div>\n<div class=\"col-lg-4 mb-3 pb-3\">\n<div class=\"hotTopics-thumbnail\"><a href=\"https:\/\/www.collegesinstitutes.ca\/cican-50th-anniversary\/the-first-in-our-50th-anniversary-podcast-series\/\"><br \/>\n<img decoding=\"async\" src=\"\/wp-content\/uploads\/2023\/03\/50_oped2-v2.png\" alt=\"Reflecting on 50 years of growth and the path ahead\" \/><br \/>\n<\/a><\/div>\n<h6 class=\"pt-3\">20 Juillet 2022<\/h6>\n<h2 class=\"title blue\"><a class=\"font-weight-normal\" href=\"https:\/\/www.collegesinstitutes.ca\/fr\/les-50-ans-de-cican\/le-premier-balado-pour-notre-50e-anniversaire\/\">Le premier balado pour notre 50e anniversaire !<\/a><\/h2>\n<p><strong>Anim\u00e9 par Marilyn Luscombe, ancienne pr\u00e9sidente du New Brunswick Community College.<\/strong><br \/>\nFaites un voyage dans le temps avec les personnes qui ont contribu\u00e9 \u00e0 fa\u00e7onner CICan et qui ont \u00e9t\u00e9 des t\u00e9moins directs de la croissance du syst\u00e8me coll\u00e9gial canadien.<a href=\"https:\/\/www.collegesinstitutes.ca\/fr\/les-50-ans-de-cican\/le-premier-balado-pour-notre-50e-anniversaire\/\">Lire la suite<\/a><\/p>\n<\/div>\n<\/div>\n<div class=\"row mt-5\">\n<div class=\"col-lg-4 mb-3 pb-3\">\n<div class=\"hotTopics-thumbnail\"><a href=\"https:\/\/www.collegesinstitutes.ca\/fr\/les-50-ans-de-cican\/le-nouveau-venu-dans-la-serie-de-balados-pour-notre-50e-anniversaire\/\"><br \/>\n<img decoding=\"async\" src=\"\/wp-content\/uploads\/2023\/03\/50_oped2-v2.png\" alt=\"Reflecting on 50 years of growth and the path ahead\" \/><br \/>\n<\/a><\/div>\n<h6 class=\"pt-3\">19 septembre 2022<\/h6>\n<h2 class=\"title blue\"><a class=\"font-weight-normal\" href=\"https:\/\/www.collegesinstitutes.ca\/fr\/les-50-ans-de-cican\/le-nouveau-venu-dans-la-serie-de-balados-pour-notre-50e-anniversaire\/\">Le nouveau venu dans la s\u00e9rie de balados pour notre 50e\u202fanniversaire\u202f!<\/a><\/h2>\n<p><strong>Anim\u00e9 par Alain Roy, vice-pr\u00e9sident des partenariats internationaux.<\/strong><br \/>\nSaviez-vous que les coll\u00e8ges et instituts \u0153uvrent \u00e0 l\u2019international depuis la naissance de CICan dans les ann\u00e9es\u202f1970\u202f? Plongez-vous dans les r\u00e9ussites engrang\u00e9es par nos programmes internationaux au fil des ans. <a href=\"https:\/\/www.collegesinstitutes.ca\/fr\/les-50-ans-de-cican\/le-nouveau-venu-dans-la-serie-de-balados-pour-notre-50e-anniversaire\/\">Lire la suite<\/a><\/p>\n<\/div>\n<\/div>\n<h4>Nous voulons vous entendre!<\/h4>\n<p>Avez-vous une histoire \u00e0 partager? Une perspective unique sur l\u2019histoire, l\u2019\u00e9volution et l\u2019avenir du secteur coll\u00e9gial?<br \/>\n<a href=\"https:\/\/www.collegesinstitutes.ca\/fr\/centre-des-nouvelles\/appels-de-soumission\/50e-anniversaire-de-cican\/\">Voyez comment vous pouvez contribuer \u00e0 cette s\u00e9rie.<\/a><\/p>\n<\/section>\n","protected":false},"excerpt":{"rendered":"<p>\u00c0 l\u2019occasion de notre 50e anniversaire, nous invitons nos membres, partenaires et amis du monde entier \u00e0 partager leurs histoires et \u00e0 r\u00e9fl\u00e9chir avec nous \u00e0 l\u2019\u00e9volution du syst\u00e8me coll\u00e9gial&#8230;.<\/p>\n","protected":false},"author":1,"featured_media":0,"parent":10636,"menu_order":0,"comment_status":"closed","ping_status":"closed","template":"page-fifthy-subpage.php","meta":{"_acf_changed":false,"footnotes":""},"categories":[],"tags":[],"class_list":["post-10656","page","type-page","status-publish","hentry"],"acf":[],"yoast_head":"<!-- This site is optimized with the Yoast SEO plugin v27.5 - https:\/\/yoast.com\/product\/yoast-seo-wordpress\/ -->\n<title>R\u00e9flexions - Colleges and Institutes Canada<\/title>\n<meta name=\"robots\" content=\"index, follow, max-snippet:-1, max-image-preview:large, max-video-preview:-1\" \/>\n<link rel=\"canonical\" href=\"https:\/\/www.collegesinstitutes.ca\/fr\/les-50-ans-de-cican\/reflections\/\" \/>\n<meta property=\"og:locale\" content=\"fr_FR\" \/>\n<meta property=\"og:type\" content=\"article\" \/>\n<meta property=\"og:title\" content=\"R\u00e9flexions - Colleges and Institutes Canada\" \/>\n<meta property=\"og:description\" content=\"\u00c0 l\u2019occasion de notre 50e anniversaire, nous invitons nos membres, partenaires et amis du monde entier \u00e0 partager leurs histoires et \u00e0 r\u00e9fl\u00e9chir avec nous \u00e0 l\u2019\u00e9volution du syst\u00e8me coll\u00e9gial....\" \/>\n<meta property=\"og:url\" content=\"https:\/\/www.collegesinstitutes.ca\/fr\/les-50-ans-de-cican\/reflections\/\" \/>\n<meta property=\"og:site_name\" content=\"Colleges and Institutes Canada\" \/>\n<meta property=\"article:modified_time\" content=\"2023-03-08T17:15:53+00:00\" \/>\n<meta name=\"twitter:card\" content=\"summary_large_image\" \/>\n<meta name=\"twitter:label1\" content=\"Est. reading time\" \/>\n\t<meta name=\"twitter:data1\" content=\"3 minutes\" \/>\n<script type=\"application\/ld+json\" class=\"yoast-schema-graph\">{\"@context\":\"https:\\\/\\\/schema.org\",\"@graph\":[{\"@type\":\"WebPage\",\"@id\":\"https:\\\/\\\/www.collegesinstitutes.ca\\\/fr\\\/les-50-ans-de-cican\\\/reflections\\\/\",\"url\":\"https:\\\/\\\/www.collegesinstitutes.ca\\\/fr\\\/les-50-ans-de-cican\\\/reflections\\\/\",\"name\":\"R\u00e9flexions - Colleges and Institutes Canada\",\"isPartOf\":{\"@id\":\"https:\\\/\\\/www.collegesinstitutes.ca\\\/fr\\\/#website\"},\"datePublished\":\"2022-11-07T19:15:19+00:00\",\"dateModified\":\"2023-03-08T17:15:53+00:00\",\"breadcrumb\":{\"@id\":\"https:\\\/\\\/www.collegesinstitutes.ca\\\/fr\\\/les-50-ans-de-cican\\\/reflections\\\/#breadcrumb\"},\"inLanguage\":\"fr-FR\",\"potentialAction\":[{\"@type\":\"ReadAction\",\"target\":[\"https:\\\/\\\/www.collegesinstitutes.ca\\\/fr\\\/les-50-ans-de-cican\\\/reflections\\\/\"]}]},{\"@type\":\"BreadcrumbList\",\"@id\":\"https:\\\/\\\/www.collegesinstitutes.ca\\\/fr\\\/les-50-ans-de-cican\\\/reflections\\\/#breadcrumb\",\"itemListElement\":[{\"@type\":\"ListItem\",\"position\":1,\"name\":\"Home\",\"item\":\"https:\\\/\\\/www.collegesinstitutes.ca\\\/fr\\\/\"},{\"@type\":\"ListItem\",\"position\":2,\"name\":\"Les 50 ans de CICan\",\"item\":\"https:\\\/\\\/www.collegesinstitutes.ca\\\/fr\\\/les-50-ans-de-cican\\\/\"},{\"@type\":\"ListItem\",\"position\":3,\"name\":\"R\u00e9flexions\"}]},{\"@type\":\"WebSite\",\"@id\":\"https:\\\/\\\/www.collegesinstitutes.ca\\\/fr\\\/#website\",\"url\":\"https:\\\/\\\/www.collegesinstitutes.ca\\\/fr\\\/\",\"name\":\"Colleges and Institutes Canada\",\"description\":\"The Voice of Canada&#039;s Colleges &amp; Institutes\",\"publisher\":{\"@id\":\"https:\\\/\\\/www.collegesinstitutes.ca\\\/fr\\\/#organization\"},\"potentialAction\":[{\"@type\":\"SearchAction\",\"target\":{\"@type\":\"EntryPoint\",\"urlTemplate\":\"https:\\\/\\\/www.collegesinstitutes.ca\\\/fr\\\/?s={search_term_string}\"},\"query-input\":{\"@type\":\"PropertyValueSpecification\",\"valueRequired\":true,\"valueName\":\"search_term_string\"}}],\"inLanguage\":\"fr-FR\"},{\"@type\":\"Organization\",\"@id\":\"https:\\\/\\\/www.collegesinstitutes.ca\\\/fr\\\/#organization\",\"name\":\"Colleges and Institutes Canada\",\"url\":\"https:\\\/\\\/www.collegesinstitutes.ca\\\/fr\\\/\",\"logo\":{\"@type\":\"ImageObject\",\"inLanguage\":\"fr-FR\",\"@id\":\"https:\\\/\\\/www.collegesinstitutes.ca\\\/fr\\\/#\\\/schema\\\/logo\\\/image\\\/\",\"url\":\"https:\\\/\\\/www.collegesinstitutes.ca\\\/wp-content\\\/uploads\\\/2025\\\/06\\\/logo-en.png\",\"contentUrl\":\"https:\\\/\\\/www.collegesinstitutes.ca\\\/wp-content\\\/uploads\\\/2025\\\/06\\\/logo-en.png\",\"width\":794,\"height\":280,\"caption\":\"Colleges and Institutes Canada\"},\"image\":{\"@id\":\"https:\\\/\\\/www.collegesinstitutes.ca\\\/fr\\\/#\\\/schema\\\/logo\\\/image\\\/\"}}]}<\/script>\n<!-- \/ Yoast SEO plugin. -->","yoast_head_json":{"title":"R\u00e9flexions - Colleges and Institutes Canada","robots":{"index":"index","follow":"follow","max-snippet":"max-snippet:-1","max-image-preview":"max-image-preview:large","max-video-preview":"max-video-preview:-1"},"canonical":"https:\/\/www.collegesinstitutes.ca\/fr\/les-50-ans-de-cican\/reflections\/","og_locale":"fr_FR","og_type":"article","og_title":"R\u00e9flexions - Colleges and Institutes Canada","og_description":"\u00c0 l\u2019occasion de notre 50e anniversaire, nous invitons nos membres, partenaires et amis du monde entier \u00e0 partager leurs histoires et \u00e0 r\u00e9fl\u00e9chir avec nous \u00e0 l\u2019\u00e9volution du syst\u00e8me coll\u00e9gial....","og_url":"https:\/\/www.collegesinstitutes.ca\/fr\/les-50-ans-de-cican\/reflections\/","og_site_name":"Colleges and Institutes Canada","article_modified_time":"2023-03-08T17:15:53+00:00","twitter_card":"summary_large_image","twitter_misc":{"Est. reading time":"3 minutes"},"schema":{"@context":"https:\/\/schema.org","@graph":[{"@type":"WebPage","@id":"https:\/\/www.collegesinstitutes.ca\/fr\/les-50-ans-de-cican\/reflections\/","url":"https:\/\/www.collegesinstitutes.ca\/fr\/les-50-ans-de-cican\/reflections\/","name":"R\u00e9flexions - Colleges and Institutes Canada","isPartOf":{"@id":"https:\/\/www.collegesinstitutes.ca\/fr\/#website"},"datePublished":"2022-11-07T19:15:19+00:00","dateModified":"2023-03-08T17:15:53+00:00","breadcrumb":{"@id":"https:\/\/www.collegesinstitutes.ca\/fr\/les-50-ans-de-cican\/reflections\/#breadcrumb"},"inLanguage":"fr-FR","potentialAction":[{"@type":"ReadAction","target":["https:\/\/www.collegesinstitutes.ca\/fr\/les-50-ans-de-cican\/reflections\/"]}]},{"@type":"BreadcrumbList","@id":"https:\/\/www.collegesinstitutes.ca\/fr\/les-50-ans-de-cican\/reflections\/#breadcrumb","itemListElement":[{"@type":"ListItem","position":1,"name":"Home","item":"https:\/\/www.collegesinstitutes.ca\/fr\/"},{"@type":"ListItem","position":2,"name":"Les 50 ans de CICan","item":"https:\/\/www.collegesinstitutes.ca\/fr\/les-50-ans-de-cican\/"},{"@type":"ListItem","position":3,"name":"R\u00e9flexions"}]},{"@type":"WebSite","@id":"https:\/\/www.collegesinstitutes.ca\/fr\/#website","url":"https:\/\/www.collegesinstitutes.ca\/fr\/","name":"Colleges and Institutes Canada","description":"The Voice of Canada&#039;s Colleges &amp; Institutes","publisher":{"@id":"https:\/\/www.collegesinstitutes.ca\/fr\/#organization"},"potentialAction":[{"@type":"SearchAction","target":{"@type":"EntryPoint","urlTemplate":"https:\/\/www.collegesinstitutes.ca\/fr\/?s={search_term_string}"},"query-input":{"@type":"PropertyValueSpecification","valueRequired":true,"valueName":"search_term_string"}}],"inLanguage":"fr-FR"},{"@type":"Organization","@id":"https:\/\/www.collegesinstitutes.ca\/fr\/#organization","name":"Colleges and Institutes Canada","url":"https:\/\/www.collegesinstitutes.ca\/fr\/","logo":{"@type":"ImageObject","inLanguage":"fr-FR","@id":"https:\/\/www.collegesinstitutes.ca\/fr\/#\/schema\/logo\/image\/","url":"https:\/\/www.collegesinstitutes.ca\/wp-content\/uploads\/2025\/06\/logo-en.png","contentUrl":"https:\/\/www.collegesinstitutes.ca\/wp-content\/uploads\/2025\/06\/logo-en.png","width":794,"height":280,"caption":"Colleges and Institutes Canada"},"image":{"@id":"https:\/\/www.collegesinstitutes.ca\/fr\/#\/schema\/logo\/image\/"}}]}},"_links":{"self":[{"href":"https:\/\/www.collegesinstitutes.ca\/fr\/wp-json\/wp\/v2\/pages\/10656","targetHints":{"allow":["GET"]}}],"collection":[{"href":"https:\/\/www.collegesinstitutes.ca\/fr\/wp-json\/wp\/v2\/pages"}],"about":[{"href":"https:\/\/www.collegesinstitutes.ca\/fr\/wp-json\/wp\/v2\/types\/page"}],"author":[{"embeddable":true,"href":"https:\/\/www.collegesinstitutes.ca\/fr\/wp-json\/wp\/v2\/users\/1"}],"replies":[{"embeddable":true,"href":"https:\/\/www.collegesinstitutes.ca\/fr\/wp-json\/wp\/v2\/comments?post=10656"}],"version-history":[{"count":0,"href":"https:\/\/www.collegesinstitutes.ca\/fr\/wp-json\/wp\/v2\/pages\/10656\/revisions"}],"up":[{"embeddable":true,"href":"https:\/\/www.collegesinstitutes.ca\/fr\/wp-json\/wp\/v2\/pages\/10636"}],"wp:attachment":[{"href":"https:\/\/www.collegesinstitutes.ca\/fr\/wp-json\/wp\/v2\/media?parent=10656"}],"wp:term":[{"taxonomy":"category","embeddable":true,"href":"https:\/\/www.collegesinstitutes.ca\/fr\/wp-json\/wp\/v2\/categories?post=10656"},{"taxonomy":"post_tag","embeddable":true,"href":"https:\/\/www.collegesinstitutes.ca\/fr\/wp-json\/wp\/v2\/tags?post=10656"}],"curies":[{"name":"wp","href":"https:\/\/api.w.org\/{rel}","templated":true}]}}