{"id":10648,"date":"2022-11-07T19:07:07","date_gmt":"2022-11-07T19:07:07","guid":{"rendered":"https:\/\/www.collegesinstitutes.ca\/cicans-50th-anniversary\/international-partnerships\/"},"modified":"2022-11-07T19:08:30","modified_gmt":"2022-11-07T19:08:30","slug":"partenariats-internationaux","status":"publish","type":"page","link":"https:\/\/www.collegesinstitutes.ca\/fr\/les-50-ans-de-cican\/partenariats-internationaux\/","title":{"rendered":"Partenariats internationaux"},"content":{"rendered":"<p class=\"lead\">Cela fait des d\u00e9cennies que les coll\u00e8ges et instituts travaillent en partenariat avec leurs homologues \u00e0 l\u2019\u00e9tranger. Dans les ann\u00e9es\u202f1970, il s\u2019agissait d\u2019initiatives de mobilit\u00e9 \u00e9tudiante, dans les ann\u00e9es\u202f1980, de partenariats institutionnels sp\u00e9cifiques, dans les ann\u00e9es\u202f1990, de programmes multi-institutionnels plus structur\u00e9s, et aujourd\u2019hui, de notre cadre multinational d\u2019\u00c9ducation pour l\u2019emploi. Notre approche des partenariats internationaux repose sur l\u2019engagement et le d\u00e9sir des administrateurs de coll\u00e8ges et des \u00e9ducateurs de par le monde d\u2019offrir le meilleur appui possible \u00e0 leurs apprenantes et apprenants, que ce soit en classe ou lors de leur transition de l\u2019\u00e9cole au monde du travail. Nos programmes internationaux continuent \u00e0 faire valoir et respecter la comp\u00e9tence et la r\u00e9putation des coll\u00e8ges et instituts du Canada \u00e0 travers le monde. Nos membres ont particip\u00e9 \u00e0 des centaines de projets de d\u00e9veloppement international sur toute la plan\u00e8te. Les r\u00e9ussites sont trop nombreuses pour \u00eatre toutes \u00e9num\u00e9r\u00e9es.<\/p>\n","protected":false},"excerpt":{"rendered":"<p>Cela fait des d\u00e9cennies que les coll\u00e8ges et instituts travaillent en partenariat avec leurs homologues \u00e0 l\u2019\u00e9tranger. Dans les ann\u00e9es\u202f1970, il s\u2019agissait d\u2019initiatives de mobilit\u00e9 \u00e9tudiante, dans les ann\u00e9es\u202f1980, de&#8230;<\/p>\n","protected":false},"author":1,"featured_media":0,"parent":10636,"menu_order":0,"comment_status":"closed","ping_status":"closed","template":"page-fifthy-subpage.php","meta":{"_acf_changed":false,"footnotes":""},"categories":[],"tags":[],"class_list":["post-10648","page","type-page","status-publish","hentry"],"acf":[],"yoast_head":"<!-- This site is optimized with the Yoast SEO plugin v27.3 - https:\/\/yoast.com\/product\/yoast-seo-wordpress\/ -->\n<title>Partenariats internationaux - Colleges and Institutes Canada<\/title>\n<meta name=\"robots\" content=\"index, follow, max-snippet:-1, max-image-preview:large, max-video-preview:-1\" \/>\n<link rel=\"canonical\" href=\"https:\/\/www.collegesinstitutes.ca\/fr\/les-50-ans-de-cican\/partenariats-internationaux\/\" \/>\n<meta property=\"og:locale\" content=\"fr_FR\" \/>\n<meta property=\"og:type\" content=\"article\" \/>\n<meta property=\"og:title\" content=\"Partenariats internationaux - Colleges and Institutes Canada\" \/>\n<meta property=\"og:description\" content=\"Cela fait des d\u00e9cennies que les coll\u00e8ges et instituts travaillent en partenariat avec leurs homologues \u00e0 l\u2019\u00e9tranger. Dans les ann\u00e9es\u202f1970, il s\u2019agissait d\u2019initiatives de mobilit\u00e9 \u00e9tudiante, dans les ann\u00e9es\u202f1980, de...\" \/>\n<meta property=\"og:url\" content=\"https:\/\/www.collegesinstitutes.ca\/fr\/les-50-ans-de-cican\/partenariats-internationaux\/\" \/>\n<meta property=\"og:site_name\" content=\"Colleges and Institutes Canada\" \/>\n<meta property=\"article:modified_time\" content=\"2022-11-07T19:08:30+00:00\" \/>\n<meta name=\"twitter:card\" content=\"summary_large_image\" \/>\n<meta name=\"twitter:label1\" content=\"Est. reading time\" \/>\n\t<meta name=\"twitter:data1\" content=\"1 minute\" \/>\n<script type=\"application\/ld+json\" class=\"yoast-schema-graph\">{\"@context\":\"https:\\\/\\\/schema.org\",\"@graph\":[{\"@type\":\"WebPage\",\"@id\":\"https:\\\/\\\/www.collegesinstitutes.ca\\\/fr\\\/les-50-ans-de-cican\\\/partenariats-internationaux\\\/\",\"url\":\"https:\\\/\\\/www.collegesinstitutes.ca\\\/fr\\\/les-50-ans-de-cican\\\/partenariats-internationaux\\\/\",\"name\":\"Partenariats internationaux - Colleges and Institutes Canada\",\"isPartOf\":{\"@id\":\"https:\\\/\\\/www.collegesinstitutes.ca\\\/fr\\\/#website\"},\"datePublished\":\"2022-11-07T19:07:07+00:00\",\"dateModified\":\"2022-11-07T19:08:30+00:00\",\"breadcrumb\":{\"@id\":\"https:\\\/\\\/www.collegesinstitutes.ca\\\/fr\\\/les-50-ans-de-cican\\\/partenariats-internationaux\\\/#breadcrumb\"},\"inLanguage\":\"fr-FR\",\"potentialAction\":[{\"@type\":\"ReadAction\",\"target\":[\"https:\\\/\\\/www.collegesinstitutes.ca\\\/fr\\\/les-50-ans-de-cican\\\/partenariats-internationaux\\\/\"]}]},{\"@type\":\"BreadcrumbList\",\"@id\":\"https:\\\/\\\/www.collegesinstitutes.ca\\\/fr\\\/les-50-ans-de-cican\\\/partenariats-internationaux\\\/#breadcrumb\",\"itemListElement\":[{\"@type\":\"ListItem\",\"position\":1,\"name\":\"Home\",\"item\":\"https:\\\/\\\/www.collegesinstitutes.ca\\\/fr\\\/\"},{\"@type\":\"ListItem\",\"position\":2,\"name\":\"Les 50 ans de CICan\",\"item\":\"https:\\\/\\\/www.collegesinstitutes.ca\\\/fr\\\/les-50-ans-de-cican\\\/\"},{\"@type\":\"ListItem\",\"position\":3,\"name\":\"Partenariats internationaux\"}]},{\"@type\":\"WebSite\",\"@id\":\"https:\\\/\\\/www.collegesinstitutes.ca\\\/fr\\\/#website\",\"url\":\"https:\\\/\\\/www.collegesinstitutes.ca\\\/fr\\\/\",\"name\":\"Colleges and Institutes Canada\",\"description\":\"The Voice of Canada&#039;s Colleges &amp; Institutes\",\"publisher\":{\"@id\":\"https:\\\/\\\/www.collegesinstitutes.ca\\\/fr\\\/#organization\"},\"potentialAction\":[{\"@type\":\"SearchAction\",\"target\":{\"@type\":\"EntryPoint\",\"urlTemplate\":\"https:\\\/\\\/www.collegesinstitutes.ca\\\/fr\\\/?s={search_term_string}\"},\"query-input\":{\"@type\":\"PropertyValueSpecification\",\"valueRequired\":true,\"valueName\":\"search_term_string\"}}],\"inLanguage\":\"fr-FR\"},{\"@type\":\"Organization\",\"@id\":\"https:\\\/\\\/www.collegesinstitutes.ca\\\/fr\\\/#organization\",\"name\":\"Colleges and Institutes Canada\",\"url\":\"https:\\\/\\\/www.collegesinstitutes.ca\\\/fr\\\/\",\"logo\":{\"@type\":\"ImageObject\",\"inLanguage\":\"fr-FR\",\"@id\":\"https:\\\/\\\/www.collegesinstitutes.ca\\\/fr\\\/#\\\/schema\\\/logo\\\/image\\\/\",\"url\":\"https:\\\/\\\/www.collegesinstitutes.ca\\\/wp-content\\\/uploads\\\/2025\\\/06\\\/logo-en.png\",\"contentUrl\":\"https:\\\/\\\/www.collegesinstitutes.ca\\\/wp-content\\\/uploads\\\/2025\\\/06\\\/logo-en.png\",\"width\":794,\"height\":280,\"caption\":\"Colleges and Institutes Canada\"},\"image\":{\"@id\":\"https:\\\/\\\/www.collegesinstitutes.ca\\\/fr\\\/#\\\/schema\\\/logo\\\/image\\\/\"}}]}<\/script>\n<!-- \/ Yoast SEO plugin. -->","yoast_head_json":{"title":"Partenariats internationaux - Colleges and Institutes Canada","robots":{"index":"index","follow":"follow","max-snippet":"max-snippet:-1","max-image-preview":"max-image-preview:large","max-video-preview":"max-video-preview:-1"},"canonical":"https:\/\/www.collegesinstitutes.ca\/fr\/les-50-ans-de-cican\/partenariats-internationaux\/","og_locale":"fr_FR","og_type":"article","og_title":"Partenariats internationaux - Colleges and Institutes Canada","og_description":"Cela fait des d\u00e9cennies que les coll\u00e8ges et instituts travaillent en partenariat avec leurs homologues \u00e0 l\u2019\u00e9tranger. Dans les ann\u00e9es\u202f1970, il s\u2019agissait d\u2019initiatives de mobilit\u00e9 \u00e9tudiante, dans les ann\u00e9es\u202f1980, de...","og_url":"https:\/\/www.collegesinstitutes.ca\/fr\/les-50-ans-de-cican\/partenariats-internationaux\/","og_site_name":"Colleges and Institutes Canada","article_modified_time":"2022-11-07T19:08:30+00:00","twitter_card":"summary_large_image","twitter_misc":{"Est. reading time":"1 minute"},"schema":{"@context":"https:\/\/schema.org","@graph":[{"@type":"WebPage","@id":"https:\/\/www.collegesinstitutes.ca\/fr\/les-50-ans-de-cican\/partenariats-internationaux\/","url":"https:\/\/www.collegesinstitutes.ca\/fr\/les-50-ans-de-cican\/partenariats-internationaux\/","name":"Partenariats internationaux - Colleges and Institutes Canada","isPartOf":{"@id":"https:\/\/www.collegesinstitutes.ca\/fr\/#website"},"datePublished":"2022-11-07T19:07:07+00:00","dateModified":"2022-11-07T19:08:30+00:00","breadcrumb":{"@id":"https:\/\/www.collegesinstitutes.ca\/fr\/les-50-ans-de-cican\/partenariats-internationaux\/#breadcrumb"},"inLanguage":"fr-FR","potentialAction":[{"@type":"ReadAction","target":["https:\/\/www.collegesinstitutes.ca\/fr\/les-50-ans-de-cican\/partenariats-internationaux\/"]}]},{"@type":"BreadcrumbList","@id":"https:\/\/www.collegesinstitutes.ca\/fr\/les-50-ans-de-cican\/partenariats-internationaux\/#breadcrumb","itemListElement":[{"@type":"ListItem","position":1,"name":"Home","item":"https:\/\/www.collegesinstitutes.ca\/fr\/"},{"@type":"ListItem","position":2,"name":"Les 50 ans de CICan","item":"https:\/\/www.collegesinstitutes.ca\/fr\/les-50-ans-de-cican\/"},{"@type":"ListItem","position":3,"name":"Partenariats internationaux"}]},{"@type":"WebSite","@id":"https:\/\/www.collegesinstitutes.ca\/fr\/#website","url":"https:\/\/www.collegesinstitutes.ca\/fr\/","name":"Colleges and Institutes Canada","description":"The Voice of Canada&#039;s Colleges &amp; Institutes","publisher":{"@id":"https:\/\/www.collegesinstitutes.ca\/fr\/#organization"},"potentialAction":[{"@type":"SearchAction","target":{"@type":"EntryPoint","urlTemplate":"https:\/\/www.collegesinstitutes.ca\/fr\/?s={search_term_string}"},"query-input":{"@type":"PropertyValueSpecification","valueRequired":true,"valueName":"search_term_string"}}],"inLanguage":"fr-FR"},{"@type":"Organization","@id":"https:\/\/www.collegesinstitutes.ca\/fr\/#organization","name":"Colleges and Institutes Canada","url":"https:\/\/www.collegesinstitutes.ca\/fr\/","logo":{"@type":"ImageObject","inLanguage":"fr-FR","@id":"https:\/\/www.collegesinstitutes.ca\/fr\/#\/schema\/logo\/image\/","url":"https:\/\/www.collegesinstitutes.ca\/wp-content\/uploads\/2025\/06\/logo-en.png","contentUrl":"https:\/\/www.collegesinstitutes.ca\/wp-content\/uploads\/2025\/06\/logo-en.png","width":794,"height":280,"caption":"Colleges and Institutes Canada"},"image":{"@id":"https:\/\/www.collegesinstitutes.ca\/fr\/#\/schema\/logo\/image\/"}}]}},"_links":{"self":[{"href":"https:\/\/www.collegesinstitutes.ca\/fr\/wp-json\/wp\/v2\/pages\/10648","targetHints":{"allow":["GET"]}}],"collection":[{"href":"https:\/\/www.collegesinstitutes.ca\/fr\/wp-json\/wp\/v2\/pages"}],"about":[{"href":"https:\/\/www.collegesinstitutes.ca\/fr\/wp-json\/wp\/v2\/types\/page"}],"author":[{"embeddable":true,"href":"https:\/\/www.collegesinstitutes.ca\/fr\/wp-json\/wp\/v2\/users\/1"}],"replies":[{"embeddable":true,"href":"https:\/\/www.collegesinstitutes.ca\/fr\/wp-json\/wp\/v2\/comments?post=10648"}],"version-history":[{"count":0,"href":"https:\/\/www.collegesinstitutes.ca\/fr\/wp-json\/wp\/v2\/pages\/10648\/revisions"}],"up":[{"embeddable":true,"href":"https:\/\/www.collegesinstitutes.ca\/fr\/wp-json\/wp\/v2\/pages\/10636"}],"wp:attachment":[{"href":"https:\/\/www.collegesinstitutes.ca\/fr\/wp-json\/wp\/v2\/media?parent=10648"}],"wp:term":[{"taxonomy":"category","embeddable":true,"href":"https:\/\/www.collegesinstitutes.ca\/fr\/wp-json\/wp\/v2\/categories?post=10648"},{"taxonomy":"post_tag","embeddable":true,"href":"https:\/\/www.collegesinstitutes.ca\/fr\/wp-json\/wp\/v2\/tags?post=10648"}],"curies":[{"name":"wp","href":"https:\/\/api.w.org\/{rel}","templated":true}]}}