{"id":10640,"date":"2022-11-07T18:54:59","date_gmt":"2022-11-07T18:54:59","guid":{"rendered":"https:\/\/www.collegesinstitutes.ca\/cicans-50th-anniversary\/canadian-partnerships\/"},"modified":"2022-11-18T19:43:40","modified_gmt":"2022-11-18T19:43:40","slug":"partenariats-et-projets-nationaux","status":"publish","type":"page","link":"https:\/\/www.collegesinstitutes.ca\/fr\/les-50-ans-de-cican\/partenariats-et-projets-nationaux\/","title":{"rendered":"Partenariats et projets nationaux"},"content":{"rendered":"<p class=\"lead\">Nos projets des partenariats canadiens sont \u00e0 la fois le fruit des relations \u00e9troites que nous entretenons avec les gouvernements, les entreprises et les dirigeants de l\u2019industrie et de notre plaidoyer en leur faveur. En pr\u00e9sence d\u2019enjeux et de changements, nous orientons les dirigeants des secteurs en question vers les coll\u00e8ges et instituts et leur capacit\u00e9 \u00e0 fournir des solutions innovantes et adapt\u00e9es. Ces projets ne sont qu\u2019un \u00e9chantillon des multiples initiatives entreprises au cours de nos 50 ans d\u2019existence. Nombreux furent les projets que nous avons men\u00e9s \u00e0 bien. Notons, par exemple, un projet \u00e9ducatif de sensibilisation au SIDA dans les ann\u00e9es 1990, l\u2019\u00e9tude des impacts d\u2019un programme d\u2019\u00e9tudes assist\u00e9 par simulation dans le domaine de la technologie radiologique pour Sant\u00e9 Canada, la conception d\u2019un curriculum pour les emplois dans l\u2019industrie solaire avec Ressources naturelles Canada, et un programme de microcertifications pour acc\u00e9l\u00e9rer la formation et l\u2019embauche d\u2019assistants-pr\u00e9pos\u00e9s en soutien aux soins dans le secteur des soins de longue dur\u00e9e.  Les coll\u00e8ges et instituts sont actifs dans tous les secteurs de l\u2019\u00e9conomie canadienne. Si un secteur entend recourir \u00e0 l&rsquo;enseignement pour r\u00e9soudre un probl\u00e8me, les coll\u00e8ges et instituts sont l\u00e0 pour l\u2019accompagner.<\/p>\n","protected":false},"excerpt":{"rendered":"<p>Nos projets des partenariats canadiens sont \u00e0 la fois le fruit des relations \u00e9troites que nous entretenons avec les gouvernements, les entreprises et les dirigeants de l\u2019industrie et de notre&#8230;<\/p>\n","protected":false},"author":1,"featured_media":0,"parent":10636,"menu_order":0,"comment_status":"closed","ping_status":"closed","template":"page-fifthy-subpage.php","meta":{"_acf_changed":false,"footnotes":""},"categories":[],"tags":[],"class_list":["post-10640","page","type-page","status-publish","hentry"],"acf":[],"yoast_head":"<!-- This site is optimized with the Yoast SEO plugin v27.4 - https:\/\/yoast.com\/product\/yoast-seo-wordpress\/ -->\n<title>Partenariats et projets nationaux - Colleges and Institutes Canada<\/title>\n<meta name=\"robots\" content=\"index, follow, max-snippet:-1, max-image-preview:large, max-video-preview:-1\" \/>\n<link rel=\"canonical\" href=\"https:\/\/www.collegesinstitutes.ca\/fr\/les-50-ans-de-cican\/partenariats-et-projets-nationaux\/\" \/>\n<meta property=\"og:locale\" content=\"fr_FR\" \/>\n<meta property=\"og:type\" content=\"article\" \/>\n<meta property=\"og:title\" content=\"Partenariats et projets nationaux - Colleges and Institutes Canada\" \/>\n<meta property=\"og:description\" content=\"Nos projets des partenariats canadiens sont \u00e0 la fois le fruit des relations \u00e9troites que nous entretenons avec les gouvernements, les entreprises et les dirigeants de l\u2019industrie et de notre...\" \/>\n<meta property=\"og:url\" content=\"https:\/\/www.collegesinstitutes.ca\/fr\/les-50-ans-de-cican\/partenariats-et-projets-nationaux\/\" \/>\n<meta property=\"og:site_name\" content=\"Colleges and Institutes Canada\" \/>\n<meta property=\"article:modified_time\" content=\"2022-11-18T19:43:40+00:00\" \/>\n<meta name=\"twitter:card\" content=\"summary_large_image\" \/>\n<meta name=\"twitter:label1\" content=\"Est. reading time\" \/>\n\t<meta name=\"twitter:data1\" content=\"1 minute\" \/>\n<script type=\"application\/ld+json\" class=\"yoast-schema-graph\">{\"@context\":\"https:\\\/\\\/schema.org\",\"@graph\":[{\"@type\":\"WebPage\",\"@id\":\"https:\\\/\\\/www.collegesinstitutes.ca\\\/fr\\\/les-50-ans-de-cican\\\/partenariats-et-projets-nationaux\\\/\",\"url\":\"https:\\\/\\\/www.collegesinstitutes.ca\\\/fr\\\/les-50-ans-de-cican\\\/partenariats-et-projets-nationaux\\\/\",\"name\":\"Partenariats et projets nationaux - Colleges and Institutes Canada\",\"isPartOf\":{\"@id\":\"https:\\\/\\\/www.collegesinstitutes.ca\\\/fr\\\/#website\"},\"datePublished\":\"2022-11-07T18:54:59+00:00\",\"dateModified\":\"2022-11-18T19:43:40+00:00\",\"breadcrumb\":{\"@id\":\"https:\\\/\\\/www.collegesinstitutes.ca\\\/fr\\\/les-50-ans-de-cican\\\/partenariats-et-projets-nationaux\\\/#breadcrumb\"},\"inLanguage\":\"fr-FR\",\"potentialAction\":[{\"@type\":\"ReadAction\",\"target\":[\"https:\\\/\\\/www.collegesinstitutes.ca\\\/fr\\\/les-50-ans-de-cican\\\/partenariats-et-projets-nationaux\\\/\"]}]},{\"@type\":\"BreadcrumbList\",\"@id\":\"https:\\\/\\\/www.collegesinstitutes.ca\\\/fr\\\/les-50-ans-de-cican\\\/partenariats-et-projets-nationaux\\\/#breadcrumb\",\"itemListElement\":[{\"@type\":\"ListItem\",\"position\":1,\"name\":\"Home\",\"item\":\"https:\\\/\\\/www.collegesinstitutes.ca\\\/fr\\\/\"},{\"@type\":\"ListItem\",\"position\":2,\"name\":\"Les 50 ans de CICan\",\"item\":\"https:\\\/\\\/www.collegesinstitutes.ca\\\/fr\\\/les-50-ans-de-cican\\\/\"},{\"@type\":\"ListItem\",\"position\":3,\"name\":\"Partenariats et projets nationaux\"}]},{\"@type\":\"WebSite\",\"@id\":\"https:\\\/\\\/www.collegesinstitutes.ca\\\/fr\\\/#website\",\"url\":\"https:\\\/\\\/www.collegesinstitutes.ca\\\/fr\\\/\",\"name\":\"Colleges and Institutes Canada\",\"description\":\"The Voice of Canada&#039;s Colleges &amp; Institutes\",\"publisher\":{\"@id\":\"https:\\\/\\\/www.collegesinstitutes.ca\\\/fr\\\/#organization\"},\"potentialAction\":[{\"@type\":\"SearchAction\",\"target\":{\"@type\":\"EntryPoint\",\"urlTemplate\":\"https:\\\/\\\/www.collegesinstitutes.ca\\\/fr\\\/?s={search_term_string}\"},\"query-input\":{\"@type\":\"PropertyValueSpecification\",\"valueRequired\":true,\"valueName\":\"search_term_string\"}}],\"inLanguage\":\"fr-FR\"},{\"@type\":\"Organization\",\"@id\":\"https:\\\/\\\/www.collegesinstitutes.ca\\\/fr\\\/#organization\",\"name\":\"Colleges and Institutes Canada\",\"url\":\"https:\\\/\\\/www.collegesinstitutes.ca\\\/fr\\\/\",\"logo\":{\"@type\":\"ImageObject\",\"inLanguage\":\"fr-FR\",\"@id\":\"https:\\\/\\\/www.collegesinstitutes.ca\\\/fr\\\/#\\\/schema\\\/logo\\\/image\\\/\",\"url\":\"https:\\\/\\\/www.collegesinstitutes.ca\\\/wp-content\\\/uploads\\\/2025\\\/06\\\/logo-en.png\",\"contentUrl\":\"https:\\\/\\\/www.collegesinstitutes.ca\\\/wp-content\\\/uploads\\\/2025\\\/06\\\/logo-en.png\",\"width\":794,\"height\":280,\"caption\":\"Colleges and Institutes Canada\"},\"image\":{\"@id\":\"https:\\\/\\\/www.collegesinstitutes.ca\\\/fr\\\/#\\\/schema\\\/logo\\\/image\\\/\"}}]}<\/script>\n<!-- \/ Yoast SEO plugin. -->","yoast_head_json":{"title":"Partenariats et projets nationaux - Colleges and Institutes Canada","robots":{"index":"index","follow":"follow","max-snippet":"max-snippet:-1","max-image-preview":"max-image-preview:large","max-video-preview":"max-video-preview:-1"},"canonical":"https:\/\/www.collegesinstitutes.ca\/fr\/les-50-ans-de-cican\/partenariats-et-projets-nationaux\/","og_locale":"fr_FR","og_type":"article","og_title":"Partenariats et projets nationaux - Colleges and Institutes Canada","og_description":"Nos projets des partenariats canadiens sont \u00e0 la fois le fruit des relations \u00e9troites que nous entretenons avec les gouvernements, les entreprises et les dirigeants de l\u2019industrie et de notre...","og_url":"https:\/\/www.collegesinstitutes.ca\/fr\/les-50-ans-de-cican\/partenariats-et-projets-nationaux\/","og_site_name":"Colleges and Institutes Canada","article_modified_time":"2022-11-18T19:43:40+00:00","twitter_card":"summary_large_image","twitter_misc":{"Est. reading time":"1 minute"},"schema":{"@context":"https:\/\/schema.org","@graph":[{"@type":"WebPage","@id":"https:\/\/www.collegesinstitutes.ca\/fr\/les-50-ans-de-cican\/partenariats-et-projets-nationaux\/","url":"https:\/\/www.collegesinstitutes.ca\/fr\/les-50-ans-de-cican\/partenariats-et-projets-nationaux\/","name":"Partenariats et projets nationaux - Colleges and Institutes Canada","isPartOf":{"@id":"https:\/\/www.collegesinstitutes.ca\/fr\/#website"},"datePublished":"2022-11-07T18:54:59+00:00","dateModified":"2022-11-18T19:43:40+00:00","breadcrumb":{"@id":"https:\/\/www.collegesinstitutes.ca\/fr\/les-50-ans-de-cican\/partenariats-et-projets-nationaux\/#breadcrumb"},"inLanguage":"fr-FR","potentialAction":[{"@type":"ReadAction","target":["https:\/\/www.collegesinstitutes.ca\/fr\/les-50-ans-de-cican\/partenariats-et-projets-nationaux\/"]}]},{"@type":"BreadcrumbList","@id":"https:\/\/www.collegesinstitutes.ca\/fr\/les-50-ans-de-cican\/partenariats-et-projets-nationaux\/#breadcrumb","itemListElement":[{"@type":"ListItem","position":1,"name":"Home","item":"https:\/\/www.collegesinstitutes.ca\/fr\/"},{"@type":"ListItem","position":2,"name":"Les 50 ans de CICan","item":"https:\/\/www.collegesinstitutes.ca\/fr\/les-50-ans-de-cican\/"},{"@type":"ListItem","position":3,"name":"Partenariats et projets nationaux"}]},{"@type":"WebSite","@id":"https:\/\/www.collegesinstitutes.ca\/fr\/#website","url":"https:\/\/www.collegesinstitutes.ca\/fr\/","name":"Colleges and Institutes Canada","description":"The Voice of Canada&#039;s Colleges &amp; Institutes","publisher":{"@id":"https:\/\/www.collegesinstitutes.ca\/fr\/#organization"},"potentialAction":[{"@type":"SearchAction","target":{"@type":"EntryPoint","urlTemplate":"https:\/\/www.collegesinstitutes.ca\/fr\/?s={search_term_string}"},"query-input":{"@type":"PropertyValueSpecification","valueRequired":true,"valueName":"search_term_string"}}],"inLanguage":"fr-FR"},{"@type":"Organization","@id":"https:\/\/www.collegesinstitutes.ca\/fr\/#organization","name":"Colleges and Institutes Canada","url":"https:\/\/www.collegesinstitutes.ca\/fr\/","logo":{"@type":"ImageObject","inLanguage":"fr-FR","@id":"https:\/\/www.collegesinstitutes.ca\/fr\/#\/schema\/logo\/image\/","url":"https:\/\/www.collegesinstitutes.ca\/wp-content\/uploads\/2025\/06\/logo-en.png","contentUrl":"https:\/\/www.collegesinstitutes.ca\/wp-content\/uploads\/2025\/06\/logo-en.png","width":794,"height":280,"caption":"Colleges and Institutes Canada"},"image":{"@id":"https:\/\/www.collegesinstitutes.ca\/fr\/#\/schema\/logo\/image\/"}}]}},"_links":{"self":[{"href":"https:\/\/www.collegesinstitutes.ca\/fr\/wp-json\/wp\/v2\/pages\/10640","targetHints":{"allow":["GET"]}}],"collection":[{"href":"https:\/\/www.collegesinstitutes.ca\/fr\/wp-json\/wp\/v2\/pages"}],"about":[{"href":"https:\/\/www.collegesinstitutes.ca\/fr\/wp-json\/wp\/v2\/types\/page"}],"author":[{"embeddable":true,"href":"https:\/\/www.collegesinstitutes.ca\/fr\/wp-json\/wp\/v2\/users\/1"}],"replies":[{"embeddable":true,"href":"https:\/\/www.collegesinstitutes.ca\/fr\/wp-json\/wp\/v2\/comments?post=10640"}],"version-history":[{"count":0,"href":"https:\/\/www.collegesinstitutes.ca\/fr\/wp-json\/wp\/v2\/pages\/10640\/revisions"}],"up":[{"embeddable":true,"href":"https:\/\/www.collegesinstitutes.ca\/fr\/wp-json\/wp\/v2\/pages\/10636"}],"wp:attachment":[{"href":"https:\/\/www.collegesinstitutes.ca\/fr\/wp-json\/wp\/v2\/media?parent=10640"}],"wp:term":[{"taxonomy":"category","embeddable":true,"href":"https:\/\/www.collegesinstitutes.ca\/fr\/wp-json\/wp\/v2\/categories?post=10640"},{"taxonomy":"post_tag","embeddable":true,"href":"https:\/\/www.collegesinstitutes.ca\/fr\/wp-json\/wp\/v2\/tags?post=10640"}],"curies":[{"name":"wp","href":"https:\/\/api.w.org\/{rel}","templated":true}]}}