{"id":10588,"date":"2022-10-17T16:49:57","date_gmt":"2022-10-17T16:49:57","guid":{"rendered":"https:\/\/www.collegesinstitutes.ca\/?page_id=10588"},"modified":"2025-06-18T12:16:48","modified_gmt":"2025-06-18T12:16:48","slug":"colleges-instituts-communaute","status":"publish","type":"page","link":"https:\/\/www.collegesinstitutes.ca\/fr\/colleges-instituts-communaute\/","title":{"rendered":"Les coll\u00e8ges et instituts au service de votre communaut\u00e9"},"content":{"rendered":"<p class=\"lead\">Le r\u00e9seau des coll\u00e8ges et instituts canadien forme des \u00e9tudiants dans des communaut\u00e9s urbaines, rurales et \u00e9loign\u00e9es de partout au Canada gr\u00e2ce \u00e0 plus de <a href=\"https:\/\/www.collegesinstitutes.ca\/fr\/colleges-instituts-communaute\/nos-membres\/nos-membres-a-travers-le-canada\/\"><strong>670<\/strong> emplacements \u00e0 travers le pays<\/a>.<\/p>\n<p>Ils offrent plus de 10 000 programmes de formation et d\u2019\u00e9ducation \u00e0 des \u00e9tudiants issus de milieux diff\u00e9rents. Cela inclut des r\u00e9cents dipl\u00f4m\u00e9s secondaires, des apprenants adultes, mais aussi de nouveaux arrivants et des dipl\u00f4m\u00e9s universitaires.<\/p>\n<div class=\"video-container mb-4 mb-md-5\"><iframe title=\"YouTube video player\" src=\"https:\/\/www.youtube.com\/embed\/C2RMY81KpiE\" width=\"560\" height=\"315\" frameborder=\"0\" allowfullscreen=\"allowfullscreen\"><\/iframe><\/div>\n<div class=\"row\">\n<div class=\"col-12 col-md-6 mb-4 mb-lg-0\">\n<div class=\"boxit text-center mb-0 h-100\"><img fetchpriority=\"high\" decoding=\"async\" width=\"600\" height=\"600\" class=\"w-75 alignnone size-full wp-image-16080\" src=\"https:\/\/www.collegesinstitutes.ca\/wp-content\/uploads\/2023\/01\/thumbnail-img-members.png\" alt=\"\" srcset=\"https:\/\/www.collegesinstitutes.ca\/wp-content\/uploads\/2023\/01\/thumbnail-img-members.png 600w, https:\/\/www.collegesinstitutes.ca\/wp-content\/uploads\/2023\/01\/thumbnail-img-members-300x300.png 300w, https:\/\/www.collegesinstitutes.ca\/wp-content\/uploads\/2023\/01\/thumbnail-img-members-150x150.png 150w\" sizes=\"(max-width: 600px) 100vw, 600px\" \/><\/p>\n<h2 class=\"border-0\">Nos Membres<\/h2>\n<p>CICan repr\u00e9sente plus de 140 des coll\u00e8ges et instituts publics canadiens.<br \/>\n<a class=\"btn btn-dark mt-3\" href=\"https:\/\/www.collegesinstitutes.ca\/fr\/colleges-instituts-communaute\/nos-membres\/\">En savoir plus<\/a><\/p>\n<\/div>\n<\/div>\n<div class=\"col-12 col-md-6 mb-4 mb-lg-0\">\n<div class=\"boxit text-center mb-0 h-100\"><img decoding=\"async\" width=\"600\" height=\"600\" class=\"w-75 alignnone size-full wp-image-16095\" src=\"https:\/\/www.collegesinstitutes.ca\/wp-content\/uploads\/2023\/01\/thumbnail-img-canada-1.png\" alt=\"\" srcset=\"https:\/\/www.collegesinstitutes.ca\/wp-content\/uploads\/2023\/01\/thumbnail-img-canada-1.png 600w, https:\/\/www.collegesinstitutes.ca\/wp-content\/uploads\/2023\/01\/thumbnail-img-canada-1-300x300.png 300w, https:\/\/www.collegesinstitutes.ca\/wp-content\/uploads\/2023\/01\/thumbnail-img-canada-1-150x150.png 150w\" sizes=\"(max-width: 600px) 100vw, 600px\" \/><\/p>\n<h2 class=\"border-0\">Nos membres \u00e0 travers le Canada<\/h2>\n<p>Voir les campus qui desservent des communaut\u00e9s urbaines, rurales, nordiques et \u00e9loign\u00e9es \u00e0 travers le pays.<br \/>\n<a class=\"btn btn-dark mt-3\" href=\"https:\/\/www.collegesinstitutes.ca\/fr\/colleges-instituts-communaute\/nos-membres\/nos-membres-a-travers-le-canada\/\">Explorer la carte<\/a><\/p>\n<\/div>\n<\/div>\n<\/div>\n<div class=\"boxit my-5\">\n<div class=\"row align-items-center\">\n<div class=\"col-md-2\"><img decoding=\"async\" class=\"alignnone size-full wp-image-16088\" src=\"https:\/\/www.collegesinstitutes.ca\/wp-content\/uploads\/2023\/01\/thumbnail-img-didyouknow.png\" alt=\"\" width=\"600\" height=\"596\" srcset=\"https:\/\/www.collegesinstitutes.ca\/wp-content\/uploads\/2023\/01\/thumbnail-img-didyouknow.png 600w, https:\/\/www.collegesinstitutes.ca\/wp-content\/uploads\/2023\/01\/thumbnail-img-didyouknow-300x298.png 300w, https:\/\/www.collegesinstitutes.ca\/wp-content\/uploads\/2023\/01\/thumbnail-img-didyouknow-150x150.png 150w\" sizes=\"(max-width: 600px) 100vw, 600px\" \/><\/div>\n<div class=\"col-md-10 fs-5\">Gr\u00e2ce aux liens \u00e9troits qui unissent ces \u00e9tablissements aux collectivit\u00e9s qu\u2019ils desservent, ceux-ci jouent un r\u00f4le essentiel pour favoriser la croissance \u00e9conomique locale et l\u2019innovation.<\/div>\n<\/div>\n<\/div>\n","protected":false},"excerpt":{"rendered":"<p>Le r\u00e9seau des coll\u00e8ges et instituts canadien forme des \u00e9tudiants dans des communaut\u00e9s urbaines, rurales et \u00e9loign\u00e9es de partout au Canada gr\u00e2ce \u00e0 plus de 670 emplacements \u00e0 travers le&#8230;<\/p>\n","protected":false},"author":1,"featured_media":11185,"parent":0,"menu_order":0,"comment_status":"closed","ping_status":"closed","template":"","meta":{"_acf_changed":false,"footnotes":""},"categories":[],"tags":[],"class_list":["post-10588","page","type-page","status-publish","has-post-thumbnail","hentry"],"acf":[],"yoast_head":"<!-- This site is optimized with the Yoast SEO plugin v27.5 - https:\/\/yoast.com\/product\/yoast-seo-wordpress\/ -->\n<title>Les coll\u00e8ges et instituts au service de votre communaut\u00e9 - Colleges and Institutes Canada<\/title>\n<meta name=\"robots\" content=\"index, follow, max-snippet:-1, max-image-preview:large, max-video-preview:-1\" \/>\n<link rel=\"canonical\" href=\"https:\/\/www.collegesinstitutes.ca\/fr\/colleges-instituts-communaute\/\" \/>\n<meta property=\"og:locale\" content=\"fr_FR\" \/>\n<meta property=\"og:type\" content=\"article\" \/>\n<meta property=\"og:title\" content=\"Les coll\u00e8ges et instituts au service de votre communaut\u00e9 - Colleges and Institutes Canada\" \/>\n<meta property=\"og:description\" content=\"Le r\u00e9seau des coll\u00e8ges et instituts canadien forme des \u00e9tudiants dans des communaut\u00e9s urbaines, rurales et \u00e9loign\u00e9es de partout au Canada gr\u00e2ce \u00e0 plus de 670 emplacements \u00e0 travers le...\" \/>\n<meta property=\"og:url\" content=\"https:\/\/www.collegesinstitutes.ca\/fr\/colleges-instituts-communaute\/\" \/>\n<meta property=\"og:site_name\" content=\"Colleges and Institutes Canada\" \/>\n<meta property=\"article:modified_time\" content=\"2025-06-18T12:16:48+00:00\" \/>\n<meta property=\"og:image\" content=\"https:\/\/www.collegesinstitutes.ca\/wp-content\/uploads\/2023\/01\/header-img-collegesandinstitutes.jpg\" \/>\n\t<meta property=\"og:image:width\" content=\"1200\" \/>\n\t<meta property=\"og:image:height\" content=\"628\" \/>\n\t<meta property=\"og:image:type\" content=\"image\/jpeg\" \/>\n<meta name=\"twitter:card\" content=\"summary_large_image\" \/>\n<meta name=\"twitter:label1\" content=\"Est. reading time\" \/>\n\t<meta name=\"twitter:data1\" content=\"2 minutes\" \/>\n<script type=\"application\/ld+json\" class=\"yoast-schema-graph\">{\"@context\":\"https:\\\/\\\/schema.org\",\"@graph\":[{\"@type\":\"WebPage\",\"@id\":\"https:\\\/\\\/www.collegesinstitutes.ca\\\/fr\\\/colleges-instituts-communaute\\\/\",\"url\":\"https:\\\/\\\/www.collegesinstitutes.ca\\\/fr\\\/colleges-instituts-communaute\\\/\",\"name\":\"Les coll\u00e8ges et instituts au service de votre communaut\u00e9 - Colleges and Institutes Canada\",\"isPartOf\":{\"@id\":\"https:\\\/\\\/www.collegesinstitutes.ca\\\/fr\\\/#website\"},\"primaryImageOfPage\":{\"@id\":\"https:\\\/\\\/www.collegesinstitutes.ca\\\/fr\\\/colleges-instituts-communaute\\\/#primaryimage\"},\"image\":{\"@id\":\"https:\\\/\\\/www.collegesinstitutes.ca\\\/fr\\\/colleges-instituts-communaute\\\/#primaryimage\"},\"thumbnailUrl\":\"https:\\\/\\\/www.collegesinstitutes.ca\\\/wp-content\\\/uploads\\\/2023\\\/01\\\/header-img-collegesandinstitutes.jpg\",\"datePublished\":\"2022-10-17T16:49:57+00:00\",\"dateModified\":\"2025-06-18T12:16:48+00:00\",\"breadcrumb\":{\"@id\":\"https:\\\/\\\/www.collegesinstitutes.ca\\\/fr\\\/colleges-instituts-communaute\\\/#breadcrumb\"},\"inLanguage\":\"fr-FR\",\"potentialAction\":[{\"@type\":\"ReadAction\",\"target\":[\"https:\\\/\\\/www.collegesinstitutes.ca\\\/fr\\\/colleges-instituts-communaute\\\/\"]}]},{\"@type\":\"ImageObject\",\"inLanguage\":\"fr-FR\",\"@id\":\"https:\\\/\\\/www.collegesinstitutes.ca\\\/fr\\\/colleges-instituts-communaute\\\/#primaryimage\",\"url\":\"https:\\\/\\\/www.collegesinstitutes.ca\\\/wp-content\\\/uploads\\\/2023\\\/01\\\/header-img-collegesandinstitutes.jpg\",\"contentUrl\":\"https:\\\/\\\/www.collegesinstitutes.ca\\\/wp-content\\\/uploads\\\/2023\\\/01\\\/header-img-collegesandinstitutes.jpg\",\"width\":1200,\"height\":628},{\"@type\":\"BreadcrumbList\",\"@id\":\"https:\\\/\\\/www.collegesinstitutes.ca\\\/fr\\\/colleges-instituts-communaute\\\/#breadcrumb\",\"itemListElement\":[{\"@type\":\"ListItem\",\"position\":1,\"name\":\"Home\",\"item\":\"https:\\\/\\\/www.collegesinstitutes.ca\\\/fr\\\/\"},{\"@type\":\"ListItem\",\"position\":2,\"name\":\"Les coll\u00e8ges et instituts au service de votre communaut\u00e9\"}]},{\"@type\":\"WebSite\",\"@id\":\"https:\\\/\\\/www.collegesinstitutes.ca\\\/fr\\\/#website\",\"url\":\"https:\\\/\\\/www.collegesinstitutes.ca\\\/fr\\\/\",\"name\":\"Colleges and Institutes Canada\",\"description\":\"The Voice of Canada&#039;s Colleges &amp; Institutes\",\"publisher\":{\"@id\":\"https:\\\/\\\/www.collegesinstitutes.ca\\\/fr\\\/#organization\"},\"potentialAction\":[{\"@type\":\"SearchAction\",\"target\":{\"@type\":\"EntryPoint\",\"urlTemplate\":\"https:\\\/\\\/www.collegesinstitutes.ca\\\/fr\\\/?s={search_term_string}\"},\"query-input\":{\"@type\":\"PropertyValueSpecification\",\"valueRequired\":true,\"valueName\":\"search_term_string\"}}],\"inLanguage\":\"fr-FR\"},{\"@type\":\"Organization\",\"@id\":\"https:\\\/\\\/www.collegesinstitutes.ca\\\/fr\\\/#organization\",\"name\":\"Colleges and Institutes Canada\",\"url\":\"https:\\\/\\\/www.collegesinstitutes.ca\\\/fr\\\/\",\"logo\":{\"@type\":\"ImageObject\",\"inLanguage\":\"fr-FR\",\"@id\":\"https:\\\/\\\/www.collegesinstitutes.ca\\\/fr\\\/#\\\/schema\\\/logo\\\/image\\\/\",\"url\":\"https:\\\/\\\/www.collegesinstitutes.ca\\\/wp-content\\\/uploads\\\/2025\\\/06\\\/logo-en.png\",\"contentUrl\":\"https:\\\/\\\/www.collegesinstitutes.ca\\\/wp-content\\\/uploads\\\/2025\\\/06\\\/logo-en.png\",\"width\":794,\"height\":280,\"caption\":\"Colleges and Institutes Canada\"},\"image\":{\"@id\":\"https:\\\/\\\/www.collegesinstitutes.ca\\\/fr\\\/#\\\/schema\\\/logo\\\/image\\\/\"}}]}<\/script>\n<!-- \/ Yoast SEO plugin. -->","yoast_head_json":{"title":"Les coll\u00e8ges et instituts au service de votre communaut\u00e9 - Colleges and Institutes Canada","robots":{"index":"index","follow":"follow","max-snippet":"max-snippet:-1","max-image-preview":"max-image-preview:large","max-video-preview":"max-video-preview:-1"},"canonical":"https:\/\/www.collegesinstitutes.ca\/fr\/colleges-instituts-communaute\/","og_locale":"fr_FR","og_type":"article","og_title":"Les coll\u00e8ges et instituts au service de votre communaut\u00e9 - Colleges and Institutes Canada","og_description":"Le r\u00e9seau des coll\u00e8ges et instituts canadien forme des \u00e9tudiants dans des communaut\u00e9s urbaines, rurales et \u00e9loign\u00e9es de partout au Canada gr\u00e2ce \u00e0 plus de 670 emplacements \u00e0 travers le...","og_url":"https:\/\/www.collegesinstitutes.ca\/fr\/colleges-instituts-communaute\/","og_site_name":"Colleges and Institutes Canada","article_modified_time":"2025-06-18T12:16:48+00:00","og_image":[{"width":1200,"height":628,"url":"https:\/\/www.collegesinstitutes.ca\/wp-content\/uploads\/2023\/01\/header-img-collegesandinstitutes.jpg","type":"image\/jpeg"}],"twitter_card":"summary_large_image","twitter_misc":{"Est. reading time":"2 minutes"},"schema":{"@context":"https:\/\/schema.org","@graph":[{"@type":"WebPage","@id":"https:\/\/www.collegesinstitutes.ca\/fr\/colleges-instituts-communaute\/","url":"https:\/\/www.collegesinstitutes.ca\/fr\/colleges-instituts-communaute\/","name":"Les coll\u00e8ges et instituts au service de votre communaut\u00e9 - Colleges and Institutes Canada","isPartOf":{"@id":"https:\/\/www.collegesinstitutes.ca\/fr\/#website"},"primaryImageOfPage":{"@id":"https:\/\/www.collegesinstitutes.ca\/fr\/colleges-instituts-communaute\/#primaryimage"},"image":{"@id":"https:\/\/www.collegesinstitutes.ca\/fr\/colleges-instituts-communaute\/#primaryimage"},"thumbnailUrl":"https:\/\/www.collegesinstitutes.ca\/wp-content\/uploads\/2023\/01\/header-img-collegesandinstitutes.jpg","datePublished":"2022-10-17T16:49:57+00:00","dateModified":"2025-06-18T12:16:48+00:00","breadcrumb":{"@id":"https:\/\/www.collegesinstitutes.ca\/fr\/colleges-instituts-communaute\/#breadcrumb"},"inLanguage":"fr-FR","potentialAction":[{"@type":"ReadAction","target":["https:\/\/www.collegesinstitutes.ca\/fr\/colleges-instituts-communaute\/"]}]},{"@type":"ImageObject","inLanguage":"fr-FR","@id":"https:\/\/www.collegesinstitutes.ca\/fr\/colleges-instituts-communaute\/#primaryimage","url":"https:\/\/www.collegesinstitutes.ca\/wp-content\/uploads\/2023\/01\/header-img-collegesandinstitutes.jpg","contentUrl":"https:\/\/www.collegesinstitutes.ca\/wp-content\/uploads\/2023\/01\/header-img-collegesandinstitutes.jpg","width":1200,"height":628},{"@type":"BreadcrumbList","@id":"https:\/\/www.collegesinstitutes.ca\/fr\/colleges-instituts-communaute\/#breadcrumb","itemListElement":[{"@type":"ListItem","position":1,"name":"Home","item":"https:\/\/www.collegesinstitutes.ca\/fr\/"},{"@type":"ListItem","position":2,"name":"Les coll\u00e8ges et instituts au service de votre communaut\u00e9"}]},{"@type":"WebSite","@id":"https:\/\/www.collegesinstitutes.ca\/fr\/#website","url":"https:\/\/www.collegesinstitutes.ca\/fr\/","name":"Colleges and Institutes Canada","description":"The Voice of Canada&#039;s Colleges &amp; Institutes","publisher":{"@id":"https:\/\/www.collegesinstitutes.ca\/fr\/#organization"},"potentialAction":[{"@type":"SearchAction","target":{"@type":"EntryPoint","urlTemplate":"https:\/\/www.collegesinstitutes.ca\/fr\/?s={search_term_string}"},"query-input":{"@type":"PropertyValueSpecification","valueRequired":true,"valueName":"search_term_string"}}],"inLanguage":"fr-FR"},{"@type":"Organization","@id":"https:\/\/www.collegesinstitutes.ca\/fr\/#organization","name":"Colleges and Institutes Canada","url":"https:\/\/www.collegesinstitutes.ca\/fr\/","logo":{"@type":"ImageObject","inLanguage":"fr-FR","@id":"https:\/\/www.collegesinstitutes.ca\/fr\/#\/schema\/logo\/image\/","url":"https:\/\/www.collegesinstitutes.ca\/wp-content\/uploads\/2025\/06\/logo-en.png","contentUrl":"https:\/\/www.collegesinstitutes.ca\/wp-content\/uploads\/2025\/06\/logo-en.png","width":794,"height":280,"caption":"Colleges and Institutes Canada"},"image":{"@id":"https:\/\/www.collegesinstitutes.ca\/fr\/#\/schema\/logo\/image\/"}}]}},"_links":{"self":[{"href":"https:\/\/www.collegesinstitutes.ca\/fr\/wp-json\/wp\/v2\/pages\/10588","targetHints":{"allow":["GET"]}}],"collection":[{"href":"https:\/\/www.collegesinstitutes.ca\/fr\/wp-json\/wp\/v2\/pages"}],"about":[{"href":"https:\/\/www.collegesinstitutes.ca\/fr\/wp-json\/wp\/v2\/types\/page"}],"author":[{"embeddable":true,"href":"https:\/\/www.collegesinstitutes.ca\/fr\/wp-json\/wp\/v2\/users\/1"}],"replies":[{"embeddable":true,"href":"https:\/\/www.collegesinstitutes.ca\/fr\/wp-json\/wp\/v2\/comments?post=10588"}],"version-history":[{"count":0,"href":"https:\/\/www.collegesinstitutes.ca\/fr\/wp-json\/wp\/v2\/pages\/10588\/revisions"}],"wp:featuredmedia":[{"embeddable":true,"href":"https:\/\/www.collegesinstitutes.ca\/fr\/wp-json\/wp\/v2\/media\/11185"}],"wp:attachment":[{"href":"https:\/\/www.collegesinstitutes.ca\/fr\/wp-json\/wp\/v2\/media?parent=10588"}],"wp:term":[{"taxonomy":"category","embeddable":true,"href":"https:\/\/www.collegesinstitutes.ca\/fr\/wp-json\/wp\/v2\/categories?post=10588"},{"taxonomy":"post_tag","embeddable":true,"href":"https:\/\/www.collegesinstitutes.ca\/fr\/wp-json\/wp\/v2\/tags?post=10588"}],"curies":[{"name":"wp","href":"https:\/\/api.w.org\/{rel}","templated":true}]}}